{"id":10238,"date":"2025-08-01T11:38:29","date_gmt":"2025-08-01T15:38:29","guid":{"rendered":"https:\/\/www.humbertoinjurylaw.com\/norcross\/"},"modified":"2026-03-03T12:20:00","modified_gmt":"2026-03-03T17:20:00","slug":"norcross","status":"publish","type":"page","link":"https:\/\/www.humbertoinjurylaw.com\/es\/norcross\/","title":{"rendered":"Norcross"},"content":{"rendered":"<p>Cuando usted se lesiona debido a la negligencia de otra persona, elegir al abogado de lesiones personales correcto puede marcar toda la diferencia. <a href=\"\/\" target=\"_blank\" rel=\"noopener\">Las Oficinas Legales de Humberto Izquierdo, Jr., PC<\/a> es la mejor opci\u00f3n para los residentes de Norcross, Georgia, que buscan una representaci\u00f3n legal compasiva, experimentada y orientada a resultados.<\/p>\n<p>Dirigido por el abogado Humberto Izquierdo, Jr., el bufete aporta una perspectiva \u00fanica a los casos de lesiones personales. Como ex abogado de defensa de seguros, el Sr. Izquierdo sabe exactamente c\u00f3mo operan las compa\u00f1\u00edas de seguros\u2014y c\u00f3mo combatirlas. \u00c9l utiliza este conocimiento interno para construir casos s\u00f3lidos que protegen los derechos de sus clientes y maximizan la compensaci\u00f3n.  <\/p>\n<p>Los clientes elogian constantemente al bufete por su atenci\u00f3n personalizada y profesionalismo. Cada caso se maneja con cuidado, y los clientes se mantienen informados y apoyados durante todo el proceso legal. Con personal biling\u00fce y abogados que hablan espa\u00f1ol, el bufete garantiza que el idioma nunca sea una barrera para la justicia.  <\/p>\n<p>Ya sea que enfrente un accidente de auto, una lesi\u00f3n en el lugar de trabajo, negligencia m\u00e9dica o una reclamaci\u00f3n por muerte injusta, este bufete tiene la experiencia y dedicaci\u00f3n para guiarle en todo momento. Han recuperado millones para v\u00edctimas de lesiones en todo Georgia y son conocidos por sus habilidades estrat\u00e9gicas de negociaci\u00f3n y disposici\u00f3n para ir a juicio cuando sea necesario. <\/p>\n<p>Es importante destacar que el bufete opera en base a honorarios por contingencia, lo que significa que usted no paga a menos que ganen su caso. Tambi\u00e9n ofrecen consultas gratuitas, brind\u00e1ndole la oportunidad de analizar sus opciones sin presi\u00f3n ni costos iniciales. <\/p>\n<p>Para una representaci\u00f3n confiable y agresiva que pone sus necesidades primero, <a href=\"https:\/\/www.humbertoinjurylaw.com\/es\/sobre-nosotros\/\">las Oficinas Legales de Humberto Izquierdo, Jr., PC <\/a>es la opci\u00f3n correcta en Norcross.<\/p>\n","protected":false},"excerpt":{"rendered":"<p>Cuando usted se lesiona debido a la negligencia de otra persona, elegir al abogado de lesiones personales correcto puede marcar toda la diferencia. Las Oficinas Legales de Humberto Izquierdo, Jr., PC es la mejor opci\u00f3n para los residentes de Norcross, Georgia, que buscan una representaci\u00f3n legal compasiva, experimentada y orientada a resultados. Dirigido por el [&hellip;]<\/p>\n","protected":false},"author":22,"featured_media":5893,"parent":0,"menu_order":0,"comment_status":"closed","ping_status":"closed","template":"","meta":{"_acf_changed":false,"anchor_text":"","footnotes":""},"class_list":["post-10238","page","type-page","status-publish","has-post-thumbnail","hentry"],"acf":[],"_links":{"self":[{"href":"https:\/\/www.humbertoinjurylaw.com\/es\/wp-json\/wp\/v2\/pages\/10238","targetHints":{"allow":["GET"]}}],"collection":[{"href":"https:\/\/www.humbertoinjurylaw.com\/es\/wp-json\/wp\/v2\/pages"}],"about":[{"href":"https:\/\/www.humbertoinjurylaw.com\/es\/wp-json\/wp\/v2\/types\/page"}],"author":[{"embeddable":true,"href":"https:\/\/www.humbertoinjurylaw.com\/es\/wp-json\/wp\/v2\/users\/22"}],"replies":[{"embeddable":true,"href":"https:\/\/www.humbertoinjurylaw.com\/es\/wp-json\/wp\/v2\/comments?post=10238"}],"version-history":[{"count":1,"href":"https:\/\/www.humbertoinjurylaw.com\/es\/wp-json\/wp\/v2\/pages\/10238\/revisions"}],"predecessor-version":[{"id":10239,"href":"https:\/\/www.humbertoinjurylaw.com\/es\/wp-json\/wp\/v2\/pages\/10238\/revisions\/10239"}],"wp:featuredmedia":[{"embeddable":true,"href":"https:\/\/www.humbertoinjurylaw.com\/es\/wp-json\/wp\/v2\/media\/5893"}],"wp:attachment":[{"href":"https:\/\/www.humbertoinjurylaw.com\/es\/wp-json\/wp\/v2\/media?parent=10238"}],"curies":[{"name":"wp","href":"https:\/\/api.w.org\/{rel}","templated":true}]}}