{"id":10243,"date":"2025-09-02T09:42:26","date_gmt":"2025-09-02T13:42:26","guid":{"rendered":"https:\/\/www.humbertoinjurylaw.com\/marietta\/"},"modified":"2025-09-02T09:42:26","modified_gmt":"2025-09-02T13:42:26","slug":"marietta","status":"publish","type":"page","link":"https:\/\/www.humbertoinjurylaw.com\/es\/marietta\/","title":{"rendered":"Marietta"},"content":{"rendered":"<p>En las Oficinas Legales de Humberto Izquierdo, Jr., PC, estamos dedicados a ayudar a las personas en Marietta que han sido heridos en accidentes de trabajo u otros asuntos de lesiones personales perseguir la plena indemnizaci\u00f3n que se merecen.<\/p>\n<p>Como tu bufete de abogados de lesiones personales en Marietta, proporcionamos a cada cliente una atenci\u00f3n personalizada, asegur\u00e1ndonos de que recibas la orientaci\u00f3n, la defensa y el apoyo necesarios durante todo el proceso legal.<\/p>\n<p>Creemos que el idioma nunca debe ser una barrera para la justicia. Nuestro personal biling\u00fce hispanohablante se comunica directamente con los clientes, eliminando la necesidad de traductores externos y garantizando que tu historia se escuche siempre con claridad. <\/p>\n<p>Si t\u00fa o un ser querido hab\u00e9is sufrido lesiones en el trabajo o debido a la negligencia de otra persona, es posible que os enfrent\u00e9is al dolor, la tensi\u00f3n econ\u00f3mica y la incertidumbre sobre el futuro. Nuestros experimentados abogados comprenden estos retos y estar\u00e1n a tu lado en cada paso del camino. <\/p>\n<p>Nuestra misi\u00f3n va m\u00e1s all\u00e1 de conseguir una indemnizaci\u00f3n: tambi\u00e9n nos esforzamos por dotar a los clientes de los conocimientos y la confianza necesarios para tomar decisiones informadas sobre su caso. Aunque proporcionamos orientaci\u00f3n jur\u00eddica cualificada y recomendaciones estrat\u00e9gicas, creemos que siempre debes tener el control sobre la direcci\u00f3n de tu reclamaci\u00f3n. <\/p>\n<p>Orgullosamente al servicio de Marietta, Georgia, las <a href=\"https:\/\/www.humbertoinjurylaw.com\/es\/sobre-nosotros\/\">Oficinas Legales de Humberto Izquierdo, Jr., PC<\/a>, se compromete a ofrecer compasiva, decidida y h\u00e1bil representaci\u00f3n legal. Estamos aqu\u00ed para proteger sus derechos, luchar por sus mejores intereses, y trabajar incansablemente para lograr el resultado m\u00e1s favorable para su situaci\u00f3n. <\/p>\n<div style=\"display: none;\" aria-hidden=\"true\" data-nosnippet=\" \">\n<h2>Marietta Abogados de Lesiones Personales y Compensaci\u00f3n Laboral<\/h2>\n<p>En Las Oficinas Legales de Humberto Izquierdo, Jr., PC, estamos orgullosos de servir a los residentes de Marietta y el Condado de Cobb, incluyendo East Cobb, West Cobb, Kennesaw, Smyrna, Powder Springs, y Vinings. Tanto si te has lesionado en un accidente de coche en la I-75 o en Cobb Parkway, como si te has hecho da\u00f1o en el trabajo cerca de Lockheed Martin o del hospital Wellstar Kennestone, o te has visto perjudicado por una negligencia m\u00e9dica, nuestro equipo de abogados expertos est\u00e1 aqu\u00ed para proteger tus derechos. <\/p>\n<p>Nuestro objetivo es sencillo: proporcionar una representaci\u00f3n compasiva y orientada a los resultados que te ayude a recuperar la indemnizaci\u00f3n que mereces por facturas m\u00e9dicas, salarios perdidos, dolor y sufrimiento, y da\u00f1os a largo plazo.<\/p>\n<p>Indemnizaci\u00f3n laboral en Marietta, GA<\/p>\n<p>Las lesiones laborales ocurren todos los d\u00edas en el condado de Cobb, desde las obras de construcci\u00f3n hasta los edificios de oficinas. Si has sufrido una lesi\u00f3n en el trabajo, necesitas un abogado de indemnizaci\u00f3n por accidente de trabajo en Marietta que conozca el sistema de indemnizaci\u00f3n por accidente de trabajo de Georgia y luche para garantizar tus prestaciones. <\/p>\n<p>We help clients with:<\/p>\n<p>Presentar correctamente y a tiempo las solicitudes iniciales de indemnizaci\u00f3n por accidente laboral<\/p>\n<p>Impugnaci\u00f3n de solicitudes de indemnizaci\u00f3n por accidente laboral denegadas<\/p>\n<p>Tramitaci\u00f3n de recursos ante la Junta Estatal de Indemnizaci\u00f3n por Accidentes de Trabajo de Georgia<\/p>\n<p>Protecting against employer retaliation after filing a claim<\/p>\n<p>Securing benefits for medical treatment, wage replacement, and rehabilitation<\/p>\n<p>Many of our clients work for major local employers such as Dobbins Air Reserve Base, Wellstar Kennestone Hospital, Marietta City Schools, and Lockheed Martin, where job-related accidents are common. If your claim has been delayed or denied, or if you\u2019ve been harassed for exercising your rights, call our firm today for help. <\/p>\n<p>Abogados de accidentes de tr\u00e1fico en Marietta, GA<\/p>\n<p>Por desgracia, los accidentes de tr\u00e1fico son frecuentes en nuestra comunidad. Carreteras muy transitadas como Roswell Road, Barrett Parkway, la autopista 120 y los cruces cercanos a Marietta Square son lugares frecuentes de colisiones graves. <\/p>\n<p>Nuestros abogados de accidentes de tr\u00e1fico en Marietta investigan los accidentes causados por distracciones al volante, exceso de velocidad o conducci\u00f3n bajo los efectos del alcohol. Negociamos agresivamente con las compa\u00f1\u00edas de seguros y, si es necesario, llevamos tu caso a juicio. Trabajamos para recuperar los da\u00f1os por:  <\/p>\n<p>Medical expenses<\/p>\n<p>Salarios perdidos y capacidad de ganancia futura<\/p>\n<p>Reparaci\u00f3n de veh\u00edculos<\/p>\n<p>Angustia emocional y da\u00f1o moral<\/p>\n<p>Si buscas un \u00ababogado de accidentes de tr\u00e1fico cerca de m\u00ed en Marietta\u00bb, estamos dispuestos a luchar por ti.<\/p>\n<p>Abogados de accidentes de camiones: I-75 y Condado de Cobb<\/p>\n<p>Las autopistas que rodean Marietta -la I-75, la I-285 y la 41- son muy transitadas por cabezas tractoras y camiones comerciales. Las colisiones con estos enormes veh\u00edculos suelen provocar lesiones catastr\u00f3ficas. <\/p>\n<p>Nuestros abogados de accidentes de cami\u00f3n en Marietta comprenden la normativa federal sobre camiones y la complejidad de demostrar la responsabilidad. Hacemos responsables a los conductores negligentes, a las empresas de transporte y a las aseguradoras, asegur\u00e1ndonos de que las v\u00edctimas reciban la m\u00e1xima indemnizaci\u00f3n. <\/p>\n<p>Si t\u00fa o un ser querido hab\u00e9is resultado heridos en un accidente de semirremolque en el condado de Cobb, no te enfrentes solo a las compa\u00f1\u00edas de camiones: estamos aqu\u00ed para ayudarte.<\/p>\n<p>Abogados de accidentes de moto en el condado de Cobb<\/p>\n<p>Los motoristas son especialmente vulnerables en las concurridas carreteras de Marietta. Incluso un accidente leve puede causar lesiones que alteren tu vida. <\/p>\n<p>Nuestros abogados de accidentes de moto trabajan con expertos en reconstrucci\u00f3n de accidentes, re\u00fanen pruebas y desaf\u00edan a las compa\u00f1\u00edas de seguros que intentan minimizar las reclamaciones. Luchamos por una indemnizaci\u00f3n que cubra la atenci\u00f3n m\u00e9dica, la rehabilitaci\u00f3n, la p\u00e9rdida de ingresos y los da\u00f1os a largo plazo. <\/p>\n<p>Abogados de accidentes de transporte compartido: Uber y Lyft<\/p>\n<p>Los accidentes en los que est\u00e1n implicados Uber y Lyft pueden ser complejos porque pueden aplicarse m\u00faltiples p\u00f3lizas de seguro. Tanto si tu accidente ocurri\u00f3 en el centro de Marietta Square, como a lo largo de Cobb Parkway o en Roswell Road, nuestros abogados especializados en accidentes con veh\u00edculos compartidos en Marietta determinan la responsabilidad y luchan por tu derecho a una indemnizaci\u00f3n. <\/p>\n<p>Abogados de resbalones y ca\u00eddas en Marietta<\/p>\n<p>Los accidentes por resbalones y ca\u00eddas pueden ocurrir en cualquier parte: en tiendas de comestibles de Roswell Road, restaurantes cerca de Marietta Square o aceras de barrios como East Cobb. Los propietarios son responsables de mantener unas instalaciones seguras, y cuando no lo hacen, les exigimos responsabilidades. <\/p>\n<p>Nuestros abogados especializados en resbalones y ca\u00eddas de Marietta reclaman indemnizaciones por lesiones causadas por condiciones peligrosas, como suelos mojados, escaleras rotas o mala iluminaci\u00f3n.<\/p>\n<p>Abogados especialistas en negligencias m\u00e9dicas cerca de Wellstar Kennestone<\/p>\n<p>Los errores m\u00e9dicos pueden tener efectos devastadores para los pacientes y sus familias. Con el Hospital Wellstar Kennestone y muchas cl\u00ednicas al servicio del condado de Cobb, los residentes conf\u00edan en los profesionales m\u00e9dicos todos los d\u00edas, pero los errores ocurren. <\/p>\n<p>Representamos a v\u00edctimas de:<\/p>\n<p>Diagn\u00f3stico err\u00f3neo y retraso en el diagn\u00f3stico<\/p>\n<p>Surgical errors<\/p>\n<p>Birth injuries<\/p>\n<p>Errores de medicaci\u00f3n<\/p>\n<p>Si te has visto perjudicado por una negligencia sanitaria, nuestros abogados especializados en negligencias m\u00e9dicas de Marietta exigir\u00e1n responsabilidades a los proveedores.<\/p>\n<p>Abogados de abuso en residencias de ancianos en Marietta<\/p>\n<p>Las familias depositan su confianza en las residencias de ancianos para que cuiden de sus seres queridos. Lamentablemente, en todo el condado de Cobb siguen produci\u00e9ndose negligencias en residencias de ancianos y malos tratos a ancianos. <\/p>\n<p>Nuestros abogados especializados en abusos en residencias de ancianos de Marietta defienden a los ancianos que han sufrido lesiones, negligencia o malos tratos. Luchamos para proteger su dignidad y recuperar da\u00f1os y perjuicios por dolor, sufrimiento y gastos m\u00e9dicos. <\/p>\n<p>Responsabilidad por productos defectuosos<\/p>\n<p>Los productos defectuosos -desde electrodom\u00e9sticos a equipos industriales- pueden causar lesiones graves. Nuestros abogados de responsabilidad por productos defectuosos de Marietta responsabilizan a fabricantes, distribuidores y minoristas cuando productos inseguros da\u00f1an a los consumidores. <\/p>\n<p>Abogados de homicidio culposo en el condado de Cobb<\/p>\n<p>La p\u00e9rdida de un ser querido por negligencia es devastadora. Nuestros abogados especializados en homicidio culposo en Marietta ofrecen una representaci\u00f3n compasiva a las familias, ayud\u00e1ndolas a recuperar la compensaci\u00f3n econ\u00f3mica por los gastos funerarios, la p\u00e9rdida de ingresos y el sufrimiento emocional. <\/p>\n<p>Acompa\u00f1amos a las familias en su b\u00fasqueda de justicia y responsabilidad tras accidentes mortales, ya sean causados por accidentes de tr\u00e1fico, lesiones laborales o errores m\u00e9dicos.<\/p>\n<p>\u00bfPor qu\u00e9 elegirnos?<\/p>\n<p>Resultados probados: Millones recuperados en veredictos y acuerdos<\/p>\n<p>Conocimientos locales: Familiarizado con los tribunales, aseguradoras y empleadores de Marietta<\/p>\n<p>Representaci\u00f3n compasiva: Tratamos a cada cliente con dignidad y respeto<\/p>\n<p>Servicios jur\u00eddicos integrales: Desde indemnizaciones laborales hasta casos de lesiones catastr\u00f3ficas, lo cubrimos todo<\/p>\n<p>Al servicio de Marietta y comunidades vecinas<\/p>\n<p>Representamos con orgullo a clientes de Marietta, East Cobb, West Cobb, Smyrna, Kennesaw, Powder Springs, Vinings y Fair Oaks. Si te has lesionado en Cobb Parkway, has sufrido un accidente laboral cerca de Lockheed Martin o has sufrido un resbal\u00f3n y ca\u00edda en Marietta Square, nuestro equipo est\u00e1 preparado para ayudarte. <\/p>\n<p>Contacta hoy con un abogado de lesiones personales de Marietta<\/p>\n<p>Si has estado buscando al mejor abogado de lesiones personales en Marietta GA, o necesitas ayuda con una reclamaci\u00f3n de indemnizaci\u00f3n laboral en el condado de Cobb, ponte en contacto hoy mismo con Las Oficinas Legales de Humberto Izquierdo, Jr.<\/p>\n<\/div>\n","protected":false},"excerpt":{"rendered":"<p>En las Oficinas Legales de Humberto Izquierdo, Jr., PC, estamos dedicados a ayudar a las personas en Marietta que han sido heridos en accidentes de trabajo u otros asuntos de lesiones personales perseguir la plena indemnizaci\u00f3n que se merecen. Como tu bufete de abogados de lesiones personales en Marietta, proporcionamos a cada cliente una atenci\u00f3n [&hellip;]<\/p>\n","protected":false},"author":22,"featured_media":7298,"parent":0,"menu_order":0,"comment_status":"closed","ping_status":"closed","template":"","meta":{"_acf_changed":false,"anchor_text":"","footnotes":""},"class_list":["post-10243","page","type-page","status-publish","has-post-thumbnail","hentry"],"acf":[],"_links":{"self":[{"href":"https:\/\/www.humbertoinjurylaw.com\/es\/wp-json\/wp\/v2\/pages\/10243","targetHints":{"allow":["GET"]}}],"collection":[{"href":"https:\/\/www.humbertoinjurylaw.com\/es\/wp-json\/wp\/v2\/pages"}],"about":[{"href":"https:\/\/www.humbertoinjurylaw.com\/es\/wp-json\/wp\/v2\/types\/page"}],"author":[{"embeddable":true,"href":"https:\/\/www.humbertoinjurylaw.com\/es\/wp-json\/wp\/v2\/users\/22"}],"replies":[{"embeddable":true,"href":"https:\/\/www.humbertoinjurylaw.com\/es\/wp-json\/wp\/v2\/comments?post=10243"}],"version-history":[{"count":0,"href":"https:\/\/www.humbertoinjurylaw.com\/es\/wp-json\/wp\/v2\/pages\/10243\/revisions"}],"wp:featuredmedia":[{"embeddable":true,"href":"https:\/\/www.humbertoinjurylaw.com\/es\/wp-json\/wp\/v2\/media\/7298"}],"wp:attachment":[{"href":"https:\/\/www.humbertoinjurylaw.com\/es\/wp-json\/wp\/v2\/media?parent=10243"}],"curies":[{"name":"wp","href":"https:\/\/api.w.org\/{rel}","templated":true}]}}