{"id":10248,"date":"2025-12-09T09:03:34","date_gmt":"2025-12-09T14:03:34","guid":{"rendered":"https:\/\/www.humbertoinjurylaw.com\/atlanta\/"},"modified":"2025-12-09T09:03:34","modified_gmt":"2025-12-09T14:03:34","slug":"atlanta","status":"publish","type":"page","link":"https:\/\/www.humbertoinjurylaw.com\/es\/atlanta\/","title":{"rendered":"Atlanta"},"content":{"rendered":"<p>En las Oficinas Legales de Humberto Izquierdo, Jr., PC, estamos orgullosos de ser su bufete de abogados dedicado a lesiones personales en Atlanta. Nuestro equipo est\u00e1 comprometido a ayudar a las personas lesionadas en accidentes de trabajo o perjudicados por la negligencia de otro asegurar la compensaci\u00f3n m\u00e1xima que se merecen. Cada caso recibe toda nuestra atenci\u00f3n, asegurando que usted obtenga la orientaci\u00f3n personalizada y la defensa fuerte necesaria durante un momento dif\u00edcil.  <\/p>\n<p>Creemos que la justicia debe ser accesible para todos, sin importar su idioma. Nuestro personal biling\u00fce de habla hispana se comunica directamente con los clientes, eliminando la necesidad de int\u00e9rpretes externos y haciendo que el proceso legal sea m\u00e1s claro y c\u00f3modo. <\/p>\n<p>Si usted o un ser querido ha sufrido una lesi\u00f3n en el trabajo o debido a las acciones descuidadas de otra persona, es posible que est\u00e9 lidiando con el dolor, la incertidumbre y el aumento de los gastos. Entendemos por lo que est\u00e1 pasando y estamos aqu\u00ed para apoyarle en cada paso del camino. <\/p>\n<p>M\u00e1s all\u00e1 de luchar por la justicia y una indemnizaci\u00f3n justa, dotamos a nuestros clientes de los conocimientos necesarios para tomar decisiones informadas sobre sus casos. Aunque ofrecemos orientaci\u00f3n y recomendaciones legales experimentadas, siempre respetamos que la decisi\u00f3n final le corresponde a usted. <\/p>\n<p>Cuando necesite apoyo compasivo y una fuerte representaci\u00f3n legal, las <a href=\"https:\/\/www.humbertoinjurylaw.com\/es\/sobre-nosotros\/\">Oficinas Legales de Humberto Izquierdo, Jr., PC<\/a> est\u00e1 aqu\u00ed para estar a su lado y luchar por el resultado que se merece.<\/p>\n","protected":false},"excerpt":{"rendered":"<p>En las Oficinas Legales de Humberto Izquierdo, Jr., PC, estamos orgullosos de ser su bufete de abogados dedicado a lesiones personales en Atlanta. Nuestro equipo est\u00e1 comprometido a ayudar a las personas lesionadas en accidentes de trabajo o perjudicados por la negligencia de otro asegurar la compensaci\u00f3n m\u00e1xima que se merecen. Cada caso recibe toda [&hellip;]<\/p>\n","protected":false},"author":22,"featured_media":10247,"parent":0,"menu_order":0,"comment_status":"closed","ping_status":"closed","template":"","meta":{"_acf_changed":false,"anchor_text":"","footnotes":""},"class_list":["post-10248","page","type-page","status-publish","has-post-thumbnail","hentry"],"acf":[],"_links":{"self":[{"href":"https:\/\/www.humbertoinjurylaw.com\/es\/wp-json\/wp\/v2\/pages\/10248","targetHints":{"allow":["GET"]}}],"collection":[{"href":"https:\/\/www.humbertoinjurylaw.com\/es\/wp-json\/wp\/v2\/pages"}],"about":[{"href":"https:\/\/www.humbertoinjurylaw.com\/es\/wp-json\/wp\/v2\/types\/page"}],"author":[{"embeddable":true,"href":"https:\/\/www.humbertoinjurylaw.com\/es\/wp-json\/wp\/v2\/users\/22"}],"replies":[{"embeddable":true,"href":"https:\/\/www.humbertoinjurylaw.com\/es\/wp-json\/wp\/v2\/comments?post=10248"}],"version-history":[{"count":0,"href":"https:\/\/www.humbertoinjurylaw.com\/es\/wp-json\/wp\/v2\/pages\/10248\/revisions"}],"wp:featuredmedia":[{"embeddable":true,"href":"https:\/\/www.humbertoinjurylaw.com\/es\/wp-json\/wp\/v2\/media\/10247"}],"wp:attachment":[{"href":"https:\/\/www.humbertoinjurylaw.com\/es\/wp-json\/wp\/v2\/media?parent=10248"}],"curies":[{"name":"wp","href":"https:\/\/api.w.org\/{rel}","templated":true}]}}