{"id":10252,"date":"2025-08-11T09:18:22","date_gmt":"2025-08-11T13:18:22","guid":{"rendered":"https:\/\/www.humbertoinjurylaw.com\/hapeville\/"},"modified":"2026-03-04T10:31:24","modified_gmt":"2026-03-04T15:31:24","slug":"hapeville","status":"publish","type":"page","link":"https:\/\/www.humbertoinjurylaw.com\/es\/hapeville\/","title":{"rendered":"Hapeville"},"content":{"rendered":"<p>En las Oficinas Legales de Humberto Izquierdo, Jr., PC, estamos comprometidos a ayudar a las personas en Hapeville que han sido heridos en accidentes de trabajo u otros incidentes de lesiones personales a recuperar la compensaci\u00f3n total que se merecen. Como su bufete de abogados de lesiones personales Hapeville, nos enorgullecemos de ofrecer una atenci\u00f3n personalizada a cada cliente, asegurando que reciban la orientaci\u00f3n, el apoyo y la defensa que necesitan durante todo el proceso legal. <\/p>\n<p>Creemos que el idioma nunca debe interponerse en el camino de la justicia. Nuestro personal biling\u00fce hispanohablante puede comunicarse directamente con los clientes, eliminando la necesidad de un traductor externo y garantizando que nada se pierda en la traducci\u00f3n. Si usted o un ser querido se ha lesionado en el trabajo o debido a la negligencia de otra persona, es posible que se enfrente a la incertidumbre, el dolor y el estr\u00e9s financiero. Nuestros experimentados abogados comprenden estos retos y est\u00e1n aqu\u00ed para acompa\u00f1arle en cada paso del camino.   <\/p>\n<p>Nuestra misi\u00f3n va m\u00e1s all\u00e1 de garantizar la justicia y la m\u00e1xima indemnizaci\u00f3n: nos esforzamos por dotar a nuestros clientes de los conocimientos que necesitan para tomar decisiones seguras e informadas. Si bien proporcionamos asesoramiento jur\u00eddico cualificado y recomendaciones, creemos que la direcci\u00f3n definitiva de su caso debe estar siempre en sus manos. <\/p>\n<p>Orgullosamente sirviendo a Hapeville, Georgia, las <a href=\"https:\/\/www.humbertoinjurylaw.com\/es\/sobre-nosotros\/\">Oficinas Legales de Humberto Izquierdo, Jr., PC<\/a>, est\u00e1 listo para proporcionar la representaci\u00f3n compasiva, dedicada y h\u00e1bil cuando m\u00e1s lo necesita. Estamos aqu\u00ed para luchar por sus derechos, proteger sus intereses, y guiarlo hacia el mejor resultado posible. <\/p>\n<div style=\"display: none;\" aria-hidden=\"true\" data-nosnippit=\" \">\n<h2>Bufete de Abogados de Compensaci\u00f3n Laboral y Lesiones Personales en Hapeville, GA: Abogando por sus Derechos<\/h2>\n<p>En las Oficinas Legales de Humberto Izquierdo, Jr., PC, estamos dedicados a servir a los residentes de Hapeville, East Point, College Park, y las \u00e1reas circundantes en el condado de Fulton, Georgia. Si usted ha sufrido una lesi\u00f3n en el lugar de trabajo, ha estado involucrado en un accidente de coche, o experimentado otra forma de lesiones personales, nuestros abogados experimentados est\u00e1n aqu\u00ed para ayudarle a navegar el proceso legal y asegurar la compensaci\u00f3n que se merece. <\/p>\n<p>Nuestro equipo se centra en reclamaciones de indemnizaci\u00f3n laboral y casos de lesiones personales, ofreciendo un apoyo legal compasivo y una representaci\u00f3n agresiva para garantizar que sus derechos est\u00e9n protegidos. Con a\u00f1os de experiencia ayudando a los residentes en Hapeville y el \u00e1rea metropolitana de Atlanta, entendemos la comunidad local, las industrias y los desaf\u00edos que enfrentan nuestros clientes. Estamos comprometidos a proporcionar servicios legales de alta calidad adaptados a sus necesidades espec\u00edficas.  <\/p>\n<p>Comprender la indemnizaci\u00f3n laboral en Hapeville, GA<br \/>\nEn Hapeville, como en el resto de Georgia, la indemnizaci\u00f3n laboral est\u00e1 dise\u00f1ada para proporcionar prestaciones a los empleados que se lesionan en el trabajo. Este sistema garantiza que los trabajadores reciban una compensaci\u00f3n por los gastos m\u00e9dicos, los salarios perdidos y los costes de rehabilitaci\u00f3n derivados de una lesi\u00f3n o enfermedad laboral. <\/p>\n<p>Muchas industrias de Hapeville y sus alrededores, como el transporte, la fabricaci\u00f3n y la construcci\u00f3n, son conocidas por sus altos \u00edndices de accidentes laborales. Dada la proximidad de Hapeville a los principales centros de transporte, incluido el Aeropuerto Internacional Hartsfield-Jackson de Atlanta y varios centros industriales clave, las lesiones en el lugar de trabajo son algo habitual. Tanto si est\u00e1 empleado en una de las plantas de fabricaci\u00f3n locales de Main Street, como si trabaja como contratista en Cofield Park o en las bulliciosas industrias de servicios a lo largo de Central Avenue, merece el apoyo de un abogado con experiencia para asegurarse de que recibe las prestaciones a las que tiene derecho en virtud de las leyes de indemnizaci\u00f3n de los trabajadores de Georgia.  <\/p>\n<p>En las Oficinas Legales de Humberto Izquierdo, Jr., PC, proveemos representaci\u00f3n legal para:<\/p>\n<p>Lesiones laborales relacionadas con maquinaria pesada, accidentes y resbalones y ca\u00eddas<\/p>\n<p>Lesiones por movimientos repetitivos, como el s\u00edndrome del t\u00fanel carpiano, comunes en entornos de oficina o f\u00e1brica<\/p>\n<p>Accidentes en obras de construcci\u00f3n en Hapeville y East Point y sus alrededores<\/p>\n<p>Enfermedades profesionales causadas por la exposici\u00f3n a sustancias peligrosas<\/p>\n<p>Reclamaciones de indemnizaci\u00f3n por accidente de trabajo denegadas o retrasadas, en las que luchamos para que se restablezcan sus prestaciones<\/p>\n<p>Las leyes de indemnizaci\u00f3n por accidente de trabajo de Georgia pueden ser complejas, y navegar por el proceso de reclamaci\u00f3n sin el apoyo legal adecuado suele dar lugar a retrasos o denegaciones. Nuestro equipo de abogados expertos se asegurar\u00e1 de que su reclamaci\u00f3n se presente correctamente y a tiempo. Tambi\u00e9n podemos ayudarle a apelar las reclamaciones denegadas y a gestionar las disputas sobre la cuant\u00eda de la indemnizaci\u00f3n a la que tiene derecho.  <\/p>\n<p>Principales empleadores e industrias de Hapeville con riesgo de siniestros laborales<br \/>\nLa zona de Hapeville, por su proximidad al aeropuerto de Atlanta y a varios centros industriales, cuenta con varios empleadores importantes propensos a sufrir siniestros laborales. Estas industrias incluyen: <\/p>\n<p>Transporte y log\u00edstica: Al ser Hartsfield-Jackson uno de los aeropuertos m\u00e1s transitados del mundo, muchos empleados de Hapeville trabajan en empleos relacionados con la aviaci\u00f3n, la log\u00edstica y el transporte. Desde los trabajadores de almac\u00e9n hasta el personal de mantenimiento, las lesiones debidas a los veh\u00edculos en movimiento, los equipos pesados y el estr\u00e9s repetitivo son frecuentes. <\/p>\n<p>Fabricaci\u00f3n y trabajo industrial: Las zonas industriales de Hapeville, incluidas las situadas a lo largo de Central Avenue y Dorsey Road, emplean a trabajadores en diversas funciones de fabricaci\u00f3n, donde la exposici\u00f3n a maquinaria peligrosa y materiales nocivos puede provocar accidentes graves.<\/p>\n<p>Construcci\u00f3n: Muchos proyectos en los alrededores de Hapeville y East Point dependen de contratistas y trabajadores de la construcci\u00f3n, lo que hace que la zona sea propensa a sufrir lesiones por ca\u00eddas, aver\u00edas del equipo y accidentes en las obras.<\/p>\n<p>Nos comprometemos a representar a los trabajadores de estas industrias, asegur\u00e1ndonos de que reciban la m\u00e1xima indemnizaci\u00f3n por las lesiones sufridas en el trabajo.<\/p>\n<p>Ley de lesiones personales en Hapeville, GA: Protegiendo los derechos de las v\u00edctimas de accidentes<br \/>\nAdem\u00e1s de la compensaci\u00f3n de los trabajadores, nuestro bufete tambi\u00e9n se ocupa de casos de lesiones personales. Las demandas por lesiones personales pueden surgir de una amplia gama de incidentes, desde accidentes de tr\u00e1fico a lesiones por resbalones y ca\u00eddas o productos defectuosos. En Hapeville, los residentes se enfrentan a riesgos de accidente \u00fanicos, dada la proximidad de la zona a intersecciones muy transitadas, negocios locales y calles activas.  <\/p>\n<p>Las concurridas calles de Hapeville, como Main Street, Central Avenue y Dorsey Road, ven diariamente un gran volumen de tr\u00e1fico, lo que puede provocar accidentes. Las lesiones causadas por accidentes de coche, accidentes de cami\u00f3n y accidentes de peatones pueden alterar la vida, a menudo dejando a las v\u00edctimas con importantes facturas m\u00e9dicas, salarios perdidos y traumas emocionales. <\/p>\n<p>Nuestros abogados expertos en lesiones personales ayudan a las v\u00edctimas a recuperar una indemnizaci\u00f3n por:<\/p>\n<p>Accidentes de coche y de cami\u00f3n en calles concurridas como Central Avenue, Dorsey Road y Main Street<\/p>\n<p>Accidentes de motocicleta en los que los conductores pueden no ver a los motoristas, especialmente en la I-285 o la I-75<\/p>\n<p>Accidentes de peatones cerca de zonas de mucho tr\u00e1fico como Cofield Park o East Point<\/p>\n<p>Lesiones por resbalones y ca\u00eddas en negocios locales o lugares p\u00fablicos<\/p>\n<p>Casos de responsabilidad por productos defectuosos<\/p>\n<p>Negligencias m\u00e9dicas relacionadas con errores en hospitales o centros m\u00e9dicos locales<\/p>\n<p>Malos tratos en residencias de ancianos en los alrededores de Hapeville<\/p>\n<p>No importa el tipo de lesi\u00f3n personal que haya sufrido, nuestro equipo est\u00e1 aqu\u00ed para ayudarle a recuperar los da\u00f1os por gastos m\u00e9dicos, salarios perdidos, dolor y sufrimiento, y mucho m\u00e1s. Ofrecemos consultas gratuitas y trabajamos con honorarios condicionales, lo que significa que usted no paga a menos que ganemos su caso. <\/p>\n<p>Lugares emblem\u00e1ticos y entidades locales de Hapeville que influyen en los casos de lesiones personales<br \/>\nLos lugares emblem\u00e1ticos y los espacios p\u00fablicos de Hapeville contribuyen a la prevalencia de las demandas por lesiones personales. Los accidentes pueden ocurrir en cualquiera de estas zonas, ya sea un resbal\u00f3n y ca\u00edda en el parque Cofield, un accidente de autom\u00f3vil en Main Street o un caso de negligencia m\u00e9dica en el que est\u00e9 implicado un proveedor sanitario local. Trabajamos con los residentes de Hapeville para tratar las lesiones que se producen en estas zonas, asegur\u00e1ndonos de que las partes responsables rindan cuentas por su negligencia.  <\/p>\n<p>Algunos lugares destacados de Hapeville que cubrimos incluyen:<\/p>\n<p>Parque Cofield: Un lugar popular para eventos y actividades recreativas locales, aqu\u00ed pueden producirse resbalones, ca\u00eddas y lesiones debidas a zonas mal mantenidas.<\/p>\n<p>Calle principal: Con varios establecimientos minoristas y restaurantes, los accidentes relacionados con escaparates o espacios p\u00fablicos pueden dar lugar a reclamaciones por resbalones y ca\u00eddas.<\/p>\n<p>East Point: Como vecino cercano de Hapeville, muchos residentes de East Point tambi\u00e9n se enfrentan a los riesgos de sufrir lesiones personales debido a las concurridas intersecciones y al elevado tr\u00e1fico peatonal.<\/p>\n<p>Aeropuerto Internacional Hartsfield-Jackson de Atlanta: Al ser el aeropuerto m\u00e1s transitado del mundo, los trabajadores y los viajeros corren a menudo el riesgo de sufrir lesiones, ya sea en forma de accidentes de trabajadores aeroportuarios o de resbalones y ca\u00eddas en las terminales.<\/p>\n<p>Al centrarnos en las entidades locales y los lugares emblem\u00e1ticos, nos aseguramos de que nuestra estrategia jur\u00eddica est\u00e9 estrechamente alineada con el entorno \u00fanico de Hapeville, mejorando nuestra capacidad para garantizar resultados favorables para nuestros clientes.<\/p>\n<p>Representaci\u00f3n legal para accidentes de tr\u00e1fico en Hapeville, GA<br \/>\nLos accidentes de tr\u00e1fico son una de las principales causas de lesiones personales en Hapeville, dada la proximidad de la zona a las principales autopistas y carreteras como la I-285, la I-75 y la Central Avenue. Tanto si conduce por Dorsey Road como si lo hace cerca del aeropuerto, los accidentes de tr\u00e1fico pueden deberse a una conducci\u00f3n distra\u00edda, al exceso de velocidad, a las malas condiciones de la carretera o a conducir bajo los efectos del alcohol. <\/p>\n<p>Nuestros abogados son expertos en la investigaci\u00f3n de accidentes de tr\u00e1fico y en la recopilaci\u00f3n de pruebas de las c\u00e1maras de tr\u00e1fico, testigos presenciales e informes de accidentes. Ayudamos a los clientes a recuperar indemnizaciones por: <\/p>\n<p>Tratamiento m\u00e9dico<\/p>\n<p>Verlorene L\u00f6hne<\/p>\n<p>Schmerzen und Leiden<\/p>\n<p>Da\u00f1os al veh\u00edculo<\/p>\n<p>Costes de rehabilitaci\u00f3n a largo plazo<\/p>\n<p>Representaci\u00f3n Integral de Lesiones Personales en Hapeville<br \/>\nEn Las Oficinas Legales de Humberto Izquierdo, Jr., PC, ofrecemos representaci\u00f3n integral de lesiones personales para los clientes en Hapeville, East Point, y los barrios circundantes. Si usted ha sido lesionado en un accidente de coche, resbal\u00f3n y ca\u00edda, o accidente de trabajo, estamos aqu\u00ed para ayudar. <\/p>\n<p>Con a\u00f1os de experiencia representando a personas lesionadas en el condado de Fulton y en Atlanta, entendemos las cuestiones legales y pr\u00e1cticas en juego en cada caso. Estamos comprometidos a proporcionar servicios legales personalizados que satisfagan sus necesidades, asegurando que usted tenga la mejor oportunidad de recibir una compensaci\u00f3n justa por sus lesiones. <\/p>\n<p>Cont\u00e1ctenos hoy para una consulta gratuita<br \/>\nSi usted o un ser querido ha sido lesionado en Hapeville o \u00e1reas circundantes, no espere para obtener la ayuda legal que necesita. P\u00f3ngase en contacto con las Oficinas Legales de Humberto Izquierdo, Jr., PC, para una consulta gratuita. Nuestro equipo de abogados expertos en compensaci\u00f3n laboral y lesiones personales est\u00e1 listo para brindarle el apoyo legal que usted necesita.  <\/p>\n<\/div>\n","protected":false},"excerpt":{"rendered":"<p>En las Oficinas Legales de Humberto Izquierdo, Jr., PC, estamos comprometidos a ayudar a las personas en Hapeville que han sido heridos en accidentes de trabajo u otros incidentes de lesiones personales a recuperar la compensaci\u00f3n total que se merecen. Como su bufete de abogados de lesiones personales Hapeville, nos enorgullecemos de ofrecer una atenci\u00f3n [&hellip;]<\/p>\n","protected":false},"author":22,"featured_media":6353,"parent":0,"menu_order":0,"comment_status":"closed","ping_status":"closed","template":"","meta":{"_acf_changed":false,"anchor_text":"","footnotes":""},"class_list":["post-10252","page","type-page","status-publish","has-post-thumbnail","hentry"],"acf":[],"_links":{"self":[{"href":"https:\/\/www.humbertoinjurylaw.com\/es\/wp-json\/wp\/v2\/pages\/10252","targetHints":{"allow":["GET"]}}],"collection":[{"href":"https:\/\/www.humbertoinjurylaw.com\/es\/wp-json\/wp\/v2\/pages"}],"about":[{"href":"https:\/\/www.humbertoinjurylaw.com\/es\/wp-json\/wp\/v2\/types\/page"}],"author":[{"embeddable":true,"href":"https:\/\/www.humbertoinjurylaw.com\/es\/wp-json\/wp\/v2\/users\/22"}],"replies":[{"embeddable":true,"href":"https:\/\/www.humbertoinjurylaw.com\/es\/wp-json\/wp\/v2\/comments?post=10252"}],"version-history":[{"count":1,"href":"https:\/\/www.humbertoinjurylaw.com\/es\/wp-json\/wp\/v2\/pages\/10252\/revisions"}],"predecessor-version":[{"id":10256,"href":"https:\/\/www.humbertoinjurylaw.com\/es\/wp-json\/wp\/v2\/pages\/10252\/revisions\/10256"}],"wp:featuredmedia":[{"embeddable":true,"href":"https:\/\/www.humbertoinjurylaw.com\/es\/wp-json\/wp\/v2\/media\/6353"}],"wp:attachment":[{"href":"https:\/\/www.humbertoinjurylaw.com\/es\/wp-json\/wp\/v2\/media?parent=10252"}],"curies":[{"name":"wp","href":"https:\/\/api.w.org\/{rel}","templated":true}]}}