{"id":10257,"date":"2025-04-01T15:26:18","date_gmt":"2025-04-01T19:26:18","guid":{"rendered":"https:\/\/www.humbertoinjurylaw.com\/savannah\/"},"modified":"2025-04-01T15:26:18","modified_gmt":"2025-04-01T19:26:18","slug":"savannah","status":"publish","type":"page","link":"https:\/\/www.humbertoinjurylaw.com\/es\/savannah\/","title":{"rendered":"Savannah"},"content":{"rendered":"<p data-start=\"0\" data-end=\"481\"><a href=\"https:\/\/www.humbertoinjurylaw.com\/es\/\" target=\"_blank\" rel=\"noopener\">En Las Oficinas Legales de Humberto Izquierdo, Jr., PC<\/a>, nos apasiona ayudar a las personas y ser su bufete de abogados de lesiones personales en Savannah. Representamos a aquellos que han sido lesionados debido a accidentes, negligencia o condiciones inseguras. Si usted ha sido herido en un accidente de trabajo, un accidente de coche,<a href=\"https:\/\/www.humbertoinjurylaw.com\/es\/despacho-de-abogados-de-georgia-especializado-en-lesiones-personales\/\" target=\"_blank\" rel=\"noopener\"> o cualquier otro incidente de lesiones personales<\/a>, nuestro objetivo es asegurar la m\u00e1xima indemnizaci\u00f3n que se merece al tiempo que proporciona el cuidado personalizado y la atenci\u00f3n que su caso requiere.  <\/p>\n<p class=\"\" data-start=\"483\" data-end=\"897\">Entendemos que una lesi\u00f3n puede hacerle sentir abrumado e inseguro sobre su futuro. Es por eso que nuestros abogados experimentados est\u00e1n aqu\u00ed para ofrecer orientaci\u00f3n legal experta y ser sus defensores dedicados durante todo el proceso. Creemos en capacitar a nuestros clientes con la informaci\u00f3n que necesitan para tomar decisiones informadas sobre sus casos. Usted tiene el control, pero nosotros estaremos con usted en cada paso del camino.   <\/p>\n<p class=\"\" data-start=\"899\" data-end=\"1098\">El idioma nunca debe interponerse en la b\u00fasqueda de justicia. Por eso ofrecemos con orgullo servicios biling\u00fces de habla hispana, que garantizan una comunicaci\u00f3n clara sin necesidad de recurrir a un traductor externo. <\/p>\n<p class=\"\" data-start=\"1100\" data-end=\"1443\">Si usted o un ser querido ha sufrido debido a la negligencia de otra persona, estamos aqu\u00ed para ayudarle. En Las Oficinas Legales de Humberto Izquierdo, Jr., PC, no s\u00f3lo luchamos por la justicia &#8211; luchamos por usted. <\/p>\n<h3 class=\"\" data-start=\"0\" data-end=\"49\">Contact Us Today for Your Free Consultation<\/h3>\n<p class=\"\" data-start=\"51\" data-end=\"267\">Si ha sufrido lesiones en un accidente en Savannah, no espere.<\/p>\n<p class=\"\" data-start=\"51\" data-end=\"267\"><a href=\"https:\/\/www.humbertoinjurylaw.com\/es\/contacto\/\" target=\"_blank\" rel=\"noopener\">P\u00f3ngase en contacto con las Oficinas Legales de Humberto Izquierdo, Jr., PC ahora<\/a> para una consulta gratuita. Perm\u00edtanos ayudarle a obtener la justicia y la compensaci\u00f3n que se merece. <\/p>\n<div style=\"display: none;\" aria-hidden=\"true\" data-nosnippit=\" \">\n<h2>Abogados de Savannah en Compensaci\u00f3n Laboral y Lesiones Personales: Ayud\u00e1ndole a Garantizar la Justicia<\/h2>\n<p>Su Firma de Abogados de Savannah de Confianza en Lesiones Personales: Humberto Izquierdo, Jr., PC<br \/>\nEn las Oficinas Legales de Humberto Izquierdo, Jr., PC, entendemos los desaf\u00edos que usted enfrenta cuando se lesiona en el trabajo o se ve involucrado en un accidente en Savannah, Georgia. Si usted ha sido herido en el trabajo, en un accidente de coche, o debido a la negligencia de otra persona en barrios como Ardsley Park, Habersham Woods, o cerca de la calle Abercorn, nuestros abogados de lesiones personales de Savannah est\u00e1n comprometidos a ayudarle a obtener la compensaci\u00f3n m\u00e1xima que se merece. Nuestro experimentado equipo est\u00e1 aqu\u00ed para guiarle en cada paso de su caso, desde la presentaci\u00f3n de reclamaciones hasta la obtenci\u00f3n de acuerdos y la apelaci\u00f3n de las reclamaciones denegadas.  <\/p>\n<p>Servicios biling\u00fces para una comunidad diversa en Savannah<br \/>\nEl idioma nunca deber\u00eda ser una barrera a la hora de buscar justicia. Es por eso que orgullosamente ofrecemos servicios biling\u00fces de habla hispana, asegurando una comunicaci\u00f3n clara con cada cliente, sin necesidad de un traductor externo. <\/p>\n<p>Obtenga la ayuda legal que necesita: Consulta gratuita<br \/>\nSi usted o un ser querido ha sufrido lesiones en Savannah, no dude en ponerse en contacto con nosotros. Ofrecemos consultas gratuitas para todos los casos de lesiones personales y compensaci\u00f3n laboral. Perm\u00edtanos ayudarle a navegar por las complejidades del sistema legal de Georgia y asegurarnos de que reciba la compensaci\u00f3n y el apoyo que se merece.  <\/p>\n<p>Casos de lesiones personales en Savannah: Abogando por sus derechos<br \/>\nAccidentes de coche en Savannah: Protegiendo su futuro<br \/>\nLos accidentes automovil\u00edsticos en Savannah, especialmente en zonas de mucho tr\u00e1fico como el centro de Savannah o a lo largo de Victory Drive, pueden causar lesiones graves, costosas facturas m\u00e9dicas y dolor a largo plazo. Ya sea por un incidente de conducci\u00f3n distra\u00edda, exceso de velocidad o comportamiento imprudente, Las Oficinas Legales de Humberto Izquierdo, Jr., PC se dedica a proteger sus derechos. Luchamos para recuperar la compensaci\u00f3n por sus gastos m\u00e9dicos, salarios perdidos, y el dolor y el sufrimiento, para que pueda centrarse en la recuperaci\u00f3n de sus lesiones.  <\/p>\n<p>Accidentes de camiones en Savannah: Responsabilizar a las empresas de transporte<br \/>\nLos accidentes de camiones comerciales en Savannah, especialmente cerca de rutas principales como la I-16 o la I-95, suelen ser m\u00e1s peligrosos debido al tama\u00f1o y peso de los veh\u00edculos implicados. Estos accidentes a menudo implican cuestiones complejas como la normativa federal sobre camiones, la negligencia del conductor y la mala gesti\u00f3n de la carga. Nuestro equipo tiene experiencia en navegar por estos casos complejos y en trabajar para responsabilizar a las compa\u00f1\u00edas de camiones, a los conductores y a las aseguradoras.  <\/p>\n<p>Accidentes de motocicleta en Savannah: Abogando por los motoristas lesionados<br \/>\nLos accidentes de motocicleta pueden provocar lesiones catastr\u00f3ficas, sobre todo en zonas como Skidaway Island o cerca de Tybee Island, donde las condiciones de la carretera pueden no ser las ideales para los motoristas. Los motoristas de Savannah se enfrentan a retos \u00fanicos debido a su exposici\u00f3n en la carretera. Ayudamos a los motoristas lesionados a conseguir una indemnizaci\u00f3n por tratamiento m\u00e9dico, salarios perdidos, rehabilitaci\u00f3n y dolor y sufrimiento.  <\/p>\n<p>Accidentes de viaje compartido en Savannah: Navegando desaf\u00edos legales \u00fanicos<br \/>\nLos accidentes que involucran a conductores de Uber o Lyft en Savannah, ya sea en el Distrito Hist\u00f3rico o alrededor de Gordonston, pueden ser complicados, especialmente cuando se determina la responsabilidad y se trata con m\u00faltiples p\u00f3lizas de seguro. Las Oficinas Legales de Humberto Izquierdo, Jr., PC proporciona representaci\u00f3n experta para las v\u00edctimas de accidentes de transporte compartido en Savannah para asegurar que usted reciba una compensaci\u00f3n justa. <\/p>\n<p>Indemnizaci\u00f3n laboral en Savannah: Protegiendo sus derechos como trabajador lesionado<br \/>\nSi usted ha sido lesionado en el trabajo en Savannah, usted puede tener derecho a beneficios de compensaci\u00f3n laboral. En Las Oficinas Legales de Humberto Izquierdo, Jr., PC, le ayudamos a navegar por el complejo proceso de compensaci\u00f3n de trabajadores y a luchar por los beneficios que usted merece, incluyendo tratamiento m\u00e9dico, reemplazo de salario y rehabilitaci\u00f3n vocacional. <\/p>\n<p>Comprender las prestaciones de indemnizaci\u00f3n por accidente de trabajo en Savannah<br \/>\nEn Georgia, la indemnizaci\u00f3n por accidente de trabajo est\u00e1 dise\u00f1ada para ayudar a los empleados lesionados cubriendo los gastos m\u00e9dicos, los costes de rehabilitaci\u00f3n y los salarios perdidos debido a una lesi\u00f3n laboral. La compensaci\u00f3n m\u00e1xima que puede recibir depende del tipo de lesi\u00f3n, la calificaci\u00f3n de deterioro y su salario semanal medio (AWW). Nuestro bufete tiene una amplia experiencia trabajando con trabajadores lesionados en Savannah para garantizar que reciban unas prestaciones justas.  <\/p>\n<p>Apelaciones de Compensaci\u00f3n Laboral en Savannah: Luche por sus derechos<br \/>\nA veces, las reclamaciones de indemnizaci\u00f3n laboral son denegadas. En estos casos, usted tiene derecho a apelar la decisi\u00f3n. Si su reclamaci\u00f3n de indemnizaci\u00f3n laboral ha sido denegada, podemos ayudarle a navegar por el proceso de apelaci\u00f3n para asegurarnos de que obtiene la indemnizaci\u00f3n que se merece. Le ayudamos a presentar las peticiones de prestaciones, a reunir las pruebas m\u00e9dicas necesarias y a representarle en las vistas ante la Junta Estatal de Indemnizaci\u00f3n por Accidentes de Trabajo de Georgia.   <\/p>\n<p>Prestaciones por incapacidad total temporal (TTD) en Savannah<br \/>\nSi est\u00e1 completamente incapacitado para trabajar debido a una lesi\u00f3n laboral, puede que re\u00fana los requisitos para recibir prestaciones por incapacidad total temporal (TTD). Las prestaciones TTD suelen cubrir dos tercios de su salario medio semanal (AWW), hasta los l\u00edmites m\u00e1ximos establecidos por la ley de Georgia. Nuestros abogados se asegurar\u00e1n de que reciba todas las prestaciones a las que tiene derecho durante su recuperaci\u00f3n.  <\/p>\n<p>Prestaciones por incapacidad parcial permanente (PPD) en Savannah<br \/>\nLas lesiones que causan incapacidades permanentes que afectan a su capacidad para trabajar pueden darle derecho a prestaciones por incapacidad parcial permanente (PPD). Estos beneficios se basan en una calificaci\u00f3n de deterioro, que se asigna en funci\u00f3n de la gravedad de su lesi\u00f3n. Nuestro equipo puede ayudar a asegurar que su calificaci\u00f3n de impedimento se calcule con precisi\u00f3n y que usted reciba la compensaci\u00f3n que merece.  <\/p>\n<p>Casos comunes de lesiones personales en Savannah: Luchando por la justicia<br \/>\nAccidentes por resbalones y ca\u00eddas en Savannah: Sus derechos legales<br \/>\nSi se ha lesionado en un accidente por resbal\u00f3n y ca\u00edda en la propiedad de otra persona en Savannah, especialmente en zonas concurridas como River Street o cerca de Forsyth Park, puede tener un caso de responsabilidad de las instalaciones. Los propietarios son responsables de mantener unas condiciones seguras y, si no lo hacen, pueden ser considerados responsables de sus lesiones. Nuestro equipo del bufete de abogados Humberto Izquierdo, Jr., PC investigar\u00e1 el incidente, reunir\u00e1 pruebas y luchar\u00e1 por la indemnizaci\u00f3n que usted se merece.  <\/p>\n<p>Accidentes por mordedura de perro en Savannah: Responsabilizar a los due\u00f1os<br \/>\nLas mordeduras de perro pueden provocar graves traumas f\u00edsicos y emocionales. Si le ha mordido un perro en Savannah, el propietario del perro puede ser responsable de sus lesiones. Nuestros abogados expertos en lesiones personales pueden ayudarle a buscar una indemnizaci\u00f3n por las facturas m\u00e9dicas, el dolor y el sufrimiento, y otros da\u00f1os derivados del ataque.  <\/p>\n<p>Negligencia m\u00e9dica en Savannah: Responsabilizar a los proveedores negligentes<br \/>\nSi usted ha sufrido da\u00f1os debido a una negligencia m\u00e9dica, como un mal diagn\u00f3stico, errores quir\u00fargicos o errores en la medicaci\u00f3n, puede tener derecho a una indemnizaci\u00f3n. En el bufete de abogados de Humberto Izquierdo, Jr., PC, tenemos un historial probado de responsabilizar a los proveedores de asistencia sanitaria y conseguir indemnizaciones para las v\u00edctimas de negligencia m\u00e9dica en Savannah. <\/p>\n<p>Abuso en residencias de ancianos en Savannah: Proteger a los residentes vulnerables<br \/>\nLos residentes de residencias de ancianos merecen un cuidado compasivo y respeto. Desafortunadamente, el abuso y la negligencia son comunes en algunos hogares de ancianos de Savannah. Si su ser querido ha sido v\u00edctima de abuso o negligencia, nuestro bufete se dedica a responsabilizar a los cuidadores y a las instalaciones por sus acciones.  <\/p>\n<p>Muerte por negligencia en Savannah: Representaci\u00f3n legal compasiva<br \/>\nPerder a un ser querido debido a la negligencia de otra persona es devastador. Si ha perdido a un familiar en Savannah, Georgia, le ofrecemos una representaci\u00f3n legal compasiva y eficaz en demandas por homicidio culposo. Trabajamos para garantizar una compensaci\u00f3n econ\u00f3mica a los familiares supervivientes, incluyendo los gastos funerarios, la p\u00e9rdida de ingresos y los da\u00f1os emocionales.  <\/p>\n<p>\u00bfPor qu\u00e9 elegir las Oficinas Legales de Humberto Izquierdo, Jr., PC?<br \/>\nEn Las Oficinas Legales de Humberto Izquierdo, Jr., PC, nos dedicamos a proporcionar representaci\u00f3n legal personalizada, compasiva y agresiva a las personas lesionadas en Savannah. Nuestro equipo tiene una amplia experiencia en el manejo de una amplia gama de lesiones personales y casos de compensaci\u00f3n de trabajadores, asegurando que usted reciba la m\u00e1xima compensaci\u00f3n por sus lesiones. <\/p>\n<p>Enfoque centrado en el cliente<br \/>\nTratamos a cada cliente como un individuo, no s\u00f3lo como un n\u00famero de caso. Nuestro objetivo es dotarle de los conocimientos que necesita para tomar decisiones informadas sobre su caso. <\/p>\n<p>Abogados experimentados en los que puede confiar<br \/>\nCon a\u00f1os de experiencia y un historial probado de \u00e9xitos, nuestro equipo est\u00e1 aqu\u00ed para guiarle en cada paso de su caso, desde la consulta inicial hasta el acuerdo.<\/p>\n<p>Servicios jur\u00eddicos biling\u00fces<br \/>\nOfrecemos servicios biling\u00fces en espa\u00f1ol para garantizar que el idioma nunca sea una barrera a la hora de buscar justicia.<\/p>\n<p>Contact Us Today for Your Free Consultation<\/p>\n<p>Si usted ha sido lesionado en Savannah, Georgia, no espere para obtener la ayuda legal que necesita. P\u00f3ngase en contacto con Las Oficinas Legales de Humberto Izquierdo, Jr., PC hoy para una consulta gratuita. Perm\u00edtanos ayudarle a luchar por la justicia y la compensaci\u00f3n que se merece.  <\/p>\n<\/div>\n","protected":false},"excerpt":{"rendered":"<p>En Las Oficinas Legales de Humberto Izquierdo, Jr., PC, nos apasiona ayudar a las personas y ser su bufete de abogados de lesiones personales en Savannah. Representamos a aquellos que han sido lesionados debido a accidentes, negligencia o condiciones inseguras. Si usted ha sido herido en un accidente de trabajo, un accidente de coche, o [&hellip;]<\/p>\n","protected":false},"author":38,"featured_media":3958,"parent":0,"menu_order":0,"comment_status":"closed","ping_status":"closed","template":"","meta":{"_acf_changed":false,"anchor_text":"","footnotes":""},"class_list":["post-10257","page","type-page","status-publish","has-post-thumbnail","hentry"],"acf":[],"_links":{"self":[{"href":"https:\/\/www.humbertoinjurylaw.com\/es\/wp-json\/wp\/v2\/pages\/10257","targetHints":{"allow":["GET"]}}],"collection":[{"href":"https:\/\/www.humbertoinjurylaw.com\/es\/wp-json\/wp\/v2\/pages"}],"about":[{"href":"https:\/\/www.humbertoinjurylaw.com\/es\/wp-json\/wp\/v2\/types\/page"}],"author":[{"embeddable":true,"href":"https:\/\/www.humbertoinjurylaw.com\/es\/wp-json\/wp\/v2\/users\/38"}],"replies":[{"embeddable":true,"href":"https:\/\/www.humbertoinjurylaw.com\/es\/wp-json\/wp\/v2\/comments?post=10257"}],"version-history":[{"count":0,"href":"https:\/\/www.humbertoinjurylaw.com\/es\/wp-json\/wp\/v2\/pages\/10257\/revisions"}],"wp:featuredmedia":[{"embeddable":true,"href":"https:\/\/www.humbertoinjurylaw.com\/es\/wp-json\/wp\/v2\/media\/3958"}],"wp:attachment":[{"href":"https:\/\/www.humbertoinjurylaw.com\/es\/wp-json\/wp\/v2\/media?parent=10257"}],"curies":[{"name":"wp","href":"https:\/\/api.w.org\/{rel}","templated":true}]}}