{"id":10262,"date":"2025-09-05T16:20:38","date_gmt":"2025-09-05T20:20:38","guid":{"rendered":"https:\/\/www.humbertoinjurylaw.com\/apelando-disputas-de-compensacion-al-trabajador-en-savannah\/"},"modified":"2025-09-05T16:20:38","modified_gmt":"2025-09-05T20:20:38","slug":"apelando-disputas-de-compensacion-al-trabajador-en-savannah","status":"publish","type":"page","link":"https:\/\/www.humbertoinjurylaw.com\/es\/apelando-disputas-de-compensacion-al-trabajador-en-savannah\/","title":{"rendered":"Apelando Disputas de Compensaci\u00f3n al Trabajador en Savannah"},"content":{"rendered":"<h2 data-start=\"345\" data-end=\"446\">C\u00f3mo apelar una reclamaci\u00f3n de indemnizaci\u00f3n laboral y navegar por el proceso de disputa en Savannah, Georgia<\/h2>\n<p data-start=\"448\" data-end=\"870\">Si le han denegado la indemnizaci\u00f3n por accidente laboral en Savannah, el condado de Chatham o zonas cercanas como Pooler, Garden City o Port Wentworth, a\u00fan tiene opciones. Las apelaciones pueden resultar abrumadoras, especialmente cuando las compa\u00f1\u00edas de seguros luchan con todas sus fuerzas para evitar el pago de las prestaciones. Las Oficinas Legales de Humberto Izquierdo, Jr., PC est\u00e1 aqu\u00ed para ayudar a los trabajadores de Savannah navegar por el proceso y asegurar la compensaci\u00f3n que se merecen.  <\/p>\n<p data-start=\"872\" data-end=\"1061\">Una reclamaci\u00f3n denegada no significa el final del camino. Con un <a href=\"https:\/\/www.humbertoinjurylaw.com\/es\/savannah\/abogado-de-indemnizacion-laboral-de-savannah\/\" target=\"_blank\" rel=\"noopener\">abogado experto en compensaci\u00f3n de trabajadores de Savannah<\/a> de su lado, puede convertir un contratiempo frustrante en una apelaci\u00f3n exitosa. <\/p>\n<h2 data-start=\"1068\" data-end=\"1146\">Conozca a Humberto Izquierdo, Jr. &#8211; Su Abogado de Compensaci\u00f3n Laboral en Savannah <\/h2>\n<p data-start=\"1148\" data-end=\"1679\">Desde 2005, Humberto Izquierdo, Jr. ha representado a trabajadores lesionados en todo Georgia, incluidos empleados de <a href=\"https:\/\/www.humbertoinjurylaw.com\/es\/savannah\/\">las industrias m\u00e1s activas de Savannah<\/a>. Su experiencia como ex abogado defensor de seguros le da una perspectiva privilegiada de las estrategias que las aseguradoras utilizan para denegar las reclamaciones. Hoy en d\u00eda, utiliza ese conocimiento para luchar en nombre de los trabajadores lesionados a lo largo de las terminales portuarias de Savannah, las instalaciones de producci\u00f3n de Gulfstream, las obras de construcci\u00f3n a lo largo de Bay Street y Abercorn Street, y los locales de hosteler\u00eda en River Street.  <\/p>\n<p data-start=\"1681\" data-end=\"1893\">Desde el centro de Savannah y el distrito hist\u00f3rico hasta barrios como Midtown, Eastside y Southside, Humberto se ha forjado una reputaci\u00f3n por ofrecer resultados en disputas y apelaciones de compensaci\u00f3n laboral.<\/p>\n<p><iframe title=\"Reproductor de v\u00eddeo de YouTube\" src=\"https:\/\/www.youtube.com\/embed\/ZCvnnKK0GKs?si=BNx4mCTofCfk5Yfe\" width=\"560\" height=\"315\" frameborder=\"0\" allowfullscreen=\"allowfullscreen\"><\/iframe><\/p>\n<h2 data-start=\"1900\" data-end=\"1966\">Protegiendo los derechos de los trabajadores en Savannah y el condado de Chatham<\/h2>\n<p data-start=\"1968\" data-end=\"2051\">Los trabajadores de Savannah se enfrentan a riesgos todos los d\u00edas, sobre todo en las industrias de alta demanda:<\/p>\n<ul data-start=\"2053\" data-end=\"2939\">\n<li data-start=\"2053\" data-end=\"2216\">\n<p data-start=\"2055\" data-end=\"2216\"><strong>Puerto y log\u00edstica <\/strong>&#8211; Los estibadores y el personal de almac\u00e9n del puerto de Savannah sufren a menudo lesiones por levantamiento de cargas, esguinces de espalda y lesiones por movimientos repetitivos.<\/p>\n<\/li>\n<li data-start=\"2217\" data-end=\"2398\">\n<p data-start=\"2219\" data-end=\"2398\"><strong>Industria aeroespacial y manufacturera <\/strong>&#8211; Los empleados de Gulfstream Aerospace y de las plantas industriales cercanas se enfrentan a riesgos derivados de accidentes con maquinaria, esfuerzos repetitivos y exposici\u00f3n a sustancias qu\u00edmicas.<\/p>\n<\/li>\n<li data-start=\"2399\" data-end=\"2608\">\n<p data-start=\"2401\" data-end=\"2608\"><strong>Asistencia sanitaria<\/strong> &#8211; Las enfermeras y el personal m\u00e9dico del Memorial Health University Medical Center y del St. Joseph&#8217;s\/Candler sufren con frecuencia lesiones de espalda por levantar pacientes y accidentes por resbalones y ca\u00eddas.<\/p>\n<\/li>\n<li data-start=\"2609\" data-end=\"2779\">\n<p data-start=\"2611\" data-end=\"2779\"><strong>Construcci\u00f3n<\/strong> &#8211; Los trabajadores de los proyectos a lo largo de Bay Street, Abercorn Street y los corredores I-16\/I-95 se enfrentan a riesgos de ca\u00eddas, accidentes con equipos y traumatismos repetitivos.<\/p>\n<\/li>\n<li data-start=\"2780\" data-end=\"2939\">\n<p data-start=\"2782\" data-end=\"2939\"><strong>Hosteler\u00eda y turismo<\/strong> &#8211; Los camareros y el personal de cocina de los restaurantes y hoteles de River Street se enfrentan a menudo a quemaduras, resbalones y lesiones por uso repetitivo.<\/p>\n<\/li>\n<\/ul>\n<p data-start=\"2941\" data-end=\"3116\">Nuestro bufete ayuda a los trabajadores de Savannah, Pooler, Port Wentworth y Garden City a luchar contra las denegaciones, impugnar las ofertas de liquidaci\u00f3n bajas y exigir responsabilidades a las compa\u00f1\u00edas de seguros.<\/p>\n<p><iframe title=\"Reproductor de v\u00eddeo de YouTube\" src=\"https:\/\/www.youtube.com\/embed\/2xzoj_7PRj4?si=VfzPfvNZGRBbbvHt\" width=\"560\" height=\"315\" frameborder=\"0\" allowfullscreen=\"allowfullscreen\"><\/iframe><\/p>\n<h2 data-start=\"3123\" data-end=\"3194\">Razones comunes por las que se deniega una solicitud de indemnizaci\u00f3n por accidente laboral en Savannah<\/h2>\n<p data-start=\"3196\" data-end=\"3348\">Las compa\u00f1\u00edas de seguros a menudo deniegan las reclamaciones bas\u00e1ndose en tecnicismos o disputas. Estas son las razones m\u00e1s comunes que vemos en Savannah y el condado de Chatham: <\/p>\n<ul data-start=\"3350\" data-end=\"4319\">\n<li data-start=\"3350\" data-end=\"3572\">\n<p data-start=\"3352\" data-end=\"3572\"><strong>Incumplimiento de los plazos de notificaci\u00f3n<\/strong> &#8211; La ley de Georgia exige que se notifiquen las lesiones en un plazo de 30 d\u00edas. Saltarse este plazo tras un accidente en Abercorn Street, Bay Street o cerca del puerto de Savannah puede dar lugar a una denegaci\u00f3n. <\/p>\n<\/li>\n<li data-start=\"3573\" data-end=\"3763\">\n<p data-start=\"3575\" data-end=\"3763\"><strong>Impugnaci\u00f3n de la relaci\u00f3n con el trabajo<\/strong> &#8211; Los empresarios pueden alegar que su lesi\u00f3n se produjo fuera del trabajo, como lesiones de espalda agravadas en casa. Demostrar que su dolencia fue causada por el trabajo es fundamental. <\/p>\n<\/li>\n<li data-start=\"3764\" data-end=\"3920\">\n<p data-start=\"3766\" data-end=\"3920\"><strong>Falta de pruebas m\u00e9dicas<\/strong> &#8211; Una documentaci\u00f3n m\u00e9dica incompleta de los proveedores de Savannah puede hundir una reclamaci\u00f3n. Trabajamos para garantizar registros s\u00f3lidos y detallados. <\/p>\n<\/li>\n<li data-start=\"3921\" data-end=\"4083\">\n<p data-start=\"3923\" data-end=\"4083\"><strong>Afecciones preexistentes<\/strong> &#8211; Las aseguradoras pueden argumentar que su lesi\u00f3n no est\u00e1 relacionada si ten\u00eda problemas previos. Nosotros demostramos c\u00f3mo el trabajo agrav\u00f3 o empeor\u00f3 la dolencia. <\/p>\n<\/li>\n<li data-start=\"4084\" data-end=\"4319\">\n<p data-start=\"4086\" data-end=\"4319\"><strong>Acusaciones de mala conducta o intoxicaci\u00f3n<\/strong> &#8211; Las reclamaciones pueden ser denegadas si un empresario alega que usted se encontraba bajo los efectos del alcohol o que infring\u00eda las normas de seguridad en el momento de la lesi\u00f3n. Las pruebas y la documentaci\u00f3n adecuadas son esenciales para rechazar la demanda. <\/p>\n<\/li>\n<\/ul>\n<h2 data-start=\"302\" data-end=\"368\">El Proceso de Apelaci\u00f3n de Compensaci\u00f3n Laboral en Savannah, Georgia<\/h2>\n<p data-start=\"370\" data-end=\"746\">Cuando le han denegado su solicitud de indemnizaci\u00f3n por accidente laboral en Savannah o en el condado de Chatham, es importante que sepa que la decisi\u00f3n no es definitiva. La ley de Georgia proporciona un proceso de apelaci\u00f3n estructurado a trav\u00e9s de la Junta Estatal de Compensaci\u00f3n de Trabajadores de Georgia (SBWC). A continuaci\u00f3n encontrar\u00e1 un resumen detallado de cada paso, para que sepa qu\u00e9 esperar y c\u00f3mo nuestro bufete puede guiarle a trav\u00e9s de \u00e9l.  <\/p>\n<h3 data-start=\"748\" data-end=\"792\">Paso 1: Presentar una solicitud de prestaciones<\/h3>\n<p data-start=\"793\" data-end=\"1163\">El proceso de apelaci\u00f3n comienza con la presentaci\u00f3n de una petici\u00f3n de prestaciones (formulario WC-14). Esto debe hacerse en el plazo de un a\u00f1o desde su lesi\u00f3n, o en el plazo de un a\u00f1o desde su \u00faltimo tratamiento m\u00e9dico o pago de sustituci\u00f3n salarial. Su petici\u00f3n debe ser minuciosa, exponiendo claramente las prestaciones que solicita y abordando directamente las razones por las que la compa\u00f1\u00eda de seguros deneg\u00f3 su solicitud.  <\/p>\n<p data-start=\"1165\" data-end=\"1534\">Por ejemplo, si su reclamaci\u00f3n fue denegada por \u00abfalta de pruebas m\u00e9dicas\u00bb, trabajamos con proveedores de Savannah como Memorial Health University Medical Center, St. Joseph&#8217;s\/Candler o Chatham Orthopaedic Associates para asegurarnos de que sus historiales y pruebas diagn\u00f3sticas respaldan su caso. Esta petici\u00f3n constituye la base de su apelaci\u00f3n, por lo que la precisi\u00f3n y el detalle son fundamentales. <\/p>\n<h3 data-start=\"1541\" data-end=\"1564\">Paso 2: Mediaci\u00f3n<\/h3>\n<p data-start=\"1565\" data-end=\"1827\">Una vez presentada su petici\u00f3n, la SBWC programa una mediaci\u00f3n, normalmente en un plazo de unos 130 d\u00edas. La mediaci\u00f3n es una reuni\u00f3n informal dirigida por un mediador neutral, en la que usted, su abogado y la compa\u00f1\u00eda de seguros discuten el caso e intentan llegar a una resoluci\u00f3n. <\/p>\n<p data-start=\"1829\" data-end=\"2204\">Esta etapa es importante porque muchos litigios del \u00e1rea de Savannah se resuelven aqu\u00ed, evitando el tiempo y el estr\u00e9s de un juicio. Por ejemplo, un trabajador portuario del Puerto de Savannah o una enfermera del Memorial Health pueden resolver un litigio durante la mediaci\u00f3n cuando las pruebas apoyan claramente su lesi\u00f3n laboral. Si se llega a un acuerdo, sus prestaciones pueden comenzar mucho antes.  <\/p>\n<h3 data-start=\"2211\" data-end=\"2241\">Paso 3: Audiencia previa al juicio<\/h3>\n<p data-start=\"2242\" data-end=\"2488\">Si la mediaci\u00f3n fracasa, el caso pasa a una audiencia previa al juicio. No se trata del juicio propiamente dicho, sino de un paso procesal en el que el juez identifica las cuestiones controvertidas, determina qu\u00e9 pruebas se admitir\u00e1n y fija los plazos para la vista final. <\/p>\n<p data-start=\"2490\" data-end=\"2779\">Piense en esto como la \u00abreuni\u00f3n organizativa\u00bb de su caso. En esta fase, su abogado se asegura de que las pruebas cr\u00edticas -como los informes de accidentes de una obra en construcci\u00f3n a lo largo de Bay Street o el testimonio de testigos de compa\u00f1eros de trabajo en Gulfstream Aerospace- ser\u00e1n admitidas en el juicio. <\/p>\n<h3 data-start=\"2786\" data-end=\"2821\">Paso 4: Audiencia final (juicio)<\/h3>\n<p data-start=\"2822\" data-end=\"2984\">La audiencia final, tambi\u00e9n llamada juicio, es su oportunidad de presentar plenamente su caso ante un Juez de Reclamaciones de Indemnizaci\u00f3n (JCC). Su abogado presentar\u00e1: <\/p>\n<ul data-start=\"2985\" data-end=\"3223\">\n<li data-start=\"2985\" data-end=\"3049\">\n<p data-start=\"2987\" data-end=\"3049\">Pruebas m\u00e9dicas de m\u00e9dicos y hospitales de Savannah.<\/p>\n<\/li>\n<li data-start=\"3050\" data-end=\"3139\">\n<p data-start=\"3052\" data-end=\"3139\">Testimonio de testigos que hayan visto el accidente o que conozcan sus condiciones de trabajo.<\/p>\n<\/li>\n<li data-start=\"3140\" data-end=\"3223\">\n<p data-start=\"3142\" data-end=\"3223\">Opiniones de expertos sobre su lesi\u00f3n, restricciones laborales y pron\u00f3stico a largo plazo.<\/p>\n<\/li>\n<\/ul>\n<p data-start=\"3225\" data-end=\"3604\">Por ejemplo, si un trabajador de la hosteler\u00eda de la calle River sufri\u00f3 una lesi\u00f3n por esfuerzo repetitivo, podr\u00edamos presentar fichas horarias, notas m\u00e9dicas y evaluaciones ergon\u00f3micas para demostrar que la lesi\u00f3n fue causada por las tareas laborales. La compa\u00f1\u00eda de seguros presentar\u00e1 su versi\u00f3n, pero su abogado se asegurar\u00e1 de que el juez comprenda claramente el impacto de su lesi\u00f3n en su capacidad para trabajar y vivir con normalidad. <\/p>\n<h3 data-start=\"3611\" data-end=\"3641\">Paso 5: Decisi\u00f3n del juez<\/h3>\n<p data-start=\"3642\" data-end=\"3866\">Tras la audiencia, el juez emite una decisi\u00f3n por escrito, normalmente en un plazo de 30 d\u00edas. Si el fallo es favorable, sus prestaciones -como atenci\u00f3n m\u00e9dica, sustituci\u00f3n salarial o indemnizaci\u00f3n por incapacidad permanente- comienzan sin demora. <\/p>\n<p data-start=\"3868\" data-end=\"3996\">Si la decisi\u00f3n no es a su favor, no se le han acabado las opciones. Es entonces cuando su caso puede pasar al siguiente nivel de apelaci\u00f3n. <\/p>\n<h3 data-start=\"4003\" data-end=\"4055\">Paso 6: Apelar ante el Tribunal de Apelaciones de Georgia<\/h3>\n<p data-start=\"4056\" data-end=\"4379\">Si no est\u00e1 de acuerdo con el fallo del juez, puede presentar una apelaci\u00f3n ante el Tribunal de Apelaciones de Georgia en un plazo de 30 d\u00edas. A diferencia de las etapas anteriores, este nivel de apelaci\u00f3n no implica nuevas pruebas. En su lugar, los jueces de apelaci\u00f3n revisan el expediente del juicio en busca de errores legales, asegur\u00e1ndose de que la ley se aplic\u00f3 correctamente en su caso.  <\/p>\n<p data-start=\"4381\" data-end=\"4645\">Dado que esta etapa es muy t\u00e9cnica, contar con un abogado que entienda tanto los detalles legales como el entorno laboral de Savannah -desde los trabajos industriales cerca de Garden City hasta el trabajo en los astilleros cerca de Port Wentworth- es esencial para fortalecer su caso.<\/p>\n<h3 data-start=\"4652\" data-end=\"4690\">Por qu\u00e9 es importante la representaci\u00f3n local<\/h3>\n<p data-start=\"4691\" data-end=\"5052\">Cada paso del proceso requiere una planificaci\u00f3n cuidadosa, la recopilaci\u00f3n de pruebas y el conocimiento tanto de la legislaci\u00f3n de Georgia como de la mano de obra de Savannah. Tanto si es usted un trabajador de la construcci\u00f3n accidentado en el centro de la ciudad, un t\u00e9cnico de Gulfstream, un trabajador portuario o un empleado sanitario, nuestro bufete comprende los riesgos \u00fanicos a los que se enfrenta y las t\u00e1cticas que utilizan las aseguradoras para infravalorar su reclamaci\u00f3n. <\/p>\n<p data-start=\"5054\" data-end=\"5263\">Con d\u00e9cadas de experiencia y un enfoque local, guiamos a los trabajadores<a href=\"https:\/\/www.savannahga.gov\/\" target=\"_blank\" rel=\"noopener\"> de Savannah<\/a> a trav\u00e9s de cada etapa -desde la primera petici\u00f3n hasta las apelaciones en tribunales superiores- garantizando que sus derechos est\u00e9n protegidos y su voz sea escuchada.<\/p>\n<h2 data-start=\"5361\" data-end=\"5418\">C\u00f3mo puede ayudar un abogado de indemnizaci\u00f3n laboral de Savannah<\/h2>\n<p data-start=\"5420\" data-end=\"5498\">Trabajar con un abogado local le proporciona la ventaja estrat\u00e9gica que necesita:<\/p>\n<ul data-start=\"5500\" data-end=\"5748\">\n<li data-start=\"5500\" data-end=\"5549\">\n<p data-start=\"5502\" data-end=\"5549\">Evaluaci\u00f3n precisa del caso y presentaci\u00f3n de la petici\u00f3n.<\/p>\n<\/li>\n<li data-start=\"5550\" data-end=\"5633\">\n<p data-start=\"5552\" data-end=\"5633\">Recopilaci\u00f3n de pruebas s\u00f3lidas de los m\u00e9dicos, hospitales y lugares de trabajo de Savannah.<\/p>\n<\/li>\n<li data-start=\"5634\" data-end=\"5690\">\n<p data-start=\"5636\" data-end=\"5690\">Representaci\u00f3n agresiva en mediaciones y audiencias.<\/p>\n<\/li>\n<li data-start=\"5691\" data-end=\"5748\">\n<p data-start=\"5693\" data-end=\"5748\">Recursos h\u00e1biles cuando las sentencias iniciales son desfavorables.<\/p>\n<\/li>\n<\/ul>\n<h2 data-start=\"493\" data-end=\"545\">Preguntas frecuentes sobre la apelaci\u00f3n de la indemnizaci\u00f3n laboral &#8211; Savannah, GA<\/h2>\n<h3 data-start=\"547\" data-end=\"618\">\u00bfC\u00f3mo apelo una reclamaci\u00f3n de indemnizaci\u00f3n por accidente laboral denegada en Savannah?<\/h3>\n<p data-start=\"619\" data-end=\"954\">Si su reclamaci\u00f3n es denegada, puede presentar una Petici\u00f3n de prestaciones ante la Junta Estatal de Indemnizaci\u00f3n por Accidentes de Trabajo de Georgia (SBWC) en el plazo de un a\u00f1o desde su lesi\u00f3n o \u00faltimo tratamiento. Nuestros abogados de Savannah ayudan a los trabajadores de Downtown, Pooler y Port Wentworth a preparar peticiones s\u00f3lidas respaldadas por historiales m\u00e9dicos y pruebas del lugar de trabajo. <\/p>\n<h3 data-start=\"956\" data-end=\"1038\">\u00bfCu\u00e1nto tiempo se tarda en resolver un recurso de indemnizaci\u00f3n por accidente laboral en Savannah?<\/h3>\n<p data-start=\"1039\" data-end=\"1381\">Los plazos var\u00edan, pero muchos casos en Savannah y el condado de Chatham se resuelven en un plazo de tres a seis meses a trav\u00e9s de la mediaci\u00f3n. Si su caso va a juicio, puede llevar m\u00e1s tiempo, a veces hasta un a\u00f1o. Los trabajadores del puerto de Savannah y de Gulfstream Aerospace suelen obtener resultados m\u00e1s r\u00e1pidos cuando la documentaci\u00f3n es completa y precisa.  <\/p>\n<h3 data-start=\"1383\" data-end=\"1437\">\u00bfPor qu\u00e9 se deniegan las solicitudes de indemnizaci\u00f3n por accidente laboral en Savannah?<\/h3>\n<p data-start=\"1438\" data-end=\"1813\">Entre las razones m\u00e1s comunes se encuentran el incumplimiento de los plazos de notificaci\u00f3n, la falta de pruebas m\u00e9dicas o las disputas sobre si la lesi\u00f3n est\u00e1 relacionada con el trabajo. Por ejemplo, una enfermera del Memorial Health puede enfrentarse a una denegaci\u00f3n si los registros no vinculan claramente una lesi\u00f3n de espalda con el levantamiento de pacientes. A un trabajador de hosteler\u00eda de River Street se le puede denegar si el empresario argumenta que la lesi\u00f3n se produjo fuera del trabajo.  <\/p>\n<h3 data-start=\"1815\" data-end=\"1881\">\u00bfPuedo seguir percibiendo prestaciones si padezco una enfermedad preexistente?<\/h3>\n<p data-start=\"1882\" data-end=\"2207\">S\u00ed. Muchos trabajadores de Savannah tienen \u00e9xito en sus apelaciones incluso con dolencias preexistentes. Por ejemplo, si ya ten\u00eda un problema de rodilla pero el levantamiento repetitivo en el puerto de Savannah lo empeor\u00f3, a\u00fan puede tener derecho a una indemnizaci\u00f3n. La clave es una s\u00f3lida documentaci\u00f3n m\u00e9dica que demuestre que su trabajo agrav\u00f3 la dolencia.   <\/p>\n<h3 data-start=\"2209\" data-end=\"2259\">\u00bfTendr\u00e9 que asistir a una audiencia en Savannah?<\/h3>\n<p data-start=\"2260\" data-end=\"2592\">Si la mediaci\u00f3n fracasa, su caso pasar\u00e1 a una audiencia final ante un juez. Las audiencias suelen celebrarse a poca distancia en coche del centro de Savannah. Su abogado presentar\u00e1 pruebas m\u00e9dicas de proveedores como St. Joseph&#8217;s\/Candler o Chatham Orthopaedic Associates, junto con el testimonio de testigos, para demostrar su caso.  <\/p>\n<h3 data-start=\"2594\" data-end=\"2655\">\u00bfQu\u00e9 prestaciones puedo recibir si mi recurso prospera?<\/h3>\n<p data-start=\"2656\" data-end=\"3000\">Las apelaciones que prosperan pueden dar lugar a cobertura de atenci\u00f3n m\u00e9dica, sustituci\u00f3n salarial (incapacidad total temporal o incapacidad parcial temporal) y prestaciones por incapacidad parcial permanente. Por ejemplo, un trabajador de la construcci\u00f3n lesionado a lo largo de Bay Street podr\u00eda recuperar los salarios perdidos durante la recuperaci\u00f3n, adem\u00e1s de las prestaciones en curso si persiste el deterioro permanente. <\/p>\n<h3 data-start=\"3002\" data-end=\"3070\">\u00bfCu\u00e1nto cuesta contratar a un abogado de compensaci\u00f3n de trabajadores de Savannah?<\/h3>\n<p data-start=\"3071\" data-end=\"3406\">En las Oficinas Legales de Humberto Izquierdo, Jr., PC, no hay costos por adelantado. Trabajamos sobre la base de honorarios condicionales, lo que significa que s\u00f3lo cobramos si usted gana su caso. Muchos trabajadores de Savannah &#8211; desde empleados industriales cerca de Garden City hasta maestros y empleados municipales en el centro de la ciudad &#8211; conf\u00edan en este sistema para que la ayuda legal sea asequible.  <\/p>\n<h3 data-start=\"3408\" data-end=\"3456\">\u00bfQu\u00e9 ocurre si mi recurso vuelve a ser denegado?<\/h3>\n<p data-start=\"3457\" data-end=\"3749\">Si el juez deniega su apelaci\u00f3n, puede llevar el caso ante el Tribunal de Apelaciones de Georgia. Este nivel no permite nuevas pruebas, por lo que es crucial presentar un caso s\u00f3lido durante la primera vista. Nuestros abogados de Savannah gu\u00edan a los clientes a trav\u00e9s de este proceso para proteger todas las opciones posibles.  <\/p>\n<p data-start=\"3457\" data-end=\"3749\"><img fetchpriority=\"high\" decoding=\"async\" class=\"alignnone wp-image-2251 size-full\" src=\"https:\/\/www.humbertoinjurylaw.com\/wp-content\/uploads\/2020\/12\/humbert-injury-law-team-copy.webp\" alt=\"abogados de indemnizaci\u00f3n laboral en savannah, georgia, listos para ayudarle a apelar su reclamaci\u00f3n impugnada  \" width=\"700\" height=\"550\" srcset=\"https:\/\/www.humbertoinjurylaw.com\/wp-content\/uploads\/2020\/12\/humbert-injury-law-team-copy.webp 700w, https:\/\/www.humbertoinjurylaw.com\/wp-content\/uploads\/2020\/12\/humbert-injury-law-team-copy-300x236.webp 300w\" sizes=\"(max-width: 700px) 100vw, 700px\" \/><\/p>\n<h2 data-start=\"6679\" data-end=\"6756\">P\u00f3ngase en contacto hoy mismo con el bufete de abogados de Humberto Izquierdo, Jr., PC en Savannah<\/h2>\n<p data-start=\"6758\" data-end=\"6978\">Una reclamaci\u00f3n denegada no significa que deba darse por vencido. Con <a href=\"\/\">las Oficinas Legales de Humberto Izquierdo, Jr., PC,<\/a> usted gana un defensor que entiende las industrias de Savannah, sus trabajadores y las t\u00e1cticas que usan las compa\u00f1\u00edas de seguros. <\/p>\n<p data-start=\"6980\" data-end=\"7214\">Atendemos a clientes de Savannah, Pooler, Port Wentworth, Garden City, Thunderbolt y el condado de Chatham. Desde la presentaci\u00f3n de su petici\u00f3n hasta la presentaci\u00f3n de su caso en las audiencias, luchamos para proteger sus derechos y asegurar sus beneficios. <\/p>\n<p data-start=\"7216\" data-end=\"7309\">Ll\u00e1menos a <a href=\"tel:+17708888901\"><i class=\"fa fa-phone-alt\"><\/i>(770) 888-8901<\/a> o <a href=\"https:\/\/www.humbertoinjurylaw.com\/es\/contacto\/\">rellene nuestro formulario en l\u00ednea para una consulta gratuita hoy mismo.<\/a><\/p>\n","protected":false},"excerpt":{"rendered":"<p>C\u00f3mo apelar una reclamaci\u00f3n de indemnizaci\u00f3n laboral y navegar por el proceso de disputa en Savannah, Georgia Si le han denegado la indemnizaci\u00f3n por accidente laboral en Savannah, el condado de Chatham o zonas cercanas como Pooler, Garden City o Port Wentworth, a\u00fan tiene opciones. Las apelaciones pueden resultar abrumadoras, especialmente cuando las compa\u00f1\u00edas de [&hellip;]<\/p>\n","protected":false},"author":38,"featured_media":0,"parent":0,"menu_order":0,"comment_status":"closed","ping_status":"closed","template":"","meta":{"_acf_changed":false,"anchor_text":"","footnotes":""},"class_list":["post-10262","page","type-page","status-publish","hentry"],"acf":[],"_links":{"self":[{"href":"https:\/\/www.humbertoinjurylaw.com\/es\/wp-json\/wp\/v2\/pages\/10262","targetHints":{"allow":["GET"]}}],"collection":[{"href":"https:\/\/www.humbertoinjurylaw.com\/es\/wp-json\/wp\/v2\/pages"}],"about":[{"href":"https:\/\/www.humbertoinjurylaw.com\/es\/wp-json\/wp\/v2\/types\/page"}],"author":[{"embeddable":true,"href":"https:\/\/www.humbertoinjurylaw.com\/es\/wp-json\/wp\/v2\/users\/38"}],"replies":[{"embeddable":true,"href":"https:\/\/www.humbertoinjurylaw.com\/es\/wp-json\/wp\/v2\/comments?post=10262"}],"version-history":[{"count":0,"href":"https:\/\/www.humbertoinjurylaw.com\/es\/wp-json\/wp\/v2\/pages\/10262\/revisions"}],"wp:attachment":[{"href":"https:\/\/www.humbertoinjurylaw.com\/es\/wp-json\/wp\/v2\/media?parent=10262"}],"curies":[{"name":"wp","href":"https:\/\/api.w.org\/{rel}","templated":true}]}}