{"id":10281,"date":"2025-08-19T16:09:31","date_gmt":"2025-08-19T20:09:31","guid":{"rendered":"https:\/\/www.humbertoinjurylaw.com\/alpharetta\/alpharetta-abogado-de-accidente-de-coche\/abogado-de-accidentes-por-enviar-mensajes-de-texto-al-conducir-en-alpharetta\/"},"modified":"2026-03-11T09:47:53","modified_gmt":"2026-03-11T13:47:53","slug":"abogado-de-accidentes-por-enviar-mensajes-de-texto-al-conducir-en-alpharetta","status":"publish","type":"page","link":"https:\/\/www.humbertoinjurylaw.com\/es\/alpharetta\/alpharetta-abogado-de-accidente-de-coche\/abogado-de-accidentes-por-enviar-mensajes-de-texto-al-conducir-en-alpharetta\/","title":{"rendered":"Abogado de accidentes por enviar mensajes de texto al conducir en Alpharetta"},"content":{"rendered":"<h2 data-start=\"0\" data-end=\"66\">Abogado de accidentes por enviar mensajes de texto al conducir en Alpharetta, Georgia<\/h2>\n<h3 data-start=\"68\" data-end=\"143\">Por qu\u00e9 enviar mensajes de texto mientras se conduce es especialmente peligroso en las carreteras de Alpharetta<\/h3>\n<p data-start=\"145\" data-end=\"529\">En Alpharetta, Georgia -donde confluyen carreteras muy transitadas como la GA-400, intersecciones suburbanas y tr\u00e1fico local- enviar mensajes de texto mientras se conduce es una preocupaci\u00f3n creciente. Esta forma de conducci\u00f3n distra\u00edda es especialmente peligrosa porque combina distracciones visuales, manuales y cognitivas. Eso significa que cuando alguien env\u00eda mensajes de texto al volante, sus ojos, sus manos y su cerebro se desv\u00edan de la carretera.<\/p>\n<p data-start=\"531\" data-end=\"856\">Como sus <a href=\"https:\/\/www.humbertoinjurylaw.com\/es\/alpharetta\/alpharetta-abogado-de-accidente-de-coche\/\" target=\"_blank\" rel=\"noopener\">abogados locales de accidentes automovil\u00edsticos<\/a> de conducci\u00f3n, Las Oficinas Legales de Humberto Izquierdo Jr., PC entienden c\u00f3mo un momento de distracci\u00f3n puede conducir a una vida de consecuencias. Ya sea que el accidente ocurri\u00f3 en Windward Parkway, cerca de North Point Mall, o en una zona escolar bulliciosa Alpharetta, estamos aqu\u00ed para abogar por usted.<\/p>\n<h2>\u00bfQu\u00e9 hace que enviar mensajes de texto mientras se conduce sea peor que otras distracciones?<\/h2>\n<p>Enviar mensajes de texto no s\u00f3lo es inseguro: es letal. Seg\u00fan la Administraci\u00f3n Nacional de Seguridad del Tr\u00e1fico en Carretera (NHTSA), al enviar o leer un mensaje de texto se apartan los ojos de la carretera durante 5 segundos. A 55 mph, eso es como conducir la longitud de un campo de f\u00fatbol con los ojos vendados.<\/p>\n<p>A diferencia de sintonizar la radio o comer en el coche, los mensajes de texto se combinan:<\/p>\n<ul data-spread=\"false\">\n<li><strong>Distracci\u00f3n visual<\/strong>: Apartar la vista de la carretera.<\/li>\n<li><strong>Distracci\u00f3n manual<\/strong>: Manos fuera del volante.<\/li>\n<li><strong>Distracci\u00f3n cognitiva<\/strong>: La mente fuera de la conducci\u00f3n.<\/li>\n<\/ul>\n<p>En barrios de Alpharetta con mucho tr\u00e1fico o en zonas escolares, estas distracciones pueden provocar lesiones catastr\u00f3ficas o v\u00edctimas mortales. Nuestro equipo investiga los peque\u00f1os detalles de su accidente y trabaja para responsabilizar a los conductores negligentes.<\/p>\n<h2 data-start=\"0\" data-end=\"69\">La Ley de Manos Libres de Georgia y su papel en las demandas por choques con mensajes de texto<\/h2>\n<p data-start=\"71\" data-end=\"316\">Desde la promulgaci\u00f3n de la Ley de Manos Libres de Georgia en 2018, los conductores tienen prohibido sostener un tel\u00e9fono o enviar mensajes de texto mientras conducen. En Alpharetta, donde las fuerzas del orden <a href=\"https:\/\/www.fultoncountyga.gov\/\" target=\"_blank\" rel=\"noopener\">del condado de Fulton<\/a> han aumentado las patrullas, esta ley se aplica estrictamente.<\/p>\n<p data-start=\"318\" data-end=\"527\">Si el conductor que caus\u00f3 su accidente de tr\u00e1fico en Alpharetta infringi\u00f3 la Ley de Manos Libres, eso refuerza su caso de forma significativa. No se trata s\u00f3lo de demostrar negligencia, se trata de demostrar una violaci\u00f3n legal.<\/p>\n<p data-start=\"529\" data-end=\"744\">En las Oficinas Legales de Humberto Izquierdo Jr., utilizamos la ley a su favor, incorporando informes de la polic\u00eda local de Alpharetta, datos de tel\u00e9fonos celulares y declaraciones de testigos para construir un caso convincente de lesiones personales.<\/p>\n<h2>Qu\u00e9 hacer tras un accidente por enviar mensajes de texto mientras conduce en Alpharetta<\/h2>\n<p>Los accidentes ocurren r\u00e1pido, pero los pasos correctos despu\u00e9s pueden proteger su salud&#8230; y sus derechos.<\/p>\n<ol start=\"1\" data-spread=\"false\">\n<li>Llame al 911 y solicite un informe policial.<\/li>\n<li>Tome fotos de la escena, de los da\u00f1os del veh\u00edculo y de las lesiones.<\/li>\n<li>Reciba tratamiento m\u00e9dico, incluso si los s\u00edntomas tardan en aparecer.<\/li>\n<li>Re\u00fana informaci\u00f3n sobre los testigos.<\/li>\n<li>P\u00f3ngase en contacto inmediatamente con un abogado especializado en accidentes por enviar mensajes de texto mientras conduce en Alpharetta.<\/li>\n<\/ol>\n<p>Nuestra oficina est\u00e1 preparada para responder r\u00e1pidamente, asegur\u00e1ndose de que se conservan las pruebas y de que su reclamaci\u00f3n se documenta exhaustivamente.<\/p>\n<h2>Lesiones graves causadas por accidentes en los que se env\u00eda mensajes de texto mientras se conduce<\/h2>\n<p>Los accidentes por mensajes de texto suelen provocar lesiones que cambian la vida. Algunas de las m\u00e1s comunes incluyen:<\/p>\n<ul data-spread=\"false\">\n<li>Lesiones cerebrales traum\u00e1ticas (TBI)<\/li>\n<li>Da\u00f1os en la m\u00e9dula espinal y par\u00e1lisis<\/li>\n<li>Huesos rotos y da\u00f1os en los \u00f3rganos internos<\/li>\n<li>Latigazo cervical grave y lesiones de espalda<\/li>\n<li>Trauma emocional y TEPT<\/li>\n<\/ul>\n<p>Nuestro <a href=\"https:\/\/www.humbertoinjurylaw.com\/es\/alpharetta\/alpharetta-abogado-de-lesiones-personales\/\" target=\"_blank\" rel=\"noopener\">equipo de lesiones personales de Alpharetta<\/a> trabaja en estrecha colaboraci\u00f3n con neur\u00f3logos, especialistas ortop\u00e9dicos y terapeutas para cuantificar el impacto a largo plazo de sus lesiones y recuperar la m\u00e1xima indemnizaci\u00f3n.<\/p>\n<h2 data-start=\"0\" data-end=\"79\">Enfoque Local: Accidentes por mensajes de texto en zonas escolares e intersecciones de Alpharetta<\/h2>\n<p data-start=\"81\" data-end=\"402\">Enviar mensajes de texto mientras se conduce no s\u00f3lo ocurre en las autopistas. Las carreteras locales de Alpharetta -como Windward Parkway, Old Milton Parkway y los alrededores del instituto Alpharetta High School- son puntos calientes de incidentes de conducci\u00f3n distra\u00edda. Con la afluencia de nuevos residentes y la creciente congesti\u00f3n del tr\u00e1fico, estas carreteras son cada vez m\u00e1s peligrosas.<\/p>\n<p data-start=\"404\" data-end=\"728\">Si usted o su hijo han resultado heridos en una zona escolar o cerca de una intersecci\u00f3n local debido a un accidente por enviar mensajes de texto mientras se conduce, buscaremos agresivamente justicia para su familia. Nuestro conocimiento de los patrones de tr\u00e1fico locales y de las estad\u00edsticas de accidentes refuerza su reclamaci\u00f3n como su abogado especializado en accidentes de tr\u00e1fico en Alpharetta.<\/p>\n<h2><img fetchpriority=\"high\" decoding=\"async\" class=\"alignnone wp-image-6993 size-full\" src=\"https:\/\/www.humbertoinjurylaw.com\/wp-content\/uploads\/2025\/08\/texting-while-driving-alpharetta.jpg\" alt=\"Enviar mensajes de texto mientras conduce Alpharetta\" width=\"650\" height=\"433\" srcset=\"https:\/\/www.humbertoinjurylaw.com\/wp-content\/uploads\/2025\/08\/texting-while-driving-alpharetta.jpg 650w, https:\/\/www.humbertoinjurylaw.com\/wp-content\/uploads\/2025\/08\/texting-while-driving-alpharetta-300x200.jpg 300w\" sizes=\"(max-width: 650px) 100vw, 650px\" \/><\/h2>\n<h2>El papel de los registros de tel\u00e9fonos m\u00f3viles y de los peritos en su caso<\/h2>\n<p>Demostrar que un conductor estaba enviando mensajes de texto en el momento de un accidente no siempre es sencillo. Por eso nosotros:<\/p>\n<ul data-spread=\"false\">\n<li>Cite los registros de tel\u00e9fonos m\u00f3viles para establecer los plazos de env\u00edo de mensajes de texto.<\/li>\n<li>Recurra a expertos en reconstrucci\u00f3n de accidentes que analicen las marcas de derrape, los \u00e1ngulos de impacto y el flujo del tr\u00e1fico.<\/li>\n<li>Utilice los datos de geolocalizaci\u00f3n para rastrear el uso y los movimientos del tel\u00e9fono.<\/li>\n<li>Traiga a expertos m\u00e9dicos para validar las reclamaciones por lesiones.<\/li>\n<\/ul>\n<p>Estas pruebas nos permiten pintar un cuadro completo de la negligencia del conductor y su impacto en su vida.<\/p>\n<h2>Indemnizaciones que puede recuperar tras un accidente por enviar mensajes de texto mientras conduce<\/h2>\n<p>Cada choque por enviar mensajes de texto mientras conduce es diferente, pero aqu\u00ed est\u00e1n los da\u00f1os comunes que perseguimos para los clientes en Alpharetta:<\/p>\n<ul data-spread=\"false\">\n<li>Facturas m\u00e9dicas y gastos de cuidados futuros<\/li>\n<li>P\u00e9rdida de ingresos y disminuci\u00f3n del potencial de ingresos<\/li>\n<li>Dolor y Sufrimiento<\/li>\n<li>Angustia emocional y p\u00e9rdida de disfrute<\/li>\n<li>Da\u00f1os materiales<\/li>\n<li>Da\u00f1os punitivos en casos de negligencia extrema<\/li>\n<\/ul>\n<p>Manejamos cada caso personalmente y perseguimos cada d\u00f3lar al que usted tiene derecho bajo la ley de Georgia.<\/p>\n<h2 data-start=\"0\" data-end=\"61\">Accidentes de veh\u00edculos comerciales en los que est\u00e1 implicada la conducci\u00f3n distra\u00edda<\/h2>\n<p data-start=\"63\" data-end=\"333\">Si en su accidente de tr\u00e1fico en Alpharetta se vio implicado un veh\u00edculo comercial -como un cami\u00f3n de reparto o un conductor de transporte compartido- las complejidades legales se multiplican. En Alpharetta, donde el tr\u00e1fico log\u00edstico ha aumentado debido al crecimiento suburbano, estos choques son cada vez m\u00e1s comunes.<\/p>\n<p data-start=\"335\" data-end=\"352\">Nosotros investigamos:<\/p>\n<ul data-start=\"354\" data-end=\"468\">\n<li data-start=\"354\" data-end=\"391\">\n<p data-start=\"356\" data-end=\"391\">Pol\u00edticas de la empresa sobre el uso del tel\u00e9fono m\u00f3vil<\/p>\n<\/li>\n<li data-start=\"392\" data-end=\"436\">\n<p data-start=\"394\" data-end=\"436\">Formaci\u00f3n de conductores y expedientes disciplinarios<\/p>\n<\/li>\n<li data-start=\"437\" data-end=\"468\">\n<p data-start=\"439\" data-end=\"468\">Infracciones de la FMCSA<\/p>\n<\/li>\n<\/ul>\n<p data-start=\"470\" data-end=\"608\">Esto nos ayuda a responsabilizar tanto al conductor como a su empleador de sus lesiones, como su abogado de confianza en accidentes de tr\u00e1fico en Alpharetta.<\/p>\n<h2>\u00bfQu\u00e9 hace diferente a nuestro equipo legal de Alpharetta?<\/h2>\n<p>En Las Oficinas Legales de Humberto Izquierdo Jr., no somos s\u00f3lo abogados-somos sus vecinos en el Condado de Fulton. Entendemos los sistemas judiciales locales, los procedimientos de aplicaci\u00f3n de la ley, y c\u00f3mo los accidentes de mensajes de texto se desarrollan en las carreteras de Alpharetta.<\/p>\n<ul data-spread=\"false\">\n<li><strong>Ventaja local<\/strong>: Profundo conocimiento de los tribunales y jueces del condado de Fulton.<\/li>\n<li><strong>Investigaciones Tech-Savvy<\/strong>: Utilizamos las herramientas m\u00e1s modernas para analizar los datos digitales y de tr\u00e1fico.<\/li>\n<li><strong>Comunicaci\u00f3n con el cliente en primer lugar<\/strong>: Nunca se preguntar\u00e1 por el estado de su caso.<\/li>\n<\/ul>\n<p>Nos tomamos cada caso como algo personal porque nuestra comunidad importa.<\/p>\n<h2>Plazos: \u00bfDe cu\u00e1nto tiempo dispone para presentar una demanda en Georgia?<\/h2>\n<p>Seg\u00fan la ley de Georgia, por lo general dispone de dos a\u00f1os para presentar una demanda por lesiones personales. Sin embargo, actuar con rapidez garantiza que las pruebas cruciales -como las grabaciones de CCTV y los registros telef\u00f3nicos- no desaparezcan.<\/p>\n<p>Si se encuentra en Alpharetta y ha sufrido un accidente relacionado con el env\u00edo de mensajes de texto, no se demore. Deje que nuestro equipo inicie su reclamaci\u00f3n de inmediato.<\/p>\n<h2 data-start=\"0\" data-end=\"93\">Preguntas frecuentes sobre los accidentes por enviar mensajes de texto mientras conduce en Alpharetta, Georgia<\/h2>\n<h3 data-start=\"95\" data-end=\"178\">\u00bfQu\u00e9 debo hacer si me atropella alguien que env\u00eda mensajes de texto mientras conduce en Alpharetta?<\/h3>\n<p data-start=\"180\" data-end=\"599\">Si fue atropellado por un conductor que enviaba mensajes de texto mientras conduc\u00eda en <a href=\"https:\/\/www.humbertoinjurylaw.com\/es\/alpharetta\/\" target=\"_blank\" rel=\"noopener\">Alpharetta<\/a>, el primer paso es buscar atenci\u00f3n m\u00e9dica y ponerse en contacto con la polic\u00eda para presentar un informe oficial del accidente. A continuaci\u00f3n, p\u00f3ngase en contacto con un abogado local especializado en accidentes de tr\u00e1fico en Alpharetta que se ocupe de casos de env\u00edo de mensajes de texto mientras conduce. Su abogado puede investigar el accidente, solicitar los registros telef\u00f3nicos del otro conductor y presentar una demanda de indemnizaci\u00f3n en su nombre.<\/p>\n<h3 data-start=\"601\" data-end=\"669\">\u00bfC\u00f3mo puedo demostrar que el otro conductor estaba enviando mensajes de texto durante el accidente?<\/h3>\n<p data-start=\"671\" data-end=\"1028\">Demostrar que se env\u00edan mensajes de texto mientras se conduce suele implicar la obtenci\u00f3n de registros de tel\u00e9fonos m\u00f3viles, la revisi\u00f3n de grabaciones de tr\u00e1fico o de c\u00e1maras de salpicadero y la recopilaci\u00f3n de testimonios de testigos presenciales. Un abogado con experiencia en accidentes de tr\u00e1fico en Alpharetta puede presentar una citaci\u00f3n para obtener los datos del tel\u00e9fono del conductor y trabajar con expertos en reconstrucci\u00f3n de accidentes para establecer que la conducci\u00f3n distra\u00edda fue la causa del accidente.<\/p>\n<p data-start=\"671\" data-end=\"1028\"><img decoding=\"async\" class=\"alignnone wp-image-6999 size-full\" src=\"https:\/\/www.humbertoinjurylaw.com\/wp-content\/uploads\/2025\/08\/alpharetta-driving-accident.jpg\" alt=\"Accidente de tr\u00e1fico en Alpharetta\" width=\"650\" height=\"433\" srcset=\"https:\/\/www.humbertoinjurylaw.com\/wp-content\/uploads\/2025\/08\/alpharetta-driving-accident.jpg 650w, https:\/\/www.humbertoinjurylaw.com\/wp-content\/uploads\/2025\/08\/alpharetta-driving-accident-300x200.jpg 300w\" sizes=\"(max-width: 650px) 100vw, 650px\" \/><\/p>\n<h3 data-start=\"1030\" data-end=\"1080\">\u00bfEs ilegal enviar mensajes de texto mientras se conduce en Georgia?<\/h3>\n<p data-start=\"1082\" data-end=\"1413\">S\u00ed, seg\u00fan la Ley de Manos Libres de Georgia, los conductores tienen prohibido sostener o utilizar un tel\u00e9fono m\u00f3vil mientras conducen un veh\u00edculo de motor. Si un conductor provoca un accidente mientras env\u00eda mensajes de texto mientras conduce, se le considera negligente y puede ser considerado responsable legal y econ\u00f3micamente de las lesiones y da\u00f1os materiales causados por su distracci\u00f3n.<\/p>\n<h3 data-start=\"1415\" data-end=\"1492\">\u00bfPuedo demandar a alguien por enviar mensajes de texto mientras conduce si ha provocado mi accidente?<\/h3>\n<p data-start=\"1494\" data-end=\"1844\">S\u00ed, si un conductor distra\u00eddo estaba enviando mensajes de texto mientras conduc\u00eda y caus\u00f3 su accidente de tr\u00e1fico en Alpharetta, usted puede demandar por da\u00f1os y perjuicios. Esto incluye gastos m\u00e9dicos, salarios perdidos, dolor y sufrimiento, y angustia emocional. En algunos casos, si la conducta fue imprudente, su abogado tambi\u00e9n puede reclamar da\u00f1os punitivos para responsabilizar a\u00fan m\u00e1s al conductor.<\/p>\n<h3 data-start=\"1846\" data-end=\"1920\">\u00bfQu\u00e9 tipo de lesiones son habituales en los accidentes por enviar mensajes de texto mientras se conduce?<\/h3>\n<p data-start=\"1922\" data-end=\"2222\">Los choques por enviar mensajes de texto mientras se conduce suelen provocar lesiones graves como latigazos cervicales, fracturas \u00f3seas, da\u00f1os en la m\u00e9dula espinal, lesiones cerebrales traum\u00e1ticas y da\u00f1os en los tejidos blandos. Incluso las colisiones a baja velocidad pueden causar da\u00f1os f\u00edsicos y emocionales a largo plazo debido al impacto repentino provocado por un conductor distra\u00eddo.<\/p>\n<h3 data-start=\"2224\" data-end=\"2293\">\u00bfQui\u00e9n paga mis facturas m\u00e9dicas tras un accidente relacionado con el env\u00edo de mensajes de texto?<\/h3>\n<p data-start=\"2295\" data-end=\"2621\">Normalmente, la compa\u00f1\u00eda de seguros del conductor culpable es responsable de cubrir sus gastos m\u00e9dicos. Si est\u00e1n infraasegurados o niegan su responsabilidad, puede aplicarse su propia cobertura de motorista no asegurado (UM). Un abogado especializado en accidentes de tr\u00e1fico de Alpharetta puede ayudarle a presentar y negociar estas reclamaciones para garantizar que los gastos de su tratamiento queden totalmente cubiertos.<\/p>\n<h3 data-start=\"2623\" data-end=\"2714\">\u00bfCu\u00e1nto tiempo tengo para presentar una demanda por un accidente por enviar mensajes de texto mientras se conduce en Georgia?<\/h3>\n<p data-start=\"2716\" data-end=\"3012\">Dispone de dos a\u00f1os a partir de la fecha del accidente para presentar una demanda por lesiones personales en Georgia. Sin embargo, actuar con rapidez da tiempo a su abogado de accidentes de tr\u00e1fico en Alpharetta para conservar pruebas -como registros de texto y relatos de testigos- que de otro modo podr\u00edan perderse o resultar inaccesibles tras un retraso.<\/p>\n<h3 data-start=\"3014\" data-end=\"3076\">\u00bfA\u00fan puedo recuperar los da\u00f1os si tuve parte de la culpa?<\/h3>\n<p data-start=\"3078\" data-end=\"3397\">S\u00ed. Georgia utiliza una regla de culpa comparativa modificada. Mientras usted haya sido responsable en menos de un 50%, a\u00fan puede recuperar los da\u00f1os. Su indemnizaci\u00f3n se reducir\u00e1 en funci\u00f3n de su porcentaje de culpa. Un abogado experto en accidentes por mensajes de texto le ayudar\u00e1 a demostrar que la distracci\u00f3n del otro conductor fue la causa principal del accidente.<\/p>\n<h3 data-start=\"3399\" data-end=\"3475\">\u00bfSe enfrentar\u00e1 el otro conductor a cargos penales por enviar mensajes de texto mientras conduce?<\/h3>\n<p data-start=\"3477\" data-end=\"3793\">Enviar mensajes de texto mientras conduce puede dar lugar a citaciones, multas e incluso cargos penales, especialmente si la distracci\u00f3n provoc\u00f3 lesiones graves o v\u00edctimas mortales. Aunque las sanciones penales se tramitan por separado de los casos civiles, una condena o citaci\u00f3n puede respaldar su demanda por lesiones personales al establecer una negligencia legal.<\/p>\n<h3 data-start=\"3795\" data-end=\"3857\">\u00bfCu\u00e1nto vale un caso de accidente por enviar mensajes de texto mientras se conduce?<\/h3>\n<p data-start=\"3859\" data-end=\"4189\">El valor de un caso de accidente por enviar mensajes de texto mientras conduce depende de la gravedad de sus lesiones, los gastos m\u00e9dicos, el tiempo de baja laboral y el desgaste emocional que le haya causado el accidente. Un abogado especializado en lesiones personales puede evaluar todos los aspectos de su caso -incluidas las necesidades futuras de cuidados y los posibles da\u00f1os punitivos- para estimar una cantidad justa de acuerdo.<\/p>\n<h2>Llame hoy mismo a un abogado de Alpharetta especializado en mensajes de texto mientras conduce<\/h2>\n<p><img decoding=\"async\" class=\"alignnone wp-image-7002 size-full\" src=\"https:\/\/www.humbertoinjurylaw.com\/wp-content\/uploads\/2025\/08\/alpharetta-car-accident-lawyer.jpg\" alt=\"Alpharetta Abogado de Accidente de Coche\" width=\"650\" height=\"433\" srcset=\"https:\/\/www.humbertoinjurylaw.com\/wp-content\/uploads\/2025\/08\/alpharetta-car-accident-lawyer.jpg 650w, https:\/\/www.humbertoinjurylaw.com\/wp-content\/uploads\/2025\/08\/alpharetta-car-accident-lawyer-300x200.jpg 300w\" sizes=\"(max-width: 650px) 100vw, 650px\" \/><\/p>\n<p>Usted no tiene que enfrentar este reto solo. Deje que el Bufete de Humberto Izquierdo Jr. le ayude a seguir adelante con confianza. Protegeremos sus derechos, lucharemos por su futuro y le ayudaremos a recuperar lo que se le debe.<\/p>\n<p>Llame 24 horas al d\u00eda, 7 d\u00edas a la semana: <a href=\"tel:+17708888901\"><i class=\"fa fa-phone-alt\"><\/i>(770) 888-8901<\/a><br \/>\nConsulta gratuita | Sin honorarios a menos que ganemos<\/p>\n<p>Su camino hacia la recuperaci\u00f3n comienza hoy. <a href=\"https:\/\/www.humbertoinjurylaw.com\/es\/contacto\/\" target=\"_blank\" rel=\"noopener\">P\u00f3ngase en contacto con nosotros y deje que nuestros experimentados abogados de Alpharetta se encarguen del resto.<\/a><\/p>\n","protected":false},"excerpt":{"rendered":"<p>Abogado de accidentes por enviar mensajes de texto al conducir en Alpharetta, Georgia Por qu\u00e9 enviar mensajes de texto mientras se conduce es especialmente peligroso en las carreteras de Alpharetta En Alpharetta, Georgia -donde confluyen carreteras muy transitadas como la GA-400, intersecciones suburbanas y tr\u00e1fico local- enviar mensajes de texto mientras se conduce es una [&hellip;]<\/p>\n","protected":false},"author":53,"featured_media":0,"parent":3450,"menu_order":0,"comment_status":"closed","ping_status":"closed","template":"","meta":{"_acf_changed":false,"anchor_text":"","footnotes":""},"class_list":["post-10281","page","type-page","status-publish","hentry"],"acf":[],"_links":{"self":[{"href":"https:\/\/www.humbertoinjurylaw.com\/es\/wp-json\/wp\/v2\/pages\/10281","targetHints":{"allow":["GET"]}}],"collection":[{"href":"https:\/\/www.humbertoinjurylaw.com\/es\/wp-json\/wp\/v2\/pages"}],"about":[{"href":"https:\/\/www.humbertoinjurylaw.com\/es\/wp-json\/wp\/v2\/types\/page"}],"author":[{"embeddable":true,"href":"https:\/\/www.humbertoinjurylaw.com\/es\/wp-json\/wp\/v2\/users\/53"}],"replies":[{"embeddable":true,"href":"https:\/\/www.humbertoinjurylaw.com\/es\/wp-json\/wp\/v2\/comments?post=10281"}],"version-history":[{"count":1,"href":"https:\/\/www.humbertoinjurylaw.com\/es\/wp-json\/wp\/v2\/pages\/10281\/revisions"}],"predecessor-version":[{"id":10750,"href":"https:\/\/www.humbertoinjurylaw.com\/es\/wp-json\/wp\/v2\/pages\/10281\/revisions\/10750"}],"up":[{"embeddable":true,"href":"https:\/\/www.humbertoinjurylaw.com\/es\/wp-json\/wp\/v2\/pages\/3450"}],"wp:attachment":[{"href":"https:\/\/www.humbertoinjurylaw.com\/es\/wp-json\/wp\/v2\/media?parent=10281"}],"curies":[{"name":"wp","href":"https:\/\/api.w.org\/{rel}","templated":true}]}}