{"id":10283,"date":"2025-08-20T11:41:42","date_gmt":"2025-08-20T15:41:42","guid":{"rendered":"https:\/\/www.humbertoinjurylaw.com\/alpharetta\/alpharetta-abogado-de-accidente-de-coche\/abogado-de-accidente-por-cambio-de-carril-imprudente-en-alpharetta\/"},"modified":"2026-03-11T09:40:16","modified_gmt":"2026-03-11T13:40:16","slug":"abogado-de-accidente-por-cambio-de-carril-imprudente-en-alpharetta","status":"publish","type":"page","link":"https:\/\/www.humbertoinjurylaw.com\/es\/alpharetta\/alpharetta-abogado-de-accidente-de-coche\/abogado-de-accidente-por-cambio-de-carril-imprudente-en-alpharetta\/","title":{"rendered":"Abogado de accidente por cambio de carril imprudente en Alpharetta"},"content":{"rendered":"<h2 data-start=\"0\" data-end=\"61\">Abogado de Accidente por Cambio de Carril Inseguro en Alpharetta, Georgia<\/h2>\n<p data-start=\"63\" data-end=\"466\">Si usted ha sido lesionado en un accidente de cambio de carril inseguro en Alpharetta, Georgia, usted no est\u00e1 solo &#8211; y usted no tiene que navegar las secuelas por s\u00ed mismo. En el bufete de abogados de Humberto Izquierdo Jr., PC, ayudamos todos los d\u00edas a v\u00edctimas de accidentes que han sufrido lesiones graves debido a conductores que no cambian de carril de forma segura en carreteras muy transitadas como la GA-400, Windward Parkway o Old Milton Parkway.<\/p>\n<p data-start=\"468\" data-end=\"853\">Los cambios de carril imprudentes son una de las principales causas de <a href=\"https:\/\/www.humbertoinjurylaw.com\/es\/alpharetta\/alpharetta-abogado-de-accidente-de-coche\/\" target=\"_blank\" rel=\"noopener\">accidentes de tr\u00e1fico en Alpharetta<\/a>. Tanto si un conductor se desv\u00eda bruscamente, como si se olvida de se\u00f1alizar o se incorpora en un \u00e1ngulo muerto, las consecuencias pueden ser devastadoras. Estamos aqu\u00ed para hacer justicia en su nombre &#8211; y ayudarle a reclamar la indemnizaci\u00f3n total a la que tiene derecho con la ayuda de un abogado experto en accidentes de tr\u00e1fico en Alpharetta.<\/p>\n<h2 data-start=\"0\" data-end=\"56\">\u00bfQu\u00e9 se considera un cambio de carril inseguro en Georgia?<\/h2>\n<p data-start=\"58\" data-end=\"503\">Un cambio de carril inseguro se produce cuando un conductor no realiza una maniobra segura y legal al cambiar de carril. Esto incluye no se\u00f1alizar, no comprobar los \u00e1ngulos muertos o incorporarse en zonas en las que est\u00e1 prohibido cambiar de carril. La ley de Georgia exige que todos los conductores mantengan una distancia de seguridad y utilicen las se\u00f1ales adecuadas antes de cambiar de carril. El incumplimiento de estas leyes no s\u00f3lo pone en peligro al conductor, sino que pone en peligro a todos los dem\u00e1s en la carretera.<\/p>\n<p data-start=\"505\" data-end=\"1053\">En Alpharetta, donde la congesti\u00f3n del tr\u00e1fico es habitual alrededor de las salidas de la GA-400, Windward Parkway y Old Milton Parkway, el margen de error es escaso. En las carreteras locales se ve de todo, desde tr\u00e1fico de cercan\u00edas hasta camiones de reparto, por lo que es esencial que todos los conductores manejen sus veh\u00edculos con precauci\u00f3n. Nuestros abogados, con experiencia en accidentes de tr\u00e1fico en Alpharetta, investigan a fondo estos incidentes, utilizando el c\u00f3digo de Georgia y las normas de ingenier\u00eda de tr\u00e1fico para evaluar las infracciones y ayudarle con su caso de abogado de accidentes de tr\u00e1fico en Alpharetta. <img fetchpriority=\"high\" decoding=\"async\" class=\"alignnone wp-image-7069 size-full\" src=\"https:\/\/www.humbertoinjurylaw.com\/wp-content\/uploads\/2025\/08\/unsafe-lane-change-2.jpg\" alt=\"Cambio de carril inseguro\" width=\"650\" height=\"432\" srcset=\"https:\/\/www.humbertoinjurylaw.com\/wp-content\/uploads\/2025\/08\/unsafe-lane-change-2.jpg 650w, https:\/\/www.humbertoinjurylaw.com\/wp-content\/uploads\/2025\/08\/unsafe-lane-change-2-300x199.jpg 300w\" sizes=\"(max-width: 650px) 100vw, 650px\" \/><\/p>\n<h2>\u00bfCu\u00e1les son las causas comunes de los accidentes por cambio imprudente de carril en Alpharetta?<\/h2>\n<p>Los cambios de carril inseguros en Alpharetta suelen deberse a la falta de atenci\u00f3n, impaciencia o imprudencia de un conductor. Nuestro equipo legal ha identificado varias causas comunes al tramitar reclamaciones de v\u00edctimas en todo el <a href=\"https:\/\/www.fultoncountyga.gov\/\" target=\"_blank\" rel=\"noopener\">condado de Fulton<\/a>:<\/p>\n<ul data-spread=\"false\">\n<li><strong>Conducci\u00f3n distra\u00edda:<\/strong> El uso de dispositivos m\u00f3viles es uno de los principales responsables. Enviar un mensaje de texto, ajustar el GPS o mirar las redes sociales puede hacer que un conductor se desv\u00ede de carril sin darse cuenta.<\/li>\n<li><strong>Exceso de velocidad:<\/strong> A altas velocidades, resulta m\u00e1s dif\u00edcil juzgar las distancias y el momento de cambiar de carril. Los conductores con exceso de velocidad son m\u00e1s propensos a cortar el paso a otros o a colisionar durante una maniobra repentina.<\/li>\n<li><strong>Conducci\u00f3n bajo los efectos del alcohol o de otras sustancias:<\/strong> El deterioro debido al alcohol, los medicamentos recetados o las sustancias ilegales reduce las habilidades motoras, el juicio y el tiempo de reacci\u00f3n.<\/li>\n<li><strong>Conducci\u00f3n somnolienta:<\/strong> Los conductores fatigados pueden perder la concentraci\u00f3n o cabecear, desvi\u00e1ndose involuntariamente hacia los carriles adyacentes.<\/li>\n<li><strong>Conducci\u00f3n agresiva:<\/strong> Algunos automovilistas zigzaguean intencionadamente entre los coches en el tr\u00e1fico o van pegados a la cola, lo que aumenta el riesgo de colisiones laterales.<\/li>\n<\/ul>\n<p>Cada uno de estos comportamientos no s\u00f3lo es peligroso sino tambi\u00e9n ilegal cuando provoca un accidente evitable. Recopilamos pruebas para demostrar c\u00f3mo estas decisiones arriesgadas causan lesiones y p\u00e9rdidas a nuestros clientes.<\/p>\n<h2>\u00bfQui\u00e9n tiene la culpa en un accidente por cambio imprudente de carril?<\/h2>\n<p>Determinar la culpa en un caso de cambio inseguro de carril en Alpharetta puede ser complejo, especialmente cuando hay varios conductores implicados o el conductor culpable intenta disputar su responsabilidad. Georgia opera bajo una regla de culpa comparativa, lo que significa que las acciones de cada parte ser\u00e1n analizadas para asignar porcentajes de responsabilidad.<\/p>\n<h3>C\u00f3mo demostramos la culpabilidad:<\/h3>\n<ul data-spread=\"false\">\n<li><strong>Informes policiales:<\/strong> Estos documentos oficiales proporcionan informaci\u00f3n crucial sobre qui\u00e9n recibi\u00f3 las citaciones y qu\u00e9 observ\u00f3 el agente investigador.<\/li>\n<li><strong>Relatos de testigos presenciales:<\/strong> Los testimonios de pasajeros, otros automovilistas o transe\u00fantes pueden validar que el otro conductor no se\u00f1aliz\u00f3, consult\u00f3 un tel\u00e9fono o cambi\u00f3 de carril con demasiada agresividad.<\/li>\n<li><strong>C\u00e1mara de salpicadero o im\u00e1genes de seguridad:<\/strong> Las im\u00e1genes de su propia dash cam o de las c\u00e1maras de tr\u00e1fico cercanas a la intersecci\u00f3n pueden mostrar el cambio de carril inseguro en tiempo real.<\/li>\n<li><strong>Reconstrucci\u00f3n de accidentes:<\/strong> Trabajamos con ingenieros que analizan las marcas de los neum\u00e1ticos, la din\u00e1mica del choque y la posici\u00f3n del veh\u00edculo para contar la historia de lo ocurrido.<\/li>\n<li><strong>Pruebas digitales:<\/strong> Si se sospecha de conducci\u00f3n distra\u00edda, podemos citar los registros del tel\u00e9fono m\u00f3vil para determinar si los mensajes de texto o las llamadas contribuyeron al accidente.<\/li>\n<\/ul>\n<p>La culpabilidad en estos casos suele reducirse a la prueba, y sabemos exactamente qu\u00e9 buscar para defender su demanda y demostrar la negligencia de la otra parte.<\/p>\n<h2>\u00bfQu\u00e9 lesiones son habituales en las colisiones por cambio de carril imprudente?<\/h2>\n<p>Los cambios de carril imprudentes pueden provocar accidentes por alcance lateral, colisiones en T o vuelcos a gran velocidad. Las lesiones sufridas var\u00edan mucho en funci\u00f3n de la velocidad de los veh\u00edculos y del \u00e1ngulo de impacto. Las lesiones m\u00e1s comunes incluyen:<\/p>\n<ul data-spread=\"false\">\n<li><strong>Lesiones cerebrales traum\u00e1ticas (LCT):<\/strong> Se produce cuando un golpe repentino en la cabeza altera el funcionamiento normal del cerebro. Los s\u00edntomas pueden incluir dolores de cabeza, confusi\u00f3n o problemas de memoria.<\/li>\n<li><strong>Lesiones de la m\u00e9dula espinal:<\/strong> Los da\u00f1os en la m\u00e9dula espinal pueden provocar una par\u00e1lisis parcial o total que requiere una rehabilitaci\u00f3n exhaustiva.<\/li>\n<li><strong>Latigazo cervical:<\/strong> Causado por un movimiento r\u00e1pido de vaiv\u00e9n del cuello. Puede provocar rigidez, dolores de cabeza y dolor a largo plazo.<\/li>\n<li><strong>Fracturas y huesos rotos:<\/strong> Los brazos, las piernas, las costillas y las caderas suelen fracturarse en las colisiones que implican un impacto brusco.<\/li>\n<li><strong>Hemorragia interna o da\u00f1o de \u00f3rganos:<\/strong> A menudo dif\u00edciles de detectar inmediatamente, estas lesiones pueden ser mortales sin una intervenci\u00f3n m\u00e9dica a tiempo.<\/li>\n<\/ul>\n<p>Trabajamos en estrecha colaboraci\u00f3n con sus m\u00e9dicos y expertos m\u00e9dicos para documentar plenamente el alcance de sus lesiones y c\u00f3mo afectan a su salud futura y a su potencial de ingresos.<\/p>\n<p><img decoding=\"async\" class=\"alignnone wp-image-7065 size-full\" src=\"https:\/\/www.humbertoinjurylaw.com\/wp-content\/uploads\/2025\/08\/alpharetta-driving-crash.jpg\" alt=\"Choque al volante en Alpharetta\" width=\"650\" height=\"418\" srcset=\"https:\/\/www.humbertoinjurylaw.com\/wp-content\/uploads\/2025\/08\/alpharetta-driving-crash.jpg 650w, https:\/\/www.humbertoinjurylaw.com\/wp-content\/uploads\/2025\/08\/alpharetta-driving-crash-300x193.jpg 300w\" sizes=\"(max-width: 650px) 100vw, 650px\" \/><\/p>\n<h2>\u00bfQu\u00e9 indemnizaci\u00f3n puede recuperar tras un accidente por cambio de carril en Alpharetta?<\/h2>\n<p>Nuestros <a href=\"https:\/\/www.humbertoinjurylaw.com\/es\/alpharetta\/alpharetta-abogado-de-accidente-de-coche\/\" target=\"_blank\" rel=\"noopener\">abogados de accidentes de coche en Alpharetta<\/a> persiguen cada d\u00f3lar disponible para cubrir:<\/p>\n<h3>Da\u00f1os econ\u00f3micos<\/h3>\n<ul data-spread=\"false\">\n<li><strong>Atenci\u00f3n m\u00e9dica de urgencia<\/strong>: Gastos de ambulancia, visitas a urgencias, hospitalizaci\u00f3n y cirug\u00eda<\/li>\n<li><strong>Rehabilitaci\u00f3n y terapia<\/strong>: Terapia f\u00edsica y ocupacional para una recuperaci\u00f3n a largo plazo<\/li>\n<li><strong>P\u00e9rdida de ingresos<\/strong>: Salarios perdidos por ausencia del trabajo<\/li>\n<li><strong>P\u00e9rdida de capacidad de ganancia<\/strong>: Si no puede volver a su trabajo anterior<\/li>\n<li><strong>Da\u00f1os materiales<\/strong>: Incluidas las reparaciones del coche, los gastos del coche de alquiler o la sustituci\u00f3n total del veh\u00edculo<\/li>\n<\/ul>\n<h3>Da\u00f1os no econ\u00f3micos<\/h3>\n<ul data-spread=\"false\">\n<li><strong>Dolor y sufrimiento<\/strong>: Indemnizaci\u00f3n por malestar f\u00edsico y trauma emocional<\/li>\n<li><strong>P\u00e9rdida de consorcio<\/strong>: Para las relaciones afectadas por sus lesiones<\/li>\n<li><strong>Reducci\u00f3n del disfrute de la vida<\/strong>: Si no puede retomar sus aficiones o actividades cotidianas<\/li>\n<\/ul>\n<h3>Da\u00f1os punitivos<\/h3>\n<p>En casos de negligencia grave, como la conducci\u00f3n bajo los efectos del alcohol o las carreras callejeras, podemos solicitar da\u00f1os punitivos para penalizar al conductor imprudente y evitar futuras conductas indebidas.<\/p>\n<h2>\u00bfC\u00f3mo tratar con las compa\u00f1\u00edas de seguros tras un accidente por cambio de carril?<\/h2>\n<p>Las compa\u00f1\u00edas de seguros no tienen sus mejores intereses en mente. Pueden ofrecerle liquidaciones r\u00e1pidas que no tienen en cuenta los cuidados m\u00e9dicos futuros o la p\u00e9rdida de ingresos potenciales. Nuestros abogados se aseguran de que su reclamaci\u00f3n se gestione de forma profesional y exhaustiva.<\/p>\n<p>Nosotros:<\/p>\n<ul data-spread=\"false\">\n<li>Revise los t\u00e9rminos de todas las pol\u00edticas aplicables<\/li>\n<li>Presentar las reclamaciones de forma r\u00e1pida y completa<\/li>\n<li>Responder a las cartas de denegaci\u00f3n y a los pagos insuficientes<\/li>\n<li>Impugnar las decisiones del asegurador con pruebas<\/li>\n<li>Negocie el pago m\u00e1s alto posible<\/li>\n<\/ul>\n<p>Luchamos para que usted no tenga que hacerlo.<\/p>\n<h2>\u00bfQu\u00e9 debe hacer tras un accidente por cambio imprudente de carril en Alpharetta?<\/h2>\n<p>Dar los pasos adecuados tras un accidente puede afectar en gran medida a la solidez de su reclamaci\u00f3n:<\/p>\n<ol start=\"1\" data-spread=\"false\">\n<li><strong>Llame al 911:<\/strong> Presente siempre un informe policial y solicite ayuda de emergencia si es necesario.<\/li>\n<li><strong>Docum\u00e9ntelo todo:<\/strong> Tome fotograf\u00edas de su coche, del otro veh\u00edculo, de los escombros y de las se\u00f1ales de la calle.<\/li>\n<li><strong>Recopile informaci\u00f3n de contacto:<\/strong> Consiga los nombres, n\u00fameros de tel\u00e9fono y datos del seguro de todos los conductores implicados. Recabe tambi\u00e9n informaci\u00f3n de contacto de los testigos.<\/li>\n<li><strong>Busque atenci\u00f3n m\u00e9dica inmediata:<\/strong> Muchas lesiones no son visibles inmediatamente.<\/li>\n<li><strong>P\u00f3ngase en contacto con un abogado:<\/strong> Comun\u00edquese con Las Oficinas Legales de Humberto Izquierdo Jr. lo antes posible para comenzar a proteger sus derechos legales.<\/li>\n<\/ol>\n<h2>\u00bfPor qu\u00e9 elegir las Oficinas Legales de Humberto Izquierdo Jr. en Alpharetta, GA?<\/h2>\n<p>Con d\u00e9cadas de experiencia representando a v\u00edctimas de accidentes en Alpharetta y el condado de Fulton, entendemos los aspectos \u00fanicos de la <a href=\"https:\/\/www.humbertoinjurylaw.com\/es\/alpharetta\/alpharetta-abogado-de-lesiones-personales\/\" target=\"_blank\" rel=\"noopener\">ley de lesiones personales<\/a> de Georgia. Nuestra firma es conocida por:<\/p>\n<ul data-spread=\"false\">\n<li><strong>Servicio centrado en el cliente:<\/strong> Tratamos cada caso con cuidado y urgencia.<\/li>\n<li><strong>T\u00e1cticas agresivas de litigaci\u00f3n:<\/strong> Preparamos cada caso para el juicio, por lo que las compa\u00f1\u00edas de seguros nos toman en serio.<\/li>\n<li><strong>Conocimiento local:<\/strong> Conocemos los patrones de tr\u00e1fico de Alpharetta, los procedimientos judiciales y c\u00f3mo tratar con los peritos de seguros locales.<\/li>\n<li><strong>Sin honorarios por adelantado:<\/strong> S\u00f3lo cobramos cuando ganamos su caso.<\/li>\n<\/ul>\n<h2 data-start=\"0\" data-end=\"83\">Preguntas frecuentes sobre accidentes por cambio de carril inseguro en Alpharetta, GA<\/h2>\n<h3 data-start=\"85\" data-end=\"160\">\u00bfC\u00f3mo puedo demostrar que el otro conductor tuvo la culpa de un cambio de carril inseguro?<\/h3>\n<p data-start=\"162\" data-end=\"592\">Para demostrar la culpa en un accidente por cambio imprudente de carril, son fundamentales pruebas como los informes policiales, las grabaciones de las c\u00e1maras de salpicadero o de tr\u00e1fico, los relatos de testigos presenciales y el an\u00e1lisis de los da\u00f1os del veh\u00edculo. Nuestro abogado de accidentes de tr\u00e1fico en Alpharetta tambi\u00e9n revisa los registros de tel\u00e9fonos m\u00f3viles y el historial de comportamiento del conductor para establecer la negligencia. Utilizamos todas las pruebas disponibles para responsabilizar a los conductores imprudentes o desatentos de su accidente de tr\u00e1fico en Alpharetta.<\/p>\n<h3 data-start=\"594\" data-end=\"679\">\u00bfPuedo seguir presentando una demanda si tuve parte de culpa en el accidente por cambio de carril?<\/h3>\n<p data-start=\"681\" data-end=\"1076\">S\u00ed, seg\u00fan la ley de negligencia comparativa de Georgia, a\u00fan puede recuperar los da\u00f1os siempre que tenga menos del 50% de culpa. Su indemnizaci\u00f3n se reducir\u00e1 en funci\u00f3n de su porcentaje de culpa. Por ejemplo, si usted es encontrado responsable en un 20%, su compensaci\u00f3n ser\u00e1 reducida en un 20%. Las Oficinas Legales de Humberto Izquierdo Jr. pueden ayudar a evaluar la responsabilidad y maximizar su recuperaci\u00f3n despu\u00e9s de un cambio de carril inseguro.<\/p>\n<h3 data-start=\"1078\" data-end=\"1156\">\u00bfDe cu\u00e1nto tiempo dispongo para presentar una demanda tras un accidente por cambio de carril en Georgia?<\/h3>\n<p data-start=\"1158\" data-end=\"1451\">La ley de prescripci\u00f3n de Georgia para reclamaciones por da\u00f1os personales es de dos a\u00f1os a partir de la fecha del accidente. Para da\u00f1os materiales, es de cuatro a\u00f1os. Es fundamental actuar con rapidez para preservar las pruebas y cumplir los plazos. Contactar pronto con un abogado especializado en accidentes de tr\u00e1fico en Alpharetta refuerza su caso.<\/p>\n<h3 data-start=\"1453\" data-end=\"1524\">\u00bfPor qu\u00e9 deber\u00eda contratar a un abogado especializado en accidentes por cambio de carril imprudente en Alpharetta?<\/h3>\n<p data-start=\"1526\" data-end=\"1879\">Contratar a un abogado local como Las Oficinas Legales de Humberto Izquierdo Jr. le asegura tener a alguien familiarizado con los tribunales del Condado de Fulton, los patrones de tr\u00e1fico de Alpharetta, y las leyes de responsabilidad de Georgia. Nosotros nos encargamos de todo, desde la investigaci\u00f3n de la culpa hasta la negociaci\u00f3n con las compa\u00f1\u00edas de seguros, para que usted pueda concentrarse en sanar despu\u00e9s de su accidente de tr\u00e1nsito en Alpharetta.<\/p>\n<h3 data-start=\"1881\" data-end=\"1937\">\u00bfQu\u00e9 hace que un cambio de carril sea \u00abinseguro\u00bb seg\u00fan la ley de Georgia?<\/h3>\n<p><img decoding=\"async\" class=\"alignnone wp-image-7063 size-full\" src=\"https:\/\/www.humbertoinjurylaw.com\/wp-content\/uploads\/2025\/08\/unsafe-lane-change-accident-2.jpg\" alt=\"Accidente por cambio inseguro de carril\" width=\"650\" height=\"490\" srcset=\"https:\/\/www.humbertoinjurylaw.com\/wp-content\/uploads\/2025\/08\/unsafe-lane-change-accident-2.jpg 650w, https:\/\/www.humbertoinjurylaw.com\/wp-content\/uploads\/2025\/08\/unsafe-lane-change-accident-2-300x226.jpg 300w\" sizes=\"(max-width: 650px) 100vw, 650px\" \/><\/p>\n<p data-start=\"1939\" data-end=\"2291\">Seg\u00fan el art\u00edculo 40-6-123 del C\u00f3digo de Georgia, un cambio de carril es inseguro si se hace sin se\u00f1alizar, sin comprobar los \u00e1ngulos muertos o cuando interfiere con el funcionamiento seguro de otros veh\u00edculos. Acciones como dar volantazos bruscos, incorporarse de forma agresiva o zigzaguear entre el tr\u00e1fico tambi\u00e9n infringen la ley y constituyen negligencia en un accidente de tr\u00e1fico en Alpharetta.<\/p>\n<h3 data-start=\"2293\" data-end=\"2339\">\u00bfSubir\u00e1 mi seguro si presento una reclamaci\u00f3n?<\/h3>\n<p data-start=\"2341\" data-end=\"2625\">Si usted no tiene la culpa del accidente, es posible que sus tarifas no aumenten. Sin embargo, cada aseguradora eval\u00faa las reclamaciones de forma diferente. Hablar con un abogado especializado en accidentes de tr\u00e1fico en Alpharetta antes de ponerse en contacto con su compa\u00f1\u00eda de seguros le ayudar\u00e1 a comprender sus derechos y a evitar subidas injustas de las primas.<\/p>\n<h3 data-start=\"2627\" data-end=\"2688\">\u00bfY si el otro conductor no ten\u00eda seguro o huy\u00f3 del lugar del accidente?<\/h3>\n<p data-start=\"2690\" data-end=\"2949\">Si el conductor culpable no ten\u00eda seguro o abandon\u00f3 el lugar del accidente, a\u00fan puede recuperar una indemnizaci\u00f3n a trav\u00e9s de su propia cobertura de motorista sin seguro o con seguro insuficiente (UM\/UIM). Nuestros abogados en Alpharetta pueden ayudarle a presentar una reclamaci\u00f3n a su aseguradora y luchar por un pago justo.<\/p>\n<h3 data-start=\"2951\" data-end=\"3028\">\u00bfPuedo demandar si fui un pasajero lesionado en un accidente por cambio inseguro de carril?<\/h3>\n<p data-start=\"3030\" data-end=\"3325\">S\u00ed. Los pasajeros heridos tienen derecho a presentar una demanda contra el conductor culpable, ya sea el conductor del otro veh\u00edculo o el que conduc\u00eda el coche en el que usted viajaba. Los pasajeros rara vez son considerados culpables y a menudo tienen s\u00f3lidas reclamaciones de indemnizaci\u00f3n en un accidente de tr\u00e1fico en Alpharetta.<\/p>\n<h3 data-start=\"3327\" data-end=\"3386\">\u00bfCu\u00e1nto vale mi reclamaci\u00f3n por accidente de cambio de carril inseguro?<\/h3>\n<p data-start=\"3388\" data-end=\"3453\">Cada caso es \u00fanico, pero entre los factores que influyen en el valor de la reclamaci\u00f3n se incluyen:<\/p>\n<ul data-start=\"3454\" data-end=\"3588\">\n<li data-start=\"3454\" data-end=\"3476\">\n<p data-start=\"3456\" data-end=\"3476\">Gravedad de las lesiones<\/p>\n<\/li>\n<li data-start=\"3477\" data-end=\"3508\">\n<p data-start=\"3479\" data-end=\"3508\">Duraci\u00f3n del tratamiento m\u00e9dico<\/p>\n<\/li>\n<li data-start=\"3509\" data-end=\"3530\">\n<p data-start=\"3511\" data-end=\"3530\">Impacto en la vida laboral<\/p>\n<\/li>\n<li data-start=\"3531\" data-end=\"3562\">\n<p data-start=\"3533\" data-end=\"3562\">Pruebas de negligencia del conductor<\/p>\n<\/li>\n<li data-start=\"3563\" data-end=\"3588\">\n<p data-start=\"3565\" data-end=\"3588\">L\u00edmites de la p\u00f3liza de seguros<\/p>\n<\/li>\n<\/ul>\n<p data-start=\"3590\" data-end=\"3677\">Le ofrecemos una evaluaci\u00f3n gratuita de su caso para estimar el valor de su reclamaci\u00f3n bas\u00e1ndonos en estos elementos.<\/p>\n<h3 data-start=\"3679\" data-end=\"3763\">\u00bfQu\u00e9 carreteras de Alpharetta presentan el mayor riesgo de accidentes por cambio de carril inseguro?<\/h3>\n<p data-start=\"3765\" data-end=\"3833\">Algunas de las carreteras m\u00e1s propensas a los accidentes en Alpharetta, GA incluyen:<\/p>\n<ul data-start=\"3834\" data-end=\"3938\">\n<li data-start=\"3834\" data-end=\"3846\">\n<p data-start=\"3836\" data-end=\"3846\">GA-400<\/p>\n<\/li>\n<li data-start=\"3847\" data-end=\"3869\">\n<p data-start=\"3849\" data-end=\"3869\">Windward Parkway<\/p>\n<\/li>\n<li data-start=\"3870\" data-end=\"3894\">\n<p data-start=\"3872\" data-end=\"3894\">Old Milton Parkway<\/p>\n<\/li>\n<li data-start=\"3895\" data-end=\"3920\">\n<p data-start=\"3897\" data-end=\"3920\">North Point Parkway<\/p>\n<\/li>\n<li data-start=\"3921\" data-end=\"3938\">\n<p data-start=\"3923\" data-end=\"3938\">Calle principal<\/p>\n<\/li>\n<\/ul>\n<p data-start=\"3940\" data-end=\"4061\">Estamos familiarizados con estas zonas y sabemos c\u00f3mo investigar los accidentes que se producen en los concurridos corredores locales de Alpharetta.<\/p>\n<p data-start=\"3940\" data-end=\"4061\"><img loading=\"lazy\" decoding=\"async\" class=\"alignnone wp-image-7067 size-full\" src=\"https:\/\/www.humbertoinjurylaw.com\/wp-content\/uploads\/2025\/08\/alpharetta-driving-accident-lawyer-1.jpg\" alt=\"Abogado de accidentes de tr\u00e1fico en Alpharetta\" width=\"650\" height=\"433\" srcset=\"https:\/\/www.humbertoinjurylaw.com\/wp-content\/uploads\/2025\/08\/alpharetta-driving-accident-lawyer-1.jpg 650w, https:\/\/www.humbertoinjurylaw.com\/wp-content\/uploads\/2025\/08\/alpharetta-driving-accident-lawyer-1-300x200.jpg 300w\" sizes=\"(max-width: 650px) 100vw, 650px\" \/><\/p>\n<h2 data-start=\"0\" data-end=\"69\">Hable hoy mismo con un abogado especializado en accidentes por cambio imprudente de carril en Alpharetta<\/h2>\n<p data-start=\"71\" data-end=\"368\">No permita que la mala decisi\u00f3n de otra persona en la carretera le cueste su salud, su sustento o su tranquilidad. Si usted ha sido lesionado en un accidente de cambio de carril inseguro, llame a Las Oficinas Legales de Humberto Izquierdo Jr., PC para obtener apoyo legal compasivo y agresivo despu\u00e9s de un accidente de tr\u00e1nsito en Alpharetta.<\/p>\n<p data-start=\"370\" data-end=\"432\">Llame 24\/7: <a href=\"tel:+17708888901\"><i class=\"fa fa-phone-alt\"><\/i>(770) 888-8901<\/a><br data-start=\"388\" data-end=\"391\" \/><a href=\"https:\/\/www.humbertoinjurylaw.com\/es\/contacto\/\" target=\"_blank\" rel=\"noopener\">Consulta gratuita<\/a> | Sin honorarios a menos que ganemos<\/p>\n<p data-start=\"434\" data-end=\"555\">Estamos listos para ayudarle a recuperarse y seguir adelante con fuerza y confianza despu\u00e9s de su accidente de tr\u00e1fico en Alpharetta.<\/p>\n","protected":false},"excerpt":{"rendered":"<p>Abogado de Accidente por Cambio de Carril Inseguro en Alpharetta, Georgia Si usted ha sido lesionado en un accidente de cambio de carril inseguro en Alpharetta, Georgia, usted no est\u00e1 solo &#8211; y usted no tiene que navegar las secuelas por s\u00ed mismo. En el bufete de abogados de Humberto Izquierdo Jr., PC, ayudamos todos [&hellip;]<\/p>\n","protected":false},"author":53,"featured_media":0,"parent":3450,"menu_order":0,"comment_status":"closed","ping_status":"closed","template":"","meta":{"_acf_changed":false,"anchor_text":"","footnotes":""},"class_list":["post-10283","page","type-page","status-publish","hentry"],"acf":[],"_links":{"self":[{"href":"https:\/\/www.humbertoinjurylaw.com\/es\/wp-json\/wp\/v2\/pages\/10283","targetHints":{"allow":["GET"]}}],"collection":[{"href":"https:\/\/www.humbertoinjurylaw.com\/es\/wp-json\/wp\/v2\/pages"}],"about":[{"href":"https:\/\/www.humbertoinjurylaw.com\/es\/wp-json\/wp\/v2\/types\/page"}],"author":[{"embeddable":true,"href":"https:\/\/www.humbertoinjurylaw.com\/es\/wp-json\/wp\/v2\/users\/53"}],"replies":[{"embeddable":true,"href":"https:\/\/www.humbertoinjurylaw.com\/es\/wp-json\/wp\/v2\/comments?post=10283"}],"version-history":[{"count":2,"href":"https:\/\/www.humbertoinjurylaw.com\/es\/wp-json\/wp\/v2\/pages\/10283\/revisions"}],"predecessor-version":[{"id":10747,"href":"https:\/\/www.humbertoinjurylaw.com\/es\/wp-json\/wp\/v2\/pages\/10283\/revisions\/10747"}],"up":[{"embeddable":true,"href":"https:\/\/www.humbertoinjurylaw.com\/es\/wp-json\/wp\/v2\/pages\/3450"}],"wp:attachment":[{"href":"https:\/\/www.humbertoinjurylaw.com\/es\/wp-json\/wp\/v2\/media?parent=10283"}],"curies":[{"name":"wp","href":"https:\/\/api.w.org\/{rel}","templated":true}]}}