{"id":10380,"date":"2025-08-14T14:27:49","date_gmt":"2025-08-14T18:27:49","guid":{"rendered":"https:\/\/www.humbertoinjurylaw.com\/hapeville\/herido-en-un-accidente-de-trafico-en-hapeville\/abogado-de-accidentes-por-conduccion-agresiva-en-hapeville\/"},"modified":"2025-08-14T14:27:49","modified_gmt":"2025-08-14T18:27:49","slug":"abogado-de-accidentes-por-conduccion-agresiva-en-hapeville","status":"publish","type":"page","link":"https:\/\/www.humbertoinjurylaw.com\/es\/hapeville\/herido-en-un-accidente-de-trafico-en-hapeville\/abogado-de-accidentes-por-conduccion-agresiva-en-hapeville\/","title":{"rendered":"Abogado de accidentes por conducci\u00f3n agresiva en Hapeville"},"content":{"rendered":"<h2 data-start=\"97\" data-end=\"212\">Abogado de Confianza en Accidentes de Manejo Agresivo en Hapeville, Georgia: Las Oficinas Legales de Humberto Izquierdo Jr.<\/h2>\n<p data-start=\"214\" data-end=\"570\">Si usted o un ser querido ha sido lesionado por un conductor agresivo en Hapeville, Georgia, usted merece el apoyo legal de confianza de Las Oficinas Legales de Humberto Izquierdo Jr., PC. Nuestro experimentado equipo de abogados de Hapeville se compromete a ayudar a las v\u00edctimas de <a href=\"https:\/\/www.humbertoinjurylaw.com\/es\/hapeville\/herido-en-un-accidente-de-trafico-en-hapeville\/\">accidentes automovil\u00edsticos<\/a> por conducci\u00f3n agresiva a recibir la compensaci\u00f3n plena y justa a la que tienen derecho legalmente. <\/p>\n<p data-start=\"572\" data-end=\"1043\">Combinamos un profundo conocimiento local con estrategias legales probadas para servir a los residentes de Hapeville y la zona circundante del condado de Fulton. Tanto si tiene que hacer frente a facturas m\u00e9dicas, p\u00e9rdida de ingresos, traumas emocionales o da\u00f1os materiales, nuestros abogados especializados en accidentes de conducci\u00f3n agresiva est\u00e1n preparados para luchar por su justicia. Cuando necesite que un abogado dedicado de Hapeville defienda sus derechos despu\u00e9s de un accidente por conducci\u00f3n agresiva, nuestro bufete est\u00e1 aqu\u00ed para proteger su futuro.  <\/p>\n<h2>\u00bfQu\u00e9 es la conducci\u00f3n agresiva y por qu\u00e9 es peligrosa?<\/h2>\n<p>La conducci\u00f3n agresiva en Hapeville y en todo Georgia implica un comportamiento imprudente y hostil al volante. A menudo incluye exceso de velocidad, ir a rebufo, cortar el paso a otros veh\u00edculos, cambios de carril inseguros, saltarse sem\u00e1foros en rojo y participar en actos de furia al volante. Estas acciones no s\u00f3lo infringen las leyes de tr\u00e1fico de Georgia, sino que aumentan dr\u00e1sticamente las posibilidades de sufrir accidentes de tr\u00e1fico graves y lesiones que alteren su vida.  <\/p>\n<p>Algunos ejemplos habituales de conducci\u00f3n agresiva son:<\/p>\n<ul data-spread=\"false\">\n<li>Exceso de velocidad<\/li>\n<li>Circular entre el tr\u00e1fico sin se\u00f1alizar<\/li>\n<li>Cola deliberada<\/li>\n<li>Ignorar las se\u00f1ales de tr\u00e1fico<\/li>\n<li>Furia en la carretera o acoso intencionado<\/li>\n<\/ul>\n<p>Las v\u00edctimas de la conducci\u00f3n agresiva suelen sufrir lesiones catastr\u00f3ficas como:<\/p>\n<ul data-spread=\"false\">\n<li>Lesiones cerebrales traum\u00e1ticas (TBI)<\/li>\n<li>Da\u00f1os en la m\u00e9dula espinal<\/li>\n<li>Fracturas y huesos rotos<\/li>\n<li>Hemorragia interna y da\u00f1os en los tejidos blandos<\/li>\n<\/ul>\n<p>En Las Oficinas Legales de Humberto Izquierdo Jr., tomamos un enfoque proactivo para investigar los detalles de su caso y responsabilizar a los conductores imprudentes.<\/p>\n<h2><img fetchpriority=\"high\" decoding=\"async\" class=\"alignnone wp-image-6618 size-full\" src=\"https:\/\/www.humbertoinjurylaw.com\/wp-content\/uploads\/2025\/08\/aggressive-driving.jpg\" alt=\"Conducci\u00f3n agresiva\" width=\"650\" height=\"433\" srcset=\"https:\/\/www.humbertoinjurylaw.com\/wp-content\/uploads\/2025\/08\/aggressive-driving.jpg 650w, https:\/\/www.humbertoinjurylaw.com\/wp-content\/uploads\/2025\/08\/aggressive-driving-300x200.jpg 300w\" sizes=\"(max-width: 650px) 100vw, 650px\" \/><\/h2>\n<h2>Establecer la responsabilidad<\/h2>\n<p>Determinar la responsabilidad en accidentes de conducci\u00f3n agresiva puede ser complejo. La ley de Georgia exige pruebas claras de que el otro conductor actu\u00f3 con desprecio intencionado por la seguridad de los dem\u00e1s. Nuestros abogados se centran en recopilar pruebas vitales para demostrar una conducta agresiva o temeraria, incluyendo:  <\/p>\n<ul data-spread=\"false\">\n<li>Im\u00e1genes de una dashcam o c\u00e1mara de tr\u00e1fico<\/li>\n<li>Informes policiales de accidentes<\/li>\n<li>Testimonios de testigos<\/li>\n<li>Datos de tel\u00e9fono m\u00f3vil y GPS<\/li>\n<li>An\u00e1lisis pericial de reconstrucci\u00f3n de accidentes<\/li>\n<\/ul>\n<h3>Comprender la norma de negligencia comparativa de Georgia<\/h3>\n<p>Incluso si usted tuvo parte de la culpa, la ley de negligencia comparativa de Georgia le permite recuperar una indemnizaci\u00f3n, reducida por su porcentaje de culpa. Por ejemplo, si se le considera responsable en un 10%, a\u00fan puede recuperar el 90% de sus da\u00f1os. Eso hace que contar con un <a href=\"https:\/\/www.humbertoinjurylaw.com\/es\/hapeville\/abogado-de-lesiones-personales-en-hapeville\/\" target=\"_blank\" rel=\"noopener\">abogado experto en lesiones personales en Hapeville<\/a> sea esencial para proteger sus derechos.  <\/p>\n<h2>\u00bfPor qu\u00e9 elegir el bufete de Humberto Izquierdo Jr. Despu\u00e9s de un Choque por Conducci\u00f3n Agresiva? <\/h2>\n<p><img decoding=\"async\" class=\"alignnone wp-image-6624 size-full\" src=\"https:\/\/www.humbertoinjurylaw.com\/wp-content\/uploads\/2025\/08\/hapeville-lawyer-6.jpg\" alt=\"Abogado de Hapeville\" width=\"650\" height=\"433\" srcset=\"https:\/\/www.humbertoinjurylaw.com\/wp-content\/uploads\/2025\/08\/hapeville-lawyer-6.jpg 650w, https:\/\/www.humbertoinjurylaw.com\/wp-content\/uploads\/2025\/08\/hapeville-lawyer-6-300x200.jpg 300w\" sizes=\"(max-width: 650px) 100vw, 650px\" \/><\/p>\n<p>Como principal bufete local de abogados de lesiones personales, entendemos los desaf\u00edos \u00fanicos a los que se enfrentan los residentes de Hapeville despu\u00e9s de un grave accidente de coche. He aqu\u00ed c\u00f3mo le ayudamos: <\/p>\n<ul data-spread=\"false\">\n<li>Negociaci\u00f3n agresiva con las aseguradoras: Contrarrestamos las t\u00e1cticas de las compa\u00f1\u00edas de seguros dise\u00f1adas para restar importancia a sus lesiones o desviar la culpa.<\/li>\n<li>Investigaci\u00f3n minuciosa: Recopilamos y conservamos r\u00e1pidamente pruebas cr\u00edticas para reforzar su caso.<\/li>\n<li>Estrategia jur\u00eddica personalizada: Adaptamos cada caso a sus necesidades, manteni\u00e9ndole informado e implicado.<\/li>\n<li>Compensaci\u00f3n m\u00e1xima: Perseguimos cada d\u00f3lar que se merece por facturas m\u00e9dicas, salarios perdidos, dolor y sufrimiento, y necesidades de cuidados futuros.<\/li>\n<\/ul>\n<p>Nuestro bufete se enorgullece de ser el abogado de confianza de Hapeville para las v\u00edctimas de accidentes por conducci\u00f3n agresiva.<\/p>\n<h2>Tipos de indemnizaci\u00f3n disponibles para las v\u00edctimas en Hapeville, GA<\/h2>\n<p>Cuando trabaja con nuestro equipo, luchamos por una indemnizaci\u00f3n completa en todas las categor\u00edas posibles:<\/p>\n<h3>1. Gastos m\u00e9dicos<\/h3>\n<p>Buscamos el reembolso del tratamiento de urgencia, las facturas hospitalarias, la rehabilitaci\u00f3n, los medicamentos y cualquier atenci\u00f3n m\u00e9dica actual o futura relacionada con su accidente.<\/p>\n<h3>2. P\u00e9rdida de salarios y disminuci\u00f3n de la capacidad de ganancia<\/h3>\n<p>Nos aseguramos de que se le indemnice por el tiempo que falte al trabajo y por los cambios a largo plazo en su capacidad para ganarse la vida.<\/p>\n<h3>3. Dolor y sufrimiento<\/h3>\n<p>La angustia emocional, el trauma, el malestar f\u00edsico y la p\u00e9rdida del disfrute de la vida son factores que incluimos en su reclamaci\u00f3n.<\/p>\n<h3>4. Da\u00f1os materiales<\/h3>\n<p>Exigimos un pago justo por la reparaci\u00f3n o sustituci\u00f3n del veh\u00edculo y cualquier otra propiedad da\u00f1ada en el accidente.<\/p>\n<h3>5. Da\u00f1os punitivos<\/h3>\n<p>En los casos en que el conductor agresor actu\u00f3 con extrema imprudencia o mala intenci\u00f3n, perseguimos da\u00f1os punitivos para enviar un mensaje y disuadir de comportamientos similares.<\/p>\n<h2>Qu\u00e9 hacer tras un accidente por conducci\u00f3n agresiva en Cumming<\/h2>\n<p>Saber qu\u00e9 hacer despu\u00e9s de un accidente puede hacer o deshacer su caso. He aqu\u00ed los pasos clave: <\/p>\n<ol start=\"1\" data-spread=\"true\">\n<li>Obtenga ayuda m\u00e9dica inmediata Aunque se sienta bien, algunas lesiones aparecen horas o d\u00edas despu\u00e9s.<\/li>\n<li>Informe del accidente a la polic\u00eda Presente siempre un informe policial. Servir\u00e1 como prueba fundamental. <\/li>\n<li>Docum\u00e9ntelo todo Haga fotos del lugar de los hechos, de los heridos, de los veh\u00edculos, de las se\u00f1ales de tr\u00e1fico y de las condiciones meteorol\u00f3gicas.<\/li>\n<li>Obtenga informaci\u00f3n de contacto de los testigos Las declaraciones de los testigos presenciales pueden ser herramientas poderosas en su demanda legal.<\/li>\n<li>Evite hablar de la culpa No admita la culpa ante nadie, ni ante el otro conductor ni ante los peritos del seguro.<\/li>\n<li>Llame a un Abogado con Experiencia en Conducir en Hapeville. Deje que Las Oficinas Legales de Humberto Izquierdo Jr. tomen acci\u00f3n inmediata para proteger sus derechos. <\/li>\n<\/ol>\n<h2 data-start=\"238\" data-end=\"304\">Al servicio de Hapeville, Georgia: Conocimiento Local. Resultados probados. <\/h2>\n<p data-start=\"306\" data-end=\"614\">Como bufete de abogados especializado en lesiones personales con sede en Georgia, tenemos profundas ra\u00edces en la <a href=\"https:\/\/www.hapeville.org\/\" target=\"_blank\" rel=\"noopener\">comunidad de Hapeville<\/a>. Nuestros abogados de Hapeville conocen las carreteras, los patrones de tr\u00e1fico, los tribunales locales y las compa\u00f1\u00edas de seguros que operan en el condado de Fulton. Esa perspicacia da a nuestros clientes una ventaja estrat\u00e9gica en los casos de conducci\u00f3n agresiva.  <\/p>\n<p data-start=\"616\" data-end=\"836\">Tanto si su accidente ocurri\u00f3 en la I-85, en Virginia Avenue o en Central Avenue, puede confiar en nuestros expertos abogados de Hapeville para que le proporcionen un asesoramiento jur\u00eddico experto que obtenga resultados en las demandas por accidentes de tr\u00e1fico.<\/p>\n<h2 data-start=\"270\" data-end=\"354\">Preguntas frecuentes sobre accidentes por conducci\u00f3n agresiva en Hapeville, GA<\/h2>\n<h3 data-start=\"356\" data-end=\"417\">\u00bfQu\u00e9 se considera conducci\u00f3n agresiva seg\u00fan la ley de Georgia?<\/h3>\n<p data-start=\"419\" data-end=\"809\">La conducci\u00f3n agresiva en Georgia se define legalmente como la conducci\u00f3n de un veh\u00edculo con la intenci\u00f3n de molestar, acosar, importunar, intimidar, lesionar u obstruir a otra persona. Algunos ejemplos comunes son el exceso de velocidad, ir a rebufo, adelantar ilegalmente, saltarse sem\u00e1foros en rojo y la furia al volante. Estas acciones se consideran infracciones de tr\u00e1fico graves y pueden acarrear tanto sanciones penales como responsabilidad civil.  <\/p>\n<h3 data-start=\"811\" data-end=\"889\">\u00bfC\u00f3mo puedo demostrar que otro conductor estaba siendo agresivo durante el accidente?<\/h3>\n<p data-start=\"891\" data-end=\"1222\">Para demostrar que la conducci\u00f3n agresiva caus\u00f3 su accidente, es fundamental contar con pruebas como grabaciones de la c\u00e1mara del salpicadero, informes policiales, declaraciones de testigos presenciales, v\u00eddeos de c\u00e1maras de tr\u00e1fico y an\u00e1lisis de reconstrucci\u00f3n de accidentes. Un abogado experimentado de Hapeville puede ayudar a reunir y presentar estas pruebas para establecer la culpa y apoyar su demanda por lesiones. <\/p>\n<p data-start=\"891\" data-end=\"1222\"><img decoding=\"async\" class=\"alignnone wp-image-6620 size-full\" src=\"https:\/\/www.humbertoinjurylaw.com\/wp-content\/uploads\/2025\/08\/aggressive-lawyer-accident.jpg\" alt=\"Abogado agresivo accidente\" width=\"650\" height=\"434\" srcset=\"https:\/\/www.humbertoinjurylaw.com\/wp-content\/uploads\/2025\/08\/aggressive-lawyer-accident.jpg 650w, https:\/\/www.humbertoinjurylaw.com\/wp-content\/uploads\/2025\/08\/aggressive-lawyer-accident-300x200.jpg 300w\" sizes=\"(max-width: 650px) 100vw, 650px\" \/><\/p>\n<h3 data-start=\"1684\" data-end=\"1765\">\u00bfDe cu\u00e1nto tiempo dispongo para presentar una demanda por accidente de conducci\u00f3n agresiva en Georgia?<\/h3>\n<p data-start=\"1767\" data-end=\"2050\">En Georgia, normalmente tiene dos a\u00f1os a partir de la fecha del accidente para presentar una demanda por lesiones personales. Este plazo de prescripci\u00f3n se aplica a la mayor\u00eda de los casos de accidentes por conducci\u00f3n agresiva. Una acci\u00f3n legal r\u00e1pida garantiza que su demanda siga siendo v\u00e1lida y que se conserven las pruebas cruciales.  <\/p>\n<h3 data-start=\"2052\" data-end=\"2115\">\u00bfPuedo recibir una indemnizaci\u00f3n aunque haya tenido parte de la culpa?<\/h3>\n<p data-start=\"2117\" data-end=\"2395\">S\u00ed. Georgia sigue una regla de negligencia comparativa modificada, lo que significa que usted puede recuperar los da\u00f1os si tiene menos del 50% de culpa. Sin embargo, su indemnizaci\u00f3n se reducir\u00e1 en funci\u00f3n de su porcentaje de culpa. Por ejemplo, si usted tiene un 20% de culpa, su indemnizaci\u00f3n se reducir\u00e1 en un 20%.   <\/p>\n<h3 data-start=\"2397\" data-end=\"2452\">\u00bfSe enfrentar\u00e1 el conductor agresivo a cargos penales?<\/h3>\n<p data-start=\"2454\" data-end=\"2722\">Posiblemente. Si el conductor culpable exhibi\u00f3 un comportamiento imprudente intencionado, como la furia al volante, la evasi\u00f3n a alta velocidad o la puesta en peligro, puede enfrentarse a cargos penales adem\u00e1s de a su caso civil. Sin embargo, su derecho a una indemnizaci\u00f3n es independiente de cualquier proceso penal.  <\/p>\n<h3 data-start=\"3217\" data-end=\"3288\">\u00bfPor qu\u00e9 deber\u00eda contratar a un abogado especializado en accidentes de conducci\u00f3n agresiva en Hapeville?<\/h3>\n<p data-start=\"3290\" data-end=\"3495\">La contrataci\u00f3n de un abogado con sede en Hapeville le garantiza que obtendr\u00e1 conocimientos jur\u00eddicos locales, un manejo estrat\u00e9gico de su caso y la m\u00e1xima indemnizaci\u00f3n. Las Oficinas Legales de Humberto Izquierdo Jr. lo har\u00e1n: <\/p>\n<ul data-start=\"3497\" data-end=\"3664\">\n<li data-start=\"3497\" data-end=\"3525\">\n<p data-start=\"3499\" data-end=\"3525\">Investigar el accidente<\/p>\n<\/li>\n<li data-start=\"3526\" data-end=\"3568\">\n<p data-start=\"3528\" data-end=\"3568\">Gestionar toda la comunicaci\u00f3n con las aseguradoras<\/p>\n<\/li>\n<li data-start=\"3569\" data-end=\"3605\">\n<p data-start=\"3571\" data-end=\"3605\">Presentar reclamaciones legales en su nombre<\/p>\n<\/li>\n<li data-start=\"3606\" data-end=\"3664\">\n<p data-start=\"3608\" data-end=\"3664\">Negociar acuerdos justos o ir a juicio si es necesario<\/p>\n<\/li>\n<\/ul>\n<p data-start=\"3666\" data-end=\"3753\">Nuestros dedicados abogados de Hapeville luchan por la justicia para que usted pueda centrarse en su recuperaci\u00f3n.<\/p>\n<h2 data-start=\"268\" data-end=\"329\">Contacte hoy con el bufete de Humberto Izquierdo Jr. <\/h2>\n<p data-start=\"331\" data-end=\"542\">Si ha resultado herido por un conductor agresivo en Hapeville, no deje su futuro al azar. As\u00f3ciese con un abogado de Hapeville que pone sus necesidades en primer lugar y lucha para ganar en los casos de conducci\u00f3n agresiva. <\/p>\n<p data-start=\"331\" data-end=\"542\"><img loading=\"lazy\" decoding=\"async\" class=\"alignnone wp-image-6622 size-full\" src=\"https:\/\/www.humbertoinjurylaw.com\/wp-content\/uploads\/2025\/08\/hapeville-attorney-6.jpg\" alt=\"Abogado de Hapeville\" width=\"650\" height=\"433\" srcset=\"https:\/\/www.humbertoinjurylaw.com\/wp-content\/uploads\/2025\/08\/hapeville-attorney-6.jpg 650w, https:\/\/www.humbertoinjurylaw.com\/wp-content\/uploads\/2025\/08\/hapeville-attorney-6-300x200.jpg 300w\" sizes=\"(max-width: 650px) 100vw, 650px\" \/><\/p>\n<p data-start=\"544\" data-end=\"681\">Ll\u00e1menos ahora a <a href=\"tel:+17708888901\"><i class=\"fa fa-phone-alt\"><\/i>(770) 888-8901<\/a> para una consulta GRATUITA o vis\u00edtenos <a href=\"https:\/\/www.humbertoinjurylaw.com\/es\/contacto\/\" target=\"_blank\" rel=\"noopener\">en l\u00ednea para programar la revisi\u00f3n de su caso<\/a> con un abogado especializado.<\/p>\n<p data-start=\"683\" data-end=\"910\">Deje que Las Oficinas Legales de Humberto Izquierdo Jr. le ayuden a dar el siguiente paso hacia la justicia y la recuperaci\u00f3n. Estamos orgullosos de servir a Hapeville, Condado de Fulton, y la mayor regi\u00f3n metropolitana de Atlanta en las reclamaciones de accidentes de conducci\u00f3n agresiva. <\/p>\n","protected":false},"excerpt":{"rendered":"<p>Abogado de Confianza en Accidentes de Manejo Agresivo en Hapeville, Georgia: Las Oficinas Legales de Humberto Izquierdo Jr. Si usted o un ser querido ha sido lesionado por un conductor agresivo en Hapeville, Georgia, usted merece el apoyo legal de confianza de Las Oficinas Legales de Humberto Izquierdo Jr., PC. Nuestro experimentado equipo de abogados [&hellip;]<\/p>\n","protected":false},"author":53,"featured_media":0,"parent":10378,"menu_order":0,"comment_status":"closed","ping_status":"closed","template":"","meta":{"_acf_changed":false,"anchor_text":"","footnotes":""},"class_list":["post-10380","page","type-page","status-publish","hentry"],"acf":[],"_links":{"self":[{"href":"https:\/\/www.humbertoinjurylaw.com\/es\/wp-json\/wp\/v2\/pages\/10380","targetHints":{"allow":["GET"]}}],"collection":[{"href":"https:\/\/www.humbertoinjurylaw.com\/es\/wp-json\/wp\/v2\/pages"}],"about":[{"href":"https:\/\/www.humbertoinjurylaw.com\/es\/wp-json\/wp\/v2\/types\/page"}],"author":[{"embeddable":true,"href":"https:\/\/www.humbertoinjurylaw.com\/es\/wp-json\/wp\/v2\/users\/53"}],"replies":[{"embeddable":true,"href":"https:\/\/www.humbertoinjurylaw.com\/es\/wp-json\/wp\/v2\/comments?post=10380"}],"version-history":[{"count":0,"href":"https:\/\/www.humbertoinjurylaw.com\/es\/wp-json\/wp\/v2\/pages\/10380\/revisions"}],"up":[{"embeddable":true,"href":"https:\/\/www.humbertoinjurylaw.com\/es\/wp-json\/wp\/v2\/pages\/10378"}],"wp:attachment":[{"href":"https:\/\/www.humbertoinjurylaw.com\/es\/wp-json\/wp\/v2\/media?parent=10380"}],"curies":[{"name":"wp","href":"https:\/\/api.w.org\/{rel}","templated":true}]}}