{"id":10383,"date":"2025-08-14T15:46:33","date_gmt":"2025-08-14T19:46:33","guid":{"rendered":"https:\/\/www.humbertoinjurylaw.com\/hapeville\/herido-en-un-accidente-de-trafico-en-hapeville\/abogado-de-accidentes-por-conduccion-distraida-en-hapeville\/"},"modified":"2025-08-14T15:46:33","modified_gmt":"2025-08-14T19:46:33","slug":"abogado-de-accidentes-por-conduccion-distraida-en-hapeville","status":"publish","type":"page","link":"https:\/\/www.humbertoinjurylaw.com\/es\/hapeville\/herido-en-un-accidente-de-trafico-en-hapeville\/abogado-de-accidentes-por-conduccion-distraida-en-hapeville\/","title":{"rendered":"Abogado de accidentes por conducci\u00f3n distra\u00edda en Hapeville"},"content":{"rendered":"<h2 data-start=\"295\" data-end=\"373\">\u00bfLastimado por un Conductor Distra\u00eddo en Hapeville, Georgia? Estamos aqu\u00ed para ayudarle <\/h2>\n<p data-start=\"375\" data-end=\"683\">La conducci\u00f3n distra\u00edda es una de las principales causas de <a href=\"https:\/\/www.humbertoinjurylaw.com\/es\/hapeville\/herido-en-un-accidente-de-trafico-en-hapeville\/\" target=\"_blank\" rel=\"noopener\">accidentes de tr\u00e1fico en Hapeville<\/a> y en todo Georgia. Si usted o un ser querido ha resultado herido en un accidente de tr\u00e1fico en Hapeville causado por un conductor que estaba enviando mensajes de texto, hablando por tel\u00e9fono, comiendo o distra\u00eddo de cualquier otra forma al volante, usted merece justicia. <\/p>\n<p data-start=\"685\" data-end=\"1189\">En las Oficinas Legales de Humberto Izquierdo Jr., nos especializamos en ayudar a las v\u00edctimas de accidentes por conducci\u00f3n distra\u00edda a recuperar la compensaci\u00f3n total por sus lesiones, p\u00e9rdidas financieras y trauma emocional. Nuestros abogados de accidentes de conducci\u00f3n distra\u00edda en Hapeville entienden c\u00f3mo estas colisiones pueden cambiar la vida-y estamos aqu\u00ed para apoyarle en cada paso del camino. Cuando necesite un abogado con experiencia por un accidente grave de conducci\u00f3n, nuestro bufete est\u00e1 preparado para luchar por sus derechos.  <\/p>\n<h2 data-start=\"297\" data-end=\"379\">\u00bfQu\u00e9 es la conducci\u00f3n distra\u00edda y por qu\u00e9 es tan peligrosa en Hapeville, Georgia?<\/h2>\n<p data-start=\"381\" data-end=\"805\">La conducci\u00f3n distra\u00edda es cualquier comportamiento que desv\u00ede la atenci\u00f3n del conductor de la operaci\u00f3n segura de un veh\u00edculo, y es una de las principales causas de accidentes automovil\u00edsticos graves en Hapeville, el condado de Fulton y en todo el estado de Georgia. Ya sea echando un vistazo a un mensaje de texto, ajustando la radio o desvi\u00e1ndose mentalmente mientras circula por la I-85 o la Central Avenue, incluso unos pocos segundos de p\u00e9rdida de concentraci\u00f3n pueden tener consecuencias devastadoras. <\/p>\n<p data-start=\"807\" data-end=\"863\">Existen tres tipos principales de conducci\u00f3n distra\u00edda:<\/p>\n<ul data-start=\"865\" data-end=\"1127\">\n<li data-start=\"865\" data-end=\"946\">\n<p data-start=\"867\" data-end=\"946\">Distracci\u00f3n visual &#8211; Apartar la vista de la carretera (por ejemplo, leer un texto)<\/p>\n<\/li>\n<li data-start=\"947\" data-end=\"1025\">\n<p data-start=\"949\" data-end=\"1025\">Distracci\u00f3n manual &#8211; Quitar las manos del volante (por ejemplo, comer)<\/p>\n<\/li>\n<li data-start=\"1026\" data-end=\"1127\">\n<p data-start=\"1028\" data-end=\"1127\">Distracci\u00f3n cognitiva &#8211; Dejar que su mente se desv\u00ede de la tarea de conducir (por ejemplo, so\u00f1ar despierto)<\/p>\n<\/li>\n<\/ul>\n<p data-start=\"1952\" data-end=\"2327\">En las Oficinas Legales de Humberto Izquierdo Jr., luchamos para que los infractores por conducci\u00f3n distra\u00edda rindan cuentas. Nuestros experimentados abogados de conducci\u00f3n distra\u00edda persiguen la m\u00e1xima compensaci\u00f3n para ayudar a las v\u00edctimas a reconstruir sus vidas despu\u00e9s de un accidente. Cuando necesite un abogado de confianza por un accidente grave de conducci\u00f3n en Hapeville, estamos aqu\u00ed para proteger sus derechos.  <\/p>\n<p data-start=\"1952\" data-end=\"2327\"><img fetchpriority=\"high\" decoding=\"async\" class=\"alignnone wp-image-6629 size-full\" src=\"https:\/\/www.humbertoinjurylaw.com\/wp-content\/uploads\/2025\/08\/distracted-driving.jpg\" alt=\"Conducci\u00f3n distra\u00edda\" width=\"650\" height=\"433\" srcset=\"https:\/\/www.humbertoinjurylaw.com\/wp-content\/uploads\/2025\/08\/distracted-driving.jpg 650w, https:\/\/www.humbertoinjurylaw.com\/wp-content\/uploads\/2025\/08\/distracted-driving-300x200.jpg 300w\" sizes=\"(max-width: 650px) 100vw, 650px\" \/><\/p>\n<h2 data-start=\"287\" data-end=\"385\">\u00bfQu\u00e9 tipos de indemnizaci\u00f3n puede recuperar tras un accidente por conducci\u00f3n distra\u00edda en Hapeville?<\/h2>\n<p data-start=\"387\" data-end=\"672\">Si result\u00f3 lesionado debido a la falta de atenci\u00f3n o al comportamiento distra\u00eddo al volante de otro conductor, tiene derecho legal a solicitar una indemnizaci\u00f3n por da\u00f1os y perjuicios en virtud de la ley de lesiones personales de Georgia. Estos da\u00f1os pueden incluir tanto p\u00e9rdidas econ\u00f3micas como sufrimiento no econ\u00f3mico, dependiendo de las particularidades de su caso. <\/p>\n<h3 data-start=\"674\" data-end=\"724\">Gastos m\u00e9dicos (pasados, presentes y futuros)<\/h3>\n<p data-start=\"726\" data-end=\"796\">Intentamos recuperar el coste total de su tratamiento m\u00e9dico, como por ejemplo:<\/p>\n<ul data-start=\"798\" data-end=\"1031\">\n<li data-start=\"798\" data-end=\"835\">\n<p data-start=\"800\" data-end=\"835\">Gastos de urgencias y ambulancias<\/p>\n<\/li>\n<li data-start=\"836\" data-end=\"867\">\n<p data-start=\"838\" data-end=\"867\">Hospitalizaci\u00f3n y cirug\u00eda<\/p>\n<\/li>\n<li data-start=\"868\" data-end=\"906\">\n<p data-start=\"870\" data-end=\"906\">Diagn\u00f3stico por imagen (resonancia magn\u00e9tica, tomograf\u00eda computarizada)<\/p>\n<\/li>\n<li data-start=\"907\" data-end=\"946\">\n<p data-start=\"909\" data-end=\"946\">Fisioterapia y rehabilitaci\u00f3n<\/p>\n<\/li>\n<li data-start=\"947\" data-end=\"989\">\n<p data-start=\"949\" data-end=\"989\">Citas de seguimiento y medicamentos<\/p>\n<\/li>\n<li data-start=\"990\" data-end=\"1031\">\n<p data-start=\"992\" data-end=\"1031\">Ayudas para la movilidad o cuidados de enfermer\u00eda a domicilio<\/p>\n<\/li>\n<\/ul>\n<p data-start=\"1033\" data-end=\"1237\">Nuestro bufete trabaja en estrecha colaboraci\u00f3n con los proveedores m\u00e9dicos del \u00e1rea de Hapeville, incluidos Wellstar Atlanta Medical Center South y los especialistas locales, para garantizar que su plan de tratamiento est\u00e9 debidamente documentado y compensado.<\/p>\n<h3 data-start=\"1239\" data-end=\"1284\">Salarios perdidos y p\u00e9rdida de capacidad de ganancia<\/h3>\n<p data-start=\"1286\" data-end=\"1389\">Si sus lesiones por un accidente de tr\u00e1fico en Hapeville le impiden trabajar, le ayudamos a recuperarse:<\/p>\n<ul data-start=\"1391\" data-end=\"1542\">\n<li data-start=\"1391\" data-end=\"1423\">\n<p data-start=\"1393\" data-end=\"1423\">Ingresos perdidos por faltar al trabajo<\/p>\n<\/li>\n<li data-start=\"1424\" data-end=\"1474\">\n<p data-start=\"1426\" data-end=\"1474\">P\u00e9rdida de tiempo libre remunerado, bonificaciones y prestaciones<\/p>\n<\/li>\n<li data-start=\"1475\" data-end=\"1542\">\n<p data-start=\"1477\" data-end=\"1542\">Ingresos futuros si su capacidad para trabajar se ve afectada de forma permanente<\/p>\n<\/li>\n<\/ul>\n<p data-start=\"1544\" data-end=\"1665\">Nuestros abogados de Hapeville utilizan analistas econ\u00f3micos expertos para calcular su p\u00e9rdida salarial a largo plazo y maximizar su reclamaci\u00f3n.<\/p>\n<h3 data-start=\"1667\" data-end=\"1691\">Dolor y sufrimiento<\/h3>\n<p data-start=\"1693\" data-end=\"1809\">Las lesiones por accidentes de conducci\u00f3n distra\u00edda no son s\u00f3lo f\u00edsicas, tambi\u00e9n son emocionales. Perseguimos da\u00f1os por: <\/p>\n<ul data-start=\"1811\" data-end=\"1982\">\n<li data-start=\"1811\" data-end=\"1851\">\n<p data-start=\"1813\" data-end=\"1851\">Dolor f\u00edsico y malestar cr\u00f3nico<\/p>\n<\/li>\n<li data-start=\"1852\" data-end=\"1911\">\n<p data-start=\"1854\" data-end=\"1911\">Angustia mental, incluyendo TEPT, ansiedad y depresi\u00f3n<\/p>\n<\/li>\n<li data-start=\"1912\" data-end=\"1944\">\n<p data-start=\"1914\" data-end=\"1944\">Disminuci\u00f3n del disfrute de la vida<\/p>\n<\/li>\n<li data-start=\"1945\" data-end=\"1982\">\n<p data-start=\"1947\" data-end=\"1982\">P\u00e9rdida de intimidad o compa\u00f1\u00eda<\/p>\n<\/li>\n<\/ul>\n<h3 data-start=\"1984\" data-end=\"2028\">Da\u00f1os al veh\u00edculo y otras p\u00e9rdidas materiales<\/h3>\n<p data-start=\"2030\" data-end=\"2090\">Nuestro equipo se asegura de que se le reembolse el valor total de:<\/p>\n<ul data-start=\"2092\" data-end=\"2198\">\n<li data-start=\"2092\" data-end=\"2126\">\n<p data-start=\"2094\" data-end=\"2126\">Reparaci\u00f3n o sustituci\u00f3n de veh\u00edculos<\/p>\n<\/li>\n<li data-start=\"2127\" data-end=\"2198\">\n<p data-start=\"2129\" data-end=\"2198\">Bienes personales da\u00f1ados durante el accidente (tel\u00e9fonos, herramientas, ordenadores port\u00e1tiles)<\/p>\n<\/li>\n<\/ul>\n<p data-start=\"2200\" data-end=\"2343\">Trabajamos con tasadores de da\u00f1os de autom\u00f3viles y peritos de seguros para asegurarnos de que las p\u00e9rdidas relacionadas con su veh\u00edculo en un accidente de tr\u00e1fico en Hapeville est\u00e9n cubiertas.<\/p>\n<h3 data-start=\"2345\" data-end=\"2398\">Da\u00f1os punitivos (en casos de negligencia grave)<\/h3>\n<p data-start=\"2400\" data-end=\"2727\">Si el automovilista que conduc\u00eda distra\u00eddo mostr\u00f3 una imprudencia extrema -como enviar mensajes de texto en una zona escolar, acelerar mientras hablaba por FaceTime o utilizar aplicaciones mientras conduc\u00eda- podemos solicitar da\u00f1os punitivos para castigar el comportamiento y evitar da\u00f1os futuros. Contar con un abogado experto en Hapeville de su lado garantiza que sus derechos est\u00e9n plenamente protegidos. <\/p>\n<h2 data-start=\"284\" data-end=\"354\">\u00bfC\u00f3mo puede ayudarle un abogado de accidentes por conducci\u00f3n distra\u00edda en Hapeville?<\/h2>\n<p data-start=\"356\" data-end=\"662\">Trabajar con un abogado experimentado de Hapeville puede marcar la diferencia entre una demanda denegada y un acuerdo completo y justo. En Las Oficinas Legales de Humberto Izquierdo Jr., tomamos un enfoque basado en los detalles para cada caso de conducci\u00f3n distra\u00edda, combinando el conocimiento jur\u00eddico, la perspicacia local y el poder de investigaci\u00f3n. <\/p>\n<p data-start=\"356\" data-end=\"662\"><img decoding=\"async\" class=\"alignnone wp-image-6635 size-full\" src=\"https:\/\/www.humbertoinjurylaw.com\/wp-content\/uploads\/2025\/08\/hapeville-attorney-7.jpg\" alt=\"Abogado de Hapeville\" width=\"650\" height=\"366\" srcset=\"https:\/\/www.humbertoinjurylaw.com\/wp-content\/uploads\/2025\/08\/hapeville-attorney-7.jpg 650w, https:\/\/www.humbertoinjurylaw.com\/wp-content\/uploads\/2025\/08\/hapeville-attorney-7-300x169.jpg 300w\" sizes=\"(max-width: 650px) 100vw, 650px\" \/><\/p>\n<h3 data-start=\"664\" data-end=\"714\">As\u00ed es como le ayudamos de principio a fin:<\/h3>\n<h4 data-start=\"716\" data-end=\"767\">1. Investigaci\u00f3n del caso y recogida de pruebas<\/h4>\n<p data-start=\"769\" data-end=\"817\">Reunimos toda la documentaci\u00f3n pertinente, como:<\/p>\n<ul data-start=\"819\" data-end=\"1015\">\n<li data-start=\"819\" data-end=\"846\">\n<p data-start=\"821\" data-end=\"846\">Informes policiales de accidentes<\/p>\n<\/li>\n<li data-start=\"847\" data-end=\"872\">\n<p data-start=\"849\" data-end=\"872\">Declaraciones de testigos oculares<\/p>\n<\/li>\n<li data-start=\"873\" data-end=\"922\">\n<p data-start=\"875\" data-end=\"922\">Registros del tel\u00e9fono m\u00f3vil que muestren los mensajes de texto o el uso de aplicaciones<\/p>\n<\/li>\n<li data-start=\"923\" data-end=\"959\">\n<p data-start=\"925\" data-end=\"959\">C\u00e1mara de salpicadero o im\u00e1genes de vigilancia<\/p>\n<\/li>\n<li data-start=\"960\" data-end=\"1015\">\n<p data-start=\"962\" data-end=\"1015\">Reconstrucci\u00f3n forense de accidentes y telemetr\u00eda de veh\u00edculos<\/p>\n<\/li>\n<\/ul>\n<h4 data-start=\"1017\" data-end=\"1059\">2. Coordinaci\u00f3n con expertos m\u00e9dicos<\/h4>\n<p data-start=\"1061\" data-end=\"1122\">Trabajamos con proveedores sanitarios y especialistas locales para:<\/p>\n<ul data-start=\"1124\" data-end=\"1262\">\n<li data-start=\"1124\" data-end=\"1169\">\n<p data-start=\"1126\" data-end=\"1169\">Verificar su diagn\u00f3stico y los planes de tratamiento<\/p>\n<\/li>\n<li data-start=\"1170\" data-end=\"1218\">\n<p data-start=\"1172\" data-end=\"1218\">Documentar discapacidades de larga duraci\u00f3n o permanentes<\/p>\n<\/li>\n<li data-start=\"1219\" data-end=\"1262\">\n<p data-start=\"1221\" data-end=\"1262\">Calcule las necesidades y los costes m\u00e9dicos futuros<\/p>\n<\/li>\n<\/ul>\n<h4 data-start=\"1264\" data-end=\"1315\">3. Negociaci\u00f3n de seguros y gesti\u00f3n de siniestros<\/h4>\n<p data-start=\"1317\" data-end=\"1375\">Los peritos de seguros est\u00e1n entrenados para minimizar los pagos. Nosotros:<\/p>\n<ul data-start=\"1377\" data-end=\"1599\">\n<li data-start=\"1377\" data-end=\"1440\">\n<p data-start=\"1379\" data-end=\"1440\">Gestionar toda la comunicaci\u00f3n con la aseguradora del conductor culpable<\/p>\n<\/li>\n<li data-start=\"1441\" data-end=\"1511\">\n<p data-start=\"1443\" data-end=\"1511\">Presente cartas de demanda convincentes respaldadas por documentaci\u00f3n experta<\/p>\n<\/li>\n<li data-start=\"1512\" data-end=\"1599\">\n<p data-start=\"1514\" data-end=\"1599\">Haga frente a las ofertas de acuerdo a la baja por su accidente de tr\u00e1fico<\/p>\n<\/li>\n<\/ul>\n<h4 data-start=\"1601\" data-end=\"1654\">4. Representaci\u00f3n legal ante los tribunales (si es necesario)<\/h4>\n<p data-start=\"1656\" data-end=\"2021\">Aunque la mayor\u00eda de las demandas se resuelven fuera de los tribunales, estamos totalmente preparados para litigar. Nuestro bufete ha representado con \u00e9xito a v\u00edctimas de accidentes de tr\u00e1fico en Hapeville en el tribunal estatal del condado de Fulton y en toda la zona metropolitana de Atlanta. Si es necesario un juicio, un abogado experto abogar\u00e1 ferozmente ante el juez y el jurado para asegurar la justicia en su caso de conducci\u00f3n distra\u00edda.  <\/p>\n<h2>\u00bfPuede demandar a un conductor distra\u00eddo en Georgia sin una denuncia policial?<\/h2>\n<p>S\u00ed, a\u00fan puede presentar una demanda por conducci\u00f3n distra\u00edda en Georgia aunque no se haya presentado un informe policial, pero se convierte en un reto mayor. En ausencia de un informe, su abogado necesitar\u00e1 reunir: <\/p>\n<ul data-spread=\"false\">\n<li>Declaraciones de testigos oculares<\/li>\n<li>Registros de tel\u00e9fonos m\u00f3viles<\/li>\n<li>Im\u00e1genes de vigilancia (negocios cercanos, c\u00e1maras de tr\u00e1fico)<\/li>\n<li>Datos del veh\u00edculo procedentes de los sistemas de a bordo o de las c\u00e1maras del salpicadero<\/li>\n<\/ul>\n<p>Un informe policial refuerza su caso, pero no es estrictamente necesario para solicitar una indemnizaci\u00f3n.<\/p>\n<h2>\u00bfY si usted tuvo parte de la culpa en el accidente?<\/h2>\n<p>Georgia sigue una regla de culpa comparativa modificada, lo que significa que a\u00fan puede recuperar los da\u00f1os siempre que su culpa sea inferior al 50%. Sin embargo, su indemnizaci\u00f3n se ver\u00e1 reducida por el porcentaje de su culpa. <\/p>\n<p>Ejemplo: Si le conceden 100.000 d\u00f3lares pero le declaran culpable del 20%, recibir\u00eda 80.000 d\u00f3lares.<\/p>\n<p>Un abogado con experiencia en accidentes de tr\u00e1fico puede asegurarse de que la culpa se asigne de forma justa y de que se haga hincapi\u00e9 adecuadamente en la negligencia del otro conductor.<\/p>\n<h2>\u00bfQu\u00e9 debe hacer despu\u00e9s de un accidente por conducci\u00f3n distra\u00edda en Cumming?<\/h2>\n<p>Tomar medidas inmediatas despu\u00e9s de un accidente puede marcar una diferencia significativa en su caso. Esto es lo que debe hacer: <\/p>\n<ol start=\"1\" data-spread=\"false\">\n<li>Llame al 911 e informe del accidente<\/li>\n<li>Busque atenci\u00f3n m\u00e9dica inmediatamente, aunque las lesiones parezcan leves<\/li>\n<li>Tome fotos de la escena, de los da\u00f1os del veh\u00edculo y de las lesiones<\/li>\n<li>Obtener informaci\u00f3n de contacto de los testigos<\/li>\n<li>Evite hablar con la compa\u00f1\u00eda de seguros del otro conductor<\/li>\n<li>Llame a un abogado de confianza lo antes posible<\/li>\n<\/ol>\n<h2 data-start=\"313\" data-end=\"412\">Preguntas frecuentes sobre la contrataci\u00f3n de un abogado de accidentes por conducci\u00f3n distra\u00edda en Hapeville, GA<\/h2>\n<h3 data-start=\"1022\" data-end=\"1075\">\u00bfC\u00f3mo puedo demostrar que el otro conductor estaba distra\u00eddo?<\/h3>\n<p data-start=\"1077\" data-end=\"1208\">La conducci\u00f3n distra\u00edda puede probarse con registros telef\u00f3nicos, grabaciones de v\u00eddeo y testimonios de expertos que confirmen la falta de atenci\u00f3n del conductor.<\/p>\n<p data-start=\"1210\" data-end=\"1255\">Puede probar la conducci\u00f3n distra\u00edda utilizando:<\/p>\n<ul data-start=\"1257\" data-end=\"1420\">\n<li data-start=\"1257\" data-end=\"1275\">\n<p data-start=\"1259\" data-end=\"1275\">Informes policiales<\/p>\n<\/li>\n<li data-start=\"1276\" data-end=\"1298\">\n<p data-start=\"1278\" data-end=\"1298\">Declaraciones de testigos<\/p>\n<\/li>\n<li data-start=\"1299\" data-end=\"1342\">\n<p data-start=\"1301\" data-end=\"1342\">Registros de tel\u00e9fonos m\u00f3viles (textos, llamadas, aplicaciones)<\/p>\n<\/li>\n<li data-start=\"1343\" data-end=\"1379\">\n<p data-start=\"1345\" data-end=\"1379\">C\u00e1mara de salpicadero o im\u00e1genes de vigilancia<\/p>\n<\/li>\n<li data-start=\"1380\" data-end=\"1420\">\n<p data-start=\"1382\" data-end=\"1420\">An\u00e1lisis pericial de reconstrucci\u00f3n de colisiones<\/p>\n<\/li>\n<\/ul>\n<h3 data-start=\"1899\" data-end=\"1977\">\u00bfCu\u00e1nto tiempo tengo para presentar una demanda por lesiones por conducci\u00f3n distra\u00edda en Georgia?<\/h3>\n<p data-start=\"1979\" data-end=\"2100\">Tiene dos a\u00f1os para presentar una demanda por lesiones por conducci\u00f3n distra\u00edda en Georgia, pero actuar antes ayuda a preservar las pruebas.<\/p>\n<p data-start=\"2102\" data-end=\"2246\">La ley de Georgia le concede dos a\u00f1os a partir de la fecha del accidente para presentar una demanda por da\u00f1os personales. Para da\u00f1os materiales, el l\u00edmite es de cuatro a\u00f1os. <\/p>\n<h3 data-start=\"2248\" data-end=\"2326\"><img decoding=\"async\" class=\"alignnone wp-image-6631 size-full\" src=\"https:\/\/www.humbertoinjurylaw.com\/wp-content\/uploads\/2025\/08\/hapeville-driving-accident.jpg\" alt=\"Accidente de tr\u00e1fico en Hapeville\" width=\"650\" height=\"433\" srcset=\"https:\/\/www.humbertoinjurylaw.com\/wp-content\/uploads\/2025\/08\/hapeville-driving-accident.jpg 650w, https:\/\/www.humbertoinjurylaw.com\/wp-content\/uploads\/2025\/08\/hapeville-driving-accident-300x200.jpg 300w\" sizes=\"(max-width: 650px) 100vw, 650px\" \/><\/h3>\n<h3 data-start=\"2599\" data-end=\"2658\">\u00bfY si el conductor distra\u00eddo no tiene seguro?<\/h3>\n<p data-start=\"2660\" data-end=\"2750\">Si el conductor distra\u00eddo carece de seguro, su propia p\u00f3liza UM\/UIM puede cubrir sus da\u00f1os.<\/p>\n<p data-start=\"2752\" data-end=\"2944\">Si el conductor culpable no est\u00e1 asegurado, a\u00fan puede recuperar una indemnizaci\u00f3n a trav\u00e9s de su propia cobertura de motorista no asegurado\/subasegurado (UM\/UIM). Un abogado puede ayudarle a presentar esta reclamaci\u00f3n. <\/p>\n<h3 data-start=\"3713\" data-end=\"3790\">\u00bfCu\u00e1nto cuesta contratar a un abogado especializado en conducci\u00f3n distra\u00edda en Hapeville?<\/h3>\n<p data-start=\"3792\" data-end=\"3919\">Los abogados de Hapeville no suelen cobrar honorarios por adelantado y trabajan en r\u00e9gimen de contingencia: usted s\u00f3lo paga si ganan.<\/p>\n<p data-start=\"3921\" data-end=\"4016\">En Las Oficinas Legales de Humberto Izquierdo Jr., trabajamos en base a honorarios de contingencia. Eso significa que <\/p>\n<ul data-start=\"4018\" data-end=\"4105\">\n<li data-start=\"4018\" data-end=\"4037\">\n<p data-start=\"4020\" data-end=\"4037\">Sin cuotas iniciales<\/p>\n<\/li>\n<li data-start=\"4038\" data-end=\"4064\">\n<p data-start=\"4040\" data-end=\"4064\">Sin gastos de bolsillo<\/p>\n<\/li>\n<li data-start=\"4065\" data-end=\"4105\">\n<p data-start=\"4067\" data-end=\"4105\">S\u00f3lo cobramos si ganamos su caso<\/p>\n<\/li>\n<\/ul>\n<h2 data-start=\"293\" data-end=\"365\">\u00bfPor qu\u00e9 elegir el bufete de Humberto Izquierdo Jr. en Hapeville?<\/h2>\n<p data-start=\"367\" data-end=\"472\">Estamos orgullosos de ser uno de los bufetes de lesiones personales m\u00e1s fiables de Hapeville. Esto es lo que nos diferencia: <\/p>\n<p data-start=\"474\" data-end=\"895\">\u2705 Experiencia local en las carreteras del condado de Fulton y de la zona metropolitana de Atlanta<br data-start=\"532\" data-end=\"535\">\u2705 D\u00e9cadas de experiencia en la tramitaci\u00f3n de reclamaciones por lesiones al volante<br data-start=\"604\" data-end=\"607\">\u2705 Negociaci\u00f3n agresiva con las aseguradoras y las partes responsables tras un accidente de tr\u00e1fico<br data-start=\"708\" data-end=\"711\">\u2705 Atenci\u00f3n personalizada de un abogado experimentado para cada cliente y cada caso<br data-start=\"834\" data-end=\"837\">\u2705 Garant\u00eda de no ganar sin pagar honorarios: usted no paga a menos que nosotros ganemos<\/p>\n<h2>Obtenga la ayuda legal que merece &#8211; Evaluaci\u00f3n gratuita de su caso<\/h2>\n<p><img loading=\"lazy\" decoding=\"async\" class=\"alignnone wp-image-6633 size-full\" src=\"https:\/\/www.humbertoinjurylaw.com\/wp-content\/uploads\/2025\/08\/hapeville-lawyer-7.jpg\" alt=\"Abogado de Hapeville\" width=\"650\" height=\"434\" srcset=\"https:\/\/www.humbertoinjurylaw.com\/wp-content\/uploads\/2025\/08\/hapeville-lawyer-7.jpg 650w, https:\/\/www.humbertoinjurylaw.com\/wp-content\/uploads\/2025\/08\/hapeville-lawyer-7-300x200.jpg 300w\" sizes=\"(max-width: 650px) 100vw, 650px\" \/><\/p>\n<p>Si usted o un ser querido fue atropellado por un conductor distra\u00eddo en Hapeville, Georgia, no espere. Perm\u00edtanos ayudarle a obtener justicia y alivio financiero. <\/p>\n<p><strong><a href=\"\/\" target=\"_blank\" rel=\"noopener\">Llame a Las Oficinas Legales de Humberto Izquierdo Jr., PC<\/a> <\/strong>a <a href=\"tel:+17708888901\"><i class=\"fa fa-phone-alt\"><\/i>(770) 888-8901<\/a> para<a href=\"https:\/\/www.humbertoinjurylaw.com\/es\/contacto\/\" target=\"_blank\" rel=\"noopener\"> una <strong>consulta gratuita<\/strong> hoy.<\/a><\/p>\n<p>Su recuperaci\u00f3n es nuestra prioridad. Estamos disponibles 24\/7 y listos para tomar su caso en serio. <\/p>\n","protected":false},"excerpt":{"rendered":"<p>\u00bfLastimado por un Conductor Distra\u00eddo en Hapeville, Georgia? Estamos aqu\u00ed para ayudarle La conducci\u00f3n distra\u00edda es una de las principales causas de accidentes de tr\u00e1fico en Hapeville y en todo Georgia. Si usted o un ser querido ha resultado herido en un accidente de tr\u00e1fico en Hapeville causado por un conductor que estaba enviando mensajes [&hellip;]<\/p>\n","protected":false},"author":53,"featured_media":0,"parent":10378,"menu_order":0,"comment_status":"closed","ping_status":"closed","template":"","meta":{"_acf_changed":false,"anchor_text":"","footnotes":""},"class_list":["post-10383","page","type-page","status-publish","hentry"],"acf":[],"_links":{"self":[{"href":"https:\/\/www.humbertoinjurylaw.com\/es\/wp-json\/wp\/v2\/pages\/10383","targetHints":{"allow":["GET"]}}],"collection":[{"href":"https:\/\/www.humbertoinjurylaw.com\/es\/wp-json\/wp\/v2\/pages"}],"about":[{"href":"https:\/\/www.humbertoinjurylaw.com\/es\/wp-json\/wp\/v2\/types\/page"}],"author":[{"embeddable":true,"href":"https:\/\/www.humbertoinjurylaw.com\/es\/wp-json\/wp\/v2\/users\/53"}],"replies":[{"embeddable":true,"href":"https:\/\/www.humbertoinjurylaw.com\/es\/wp-json\/wp\/v2\/comments?post=10383"}],"version-history":[{"count":0,"href":"https:\/\/www.humbertoinjurylaw.com\/es\/wp-json\/wp\/v2\/pages\/10383\/revisions"}],"up":[{"embeddable":true,"href":"https:\/\/www.humbertoinjurylaw.com\/es\/wp-json\/wp\/v2\/pages\/10378"}],"wp:attachment":[{"href":"https:\/\/www.humbertoinjurylaw.com\/es\/wp-json\/wp\/v2\/media?parent=10383"}],"curies":[{"name":"wp","href":"https:\/\/api.w.org\/{rel}","templated":true}]}}