{"id":10387,"date":"2025-08-18T09:40:08","date_gmt":"2025-08-18T13:40:08","guid":{"rendered":"https:\/\/www.humbertoinjurylaw.com\/hapeville\/herido-en-un-accidente-de-trafico-en-hapeville\/abogado-de-accidentes-por-colision-frontal-en-hapeville\/"},"modified":"2025-08-18T09:40:08","modified_gmt":"2025-08-18T13:40:08","slug":"abogado-de-accidentes-por-colision-frontal-en-hapeville","status":"publish","type":"page","link":"https:\/\/www.humbertoinjurylaw.com\/es\/hapeville\/herido-en-un-accidente-de-trafico-en-hapeville\/abogado-de-accidentes-por-colision-frontal-en-hapeville\/","title":{"rendered":"Abogado de accidentes por colisi\u00f3n frontal en Hapeville"},"content":{"rendered":"<h2 data-start=\"281\" data-end=\"342\">Abogado de accidentes por colisi\u00f3n frontal en Hapeville, Georgia<\/h2>\n<p data-start=\"344\" data-end=\"935\">Si usted o un ser querido ha sufrido lesiones en una colisi\u00f3n frontal en Hapeville, Georgia, sabe lo traum\u00e1ticos y lo que pueden cambiarle la vida estos accidentes. Las colisiones frontales se encuentran entre los tipos m\u00e1s graves y peligrosos de <a href=\"https:\/\/www.humbertoinjurylaw.com\/es\/hapeville\/herido-en-un-accidente-de-trafico-en-hapeville\/\" target=\"_blank\" rel=\"noopener\">accidentes automovil\u00edsticos<\/a>, a menudo resultando en necesidades m\u00e9dicas a largo plazo, gran estr\u00e9s financiero y trauma emocional. En las Oficinas Legales de Humberto Izquierdo Jr., proporcionamos apoyo legal experimentado y compasivo cuando m\u00e1s lo necesita. Nuestro equipo est\u00e1 comprometido a ayudar a las v\u00edctimas a recuperar la compensaci\u00f3n que merecen y a responsabilizar a los conductores negligentes.   <\/p>\n<p data-start=\"344\" data-end=\"935\"><img fetchpriority=\"high\" decoding=\"async\" class=\"alignnone wp-image-6710 size-full\" src=\"https:\/\/www.humbertoinjurylaw.com\/wp-content\/uploads\/2025\/08\/head-on-collision-1.jpg\" alt=\"Colisi\u00f3n frontal\" width=\"650\" height=\"433\" srcset=\"https:\/\/www.humbertoinjurylaw.com\/wp-content\/uploads\/2025\/08\/head-on-collision-1.jpg 650w, https:\/\/www.humbertoinjurylaw.com\/wp-content\/uploads\/2025\/08\/head-on-collision-1-300x200.jpg 300w\" sizes=\"(max-width: 650px) 100vw, 650px\" \/><\/p>\n<p data-start=\"937\" data-end=\"1297\">Estamos orgullosos de servir a clientes en todo el condado de Fulton y estamos familiarizados con los lugares comunes de accidentes en Hapeville, incluyendo I-85, Virginia Avenue, Central Avenue y Dogwood Drive. Tanto si est\u00e1 buscando un \u00ababogado de accidentes de colisi\u00f3n frontal en Hapeville cerca de m\u00ed\u00bb como si necesita ayuda legal 24 horas al d\u00eda, 7 d\u00edas a la semana, de un <a href=\"https:\/\/www.humbertoinjurylaw.com\/es\/hapeville\/herido-en-un-accidente-de-trafico-en-hapeville\/\" target=\"_blank\" rel=\"noopener\">abogado experto en accidentes de tr\u00e1fico<\/a>, estamos aqu\u00ed para ayudarle. <\/p>\n<h2 data-start=\"274\" data-end=\"338\">\u00bfQu\u00e9 es una colisi\u00f3n frontal y por qu\u00e9 son tan peligrosas?<\/h2>\n<p data-start=\"340\" data-end=\"741\">Una colisi\u00f3n frontal se produce cuando dos veh\u00edculos que circulan en direcciones opuestas chocan frontalmente uno contra otro. Este tipo de accidentes son especialmente peligrosos debido a la velocidad combinada del impacto, y a menudo provocan lesiones catastr\u00f3ficas o v\u00edctimas mortales. A diferencia de otros tipos de accidentes de tr\u00e1fico, las colisiones frontales generan una fuerza intensa que el cuerpo humano rara vez est\u00e1 preparado para soportar.  <\/p>\n<p data-start=\"743\" data-end=\"895\">En las zonas concurridas de Hapeville, como a lo largo de Virginia Avenue o Central Avenue, estos accidentes pueden ocurrir en un instante. Las causas m\u00e1s comunes incluyen: <\/p>\n<ul data-start=\"897\" data-end=\"1250\">\n<li data-start=\"897\" data-end=\"963\">\n<p data-start=\"899\" data-end=\"963\">Desviarse de la l\u00ednea central por distracci\u00f3n o impedimento<\/p>\n<\/li>\n<li data-start=\"964\" data-end=\"1014\">\n<p data-start=\"966\" data-end=\"1014\">Juzgar mal las distancias de adelantamiento en carreteras de dos carriles<\/p>\n<\/li>\n<li data-start=\"1015\" data-end=\"1066\">\n<p data-start=\"1017\" data-end=\"1066\">Conducir bajo los efectos del alcohol o las drogas<\/p>\n<\/li>\n<li data-start=\"1067\" data-end=\"1129\">\n<p data-start=\"1069\" data-end=\"1129\">Conducci\u00f3n somnolienta en tramos largos de autopista cerca de la I-85 o la I-75<\/p>\n<\/li>\n<li data-start=\"1130\" data-end=\"1175\">\n<p data-start=\"1132\" data-end=\"1175\">Exceso de velocidad en las curvas y p\u00e9rdida de control<\/p>\n<\/li>\n<li data-start=\"1176\" data-end=\"1250\">\n<p data-start=\"1178\" data-end=\"1250\">No respetar las se\u00f1ales de tr\u00e1fico en los cruces cercanos al centro de Hapeville<\/p>\n<\/li>\n<\/ul>\n<p data-start=\"1252\" data-end=\"1633\">Con el r\u00e1pido crecimiento del tr\u00e1fico cerca del aeropuerto y los corredores circundantes de Metro Atlanta, m\u00e1s coches en la carretera significan m\u00e1s riesgo. Por eso, comprender la din\u00e1mica de una colisi\u00f3n frontal es fundamental tanto para la prevenci\u00f3n como para la recuperaci\u00f3n legal. Un abogado de accidentes de Hapeville de confianza puede ayudar a las v\u00edctimas a navegar por estos casos devastadores.  <\/p>\n<h2 data-start=\"264\" data-end=\"326\">\u00bfQu\u00e9 debo hacer tras una colisi\u00f3n frontal en Hapeville?<\/h2>\n<p data-start=\"328\" data-end=\"558\">Tomar las medidas adecuadas inmediatamente despu\u00e9s de una colisi\u00f3n frontal puede salvaguardar su salud, sus derechos y su futura indemnizaci\u00f3n. Si usted o alguien que le acompa\u00f1a resulta herido en un accidente de tr\u00e1fico en Hapeville, siga esta gu\u00eda: <\/p>\n<ol>\n<li data-start=\"560\" data-end=\"589\">Llame inmediatamente al 911<\/li>\n<li data-start=\"792\" data-end=\"849\">Busque tratamiento m\u00e9dico &#8211; Incluso si se siente \u00abbien\u00bb<\/li>\n<li data-start=\"1089\" data-end=\"1117\">Docum\u00e9ntelo todo<\/li>\n<li data-start=\"1317\" data-end=\"1361\">Evite las conversaciones r\u00e1pidas sobre seguros<\/li>\n<li data-start=\"1522\" data-end=\"1566\">Llame a nuestros abogados de accidentes de Hapeville<\/li>\n<\/ol>\n<p data-start=\"1568\" data-end=\"1847\">P\u00f3ngase en contacto con un abogado de confianza de Hapeville 24 horas al d\u00eda, 7 d\u00edas a la semana, para que le oriente. Nuestra consulta gratuita le ofrece respuestas claras y honestas sobre sus pr\u00f3ximos pasos. Un abogado dedicado proteger\u00e1 sus derechos y perseguir\u00e1 una compensaci\u00f3n completa despu\u00e9s de una colisi\u00f3n frontal.  <\/p>\n<h2 data-start=\"270\" data-end=\"320\">\u00bfQu\u00e9 causa las colisiones frontales en Hapeville?<\/h2>\n<p data-start=\"322\" data-end=\"495\">Comprender las causas profundas de una colisi\u00f3n frontal puede ayudarle a usted y a su equipo jur\u00eddico a construir un caso s\u00f3lido. Muchos de estos accidentes son el resultado directo de una negligencia: <\/p>\n<h3 data-start=\"497\" data-end=\"521\">Conducci\u00f3n distra\u00edda<\/h3>\n<p data-start=\"523\" data-end=\"790\">Enviar mensajes de texto, ajustar el GPS, comer o incluso hablar con los pasajeros puede provocar un error de una fracci\u00f3n de segundo que haga que un veh\u00edculo se desv\u00ede hacia el carril equivocado. La conducci\u00f3n distra\u00edda sigue siendo una de las principales causas de accidentes a lo largo de la I-85, la Avenida Central y otras v\u00edas muy transitadas cerca de Hapeville. <\/p>\n<h3 data-start=\"792\" data-end=\"822\">Conducir ebrio o drogado<\/h3>\n<p data-start=\"824\" data-end=\"1078\">La embriaguez afecta al juicio, los tiempos de reacci\u00f3n y las habilidades motoras. Es m\u00e1s probable que un conductor ebrio conduzca en sentido contrario en una calle de sentido \u00fanico o cruce la l\u00ednea central. Esto es especialmente peligroso en zonas de alta velocidad como Virginia Avenue o el Airport Loop.  <\/p>\n<p data-start=\"824\" data-end=\"1078\"><img decoding=\"async\" class=\"alignnone wp-image-6714 size-full\" src=\"https:\/\/www.humbertoinjurylaw.com\/wp-content\/uploads\/2025\/08\/hapeville-accident-attorney-1.jpg\" alt=\"Abogado de accidentes en Hapeville\" width=\"650\" height=\"433\" srcset=\"https:\/\/www.humbertoinjurylaw.com\/wp-content\/uploads\/2025\/08\/hapeville-accident-attorney-1.jpg 650w, https:\/\/www.humbertoinjurylaw.com\/wp-content\/uploads\/2025\/08\/hapeville-accident-attorney-1-300x200.jpg 300w\" sizes=\"(max-width: 650px) 100vw, 650px\" \/><\/p>\n<h3 data-start=\"1080\" data-end=\"1100\">Fatiga del conductor<\/h3>\n<p data-start=\"1102\" data-end=\"1346\">Quedarse dormido al volante es un problema creciente, sobre todo para los trabajadores por turnos y los conductores comerciales. La fatiga reduce el conocimiento de la situaci\u00f3n y aumenta la probabilidad de cruzarse con el tr\u00e1fico que circula en sentido contrario y provocar una colisi\u00f3n frontal. <\/p>\n<h3 data-start=\"1348\" data-end=\"1376\">Exceso de velocidad y furia al volante<\/h3>\n<p data-start=\"1378\" data-end=\"1608\">Una velocidad excesiva aumenta el riesgo de perder el control, sobre todo en las curvas o cuando hace mal tiempo. Los conductores agresivos que pisan el rebufo o adelantan indebidamente pueden provocar colisiones frontales al intentar adelantar al tr\u00e1fico m\u00e1s lento. <\/p>\n<p data-start=\"1610\" data-end=\"1912\">Nuestro bufete utiliza la reconstrucci\u00f3n experta de accidentes y el conocimiento del tr\u00e1fico local para determinar la causa exacta y probar la negligencia en su caso. Un abogado de accidentes de Hapeville de confianza puede buscar justicia en su nombre tras una devastadora colisi\u00f3n frontal. <\/p>\n<h2>\u00bfCu\u00e1les son las lesiones m\u00e1s comunes en los accidentes frontales?<\/h2>\n<p>Las colisiones frontales producen fuerzas violentas que a menudo provocan lesiones catastr\u00f3ficas. Incluso con elementos de seguridad modernos como los airbags y las zonas deformables, el impacto puede provocar consecuencias a largo plazo: <\/p>\n<ul data-spread=\"false\">\n<li><strong>Lesiones cerebrales traum\u00e1ticas (TBI):<\/strong> Las conmociones cerebrales y los traumatismos cerebrales graves pueden afectar a la memoria, la cognici\u00f3n y las habilidades motoras.<\/li>\n<li><strong>Lesiones de la m\u00e9dula espinal:<\/strong> Pueden provocar una par\u00e1lisis total o parcial y requieren cuidados de por vida.<\/li>\n<li><strong>Lesiones ortop\u00e9dicas:<\/strong> Las fracturas de huesos en brazos, piernas, costillas o pelvis son frecuentes y pueden requerir una reparaci\u00f3n quir\u00fargica.<\/li>\n<li><strong>Da\u00f1os en los tejidos blandos:<\/strong> El latigazo cervical, la rotura de ligamentos y las lesiones musculares pueden provocar dolor cr\u00f3nico.<\/li>\n<li><strong>Hemorragia interna:<\/strong> Los da\u00f1os en los \u00f3rganos suelen pasar desapercibidos al principio, pero pueden ser mortales sin un tratamiento r\u00e1pido.<\/li>\n<li><strong>Trauma psicol\u00f3gico:<\/strong> La ansiedad, el TEPT y la depresi\u00f3n son comunes despu\u00e9s de un choque grave.<\/li>\n<\/ul>\n<p>En las Oficinas Legales de Humberto Izquierdo Jr., trabajamos con neur\u00f3logos, cirujanos ortop\u00e9dicos y profesionales de la salud mental para evaluar y documentar plenamente sus lesiones para obtener la m\u00e1xima compensaci\u00f3n.<\/p>\n<h2>\u00bfQu\u00e9 indemnizaci\u00f3n puedo reclamar tras una colisi\u00f3n frontal en Cumming?<\/h2>\n<p>Cada caso de colisi\u00f3n frontal es \u00fanico, pero las v\u00edctimas suelen tener derecho a importantes indemnizaciones por p\u00e9rdidas econ\u00f3micas y no econ\u00f3micas:<\/p>\n<h3>Da\u00f1os econ\u00f3micos<\/h3>\n<ul data-spread=\"false\">\n<li>Gastos de ambulancia y urgencias<\/li>\n<li>Hospitalizaci\u00f3n y cirug\u00edas<\/li>\n<li>Fisioterapia y equipamiento m\u00e9dico<\/li>\n<li>Medicamentos recetados<\/li>\n<li>P\u00e9rdida de salarios y reducci\u00f3n de la capacidad para obtener ingresos<\/li>\n<li>Transporte para las citas m\u00e9dicas<\/li>\n<\/ul>\n<h3>Da\u00f1os no econ\u00f3micos<\/h3>\n<ul data-spread=\"false\">\n<li>Dolor y Sufrimiento<\/li>\n<li>Angustia mental<\/li>\n<li>P\u00e9rdida del disfrute de la vida<\/li>\n<li>Desfiguraci\u00f3n o incapacidad permanente<\/li>\n<\/ul>\n<h3>Da\u00f1os punitivos<\/h3>\n<p>Si el conductor culpable estaba intoxicado o conduc\u00eda de forma temeraria, usted tambi\u00e9n puede optar a da\u00f1os punitivos, que est\u00e1n dise\u00f1ados para castigar y disuadir esa conducta.<\/p>\n<p>Calculamos sus da\u00f1os totales utilizando historiales m\u00e9dicos, historial laboral y evaluaciones periciales para asegurarnos de que las compa\u00f1\u00edas de seguros no le defraudan.<\/p>\n<h2>\u00bfC\u00f3mo probamos la culpabilidad en una colisi\u00f3n frontal en Hapeville?<\/h2>\n<p>Probar la responsabilidad requiere una recopilaci\u00f3n estrat\u00e9gica de pruebas y un profundo conocimiento de las leyes de negligencia de Georgia. Adoptamos un enfoque proactivo y minucioso que incluye: <\/p>\n<ul data-spread=\"false\">\n<li style=\"list-style-type: none;\">\n<ul data-spread=\"false\">\n<li><strong>Informes policiales:<\/strong> Obtenemos y analizamos los informes de colisiones de las fuerzas de seguridad locales.<\/li>\n<li><strong>Entrevistas a testigos:<\/strong> Los testigos presenciales independientes pueden respaldar su versi\u00f3n de los hechos.<\/li>\n<li><strong>Fotos de la escena del accidente y vigilancia:<\/strong> Las c\u00e1maras de salpicadero y las c\u00e1maras de seguridad cercanas pueden revelar detalles clave.<\/li>\n<\/ul>\n<\/li>\n<\/ul>\n<ul data-spread=\"false\">\n<li><strong>Toxicolog\u00eda y registros telef\u00f3nicos:<\/strong> Pruebe la DUI o el env\u00edo de mensajes de texto mientras conduce.<\/li>\n<li><strong>Reconstrucci\u00f3n pericial de accidentes:<\/strong> Nos asociamos con especialistas para simular c\u00f3mo se produjo el accidente y demostrar la culpa.<\/li>\n<\/ul>\n<p>Nuestro bufete construye casos herm\u00e9ticos dise\u00f1ados para resistir el escrutinio de los peritos de seguros y los abogados de la parte contraria.<\/p>\n<h2>\u00bfCu\u00e1nto tiempo tengo para presentar una demanda en Georgia?<\/h2>\n<p>En Georgia, el plazo de prescripci\u00f3n para las demandas por lesiones personales es de dos a\u00f1os a partir de la fecha del accidente. Sin embargo, esperar demasiado puede poner en peligro su caso. Las pruebas pueden degradarse, los recuerdos desvanecerse y los equipos de defensa de las aseguradoras volverse m\u00e1s agresivos. No se demore. Cuanto antes nos llame, mejor podremos proteger sus derechos y construir un caso convincente.    <\/p>\n<h2 data-start=\"274\" data-end=\"362\">Preguntas frecuentes adicionales &#8211; Abogados de colisiones frontales en Hapeville, GA<\/h2>\n<h3 data-start=\"364\" data-end=\"435\">\u00bfC\u00f3mo puede ayudarme un abogado de accidentes de Hapeville con mi reclamaci\u00f3n al seguro?<\/h3>\n<p><a href=\"https:\/\/www.humbertoinjurylaw.com\/wp-content\/uploads\/2025\/08\/head-on-collision-accident-1.jpg\"><img decoding=\"async\" class=\"alignnone wp-image-6708 size-full\" src=\"https:\/\/www.humbertoinjurylaw.com\/wp-content\/uploads\/2025\/08\/head-on-collision-accident-1.jpg\" alt=\"Accidente por colisi\u00f3n frontal\" width=\"650\" height=\"433\" srcset=\"https:\/\/www.humbertoinjurylaw.com\/wp-content\/uploads\/2025\/08\/head-on-collision-accident-1.jpg 650w, https:\/\/www.humbertoinjurylaw.com\/wp-content\/uploads\/2025\/08\/head-on-collision-accident-1-300x200.jpg 300w\" sizes=\"(max-width: 650px) 100vw, 650px\" \/><\/a><\/p>\n<p data-start=\"437\" data-end=\"770\">Un abogado de accidentes de Hapeville puede encargarse de toda la comunicaci\u00f3n con los peritos de seguros, asegur\u00e1ndose de que sus derechos est\u00e9n protegidos y de que no acepte una oferta a la baja. Negocian directamente con la aseguradora, re\u00fanen documentaci\u00f3n acreditativa y se aseguran de que sus gastos m\u00e9dicos, salarios perdidos y dolor y sufrimiento se contabilizan en su totalidad. <\/p>\n<h3 data-start=\"772\" data-end=\"860\">\u00bfQu\u00e9 debo llevar a mi consulta inicial con un abogado de accidentes de Hapeville?<\/h3>\n<p data-start=\"862\" data-end=\"1170\">Lleve toda la documentaci\u00f3n pertinente, incluido el informe policial, los historiales m\u00e9dicos, las fotos del lugar del accidente, la informaci\u00f3n de los testigos, los datos del seguro y cualquier correspondencia de la compa\u00f1\u00eda de seguros. Esto ayuda a su abogado de accidentes de Hapeville a evaluar su caso y proporcionarle una estrategia legal a medida. <\/p>\n<h3 data-start=\"1538\" data-end=\"1616\">\u00bfY si el conductor culpable huy\u00f3 del lugar del accidente en Hapeville?<\/h3>\n<p data-start=\"1618\" data-end=\"1890\">Si se vio implicado en un choque frontal con fuga, su cobertura de motorista sin seguro puede cubrir sus da\u00f1os. Un abogado le ayudar\u00e1 a identificar todas las v\u00edas de indemnizaci\u00f3n y colaborar\u00e1 con los investigadores para localizar posiblemente al conductor que huy\u00f3. <\/p>\n<h3 data-start=\"2941\" data-end=\"3004\">\u00bfC\u00f3mo puedo saber si la oferta de acuerdo que he recibido es justa?<\/h3>\n<p data-start=\"3006\" data-end=\"3224\">No acepte un acuerdo sin asesoramiento legal. Un abogado de accidentes de Hapeville puede comparar su oferta con veredictos y acuerdos locales recientes por lesiones similares y negociar un resultado mejor si se queda corto. <\/p>\n<h2 data-start=\"268\" data-end=\"327\">\u00bfPor qu\u00e9 elegir el bufete de Humberto Izquierdo Jr.?<\/h2>\n<p data-start=\"329\" data-end=\"502\">Entendemos que tras una colisi\u00f3n frontal grave, usted necesita algo m\u00e1s que asesoramiento legal: necesita apoyo, compasi\u00f3n y resultados. Esto es lo que nos hace diferentes: <\/p>\n<ul data-start=\"504\" data-end=\"933\">\n<li data-start=\"504\" data-end=\"603\">\n<p data-start=\"506\" data-end=\"603\"><strong data-start=\"506\" data-end=\"527\">Centrados en Hapeville<\/strong>: Nuestros profundos lazos con el condado de Fulton nos dan una ventaja en la tramitaci\u00f3n de siniestros locales.<\/p>\n<\/li>\n<li data-start=\"604\" data-end=\"688\">\n<p data-start=\"606\" data-end=\"688\"><strong data-start=\"606\" data-end=\"627\">Disponibilidad 24\/7<\/strong>: Los accidentes no siguen un horario comercial, y nosotros tampoco.<\/p>\n<\/li>\n<li data-start=\"689\" data-end=\"767\">\n<p data-start=\"691\" data-end=\"767\"><strong data-start=\"691\" data-end=\"716\">Modelo de honorarios contingentes<\/strong>: Usted no paga nada a menos que recuperemos una indemnizaci\u00f3n.<\/p>\n<\/li>\n<li data-start=\"768\" data-end=\"853\">\n<p data-start=\"770\" data-end=\"853\"><strong data-start=\"770\" data-end=\"797\">Historial de \u00e9xitos<\/strong>: Hemos conseguido millones para las v\u00edctimas de accidentes en Georgia.<\/p>\n<\/li>\n<li data-start=\"854\" data-end=\"933\">\n<p data-start=\"856\" data-end=\"933\"><strong data-start=\"856\" data-end=\"886\">Comunicaci\u00f3n con el cliente en primer lugar<\/strong>: Le mantenemos informado en todo momento.<\/p>\n<\/li>\n<\/ul>\n<p data-start=\"935\" data-end=\"1237\">Desde nuestra oficina, servimos con orgullo a Hapeville, East Point, College Park, Union City y los alrededores del \u00e1rea metropolitana de Atlanta. Cuando usted ha sido lesionado en un choque frontal, un abogado de confianza de Hapeville est\u00e1 listo para luchar por su recuperaci\u00f3n. <\/p>\n<h2>Llame hoy mismo a un abogado especializado en colisiones frontales<\/h2>\n<p><img loading=\"lazy\" decoding=\"async\" class=\"alignnone wp-image-6712 size-full\" src=\"https:\/\/www.humbertoinjurylaw.com\/wp-content\/uploads\/2025\/08\/hapeville-accident-lawyer.jpg\" alt=\"Abogado de accidentes en Hapeville\" width=\"650\" height=\"366\" srcset=\"https:\/\/www.humbertoinjurylaw.com\/wp-content\/uploads\/2025\/08\/hapeville-accident-lawyer.jpg 650w, https:\/\/www.humbertoinjurylaw.com\/wp-content\/uploads\/2025\/08\/hapeville-accident-lawyer-300x169.jpg 300w\" sizes=\"(max-width: 650px) 100vw, 650px\" \/><\/p>\n<p>Si usted o un ser querido ha resultado herido en un choque frontal en Hapeville, no espere. Perm\u00edtanos ayudarle a recuperar su tranquilidad y estabilidad financiera. <\/p>\n<p><strong>Llame ahora:<\/strong> <a href=\"tel:+17708888901\"><i class=\"fa fa-phone-alt\"><\/i>(770) 888-8901<\/a> <a href=\"https:\/\/www.humbertoinjurylaw.com\/es\/contacto\/\" target=\"_blank\" rel=\"noopener\"><strong>Revisi\u00f3n gratuita de su caso | Sin honorarios por adelantado<\/strong><\/a><\/p>\n<p><a href=\"\/\" target=\"_blank\" rel=\"noopener\">En las Oficinas Legales de Humberto Izquierdo Jr.<\/a>, luchamos por lo que m\u00e1s importa: su recuperaci\u00f3n, sus derechos y su futuro.<\/p>\n","protected":false},"excerpt":{"rendered":"<p>Abogado de accidentes por colisi\u00f3n frontal en Hapeville, Georgia Si usted o un ser querido ha sufrido lesiones en una colisi\u00f3n frontal en Hapeville, Georgia, sabe lo traum\u00e1ticos y lo que pueden cambiarle la vida estos accidentes. Las colisiones frontales se encuentran entre los tipos m\u00e1s graves y peligrosos de accidentes automovil\u00edsticos, a menudo resultando [&hellip;]<\/p>\n","protected":false},"author":53,"featured_media":0,"parent":10378,"menu_order":0,"comment_status":"closed","ping_status":"closed","template":"","meta":{"_acf_changed":false,"anchor_text":"","footnotes":""},"class_list":["post-10387","page","type-page","status-publish","hentry"],"acf":[],"_links":{"self":[{"href":"https:\/\/www.humbertoinjurylaw.com\/es\/wp-json\/wp\/v2\/pages\/10387","targetHints":{"allow":["GET"]}}],"collection":[{"href":"https:\/\/www.humbertoinjurylaw.com\/es\/wp-json\/wp\/v2\/pages"}],"about":[{"href":"https:\/\/www.humbertoinjurylaw.com\/es\/wp-json\/wp\/v2\/types\/page"}],"author":[{"embeddable":true,"href":"https:\/\/www.humbertoinjurylaw.com\/es\/wp-json\/wp\/v2\/users\/53"}],"replies":[{"embeddable":true,"href":"https:\/\/www.humbertoinjurylaw.com\/es\/wp-json\/wp\/v2\/comments?post=10387"}],"version-history":[{"count":0,"href":"https:\/\/www.humbertoinjurylaw.com\/es\/wp-json\/wp\/v2\/pages\/10387\/revisions"}],"up":[{"embeddable":true,"href":"https:\/\/www.humbertoinjurylaw.com\/es\/wp-json\/wp\/v2\/pages\/10378"}],"wp:attachment":[{"href":"https:\/\/www.humbertoinjurylaw.com\/es\/wp-json\/wp\/v2\/media?parent=10387"}],"curies":[{"name":"wp","href":"https:\/\/api.w.org\/{rel}","templated":true}]}}