{"id":10398,"date":"2025-08-18T14:09:19","date_gmt":"2025-08-18T18:09:19","guid":{"rendered":"https:\/\/www.humbertoinjurylaw.com\/hapeville\/herido-en-un-accidente-de-trafico-en-hapeville\/abogado-de-accidentes-por-cambio-imprudente-de-carril-en-hapeville\/"},"modified":"2025-08-18T14:09:19","modified_gmt":"2025-08-18T18:09:19","slug":"abogado-de-accidentes-por-cambio-imprudente-de-carril-en-hapeville","status":"publish","type":"page","link":"https:\/\/www.humbertoinjurylaw.com\/es\/hapeville\/herido-en-un-accidente-de-trafico-en-hapeville\/abogado-de-accidentes-por-cambio-imprudente-de-carril-en-hapeville\/","title":{"rendered":"Abogado de accidentes por cambio imprudente de carril en Hapeville"},"content":{"rendered":"<h2 data-start=\"257\" data-end=\"319\">Abogado de accidente por cambio imprudente de carril en Hapeville, Georgia<\/h2>\n<p data-start=\"321\" data-end=\"702\">Si usted ha sido lesionado en un accidente de cambio de carril inseguro en Hapeville, Georgia, usted no est\u00e1 solo &#8211; y usted no tiene que navegar por las secuelas por s\u00ed mismo. En el bufete de abogados de Humberto Izquierdo Jr., PC, ayudamos a diario a v\u00edctimas de <a href=\"https:\/\/www.humbertoinjurylaw.com\/es\/hapeville\/herido-en-un-accidente-de-trafico-en-hapeville\/\">accidentes de tr\u00e1fico<\/a> que han sufrido lesiones graves debido a conductores que no cambian de carril de forma segura en carreteras con mucho tr\u00e1fico como Virginia Avenue, Central Avenue o la I-85. <\/p>\n<p data-start=\"704\" data-end=\"1111\">Los cambios de carril imprudentes son una de las principales causas de colisi\u00f3n en el condado de Fulton. Ya sea que un conductor se desv\u00ede bruscamente, olvide se\u00f1alizar o se incorpore en un punto ciego, las consecuencias pueden ser devastadoras. Estamos aqu\u00ed para hacer justicia en su nombre &#8211; y ayudarle a reclamar la indemnizaci\u00f3n total a la que tiene derecho con la ayuda de un abogado especializado en colisiones en Hapeville.  <\/p>\n<h2 data-start=\"257\" data-end=\"315\">\u00bfQu\u00e9 se considera un cambio de carril inseguro en Georgia?<\/h2>\n<p data-start=\"317\" data-end=\"764\">Un cambio de carril inseguro se produce cuando un conductor no realiza una maniobra segura y legal al cambiar de carril. Esto incluye no se\u00f1alizar, no comprobar los \u00e1ngulos muertos o incorporarse en zonas en las que est\u00e1 prohibido cambiar de carril. La ley de Georgia exige que todos los conductores mantengan una distancia de seguridad y utilicen las se\u00f1ales adecuadas antes de cambiar de carril. El incumplimiento de estas leyes no s\u00f3lo pone en peligro al conductor, sino que pone en peligro a todos los dem\u00e1s en la carretera.   <\/p>\n<p data-start=\"766\" data-end=\"1327\">En Hapeville, donde la congesti\u00f3n del tr\u00e1fico es habitual alrededor de las salidas de la I-85, Virginia Avenue y el Airport Loop, el margen de error es escaso. Las carreteras locales lo ven todo, desde el tr\u00e1fico de cercan\u00edas hasta las lanzaderas del aeropuerto, por lo que es esencial que todos los conductores manejen sus veh\u00edculos con precauci\u00f3n. Nuestro equipo de abogados especializados en accidentes de Hapeville investiga a fondo estos incidentes, utilizando el c\u00f3digo de Georgia y las normas de ingenier\u00eda de tr\u00e1fico para evaluar las infracciones. Un abogado de confianza le ayudar\u00e1 a reclamar justicia si ha resultado herido en un accidente por cambio inseguro de carril.   <\/p>\n<p><img fetchpriority=\"high\" decoding=\"async\" class=\"alignnone wp-image-6800 size-full\" src=\"https:\/\/www.humbertoinjurylaw.com\/wp-content\/uploads\/2025\/08\/unsafe-lane-change-1.jpg\" alt=\"Cambio de carril inseguro\" width=\"650\" height=\"433\" srcset=\"https:\/\/www.humbertoinjurylaw.com\/wp-content\/uploads\/2025\/08\/unsafe-lane-change-1.jpg 650w, https:\/\/www.humbertoinjurylaw.com\/wp-content\/uploads\/2025\/08\/unsafe-lane-change-1-300x200.jpg 300w\" sizes=\"(max-width: 650px) 100vw, 650px\" \/><\/p>\n<h2>\u00bfQu\u00e9 lesiones son habituales en las colisiones por cambio de carril imprudente?<\/h2>\n<p>Los cambios de carril imprudentes pueden provocar accidentes por alcance lateral, colisiones en T o vuelcos a gran velocidad. Las lesiones sufridas var\u00edan mucho en funci\u00f3n de la velocidad de los veh\u00edculos y del \u00e1ngulo de impacto. Las lesiones m\u00e1s comunes incluyen:  <\/p>\n<ul data-spread=\"false\">\n<li><strong>Lesiones cerebrales traum\u00e1ticas (LCT):<\/strong> Se produce cuando un golpe repentino en la cabeza altera el funcionamiento normal del cerebro. Los s\u00edntomas pueden incluir dolores de cabeza, confusi\u00f3n o problemas de memoria. <\/li>\n<li><strong>Lesiones de la m\u00e9dula espinal:<\/strong> Los da\u00f1os en la m\u00e9dula espinal pueden provocar una par\u00e1lisis parcial o total que requiere una rehabilitaci\u00f3n exhaustiva.<\/li>\n<li><strong>Latigazo cervical:<\/strong> Causado por un movimiento r\u00e1pido de vaiv\u00e9n del cuello. Puede provocar rigidez, dolores de cabeza y dolor a largo plazo. <\/li>\n<li><strong>Fracturas y huesos rotos:<\/strong> Los brazos, las piernas, las costillas y las caderas suelen fracturarse en las colisiones que implican un impacto brusco.<\/li>\n<li><strong>Hemorragia interna o da\u00f1o de \u00f3rganos:<\/strong> A menudo dif\u00edciles de detectar inmediatamente, estas lesiones pueden ser mortales sin una intervenci\u00f3n m\u00e9dica a tiempo.<\/li>\n<\/ul>\n<p>Trabajamos en estrecha colaboraci\u00f3n con sus m\u00e9dicos y expertos m\u00e9dicos para documentar plenamente el alcance de sus lesiones y c\u00f3mo afectan a su salud futura y a su potencial de ingresos.<\/p>\n<h2>\u00bfQu\u00e9 indemnizaci\u00f3n puede recuperar tras un accidente por cambio de carril en Hapeville?<\/h2>\n<p>Nuestros <a href=\"https:\/\/www.humbertoinjurylaw.com\/es\/hapeville\/herido-en-un-accidente-de-trafico-en-hapeville\/\" target=\"_blank\" rel=\"noopener\">abogados de accidentes de coche en Hapeville<\/a> persiguen cada d\u00f3lar disponible para cubrir: <\/p>\n<h3>Da\u00f1os econ\u00f3micos<\/h3>\n<ul data-spread=\"false\">\n<li><strong>Atenci\u00f3n m\u00e9dica de urgencia<\/strong>: Gastos de ambulancia, visitas a urgencias, hospitalizaci\u00f3n y cirug\u00eda<\/li>\n<li><strong>Rehabilitaci\u00f3n y terapia<\/strong>: Terapia f\u00edsica y ocupacional para una recuperaci\u00f3n a largo plazo<\/li>\n<li><strong>P\u00e9rdida de ingresos<\/strong>: Salarios perdidos por ausencia del trabajo<\/li>\n<li><strong>P\u00e9rdida de capacidad de ganancia<\/strong>: Si no puede volver a su trabajo anterior<\/li>\n<li><strong>Da\u00f1os materiales<\/strong>: Incluidas las reparaciones del coche, los gastos del coche de alquiler o la sustituci\u00f3n total del veh\u00edculo<\/li>\n<\/ul>\n<h3>Da\u00f1os no econ\u00f3micos<\/h3>\n<ul data-spread=\"false\">\n<li><strong>Dolor y sufrimiento<\/strong>: Indemnizaci\u00f3n por malestar f\u00edsico y trauma emocional<\/li>\n<li><strong>P\u00e9rdida de consorcio<\/strong>: Para las relaciones afectadas por sus lesiones<\/li>\n<li><strong>Reducci\u00f3n del disfrute de la vida<\/strong>: Si no puede retomar sus aficiones o actividades cotidianas<\/li>\n<\/ul>\n<h3>Da\u00f1os punitivos<\/h3>\n<p>En casos de negligencia grave, como la conducci\u00f3n bajo los efectos del alcohol o las carreras callejeras, podemos solicitar da\u00f1os punitivos para penalizar al conductor imprudente y evitar futuras conductas indebidas.<\/p>\n<h2>\u00bfQu\u00e9 debe hacer tras un accidente por cambio imprudente de carril en Hapeville?<\/h2>\n<p>Dar los pasos adecuados tras un accidente puede afectar en gran medida a la solidez de su reclamaci\u00f3n:<\/p>\n<ol start=\"1\" data-spread=\"false\">\n<li><strong>Llame al 911:<\/strong> Presente siempre un informe policial y solicite ayuda de emergencia si es necesario.<\/li>\n<li><strong>Docum\u00e9ntelo todo:<\/strong> Tome fotograf\u00edas de su coche, del otro veh\u00edculo, de los escombros y de las se\u00f1ales de la calle.<\/li>\n<li><strong>Recopile informaci\u00f3n de contacto:<\/strong> Consiga los nombres, n\u00fameros de tel\u00e9fono y datos del seguro de todos los conductores implicados. Recabe tambi\u00e9n informaci\u00f3n de contacto de los testigos. <\/li>\n<li><strong>Busque atenci\u00f3n m\u00e9dica inmediata:<\/strong> Muchas lesiones no son visibles inmediatamente.<\/li>\n<li><strong>P\u00f3ngase en contacto con un abogado:<\/strong> Comun\u00edquese con Las Oficinas Legales de Humberto Izquierdo Jr. lo antes posible para comenzar a proteger sus derechos legales.<\/li>\n<\/ol>\n<h2>\u00bfPor qu\u00e9 elegir las Oficinas Legales de Humberto Izquierdo Jr. en Hapeville, GA?<\/h2>\n<p>Con d\u00e9cadas de experiencia representando a v\u00edctimas de accidentes en Hapeville y el <a href=\"https:\/\/www.fultoncountyga.gov\/\" target=\"_blank\" rel=\"noopener\">condado de Fulton<\/a>, entendemos los aspectos \u00fanicos de la ley de lesiones personales de Georgia. Nuestra firma es conocida por: <\/p>\n<ul data-spread=\"false\">\n<li><strong>Servicio centrado en el cliente:<\/strong> Tratamos cada caso con cuidado y urgencia.<\/li>\n<li><strong>T\u00e1cticas agresivas de litigaci\u00f3n:<\/strong> Preparamos cada caso para el juicio, por lo que las compa\u00f1\u00edas de seguros nos toman en serio.<\/li>\n<li><strong>Conocimiento local:<\/strong> Conocemos los patrones de tr\u00e1fico de Hapeville, los procedimientos judiciales y c\u00f3mo tratar con los peritos de seguros locales.<\/li>\n<li><strong>Sin honorarios por adelantado:<\/strong> S\u00f3lo cobramos cuando ganamos su caso.<\/li>\n<\/ul>\n<h2 data-start=\"243\" data-end=\"327\">Preguntas frecuentes sobre accidentes por cambio de carril inseguro en Hapeville, GA<\/h2>\n<h3 data-start=\"329\" data-end=\"406\">\u00bfC\u00f3mo puedo demostrar que el otro conductor tuvo la culpa de un cambio de carril inseguro?<\/h3>\n<p><img decoding=\"async\" class=\"alignnone wp-image-6794 size-full\" src=\"https:\/\/www.humbertoinjurylaw.com\/wp-content\/uploads\/2025\/08\/unsafe-lane-change-accident-1.jpg\" alt=\"Accidente por cambio inseguro de carril\" width=\"650\" height=\"433\" srcset=\"https:\/\/www.humbertoinjurylaw.com\/wp-content\/uploads\/2025\/08\/unsafe-lane-change-accident-1.jpg 650w, https:\/\/www.humbertoinjurylaw.com\/wp-content\/uploads\/2025\/08\/unsafe-lane-change-accident-1-300x200.jpg 300w\" sizes=\"(max-width: 650px) 100vw, 650px\" \/><\/p>\n<p data-start=\"408\" data-end=\"780\">Para demostrar la culpa en un accidente por cambio de carril imprudente, son fundamentales pruebas como los informes policiales, las grabaciones de las c\u00e1maras de salpicadero o de tr\u00e1fico, los relatos de testigos presenciales y el an\u00e1lisis de los da\u00f1os del veh\u00edculo. Nuestro equipo de abogados especializados en accidentes de Hapeville tambi\u00e9n revisa los registros de tel\u00e9fonos m\u00f3viles y el historial de comportamiento del conductor para establecer la negligencia. Utilizamos todas las pruebas disponibles para responsabilizar a los conductores imprudentes.  <\/p>\n<h3 data-start=\"782\" data-end=\"869\">\u00bfPuedo seguir presentando una demanda si tuve parte de culpa en el accidente por cambio de carril?<\/h3>\n<p data-start=\"871\" data-end=\"1220\">S\u00ed. Conforme a la ley de negligencia comparativa de Georgia, a\u00fan puede recuperar los da\u00f1os siempre que su porcentaje de culpa sea inferior al 50%. Su indemnizaci\u00f3n se reducir\u00e1 en funci\u00f3n de su porcentaje de culpa. Por ejemplo, si se le considera responsable en un 20%, su indemnizaci\u00f3n se reducir\u00e1 en un 20%. Un abogado de Hapeville le ayudar\u00e1 a evaluar la responsabilidad y a maximizar su recuperaci\u00f3n.    <\/p>\n<h3 data-start=\"1222\" data-end=\"1302\">\u00bfDe cu\u00e1nto tiempo dispongo para presentar una demanda tras un accidente por cambio de carril en Georgia?<\/h3>\n<p data-start=\"1304\" data-end=\"1588\">La ley de prescripci\u00f3n de Georgia para reclamaciones por da\u00f1os personales es de dos a\u00f1os a partir de la fecha del accidente. Para da\u00f1os materiales, es de cuatro a\u00f1os. Es fundamental actuar con rapidez para preservar las pruebas y cumplir los plazos. Contactar pronto con un abogado especializado en accidentes de Hapeville refuerza su caso.   <\/p>\n<h3 data-start=\"2625\" data-end=\"2688\">\u00bfY si el otro conductor no ten\u00eda seguro o huy\u00f3 del lugar del accidente?<\/h3>\n<p data-start=\"2690\" data-end=\"2955\">Si el conductor culpable no ten\u00eda seguro o abandon\u00f3 el lugar del accidente, a\u00fan puede recuperar una indemnizaci\u00f3n a trav\u00e9s de su propia cobertura de motorista sin seguro o con seguro insuficiente (UM\/UIM). Nuestro equipo de abogados especializados en accidentes de Hapeville puede ayudarle a presentar una reclamaci\u00f3n a su aseguradora y luchar por un pago justo. <\/p>\n<h2 data-start=\"255\" data-end=\"324\">Hable hoy mismo con un abogado de accidentes por cambio imprudente de carril en Hapeville<\/h2>\n<p><img decoding=\"async\" class=\"alignnone wp-image-6798 size-full\" src=\"https:\/\/www.humbertoinjurylaw.com\/wp-content\/uploads\/2025\/08\/hapeville-crash-lawyer.jpg\" alt=\"Abogado de accidentes en Hapeville\" width=\"650\" height=\"461\" srcset=\"https:\/\/www.humbertoinjurylaw.com\/wp-content\/uploads\/2025\/08\/hapeville-crash-lawyer.jpg 650w, https:\/\/www.humbertoinjurylaw.com\/wp-content\/uploads\/2025\/08\/hapeville-crash-lawyer-300x213.jpg 300w\" sizes=\"(max-width: 650px) 100vw, 650px\" \/><\/p>\n<p data-start=\"326\" data-end=\"600\">No permita que la mala decisi\u00f3n de otra persona en la carretera le cueste su salud, su sustento o su tranquilidad. Si usted ha sido lesionado en un accidente de cambio de carril inseguro en Hapeville, llame a Las Oficinas Legales de Humberto Izquierdo Jr. para obtener apoyo legal compasivo y agresivo. <\/p>\n<p data-start=\"602\" data-end=\"670\"><strong data-start=\"602\" data-end=\"616\">Llame 24\/7:<\/strong> <a href=\"tel:+17708888901\"><i class=\"fa fa-phone-alt\"><\/i>(770) 888-8901<\/a><br data-start=\"624\" data-end=\"627\"><a href=\"https:\/\/www.humbertoinjurylaw.com\/es\/contacto\/\" target=\"_blank\" rel=\"noopener\">Consulta gratuita<\/a> | Sin honorarios a menos que ganemos<\/p>\n<p data-start=\"672\" data-end=\"893\">Estamos listos para ayudarle a recuperarse y seguir adelante con fuerza y confianza. Un abogado de accidentes de Hapeville de confianza est\u00e1 aqu\u00ed para luchar por la justicia y la indemnizaci\u00f3n que se merece despu\u00e9s de un accidente por cambio inseguro de carril. <\/p>\n","protected":false},"excerpt":{"rendered":"<p>Abogado de accidente por cambio imprudente de carril en Hapeville, Georgia Si usted ha sido lesionado en un accidente de cambio de carril inseguro en Hapeville, Georgia, usted no est\u00e1 solo &#8211; y usted no tiene que navegar por las secuelas por s\u00ed mismo. En el bufete de abogados de Humberto Izquierdo Jr., PC, ayudamos [&hellip;]<\/p>\n","protected":false},"author":53,"featured_media":0,"parent":10378,"menu_order":0,"comment_status":"closed","ping_status":"closed","template":"","meta":{"_acf_changed":false,"anchor_text":"","footnotes":""},"class_list":["post-10398","page","type-page","status-publish","hentry"],"acf":[],"_links":{"self":[{"href":"https:\/\/www.humbertoinjurylaw.com\/es\/wp-json\/wp\/v2\/pages\/10398","targetHints":{"allow":["GET"]}}],"collection":[{"href":"https:\/\/www.humbertoinjurylaw.com\/es\/wp-json\/wp\/v2\/pages"}],"about":[{"href":"https:\/\/www.humbertoinjurylaw.com\/es\/wp-json\/wp\/v2\/types\/page"}],"author":[{"embeddable":true,"href":"https:\/\/www.humbertoinjurylaw.com\/es\/wp-json\/wp\/v2\/users\/53"}],"replies":[{"embeddable":true,"href":"https:\/\/www.humbertoinjurylaw.com\/es\/wp-json\/wp\/v2\/comments?post=10398"}],"version-history":[{"count":0,"href":"https:\/\/www.humbertoinjurylaw.com\/es\/wp-json\/wp\/v2\/pages\/10398\/revisions"}],"up":[{"embeddable":true,"href":"https:\/\/www.humbertoinjurylaw.com\/es\/wp-json\/wp\/v2\/pages\/10378"}],"wp:attachment":[{"href":"https:\/\/www.humbertoinjurylaw.com\/es\/wp-json\/wp\/v2\/media?parent=10398"}],"curies":[{"name":"wp","href":"https:\/\/api.w.org\/{rel}","templated":true}]}}