{"id":10399,"date":"2025-04-21T15:41:14","date_gmt":"2025-04-21T19:41:14","guid":{"rendered":"https:\/\/www.humbertoinjurylaw.com\/como-se-determina-la-culpa-en-un-accidente-de-trafico-en-georgia\/"},"modified":"2025-04-21T15:41:14","modified_gmt":"2025-04-21T19:41:14","slug":"como-se-determina-la-culpa-en-un-accidente-de-trafico-en-georgia","status":"publish","type":"page","link":"https:\/\/www.humbertoinjurylaw.com\/es\/como-se-determina-la-culpa-en-un-accidente-de-trafico-en-georgia\/","title":{"rendered":"\u00bfC\u00f3mo se determina la culpa en un accidente de tr\u00e1fico en Georgia?"},"content":{"rendered":"<p>Los accidentes de coche son experiencias abrumadoras. Entre las lesiones, los da\u00f1os a la propiedad y los quebraderos de cabeza del seguro, una de las partes m\u00e1s confusas para mucha gente es determinar la culpa en un accidente de coche. Si recientemente se ha visto involucrado en un accidente en Georgia, es importante que entienda c\u00f3mo se establece la culpa y c\u00f3mo afecta a su capacidad para recuperar los da\u00f1os.  <\/p>\n<p>En las Oficinas Legales de Humberto Izquierdo, Jr., PC, nuestros <a href=\"https:\/\/www.humbertoinjurylaw.com\/es\/cumming\/cumming-abogado-de-accidente-de-coche\/\" target=\"_blank\" rel=\"noopener\">abogados expertos en accidentes automovil\u00edsticos en Cumming<\/a> est\u00e1n aqu\u00ed para ayudarle a obtener la compensaci\u00f3n que se merece.<\/p>\n<h2>Georgia es un Estado con culpa en los accidentes de tr\u00e1fico<\/h2>\n<p>Cuando se trata de accidentes de coche, cada estado sigue uno de los dos sistemas principales: culpa o sin culpa. <a href=\"https:\/\/www.humbertoinjurylaw.com\/is-georgia-a-no-fault-state\/\" target=\"_blank\" rel=\"noopener\">Georgia es un estado \u00abculpable\u00bb<\/a>, lo que significa que la persona que caus\u00f3 el accidente es responsable de los da\u00f1os resultantes. Esto incluye gastos m\u00e9dicos, salarios perdidos, da\u00f1os a la propiedad y dolor y sufrimiento.  <\/p>\n<p>En un sistema de culpabilidad como el de Georgia, la persona lesionada en un accidente tiene varias opciones para reclamar una indemnizaci\u00f3n. Puede presentar una reclamaci\u00f3n a su propia compa\u00f1\u00eda de seguros, presentar una reclamaci\u00f3n a terceros a la compa\u00f1\u00eda de seguros del conductor culpable o presentar una demanda por lesiones personales ante un tribunal. Sin embargo, todas estas v\u00edas dependen de una cosa: demostrar qui\u00e9n tuvo la culpa.  <\/p>\n<h2>\u00bfQui\u00e9n tiene la culpa en un accidente de tr\u00e1fico en Georgia?<\/h2>\n<p>Determinar la culpa en un accidente de coche en Georgia implica identificar a la parte que actu\u00f3 con negligencia o infringi\u00f3 las leyes de tr\u00e1fico, lo que provoc\u00f3 el choque. Entre <a href=\"https:\/\/www.humbertoinjurylaw.com\/es\/causas-comunes-de-los-accidentes-de-trafico-y-como-evitarlas\/\" target=\"_blank\" rel=\"noopener\">las causas m\u00e1s comunes de los accidentes de coche<\/a> se incluyen el exceso de velocidad, saltarse un sem\u00e1foro en rojo, no ceder el paso, conducir distra\u00eddo y conducir bajo los efectos de las drogas o el alcohol. <\/p>\n<p>En algunos casos, la culpa est\u00e1 relativamente clara, como cuando un conductor embiste por detr\u00e1s a otro o cuando alguien se salta una se\u00f1al de stop. Pero en muchos accidentes, la culpa puede ser discutida, y es entonces cuando el proceso legal se vuelve m\u00e1s complejo. Contar con un abogado experto de su lado puede marcar la diferencia a la hora de demostrar qui\u00e9n es el responsable.  <\/p>\n<p><a href=\"https:\/\/www.humbertoinjurylaw.com\/wp-content\/uploads\/2025\/04\/determining-fault-in-car-accident-georgia.webp\"><img fetchpriority=\"high\" decoding=\"async\" class=\"alignnone size-full wp-image-4202\" src=\"https:\/\/www.humbertoinjurylaw.com\/wp-content\/uploads\/2025\/04\/determining-fault-in-car-accident-georgia.webp\" alt=\"determinar la culpa en un accidente de coche en Georgia, accidente de coche de juguete bajo la lupa\" width=\"500\" height=\"330\" srcset=\"https:\/\/www.humbertoinjurylaw.com\/wp-content\/uploads\/2025\/04\/determining-fault-in-car-accident-georgia.webp 500w, https:\/\/www.humbertoinjurylaw.com\/wp-content\/uploads\/2025\/04\/determining-fault-in-car-accident-georgia-300x198.webp 300w\" sizes=\"(max-width: 500px) 100vw, 500px\" \/><\/a><\/p>\n<h2>Determinaci\u00f3n de la culpa en un accidente de tr\u00e1fico en Georgia<\/h2>\n<p>Entonces, \u00bfc\u00f3mo se determina exactamente la culpa tras un accidente? Hay dos investigaciones principales que tienen lugar: una llevada a cabo por la polic\u00eda y otra por las compa\u00f1\u00edas de seguros. <\/p>\n<h3>El papel de la polic\u00eda<\/h3>\n<p>Cuando se produce un accidente de coche en Georgia, es importante llamar a la polic\u00eda para que se pueda presentar un informe oficial del accidente. El oficial que responda documentar\u00e1 la escena, entrevistar\u00e1 a los conductores y testigos, tomar\u00e1 fotograf\u00edas y posiblemente emitir\u00e1 citaciones si se violaron las leyes de tr\u00e1nsito. <\/p>\n<p>El informe policial puede ser una prueba clave en su reclamaci\u00f3n. Puede incluir la opini\u00f3n del agente sobre qui\u00e9n caus\u00f3 el accidente, lo que puede tener un peso importante ante los peritos de seguros y ante un tribunal. Sin embargo, es importante saber que el informe policial no es la \u00faltima palabra. Las compa\u00f1\u00edas de seguros y los abogados llevar\u00e1n a cabo sus propias investigaciones.   <\/p>\n<h3>La investigaci\u00f3n de la compa\u00f1\u00eda de seguros<\/h3>\n<p>Tras un accidente, la compa\u00f1\u00eda de seguros de cada conductor llevar\u00e1 a cabo una investigaci\u00f3n independiente para determinar la culpa. Pueden revisar el informe policial, entrevistar a los testigos, inspeccionar los veh\u00edculos, analizar las fotos del lugar del accidente y revisar los historiales m\u00e9dicos. Los peritos de seguros est\u00e1n formados para buscar indicios de negligencia y factores contribuyentes.  <\/p>\n<p>Sin embargo, las compa\u00f1\u00edas de seguros no son partes neutrales. Su objetivo es minimizar la cantidad que pagan, por lo que no es raro que intenten echar m\u00e1s culpa a la v\u00edctima del accidente de coche. Por eso es esencial contar con un abogado experto en accidentes de coche que pueda defender sus intereses y rebatir cualquier conclusi\u00f3n injusta.  <\/p>\n<h2>C\u00f3mo prueba un abogado la culpa en un accidente de tr\u00e1fico<\/h2>\n<p>En el bufete de abogados de Humberto Izquierdo, Jr., PC, nuestros abogados de accidentes de coche saben lo que se necesita para demostrar la culpa y construir un caso fuerte en su nombre. Para ello, nos centramos en demostrar que el otro conductor fue negligente. <\/p>\n<p>Negligencia significa que una persona no tuvo un cuidado razonable y que ese fallo caus\u00f3 da\u00f1os a otra persona. Para demostrar que el otro tiene la culpa, debemos establecer cuatro elementos clave: <\/p>\n<ul>\n<li><b>Deber de cuidado<\/b>: Todos los conductores deben conducir de forma segura y respetar <a href=\"https:\/\/dps.georgia.gov\/ask-us\/resources\/georgia-traffic-codes\" target=\"_blank\" rel=\"noopener\">las leyes de tr\u00e1fico<\/a>.<\/li>\n<li><b>Incumplimiento del deber<\/b>: El conductor se comport\u00f3 de forma imprudente o negligente.<\/li>\n<li><b>Causalidad<\/b>: Las acciones del conductor causaron directamente el accidente.<\/li>\n<li><b>Da\u00f1os y perjuicios<\/b>: Usted sufri\u00f3 lesiones o p\u00e9rdidas como consecuencia de la colisi\u00f3n.<\/li>\n<\/ul>\n<p>Para probar estos elementos, nuestro equipo jur\u00eddico re\u00fane una amplia gama de pruebas, entre las que se incluyen:<\/p>\n<ul>\n<li>El informe policial<\/li>\n<li>Fotos y v\u00eddeos del lugar del accidente<\/li>\n<li>Declaraciones de testigos oculares<\/li>\n<li>Im\u00e1genes de c\u00e1maras de vigilancia o de tr\u00e1fico<\/li>\n<li>Historiales m\u00e9dicos y facturas<\/li>\n<li>Testimonios de expertos (por ejemplo, expertos en reconstrucci\u00f3n de accidentes)<\/li>\n<\/ul>\n<p>Reuniendo toda la informaci\u00f3n disponible, creamos una narraci\u00f3n convincente que muestra claramente c\u00f3mo la negligencia del otro conductor caus\u00f3 sus lesiones.<\/p>\n<p><a href=\"https:\/\/www.humbertoinjurylaw.com\/wp-content\/uploads\/2025\/04\/fault-for-a-car-accident-georgia-blog.webp\"><img decoding=\"async\" class=\"alignnone size-full wp-image-4205\" src=\"https:\/\/www.humbertoinjurylaw.com\/wp-content\/uploads\/2025\/04\/fault-for-a-car-accident-georgia-blog.webp\" alt=\"los conductores discuten sobre la culpa de un accidente de coche, demostrar la culpa en un accidente de coche\" width=\"500\" height=\"334\" srcset=\"https:\/\/www.humbertoinjurylaw.com\/wp-content\/uploads\/2025\/04\/fault-for-a-car-accident-georgia-blog.webp 500w, https:\/\/www.humbertoinjurylaw.com\/wp-content\/uploads\/2025\/04\/fault-for-a-car-accident-georgia-blog-300x200.webp 300w\" sizes=\"(max-width: 500px) 100vw, 500px\" \/><\/a><\/p>\n<h2>\u00bfQu\u00e9 ocurre si usted es parcialmente culpable de un accidente en Georgia?<\/h2>\n<p>Una de las cosas m\u00e1s importantes que hay que entender sobre la determinaci\u00f3n de la culpa en un accidente de coche en Georgia es la regla de negligencia comparativa del estado. Esta regla reconoce que m\u00e1s de una parte puede ser responsable de un choque. <\/p>\n<p>Conforme a la ley de Georgia, usted puede obtener una indemnizaci\u00f3n aunque haya tenido parte de la culpa del accidente, siempre que su responsabilidad sea inferior al 50%. Sin embargo, su indemnizaci\u00f3n se reducir\u00e1 en funci\u00f3n de su porcentaje de culpa. <\/p>\n<p>Por ejemplo, imagine que tuvo un accidente en el que el otro conductor se salt\u00f3 un sem\u00e1foro en rojo, pero usted iba con exceso de velocidad. Un jurado podr\u00eda dictaminar que usted tuvo un 20% de culpa y el otro conductor un 80%. Si sus da\u00f1os totales fueran de 100.000 d\u00f3lares, a\u00fan tendr\u00eda derecho a recuperar 80.000 d\u00f3lares.  <\/p>\n<p>Pero si se determina que usted tiene un 50% o m\u00e1s de culpa, no podr\u00e1 recuperar ninguna indemnizaci\u00f3n. Eso hace que sea especialmente importante contar con un abogado experto que pueda minimizar su porcentaje de culpa asignado y maximizar su recuperaci\u00f3n. <\/p>\n<h2>C\u00f3mo pueden ayudar nuestros abogados de accidentes de tr\u00e1fico en Cumming<\/h2>\n<p>Cuando se enfrenta a las secuelas de un accidente de coche, lo \u00faltimo que necesita es m\u00e1s confusi\u00f3n o estr\u00e9s. Ah\u00ed es donde entramos nosotros. En las Oficinas Legales de Humberto Izquierdo, Jr., PC, traemos a\u00f1os de experiencia en el manejo de casos de accidentes automovil\u00edsticos en Cumming y en todo Georgia. Nuestro objetivo es proteger sus derechos, guiarlo a trav\u00e9s del proceso legal, y luchar por la compensaci\u00f3n que se merece.   <\/p>\n<p>Comenzamos escuchando su historia y llevando a cabo una investigaci\u00f3n exhaustiva del accidente. Recopilamos pruebas, hablamos con testigos y trabajamos con peritos para determinar qui\u00e9n tuvo la culpa. Tambi\u00e9n nos encargamos de la comunicaci\u00f3n con las compa\u00f1\u00edas de seguros, para que no tenga que preocuparse de que le presionen para que acepte un acuerdo a la baja.  <\/p>\n<p>Tanto si su caso puede resolverse mediante negociaci\u00f3n como si tiene que ir a los tribunales, estamos preparados para abogar ferozmente en su nombre. Sabemos c\u00f3mo demostrar la culpa, c\u00f3mo luchar contra las demandas por negligencia comparativa y c\u00f3mo asegurarnos de que su voz sea escuchada. <\/p>\n<h2>\u00bfCu\u00e1l es el plazo para presentar una demanda por accidente de tr\u00e1fico en Georgia?<\/h2>\n<p>Por lo general, las v\u00edctimas de accidentes disponen de<a href=\"https:\/\/www.humbertoinjurylaw.com\/car-accident-statute-of-limitations-georgia\/\" target=\"_blank\" rel=\"noopener\"> dos a\u00f1os desde el accidente de coche para presentar una demanda por lesiones personales en Georgia<\/a>. Si no cumple el plazo de prescripci\u00f3n, puede perder su derecho a solicitar una indemnizaci\u00f3n por sus lesiones y da\u00f1os. Debe ponerse en contacto con un abogado especializado en accidentes de tr\u00e1fico lo antes posible.  <\/p>\n<h2>Contacte con nosotros hoy mismo para una revisi\u00f3n gratuita de su caso<\/h2>\n<p>Si ha resultado herido en un accidente, determinar la culpa en un accidente de tr\u00e1fico es uno de los pasos m\u00e1s cruciales para proteger su futuro. No trate de navegar el proceso solo. Deje que el experimentado equipo legal de las Oficinas Legales de Humberto Izquierdo, Jr., PC est\u00e9 a su lado y le ayude a buscar justicia.  <\/p>\n<p><a href=\"https:\/\/www.humbertoinjurylaw.com\/es\/contacto\/\" target=\"_blank\" rel=\"noopener\">P\u00f3ngase en contacto con nosotros hoy mismo<\/a> para programar una <strong>consulta gratuita<\/strong>. Estamos aqu\u00ed para ayudarle a entender sus derechos, evaluar su caso, y dar el primer paso hacia la recuperaci\u00f3n. Cuando se trata de accidentes automovil\u00edsticos en Georgia, tenemos la experiencia, el conocimiento y la dedicaci\u00f3n para ayudarle a avanzar con confianza.  <\/p>\n","protected":false},"excerpt":{"rendered":"<p>Los accidentes de coche son experiencias abrumadoras. Entre las lesiones, los da\u00f1os a la propiedad y los quebraderos de cabeza del seguro, una de las partes m\u00e1s confusas para mucha gente es determinar la culpa en un accidente de coche. Si recientemente se ha visto involucrado en un accidente en Georgia, es importante que entienda [&hellip;]<\/p>\n","protected":false},"author":6,"featured_media":0,"parent":0,"menu_order":0,"comment_status":"closed","ping_status":"closed","template":"","meta":{"_acf_changed":false,"anchor_text":"","footnotes":""},"class_list":["post-10399","page","type-page","status-publish","hentry"],"acf":[],"_links":{"self":[{"href":"https:\/\/www.humbertoinjurylaw.com\/es\/wp-json\/wp\/v2\/pages\/10399","targetHints":{"allow":["GET"]}}],"collection":[{"href":"https:\/\/www.humbertoinjurylaw.com\/es\/wp-json\/wp\/v2\/pages"}],"about":[{"href":"https:\/\/www.humbertoinjurylaw.com\/es\/wp-json\/wp\/v2\/types\/page"}],"author":[{"embeddable":true,"href":"https:\/\/www.humbertoinjurylaw.com\/es\/wp-json\/wp\/v2\/users\/6"}],"replies":[{"embeddable":true,"href":"https:\/\/www.humbertoinjurylaw.com\/es\/wp-json\/wp\/v2\/comments?post=10399"}],"version-history":[{"count":0,"href":"https:\/\/www.humbertoinjurylaw.com\/es\/wp-json\/wp\/v2\/pages\/10399\/revisions"}],"wp:attachment":[{"href":"https:\/\/www.humbertoinjurylaw.com\/es\/wp-json\/wp\/v2\/media?parent=10399"}],"curies":[{"name":"wp","href":"https:\/\/api.w.org\/{rel}","templated":true}]}}