{"id":10405,"date":"2025-09-25T15:40:02","date_gmt":"2025-09-25T19:40:02","guid":{"rendered":"https:\/\/www.humbertoinjurylaw.com\/marietta\/abogado-de-lesiones-personales-en-marietta\/"},"modified":"2025-09-25T15:40:02","modified_gmt":"2025-09-25T19:40:02","slug":"abogado-de-lesiones-personales-en-marietta","status":"publish","type":"page","link":"https:\/\/www.humbertoinjurylaw.com\/es\/marietta\/abogado-de-lesiones-personales-en-marietta\/","title":{"rendered":"Abogado de lesiones personales en Marietta"},"content":{"rendered":"<h2 data-start=\"179\" data-end=\"271\">Abogados expertos en lesiones personales de Marietta que luchan por sus derechos y su indemnizaci\u00f3n<\/h2>\n<p data-start=\"273\" data-end=\"534\">Si usted o un ser querido ha sido lesionado en un accidente en Marietta, Georgia, necesita un abogado dedicado Marietta para ayudarle a navegar por las complejidades del proceso legal y asegurarse de que recibe la compensaci\u00f3n que se merece por su lesi\u00f3n personal.<\/p>\n<p data-start=\"273\" data-end=\"534\"><a href=\"https:\/\/www.humbertoinjurylaw.com\/wp-content\/uploads\/2025\/09\/personal-injury.jpg\"><img fetchpriority=\"high\" decoding=\"async\" class=\"alignnone size-full wp-image-8216\" src=\"https:\/\/www.humbertoinjurylaw.com\/wp-content\/uploads\/2025\/09\/personal-injury.jpg\" alt=\"Lesiones personales\" width=\"650\" height=\"433\" srcset=\"https:\/\/www.humbertoinjurylaw.com\/wp-content\/uploads\/2025\/09\/personal-injury.jpg 650w, https:\/\/www.humbertoinjurylaw.com\/wp-content\/uploads\/2025\/09\/personal-injury-300x200.jpg 300w\" sizes=\"(max-width: 650px) 100vw, 650px\" \/><\/a><\/p>\n<p data-start=\"536\" data-end=\"916\">Si usted ha estado involucrado en un accidente de coche Marietta, accidente de motocicleta, o han sufrido lesiones cerebrales traum\u00e1ticas o lesiones de la m\u00e9dula espinal, el impacto f\u00edsico, emocional y financiero puede ser abrumador. En <a href=\"\/\" target=\"_blank\" rel=\"noopener\">las Oficinas Legales de Humberto Izquierdo, Jr., PC<\/a>, estamos comprometidos a proteger los derechos de las v\u00edctimas de accidentes y luchar por una compensaci\u00f3n justa en su nombre. <\/p>\n<p data-start=\"918\" data-end=\"1327\">Nuestros abogados expertos en accidentes con lesiones comprenden los retos que conllevan las demandas individuales por accidentes con lesiones y se dedican a ayudarle en cada paso de su caso de lesiones personales. Desde negociar con las compa\u00f1\u00edas de seguros hasta emprender acciones legales, nos aseguramos de que reciba la indemnizaci\u00f3n necesaria para cubrir los gastos m\u00e9dicos, los salarios perdidos y otros costes asociados a sus lesiones. <\/p>\n<p data-start=\"1329\" data-end=\"1554\">Deje que nuestro equipo legal le proporcione una representaci\u00f3n cualificada para recuperarse y seguir adelante. P\u00f3ngase en contacto con nosotros hoy mismo para una consulta gratuita y d\u00e9 el primer paso para asegurar su futuro despu\u00e9s de una lesi\u00f3n personal en Marietta. <\/p>\n<h2 data-start=\"296\" data-end=\"397\">Por qu\u00e9 los georgianos lesionados conf\u00edan en Humberto Izquierdo, Jr. y Grant Tall para sus reclamaciones por lesiones personales <\/h2>\n<h3 data-start=\"399\" data-end=\"451\">Convierta la experiencia en defensa en su ventaja<\/h3>\n<p data-start=\"452\" data-end=\"728\">Humberto comenz\u00f3 su carrera jur\u00eddica defendiendo a compa\u00f1\u00edas de seguros y empleadores, por lo que conoce perfectamente c\u00f3mo operan. Desde que fund\u00f3 su bufete en 2005, cambi\u00f3 de marcha para defender ferozmente a las personas lesionadas por causas ajenas a su voluntad. <\/p>\n<p data-start=\"730\" data-end=\"933\">Grant, asimismo, pas\u00f3 sus primeros a\u00f1os en empresas de defensa de seguros, lo que le proporcion\u00f3 los conocimientos internos que ahora utiliza para proteger a las personas lesionadas y a sus familias.<\/p>\n<h3 data-start=\"935\" data-end=\"984\">Profundas ra\u00edces en Georgia, excelencia jur\u00eddica probada<\/h3>\n<p data-start=\"985\" data-end=\"1215\">Afincado en Georgia, Humberto se form\u00f3 en la Facultad de Derecho Lewis &amp; Clark y Grant estudi\u00f3 en la Facultad de Derecho Walter F. George de la Universidad Mercer, donde ingres\u00f3 en la Orden de los Barristers.<\/p>\n<p data-start=\"1217\" data-end=\"1430\">Desde 2019, Grant ha sido reconocido anualmente como \u00abRising Star\u00bb de Super Lawyers. Tambi\u00e9n obtiene una calificaci\u00f3n estelar de \u00abExcelente\u00bb en Avvo, respaldada por m\u00faltiples rese\u00f1as de cinco estrellas. <\/p>\n<h3 data-start=\"1432\" data-end=\"1473\">Una trayectoria de cuidados, probada en resultados<\/h3>\n<p data-start=\"1474\" data-end=\"1598\">A lo largo de los a\u00f1os, el bufete ha conseguido importantes indemnizaciones para clientes en casos de lesiones catastr\u00f3ficas y graves, entre otros:<\/p>\n<ul data-start=\"1600\" data-end=\"1932\">\n<li data-start=\"1600\" data-end=\"1654\">\n<p data-start=\"1602\" data-end=\"1654\">15 millones de d\u00f3lares &#8211; Lesiones laborales y responsabilidad de los locales<\/p>\n<\/li>\n<li data-start=\"1655\" data-end=\"1730\">\n<p data-start=\"1657\" data-end=\"1730\">7 millones de d\u00f3lares &#8211; Reclamaci\u00f3n de <a href=\"https:\/\/www.humbertoinjurylaw.com\/es\/marietta\/abogado-de-indemnizacion-por-accidente-laboral-en-marietta\/\" target=\"_blank\" rel=\"noopener\">indemnizaci\u00f3n por muerte del trabajador<\/a> y responsabilidad de las instalaciones<\/p>\n<\/li>\n<li data-start=\"1731\" data-end=\"1773\">\n<p data-start=\"1733\" data-end=\"1773\">4,25 millones de d\u00f3lares &#8211; Lesi\u00f3n medular<\/p>\n<\/li>\n<li data-start=\"1774\" data-end=\"1813\">\n<p data-start=\"1776\" data-end=\"1813\">3,5 millones de d\u00f3lares &#8211; Lesi\u00f3n por quemadura laboral<\/p>\n<\/li>\n<li data-start=\"1814\" data-end=\"1849\">\n<p data-start=\"1816\" data-end=\"1849\">2,4 millones de d\u00f3lares &#8211; Lesi\u00f3n cerebral<\/p>\n<\/li>\n<li data-start=\"1850\" data-end=\"1932\">\n<p data-start=\"1852\" data-end=\"1932\">2,05 millones de d\u00f3lares &#8211; Lesi\u00f3n medular<br data-start=\"1890\" data-end=\"1893\"><span class=\"\" data-state=\"closed\"><span class=\"ms-1 inline-flex max-w-full items-center relative top-[-0.094rem] animate-[show_150ms_ease-in]\" data-testid=\"webpage-citation-pill\"><br \/>\n<\/span><\/span><\/p>\n<\/li>\n<\/ul>\n<p data-start=\"1934\" data-end=\"2061\">Cada uno de estos resultados representa a familias que encontraron justicia, estabilidad m\u00e9dica y una esperanza renovada tras sufrir lesiones que les cambiaron la vida.<\/p>\n<h2 data-start=\"3664\" data-end=\"3711\">\u00bfListo para dar el primer paso hacia la curaci\u00f3n?<\/h2>\n<p data-start=\"3713\" data-end=\"3863\">Si ha resultado herido -ya sea en un accidente grave, por negligencia m\u00e9dica o por el descuido de otra persona- no tiene por qu\u00e9 hacerlo solo.<\/p>\n<p data-start=\"3865\" data-end=\"4027\">Llame hoy mismo a <a href=\"tel:+17708888901\"><i class=\"fa fa-phone-alt\"><\/i>(770) 888-8901<\/a> para una consulta gratuita y sin presiones. Perm\u00edtanos escucharle, explicarle sus derechos con claridad y ayudarle a empezar a reconstruir su vida con confianza y cuidado. <\/p>\n<h2>\u00bfPor qu\u00e9 contratar a un abogado de lesiones personales?<\/h2>\n<p>Si ha sufrido lesiones en un accidente, contratar a un abogado experto en lesiones personales puede marcar la diferencia en el resultado de su demanda por lesiones personales. Aunque pueda parecer tentador llevar su caso por su cuenta, hay varias razones importantes por las que le conviene buscar representaci\u00f3n legal profesional. <\/p>\n<ul>\n<li>Experiencia en derecho de da\u00f1os personales<\/li>\n<li>Maximice su compensaci\u00f3n<\/li>\n<li>Experiencia con compa\u00f1\u00edas de seguros<\/li>\n<li>Sin costes iniciales<\/li>\n<li>Tranquilidad<\/li>\n<\/ul>\n<p>En las Oficinas Legales de Humberto Izquierdo, Jr., PC, trabajamos en base a honorarios de contingencia, lo que significa que usted no paga nada a menos que ganemos su caso. Esto le permite buscar justicia sin preocuparse por los honorarios legales por adelantado. Es una manera libre de riesgo de asegurar una representaci\u00f3n legal experimentada.  <\/p>\n<p><img decoding=\"async\" class=\"alignnone wp-image-8214 size-full\" src=\"https:\/\/www.humbertoinjurylaw.com\/wp-content\/uploads\/2025\/09\/Marietta-attorney.jpg\" alt=\"Abogado de Marietta\" width=\"650\" height=\"433\" srcset=\"https:\/\/www.humbertoinjurylaw.com\/wp-content\/uploads\/2025\/09\/Marietta-attorney.jpg 650w, https:\/\/www.humbertoinjurylaw.com\/wp-content\/uploads\/2025\/09\/Marietta-attorney-300x200.jpg 300w\" sizes=\"(max-width: 650px) 100vw, 650px\" \/><\/p>\n<h2>Casos comunes de accidentes personales<\/h2>\n<p>Los casos de lesiones personales pueden surgir de una amplia gama de accidentes e incidentes, a menudo debidos a la negligencia o conducta il\u00edcita de otros. Las v\u00edctimas pueden tener derecho a una indemnizaci\u00f3n por sus lesiones, gastos m\u00e9dicos, salarios perdidos y angustia emocional. A continuaci\u00f3n se exponen algunos de los tipos m\u00e1s comunes de casos de lesiones individuales:  <\/p>\n<h3>Accidentes de tr\u00e1fico<\/h3>\n<p><a href=\"https:\/\/www.humbertoinjurylaw.com\/es\/marietta\/abogado-de-accidentes-de-trafico-en-marietta\/\" target=\"_blank\" rel=\"noopener\">Los accidentes de coche<\/a> se encuentran entre los tipos m\u00e1s frecuentes de casos de lesiones. Estos incidentes pueden ir desde colisiones menores hasta choques graves, que provocan lesiones como traumatismos craneoencef\u00e1licos, lesiones medulares y fracturas. Entre las causas m\u00e1s comunes de los accidentes de coche se encuentran la conducci\u00f3n distra\u00edda, la conducci\u00f3n bajo los efectos del alcohol, el exceso de velocidad y la conducci\u00f3n temeraria. Si la negligencia de otra persona caus\u00f3 el accidente, la parte lesionada puede tener derecho a una indemnizaci\u00f3n por facturas m\u00e9dicas, salarios perdidos y dolor y sufrimiento.   <\/p>\n<h3>Accidentes por Resbalones y Ca\u00eddas<\/h3>\n<p>Los accidentes por resbalones y ca\u00eddas se producen cuando alguien resulta herido tras resbalar, tropezar o caer debido a condiciones inseguras en la propiedad de otra persona. Estos accidentes suelen ocurrir debido a peligros como suelos mojados, superficies irregulares u obst\u00e1culos que bloquean los pasillos. Los propietarios est\u00e1n legalmente obligados a mantener unas instalaciones seguras y, si no lo hacen, pueden ser considerados responsables de las lesiones sufridas en su propiedad. Las v\u00edctimas de accidentes por resbalones y ca\u00eddas pueden tener derecho a una indemnizaci\u00f3n para cubrir los gastos m\u00e9dicos y otros da\u00f1os.   <\/p>\n<h3>Accidentes laborales<\/h3>\n<p>Los accidentes laborales ocurren pr\u00e1cticamente en todas las industrias, pero son especialmente frecuentes en campos de alto riesgo como la construcci\u00f3n, la fabricaci\u00f3n y los trabajos industriales. Las lesiones pueden deberse al mal funcionamiento de los equipos, a condiciones de trabajo inseguras, a la falta de formaci\u00f3n o a medidas de seguridad inadecuadas. Dependiendo de las circunstancias, los trabajadores lesionados pueden solicitar prestaciones de compensaci\u00f3n laboral o presentar una demanda por lesiones personales si la lesi\u00f3n fue causada por la negligencia de un tercero, como un equipo defectuoso o el incumplimiento de las normas de seguridad por parte de un contratista.  <\/p>\n<h3>Accidentes de cami\u00f3n<\/h3>\n<p>Los accidentes en los que se ven implicados grandes camiones comerciales, como los de 18 ruedas, suelen provocar lesiones graves debido al tama\u00f1o y el peso del cami\u00f3n. Los accidentes de cami\u00f3n pueden estar causados por la fatiga del conductor, un mantenimiento inadecuado, una carga no asegurada o el incumplimiento de las normas de seguridad. Debido a la importante diferencia de tama\u00f1o entre los camiones y los veh\u00edculos de pasajeros, las lesiones por accidentes de cami\u00f3n tienden a ser m\u00e1s catastr\u00f3ficas. Las v\u00edctimas pueden tener derecho a una indemnizaci\u00f3n por tratamiento m\u00e9dico, salarios perdidos, dolor y sufrimiento, y otros da\u00f1os si el accidente fue causado por la negligencia del conductor del cami\u00f3n o de la empresa.   <\/p>\n<h3>Accidentes de peatones y ciclistas<\/h3>\n<p>Los accidentes de peatones y ciclistas pueden provocar lesiones graves, ya que los implicados tienen poca protecci\u00f3n en comparaci\u00f3n con las personas que van dentro de veh\u00edculos de motor. Este tipo de accidentes suelen ocurrir cuando los conductores no ceden el paso, se saltan sem\u00e1foros en rojo o conducen distra\u00eddos. Las v\u00edctimas de accidentes de peatones y ciclistas pueden presentar una demanda por lesiones personales para recuperar los da\u00f1os por gastos m\u00e9dicos, salarios perdidos y dolor y sufrimiento derivados del accidente.  <\/p>\n<h2>Lesiones personales comunes que manejamos<\/h2>\n<p>Las lesiones individuales pueden variar mucho dependiendo de la naturaleza y gravedad del accidente. En las Oficinas Legales de Humberto Izquierdo, Jr., PC, hemos manejado una amplia gama de lesiones que resultan de varios tipos de accidentes. Algunas de las lesiones m\u00e1s comunes con las que ayudamos a los clientes incluyen:  <\/p>\n<ul>\n<li><strong>Lesiones cerebrales traum\u00e1ticas (LCT)<\/strong>: Estas lesiones suelen producirse en accidentes de coche, incidentes por resbalones y ca\u00eddas o accidentes laborales y pueden tener efectos duraderos en las capacidades cognitivas, las habilidades motoras y la salud emocional. Incluso las lesiones cerebrales leves pueden provocar dolores de cabeza cr\u00f3nicos, problemas de memoria o cambios de comportamiento, por lo que es fundamental un tratamiento m\u00e9dico oportuno y una acci\u00f3n legal adecuada. <\/li>\n<li><strong>Lesiones medulares<\/strong>: Los accidentes con veh\u00edculos, las ca\u00eddas o los traumatismos f\u00edsicos pueden provocar lesiones graves de la m\u00e9dula espinal, que pueden causar par\u00e1lisis u otros problemas de movilidad a largo plazo. Las v\u00edctimas de lesiones medulares pueden requerir amplios cuidados m\u00e9dicos, fisioterapia y asistencia a largo plazo, por lo que la recuperaci\u00f3n y la indemnizaci\u00f3n por estas lesiones son esenciales. <\/li>\n<li><strong>Fracturas y huesos rotos<\/strong>: Desde fracturas simples a roturas \u00f3seas m\u00e1s complejas, las fracturas se encuentran entre las lesiones m\u00e1s comunes sufridas en accidentes. Estas lesiones pueden requerir cirug\u00eda, fisioterapia y largos periodos de recuperaci\u00f3n. Incluso una fractura aparentemente menor puede acarrear complicaciones a largo plazo, que afecten a su vida cotidiana y a su capacidad laboral.  <\/li>\n<li><strong>Lesiones de tejidos blandos<\/strong>: Las lesiones de m\u00fasculos, tendones y ligamentos -como esguinces, distensiones y desgarros- son frecuentes en accidentes de tr\u00e1fico, resbalones y ca\u00eddas y otros incidentes. Aunque estas lesiones no siempre son visibles de inmediato, pueden causar un dolor importante, molestias e incapacidad a largo plazo. <\/li>\n<li><strong>Quemaduras y laceraciones<\/strong>: Los accidentes con fuego, productos qu\u00edmicos o explosiones pueden provocar graves lesiones por quemaduras. Estas lesiones suelen requerir atenci\u00f3n m\u00e9dica inmediata y pueden dejar cicatrices de por vida, tanto f\u00edsicas como emocionales. Las v\u00edctimas pueden necesitar un amplio tratamiento y rehabilitaci\u00f3n para curarse.  <\/li>\n<li><strong>Angustia emocional<\/strong>: <strong>Las v\u00edctimas de accidentes<\/strong> suelen experimentar da\u00f1os psicol\u00f3gicos, como ansiedad, depresi\u00f3n o TEPT, tras una lesi\u00f3n. La angustia emocional puede ser una parte importante de las demandas por lesiones personales, ya que la carga mental de un accidente puede afectar a su recuperaci\u00f3n general y a su calidad de vida. <\/li>\n<\/ul>\n<p>No importa la lesi\u00f3n, nuestros experimentados abogados de lesiones personales de Marietta est\u00e1n aqu\u00ed para ayudarle a navegar su caso de lesiones personales y asegurar que usted reciba la compensaci\u00f3n que merece por sus facturas m\u00e9dicas, salarios perdidos, y el dolor y el sufrimiento. Si usted ha sufrido alguna de estas lesiones comunes, no dude en ponerse en contacto para una consulta gratuita para discutir sus opciones legales. <\/p>\n<h2 data-start=\"179\" data-end=\"226\">Tipos de da\u00f1os en casos de lesiones personales<\/h2>\n<p data-start=\"228\" data-end=\"500\">Al presentar una demanda por lesiones personales en Marietta, hay varios tipos de da\u00f1os que pueden concederse para ayudar a compensarle por sus p\u00e9rdidas. Estos da\u00f1os se dividen en diferentes categor\u00edas, cada una dise\u00f1ada para abordar un aspecto espec\u00edfico del da\u00f1o que usted ha experimentado: <\/p>\n<h3 data-start=\"502\" data-end=\"524\">Da\u00f1os econ\u00f3micos<\/h3>\n<p data-start=\"526\" data-end=\"648\">Los da\u00f1os econ\u00f3micos compensan las p\u00e9rdidas financieras tangibles que se han producido como consecuencia de su lesi\u00f3n. Esto incluye: <\/p>\n<ul data-start=\"650\" data-end=\"1482\">\n<li data-start=\"650\" data-end=\"858\">\n<p data-start=\"652\" data-end=\"858\"><strong data-start=\"652\" data-end=\"673\">Gastos m\u00e9dicos:<\/strong> Cubrir todas las facturas m\u00e9dicas relacionadas con su lesi\u00f3n, desde el tratamiento de urgencia hasta los cuidados continuados como cirug\u00edas, visitas al m\u00e9dico, fisioterapia, medicamentos y futuras necesidades m\u00e9dicas.<\/p>\n<\/li>\n<li data-start=\"859\" data-end=\"1146\">\n<p data-start=\"861\" data-end=\"1146\"><strong data-start=\"861\" data-end=\"876\">Salarios perdidos:<\/strong> Si su lesi\u00f3n le oblig\u00f3 a ausentarse del trabajo o afect\u00f3 a su capacidad para ganar dinero, puede tener derecho a una indemnizaci\u00f3n por los ingresos perdidos durante la recuperaci\u00f3n. Esto incluye tambi\u00e9n la p\u00e9rdida de ingresos futuros si su accidente con lesi\u00f3n individual le impide volver a trabajar. <\/p>\n<\/li>\n<li data-start=\"1147\" data-end=\"1331\">\n<p data-start=\"1149\" data-end=\"1331\"><strong data-start=\"1149\" data-end=\"1178\">P\u00e9rdida de capacidad de ganancia:<\/strong> Si su lesi\u00f3n le provoca una incapacidad permanente o limita su capacidad de ganancia, puede recuperar los da\u00f1os por p\u00e9rdida de ingresos a largo plazo y el impacto en su carrera.<\/p>\n<\/li>\n<li data-start=\"1332\" data-end=\"1482\">\n<p data-start=\"1334\" data-end=\"1482\"><strong data-start=\"1334\" data-end=\"1354\">Da\u00f1os materiales:<\/strong> En casos como un accidente de coche en Marietta, los da\u00f1os pueden ayudar a cubrir los gastos de reparaci\u00f3n o sustituci\u00f3n de veh\u00edculos u otros bienes.<\/p>\n<\/li>\n<\/ul>\n<h3 data-start=\"1484\" data-end=\"1510\">Da\u00f1os no econ\u00f3micos<\/h3>\n<p data-start=\"1512\" data-end=\"1579\">Los da\u00f1os no econ\u00f3micos compensan las p\u00e9rdidas intangibles, incluyendo:<\/p>\n<ul data-start=\"1581\" data-end=\"1974\">\n<li data-start=\"1581\" data-end=\"1671\">\n<p data-start=\"1583\" data-end=\"1671\"><strong data-start=\"1583\" data-end=\"1606\">Dolor y sufrimiento:<\/strong> Dolor f\u00edsico, malestar y angustia causados por su lesi\u00f3n.<\/p>\n<\/li>\n<li data-start=\"1672\" data-end=\"1761\">\n<p data-start=\"1674\" data-end=\"1761\"><strong data-start=\"1674\" data-end=\"1697\">Angustia emocional:<\/strong> Sufrimiento psicol\u00f3gico como ansiedad, depresi\u00f3n o TEPT.<\/p>\n<\/li>\n<li data-start=\"1762\" data-end=\"1876\">\n<p data-start=\"1764\" data-end=\"1876\"><strong data-start=\"1764\" data-end=\"1794\">P\u00e9rdida del disfrute de la vida:<\/strong> Si su lesi\u00f3n le impide participar en aficiones, deportes o actividades familiares.<\/p>\n<\/li>\n<li data-start=\"1877\" data-end=\"1974\">\n<p data-start=\"1879\" data-end=\"1974\"><strong>P\u00e9rdida de consorcio<\/strong>: Impactos en las relaciones con un c\u00f3nyuge o pareja debido a su lesi\u00f3n.<\/p>\n<\/li>\n<\/ul>\n<h3 data-start=\"1976\" data-end=\"1998\">Da\u00f1os punitivos<\/h3>\n<p data-start=\"2000\" data-end=\"2300\">Si las acciones del demandado fueron particularmente imprudentes, maliciosas o intencionadas, pueden concederse da\u00f1os punitivos para castigar al malhechor y disuadir de conductas similares. Estos son m\u00e1s comunes en los casos que implican negligencia grave, como los accidentes automovil\u00edsticos de Marietta causados por DUI u otro comportamiento imprudente. <\/p>\n<p data-start=\"2302\" data-end=\"2577\">Estos da\u00f1os garantizan que las v\u00edctimas de accidentes con lesiones individuales en Marietta reciban una compensaci\u00f3n justa por los efectos tangibles e intangibles de sus lesiones, ayudando a cubrir las p\u00e9rdidas financieras, el dolor f\u00edsico, el sufrimiento emocional y otros impactos causados por el accidente.<\/p>\n<h2 data-start=\"190\" data-end=\"226\">Obtenga la ayuda legal que merece<\/h2>\n<p data-start=\"228\" data-end=\"843\">Si usted o un ser querido ha sido lesionado debido a la negligencia de otra persona en Marietta, Georgia, o \u00e1reas cercanas como Kennesaw, Smyrna, Powder Springs, y Vinings, es importante tomar medidas de inmediato. Las Oficinas Legales de Humberto Izquierdo, Jr., PC est\u00e1 aqu\u00ed para ayudarle a navegar el proceso de reclamaciones por lesiones personales y luchar por la compensaci\u00f3n que se merece. Ya sea que est\u00e9 lidiando con accidentes automovil\u00edsticos en Marietta en Cobb Parkway, Canton Road, Marietta Square, o cerca de la I-75 o I-285, incidentes de resbalones y ca\u00eddas, u otros accidentes de lesiones individuales, estamos comprometidos a apoyarle en cada paso del camino.  <\/p>\n<p data-start=\"228\" data-end=\"843\"><img decoding=\"async\" class=\"alignnone wp-image-8218 size-full\" src=\"https:\/\/www.humbertoinjurylaw.com\/wp-content\/uploads\/2025\/09\/individual-injury-accident.jpg\" alt=\"Accidente con lesiones individuales\" width=\"650\" height=\"433\" srcset=\"https:\/\/www.humbertoinjurylaw.com\/wp-content\/uploads\/2025\/09\/individual-injury-accident.jpg 650w, https:\/\/www.humbertoinjurylaw.com\/wp-content\/uploads\/2025\/09\/individual-injury-accident-300x200.jpg 300w\" sizes=\"(max-width: 650px) 100vw, 650px\" \/><\/p>\n<p data-start=\"845\" data-end=\"1085\"><a href=\"https:\/\/www.humbertoinjurylaw.com\/es\/contacto\/\" target=\"_blank\" rel=\"noopener\">P\u00f3ngase en contacto con nosotros hoy mismo<\/a> para una consulta gratuita para hablar de su caso y conocer sus opciones legales. Deje que nuestro experimentado equipo de abogados especializados en accidentes le ayude a conseguir la indemnizaci\u00f3n que necesita para seguir adelante. <\/p>\n<p data-start=\"1087\" data-end=\"1237\">Llame ahora a <a href=\"tel:+17708888901\"><i class=\"fa fa-phone-alt\"><\/i>(770) 888-8901<\/a> para hablar con un abogado especializado en lesiones personales y obtener el apoyo legal que se merece tras un accidente en Marietta.<\/p>\n","protected":false},"excerpt":{"rendered":"<p>Abogados expertos en lesiones personales de Marietta que luchan por sus derechos y su indemnizaci\u00f3n Si usted o un ser querido ha sido lesionado en un accidente en Marietta, Georgia, necesita un abogado dedicado Marietta para ayudarle a navegar por las complejidades del proceso legal y asegurarse de que recibe la compensaci\u00f3n que se merece [&hellip;]<\/p>\n","protected":false},"author":53,"featured_media":0,"parent":10243,"menu_order":0,"comment_status":"closed","ping_status":"closed","template":"","meta":{"_acf_changed":false,"anchor_text":"","footnotes":""},"class_list":["post-10405","page","type-page","status-publish","hentry"],"acf":[],"_links":{"self":[{"href":"https:\/\/www.humbertoinjurylaw.com\/es\/wp-json\/wp\/v2\/pages\/10405","targetHints":{"allow":["GET"]}}],"collection":[{"href":"https:\/\/www.humbertoinjurylaw.com\/es\/wp-json\/wp\/v2\/pages"}],"about":[{"href":"https:\/\/www.humbertoinjurylaw.com\/es\/wp-json\/wp\/v2\/types\/page"}],"author":[{"embeddable":true,"href":"https:\/\/www.humbertoinjurylaw.com\/es\/wp-json\/wp\/v2\/users\/53"}],"replies":[{"embeddable":true,"href":"https:\/\/www.humbertoinjurylaw.com\/es\/wp-json\/wp\/v2\/comments?post=10405"}],"version-history":[{"count":0,"href":"https:\/\/www.humbertoinjurylaw.com\/es\/wp-json\/wp\/v2\/pages\/10405\/revisions"}],"up":[{"embeddable":true,"href":"https:\/\/www.humbertoinjurylaw.com\/es\/wp-json\/wp\/v2\/pages\/10243"}],"wp:attachment":[{"href":"https:\/\/www.humbertoinjurylaw.com\/es\/wp-json\/wp\/v2\/media?parent=10405"}],"curies":[{"name":"wp","href":"https:\/\/api.w.org\/{rel}","templated":true}]}}