{"id":10423,"date":"2025-08-06T11:59:29","date_gmt":"2025-08-06T15:59:29","guid":{"rendered":"https:\/\/www.humbertoinjurylaw.com\/norcross\/abogado-de-accidentes-en-zonas-de-construccion\/"},"modified":"2026-03-23T08:20:02","modified_gmt":"2026-03-23T12:20:02","slug":"abogado-de-accidentes-en-zonas-de-construccion","status":"publish","type":"page","link":"https:\/\/www.humbertoinjurylaw.com\/es\/norcross\/abogado-de-accidentes-en-zonas-de-construccion\/","title":{"rendered":"Abogado de accidentes en zonas de construcci\u00f3n"},"content":{"rendered":"<h2 data-start=\"2261\" data-end=\"2346\">\u00bfLastimado en un Accidente de Zona de Construcci\u00f3n de Carretera en Norcross, GA? Perm\u00edtanos ayudarle <\/h2>\n<p data-start=\"2348\" data-end=\"2694\">Las zonas de obras, aunque est\u00e1n pensadas para mejorar la infraestructura de <a href=\"https:\/\/www.humbertoinjurylaw.com\/es\/norcross\/\">Norcross <\/a>y del condado de Gwinnett, a menudo crean condiciones peligrosas que pueden provocar accidentes graves. Si se ha lesionado debido a la mala gesti\u00f3n de las zonas de obras o a la falta de medidas de seguridad adecuadas, es probable que se enfrente a dificultades f\u00edsicas, emocionales y financieras. Comprendemos este dolor.  <\/p>\n<p data-start=\"2696\" data-end=\"2966\"><a href=\"https:\/\/www.humbertoinjurylaw.com\/es\/norcross\/abogado-de-accidentes-de-trafico-en-norcross\/\">Las Oficinas Legales de Humberto Izquierdo, Jr., PC<\/a>, le ofrece apoyo legal experimentado para ayudarle a recuperar la compensaci\u00f3n por sus lesiones, facturas m\u00e9dicas, salarios perdidos, y m\u00e1s. Estamos aqu\u00ed para abogar por sus derechos y asegurar que la parte negligente sea responsabilizada. <\/p>\n<p data-start=\"2696\" data-end=\"2966\"><img fetchpriority=\"high\" decoding=\"async\" class=\"alignnone wp-image-6108 size-full\" src=\"https:\/\/www.humbertoinjurylaw.com\/wp-content\/uploads\/2025\/08\/road-construction-zone-accident-attorney-norcross-georgia.jpg\" alt=\"si se ha visto involucrado en un accidente en una zona de obras en norcross georgia llame a nuestros dedicados abogados. y perm\u00edtanos luchar por la indemnizaci\u00f3n que se merece \" width=\"650\" height=\"433\" srcset=\"https:\/\/www.humbertoinjurylaw.com\/wp-content\/uploads\/2025\/08\/road-construction-zone-accident-attorney-norcross-georgia.jpg 650w, https:\/\/www.humbertoinjurylaw.com\/wp-content\/uploads\/2025\/08\/road-construction-zone-accident-attorney-norcross-georgia-300x200.jpg 300w\" sizes=\"(max-width: 650px) 100vw, 650px\" \/><\/p>\n<hr data-start=\"2968\" data-end=\"2971\">\n<h2 data-start=\"372\" data-end=\"500\">\u00bfPor qu\u00e9 elegir las Oficinas Legales de Humberto Izquierdo, Jr., PC para su caso de accidente en zona de construcci\u00f3n de carreteras en Norcross, GA?<\/h2>\n<p data-start=\"502\" data-end=\"763\">Cuando usted se lesiona en un accidente en una zona de construcci\u00f3n de carreteras, la elecci\u00f3n del abogado adecuado es esencial para proteger sus derechos y obtener la compensaci\u00f3n que se merece. El Bufete de Humberto Izquierdo, Jr., PC es su bufete de abogados de confianza en Norcross, GA. He aqu\u00ed por qu\u00e9:  <\/p>\n<p data-start=\"765\" data-end=\"1210\"><strong>\u00c9xito probado en Nor<\/strong>cross <strong>y el cond<\/strong>ado de Gwinnett<br data-start=\"815\" data-end=\"818\">Nuestro bufete tiene un largo historial de \u00e9xito en casos de accidentes en zonas de construcci\u00f3n de carreteras en Norcross y en todo el condado de Gwinnett. Nos hemos forjado una s\u00f3lida reputaci\u00f3n ganando casos relacionados con las principales carreteras como Peachtree Industrial Boulevard, I-85 y Buford Highway. Nuestros abogados tienen la experiencia necesaria para navegar por el complejo panorama legal y ayudarle a recuperar lo que le corresponde.  <\/p>\n<p data-start=\"1212\" data-end=\"1641\"><strong>Experiencia local y compromiso personal<\/strong><br data-start=\"1255\" data-end=\"1258\">Como empresa con sede en Norcross, comprendemos los retos a los que se enfrenta nuestra comunidad local. Desde las zonas de alta velocidad de la I-85 hasta los bulliciosos corredores de construcci\u00f3n de la carretera Lawrenceville-Suwanee, conocemos las carreteras y las normativas espec\u00edficas que las rigen. Nuestra proximidad al condado de Gwinnett nos permite ofrecer un servicio personalizado y centrado en el \u00e1mbito local que las grandes empresas de fuera de la ciudad no pueden proporcionar.  <\/p>\n<p data-start=\"1643\" data-end=\"1978\"><strong>Representaci\u00f3n agresiva y enfoque compasivo<\/strong><br data-start=\"1699\" data-end=\"1702\">Aunque somos implacables a la hora de negociar el mejor acuerdo para usted, tambi\u00e9n adoptamos un enfoque compasivo hacia su recuperaci\u00f3n emocional y f\u00edsica. Nuestro equipo trabaja estrechamente con usted, asegur\u00e1ndose de que est\u00e9 informado en cada paso del camino, mientras nosotros nos encargamos de los complejos asuntos legales. <\/p>\n<p data-start=\"1980\" data-end=\"2254\"><strong>Sin honorarios a menos que ganemos<\/strong><br data-start=\"2005\" data-end=\"2008\">Creemos que todo el mundo merece tener acceso a la justicia. Por eso trabajamos sobre una base de contingencia-lo que significa que no cobramos a menos que ganemos su caso. Es una forma sin riesgos de garantizar que sus derechos legales est\u00e9n protegidos mientras se centra en su recuperaci\u00f3n.  <\/p>\n<p data-start=\"1980\" data-end=\"2254\"><img decoding=\"async\" class=\"alignnone wp-image-2872 size-full\" src=\"https:\/\/www.humbertoinjurylaw.com\/wp-content\/uploads\/2024\/06\/intent-img.webp\" alt=\"Despacho Jur\u00eddico de Humberto Izquiero, Jr., PC\" width=\"600\" height=\"400\" srcset=\"https:\/\/www.humbertoinjurylaw.com\/wp-content\/uploads\/2024\/06\/intent-img.webp 600w, https:\/\/www.humbertoinjurylaw.com\/wp-content\/uploads\/2024\/06\/intent-img-300x200.webp 300w\" sizes=\"(max-width: 600px) 100vw, 600px\" \/><\/p>\n<hr data-start=\"3807\" data-end=\"3810\">\n<h2 data-start=\"3812\" data-end=\"3910\">\u00bfQu\u00e9 indemnizaci\u00f3n puede recuperar tras un accidente en una zona de obras en Norcross, GA?<\/h2>\n<p data-start=\"3912\" data-end=\"4171\">Si ha resultado herido en un accidente en una zona de obras en Norcross, puede tener derecho a varios tipos de indemnizaci\u00f3n. Nuestro objetivo es asegurarnos de que reciba una compensaci\u00f3n completa por las p\u00e9rdidas f\u00edsicas, emocionales y financieras derivadas de su accidente. <\/p>\n<p data-start=\"4173\" data-end=\"4460\"><strong>Gastos m\u00e9dicos<\/strong><br data-start=\"4193\" data-end=\"4196\">Los accidentes en zonas de obras en carretera suelen provocar lesiones graves que requieren cuidados de urgencia, cirug\u00edas, rehabilitaci\u00f3n y tratamiento a largo plazo. Le ayudaremos a recuperar el coste de las facturas m\u00e9dicas pasadas, presentes y futuras, asegur\u00e1ndonos de que se cubren todos los gastos m\u00e9dicos. <\/p>\n<p data-start=\"4462\" data-end=\"4733\"><strong>Salarios perdidos y p\u00e9rdida de ingresos futuros<\/strong><br data-start=\"4504\" data-end=\"4507\">Cuando las lesiones le impiden trabajar, esto puede suponer un grave perjuicio econ\u00f3mico. Nuestro bufete luchar\u00e1 por su derecho a una indemnizaci\u00f3n por los salarios perdidos, incluida cualquier p\u00e9rdida de ingresos futuros si su capacidad para trabajar se ve afectada de forma permanente. <\/p>\n<p data-start=\"4735\" data-end=\"4941\"><strong>Dolor y sufrimiento<\/strong><br data-start=\"4757\" data-end=\"4760\">Comprendemos la carga emocional de una lesi\u00f3n, por lo que luchamos por obtener una indemnizaci\u00f3n por el dolor y el sufrimiento, incluida la angustia tanto f\u00edsica como emocional causada por su accidente.<\/p>\n<p data-start=\"4943\" data-end=\"5169\"><strong>Da\u00f1os materiales<\/strong><br data-start=\"4962\" data-end=\"4965\">Si su veh\u00edculo o sus bienes personales resultaron da\u00f1ados en el accidente, trabajaremos para asegurarnos de que sea indemnizado por las reparaciones o sustituciones, incluidos los gastos de alquiler del coche y cualquier objeto personal que haya resultado da\u00f1ado.<\/p>\n<p data-start=\"5171\" data-end=\"5403\"><strong>Da\u00f1os pun<\/strong>itivos<br data-start=\"5191\" data-end=\"5194\">En casos de negligencia grave, en los que las medidas de seguridad se ignoraron intencionada o imprudentemente, puede haber da\u00f1os punitivos. Estos da\u00f1os pretenden castigar a los infractores y disuadir de futuras infracciones. <\/p>\n<p data-start=\"5171\" data-end=\"5403\"><img decoding=\"async\" class=\"alignnone wp-image-6112 size-full\" src=\"https:\/\/www.humbertoinjurylaw.com\/wp-content\/uploads\/2025\/08\/road-construction-zone-accident-lawyer-norcross-ga.jpg\" alt=\"nuestros abogados especializados en accidentes en zonas de obras en norcross, georgia, son h\u00e1biles a la hora de navegar por las complejidades de su reclamaci\u00f3n.  \" width=\"650\" height=\"433\" srcset=\"https:\/\/www.humbertoinjurylaw.com\/wp-content\/uploads\/2025\/08\/road-construction-zone-accident-lawyer-norcross-ga.jpg 650w, https:\/\/www.humbertoinjurylaw.com\/wp-content\/uploads\/2025\/08\/road-construction-zone-accident-lawyer-norcross-ga-300x200.jpg 300w\" sizes=\"(max-width: 650px) 100vw, 650px\" \/><\/p>\n<hr data-start=\"5405\" data-end=\"5408\">\n<h2 data-start=\"5410\" data-end=\"5486\">C\u00f3mo investigamos las reclamaciones por accidentes en zonas de construcci\u00f3n en Norcross, GA<\/h2>\n<p data-start=\"5488\" data-end=\"5660\">En las Oficinas Legales de Humberto Izquierdo, Jr., PC, utilizamos un enfoque detallado y de m\u00faltiples pasos para investigar los accidentes en zonas de construcci\u00f3n. He aqu\u00ed c\u00f3mo trabajamos para construir su caso: <\/p>\n<p data-start=\"5662\" data-end=\"5985\"><strong>1. Investigaci\u00f3n del lugar<\/strong> del accidente<br data-start=\"5688\" data-end=\"5691\">Nuestro equipo visitar\u00e1 el lugar del accidente, recopilando fotograf\u00edas, declaraciones de testigos e informes policiales. Obtendremos r\u00e1pidamente los planos de control del tr\u00e1fico y los registros de cierre de carriles del Departamento de Transportes de Georgia (GDOT) para entender c\u00f3mo se siguieron -o no- los protocolos de seguridad. <\/p>\n<p data-start=\"5987\" data-end=\"6276\"><strong>2. Consulta con expertos<\/strong><br data-start=\"6017\" data-end=\"6020\">Para comprender las cuestiones espec\u00edficas que contribuyeron a su accidente, consultamos con ingenieros de tr\u00e1fico y expertos en seguridad en zonas de trabajo. Su testimonio ayudar\u00e1 a reforzar su caso y garantizar\u00e1 que dispongamos de los detalles t\u00e9cnicos necesarios para una reclamaci\u00f3n exitosa. <\/p>\n<p data-start=\"6278\" data-end=\"6563\"><strong>3. Revisi\u00f3n detallada de las pruebas<\/strong><br data-start=\"6309\" data-end=\"6312\">Revisamos minuciosamente los contratos de construcci\u00f3n, la documentaci\u00f3n de los proveedores y los registros de seguridad para identificar al responsable de la falta de medidas de seguridad en la zona de obras. Si se dejaron equipos en los carriles activos o falt\u00f3 se\u00f1alizaci\u00f3n, lo descubriremos. <\/p>\n<p data-start=\"6565\" data-end=\"6833\"><strong>4. Documentaci\u00f3n m\u00e9dica<\/strong><br data-start=\"6593\" data-end=\"6596\">Trabajamos con profesionales m\u00e9dicos locales de confianza en Norcross, como el Gwinnett Medical Center y el Northside Hospital, para garantizar que sus lesiones est\u00e9n debidamente documentadas. Estos registros son esenciales para respaldar su reclamaci\u00f3n de indemnizaci\u00f3n. <\/p>\n<hr data-start=\"6835\" data-end=\"6838\">\n<h2 data-start=\"6840\" data-end=\"6908\">Causas comunes de accidentes en zonas de construcci\u00f3n en Norcross, GA<\/h2>\n<p data-start=\"6910\" data-end=\"7022\">Las zonas de construcci\u00f3n de carreteras en Norcross y el <a href=\"https:\/\/www.gwinnettcounty.com\/home\" target=\"_blank\" rel=\"noopener\">condado de Gwinnett<\/a> pueden ser peligrosas debido a diversos factores, entre ellos:<\/p>\n<ul data-start=\"7024\" data-end=\"7712\">\n<li data-start=\"7024\" data-end=\"7157\">\n<p data-start=\"7026\" data-end=\"7157\"><strong>Se\u00f1alizaci\u00f3n inadecuada:<\/strong> Si las se\u00f1ales faltan, son poco claras o est\u00e1n mal colocadas, los conductores pueden verse sorprendidos y provocar accidentes.<\/p>\n<\/li>\n<li data-start=\"7158\" data-end=\"7276\">\n<p data-start=\"7160\" data-end=\"7276\"><strong>Mala colocaci\u00f3n de los conos:<\/strong> Los conos y las barreras deben estar correctamente espaciados o pueden provocar confusi\u00f3n y cambios de carril.<\/p>\n<\/li>\n<li data-start=\"7277\" data-end=\"7427\">\n<p data-start=\"7279\" data-end=\"7427\"><strong>Iluminaci\u00f3n inadecuada:<\/strong> Para la construcci\u00f3n nocturna, la iluminaci\u00f3n es esencial. Sin ella, la visibilidad se reduce, aumentando las posibilidades de colisi\u00f3n. <\/p>\n<\/li>\n<li data-start=\"7428\" data-end=\"7567\">\n<p data-start=\"7430\" data-end=\"7567\"><strong>Escombros de construcci\u00f3n:<\/strong> Las herramientas, materiales y equipos abandonados en los carriles activos pueden provocar accidentes cuando los conductores se desv\u00edan para evitar los obst\u00e1culos.<\/p>\n<\/li>\n<li data-start=\"7568\" data-end=\"7712\">\n<p data-start=\"7570\" data-end=\"7712\"><strong>Desv\u00edos sin se\u00f1alizar:<\/strong> Los desv\u00edos mal se\u00f1alizados suelen generar confusi\u00f3n, sobre todo cuando los conductores se encuentran con calles de sentido \u00fanico o con tr\u00e1fico conflictivo.<\/p>\n<\/li>\n<\/ul>\n<p data-start=\"7714\" data-end=\"7846\">En el bufete de abogados de Humberto Izquierdo, Jr., PC, sabemos c\u00f3mo descubrir estos problemas y hacer que las partes responsables rindan cuentas.<\/p>\n<p data-start=\"7714\" data-end=\"7846\"><img loading=\"lazy\" decoding=\"async\" class=\"alignnone wp-image-6110 size-full\" src=\"https:\/\/www.humbertoinjurylaw.com\/wp-content\/uploads\/2025\/08\/road-construction-zone-accident-attorneys-norcross-georgia-.jpg\" alt=\"deje que nuestros abogados especializados en accidentes en zonas de obras le ayuden a responsabilizar a los causantes de sus da\u00f1os.  \" width=\"650\" height=\"433\" srcset=\"https:\/\/www.humbertoinjurylaw.com\/wp-content\/uploads\/2025\/08\/road-construction-zone-accident-attorneys-norcross-georgia-.jpg 650w, https:\/\/www.humbertoinjurylaw.com\/wp-content\/uploads\/2025\/08\/road-construction-zone-accident-attorneys-norcross-georgia--300x200.jpg 300w\" sizes=\"(max-width: 650px) 100vw, 650px\" \/><\/p>\n<h2 data-start=\"347\" data-end=\"436\">Preguntas frecuentes sobre accidentes en zonas de obras en Norcross, GA<\/h2>\n<h3 data-start=\"438\" data-end=\"1046\">\u00bfQu\u00e9 debo hacer tras un accidente en una zona en obras en Norcross?<\/h3>\n<p data-start=\"438\" data-end=\"1046\">Despu\u00e9s de verse implicado en un accidente en una zona de obras en Norcross, es fundamental que tome medidas inmediatas para proteger sus derechos legales. En primer lugar, llame al 911 y busque atenci\u00f3n m\u00e9dica, aunque las lesiones parezcan menores. Despu\u00e9s, documente la escena tomando fotos, recopilando informaci\u00f3n de los testigos y recogiendo los informes policiales. Evite hablar con los peritos de seguros antes de consultar con un abogado. Ponerse en contacto con un abogado especializado en accidentes en zonas de obras le ayudar\u00e1 a guiarle a trav\u00e9s del proceso y a conservar pruebas cruciales para su reclamaci\u00f3n.    <\/p>\n<h3 data-start=\"1691\" data-end=\"2267\">\u00bfPuedo demandar al Departamento de Transportes de Georgia (GDOT) por un accidente en una zona de obras en Norcross?<\/h3>\n<p data-start=\"1691\" data-end=\"2267\">S\u00ed, puede demandar al GDOT si la zona de obras estaba mal gestionada o si no aplicaron las medidas de seguridad adecuadas. Esto podr\u00eda incluir desv\u00edos mal se\u00f1alizados, se\u00f1alizaci\u00f3n inadecuada o falta de mantenimiento adecuado de las barreras de construcci\u00f3n. Las demandas contra organismos gubernamentales en Georgia siguen distintos procedimientos y plazos, por lo que es esencial actuar con rapidez y consultar con un abogado para asegurarse de que cumple todos los requisitos legales necesarios.  <\/p>\n<h3 data-start=\"2269\" data-end=\"2794\">\u00bfCu\u00e1nto tiempo tengo para presentar una demanda por accidente en zona de obras en Norcross, GA?<\/h3>\n<p data-start=\"2269\" data-end=\"2794\">En Georgia, el plazo de prescripci\u00f3n de las reclamaciones por lesiones personales, incluidas las relacionadas con accidentes en zonas de obras, suele ser de dos a\u00f1os a partir de la fecha del accidente. Sin embargo, si su reclamaci\u00f3n implica a una entidad gubernamental como el GDOT, puede tener tan s\u00f3lo seis meses para presentar una notificaci\u00f3n de reclamaci\u00f3n. Es importante que consulte con un abogado lo antes posible para asegurarse de que sus derechos est\u00e1n protegidos y de que se cumplen los plazos.  <\/p>\n<h3 data-start=\"6250\" data-end=\"6797\">\u00bfC\u00f3mo puedo demostrar la culpa en un accidente en una zona de obras en Norcross?<\/h3>\n<p data-start=\"6250\" data-end=\"6797\">Probar la culpa en un accidente en una zona de obras en Norcross implica investigar las circunstancias espec\u00edficas que rodearon el choque. Las pruebas clave incluyen fotos de la escena del accidente, testimonios de testigos, informes policiales y planos de control del tr\u00e1fico. Un abogado con experiencia en accidentes en zonas en construcci\u00f3n en Norcross trabajar\u00e1 con ingenieros de tr\u00e1fico y otros expertos para determinar si se infringieron las normas de seguridad y a qui\u00e9n debe responsabilizarse del accidente.  <\/p>\n<h3 data-start=\"8570\" data-end=\"9135\">\u00bfMerece la pena contratar a un abogado por un accidente en una zona de obras en Norcross?<\/h3>\n<p data-start=\"8570\" data-end=\"9135\">Contratar a un abogado con experiencia aumenta considerablemente sus posibilidades de obtener una indemnizaci\u00f3n completa tras un accidente en una zona de obras. Un abogado investigar\u00e1 a fondo su caso, recopilar\u00e1 pruebas esenciales, negociar\u00e1 con las compa\u00f1\u00edas de seguros y se asegurar\u00e1 de que se le indemnice por todos los aspectos de su lesi\u00f3n, incluidos los cuidados m\u00e9dicos a largo plazo y la p\u00e9rdida de ingresos. Con un abogado a su lado, tendr\u00e1 el apoyo y la experiencia jur\u00eddica necesarios para luchar por la justicia.  <\/p>\n<p data-start=\"8570\" data-end=\"9135\"><img loading=\"lazy\" decoding=\"async\" class=\"alignnone wp-image-6104 size-full\" src=\"https:\/\/www.humbertoinjurylaw.com\/wp-content\/uploads\/2025\/08\/norcross-ga-road-construction-zone-accident-lawyer-.jpg\" alt=\"contacte con nuestros abogados expertos en zonas de construcci\u00f3n de carreteras en norcross\" width=\"650\" height=\"399\" srcset=\"https:\/\/www.humbertoinjurylaw.com\/wp-content\/uploads\/2025\/08\/norcross-ga-road-construction-zone-accident-lawyer-.jpg 650w, https:\/\/www.humbertoinjurylaw.com\/wp-content\/uploads\/2025\/08\/norcross-ga-road-construction-zone-accident-lawyer--300x184.jpg 300w\" sizes=\"(max-width: 650px) 100vw, 650px\" \/><\/p>\n<h2 data-start=\"10576\" data-end=\"10643\">\u00bfPreparado para exigir responsabilidades al personal de carretera negligente en Norcross?<\/h2>\n<p data-start=\"10645\" data-end=\"10976\">Si usted ha sido lesionado en un accidente en una zona de construcci\u00f3n de carreteras en Norcross, Georgia, no espere. <a href=\"\/\" target=\"_blank\" rel=\"noopener\">Las Oficinas Legales de Humberto Izquierdo, Jr., PC<\/a> est\u00e1 aqu\u00ed para asegurar que usted reciba la justicia y la compensaci\u00f3n que se merece. Con un amplio conocimiento de las carreteras locales, las regulaciones de las zonas de construcci\u00f3n, y la ley de Georgia, somos el equipo en el que puede confiar. <\/p>\n<p data-start=\"10978\" data-end=\"11102\">Llame a  <a href=\"tel:+17708888901\"><i class=\"fa fa-phone-alt\"><\/i>(770) 888-8901<\/a> <a href=\"https:\/\/www.humbertoinjurylaw.com\/es\/contacto\/\" target=\"_blank\" rel=\"noopener\">hoy mismo para su consulta gratuita. Perm\u00edtanos ayudarle en el camino hacia la recuperaci\u00f3n y una indemnizaci\u00f3n justa. <\/a><\/p>\n","protected":false},"excerpt":{"rendered":"<p>\u00bfLastimado en un Accidente de Zona de Construcci\u00f3n de Carretera en Norcross, GA? Perm\u00edtanos ayudarle Las zonas de obras, aunque est\u00e1n pensadas para mejorar la infraestructura de Norcross y del condado de Gwinnett, a menudo crean condiciones peligrosas que pueden provocar accidentes graves. Si se ha lesionado debido a la mala gesti\u00f3n de las zonas [&hellip;]<\/p>\n","protected":false},"author":38,"featured_media":0,"parent":10238,"menu_order":0,"comment_status":"closed","ping_status":"closed","template":"","meta":{"_acf_changed":false,"anchor_text":"","footnotes":""},"class_list":["post-10423","page","type-page","status-publish","hentry"],"acf":[],"_links":{"self":[{"href":"https:\/\/www.humbertoinjurylaw.com\/es\/wp-json\/wp\/v2\/pages\/10423","targetHints":{"allow":["GET"]}}],"collection":[{"href":"https:\/\/www.humbertoinjurylaw.com\/es\/wp-json\/wp\/v2\/pages"}],"about":[{"href":"https:\/\/www.humbertoinjurylaw.com\/es\/wp-json\/wp\/v2\/types\/page"}],"author":[{"embeddable":true,"href":"https:\/\/www.humbertoinjurylaw.com\/es\/wp-json\/wp\/v2\/users\/38"}],"replies":[{"embeddable":true,"href":"https:\/\/www.humbertoinjurylaw.com\/es\/wp-json\/wp\/v2\/comments?post=10423"}],"version-history":[{"count":2,"href":"https:\/\/www.humbertoinjurylaw.com\/es\/wp-json\/wp\/v2\/pages\/10423\/revisions"}],"predecessor-version":[{"id":11026,"href":"https:\/\/www.humbertoinjurylaw.com\/es\/wp-json\/wp\/v2\/pages\/10423\/revisions\/11026"}],"up":[{"embeddable":true,"href":"https:\/\/www.humbertoinjurylaw.com\/es\/wp-json\/wp\/v2\/pages\/10238"}],"wp:attachment":[{"href":"https:\/\/www.humbertoinjurylaw.com\/es\/wp-json\/wp\/v2\/media?parent=10423"}],"curies":[{"name":"wp","href":"https:\/\/api.w.org\/{rel}","templated":true}]}}