{"id":10434,"date":"2025-08-06T11:53:48","date_gmt":"2025-08-06T15:53:48","guid":{"rendered":"https:\/\/www.humbertoinjurylaw.com\/norcross\/abogado-de-accidentes-de-trafico-en-norcross\/abogado-de-accidentes-por-conduccion-distraida-en-norcross\/"},"modified":"2025-08-06T11:53:48","modified_gmt":"2025-08-06T15:53:48","slug":"abogado-de-accidentes-por-conduccion-distraida-en-norcross","status":"publish","type":"page","link":"https:\/\/www.humbertoinjurylaw.com\/es\/norcross\/abogado-de-accidentes-de-trafico-en-norcross\/abogado-de-accidentes-por-conduccion-distraida-en-norcross\/","title":{"rendered":"Abogado de accidentes por conducci\u00f3n distra\u00edda en Norcross"},"content":{"rendered":"<h2 data-start=\"274\" data-end=\"351\">\u00bfLastimado por un conductor distra\u00eddo en Norcross, Georgia? Estamos aqu\u00ed para ayudarle <\/h2>\n<p data-start=\"353\" data-end=\"710\">La conducci\u00f3n distra\u00edda en Norcross es una de las principales causas de <a href=\"https:\/\/www.humbertoinjurylaw.com\/es\/norcross\/abogado-de-accidentes-de-trafico-en-norcross\/\">accidentes automovil\u00edsticos<\/a> graves en la zona y en todo Georgia. Si usted o un ser querido ha resultado herido en un accidente de conducci\u00f3n distra\u00edda causado por enviar mensajes de texto, hablar por tel\u00e9fono, comer o cualquier otra distracci\u00f3n insegura al volante, merece una representaci\u00f3n legal que luche por sus derechos. <\/p>\n<p data-start=\"712\" data-end=\"1135\">En <a href=\"\/\" target=\"_blank\" rel=\"noopener\">Las Oficinas Legales de Humberto Izquierdo Jr., PC<\/a>, nuestro experimentado equipo de abogados de Norcross se enfoca en ayudar a las v\u00edctimas de choques por conducci\u00f3n distra\u00edda en Norcross a recuperar una compensaci\u00f3n total por sus lesiones, p\u00e9rdidas financieras y da\u00f1os emocionales. Entendemos c\u00f3mo esto puede cambiar la vida, y nuestro equipo dedicado est\u00e1 aqu\u00ed para guiarlo a trav\u00e9s de cada paso del proceso legal. <\/p>\n<h2 data-start=\"274\" data-end=\"355\">\u00bfQu\u00e9 es la conducci\u00f3n distra\u00edda y por qu\u00e9 es tan peligrosa en Norcross, Georgia?<\/h2>\n<p data-start=\"357\" data-end=\"780\">La conducci\u00f3n distra\u00edda en Norcross es cualquier comportamiento que desv\u00ede la atenci\u00f3n de un conductor de la conducci\u00f3n segura de un veh\u00edculo, y sigue siendo una de las principales causas de colisiones graves en Norcross, el <a href=\"https:\/\/www.exploregwinnett.org\/\" target=\"_blank\" rel=\"noopener\">condado de Gwinnett<\/a> y en todo Georgia. Ya sea echando un vistazo a un mensaje de texto, ajustando la radio o desvi\u00e1ndose mentalmente mientras conduce por Buford Highway o Jimmy Carter Boulevard, incluso unos pocos segundos de p\u00e9rdida de concentraci\u00f3n pueden causar resultados devastadores. <\/p>\n<p data-start=\"782\" data-end=\"838\">Existen tres tipos principales de conducci\u00f3n distra\u00edda:<\/p>\n<ul data-start=\"840\" data-end=\"1090\">\n<li data-start=\"840\" data-end=\"921\">\n<p data-start=\"842\" data-end=\"921\"><strong data-start=\"842\" data-end=\"864\">Distracci\u00f3n visual<\/strong> &#8211; Apartar la vista de la carretera (por ejemplo, leer un texto)<\/p>\n<\/li>\n<li data-start=\"922\" data-end=\"1000\">\n<p data-start=\"924\" data-end=\"1000\"><strong data-start=\"924\" data-end=\"946\">Distracci\u00f3n manual<\/strong> &#8211; Quitar las manos del volante (por ejemplo, comer)<\/p>\n<\/li>\n<li data-start=\"1001\" data-end=\"1090\">\n<p data-start=\"1003\" data-end=\"1090\"><strong data-start=\"1003\" data-end=\"1028\">Distracci\u00f3n cognitiva<\/strong> &#8211; Dejar que su mente se desv\u00ede de la conducci\u00f3n (por ejemplo, so\u00f1ar despierto)<\/p>\n<\/li>\n<\/ul>\n<p><a href=\"https:\/\/www.humbertoinjurylaw.com\/wp-content\/uploads\/2025\/08\/distracted-driving-accident.jpg\"><img fetchpriority=\"high\" decoding=\"async\" class=\"alignnone wp-image-6114 size-full\" src=\"https:\/\/www.humbertoinjurylaw.com\/wp-content\/uploads\/2025\/08\/distracted-driving-accident.jpg\" alt=\"Accidente por conducci\u00f3n distra\u00edda\" width=\"650\" height=\"434\" srcset=\"https:\/\/www.humbertoinjurylaw.com\/wp-content\/uploads\/2025\/08\/distracted-driving-accident.jpg 650w, https:\/\/www.humbertoinjurylaw.com\/wp-content\/uploads\/2025\/08\/distracted-driving-accident-300x200.jpg 300w\" sizes=\"(max-width: 650px) 100vw, 650px\" \/><\/a><\/p>\n<h2 data-start=\"268\" data-end=\"365\">\u00bfQu\u00e9 tipos de indemnizaci\u00f3n puede recuperar tras un accidente por conducci\u00f3n distra\u00edda en Norcross?<\/h2>\n<p data-start=\"367\" data-end=\"651\">Si result\u00f3 lesionado debido a la falta de atenci\u00f3n o al comportamiento distra\u00eddo de otro conductor <a href=\"https:\/\/www.humbertoinjurylaw.com\/es\/norcross\/\" target=\"_blank\" rel=\"noopener\">en Norcross<\/a>, tiene el derecho legal de solicitar una indemnizaci\u00f3n por da\u00f1os y perjuicios en virtud de la ley de lesiones personales de Georgia. Estos da\u00f1os pueden incluir tanto p\u00e9rdidas econ\u00f3micas como sufrimiento no econ\u00f3mico, dependiendo de su caso \u00fanico. <\/p>\n<h3 data-start=\"653\" data-end=\"703\">Gastos m\u00e9dicos (pasados, presentes y futuros)<\/h3>\n<p data-start=\"705\" data-end=\"775\">Trabajamos para recuperar el coste total de su tratamiento m\u00e9dico, como:<\/p>\n<ul data-start=\"777\" data-end=\"1010\">\n<li data-start=\"777\" data-end=\"814\">\n<p data-start=\"779\" data-end=\"814\">Gastos de urgencias y ambulancias<\/p>\n<\/li>\n<li data-start=\"815\" data-end=\"846\">\n<p data-start=\"817\" data-end=\"846\">Hospitalizaci\u00f3n y cirug\u00eda<\/p>\n<\/li>\n<li data-start=\"847\" data-end=\"885\">\n<p data-start=\"849\" data-end=\"885\">Diagn\u00f3stico por imagen (resonancia magn\u00e9tica, tomograf\u00eda computarizada)<\/p>\n<\/li>\n<li data-start=\"886\" data-end=\"925\">\n<p data-start=\"888\" data-end=\"925\">Fisioterapia y rehabilitaci\u00f3n<\/p>\n<\/li>\n<li data-start=\"926\" data-end=\"968\">\n<p data-start=\"928\" data-end=\"968\">Citas de seguimiento y medicamentos<\/p>\n<\/li>\n<li data-start=\"969\" data-end=\"1010\">\n<p data-start=\"971\" data-end=\"1010\">Ayudas para la movilidad o cuidados de enfermer\u00eda a domicilio<\/p>\n<\/li>\n<\/ul>\n<p data-start=\"1012\" data-end=\"1200\">Nuestro bufete trabaja en estrecha colaboraci\u00f3n con los proveedores m\u00e9dicos del \u00e1rea de Norcross, incluido el Northside Hospital Gwinnett y los especialistas locales, para garantizar que su tratamiento se documente y compense adecuadamente.<\/p>\n<h3 data-start=\"1202\" data-end=\"1247\">Salarios perdidos y p\u00e9rdida de capacidad de ganancia<\/h3>\n<p data-start=\"1249\" data-end=\"1343\">Si sus lesiones le impiden trabajar, nuestro equipo de abogados de Norcross le ayuda a recuperarse:<\/p>\n<ul data-start=\"1345\" data-end=\"1496\">\n<li data-start=\"1345\" data-end=\"1377\">\n<p data-start=\"1347\" data-end=\"1377\">Ingresos perdidos por faltar al trabajo<\/p>\n<\/li>\n<li data-start=\"1378\" data-end=\"1428\">\n<p data-start=\"1380\" data-end=\"1428\">P\u00e9rdida de tiempo libre remunerado, bonificaciones y prestaciones<\/p>\n<\/li>\n<li data-start=\"1429\" data-end=\"1496\">\n<p data-start=\"1431\" data-end=\"1496\">Ingresos futuros si su capacidad para trabajar se ve afectada de forma permanente<\/p>\n<\/li>\n<\/ul>\n<p data-start=\"1498\" data-end=\"1623\">Nuestro equipo de<strong data-start=\"1502\" data-end=\"1521\">abogados<\/strong> de Norcross utiliza analistas econ\u00f3micos expertos para calcular su p\u00e9rdida salarial a largo plazo y reforzar su reclamaci\u00f3n.<\/p>\n<h3 data-start=\"1625\" data-end=\"1649\">Dolor y sufrimiento<\/h3>\n<p data-start=\"1651\" data-end=\"1768\">Las lesiones de un accidente por conducci\u00f3n distra\u00edda no son s\u00f3lo f\u00edsicas, tambi\u00e9n son emocionales. Perseguimos da\u00f1os por: <\/p>\n<ul data-start=\"1770\" data-end=\"1941\">\n<li data-start=\"1770\" data-end=\"1810\">\n<p data-start=\"1772\" data-end=\"1810\">Dolor f\u00edsico y malestar cr\u00f3nico<\/p>\n<\/li>\n<li data-start=\"1811\" data-end=\"1870\">\n<p data-start=\"1813\" data-end=\"1870\">Angustia mental, incluyendo TEPT, ansiedad y depresi\u00f3n<\/p>\n<\/li>\n<li data-start=\"1871\" data-end=\"1903\">\n<p data-start=\"1873\" data-end=\"1903\">Disminuci\u00f3n del disfrute de la vida<\/p>\n<\/li>\n<li data-start=\"1904\" data-end=\"1941\">\n<p data-start=\"1906\" data-end=\"1941\">P\u00e9rdida de intimidad o compa\u00f1\u00eda<\/p>\n<\/li>\n<\/ul>\n<h3 data-start=\"1943\" data-end=\"1987\">Da\u00f1os al veh\u00edculo y otras p\u00e9rdidas materiales<\/h3>\n<p data-start=\"1989\" data-end=\"2031\">Nuestro equipo le garantiza el reembolso de:<\/p>\n<ul data-start=\"2033\" data-end=\"2139\">\n<li data-start=\"2033\" data-end=\"2067\">\n<p data-start=\"2035\" data-end=\"2067\">Reparaci\u00f3n o sustituci\u00f3n de veh\u00edculos<\/p>\n<\/li>\n<li data-start=\"2068\" data-end=\"2139\">\n<p data-start=\"2070\" data-end=\"2139\">Bienes personales da\u00f1ados durante el accidente (tel\u00e9fonos, herramientas, ordenadores port\u00e1tiles)<\/p>\n<\/li>\n<\/ul>\n<p data-start=\"2141\" data-end=\"2257\">Trabajamos con tasadores de da\u00f1os de autom\u00f3viles y peritos de seguros para asegurarnos de que sus p\u00e9rdidas relacionadas con la propiedad est\u00e9n cubiertas.<\/p>\n<h3 data-start=\"2259\" data-end=\"2312\">Da\u00f1os punitivos (en casos de negligencia grave)<\/h3>\n<p data-start=\"2314\" data-end=\"2536\">Si el conductor distra\u00eddo mostr\u00f3 una imprudencia extrema -como enviar mensajes de texto en una zona escolar, exceder la velocidad mientras chateaba por v\u00eddeo o utilizar aplicaciones mientras conduc\u00eda- podemos solicitar da\u00f1os punitivos para castigar el comportamiento y disuadir de futuros da\u00f1os.<\/p>\n<h2 data-start=\"274\" data-end=\"343\">\u00bfC\u00f3mo puede ayudarle un abogado de accidentes por conducci\u00f3n distra\u00edda de Norcross?<\/h2>\n<p data-start=\"345\" data-end=\"727\">Trabajar con un abogado de Norcross con experiencia que se centra en casos de conducci\u00f3n distra\u00edda en Norcross puede marcar la diferencia entre una reclamaci\u00f3n denegada y la obtenci\u00f3n de una indemnizaci\u00f3n completa y justa. En Las Oficinas Legales de Humberto Izquierdo Jr., tomamos un enfoque basado en los detalles para cada accidente de conducci\u00f3n distra\u00edda, combinando habilidad legal, visi\u00f3n local, y fuertes recursos de investigaci\u00f3n. <\/p>\n<p data-start=\"729\" data-end=\"775\">As\u00ed es como le ayudamos de principio a fin:<\/p>\n<p data-start=\"777\" data-end=\"828\"><strong data-start=\"777\" data-end=\"826\">1. Investigaci\u00f3n del caso y recogida de pruebas<\/strong><\/p>\n<p data-start=\"830\" data-end=\"880\">Reunimos toda la documentaci\u00f3n cr\u00edtica, incluyendo:<\/p>\n<ul data-start=\"882\" data-end=\"1080\">\n<li data-start=\"882\" data-end=\"909\">\n<p data-start=\"884\" data-end=\"909\">Informes policiales de accidentes<\/p>\n<\/li>\n<li data-start=\"910\" data-end=\"935\">\n<p data-start=\"912\" data-end=\"935\">Declaraciones de testigos oculares<\/p>\n<\/li>\n<li data-start=\"936\" data-end=\"987\">\n<p data-start=\"938\" data-end=\"987\">Registros de tel\u00e9fonos m\u00f3viles que muestren el uso de mensajes de texto o aplicaciones<\/p>\n<\/li>\n<li data-start=\"988\" data-end=\"1024\">\n<p data-start=\"990\" data-end=\"1024\">C\u00e1mara de salpicadero o im\u00e1genes de vigilancia<\/p>\n<\/li>\n<li data-start=\"1025\" data-end=\"1080\">\n<p data-start=\"1027\" data-end=\"1080\">Reconstrucci\u00f3n forense de accidentes y telemetr\u00eda de veh\u00edculos<\/p>\n<\/li>\n<\/ul>\n<p><img decoding=\"async\" class=\"alignnone wp-image-6118 size-full\" src=\"https:\/\/www.humbertoinjurylaw.com\/wp-content\/uploads\/2025\/08\/norcross-lawyer-2.jpg\" alt=\"Abogado de Norcross\" width=\"650\" height=\"374\" srcset=\"https:\/\/www.humbertoinjurylaw.com\/wp-content\/uploads\/2025\/08\/norcross-lawyer-2.jpg 650w, https:\/\/www.humbertoinjurylaw.com\/wp-content\/uploads\/2025\/08\/norcross-lawyer-2-300x173.jpg 300w\" sizes=\"(max-width: 650px) 100vw, 650px\" \/><\/p>\n<p data-start=\"1082\" data-end=\"1124\"><strong data-start=\"1082\" data-end=\"1122\">2. Coordinaci\u00f3n con expertos m\u00e9dicos<\/strong><\/p>\n<p data-start=\"1126\" data-end=\"1216\">Nuestro equipo de abogados de Norcross trabaja con proveedores sanitarios y especialistas locales para:<\/p>\n<ul data-start=\"1218\" data-end=\"1359\">\n<li data-start=\"1218\" data-end=\"1262\">\n<p data-start=\"1220\" data-end=\"1262\">Verificar su diagn\u00f3stico y plan de tratamiento<\/p>\n<\/li>\n<li data-start=\"1263\" data-end=\"1310\">\n<p data-start=\"1265\" data-end=\"1310\">Documentar impedimentos permanentes o de larga duraci\u00f3n<\/p>\n<\/li>\n<li data-start=\"1311\" data-end=\"1359\">\n<p data-start=\"1313\" data-end=\"1359\">Estimar las necesidades y los costes futuros de la atenci\u00f3n m\u00e9dica<\/p>\n<\/li>\n<\/ul>\n<p data-start=\"1361\" data-end=\"1412\"><strong data-start=\"1361\" data-end=\"1410\">3. Negociaci\u00f3n de seguros y gesti\u00f3n de siniestros<\/strong><\/p>\n<p data-start=\"1414\" data-end=\"1464\">El objetivo de las compa\u00f1\u00edas de seguros es minimizar los pagos. Nosotros:<\/p>\n<ul data-start=\"1466\" data-end=\"1647\">\n<li data-start=\"1466\" data-end=\"1529\">\n<p data-start=\"1468\" data-end=\"1529\">Gestionar toda la comunicaci\u00f3n con la aseguradora del conductor culpable<\/p>\n<\/li>\n<li data-start=\"1530\" data-end=\"1596\">\n<p data-start=\"1532\" data-end=\"1596\">Prepare cartas de demanda convincentes apoyadas en pruebas s\u00f3lidas<\/p>\n<\/li>\n<li data-start=\"1597\" data-end=\"1647\">\n<p data-start=\"1599\" data-end=\"1647\">Oponerse a las ofertas de liquidaci\u00f3n inadecuadas<\/p>\n<\/li>\n<\/ul>\n<p data-start=\"1649\" data-end=\"1702\"><strong data-start=\"1649\" data-end=\"1700\">4. Representaci\u00f3n legal ante los tribunales (si es necesario)<\/strong><\/p>\n<p data-start=\"1704\" data-end=\"2048\">Aunque la mayor\u00eda de las demandas por conducci\u00f3n distra\u00edda en Norcross se resuelven sin juicio, nuestro bufete est\u00e1 totalmente preparado para litigar cuando sea necesario. Nuestro equipo de abogados de Norcross ha representado con \u00e9xito a clientes en los tribunales del condado de Gwinnett y en todo el norte de Georgia. Si se requiere un juicio, luchamos agresivamente ante el juez y el jurado para proteger sus derechos.  <\/p>\n<h2>\u00bfY si usted tuvo parte de la culpa en el accidente?<\/h2>\n<p>Georgia sigue una regla de culpa comparativa modificada, lo que significa que a\u00fan puede recuperar los da\u00f1os siempre que su culpa sea inferior al 50%. Sin embargo, su indemnizaci\u00f3n se ver\u00e1 reducida por el porcentaje de su culpa. <\/p>\n<p>Ejemplo: Si le conceden 100.000 d\u00f3lares pero le declaran culpable del 20%, recibir\u00eda 80.000 d\u00f3lares.<\/p>\n<p>Un abogado con experiencia en accidentes de tr\u00e1fico en Norcross puede asegurarse de que la culpa se asigne de forma justa y de que se haga hincapi\u00e9 adecuadamente en la negligencia del otro conductor.<\/p>\n<h2 data-start=\"377\" data-end=\"471\">Preguntas frecuentes sobre la contrataci\u00f3n de un abogado de accidentes por conducci\u00f3n distra\u00edda en Cumming, GA<\/h2>\n<h3 data-start=\"1071\" data-end=\"1122\">\u00bfC\u00f3mo puedo demostrar que el otro conductor estaba distra\u00eddo?<\/h3>\n<p data-start=\"1124\" data-end=\"1163\">La conducci\u00f3n distra\u00edda puede probarse con registros telef\u00f3nicos, grabaciones de v\u00eddeo y testimonios de expertos que confirmen la falta de atenci\u00f3n del conductor.<\/p>\n<p data-start=\"1124\" data-end=\"1163\">Puede probar la conducci\u00f3n distra\u00edda utilizando:<\/p>\n<ul data-start=\"1164\" data-end=\"1317\">\n<li data-start=\"1164\" data-end=\"1180\">\n<p data-start=\"1166\" data-end=\"1180\">Informes policiales<\/p>\n<\/li>\n<li data-start=\"1181\" data-end=\"1201\">\n<p data-start=\"1183\" data-end=\"1201\">Declaraciones de testigos<\/p>\n<\/li>\n<li data-start=\"1202\" data-end=\"1243\">\n<p data-start=\"1204\" data-end=\"1243\">Registros de tel\u00e9fonos m\u00f3viles (textos, llamadas, aplicaciones)<\/p>\n<\/li>\n<li data-start=\"1244\" data-end=\"1278\">\n<p data-start=\"1246\" data-end=\"1278\">C\u00e1mara de salpicadero o im\u00e1genes de vigilancia<\/p>\n<\/li>\n<li data-start=\"1279\" data-end=\"1317\">\n<p data-start=\"1281\" data-end=\"1317\">An\u00e1lisis pericial de reconstrucci\u00f3n de colisiones<\/p>\n<\/li>\n<\/ul>\n<h3 data-start=\"1962\" data-end=\"2038\">\u00bfCu\u00e1nto tiempo tengo para presentar una demanda por lesiones por conducci\u00f3n distra\u00edda en Georgia?<\/h3>\n<p data-start=\"2040\" data-end=\"2186\">Tiene dos a\u00f1os para presentar una demanda por lesiones por conducci\u00f3n distra\u00edda en Georgia, pero actuar antes ayuda a preservar las pruebas.<\/p>\n<p data-start=\"2040\" data-end=\"2186\">La ley de Georgia le concede dos a\u00f1os a partir de la fecha del accidente para presentar una demanda por da\u00f1os personales. Para da\u00f1os materiales, el l\u00edmite es de cuatro a\u00f1os. <\/p>\n<p data-start=\"2040\" data-end=\"2186\"><img decoding=\"async\" class=\"alignnone wp-image-6120 size-full\" src=\"https:\/\/www.humbertoinjurylaw.com\/wp-content\/uploads\/2025\/08\/norcross-distracted-driving.jpg\" alt=\"Conducci\u00f3n distra\u00edda en Norcross\" width=\"650\" height=\"433\" srcset=\"https:\/\/www.humbertoinjurylaw.com\/wp-content\/uploads\/2025\/08\/norcross-distracted-driving.jpg 650w, https:\/\/www.humbertoinjurylaw.com\/wp-content\/uploads\/2025\/08\/norcross-distracted-driving-300x200.jpg 300w\" sizes=\"(max-width: 650px) 100vw, 650px\" \/><\/p>\n<h3 data-start=\"2722\" data-end=\"2779\">\u00bfY si el conductor distra\u00eddo no tiene seguro?<\/h3>\n<p data-start=\"2781\" data-end=\"2959\">Si el conductor distra\u00eddo carece de seguro, su propia p\u00f3liza UM\/UIM puede cubrir sus da\u00f1os.<\/p>\n<p data-start=\"2781\" data-end=\"2959\">Si el conductor culpable no est\u00e1 asegurado, a\u00fan puede recuperar una indemnizaci\u00f3n a trav\u00e9s de su propia cobertura de motorista no asegurado\/subasegurado (UM\/UIM). Un abogado puede ayudarle a presentar esta reclamaci\u00f3n. <\/p>\n<h2>\u00bfPor qu\u00e9 elegir las Oficinas Legales de Humberto Izquierdo Jr., PC?<\/h2>\n<p>Estamos orgullosos de ser uno de los bufetes de abogados de Norcross m\u00e1s confiables en lesiones personales. Esto es lo que nos diferencia: <\/p>\n<ul data-spread=\"false\">\n<li>\u2705 <strong>D\u00e9cadas de experiencia<\/strong> tramitando demandas por lesiones causadas por conducci\u00f3n distra\u00edda<\/li>\n<li>\u2705 <strong>Negociaci\u00f3n agresiva<\/strong> con aseguradoras y responsables<\/li>\n<li>\u2705 <strong>Atenci\u00f3n personalizada<\/strong> a cada cliente y a cada caso<\/li>\n<li>\u2705 <strong>Garant\u00eda \u00abno win, no fee<\/strong> \u00ab: no paga a menos que ganemos<\/li>\n<\/ul>\n<h2 data-start=\"274\" data-end=\"333\">Obtenga la ayuda legal que merece &#8211; Evaluaci\u00f3n gratuita de su caso<\/h2>\n<p data-start=\"335\" data-end=\"626\">Si usted o un ser querido ha resultado herido en un accidente por conducci\u00f3n distra\u00edda en Norcross, no espere a buscar ayuda legal. Nuestro experimentado equipo de abogados de Norcross est\u00e1 aqu\u00ed para luchar por sus derechos, asegurar la justicia y perseguir la compensaci\u00f3n financiera que necesita. <\/p>\n<p data-start=\"335\" data-end=\"626\"><img loading=\"lazy\" decoding=\"async\" class=\"alignnone wp-image-6116 size-full\" src=\"https:\/\/www.humbertoinjurylaw.com\/wp-content\/uploads\/2025\/08\/norcross-attorney-1.jpg\" alt=\"Norcross Abogado\" width=\"650\" height=\"433\" srcset=\"https:\/\/www.humbertoinjurylaw.com\/wp-content\/uploads\/2025\/08\/norcross-attorney-1.jpg 650w, https:\/\/www.humbertoinjurylaw.com\/wp-content\/uploads\/2025\/08\/norcross-attorney-1-300x200.jpg 300w\" sizes=\"(max-width: 650px) 100vw, 650px\" \/><\/p>\n<p data-start=\"628\" data-end=\"825\">Llame a Las Oficinas Legales de Humberto Izquierdo Jr. a <a href=\"tel:+17708888901\"><i class=\"fa fa-phone-alt\"><\/i>(770) 888-8901<\/a> hoy para una <a href=\"https:\/\/www.humbertoinjurylaw.com\/es\/contacto\/\" target=\"_blank\" rel=\"noopener\">consulta gratis con un abogado dedicado de Norcross<\/a> que entiende como manejar casos de manejo distra\u00eddo en Norcross.<\/p>\n<p data-start=\"827\" data-end=\"1042\">Su recuperaci\u00f3n es nuestra m\u00e1xima prioridad. Estamos disponibles 24 horas al d\u00eda, 7 d\u00edas a la semana, preparados para tomarnos su caso en serio, y listos para estar a su lado desde el momento en que nos llame hasta que se resuelva su reclamaci\u00f3n por accidente de conducci\u00f3n distra\u00edda. <\/p>\n","protected":false},"excerpt":{"rendered":"<p>\u00bfLastimado por un conductor distra\u00eddo en Norcross, Georgia? Estamos aqu\u00ed para ayudarle La conducci\u00f3n distra\u00edda en Norcross es una de las principales causas de accidentes automovil\u00edsticos graves en la zona y en todo Georgia. Si usted o un ser querido ha resultado herido en un accidente de conducci\u00f3n distra\u00edda causado por enviar mensajes de texto, [&hellip;]<\/p>\n","protected":false},"author":53,"featured_media":0,"parent":10426,"menu_order":0,"comment_status":"closed","ping_status":"closed","template":"","meta":{"_acf_changed":false,"anchor_text":"","footnotes":""},"class_list":["post-10434","page","type-page","status-publish","hentry"],"acf":[],"_links":{"self":[{"href":"https:\/\/www.humbertoinjurylaw.com\/es\/wp-json\/wp\/v2\/pages\/10434","targetHints":{"allow":["GET"]}}],"collection":[{"href":"https:\/\/www.humbertoinjurylaw.com\/es\/wp-json\/wp\/v2\/pages"}],"about":[{"href":"https:\/\/www.humbertoinjurylaw.com\/es\/wp-json\/wp\/v2\/types\/page"}],"author":[{"embeddable":true,"href":"https:\/\/www.humbertoinjurylaw.com\/es\/wp-json\/wp\/v2\/users\/53"}],"replies":[{"embeddable":true,"href":"https:\/\/www.humbertoinjurylaw.com\/es\/wp-json\/wp\/v2\/comments?post=10434"}],"version-history":[{"count":0,"href":"https:\/\/www.humbertoinjurylaw.com\/es\/wp-json\/wp\/v2\/pages\/10434\/revisions"}],"up":[{"embeddable":true,"href":"https:\/\/www.humbertoinjurylaw.com\/es\/wp-json\/wp\/v2\/pages\/10426"}],"wp:attachment":[{"href":"https:\/\/www.humbertoinjurylaw.com\/es\/wp-json\/wp\/v2\/media?parent=10434"}],"curies":[{"name":"wp","href":"https:\/\/api.w.org\/{rel}","templated":true}]}}