{"id":10436,"date":"2025-08-06T13:40:39","date_gmt":"2025-08-06T17:40:39","guid":{"rendered":"https:\/\/www.humbertoinjurylaw.com\/norcross\/abogado-de-accidentes-de-trafico-en-norcross\/abogado-de-accidentes-por-colision-frontal-en-norcross\/"},"modified":"2025-08-06T13:40:39","modified_gmt":"2025-08-06T17:40:39","slug":"abogado-de-accidentes-por-colision-frontal-en-norcross","status":"publish","type":"page","link":"https:\/\/www.humbertoinjurylaw.com\/es\/norcross\/abogado-de-accidentes-de-trafico-en-norcross\/abogado-de-accidentes-por-colision-frontal-en-norcross\/","title":{"rendered":"Abogado de accidentes por colisi\u00f3n frontal en Norcross"},"content":{"rendered":"<h2 data-start=\"225\" data-end=\"285\">Abogado de accidentes por colisi\u00f3n frontal en Norcross, Georgia<\/h2>\n<p data-start=\"287\" data-end=\"919\">Si usted o un ser querido ha sufrido lesiones en una colisi\u00f3n frontal en Norcross, Georgia, entiende lo devastadores y alteradores que pueden ser estos choques. Los accidentes de colisi\u00f3n frontal se encuentran entre los tipos m\u00e1s peligrosos de <a href=\"https:\/\/www.humbertoinjurylaw.com\/es\/norcross\/abogado-de-accidentes-de-trafico-en-norcross\/\" target=\"_blank\" rel=\"noopener\">accidentes automovil\u00edsticos<\/a>, a menudo resultando en lesiones graves, tratamiento m\u00e9dico extenso, gran tensi\u00f3n financiera y dificultades emocionales. En Las Oficinas Legales de Humberto Izquierdo Jr., nuestro experimentado equipo de abogados de Norcross proporciona apoyo legal compasivo y orientado a los resultados cuando usted m\u00e1s lo necesita. Estamos comprometidos a ayudar a las v\u00edctimas a obtener una indemnizaci\u00f3n completa y a responsabilizar a los conductores negligentes.   <\/p>\n<p data-start=\"287\" data-end=\"919\"><img fetchpriority=\"high\" decoding=\"async\" class=\"alignnone wp-image-6131 size-full\" src=\"https:\/\/www.humbertoinjurylaw.com\/wp-content\/uploads\/2025\/08\/head-on-collision.jpg\" alt=\"Colisi\u00f3n frontal\" width=\"650\" height=\"433\" srcset=\"https:\/\/www.humbertoinjurylaw.com\/wp-content\/uploads\/2025\/08\/head-on-collision.jpg 650w, https:\/\/www.humbertoinjurylaw.com\/wp-content\/uploads\/2025\/08\/head-on-collision-300x200.jpg 300w\" sizes=\"(max-width: 650px) 100vw, 650px\" \/><\/p>\n<p data-start=\"921\" data-end=\"1307\">Representamos con orgullo a clientes de todo el condado de Gwinnett y conocemos los lugares m\u00e1s comunes de accidentes en Norcross, como Peachtree Industrial Boulevard, Buford Highway, Jimmy Carter Boulevard y Holcomb Bridge Road. Tanto si est\u00e1 buscando un defensor de confianza para un choque frontal como si necesita la orientaci\u00f3n legal 24 horas al d\u00eda, 7 d\u00edas a la semana, de un abogado experto en Norcross, estamos preparados para estar a su lado. <\/p>\n<h2 data-start=\"225\" data-end=\"289\">\u00bfQu\u00e9 es una colisi\u00f3n frontal y por qu\u00e9 son tan peligrosas?<\/h2>\n<p data-start=\"291\" data-end=\"686\">Una colisi\u00f3n frontal se produce cuando dos veh\u00edculos que circulan en direcciones opuestas chocan entre s\u00ed de frente. Este tipo de accidentes son extremadamente peligrosos porque la velocidad combinada del impacto suele provocar lesiones catastr\u00f3ficas o v\u00edctimas mortales. A diferencia de muchos otros tipos de choques, una colisi\u00f3n frontal produce una fuerza intensa que el cuerpo humano rara vez es capaz de soportar.  <\/p>\n<h2>\u00bfQu\u00e9 causa las colisiones frontales en Norcross?<\/h2>\n<p>Comprender las causas profundas de los choques frontales puede ayudarle a usted y a su equipo jur\u00eddico a construir un caso s\u00f3lido. Muchos de estos accidentes son el resultado directo de una negligencia: <\/p>\n<h3>Conducci\u00f3n distra\u00edda<\/h3>\n<p>Enviar mensajes de texto, ajustar el GPS, comer o incluso hablar con los pasajeros puede provocar un error de una fracci\u00f3n de segundo que haga que un veh\u00edculo se desv\u00ede hacia el carril equivocado. La conducci\u00f3n distra\u00edda sigue siendo una de las principales causas de accidentes a lo largo de la GA-400 y otras v\u00edas muy transitadas. <\/p>\n<h3>Conducir ebrio o drogado<\/h3>\n<p>La embriaguez afecta al juicio, los tiempos de reacci\u00f3n y las habilidades motoras. Es m\u00e1s probable que un conductor ebrio conduzca en sentido contrario en una calle de sentido \u00fanico o cruce la l\u00ednea central. Esto es especialmente peligroso en zonas de alta velocidad como Veterans Memorial Blvd.  <\/p>\n<h3>Fatiga del conductor<\/h3>\n<p>Quedarse dormido al volante es un problema creciente, sobre todo para los trabajadores por turnos y los conductores comerciales. La fatiga reduce la conciencia situacional y aumenta la probabilidad de cruzarse con el tr\u00e1fico que circula en sentido contrario. <\/p>\n<h3>Exceso de velocidad y furia al volante<\/h3>\n<p>Una velocidad excesiva aumenta el riesgo de perder el control, sobre todo en las curvas o cuando hace mal tiempo. Los conductores agresivos que pisan el rebufo o adelantan indebidamente pueden provocar colisiones frontales al intentar adelantar al tr\u00e1fico m\u00e1s lento. <\/p>\n<p>Nuestro bufete utiliza la reconstrucci\u00f3n experta de accidentes y el conocimiento del tr\u00e1fico local para determinar la causa exacta y probar la negligencia en su caso.<\/p>\n<h2>\u00bfCu\u00e1les son las lesiones m\u00e1s comunes en los accidentes frontales?<\/h2>\n<p>Las colisiones frontales producen fuerzas violentas que a menudo provocan lesiones catastr\u00f3ficas. Incluso con elementos de seguridad modernos como los airbags y las zonas deformables, el impacto puede provocar consecuencias a largo plazo: <\/p>\n<ul data-spread=\"false\">\n<li><strong>Lesiones cerebrales traum\u00e1ticas (TBI):<\/strong> Las conmociones cerebrales y los traumatismos cerebrales graves pueden afectar a la memoria, la cognici\u00f3n y las habilidades motoras.<\/li>\n<li><strong>Lesiones de la m\u00e9dula espinal:<\/strong> Pueden provocar una par\u00e1lisis total o parcial y requieren cuidados de por vida.<\/li>\n<li><strong>Lesiones ortop\u00e9dicas:<\/strong> Las fracturas de huesos en brazos, piernas, costillas o pelvis son frecuentes y pueden requerir una reparaci\u00f3n quir\u00fargica.<\/li>\n<li><strong>Da\u00f1os en los tejidos blandos:<\/strong> El latigazo cervical, la rotura de ligamentos y las lesiones musculares pueden provocar dolor cr\u00f3nico.<\/li>\n<li><strong>Hemorragia interna:<\/strong> Los da\u00f1os en los \u00f3rganos suelen pasar desapercibidos al principio, pero pueden ser mortales sin un tratamiento r\u00e1pido.<\/li>\n<li><strong>Trauma psicol\u00f3gico:<\/strong> La ansiedad, el TEPT y la depresi\u00f3n son comunes despu\u00e9s de un choque grave.<\/li>\n<\/ul>\n<p>En las <a href=\"\/\" target=\"_blank\" rel=\"noopener\">Oficinas Legales de Humberto Izquierdo Jr., PC<\/a>, trabajamos con neur\u00f3logos, cirujanos ortop\u00e9dicos y profesionales de la salud mental para evaluar y documentar plenamente sus lesiones para obtener la m\u00e1xima compensaci\u00f3n.<\/p>\n<h2>\u00bfQu\u00e9 indemnizaci\u00f3n puedo reclamar tras una colisi\u00f3n frontal en Norcross?<\/h2>\n<p>Cada caso de colisi\u00f3n frontal es \u00fanico, pero las v\u00edctimas suelen tener derecho a importantes indemnizaciones por p\u00e9rdidas econ\u00f3micas y no econ\u00f3micas:<\/p>\n<h3>Da\u00f1os econ\u00f3micos<\/h3>\n<ul data-spread=\"false\">\n<li>Gastos de ambulancia y urgencias<\/li>\n<li>Hospitalizaci\u00f3n y cirug\u00edas<\/li>\n<li>Fisioterapia y equipamiento m\u00e9dico<\/li>\n<li>Medicamentos recetados<\/li>\n<li>P\u00e9rdida de salarios y reducci\u00f3n de la capacidad para obtener ingresos<\/li>\n<li>Transporte para las citas m\u00e9dicas<\/li>\n<\/ul>\n<h3>Da\u00f1os no econ\u00f3micos<\/h3>\n<ul data-spread=\"false\">\n<li>Dolor y Sufrimiento<\/li>\n<li>Angustia mental<\/li>\n<li>P\u00e9rdida del disfrute de la vida<\/li>\n<li>Desfiguraci\u00f3n o incapacidad permanente<\/li>\n<\/ul>\n<h3>Da\u00f1os punitivos<\/h3>\n<p>Si el conductor culpable estaba intoxicado o conduc\u00eda de forma temeraria, usted tambi\u00e9n puede optar a da\u00f1os punitivos, que est\u00e1n dise\u00f1ados para castigar y disuadir esa conducta.<\/p>\n<p>Calculamos sus da\u00f1os totales utilizando historiales m\u00e9dicos, historial laboral y evaluaciones periciales para asegurarnos de que las compa\u00f1\u00edas de seguros no le defraudan.<\/p>\n<h2>\u00bfC\u00f3mo demostramos la culpabilidad en una colisi\u00f3n frontal?<\/h2>\n<p>Probar la responsabilidad requiere una recopilaci\u00f3n estrat\u00e9gica de pruebas y un profundo conocimiento de las leyes de negligencia de Georgia. Adoptamos un enfoque proactivo y minucioso que incluye: <\/p>\n<ul data-spread=\"false\">\n<li><strong>Informes policiales:<\/strong> Obtenemos y analizamos los informes de colisiones de las fuerzas de seguridad locales.<\/li>\n<li><strong>Entrevistas a testigos:<\/strong> Los testigos presenciales independientes pueden respaldar su versi\u00f3n de los hechos.<\/li>\n<li><strong>Fotos de la escena del accidente y vigilancia:<\/strong> Las c\u00e1maras de salpicadero y las c\u00e1maras de seguridad cercanas pueden revelar detalles clave.<\/li>\n<li><strong>Toxicolog\u00eda y registros telef\u00f3nicos:<\/strong> Pruebe la DUI o el env\u00edo de mensajes de texto mientras conduce.<\/li>\n<li><strong>Reconstrucci\u00f3n pericial de accidentes:<\/strong> Nos asociamos con especialistas para simular c\u00f3mo se produjo el accidente y demostrar la culpa.<\/li>\n<\/ul>\n<p>Nuestro bufete construye casos herm\u00e9ticos dise\u00f1ados para resistir el escrutinio de los peritos de seguros y los abogados de la parte contraria.<\/p>\n<h2 data-start=\"225\" data-end=\"312\">Preguntas frecuentes adicionales &#8211; Abogados de colisi\u00f3n frontal en Norcross, GA<\/h2>\n<h3>\u00bfCu\u00e1nto tiempo tengo para presentar una demanda en Georgia?<\/h3>\n<p>En Georgia, el plazo de prescripci\u00f3n para las demandas por lesiones personales es de dos a\u00f1os a partir de la fecha del accidente. Sin embargo, esperar demasiado puede poner en peligro su caso. Las pruebas pueden degradarse, los recuerdos desvanecerse y los equipos de defensa de las aseguradoras volverse m\u00e1s agresivos. No se demore. Cuanto antes nos llame, mejor podremos proteger sus derechos y construir un caso convincente.    <\/p>\n<h3 data-start=\"314\" data-end=\"735\">\u00bfC\u00f3mo puede ayudarme un abogado de Norcross con mi reclamaci\u00f3n al seguro?<\/h3>\n<p data-start=\"314\" data-end=\"735\">Un abogado de Norcross puede gestionar toda la comunicaci\u00f3n con los peritos de seguros para proteger sus derechos y evitar que acepte una oferta infravalorada. Negociar\u00e1n directamente con las aseguradoras, recopilar\u00e1n pruebas justificativas y se asegurar\u00e1n de que sus facturas m\u00e9dicas, salarios perdidos y dolor y sufrimiento por una colisi\u00f3n frontal queden totalmente documentados y compensados. <\/p>\n<h3 data-start=\"1454\" data-end=\"1790\">\u00bfY si el conductor culpable huy\u00f3 del lugar del accidente?<\/h3>\n<p data-start=\"1454\" data-end=\"1790\">Si resulta herido en un choque frontal con fuga, su cobertura de motorista sin seguro puede pagar sus da\u00f1os. Un abogado de Norcross investigar\u00e1, buscar\u00e1 todas las fuentes de indemnizaci\u00f3n disponibles y colaborar\u00e1 con las autoridades para identificar al conductor fugitivo. <\/p>\n<p data-start=\"1454\" data-end=\"1790\"><img decoding=\"async\" class=\"alignnone wp-image-6139 size-full\" src=\"https:\/\/www.humbertoinjurylaw.com\/wp-content\/uploads\/2025\/08\/head-on-collision-accident.jpg\" alt=\"Accidente por colisi\u00f3n frontal\" width=\"650\" height=\"433\" srcset=\"https:\/\/www.humbertoinjurylaw.com\/wp-content\/uploads\/2025\/08\/head-on-collision-accident.jpg 650w, https:\/\/www.humbertoinjurylaw.com\/wp-content\/uploads\/2025\/08\/head-on-collision-accident-300x200.jpg 300w\" sizes=\"(max-width: 650px) 100vw, 650px\" \/><\/p>\n<h3 data-start=\"1792\" data-end=\"2122\">\u00bfCu\u00e1nto tiempo suele tardar en resolverse un caso de colisi\u00f3n frontal en Norcross?<\/h3>\n<p data-start=\"1792\" data-end=\"2122\">Muchos casos de colisi\u00f3n frontal en Norcross se resuelven en 6-12 meses, pero los casos de lesiones graves o de responsabilidad civil impugnada pueden llevar m\u00e1s tiempo. Su abogado buscar\u00e1 una pronta resoluci\u00f3n a la vez que se asegurar\u00e1 de que su acuerdo refleje plenamente sus da\u00f1os. <\/p>\n<h3 data-start=\"2124\" data-end=\"2425\">\u00bfPuedo presentar una demanda si no fui al hospital inmediatamente?<\/h3>\n<p data-start=\"2124\" data-end=\"2425\">S\u00ed. Aunque un tratamiento r\u00e1pido ayuda, las lesiones como el latigazo cervical o los da\u00f1os internos suelen aparecer m\u00e1s tarde. Un abogado de Norcross puede utilizar la documentaci\u00f3n m\u00e9dica y el testimonio de expertos para relacionar sus lesiones con la colisi\u00f3n frontal.  <\/p>\n<h3 data-start=\"2985\" data-end=\"3309\">\u00bfQu\u00e9 papel desempe\u00f1a la reconstrucci\u00f3n de accidentes en un caso de colisi\u00f3n frontal en Norcross?<\/h3>\n<p data-start=\"2985\" data-end=\"3309\">Los expertos en reconstrucci\u00f3n de accidentes analizan las marcas de los derrapes, los patrones de los da\u00f1os y el trazado de la carretera para recrear el choque. Estas pruebas son vitales cuando hay pocos testigos. Su abogado puede contratar a estos expertos para reforzar su demanda.  <\/p>\n<h2>\u00bfPor qu\u00e9 elegir el bufete de Humberto Izquierdo Jr.?<\/h2>\n<p>Entendemos que despu\u00e9s de un accidente de coche grave, usted necesita algo m\u00e1s que asesoramiento jur\u00eddico: necesita apoyo, compasi\u00f3n y resultados. Esto es lo que nos hace diferentes: <\/p>\n<ul data-spread=\"false\">\n<li><strong>Disponibilidad 24\/7:<\/strong> Los accidentes no siguen un horario comercial, y nosotros tampoco.<\/li>\n<li><strong>Modelo de honorarios contingentes:<\/strong> Usted no paga nada a menos que recuperemos una indemnizaci\u00f3n.<\/li>\n<li><strong>Historial de \u00e9xitos:<\/strong> Hemos conseguido millones para las v\u00edctimas de accidentes en Georgia.<\/li>\n<li><strong>Comunicaci\u00f3n con el cliente en primer lugar:<\/strong> Le mantenemos informado en todo momento.<\/li>\n<\/ul>\n<p>Desde nuestra oficina de Norcross, nuestro experimentado equipo representa con orgullo a clientes en Norcross, Peachtree Corners, Duluth, Lilburn y las comunidades circundantes del condado de Gwinnett.<\/p>\n<p><img decoding=\"async\" class=\"alignnone wp-image-6133 size-full\" src=\"https:\/\/www.humbertoinjurylaw.com\/wp-content\/uploads\/2025\/08\/norcross-lawyer-3.jpg\" alt=\"Norcross Abogado\" width=\"650\" height=\"467\" srcset=\"https:\/\/www.humbertoinjurylaw.com\/wp-content\/uploads\/2025\/08\/norcross-lawyer-3.jpg 650w, https:\/\/www.humbertoinjurylaw.com\/wp-content\/uploads\/2025\/08\/norcross-lawyer-3-300x216.jpg 300w\" sizes=\"(max-width: 650px) 100vw, 650px\" \/><\/p>\n<h2>Llame hoy mismo a un abogado especializado en colisiones frontales<\/h2>\n<p>Si usted o un ser querido ha resultado herido en un choque frontal en Norcross, no espere. Perm\u00edtanos ayudarle a recuperar su tranquilidad y estabilidad financiera. <\/p>\n<p>Llame ahora: <a href=\"tel:+17708888901\"><i class=\"fa fa-phone-alt\"><\/i>(770) 888-8901<\/a> <a href=\"https:\/\/www.humbertoinjurylaw.com\/es\/contacto\/\" target=\"_blank\" rel=\"noopener\">Revisi\u00f3n gratuita de su caso | Sin honorarios por adelantado<\/a><\/p>\n<p>En Las Oficinas Legales de Humberto Izquierdo Jr., PC luchamos por lo que m\u00e1s importa: su recuperaci\u00f3n, sus derechos y su futuro.<\/p>\n","protected":false},"excerpt":{"rendered":"<p>Abogado de accidentes por colisi\u00f3n frontal en Norcross, Georgia Si usted o un ser querido ha sufrido lesiones en una colisi\u00f3n frontal en Norcross, Georgia, entiende lo devastadores y alteradores que pueden ser estos choques. Los accidentes de colisi\u00f3n frontal se encuentran entre los tipos m\u00e1s peligrosos de accidentes automovil\u00edsticos, a menudo resultando en lesiones [&hellip;]<\/p>\n","protected":false},"author":53,"featured_media":0,"parent":10426,"menu_order":0,"comment_status":"closed","ping_status":"closed","template":"","meta":{"_acf_changed":false,"anchor_text":"","footnotes":""},"class_list":["post-10436","page","type-page","status-publish","hentry"],"acf":[],"_links":{"self":[{"href":"https:\/\/www.humbertoinjurylaw.com\/es\/wp-json\/wp\/v2\/pages\/10436","targetHints":{"allow":["GET"]}}],"collection":[{"href":"https:\/\/www.humbertoinjurylaw.com\/es\/wp-json\/wp\/v2\/pages"}],"about":[{"href":"https:\/\/www.humbertoinjurylaw.com\/es\/wp-json\/wp\/v2\/types\/page"}],"author":[{"embeddable":true,"href":"https:\/\/www.humbertoinjurylaw.com\/es\/wp-json\/wp\/v2\/users\/53"}],"replies":[{"embeddable":true,"href":"https:\/\/www.humbertoinjurylaw.com\/es\/wp-json\/wp\/v2\/comments?post=10436"}],"version-history":[{"count":0,"href":"https:\/\/www.humbertoinjurylaw.com\/es\/wp-json\/wp\/v2\/pages\/10436\/revisions"}],"up":[{"embeddable":true,"href":"https:\/\/www.humbertoinjurylaw.com\/es\/wp-json\/wp\/v2\/pages\/10426"}],"wp:attachment":[{"href":"https:\/\/www.humbertoinjurylaw.com\/es\/wp-json\/wp\/v2\/media?parent=10436"}],"curies":[{"name":"wp","href":"https:\/\/api.w.org\/{rel}","templated":true}]}}