{"id":10442,"date":"2025-08-07T11:18:05","date_gmt":"2025-08-07T15:18:05","guid":{"rendered":"https:\/\/www.humbertoinjurylaw.com\/norcross\/abogado-de-accidentes-de-trafico-en-norcross\/abogado-de-accidentes-por-colision-lateral-en-norcross\/"},"modified":"2025-08-07T11:18:05","modified_gmt":"2025-08-07T15:18:05","slug":"abogado-de-accidentes-por-colision-lateral-en-norcross","status":"publish","type":"page","link":"https:\/\/www.humbertoinjurylaw.com\/es\/norcross\/abogado-de-accidentes-de-trafico-en-norcross\/abogado-de-accidentes-por-colision-lateral-en-norcross\/","title":{"rendered":"Abogado de accidentes por colisi\u00f3n lateral en Norcross"},"content":{"rendered":"<h2 data-start=\"251\" data-end=\"301\">Abogado de colisi\u00f3n lateral en Norcross, GA<\/h2>\n<p data-start=\"303\" data-end=\"669\">Si usted o un ser querido ha resultado herido en una colisi\u00f3n de impacto lateral -a menudo denominada accidente T-bone- en Norcross, Georgia, no tiene por qu\u00e9 enfrentarse solo a las secuelas. Estos choques se encuentran entre los tipos m\u00e1s peligrosos de <a href=\"https:\/\/www.humbertoinjurylaw.com\/es\/norcross\/abogado-de-accidentes-de-trafico-en-norcross\/\" target=\"_blank\" rel=\"noopener\">accidentes automovil\u00edsticos<\/a> y pueden resultar en lesiones que alteran la vida, gastos m\u00e9dicos abrumadores y estresantes reclamaciones al seguro. <\/p>\n<p data-start=\"671\" data-end=\"949\">En <a href=\"\/\" target=\"_blank\" rel=\"noopener\">Las Oficinas Legales de Humberto Izquierdo Jr., PC<\/a>, entendemos el costo emocional y financiero de las colisiones laterales. Es por eso que estamos comprometidos a ayudar a nuestros vecinos de Norcross a trav\u00e9s del proceso de recuperaci\u00f3n con una atenci\u00f3n personalizada, estrategias legales claras, y apoyo 24\/7. <\/p>\n<p data-start=\"951\" data-end=\"1170\">Gestionamos cada detalle para que usted pueda centrarse en curarse. Desde la recopilaci\u00f3n de pruebas hasta la negociaci\u00f3n con las compa\u00f1\u00edas de seguros, nuestro equipo de abogados de Norcross lucha por conseguir la m\u00e1xima indemnizaci\u00f3n por sus lesiones y p\u00e9rdidas. <\/p>\n<p data-start=\"951\" data-end=\"1170\"><img fetchpriority=\"high\" decoding=\"async\" class=\"alignnone wp-image-6234 size-full\" src=\"https:\/\/www.humbertoinjurylaw.com\/wp-content\/uploads\/2025\/08\/side-impact-collision.jpg\" alt=\"Colisi\u00f3n lateral\" width=\"650\" height=\"410\" srcset=\"https:\/\/www.humbertoinjurylaw.com\/wp-content\/uploads\/2025\/08\/side-impact-collision.jpg 650w, https:\/\/www.humbertoinjurylaw.com\/wp-content\/uploads\/2025\/08\/side-impact-collision-300x189.jpg 300w\" sizes=\"(max-width: 650px) 100vw, 650px\" \/><\/p>\n<h2 data-start=\"251\" data-end=\"328\">\u00bfQu\u00e9 es una colisi\u00f3n lateral y por qu\u00e9 son tan peligrosos estos accidentes?<\/h2>\n<p data-start=\"330\" data-end=\"574\">Una colisi\u00f3n lateral se produce cuando la parte delantera de un veh\u00edculo choca contra el lateral de otro, a menudo formando una \u00abT\u00bb. Estos accidentes suelen ocurrir en intersecciones, sem\u00e1foros o cuando un conductor se salta una se\u00f1al de stop o no cede el paso. <\/p>\n<p data-start=\"576\" data-end=\"919\">En Norcross, los cruces con mucho tr\u00e1fico como el de Peachtree Industrial Boulevard en Jimmy Carter Boulevard o el de Buford Highway cerca de Holcomb Bridge Road son puntos calientes frecuentes de accidentes por choque en T. Dado que los laterales de los veh\u00edculos carecen de la protecci\u00f3n estructural de la parte delantera o trasera, los ocupantes suelen sufrir lesiones graves o catastr\u00f3ficas. <\/p>\n<h2>Causas comunes de colisiones laterales en Norcross<\/h2>\n<p>Comprender qu\u00e9 caus\u00f3 su colisi\u00f3n lateral es clave para probar la negligencia y ganar su caso. Muchos choques laterales son consecuencia de la imprudencia del conductor, de una conducci\u00f3n agresiva o de una toma de decisiones alterada. <\/p>\n<h3>Causas principales de los accidentes en T:<\/h3>\n<ul data-spread=\"false\">\n<li>Saltarse sem\u00e1foros en rojo o se\u00f1ales de stop<\/li>\n<li>No ceder el paso al girar a la izquierda en las intersecciones<\/li>\n<li>Conducci\u00f3n distra\u00edda (mensajes de texto, uso del GPS, comer)<\/li>\n<li>Conducir bajo los efectos del alcohol o las drogas<\/li>\n<li>Exceso de velocidad o cambios de carril imprudentes<\/li>\n<li>Mala visibilidad o mal estado de la carretera<\/li>\n<\/ul>\n<p>Investigamos regularmente estos incidentes y trabajamos con expertos en reconstrucci\u00f3n de accidentes para construir una base s\u00f3lida de pruebas contra la parte negligente.<\/p>\n<h2 data-start=\"251\" data-end=\"312\">Qu\u00e9 hacer despu\u00e9s de un choque lateral en Norcross, Georgia<\/h2>\n<p data-start=\"314\" data-end=\"479\">Si se ve involucrado en una colisi\u00f3n lateral en <a href=\"https:\/\/www.humbertoinjurylaw.com\/es\/norcross\/\" target=\"_blank\" rel=\"noopener\">Norcross<\/a>, sus acciones inmediatamente despu\u00e9s del choque pueden afectar significativamente a su capacidad para recuperar los da\u00f1os.<\/p>\n<p data-start=\"314\" data-end=\"479\"><img decoding=\"async\" class=\"alignnone wp-image-6238 size-full\" src=\"https:\/\/www.humbertoinjurylaw.com\/wp-content\/uploads\/2025\/08\/norcross-lawyer-8.jpg\" alt=\"Abogado de Norcross\" width=\"650\" height=\"363\" srcset=\"https:\/\/www.humbertoinjurylaw.com\/wp-content\/uploads\/2025\/08\/norcross-lawyer-8.jpg 650w, https:\/\/www.humbertoinjurylaw.com\/wp-content\/uploads\/2025\/08\/norcross-lawyer-8-300x168.jpg 300w\" sizes=\"(max-width: 650px) 100vw, 650px\" \/><\/p>\n<h3 data-start=\"481\" data-end=\"501\">Pasos a seguir:<\/h3>\n<ul data-start=\"502\" data-end=\"1166\">\n<li data-start=\"502\" data-end=\"593\">\n<p data-start=\"504\" data-end=\"593\"><strong data-start=\"504\" data-end=\"516\">Llame al 911<\/strong> &#8211; Informe del accidente de tr\u00e1fico en Norcross y solicite los servicios de emergencia.<\/p>\n<\/li>\n<li data-start=\"594\" data-end=\"717\">\n<p data-start=\"596\" data-end=\"717\"><strong data-start=\"596\" data-end=\"629\">Busque ayuda m\u00e9dica inmediatamente<\/strong> &#8211; Aunque se sienta bien, las lesiones como los traumatismos internos o las conmociones cerebrales pueden demorarse.<\/p>\n<\/li>\n<li data-start=\"718\" data-end=\"829\">\n<p data-start=\"720\" data-end=\"829\"><strong data-start=\"720\" data-end=\"742\">Documente la escena<\/strong> &#8211; Tome fotos de ambos veh\u00edculos, de las marcas de derrape, de las se\u00f1ales de tr\u00e1fico y de cualquier herida visible.<\/p>\n<\/li>\n<li data-start=\"830\" data-end=\"960\">\n<p data-start=\"832\" data-end=\"960\"><strong data-start=\"832\" data-end=\"860\">Obtenga informaci\u00f3n de contacto de testigos<\/strong> &#8211; Las declaraciones de testigos independientes pueden ayudar a establecer la culpabilidad en su caso de colisi\u00f3n lateral.<\/p>\n<\/li>\n<li data-start=\"961\" data-end=\"1053\">\n<p data-start=\"963\" data-end=\"1053\"><strong data-start=\"963\" data-end=\"990\">Solicite un informe policial<\/strong> &#8211; Esta documentaci\u00f3n oficial es vital para su reclamaci\u00f3n legal.<\/p>\n<\/li>\n<li data-start=\"1054\" data-end=\"1166\">\n<p data-start=\"1056\" data-end=\"1166\"><strong data-start=\"1056\" data-end=\"1107\">P\u00f3ngase en contacto con un abogado especializado en colisiones laterales de Norcross<\/strong> &#8211; Cuanto antes obtenga ayuda legal, m\u00e1s fuerte ser\u00e1 su caso.<\/p>\n<\/li>\n<\/ul>\n<p data-start=\"1168\" data-end=\"1290\">En las Oficinas Legales de Humberto Izquierdo Jr., ofrecemos consultas gratuitas y estamos disponibles 24\/7 para responder a sus preguntas.<\/p>\n<h2>Lesiones comunes por accidentes de impacto lateral<\/h2>\n<p>Debido al golpe directo contra el lateral de un veh\u00edculo, las lesiones en las colisiones por impacto lateral suelen ser graves, de larga duraci\u00f3n e incluso potencialmente mortales.<\/p>\n<h3>Lesiones t\u00edpicas a las que se enfrentan nuestros clientes:<\/h3>\n<ul data-spread=\"false\">\n<li>Lesi\u00f3n cerebral traum\u00e1tica (LCT)<\/li>\n<li>Lesiones medulares y par\u00e1lisis<\/li>\n<li>Fracturas y huesos rotos<\/li>\n<li>Traumatismo tor\u00e1cico y hemorragia interna<\/li>\n<li>Lesiones de tejidos blandos y latigazo cervical<\/li>\n<li>TEPT y trastornos de ansiedad<\/li>\n<\/ul>\n<p>Estas lesiones suelen requerir cirug\u00eda, rehabilitaci\u00f3n, fisioterapia o cuidados a largo plazo. Nuestro equipo jur\u00eddico trabaja en estrecha colaboraci\u00f3n con sus m\u00e9dicos para documentar todas las repercusiones que el accidente ha tenido en su vida, de modo que podamos exigir una indemnizaci\u00f3n completa y justa. <\/p>\n<h2>C\u00f3mo probamos la culpabilidad en un choque por impacto lateral<\/h2>\n<p>La culpa en los accidentes en T suele recaer en un conductor que ignor\u00f3 una norma de tr\u00e1fico o tom\u00f3 una decisi\u00f3n imprudente. Pero demostrar la responsabilidad no siempre es f\u00e1cil, sobre todo cuando ambos conductores afirman que ten\u00edan preferencia de paso. <\/p>\n<p>Cavamos hondo para descubrir la verdad.<\/p>\n<h3>Utilizamos pruebas como:<\/h3>\n<ul data-spread=\"false\">\n<li>Fotos del lugar del accidente<\/li>\n<li>Informes policiales de accidentes<\/li>\n<li>Las grabaciones de las c\u00e1maras de tr\u00e1fico (especialmente en las intersecciones principales)<\/li>\n<li>An\u00e1lisis de los da\u00f1os del veh\u00edculo<\/li>\n<li>Testimonio de testigos<\/li>\n<li>Informes periciales de reconstrucci\u00f3n de accidentes<\/li>\n<\/ul>\n<p>En algunos casos, varias partes pueden compartir la responsabilidad. Por ejemplo, si un cami\u00f3n comercial caus\u00f3 el accidente debido a unos frenos defectuosos, la empresa responsable del mantenimiento del veh\u00edculo tambi\u00e9n puede ser responsable. <\/p>\n<h2>Tipos de indemnizaci\u00f3n que puede recuperar<\/h2>\n<p>Cuando usted resulta herido en un accidente por impacto lateral, las consecuencias financieras y emocionales pueden ser inmensas. La ley de Georgia le permite solicitar da\u00f1os por una variedad de p\u00e9rdidas. <\/p>\n<h3>Los da\u00f1os recuperables incluyen:<\/h3>\n<ul data-spread=\"false\">\n<li><strong>Facturas m\u00e9dicas<\/strong> &#8211; visitas a urgencias, cirug\u00edas, fisioterapia, cuidados a largo plazo<\/li>\n<li><strong>Salarios perdidos<\/strong> &#8211; Tiempo fuera del trabajo, reducci\u00f3n de la capacidad de ingresos<\/li>\n<li><strong>Da\u00f1os materiales<\/strong> &#8211; Reparaci\u00f3n o sustituci\u00f3n de su veh\u00edculo<\/li>\n<li><strong>Dolor y sufrimiento<\/strong> &#8211; Malestar f\u00edsico y trauma emocional<\/li>\n<li><strong>P\u00e9rdida de consorcio<\/strong> &#8211; Si sus lesiones afectan a sus relaciones<\/li>\n<li><strong>Da\u00f1os punitivos<\/strong> &#8211; En casos de conducci\u00f3n temeraria o bajo los efectos del alcohol<\/li>\n<\/ul>\n<p>Nuestros abogados de Norcross construyen casos s\u00f3lidos, respaldados por pruebas, para que las aseguradoras y los jurados comprendan claramente el verdadero coste de su lesi\u00f3n.<\/p>\n<h2 data-start=\"251\" data-end=\"325\">Preguntas frecuentes sobre accidentes de impacto lateral en Norcross, GA<\/h2>\n<p data-start=\"676\" data-end=\"755\"><strong data-start=\"676\" data-end=\"753\">\u00bfQui\u00e9n suele tener la culpa en una colisi\u00f3n en T en un cruce de Norcross?<\/strong><\/p>\n<p data-start=\"757\" data-end=\"1027\">En la mayor\u00eda de los choques en T, el conductor culpable no cedi\u00f3 el paso o se salt\u00f3 un sem\u00e1foro en rojo. Sin embargo, la responsabilidad puede ser compartida. Un abogado de Norcross puede ayudar a investigar, utilizando los informes del accidente, las grabaciones de tr\u00e1fico y las declaraciones de testigos presenciales para determinar la culpa y conseguir una indemnizaci\u00f3n completa.  <\/p>\n<p data-start=\"1029\" data-end=\"1119\"><strong data-start=\"1029\" data-end=\"1117\">\u00bfPuedo seguir recibiendo una indemnizaci\u00f3n si tuve parte de culpa en un accidente con impacto lateral?<\/strong><\/p>\n<p data-start=\"1121\" data-end=\"1366\">S\u00ed. Conforme a la ley de negligencia comparativa modificada de Georgia, a\u00fan puede recuperar los da\u00f1os si tuvo menos del 50% de culpa. Su indemnizaci\u00f3n se reducir\u00e1 en funci\u00f3n de su porcentaje de culpa. Perm\u00edtanos evaluar su reclamaci\u00f3n y maximizar su recuperaci\u00f3n.   <\/p>\n<p data-start=\"2064\" data-end=\"2137\"><strong data-start=\"2064\" data-end=\"2135\">\u00bfCubrir\u00e1 el seguro mis da\u00f1os en un accidente por impacto lateral en Norcross?<\/strong><\/p>\n<p data-start=\"2139\" data-end=\"2380\">S\u00ed, pero las aseguradoras suelen ofrecer indemnizaciones a la baja. Le ayudamos a reclamar los gastos m\u00e9dicos, la p\u00e9rdida de ingresos, los da\u00f1os al veh\u00edculo, el dolor y el sufrimiento, y las necesidades futuras de cuidados. Si el conductor culpable no tiene seguro o tiene un seguro insuficiente, podemos ayudarle a presentar una reclamaci\u00f3n UIM.  <\/p>\n<p data-start=\"2382\" data-end=\"2455\"><strong data-start=\"2382\" data-end=\"2453\">\u00bfDe cu\u00e1nto tiempo dispongo para presentar una demanda por lesiones causadas por impacto lateral en Georgia?<\/strong><\/p>\n<p data-start=\"2457\" data-end=\"2698\">Dispone de 2 a\u00f1os a partir de la fecha del accidente para presentar una demanda por lesiones personales. No espere: los retrasos pueden perjudicar su caso. Nuestro equipo de abogados de Norcross ofrece consultas gratuitas y trabaja con rapidez para preservar las pruebas y cumplir todos los plazos legales.  <\/p>\n<p data-start=\"2700\" data-end=\"2806\"><strong data-start=\"2700\" data-end=\"2804\">\u00bfNecesito un abogado para un accidente por colisi\u00f3n lateral si la compa\u00f1\u00eda de seguros ya me ha ofrecido un acuerdo?<\/strong><\/p>\n<p data-start=\"2808\" data-end=\"3083\">S\u00ed. Los primeros acuerdos suelen estar muy por debajo de lo que vale su caso. Un abogado <a href=\"https:\/\/www.norcrossga.net\/\" target=\"_blank\" rel=\"noopener\">de Norcross<\/a> especializado en colisiones laterales puede revisar su oferta, calcular los da\u00f1os totales y negociar agresivamente. Si es necesario, presentaremos una demanda para luchar por lo que se merece.   <\/p>\n<p data-start=\"3085\" data-end=\"3169\"><strong data-start=\"3085\" data-end=\"3167\">\u00bfY si el otro conductor huy\u00f3 del lugar de los hechos tras provocar una colisi\u00f3n lateral?<\/strong><\/p>\n<p data-start=\"3171\" data-end=\"3435\">Llame inmediatamente al 911 y solicite un informe de atropello. Re\u00fana informaci\u00f3n de testigos y grabaciones de c\u00e1maras si es posible. A\u00fan puede recuperar una indemnizaci\u00f3n a trav\u00e9s de la cobertura de motorista no asegurado (UM). Le ayudaremos a localizar al conductor y exploraremos todas las opciones legales disponibles.   <\/p>\n<h2 data-start=\"251\" data-end=\"324\">\u00bfPor qu\u00e9 elegir las Oficinas Legales de Humberto Izquierdo Jr. en Norcross, GA?<\/h2>\n<p data-start=\"326\" data-end=\"568\">Nos hemos ganado nuestra reputaci\u00f3n en el condado de Gwinnett y en todo el norte de Georgia tratando a cada cliente como familia. Cuando usted trabaja con nosotros, usted no es un expediente m\u00e1s, usted es un vecino que merece respeto, compasi\u00f3n y resultados s\u00f3lidos. <\/p>\n<h3 data-start=\"570\" data-end=\"624\">Lo que diferencia a nuestros abogados de accidentes de tr\u00e1fico de Norcross:<\/h3>\n<ul data-start=\"625\" data-end=\"862\">\n<li data-start=\"625\" data-end=\"666\">\n<p data-start=\"627\" data-end=\"666\">Disponibilidad 24 horas al d\u00eda, 7 d\u00edas a la semana, para ayuda jur\u00eddica urgente<\/p>\n<\/li>\n<li data-start=\"667\" data-end=\"700\">\n<p data-start=\"669\" data-end=\"700\">Sin honorarios a menos que ganemos su caso<\/p>\n<\/li>\n<li data-start=\"701\" data-end=\"782\">\n<p data-start=\"703\" data-end=\"782\">Profundo conocimiento local de los tribunales, aseguradoras y patrones de tr\u00e1fico de Norcross<\/p>\n<\/li>\n<li data-start=\"783\" data-end=\"822\">\n<p data-start=\"785\" data-end=\"822\">Equipo jur\u00eddico hispanohablante disponible<\/p>\n<\/li>\n<li data-start=\"823\" data-end=\"862\">\n<p data-start=\"825\" data-end=\"862\">D\u00e9cadas de experiencia en lesiones personales<\/p>\n<\/li>\n<\/ul>\n<p data-start=\"864\" data-end=\"979\">Prestamos servicio en toda la zona de Norcross, incluyendo Peachtree Corners, Duluth, Lilburn y las comunidades circundantes.<\/p>\n<h2 data-start=\"237\" data-end=\"297\">Contacte hoy con un abogado especializado en colisiones laterales en Norcross<\/h2>\n<p data-start=\"299\" data-end=\"561\">Si usted o un ser querido ha resultado herido en una colisi\u00f3n lateral en Norcross, no espere. Usted puede tener un tiempo limitado para presentar una demanda bajo el estatuto de limitaciones de Georgia. Las Oficinas Legales de Humberto Izquierdo Jr. est\u00e1 listo para ayudarle en cada paso del camino.  <\/p>\n<p data-start=\"299\" data-end=\"561\"><a href=\"https:\/\/www.humbertoinjurylaw.com\/wp-content\/uploads\/2025\/08\/norcross-attorney-7.jpg\"><img decoding=\"async\" class=\"alignnone wp-image-6236\" src=\"https:\/\/www.humbertoinjurylaw.com\/wp-content\/uploads\/2025\/08\/norcross-attorney-7.jpg\" alt=\"Norcross Abogado\" width=\"650\" height=\"433\" srcset=\"https:\/\/www.humbertoinjurylaw.com\/wp-content\/uploads\/2025\/08\/norcross-attorney-7.jpg 650w, https:\/\/www.humbertoinjurylaw.com\/wp-content\/uploads\/2025\/08\/norcross-attorney-7-300x200.jpg 300w\" sizes=\"(max-width: 650px) 100vw, 650px\" \/><\/a><\/p>\n<p data-start=\"563\" data-end=\"643\">Ll\u00e1menos ahora a <a href=\"tel:+17708888901\"><i class=\"fa fa-phone-alt\"><\/i>(770) 888-8901<\/a> para su consulta gratuita-o <a href=\"https:\/\/www.humbertoinjurylaw.com\/es\/contacto\/\" target=\"_blank\" rel=\"noopener\">p\u00f3ngase en contacto con nosotros en l\u00ednea en cualquier momento<\/a>.<\/p>\n<p data-start=\"645\" data-end=\"759\">Lucharemos por su salud. Lucharemos por su futuro. Y no pararemos hasta que obtenga la justicia que se merece.  <\/p>\n","protected":false},"excerpt":{"rendered":"<p>Abogado de colisi\u00f3n lateral en Norcross, GA Si usted o un ser querido ha resultado herido en una colisi\u00f3n de impacto lateral -a menudo denominada accidente T-bone- en Norcross, Georgia, no tiene por qu\u00e9 enfrentarse solo a las secuelas. Estos choques se encuentran entre los tipos m\u00e1s peligrosos de accidentes automovil\u00edsticos y pueden resultar en [&hellip;]<\/p>\n","protected":false},"author":53,"featured_media":0,"parent":10426,"menu_order":0,"comment_status":"closed","ping_status":"closed","template":"","meta":{"_acf_changed":false,"anchor_text":"","footnotes":""},"class_list":["post-10442","page","type-page","status-publish","hentry"],"acf":[],"_links":{"self":[{"href":"https:\/\/www.humbertoinjurylaw.com\/es\/wp-json\/wp\/v2\/pages\/10442","targetHints":{"allow":["GET"]}}],"collection":[{"href":"https:\/\/www.humbertoinjurylaw.com\/es\/wp-json\/wp\/v2\/pages"}],"about":[{"href":"https:\/\/www.humbertoinjurylaw.com\/es\/wp-json\/wp\/v2\/types\/page"}],"author":[{"embeddable":true,"href":"https:\/\/www.humbertoinjurylaw.com\/es\/wp-json\/wp\/v2\/users\/53"}],"replies":[{"embeddable":true,"href":"https:\/\/www.humbertoinjurylaw.com\/es\/wp-json\/wp\/v2\/comments?post=10442"}],"version-history":[{"count":0,"href":"https:\/\/www.humbertoinjurylaw.com\/es\/wp-json\/wp\/v2\/pages\/10442\/revisions"}],"up":[{"embeddable":true,"href":"https:\/\/www.humbertoinjurylaw.com\/es\/wp-json\/wp\/v2\/pages\/10426"}],"wp:attachment":[{"href":"https:\/\/www.humbertoinjurylaw.com\/es\/wp-json\/wp\/v2\/media?parent=10442"}],"curies":[{"name":"wp","href":"https:\/\/api.w.org\/{rel}","templated":true}]}}