{"id":10449,"date":"2025-08-07T09:25:21","date_gmt":"2025-08-07T13:25:21","guid":{"rendered":"https:\/\/www.humbertoinjurylaw.com\/norcross\/abogado-de-accidentes-de-trafico-en-norcross\/abogado-de-accidentes-por-enviar-mensajes-de-texto-al-conducir-en-norcross\/"},"modified":"2025-08-07T09:25:21","modified_gmt":"2025-08-07T13:25:21","slug":"abogado-de-accidentes-por-enviar-mensajes-de-texto-al-conducir-en-norcross","status":"publish","type":"page","link":"https:\/\/www.humbertoinjurylaw.com\/es\/norcross\/abogado-de-accidentes-de-trafico-en-norcross\/abogado-de-accidentes-por-enviar-mensajes-de-texto-al-conducir-en-norcross\/","title":{"rendered":"Abogado de accidentes por enviar mensajes de texto al conducir en Norcross"},"content":{"rendered":"<h2 data-start=\"264\" data-end=\"402\">Por qu\u00e9 enviar mensajes de texto mientras se conduce es especialmente peligroso en las carreteras de Norcross<\/h2>\n<p data-start=\"404\" data-end=\"759\">En Norcross, Georgia -donde confluyen intersecciones muy transitadas, carreteras locales y el tr\u00e1fico de la I-85- enviar mensajes de texto mientras se conduce es una preocupaci\u00f3n cada vez mayor. Esta forma de conducci\u00f3n distra\u00edda es especialmente peligrosa porque implica distracciones visuales, manuales y cognitivas. Cuando un conductor env\u00eda mensajes de texto al volante, sus ojos, sus manos y su mente se desv\u00edan de la carretera.  <\/p>\n<p data-start=\"761\" data-end=\"1159\">Como su equipo dedicado de <a href=\"https:\/\/www.humbertoinjurylaw.com\/es\/norcross\/abogado-de-accidentes-de-trafico-en-norcross\/\">abogados de accidentes automovil\u00edsticos en Norcross<\/a>, Las Oficinas Legales de Humberto Izquierdo Jr., PC entiende c\u00f3mo un momento de falta de atenci\u00f3n puede resultar en consecuencias que alteran la vida. Ya sea que el accidente de tr\u00e1fico Norcross ocurri\u00f3 en Peachtree Industrial Boulevard, cerca del centro comercial Gwinnett Place, o en una zona escolar ocupada, estamos aqu\u00ed para representar sus derechos y ayudarle a recuperar la compensaci\u00f3n que se merece. <\/p>\n<h3>\u00bfQu\u00e9 hace que enviar mensajes de texto mientras se conduce sea peor que otras distracciones?<\/h3>\n<p>Enviar mensajes de texto no s\u00f3lo es inseguro: es letal. Seg\u00fan la Administraci\u00f3n Nacional de Seguridad del Tr\u00e1fico en Carretera (NHTSA), al enviar o leer un mensaje de texto se apartan los ojos de la carretera durante 5 segundos. A 55 mph, eso es como conducir la longitud de un campo de f\u00fatbol con los ojos vendados.  <\/p>\n<p>A diferencia de sintonizar la radio o comer en el coche, los mensajes de texto se combinan:<\/p>\n<ul data-spread=\"false\">\n<li><strong>Distracci\u00f3n visual<\/strong>: Apartar la vista de la carretera.<\/li>\n<li><strong>Distracci\u00f3n manual<\/strong>: Manos fuera del volante.<\/li>\n<li><strong>Distracci\u00f3n cognitiva<\/strong>: La mente fuera de la conducci\u00f3n.<\/li>\n<\/ul>\n<p>En los barrios de Norcross con mucho tr\u00e1fico o en las zonas escolares, estas distracciones pueden provocar lesiones catastr\u00f3ficas o v\u00edctimas mortales. Nuestro equipo investiga los peque\u00f1os detalles de su accidente y trabaja para responsabilizar a los conductores negligentes. <\/p>\n<p><img fetchpriority=\"high\" decoding=\"async\" class=\"alignnone wp-image-6204 size-full\" src=\"https:\/\/www.humbertoinjurylaw.com\/wp-content\/uploads\/2025\/08\/texting-while-driving.jpg\" alt=\"Enviar mensajes de texto mientras conduce\" width=\"650\" height=\"433\" srcset=\"https:\/\/www.humbertoinjurylaw.com\/wp-content\/uploads\/2025\/08\/texting-while-driving.jpg 650w, https:\/\/www.humbertoinjurylaw.com\/wp-content\/uploads\/2025\/08\/texting-while-driving-300x200.jpg 300w\" sizes=\"(max-width: 650px) 100vw, 650px\" \/><\/p>\n<h2 data-start=\"264\" data-end=\"333\">La Ley de Manos Libres de Georgia y su papel en las demandas por choques con mensajes de texto<\/h2>\n<p data-start=\"335\" data-end=\"591\">Desde la implementaci\u00f3n de la Ley de Manos Libres de Georgia en 2018, los conductores tienen prohibido sostener sus tel\u00e9fonos o enviar mensajes de texto mientras conducen un veh\u00edculo. En Norcross, donde las fuerzas del orden del condado de Gwinnett han intensificado las patrullas, esta ley se aplica activamente. <\/p>\n<h2>Lesiones graves causadas por accidentes en los que se env\u00eda mensajes de texto mientras se conduce<\/h2>\n<p>Los accidentes por mensajes de texto suelen provocar lesiones que cambian la vida. Algunas de las m\u00e1s comunes incluyen: <\/p>\n<ul data-spread=\"false\">\n<li>Lesiones cerebrales traum\u00e1ticas (TBI)<\/li>\n<li>Da\u00f1os en la m\u00e9dula espinal y par\u00e1lisis<\/li>\n<li>Huesos rotos y da\u00f1os en los \u00f3rganos internos<\/li>\n<li>Latigazo cervical grave y lesiones de espalda<\/li>\n<li>Trauma emocional y TEPT<\/li>\n<\/ul>\n<p>Nuestro equipo de lesiones personales trabaja en estrecha colaboraci\u00f3n con neur\u00f3logos, especialistas ortop\u00e9dicos y terapeutas para cuantificar el impacto a largo plazo de sus lesiones y recuperar la m\u00e1xima indemnizaci\u00f3n.<\/p>\n<h2 data-start=\"264\" data-end=\"341\">Enfoque Local: Accidentes por mensajes de texto en zonas escolares e intersecciones de Norcross<\/h2>\n<p data-start=\"343\" data-end=\"672\">Enviar mensajes de texto mientras se conduce no s\u00f3lo ocurre en las autopistas. Las carreteras locales de Norcross -como Peachtree Industrial Boulevard, Buford Highway y los alrededores de Norcross High School- son puntos calientes frecuentes de incidentes de conducci\u00f3n distra\u00edda. Con el aumento de residentes y la mayor congesti\u00f3n del tr\u00e1fico, estas zonas se est\u00e1n volviendo a\u00fan m\u00e1s peligrosas.  <\/p>\n<p data-start=\"674\" data-end=\"1004\">Si usted o su hijo han resultado heridos en una zona escolar o cerca de una intersecci\u00f3n local debido a un conductor que enviaba mensajes de texto mientras conduc\u00eda, nuestro equipo de abogados de Norcross buscar\u00e1 agresivamente justicia para su familia. Nuestro profundo conocimiento de los patrones de tr\u00e1fico locales, las estad\u00edsticas de accidentes y los riesgos espec\u00edficos de Norcross refuerzan su reclamaci\u00f3n. <\/p>\n<h2>El papel de los registros de tel\u00e9fonos m\u00f3viles y de los peritos en su caso<\/h2>\n<p>Demostrar que un conductor estaba enviando mensajes de texto en el momento de un accidente no siempre es sencillo. Por eso nosotros: <\/p>\n<ul data-spread=\"false\">\n<li>Cite los registros de tel\u00e9fonos m\u00f3viles para establecer los plazos de env\u00edo de mensajes de texto.<\/li>\n<li>Recurra a expertos en reconstrucci\u00f3n de accidentes que analicen las marcas de derrape, los \u00e1ngulos de impacto y el flujo del tr\u00e1fico.<\/li>\n<li>Utilice los datos de geolocalizaci\u00f3n para rastrear el uso y los movimientos del tel\u00e9fono.<\/li>\n<li>Traiga a expertos m\u00e9dicos para validar las reclamaciones por lesiones.<\/li>\n<\/ul>\n<p>Estas pruebas nos permiten pintar un cuadro completo de la negligencia del conductor y su impacto en su vida.<\/p>\n<h2>Indemnizaciones que puede recuperar tras un accidente por enviar mensajes de texto mientras conduce<\/h2>\n<p>Cada accidente por enviar mensajes de texto mientras conduce es diferente, pero aqu\u00ed est\u00e1n los da\u00f1os comunes que perseguimos para los clientes en Norcross:<\/p>\n<ul data-spread=\"false\">\n<li>Facturas m\u00e9dicas y gastos de cuidados futuros<\/li>\n<li>P\u00e9rdida de ingresos y disminuci\u00f3n del potencial de ingresos<\/li>\n<li>Dolor y Sufrimiento<\/li>\n<li>Angustia emocional y p\u00e9rdida de disfrute<\/li>\n<li>Da\u00f1os materiales<\/li>\n<li>Da\u00f1os punitivos en casos de negligencia extrema<\/li>\n<\/ul>\n<p>Manejamos cada caso personalmente y perseguimos cada d\u00f3lar al que usted tiene derecho bajo la ley de Georgia.<\/p>\n<h2 data-start=\"282\" data-end=\"331\">\u00bfQu\u00e9 hace diferente a nuestro equipo legal de Norcross?<\/h2>\n<p data-start=\"333\" data-end=\"611\">En Las Oficinas Legales de Humberto Izquierdo Jr., no s\u00f3lo somos abogados de Norcross-somos sus vecinos en el condado de Gwinnett. Entendemos los sistemas judiciales locales, los procedimientos de aplicaci\u00f3n de la ley, y c\u00f3mo los mensajes de texto mientras se conduce accidentes se desarrollan en Norcross casos de accidentes de tr\u00e1fico. <\/p>\n<p data-start=\"613\" data-end=\"1038\"><strong data-start=\"613\" data-end=\"633\">Ventaja local:<\/strong> El profundo conocimiento de los tribunales y jueces de Norcross nos permite llevar su caso con eficacia.<br data-start=\"727\" data-end=\"730\"><strong data-start=\"730\" data-end=\"760\">Investigaciones Tech-Savvy:<\/strong> Utilizamos las \u00faltimas herramientas para analizar los datos digitales y los patrones de tr\u00e1fico, especialmente en los accidentes de Norcross por enviar mensajes de texto mientras se conduce.<br data-start=\"894\" data-end=\"897\"><strong data-start=\"897\" data-end=\"928\">Comunicaci\u00f3n con el cliente en primer lugar:<\/strong> Nunca se preguntar\u00e1 por el estado de su caso. Le mantenemos informado e implicado durante todo el proceso.<\/p>\n<p data-start=\"1040\" data-end=\"1100\">Nos tomamos cada caso como algo personal porque nuestra comunidad importa.<\/p>\n<h2 data-start=\"282\" data-end=\"371\">Preguntas frecuentes sobre los accidentes por enviar mensajes de texto mientras conduce en Norcross, Georgia<\/h2>\n<p data-start=\"373\" data-end=\"454\"><strong data-start=\"373\" data-end=\"452\">\u00bfQu\u00e9 debo hacer si me atropella alguien que env\u00eda mensajes de texto mientras conduce en Norcross?<\/strong><\/p>\n<p data-start=\"456\" data-end=\"832\">Si usted fue atropellado por un conductor que enviaba mensajes de texto en Norcross, el primer paso es buscar atenci\u00f3n m\u00e9dica y ponerse en contacto con la polic\u00eda para presentar un informe oficial de accidente. Despu\u00e9s, p\u00f3ngase en contacto con un abogado de Norcross con experiencia en casos de mensajes de texto al volante. Su abogado de Norcross puede investigar el accidente, solicitar los registros telef\u00f3nicos del conductor y presentar una demanda de indemnizaci\u00f3n en su nombre.  <\/p>\n<p data-start=\"456\" data-end=\"832\"><img decoding=\"async\" class=\"alignnone wp-image-6206 size-full\" src=\"https:\/\/www.humbertoinjurylaw.com\/wp-content\/uploads\/2025\/08\/norcross-driving-accident.jpg\" alt=\"Accidente de tr\u00e1fico en Norcross\" width=\"650\" height=\"433\" srcset=\"https:\/\/www.humbertoinjurylaw.com\/wp-content\/uploads\/2025\/08\/norcross-driving-accident.jpg 650w, https:\/\/www.humbertoinjurylaw.com\/wp-content\/uploads\/2025\/08\/norcross-driving-accident-300x200.jpg 300w\" sizes=\"(max-width: 650px) 100vw, 650px\" \/><\/p>\n<p data-start=\"1618\" data-end=\"1695\"><strong data-start=\"1618\" data-end=\"1693\">\u00bfPuedo demandar a alguien por enviar mensajes de texto mientras conduce si ha provocado mi accidente?<\/strong><\/p>\n<p data-start=\"1697\" data-end=\"1988\">S\u00ed, si un conductor distra\u00eddo estaba enviando mensajes de texto y caus\u00f3 su accidente, usted puede demandar por da\u00f1os y perjuicios. Esto incluye gastos m\u00e9dicos, salarios perdidos, dolor y sufrimiento, y angustia emocional. En algunos casos, si el comportamiento del conductor fue imprudente, su abogado de Norcross tambi\u00e9n puede reclamar da\u00f1os punitivos.  <\/p>\n<p data-start=\"2774\" data-end=\"2865\"><strong data-start=\"2774\" data-end=\"2863\">\u00bfCu\u00e1nto tiempo tengo para presentar una demanda por un accidente por enviar mensajes de texto mientras se conduce en Georgia?<\/strong><\/p>\n<p data-start=\"2867\" data-end=\"3153\">Dispone de dos a\u00f1os a partir de la fecha del accidente para presentar una demanda por lesiones personales en Georgia. Sin embargo, actuar con rapidez da tiempo a su abogado para conservar pruebas cruciales -como registros de texto y relatos de testigos presenciales- que de otro modo podr\u00edan perderse o resultar inaccesibles debido a los retrasos. <\/p>\n<p data-start=\"3155\" data-end=\"3217\"><strong data-start=\"3155\" data-end=\"3215\">\u00bfA\u00fan puedo recuperar los da\u00f1os si tuve parte de la culpa?<\/strong><\/p>\n<p data-start=\"3219\" data-end=\"3566\">S\u00ed. Georgia utiliza una regla de culpa comparativa modificada. Siempre que usted sea responsable en menos de un 50% del accidente de tr\u00e1fico, a\u00fan puede recuperar los da\u00f1os. Su acuerdo se reducir\u00e1 en funci\u00f3n de su porcentaje de culpa. Un abogado experto de Norcross puede ayudarle a demostrar que la distracci\u00f3n del otro conductor fue la causa principal del accidente.    <\/p>\n<p data-start=\"3568\" data-end=\"3644\"><strong data-start=\"3568\" data-end=\"3642\">\u00bfSe enfrentar\u00e1 el otro conductor a cargos penales por enviar mensajes de texto mientras conduce?<\/strong><\/p>\n<p data-start=\"3646\" data-end=\"3953\">Enviar mensajes de texto mientras conduce puede dar lugar a citaciones, multas e incluso cargos penales, especialmente si la distracci\u00f3n caus\u00f3 lesiones graves o v\u00edctimas mortales. Aunque las sanciones penales se tramitan por separado de los casos civiles, una condena o citaci\u00f3n puede respaldar su demanda por lesiones personales al demostrar negligencia legal. <\/p>\n<h2 data-start=\"276\" data-end=\"332\">Llame hoy a un abogado de Norcross especializado en mensajes de texto mientras conduce<\/h2>\n<p data-start=\"334\" data-end=\"623\">Usted no tiene que enfrentar un accidente de manejo en Norcross solo. Deje que las Oficinas Legales de Humberto Izquierdo Jr. le ayuden a seguir adelante con confianza. Protegeremos sus derechos, lucharemos por su futuro y le ayudaremos a recuperar la compensaci\u00f3n que se merece despu\u00e9s de un accidente por enviar mensajes de texto mientras conduce.  <\/p>\n<p data-start=\"334\" data-end=\"623\"><img decoding=\"async\" class=\"alignnone wp-image-6208 size-full\" src=\"https:\/\/www.humbertoinjurylaw.com\/wp-content\/uploads\/2025\/08\/norcross-attorney-5.jpg\" alt=\"Norcross Abogado\" width=\"650\" height=\"434\" srcset=\"https:\/\/www.humbertoinjurylaw.com\/wp-content\/uploads\/2025\/08\/norcross-attorney-5.jpg 650w, https:\/\/www.humbertoinjurylaw.com\/wp-content\/uploads\/2025\/08\/norcross-attorney-5-300x200.jpg 300w\" sizes=\"(max-width: 650px) 100vw, 650px\" \/><\/p>\n<p data-start=\"625\" data-end=\"696\">Llame 24\/7: <a href=\"tel:+17708888901\"><i class=\"fa fa-phone-alt\"><\/i>(770) 888-8901<\/a><br data-start=\"647\" data-end=\"650\">Consulta gratuita | Sin honorarios a menos que ganemos<\/p>\n<p data-start=\"698\" data-end=\"850\">Su camino hacia la recuperaci\u00f3n comienza hoy. <a href=\"https:\/\/www.humbertoinjurylaw.com\/es\/contacto\/\" target=\"_blank\" rel=\"noopener\">Comun\u00edquese<\/a> y deje que nuestro experimentado equipo de abogados de Norcross se encargue del resto de su caso de mensajes de texto mientras conduce.<\/p>\n","protected":false},"excerpt":{"rendered":"<p>Por qu\u00e9 enviar mensajes de texto mientras se conduce es especialmente peligroso en las carreteras de Norcross En Norcross, Georgia -donde confluyen intersecciones muy transitadas, carreteras locales y el tr\u00e1fico de la I-85- enviar mensajes de texto mientras se conduce es una preocupaci\u00f3n cada vez mayor. Esta forma de conducci\u00f3n distra\u00edda es especialmente peligrosa porque [&hellip;]<\/p>\n","protected":false},"author":53,"featured_media":0,"parent":10426,"menu_order":0,"comment_status":"closed","ping_status":"closed","template":"","meta":{"_acf_changed":false,"anchor_text":"","footnotes":""},"class_list":["post-10449","page","type-page","status-publish","hentry"],"acf":[],"_links":{"self":[{"href":"https:\/\/www.humbertoinjurylaw.com\/es\/wp-json\/wp\/v2\/pages\/10449","targetHints":{"allow":["GET"]}}],"collection":[{"href":"https:\/\/www.humbertoinjurylaw.com\/es\/wp-json\/wp\/v2\/pages"}],"about":[{"href":"https:\/\/www.humbertoinjurylaw.com\/es\/wp-json\/wp\/v2\/types\/page"}],"author":[{"embeddable":true,"href":"https:\/\/www.humbertoinjurylaw.com\/es\/wp-json\/wp\/v2\/users\/53"}],"replies":[{"embeddable":true,"href":"https:\/\/www.humbertoinjurylaw.com\/es\/wp-json\/wp\/v2\/comments?post=10449"}],"version-history":[{"count":0,"href":"https:\/\/www.humbertoinjurylaw.com\/es\/wp-json\/wp\/v2\/pages\/10449\/revisions"}],"up":[{"embeddable":true,"href":"https:\/\/www.humbertoinjurylaw.com\/es\/wp-json\/wp\/v2\/pages\/10426"}],"wp:attachment":[{"href":"https:\/\/www.humbertoinjurylaw.com\/es\/wp-json\/wp\/v2\/media?parent=10449"}],"curies":[{"name":"wp","href":"https:\/\/api.w.org\/{rel}","templated":true}]}}