{"id":10452,"date":"2025-08-07T10:28:07","date_gmt":"2025-08-07T14:28:07","guid":{"rendered":"https:\/\/www.humbertoinjurylaw.com\/norcross\/abogado-de-accidentes-de-trafico-en-norcross\/abogado-de-accidentes-por-cambio-imprudente-de-carril-en-norcross\/"},"modified":"2025-08-07T10:28:07","modified_gmt":"2025-08-07T14:28:07","slug":"abogado-de-accidentes-por-cambio-imprudente-de-carril-en-norcross","status":"publish","type":"page","link":"https:\/\/www.humbertoinjurylaw.com\/es\/norcross\/abogado-de-accidentes-de-trafico-en-norcross\/abogado-de-accidentes-por-cambio-imprudente-de-carril-en-norcross\/","title":{"rendered":"Abogado de accidentes por cambio imprudente de carril en Norcross"},"content":{"rendered":"<p data-start=\"311\" data-end=\"700\">Si usted ha sido lesionado en un accidente de cambio de carril inseguro en Norcross, Georgia, usted no tiene que enfrentar las secuelas solo. En Las Oficinas Legales de Humberto Izquierdo Jr., PC, ayudamos todos los d\u00edas a v\u00edctimas <a href=\"https:\/\/www.humbertoinjurylaw.com\/es\/norcross\/abogado-de-accidentes-de-trafico-en-norcross\/\">de accidentes automovil\u00edsticos<\/a> que han sufrido lesiones graves debido a conductores que no cambian de carril de forma segura en carreteras concurridas de Norcross como Peachtree Industrial Boulevard, Buford Highway o Jimmy Carter Boulevard. <\/p>\n<p data-start=\"702\" data-end=\"1056\">Los cambios de carril imprudentes son una de las principales causas de <a href=\"https:\/\/www.humbertoinjurylaw.com\/es\/norcross\/abogado-de-accidentes-de-trafico-en-norcross\/\" target=\"_blank\" rel=\"noopener\">colisi\u00f3n en el condado de Gwinnett<\/a>. Tanto si un conductor se desv\u00eda bruscamente, como si no se\u00f1aliza o se incorpora en un \u00e1ngulo muerto, las consecuencias pueden ser catastr\u00f3ficas. Como su abogado de Norcross, nos dedicamos a hacer justicia en su nombre y a ayudarle a reclamar la indemnizaci\u00f3n total a la que tiene derecho.  <\/p>\n<h2 data-start=\"248\" data-end=\"304\">\u00bfQu\u00e9 se considera un cambio de carril inseguro en Georgia?<\/h2>\n<p data-start=\"306\" data-end=\"751\">Un cambio de carril inseguro se produce cuando un conductor no realiza una maniobra segura y legal al cambiar de carril. Esto incluye no se\u00f1alizar, no comprobar los \u00e1ngulos muertos o incorporarse en zonas en las que est\u00e1 prohibido cambiar de carril. Las leyes de Georgia exigen que todos los conductores mantengan una distancia de seguridad y utilicen las se\u00f1ales adecuadas antes de cambiar de carril. No respetar estas leyes no s\u00f3lo pone en peligro al conductor, sino que tambi\u00e9n pone en peligro a todos los dem\u00e1s en la carretera.   <\/p>\n<p data-start=\"753\" data-end=\"1238\"><img fetchpriority=\"high\" decoding=\"async\" class=\"alignnone wp-image-6218 size-full\" src=\"https:\/\/www.humbertoinjurylaw.com\/wp-content\/uploads\/2025\/08\/unsafe-lane-change.jpg\" alt=\"Cambio de carril inseguro\" width=\"650\" height=\"433\" srcset=\"https:\/\/www.humbertoinjurylaw.com\/wp-content\/uploads\/2025\/08\/unsafe-lane-change.jpg 650w, https:\/\/www.humbertoinjurylaw.com\/wp-content\/uploads\/2025\/08\/unsafe-lane-change-300x200.jpg 300w\" sizes=\"(max-width: 650px) 100vw, 650px\" \/><\/p>\n<h2 data-start=\"248\" data-end=\"323\">\u00bfCu\u00e1les son las causas comunes de los accidentes por cambio imprudente de carril en Norcross?<\/h2>\n<p data-start=\"325\" data-end=\"579\">Los accidentes por cambio imprudente de carril en Norcross suelen ser consecuencia de la falta de atenci\u00f3n, la impaciencia o el comportamiento temerario de un conductor. Nuestro equipo ha identificado varias causas comunes al tramitar reclamaciones de v\u00edctimas en todo el condado de Gwinnett: <\/p>\n<ul data-start=\"581\" data-end=\"1413\">\n<li data-start=\"581\" data-end=\"773\">\n<p data-start=\"583\" data-end=\"773\"><strong data-start=\"583\" data-end=\"606\">Conducci\u00f3n distra\u00edda:<\/strong> El uso de dispositivos m\u00f3viles es uno de los principales responsables. Enviar un mensaje de texto, ajustar el GPS o navegar por las redes sociales puede llevar a un conductor a desviarse entre carriles sin darse cuenta. <\/p>\n<\/li>\n<li data-start=\"774\" data-end=\"966\">\n<p data-start=\"776\" data-end=\"966\"><strong data-start=\"776\" data-end=\"789\">Exceso de velocidad:<\/strong> A altas velocidades, resulta m\u00e1s dif\u00edcil juzgar las distancias y realizar cambios de carril seguros. Los conductores con exceso de velocidad son m\u00e1s propensos a cortar el paso a otros o a colisionar durante una maniobra brusca. <\/p>\n<\/li>\n<li data-start=\"967\" data-end=\"1151\">\n<p data-start=\"969\" data-end=\"1151\"><strong data-start=\"969\" data-end=\"999\">Conducci\u00f3n bajo los efectos del alcohol o de otras sustancias:<\/strong> El deterioro debido al alcohol, los medicamentos recetados o las sustancias ilegales reduce las habilidades motoras, el juicio y los tiempos de reacci\u00f3n, haciendo que los cambios de carril sean peligrosos.<\/p>\n<\/li>\n<li data-start=\"1152\" data-end=\"1267\">\n<p data-start=\"1154\" data-end=\"1267\"><strong data-start=\"1154\" data-end=\"1173\">Conducci\u00f3n somnolienta:<\/strong> Los conductores fatigados pueden perder la concentraci\u00f3n o incluso cabecear, desvi\u00e1ndose involuntariamente hacia los carriles adyacentes.<\/p>\n<\/li>\n<li data-start=\"1268\" data-end=\"1413\">\n<p data-start=\"1270\" data-end=\"1413\"><strong data-start=\"1270\" data-end=\"1293\">Conducci\u00f3n agresiva:<\/strong> Algunos conductores zigzaguean intencionadamente entre el tr\u00e1fico o se acercan por la cola, lo que aumenta el riesgo de colisiones por cambio de carril inseguro.<\/p>\n<\/li>\n<\/ul>\n<p data-start=\"1415\" data-end=\"1664\">Cada uno de estos comportamientos no s\u00f3lo es peligroso sino tambi\u00e9n ilegal cuando causa un accidente de tr\u00e1fico evitable. Nuestro equipo de abogados de Norcross re\u00fane pruebas para demostrar c\u00f3mo estas acciones arriesgadas provocan lesiones y p\u00e9rdidas a nuestros clientes. <\/p>\n<h2 data-start=\"248\" data-end=\"302\">\u00bfQui\u00e9n tiene la culpa en un accidente por cambio imprudente de carril?<\/h2>\n<p data-start=\"304\" data-end=\"616\">Determinar la culpa en un caso de cambio inseguro de carril en <a href=\"https:\/\/www.humbertoinjurylaw.com\/es\/norcross\/\" target=\"_blank\" rel=\"noopener\">Norcross<\/a> puede ser complejo, especialmente cuando hay varios conductores implicados o el conductor culpable intenta disputar la responsabilidad. Georgia opera bajo una regla de culpa comparativa, lo que significa que las acciones de cada parte ser\u00e1n analizadas para asignar porcentajes de responsabilidad. <\/p>\n<p data-start=\"618\" data-end=\"643\"><strong data-start=\"618\" data-end=\"641\">C\u00f3mo demostramos la culpabilidad:<\/strong><\/p>\n<ul data-start=\"644\" data-end=\"1449\">\n<li data-start=\"644\" data-end=\"788\">\n<p data-start=\"646\" data-end=\"788\"><strong data-start=\"646\" data-end=\"665\">Informes policiales:<\/strong> Estos documentos oficiales proporcionan detalles cruciales sobre qui\u00e9n recibi\u00f3 las citaciones y qu\u00e9 observ\u00f3 el agente investigador.<\/p>\n<\/li>\n<li data-start=\"789\" data-end=\"981\">\n<p data-start=\"791\" data-end=\"981\"><strong data-start=\"791\" data-end=\"815\">Relatos de testigos presenciales:<\/strong> Los testimonios de pasajeros, otros automovilistas o transe\u00fantes pueden confirmar que el otro conductor no se\u00f1aliz\u00f3, consult\u00f3 su tel\u00e9fono o cambi\u00f3 de carril con demasiada agresividad.<\/p>\n<\/li>\n<li data-start=\"982\" data-end=\"1140\">\n<p data-start=\"984\" data-end=\"1140\"><strong data-start=\"984\" data-end=\"1017\">C\u00e1mara de salpicadero o im\u00e1genes de seguridad:<\/strong> Las im\u00e1genes de su propia dash cam o de las c\u00e1maras de tr\u00e1fico de la intersecci\u00f3n pueden captar el cambio de carril inseguro en tiempo real.<\/p>\n<\/li>\n<li data-start=\"1141\" data-end=\"1293\">\n<p data-start=\"1143\" data-end=\"1293\"><strong data-start=\"1143\" data-end=\"1171\">Reconstrucci\u00f3n de accidentes:<\/strong> Trabajamos con ingenieros que analizan las marcas de los neum\u00e1ticos, la din\u00e1mica del choque y la posici\u00f3n del veh\u00edculo para aclarar la secuencia de los hechos.<\/p>\n<\/li>\n<li data-start=\"1294\" data-end=\"1449\">\n<p data-start=\"1296\" data-end=\"1449\"><strong data-start=\"1296\" data-end=\"1317\">Pruebas digitales:<\/strong> Si se sospecha de conducci\u00f3n distra\u00edda, podemos citar los registros del tel\u00e9fono m\u00f3vil para determinar si los mensajes de texto o las llamadas contribuyeron al accidente.<\/p>\n<\/li>\n<\/ul>\n<p data-start=\"1451\" data-end=\"1647\">La culpa en los casos de cambio de carril inseguro a menudo se reduce a la prueba. Como su abogado de Norcross, sabemos exactamente qu\u00e9 pruebas buscar para defender su demanda y demostrar la negligencia de la otra parte. <\/p>\n<h2>\u00bfQu\u00e9 lesiones son habituales en las colisiones por cambio de carril imprudente?<\/h2>\n<p>Los cambios de carril imprudentes pueden provocar accidentes por alcance lateral, colisiones en T o vuelcos a gran velocidad. Las lesiones sufridas var\u00edan mucho en funci\u00f3n de la velocidad de los veh\u00edculos y del \u00e1ngulo de impacto. Las lesiones m\u00e1s comunes incluyen:  <\/p>\n<ul data-spread=\"false\">\n<li><strong>Lesiones cerebrales traum\u00e1ticas (LCT):<\/strong> Se produce cuando un golpe repentino en la cabeza altera el funcionamiento normal del cerebro. Los s\u00edntomas pueden incluir dolores de cabeza, confusi\u00f3n o problemas de memoria. <\/li>\n<li><strong>Lesiones de la m\u00e9dula espinal:<\/strong> Los da\u00f1os en la m\u00e9dula espinal pueden provocar una par\u00e1lisis parcial o total que requiere una rehabilitaci\u00f3n exhaustiva.<\/li>\n<li><strong>Latigazo cervical:<\/strong> Causado por un movimiento r\u00e1pido de vaiv\u00e9n del cuello. Puede provocar rigidez, dolores de cabeza y dolor a largo plazo. <\/li>\n<li><strong>Fracturas y huesos rotos:<\/strong> Los brazos, las piernas, las costillas y las caderas suelen fracturarse en las colisiones que implican un impacto brusco.<\/li>\n<li><strong>Hemorragia interna o da\u00f1o de \u00f3rganos:<\/strong> A menudo dif\u00edciles de detectar inmediatamente, estas lesiones pueden ser mortales sin una intervenci\u00f3n m\u00e9dica a tiempo.<\/li>\n<\/ul>\n<p>Trabajamos en estrecha colaboraci\u00f3n con sus m\u00e9dicos y expertos m\u00e9dicos para documentar plenamente el alcance de sus lesiones y c\u00f3mo afectan a su salud futura y a su potencial de ingresos.<\/p>\n<h2>\u00bfQu\u00e9 indemnizaci\u00f3n puede recuperar tras un accidente por cambio de carril en Norcross?<\/h2>\n<p>Nuestros abogados especializados en <a href=\"https:\/\/www.humbertoinjurylaw.com\/es\/norcross\/abogado-de-accidentes-de-trafico-en-norcross\/\" target=\"_blank\" rel=\"noopener\">accidentes de<\/a> tr\u00e1fico persiguen cubrir cada d\u00f3lar disponible: <\/p>\n<h3>Da\u00f1os econ\u00f3micos<\/h3>\n<ul data-spread=\"false\">\n<li><strong>Atenci\u00f3n m\u00e9dica de urgencia<\/strong>: Gastos de ambulancia, visitas a urgencias, hospitalizaci\u00f3n y cirug\u00eda<\/li>\n<li><strong>Rehabilitaci\u00f3n y terapia<\/strong>: Terapia f\u00edsica y ocupacional para una recuperaci\u00f3n a largo plazo<\/li>\n<li><strong>P\u00e9rdida de ingresos<\/strong>: Salarios perdidos por ausencia del trabajo<\/li>\n<li><strong>P\u00e9rdida de capacidad de ganancia<\/strong>: Si no puede volver a su trabajo anterior<\/li>\n<li><strong>Da\u00f1os materiales<\/strong>: Incluidas las reparaciones del coche, los gastos del coche de alquiler o la sustituci\u00f3n total del veh\u00edculo<\/li>\n<\/ul>\n<h3>Da\u00f1os no econ\u00f3micos<\/h3>\n<ul data-spread=\"false\">\n<li><strong>Dolor y sufrimiento<\/strong>: Indemnizaci\u00f3n por malestar f\u00edsico y trauma emocional<\/li>\n<li><strong>P\u00e9rdida de consorcio<\/strong>: Para las relaciones afectadas por sus lesiones<\/li>\n<li><strong>Reducci\u00f3n del disfrute de la vida<\/strong>: Si no puede retomar sus aficiones o actividades cotidianas<\/li>\n<\/ul>\n<h3>Da\u00f1os punitivos<\/h3>\n<p><img decoding=\"async\" class=\"alignnone wp-image-6214 size-full\" src=\"https:\/\/www.humbertoinjurylaw.com\/wp-content\/uploads\/2025\/08\/norcross-lawyer-7.jpg\" alt=\"Abogado de Norcross\" width=\"650\" height=\"434\" srcset=\"https:\/\/www.humbertoinjurylaw.com\/wp-content\/uploads\/2025\/08\/norcross-lawyer-7.jpg 650w, https:\/\/www.humbertoinjurylaw.com\/wp-content\/uploads\/2025\/08\/norcross-lawyer-7-300x200.jpg 300w\" sizes=\"(max-width: 650px) 100vw, 650px\" \/><\/p>\n<p>En casos de negligencia grave, como la conducci\u00f3n bajo los efectos del alcohol o las carreras callejeras, podemos solicitar da\u00f1os punitivos para penalizar al conductor imprudente y evitar futuras conductas indebidas.<\/p>\n<h2>\u00bfC\u00f3mo tratar con las compa\u00f1\u00edas de seguros tras un accidente por cambio de carril?<\/h2>\n<p>Las compa\u00f1\u00edas de seguros no tienen sus mejores intereses en mente. Pueden ofrecerle liquidaciones r\u00e1pidas que no tienen en cuenta los cuidados m\u00e9dicos futuros o la p\u00e9rdida de ingresos potenciales. Nuestros abogados se aseguran de que su reclamaci\u00f3n se gestione de forma profesional y exhaustiva.  <\/p>\n<p>Nosotros:<\/p>\n<ul data-spread=\"false\">\n<li>Revise los t\u00e9rminos de todas las pol\u00edticas aplicables<\/li>\n<li>Presentar las reclamaciones de forma r\u00e1pida y completa<\/li>\n<li>Responder a las cartas de denegaci\u00f3n y a los pagos insuficientes<\/li>\n<li>Impugnar las decisiones del asegurador con pruebas<\/li>\n<li>Negocie el pago m\u00e1s alto posible<\/li>\n<\/ul>\n<p>Luchamos para que usted no tenga que hacerlo.<\/p>\n<h2>\u00bfQu\u00e9 debe hacer tras un accidente por cambio imprudente de carril en Norcross?<\/h2>\n<p>Dar los pasos adecuados tras un accidente puede afectar en gran medida a la solidez de su reclamaci\u00f3n:<\/p>\n<ol start=\"1\" data-spread=\"false\">\n<li><strong>Llame al 911:<\/strong> Presente siempre un informe policial y solicite ayuda de emergencia si es necesario.<\/li>\n<li><strong>Docum\u00e9ntelo todo:<\/strong> Tome fotograf\u00edas de su coche, del otro veh\u00edculo, de los escombros y de las se\u00f1ales de la calle.<\/li>\n<li><strong>Recopile informaci\u00f3n de contacto:<\/strong> Consiga los nombres, n\u00fameros de tel\u00e9fono y datos del seguro de todos los conductores implicados. Recabe tambi\u00e9n informaci\u00f3n de contacto de los testigos. <\/li>\n<li><strong>Busque atenci\u00f3n m\u00e9dica inmediata:<\/strong> Muchas lesiones no son visibles inmediatamente.<\/li>\n<li><strong>P\u00f3ngase en contacto con un abogado:<\/strong> Comun\u00edquese con Las Oficinas Legales de Humberto Izquierdo Jr. lo antes posible para comenzar a proteger sus derechos legales.<\/li>\n<\/ol>\n<h2 data-start=\"248\" data-end=\"323\">\u00bfPor qu\u00e9 elegir las Oficinas Legales de Humberto Izquierdo Jr. en Norcross, GA?<\/h2>\n<p data-start=\"325\" data-end=\"508\">Con d\u00e9cadas de experiencia representando a v\u00edctimas de accidentes en Norcross y el condado de Gwinnett, entendemos los aspectos \u00fanicos de la ley de lesiones personales de Georgia. Nuestra firma es conocida por: <\/p>\n<ul data-start=\"510\" data-end=\"967\">\n<li data-start=\"510\" data-end=\"599\">\n<p data-start=\"512\" data-end=\"599\"><strong data-start=\"512\" data-end=\"539\">Servicio centrado en el cliente:<\/strong> Tratamos cada caso con el cuidado y la urgencia que merece.<\/p>\n<\/li>\n<li data-start=\"600\" data-end=\"724\">\n<p data-start=\"602\" data-end=\"724\"><strong data-start=\"602\" data-end=\"636\">T\u00e1cticas agresivas de litigaci\u00f3n:<\/strong> Preparamos cada caso para el juicio, asegur\u00e1ndonos de que las compa\u00f1\u00edas de seguros nos tomen en serio.<\/p>\n<\/li>\n<li data-start=\"725\" data-end=\"894\">\n<p data-start=\"727\" data-end=\"894\"><strong data-start=\"727\" data-end=\"747\">Conocimiento local:<\/strong> Entendemos los patrones de tr\u00e1fico de Norcross, los procedimientos judiciales y c\u00f3mo trabajar con los ajustadores de seguros locales en casos de cambio de carril inseguro.<\/p>\n<\/li>\n<li data-start=\"895\" data-end=\"967\">\n<p data-start=\"897\" data-end=\"967\"><strong data-start=\"897\" data-end=\"917\">Sin honorarios por adelantado:<\/strong> Usted no paga nada a menos que ganemos su caso.<\/p>\n<\/li>\n<\/ul>\n<h2 data-start=\"248\" data-end=\"331\">Preguntas frecuentes sobre accidentes de cambio de carril inseguro en Norcross, GA<\/h2>\n<h3 data-start=\"845\" data-end=\"1281\">\u00bfPuedo seguir presentando una demanda si tuve parte de culpa en el accidente por cambio de carril?<\/h3>\n<p data-start=\"845\" data-end=\"1281\">S\u00ed, seg\u00fan la ley de negligencia comparativa de Georgia, a\u00fan puede recuperar los da\u00f1os siempre que tenga menos del 50% de culpa. Su indemnizaci\u00f3n se reducir\u00e1 en funci\u00f3n de su porcentaje de culpa. Por ejemplo, si se le considera responsable en un 20%, su indemnizaci\u00f3n se reducir\u00e1 en un 20%. Un abogado experto de Norcross puede evaluar la responsabilidad y maximizar su recuperaci\u00f3n.   <\/p>\n<h3 data-start=\"1283\" data-end=\"1637\">\u00bfDe cu\u00e1nto tiempo dispongo para presentar una demanda tras un accidente por cambio de carril en Georgia?<\/h3>\n<p data-start=\"1283\" data-end=\"1637\">La ley de prescripci\u00f3n de Georgia para reclamaciones por da\u00f1os personales es de dos a\u00f1os a partir de la fecha del accidente. Para da\u00f1os materiales, es de cuatro a\u00f1os. Es fundamental actuar con rapidez para preservar las pruebas y cumplir los plazos. Contactar pronto con un abogado de Norcross refuerza su caso.   <\/p>\n<p data-start=\"2003\" data-end=\"2367\"><img decoding=\"async\" class=\"alignnone wp-image-6220 size-full\" src=\"https:\/\/www.humbertoinjurylaw.com\/wp-content\/uploads\/2025\/08\/unsafe-lane-change-accident.jpg\" alt=\"Accidente por cambio inseguro de carril\" width=\"650\" height=\"433\" srcset=\"https:\/\/www.humbertoinjurylaw.com\/wp-content\/uploads\/2025\/08\/unsafe-lane-change-accident.jpg 650w, https:\/\/www.humbertoinjurylaw.com\/wp-content\/uploads\/2025\/08\/unsafe-lane-change-accident-300x200.jpg 300w\" sizes=\"(max-width: 650px) 100vw, 650px\" \/><\/p>\n<h3 data-start=\"2707\" data-end=\"3029\">\u00bfY si el otro conductor no ten\u00eda seguro o huy\u00f3 del lugar del accidente?<\/h3>\n<p data-start=\"2707\" data-end=\"3029\">Si el conductor culpable no ten\u00eda seguro o abandon\u00f3 el lugar de los hechos, a\u00fan puede recuperar una indemnizaci\u00f3n a trav\u00e9s de su propia cobertura de motorista sin seguro o con seguro insuficiente (UM\/UIM). Nuestro equipo de abogados de Norcross puede ayudarle a presentar una reclamaci\u00f3n a su aseguradora y luchar por un pago justo. <\/p>\n<h3 data-start=\"3031\" data-end=\"3371\">\u00bfPuedo demandar si fui un pasajero lesionado en un accidente por cambio inseguro de carril?<\/h3>\n<p data-start=\"3031\" data-end=\"3371\">S\u00ed. Los pasajeros heridos tienen derecho a presentar una demanda contra el conductor culpable, ya sea el conductor del otro veh\u00edculo o el que conduc\u00eda el coche en el que usted viajaba. Los pasajeros rara vez son considerados culpables y a menudo tienen s\u00f3lidas reclamaciones de indemnizaci\u00f3n.  <\/p>\n<h2 data-start=\"248\" data-end=\"316\">Hable hoy mismo con un abogado de accidentes por cambio imprudente de carril en Norcross<\/h2>\n<p data-start=\"318\" data-end=\"577\">No permita que la mala decisi\u00f3n de otra persona en la carretera le cueste su salud, su sustento o su tranquilidad. Si usted ha sido lesionado en un accidente de cambio de carril inseguro, llame a Las Oficinas Legales de Humberto Izquierdo Jr. para obtener apoyo legal compasivo y agresivo. <\/p>\n<p data-start=\"318\" data-end=\"577\"><img loading=\"lazy\" decoding=\"async\" class=\"alignnone wp-image-6216 size-full\" src=\"https:\/\/www.humbertoinjurylaw.com\/wp-content\/uploads\/2025\/08\/norcross-attorney-6.jpg\" alt=\"Norcross Abogado\" width=\"650\" height=\"366\" srcset=\"https:\/\/www.humbertoinjurylaw.com\/wp-content\/uploads\/2025\/08\/norcross-attorney-6.jpg 650w, https:\/\/www.humbertoinjurylaw.com\/wp-content\/uploads\/2025\/08\/norcross-attorney-6-300x169.jpg 300w\" sizes=\"(max-width: 650px) 100vw, 650px\" \/><\/p>\n<p data-start=\"579\" data-end=\"649\">Llame 24\/7: <a href=\"tel:+17708888901\"><i class=\"fa fa-phone-alt\"><\/i>(770) 888-8901<\/a><br data-start=\"601\" data-end=\"604\"><a href=\"https:\/\/www.humbertoinjurylaw.com\/es\/contacto\/\" target=\"_blank\" rel=\"noopener\">Consulta gratuita<\/a> | Sin honorarios a menos que ganemos<\/p>\n<p data-start=\"651\" data-end=\"797\">Estamos listos para ayudarle a recuperarse y seguir adelante con fuerza y confianza, proporcion\u00e1ndole la representaci\u00f3n experta de un abogado de confianza de Norcross.<\/p>\n","protected":false},"excerpt":{"rendered":"<p>Si usted ha sido lesionado en un accidente de cambio de carril inseguro en Norcross, Georgia, usted no tiene que enfrentar las secuelas solo. En Las Oficinas Legales de Humberto Izquierdo Jr., PC, ayudamos todos los d\u00edas a v\u00edctimas de accidentes automovil\u00edsticos que han sufrido lesiones graves debido a conductores que no cambian de carril [&hellip;]<\/p>\n","protected":false},"author":53,"featured_media":0,"parent":10426,"menu_order":0,"comment_status":"closed","ping_status":"closed","template":"","meta":{"_acf_changed":false,"anchor_text":"","footnotes":""},"class_list":["post-10452","page","type-page","status-publish","hentry"],"acf":[],"_links":{"self":[{"href":"https:\/\/www.humbertoinjurylaw.com\/es\/wp-json\/wp\/v2\/pages\/10452","targetHints":{"allow":["GET"]}}],"collection":[{"href":"https:\/\/www.humbertoinjurylaw.com\/es\/wp-json\/wp\/v2\/pages"}],"about":[{"href":"https:\/\/www.humbertoinjurylaw.com\/es\/wp-json\/wp\/v2\/types\/page"}],"author":[{"embeddable":true,"href":"https:\/\/www.humbertoinjurylaw.com\/es\/wp-json\/wp\/v2\/users\/53"}],"replies":[{"embeddable":true,"href":"https:\/\/www.humbertoinjurylaw.com\/es\/wp-json\/wp\/v2\/comments?post=10452"}],"version-history":[{"count":0,"href":"https:\/\/www.humbertoinjurylaw.com\/es\/wp-json\/wp\/v2\/pages\/10452\/revisions"}],"up":[{"embeddable":true,"href":"https:\/\/www.humbertoinjurylaw.com\/es\/wp-json\/wp\/v2\/pages\/10426"}],"wp:attachment":[{"href":"https:\/\/www.humbertoinjurylaw.com\/es\/wp-json\/wp\/v2\/media?parent=10452"}],"curies":[{"name":"wp","href":"https:\/\/api.w.org\/{rel}","templated":true}]}}