{"id":10476,"date":"2025-09-02T10:14:47","date_gmt":"2025-09-02T14:14:47","guid":{"rendered":"https:\/\/www.humbertoinjurylaw.com\/savannah\/abogado-de-accidentes-de-trafico-en-savannah\/abogado-de-accidentes-por-conduccion-agresiva-en-savannah\/"},"modified":"2025-09-02T10:14:47","modified_gmt":"2025-09-02T14:14:47","slug":"abogado-de-accidentes-por-conduccion-agresiva-en-savannah","status":"publish","type":"page","link":"https:\/\/www.humbertoinjurylaw.com\/es\/savannah\/abogado-de-accidentes-de-trafico-en-savannah\/abogado-de-accidentes-por-conduccion-agresiva-en-savannah\/","title":{"rendered":"Abogado de accidentes por conducci\u00f3n agresiva en Savannah"},"content":{"rendered":"<h2 data-start=\"140\" data-end=\"260\">Abogado de confianza en accidentes de manejo agresivo en Savannah, Georgia: Las Oficinas Legales de Humberto Izquierdo Jr.<\/h2>\n<p data-start=\"262\" data-end=\"626\">Si usted o un ser querido ha sido lesionado por un conductor agresivo en Savannah, Georgia, usted merece el apoyo legal de confianza de las Oficinas Legales de Humberto Izquierdo Jr., PC. Nuestro experimentado equipo de abogados de Savannah se compromete a ayudar a las v\u00edctimas de accidentes por conducci\u00f3n agresiva a recibir la compensaci\u00f3n completa y justa a la que tienen derecho legalmente. <\/p>\n<p data-start=\"628\" data-end=\"1006\">Combinamos un profundo conocimiento local con estrategias legales probadas para servir a los residentes de Savannah y los alrededores del condado de Chatham, incluyendo barrios como Ardsley Park, Midtown y Thunderbolt. Tanto si tiene que hacer frente a facturas m\u00e9dicas, p\u00e9rdida de ingresos, traumas emocionales o da\u00f1os materiales, nuestros <a href=\"https:\/\/www.humbertoinjurylaw.com\/es\/savannah\/abogado-de-accidentes-de-trafico-en-savannah\/\">abogados especializados en accidentes de tr\u00e1fico<\/a> est\u00e1n preparados para luchar por su justicia. <\/p>\n<h2 data-start=\"274\" data-end=\"331\">\u00bfQu\u00e9 es la conducci\u00f3n agresiva y por qu\u00e9 es peligrosa?<\/h2>\n<p data-start=\"333\" data-end=\"733\">La conducci\u00f3n agresiva en Savannah y en todo Georgia implica un comportamiento imprudente y hostil al volante. A menudo incluye exceso de velocidad, ir a rebufo, cortar el paso a otros veh\u00edculos, cambios de carril inseguros, saltarse sem\u00e1foros en rojo y participar en actos de furia al volante. Estas acciones no s\u00f3lo infringen las leyes de tr\u00e1fico de Georgia, sino que aumentan dr\u00e1sticamente las posibilidades de sufrir un accidente de tr\u00e1fico en Savannah y de sufrir lesiones que alteren su vida.  <\/p>\n<p data-start=\"735\" data-end=\"787\">Algunos ejemplos habituales de conducci\u00f3n agresiva son:<\/p>\n<ul data-start=\"789\" data-end=\"952\">\n<li data-start=\"789\" data-end=\"811\">\n<p data-start=\"791\" data-end=\"811\">Exceso de velocidad<\/p>\n<\/li>\n<li data-start=\"812\" data-end=\"857\">\n<p data-start=\"814\" data-end=\"857\">Circular entre el tr\u00e1fico sin se\u00f1alizar<\/p>\n<\/li>\n<li data-start=\"858\" data-end=\"883\">\n<p data-start=\"860\" data-end=\"883\">Cola deliberada<\/p>\n<\/li>\n<li data-start=\"884\" data-end=\"912\">\n<p data-start=\"886\" data-end=\"912\">Ignorar las se\u00f1ales de tr\u00e1fico<\/p>\n<\/li>\n<li data-start=\"913\" data-end=\"952\">\n<p data-start=\"915\" data-end=\"952\">Furia en la carretera o acoso intencionado<\/p>\n<\/li>\n<\/ul>\n<p><img fetchpriority=\"high\" decoding=\"async\" class=\"alignnone wp-image-7291 size-full\" src=\"https:\/\/www.humbertoinjurylaw.com\/wp-content\/uploads\/2025\/09\/aggressive-driving.jpg\" alt=\"Conducci\u00f3n agresiva\" width=\"650\" height=\"432\" srcset=\"https:\/\/www.humbertoinjurylaw.com\/wp-content\/uploads\/2025\/09\/aggressive-driving.jpg 650w, https:\/\/www.humbertoinjurylaw.com\/wp-content\/uploads\/2025\/09\/aggressive-driving-300x199.jpg 300w\" sizes=\"(max-width: 650px) 100vw, 650px\" \/><\/p>\n<p data-start=\"954\" data-end=\"1079\">Las v\u00edctimas de accidentes de tr\u00e1fico en Savannah causados por una conducci\u00f3n agresiva suelen sufrir lesiones catastr\u00f3ficas como:<\/p>\n<ul data-start=\"1081\" data-end=\"1214\">\n<li data-start=\"1081\" data-end=\"1115\">\n<p data-start=\"1083\" data-end=\"1115\">Lesiones cerebrales traum\u00e1ticas (TBI)<\/p>\n<\/li>\n<li data-start=\"1116\" data-end=\"1138\">\n<p data-start=\"1118\" data-end=\"1138\">Da\u00f1os en la m\u00e9dula espinal<\/p>\n<\/li>\n<li data-start=\"1139\" data-end=\"1169\">\n<p data-start=\"1141\" data-end=\"1169\">Fracturas y huesos rotos<\/p>\n<\/li>\n<li data-start=\"1170\" data-end=\"1214\">\n<p data-start=\"1172\" data-end=\"1214\">Hemorragia interna y da\u00f1os en los tejidos blandos<\/p>\n<\/li>\n<\/ul>\n<p data-start=\"1216\" data-end=\"1613\">En las Oficinas Legales de Humberto Izquierdo Jr., nuestros experimentados abogados de Savannah adoptan un enfoque proactivo para investigar los detalles de su caso y responsabilizar a los conductores imprudentes. Estamos dedicados a ayudar a las v\u00edctimas de accidentes de conducci\u00f3n agresiva en Savannah y los barrios circundantes, incluyendo Ardsley Park, Midtown, y Thunderbolt. <\/p>\n<h2 data-start=\"240\" data-end=\"310\">C\u00f3mo establecer la responsabilidad en un accidente de conducci\u00f3n agresiva en Savannah<\/h2>\n<p data-start=\"312\" data-end=\"618\">Determinar la responsabilidad en accidentes por conducci\u00f3n agresiva puede ser complejo. La ley de Georgia exige pruebas claras de que el otro conductor actu\u00f3 con desprecio intencionado por la seguridad de los dem\u00e1s. Nuestros abogados de Savannah se centran en recopilar pruebas vitales para demostrar la conducci\u00f3n agresiva o la conducta temeraria, incluyendo:  <\/p>\n<ul data-start=\"620\" data-end=\"781\">\n<li data-start=\"620\" data-end=\"657\">\n<p data-start=\"622\" data-end=\"657\">Im\u00e1genes de una dashcam o c\u00e1mara de tr\u00e1fico<\/p>\n<\/li>\n<li data-start=\"658\" data-end=\"685\">\n<p data-start=\"660\" data-end=\"685\">Informes policiales de accidentes<\/p>\n<\/li>\n<li data-start=\"686\" data-end=\"709\">\n<p data-start=\"688\" data-end=\"709\">Testimonios de testigos<\/p>\n<\/li>\n<li data-start=\"710\" data-end=\"737\">\n<p data-start=\"712\" data-end=\"737\">Datos de tel\u00e9fono m\u00f3vil y GPS<\/p>\n<\/li>\n<li data-start=\"738\" data-end=\"781\">\n<p data-start=\"740\" data-end=\"781\">An\u00e1lisis pericial de reconstrucci\u00f3n de accidentes<\/p>\n<\/li>\n<\/ul>\n<p data-start=\"783\" data-end=\"840\">Comprender la norma de negligencia comparativa de Georgia<\/p>\n<p data-start=\"842\" data-end=\"1251\">Incluso si usted tuvo parte de la culpa, la ley de negligencia comparativa de Georgia le permite recuperar una indemnizaci\u00f3n, reducida por su porcentaje de culpa. Por ejemplo, si se le considera responsable en un 10%, a\u00fan puede recuperar el 90% de sus da\u00f1os. Eso hace que contar con un <a href=\"https:\/\/www.humbertoinjurylaw.com\/es\/savannah\/abogado-de-lesiones-personales-de-savannah\/\" target=\"_blank\" rel=\"noopener\">abogado experto en lesiones personales de Savannah<\/a> sea esencial para proteger sus derechos tras un accidente de tr\u00e1fico.  <\/p>\n<p data-start=\"842\" data-end=\"1251\"><img decoding=\"async\" class=\"alignnone wp-image-7295 size-full\" src=\"https:\/\/www.humbertoinjurylaw.com\/wp-content\/uploads\/2025\/09\/savannah-lawyer.jpg\" alt=\"Abogado de Savannah\" width=\"650\" height=\"433\" srcset=\"https:\/\/www.humbertoinjurylaw.com\/wp-content\/uploads\/2025\/09\/savannah-lawyer.jpg 650w, https:\/\/www.humbertoinjurylaw.com\/wp-content\/uploads\/2025\/09\/savannah-lawyer-300x200.jpg 300w\" sizes=\"(max-width: 650px) 100vw, 650px\" \/><\/p>\n<h2>\u00bfPor qu\u00e9 elegir el bufete de Humberto Izquierdo Jr. Despu\u00e9s de un Choque por Conducci\u00f3n Agresiva? <\/h2>\n<p>Como principal bufete local de abogados de lesiones personales, entendemos los desaf\u00edos \u00fanicos que enfrentan los residentes de Savannah despu\u00e9s de un accidente automovil\u00edstico grave. He aqu\u00ed c\u00f3mo ayudamos: <\/p>\n<ul data-spread=\"false\">\n<li>Negociaci\u00f3n agresiva con las aseguradoras: Contrarrestamos las t\u00e1cticas de las compa\u00f1\u00edas de seguros dise\u00f1adas para restar importancia a sus lesiones o desviar la culpa.<\/li>\n<li>Investigaci\u00f3n minuciosa: Recopilamos y conservamos r\u00e1pidamente pruebas cr\u00edticas para reforzar su caso.<\/li>\n<li>Estrategia jur\u00eddica personalizada: Adaptamos cada caso a sus necesidades, manteni\u00e9ndole informado e implicado.<\/li>\n<li>Compensaci\u00f3n m\u00e1xima: Perseguimos cada d\u00f3lar que se merece por facturas m\u00e9dicas, salarios perdidos, dolor y sufrimiento, y necesidades de cuidados futuros.<\/li>\n<\/ul>\n<p>Nuestro bufete se enorgullece de ser el abogado de confianza de Savannah para las v\u00edctimas de accidentes por conducci\u00f3n agresiva.<\/p>\n<h2>Tipos de compensaci\u00f3n disponibles para las v\u00edctimas de conducci\u00f3n agresiva en Savannah, GA<\/h2>\n<p>Cuando trabaja con nuestro equipo, luchamos por una indemnizaci\u00f3n completa en todas las categor\u00edas posibles:<\/p>\n<h3>1. Gastos m\u00e9dicos<\/h3>\n<p>Buscamos el reembolso del tratamiento de urgencia, las facturas hospitalarias, la rehabilitaci\u00f3n, los medicamentos y cualquier atenci\u00f3n m\u00e9dica actual o futura relacionada con su accidente.<\/p>\n<h3>2. P\u00e9rdida de salarios y disminuci\u00f3n de la capacidad de ganancia<\/h3>\n<p>Nos aseguramos de que se le indemnice por el tiempo que falte al trabajo y por los cambios a largo plazo en su capacidad para ganarse la vida.<\/p>\n<h3>3. Dolor y sufrimiento<\/h3>\n<p>La angustia emocional, el trauma, el malestar f\u00edsico y la p\u00e9rdida del disfrute de la vida son factores que incluimos en su reclamaci\u00f3n.<\/p>\n<h3>4. Da\u00f1os materiales<\/h3>\n<p>Exigimos un pago justo por la reparaci\u00f3n o sustituci\u00f3n del veh\u00edculo y cualquier otra propiedad da\u00f1ada en el accidente.<\/p>\n<h3>5. Da\u00f1os punitivos<\/h3>\n<p>En los casos en que el conductor agresor actu\u00f3 con extrema imprudencia o mala intenci\u00f3n, perseguimos da\u00f1os punitivos para enviar un mensaje y disuadir de comportamientos similares.<\/p>\n<h2>Qu\u00e9 hacer tras un accidente por conducci\u00f3n agresiva en Savannah<\/h2>\n<p>Saber qu\u00e9 hacer despu\u00e9s de un accidente puede hacer o deshacer su caso. He aqu\u00ed los pasos clave: <\/p>\n<ol start=\"1\" data-spread=\"true\">\n<li>Obtenga ayuda m\u00e9dica inmediata Aunque se sienta bien, algunas lesiones aparecen horas o d\u00edas despu\u00e9s.<\/li>\n<li>Informe del accidente a la polic\u00eda Presente siempre un informe policial. Servir\u00e1 como prueba fundamental. <\/li>\n<li>Docum\u00e9ntelo todo Haga fotos del lugar de los hechos, de los heridos, de los veh\u00edculos, de las se\u00f1ales de tr\u00e1fico y de las condiciones meteorol\u00f3gicas.<\/li>\n<li>Obtenga informaci\u00f3n de contacto de los testigos Las declaraciones de los testigos presenciales pueden ser herramientas poderosas en su demanda legal.<\/li>\n<li>Evite hablar de la culpa No admita la culpa ante nadie, ni ante el otro conductor ni ante los peritos del seguro.<\/li>\n<li>Llame a un Abogado con Experiencia en Conducci\u00f3n Agresiva de Savannah Permita que Las Oficinas Legales de Humberto Izquierdo Jr., PC tomen acci\u00f3n inmediata para proteger sus derechos.<\/li>\n<\/ol>\n<h2 data-start=\"217\" data-end=\"282\">Al servicio de Savannah, Georgia: Conocimiento Local. Resultados probados. <\/h2>\n<p data-start=\"284\" data-end=\"543\">Como bufete de abogados especializado en lesiones personales con sede en Georgia, tenemos profundas ra\u00edces en la comunidad de Savannah. Conocemos las carreteras, los patrones de tr\u00e1fico, los tribunales locales y las compa\u00f1\u00edas de seguros que operan en el condado de Chatham. Ese conocimiento proporciona a nuestros clientes una ventaja estrat\u00e9gica.  <\/p>\n<p data-start=\"545\" data-end=\"823\">Tanto si su <a href=\"https:\/\/www.humbertoinjurylaw.com\/es\/savannah\/abogado-de-accidentes-de-trafico-en-savannah\/\" target=\"_blank\" rel=\"noopener\">accidente de conducci\u00f3n en Savannah<\/a> ocurri\u00f3 en la I-95, Montgomery Crossroads o Victory Drive, puede confiar en nuestro equipo de abogados para que le proporcione un asesoramiento legal experto que obtenga resultados en casos relacionados con la conducci\u00f3n agresiva.<\/p>\n<h2 data-start=\"320\" data-end=\"403\">Preguntas frecuentes sobre accidentes por conducci\u00f3n agresiva en Savannah, GA<\/h2>\n<h3 data-start=\"405\" data-end=\"466\">\u00bfQu\u00e9 se considera conducci\u00f3n agresiva seg\u00fan la ley de Georgia?<\/h3>\n<p data-start=\"468\" data-end=\"910\">La conducci\u00f3n agresiva en Georgia se define legalmente como la conducci\u00f3n de un veh\u00edculo con la intenci\u00f3n de molestar, acosar, importunar, intimidar, lesionar u obstruir a otra persona. Algunos ejemplos comunes son el exceso de velocidad, ir a rebufo, adelantar ilegalmente, saltarse sem\u00e1foros en rojo y la furia al volante. Estas acciones se consideran infracciones de tr\u00e1fico graves y pueden acarrear tanto sanciones penales como responsabilidad civil, lo que a menudo se traduce en un accidente de tr\u00e1fico.  <\/p>\n<p data-start=\"468\" data-end=\"910\"><img decoding=\"async\" class=\"alignnone wp-image-7293 size-full\" src=\"https:\/\/www.humbertoinjurylaw.com\/wp-content\/uploads\/2025\/09\/savannah-driving-accident.jpg\" alt=\"Accidente de tr\u00e1fico en Savannah\" width=\"650\" height=\"433\" srcset=\"https:\/\/www.humbertoinjurylaw.com\/wp-content\/uploads\/2025\/09\/savannah-driving-accident.jpg 650w, https:\/\/www.humbertoinjurylaw.com\/wp-content\/uploads\/2025\/09\/savannah-driving-accident-300x200.jpg 300w\" sizes=\"(max-width: 650px) 100vw, 650px\" \/><\/p>\n<h3 data-start=\"912\" data-end=\"990\">\u00bfC\u00f3mo puedo demostrar que otro conductor estaba siendo agresivo durante el accidente?<\/h3>\n<p data-start=\"992\" data-end=\"1374\">Para demostrar que la conducci\u00f3n agresiva caus\u00f3 su accidente, es fundamental contar con pruebas como grabaciones de la c\u00e1mara del salpicadero, informes policiales, declaraciones de testigos presenciales, v\u00eddeos de c\u00e1maras de tr\u00e1fico y an\u00e1lisis de reconstrucci\u00f3n de accidentes. Un abogado experimentado <a href=\"https:\/\/www.humbertoinjurylaw.com\/es\/savannah\/\" target=\"_blank\" rel=\"noopener\">de Savannah<\/a> puede ayudar a reunir y presentar estas pruebas para establecer la culpa y apoyar su demanda por lesiones. <\/p>\n<h3 data-start=\"1376\" data-end=\"1451\">\u00bfQu\u00e9 indemnizaci\u00f3n puedo recibir tras un accidente por conducci\u00f3n agresiva?<\/h3>\n<p data-start=\"1453\" data-end=\"1557\">Las v\u00edctimas de accidentes por conducci\u00f3n agresiva en Savannah pueden tener derecho a una indemnizaci\u00f3n cubierta:<\/p>\n<ul data-start=\"1559\" data-end=\"1740\">\n<li data-start=\"1559\" data-end=\"1597\">\n<p data-start=\"1561\" data-end=\"1597\">Gastos m\u00e9dicos (pasados y futuros)<\/p>\n<\/li>\n<li data-start=\"1598\" data-end=\"1641\">\n<p data-start=\"1600\" data-end=\"1641\">P\u00e9rdida de salarios y reducci\u00f3n de la capacidad de ganancia<\/p>\n<\/li>\n<li data-start=\"1642\" data-end=\"1664\">\n<p data-start=\"1644\" data-end=\"1664\">Dolor y Sufrimiento<\/p>\n<\/li>\n<li data-start=\"1665\" data-end=\"1684\">\n<p data-start=\"1667\" data-end=\"1684\">Da\u00f1os materiales<\/p>\n<\/li>\n<li data-start=\"1685\" data-end=\"1740\">\n<p data-start=\"1687\" data-end=\"1740\">Da\u00f1os punitivos (en casos de mala conducta atroz)<\/p>\n<\/li>\n<\/ul>\n<p data-start=\"1742\" data-end=\"1866\">La indemnizaci\u00f3n total depende de la gravedad de las lesiones y de las pruebas del comportamiento temerario del conductor agresor.<\/p>\n<h3 data-start=\"1868\" data-end=\"1949\">\u00bfDe cu\u00e1nto tiempo dispongo para presentar una demanda por accidente de conducci\u00f3n agresiva en Georgia?<\/h3>\n<p data-start=\"1951\" data-end=\"2232\">En Georgia, normalmente tiene dos a\u00f1os a partir de la fecha del accidente para presentar una demanda por lesiones personales. Este estatuto de limitaciones se aplica a la mayor\u00eda de los casos de accidentes de tr\u00e1fico <a href=\"https:\/\/visitsavannah.com\/\" target=\"_blank\" rel=\"noopener\">en Savannah<\/a>. Una acci\u00f3n legal r\u00e1pida garantiza que su demanda siga siendo v\u00e1lida y que se conserven las pruebas cruciales.  <\/p>\n<h3 data-start=\"2234\" data-end=\"2297\">\u00bfPuedo recibir una indemnizaci\u00f3n aunque haya tenido parte de la culpa?<\/h3>\n<p data-start=\"2299\" data-end=\"2680\">S\u00ed. Georgia sigue una regla de negligencia comparativa modificada, lo que significa que usted puede recuperar los da\u00f1os si tiene menos del 50% de culpa. Sin embargo, su indemnizaci\u00f3n se reducir\u00e1 en funci\u00f3n de su porcentaje de culpa. Por ejemplo, si usted tiene un 20% de culpa, su indemnizaci\u00f3n se reducir\u00e1 en un 20%. Contar con un abogado experto en Savannah es fundamental en estas situaciones.    <\/p>\n<h3 data-start=\"2682\" data-end=\"2737\">\u00bfSe enfrentar\u00e1 el conductor agresivo a cargos penales?<\/h3>\n<p data-start=\"2739\" data-end=\"3045\">Posiblemente. Si el conductor culpable exhibi\u00f3 un comportamiento imprudente intencionado, como la furia al volante, la evasi\u00f3n a alta velocidad o la puesta en peligro, puede enfrentarse a cargos penales adem\u00e1s de a su caso civil. Sin embargo, su derecho a una indemnizaci\u00f3n tras un accidente de tr\u00e1fico en Savannah es independiente de cualquier proceso penal.  <\/p>\n<h3 data-start=\"3047\" data-end=\"3119\">\u00bfQu\u00e9 debo hacer inmediatamente despu\u00e9s de un accidente por conducci\u00f3n agresiva?<\/h3>\n<p data-start=\"3121\" data-end=\"3203\">Despu\u00e9s de un accidente por conducci\u00f3n agresiva en Savannah, tome las siguientes medidas:<\/p>\n<ul data-start=\"3205\" data-end=\"3573\">\n<li data-start=\"3205\" data-end=\"3255\">\n<p data-start=\"3207\" data-end=\"3255\">Llame al 911 y busque atenci\u00f3n m\u00e9dica inmediata.<\/p>\n<\/li>\n<li data-start=\"3256\" data-end=\"3306\">\n<p data-start=\"3258\" data-end=\"3306\">Presente una denuncia policial que documente el incidente.<\/p>\n<\/li>\n<li data-start=\"3307\" data-end=\"3358\">\n<p data-start=\"3309\" data-end=\"3358\">Tome fotos de la escena, los da\u00f1os y las lesiones.<\/p>\n<\/li>\n<li data-start=\"3359\" data-end=\"3406\">\n<p data-start=\"3361\" data-end=\"3406\">Recopile informaci\u00f3n de contacto de los testigos.<\/p>\n<\/li>\n<li data-start=\"3407\" data-end=\"3486\">\n<p data-start=\"3409\" data-end=\"3486\">No admita la culpa ni hable con los peritos del seguro sin asesoramiento legal.<\/p>\n<\/li>\n<li data-start=\"3487\" data-end=\"3573\">\n<p data-start=\"3489\" data-end=\"3573\">P\u00f3ngase en contacto con un abogado local de Savannah para que le oriente.<\/p>\n<\/li>\n<\/ul>\n<h3 data-start=\"3575\" data-end=\"3645\">\u00bfPor qu\u00e9 deber\u00eda contratar a un abogado especializado en accidentes de conducci\u00f3n agresiva en Savannah?<\/h3>\n<p data-start=\"3647\" data-end=\"3849\">Contratar a un abogado con sede en Savannah le asegura obtener conocimiento legal local, manejo estrat\u00e9gico del caso y la m\u00e1xima compensaci\u00f3n. Las Oficinas Legales de Humberto Izquierdo Jr. lo har\u00e1n: <\/p>\n<ul data-start=\"3851\" data-end=\"4018\">\n<li data-start=\"3851\" data-end=\"3879\">\n<p data-start=\"3853\" data-end=\"3879\">Investigar el accidente<\/p>\n<\/li>\n<li data-start=\"3880\" data-end=\"3922\">\n<p data-start=\"3882\" data-end=\"3922\">Gestionar toda la comunicaci\u00f3n con las aseguradoras<\/p>\n<\/li>\n<li data-start=\"3923\" data-end=\"3959\">\n<p data-start=\"3925\" data-end=\"3959\">Presentar reclamaciones legales en su nombre<\/p>\n<\/li>\n<li data-start=\"3960\" data-end=\"4018\">\n<p data-start=\"3962\" data-end=\"4018\">Negociar acuerdos justos o ir a juicio si es necesario<\/p>\n<\/li>\n<\/ul>\n<p data-start=\"4020\" data-end=\"4167\">Nuestros abogados luchan por la justicia para que usted pueda centrarse en su recuperaci\u00f3n tras un accidente de tr\u00e1fico en Savannah.<\/p>\n<h2 data-start=\"207\" data-end=\"268\">P\u00f3ngase en contacto con el bufete de abogados de Humberto Izquierdo Jr., PC hoy mismo<\/h2>\n<p><img loading=\"lazy\" decoding=\"async\" class=\"alignnone wp-image-7299 size-full\" src=\"https:\/\/www.humbertoinjurylaw.com\/wp-content\/uploads\/2025\/09\/aggressive-crash-attorney.jpg\" alt=\"Abogado de choques agresivos\" width=\"650\" height=\"433\" srcset=\"https:\/\/www.humbertoinjurylaw.com\/wp-content\/uploads\/2025\/09\/aggressive-crash-attorney.jpg 650w, https:\/\/www.humbertoinjurylaw.com\/wp-content\/uploads\/2025\/09\/aggressive-crash-attorney-300x200.jpg 300w\" sizes=\"(max-width: 650px) 100vw, 650px\" \/><\/p>\n<p data-start=\"270\" data-end=\"441\">Si usted ha sido herido por un conductor agresivo en Savannah, no deje su futuro al azar. As\u00f3ciese con un bufete de abogados que ponga sus necesidades en primer lugar y luche para ganar. <\/p>\n<p data-start=\"443\" data-end=\"540\">Ll\u00e1menos ahora a para <a href=\"tel:+17708888901\"><i class=\"fa fa-phone-alt\"><\/i>(770) 888-8901<\/a> una <a href=\"https:\/\/www.humbertoinjurylaw.com\/es\/contacto\/\" target=\"_blank\" rel=\"noopener\">consulta GRATUITA<\/a> o vis\u00edtenos en l\u00ednea para programar la revisi\u00f3n de su caso.<\/p>\n<p data-start=\"542\" data-end=\"959\">Deje que Las Oficinas Legales de Humberto Izquierdo Jr., PC le ayuden a dar el siguiente paso hacia la justicia y la recuperaci\u00f3n. Estamos orgullosos de servir a Savannah, Condado de Chatham, y las comunidades costeras circundantes, incluyendo barrios como Ardsley Park, Midtown, Thunderbolt, y Wilmington Island. Nuestros experimentados abogados est\u00e1n listos para ayudarle con cualquier caso de accidente de tr\u00e1fico en Savannah.  <\/p>\n","protected":false},"excerpt":{"rendered":"<p>Abogado de confianza en accidentes de manejo agresivo en Savannah, Georgia: Las Oficinas Legales de Humberto Izquierdo Jr. Si usted o un ser querido ha sido lesionado por un conductor agresivo en Savannah, Georgia, usted merece el apoyo legal de confianza de las Oficinas Legales de Humberto Izquierdo Jr., PC. Nuestro experimentado equipo de abogados [&hellip;]<\/p>\n","protected":false},"author":53,"featured_media":0,"parent":10474,"menu_order":0,"comment_status":"closed","ping_status":"closed","template":"","meta":{"_acf_changed":false,"anchor_text":"","footnotes":""},"class_list":["post-10476","page","type-page","status-publish","hentry"],"acf":[],"_links":{"self":[{"href":"https:\/\/www.humbertoinjurylaw.com\/es\/wp-json\/wp\/v2\/pages\/10476","targetHints":{"allow":["GET"]}}],"collection":[{"href":"https:\/\/www.humbertoinjurylaw.com\/es\/wp-json\/wp\/v2\/pages"}],"about":[{"href":"https:\/\/www.humbertoinjurylaw.com\/es\/wp-json\/wp\/v2\/types\/page"}],"author":[{"embeddable":true,"href":"https:\/\/www.humbertoinjurylaw.com\/es\/wp-json\/wp\/v2\/users\/53"}],"replies":[{"embeddable":true,"href":"https:\/\/www.humbertoinjurylaw.com\/es\/wp-json\/wp\/v2\/comments?post=10476"}],"version-history":[{"count":0,"href":"https:\/\/www.humbertoinjurylaw.com\/es\/wp-json\/wp\/v2\/pages\/10476\/revisions"}],"up":[{"embeddable":true,"href":"https:\/\/www.humbertoinjurylaw.com\/es\/wp-json\/wp\/v2\/pages\/10474"}],"wp:attachment":[{"href":"https:\/\/www.humbertoinjurylaw.com\/es\/wp-json\/wp\/v2\/media?parent=10476"}],"curies":[{"name":"wp","href":"https:\/\/api.w.org\/{rel}","templated":true}]}}