{"id":10480,"date":"2025-09-04T09:20:50","date_gmt":"2025-09-04T13:20:50","guid":{"rendered":"https:\/\/www.humbertoinjurylaw.com\/savannah\/abogado-de-accidentes-de-trafico-en-savannah\/abogado-de-accidentes-por-colision-frontal-en-savannah\/"},"modified":"2025-09-04T09:20:50","modified_gmt":"2025-09-04T13:20:50","slug":"abogado-de-accidentes-por-colision-frontal-en-savannah","status":"publish","type":"page","link":"https:\/\/www.humbertoinjurylaw.com\/es\/savannah\/abogado-de-accidentes-de-trafico-en-savannah\/abogado-de-accidentes-por-colision-frontal-en-savannah\/","title":{"rendered":"Abogado de accidentes por colisi\u00f3n frontal en Savannah"},"content":{"rendered":"<h2 data-start=\"137\" data-end=\"197\">Abogado de accidentes por colisi\u00f3n frontal en Savannah, Georgia<\/h2>\n<p data-start=\"199\" data-end=\"715\">Si usted o un ser querido ha resultado herido en una colisi\u00f3n frontal en Savannah, Georgia, entiende lo devastadores que pueden ser estos accidentes. Las colisiones frontales se encuentran entre los tipos m\u00e1s graves de <a href=\"https:\/\/www.humbertoinjurylaw.com\/es\/savannah\/abogado-de-accidentes-de-trafico-en-savannah\/\" target=\"_blank\" rel=\"noopener\">accidentes automovil\u00edsticos<\/a>, a menudo resultando en tratamiento m\u00e9dico a largo plazo, cargas financieras y trauma emocional. En las Oficinas Legales de Humberto Izquierdo Jr., PC, nuestro equipo experimentado y compasivo proporciona apoyo legal experto para ayudar a las v\u00edctimas a recuperar la compensaci\u00f3n que merecen y responsabilizar a los conductores negligentes.  <\/p>\n<p data-start=\"717\" data-end=\"1158\">Estamos orgullosos de servir a clientes en toda Savannah y sus alrededores, incluyendo lugares populares de accidentes como Abercorn Street, Victory Drive, Montgomery Crossroads y Ogeechee Road. Tanto si est\u00e1 buscando un \u00ababogado de accidentes de colisi\u00f3n en Savannah\u00bb como si necesita asistencia legal inmediata, nuestros abogados de accidentes de tr\u00e1fico est\u00e1n disponibles las 24 horas del d\u00eda, los 7 d\u00edas de la semana, para proteger sus derechos y guiarle a trav\u00e9s del proceso de recuperaci\u00f3n. <\/p>\n<p data-start=\"717\" data-end=\"1158\"><img fetchpriority=\"high\" decoding=\"async\" class=\"alignnone wp-image-7479 size-full\" src=\"https:\/\/www.humbertoinjurylaw.com\/wp-content\/uploads\/2025\/09\/head-on-collision.jpg\" alt=\"Colisi\u00f3n frontal\" width=\"650\" height=\"433\" srcset=\"https:\/\/www.humbertoinjurylaw.com\/wp-content\/uploads\/2025\/09\/head-on-collision.jpg 650w, https:\/\/www.humbertoinjurylaw.com\/wp-content\/uploads\/2025\/09\/head-on-collision-300x200.jpg 300w\" sizes=\"(max-width: 650px) 100vw, 650px\" \/><\/p>\n<h2 data-start=\"136\" data-end=\"200\">\u00bfQu\u00e9 es una colisi\u00f3n frontal y por qu\u00e9 son tan peligrosas?<\/h2>\n<p data-start=\"202\" data-end=\"569\">Una colisi\u00f3n frontal se produce cuando dos veh\u00edculos que circulan en direcciones opuestas chocan de frente. Estos accidentes son especialmente peligrosos debido a la velocidad de impacto combinada, y a menudo causan lesiones catastr\u00f3ficas o v\u00edctimas mortales. A diferencia de otros tipos de choques automovil\u00edsticos, las colisiones frontales generan fuerzas intensas que el cuerpo humano rara vez est\u00e1 equipado para soportar.  <\/p>\n<p data-start=\"571\" data-end=\"783\">En los concurridos corredores de Savannah, como Victory Drive, Abercorn Street, Montgomery Crossroads y Ogeechee Road, estos accidentes pueden ocurrir en un instante. Las causas m\u00e1s comunes de los accidentes por colisi\u00f3n en Savannah incluyen: <\/p>\n<ul data-start=\"785\" data-end=\"1167\">\n<li data-start=\"785\" data-end=\"851\">\n<p data-start=\"787\" data-end=\"851\">Desviarse de la l\u00ednea central por distracci\u00f3n o impedimento<\/p>\n<\/li>\n<li data-start=\"852\" data-end=\"902\">\n<p data-start=\"854\" data-end=\"902\">Juzgar mal las distancias de adelantamiento en carreteras de dos carriles<\/p>\n<\/li>\n<li data-start=\"903\" data-end=\"954\">\n<p data-start=\"905\" data-end=\"954\">Conducir bajo los efectos del alcohol o las drogas<\/p>\n<\/li>\n<li data-start=\"955\" data-end=\"1034\">\n<p data-start=\"957\" data-end=\"1034\">Conducci\u00f3n somnolienta en largos tramos rurales cerca de la isla de Whitemarsh o Georgetown<\/p>\n<\/li>\n<li data-start=\"1035\" data-end=\"1080\">\n<p data-start=\"1037\" data-end=\"1080\">Exceso de velocidad en las curvas y p\u00e9rdida de control<\/p>\n<\/li>\n<li data-start=\"1081\" data-end=\"1167\">\n<p data-start=\"1083\" data-end=\"1167\">No respetar las se\u00f1ales de tr\u00e1fico en cruces como Waters Avenue o Skidaway Road<\/p>\n<\/li>\n<\/ul>\n<p data-start=\"1169\" data-end=\"1346\">Con el creciente tr\u00e1fico de Savannah, comprender los peligros de las colisiones frontales es fundamental tanto para la prevenci\u00f3n como para la recuperaci\u00f3n con un abogado experto en accidentes de colisi\u00f3n.<\/p>\n<h2 data-start=\"193\" data-end=\"254\">\u00bfQu\u00e9 debo hacer tras una colisi\u00f3n frontal en Savannah?<\/h2>\n<p data-start=\"256\" data-end=\"488\">Tomar las medidas adecuadas inmediatamente despu\u00e9s de una colisi\u00f3n frontal puede proteger su salud, sus derechos y su posible indemnizaci\u00f3n. Si usted o alguien que le acompa\u00f1a resulta herido en un accidente de colisi\u00f3n <a href=\"https:\/\/www.savannahga.gov\/\" target=\"_blank\" rel=\"noopener\">en Savannah<\/a>, siga esta gu\u00eda: <\/p>\n<ol data-start=\"490\" data-end=\"519\">\n<li data-start=\"490\" data-end=\"519\">\n<h3 data-start=\"493\" data-end=\"519\">Llame inmediatamente al 911<\/h3>\n<\/li>\n<\/ol>\n<p data-start=\"521\" data-end=\"728\">La seguridad es la m\u00e1xima prioridad. Aseg\u00farese de que todos los pasajeros est\u00e1n a salvo y, a continuaci\u00f3n, p\u00f3ngase en contacto con los servicios de emergencia. Un informe policial es crucial para establecer la responsabilidad en su caso. Solicite los servicios m\u00e9dicos de urgencia para una evaluaci\u00f3n inmediata de las lesiones.   <\/p>\n<ol start=\"2\" data-start=\"730\" data-end=\"787\">\n<li data-start=\"730\" data-end=\"787\">\n<h3 data-start=\"733\" data-end=\"787\">Busque tratamiento m\u00e9dico &#8211; Incluso si se siente \u00abbien\u00bb<\/h3>\n<\/li>\n<\/ol>\n<p data-start=\"789\" data-end=\"976\">Los s\u00edntomas de lesiones en la cabeza, el cuello o la columna vertebral pueden aparecer horas o d\u00edas despu\u00e9s. La pronta evaluaci\u00f3n por parte de un profesional sanitario refuerza su reclamaci\u00f3n en un caso de abogado por accidente de colisi\u00f3n. <\/p>\n<ol start=\"3\" data-start=\"978\" data-end=\"1006\">\n<li data-start=\"978\" data-end=\"1006\">\n<h3 data-start=\"981\" data-end=\"1006\">Docum\u00e9ntelo todo<\/h3>\n<\/li>\n<\/ol>\n<p data-start=\"1008\" data-end=\"1178\">Tome fotos y v\u00eddeos del lugar del accidente, las se\u00f1ales de tr\u00e1fico, los da\u00f1os del veh\u00edculo, las matr\u00edculas y las lesiones visibles. Recopile informaci\u00f3n de contacto de los testigos si dispone de ella. <\/p>\n<ol start=\"4\" data-start=\"1180\" data-end=\"1224\">\n<li data-start=\"1180\" data-end=\"1224\">\n<h3 data-start=\"1183\" data-end=\"1224\">Evite las conversaciones r\u00e1pidas sobre seguros<\/h3>\n<\/li>\n<\/ol>\n<p data-start=\"1226\" data-end=\"1368\">El objetivo de los peritos de seguros es minimizar los pagos. No admita la culpa ni acepte un acuerdo sin consultar a un abogado. <\/p>\n<ol start=\"5\" data-start=\"1370\" data-end=\"1413\">\n<li data-start=\"1370\" data-end=\"1413\">\n<h3 data-start=\"1373\" data-end=\"1413\">Llame a nuestros abogados de accidentes de Savannah<\/h3>\n<\/li>\n<\/ol>\n<p data-start=\"1415\" data-end=\"1565\">Nuestro equipo est\u00e1 disponible 24 horas al d\u00eda, 7 d\u00edas a la semana, para orientarle. Una consulta gratuita le ofrece asesoramiento honesto y profesional sobre sus pr\u00f3ximos pasos tras una colisi\u00f3n frontal. <\/p>\n<h2 data-start=\"181\" data-end=\"230\">\u00bfQu\u00e9 causa las colisiones frontales en Savannah?<\/h2>\n<p data-start=\"232\" data-end=\"400\">Comprender las causas profundas de las colisiones frontales puede ayudarle a usted y a su equipo jur\u00eddico a construir un caso s\u00f3lido. Muchos de estos accidentes son consecuencia directa de una negligencia: <\/p>\n<h3 data-start=\"402\" data-end=\"426\">Conducci\u00f3n distra\u00edda<\/h3>\n<p data-start=\"428\" data-end=\"707\">Enviar mensajes de texto, ajustar el GPS, comer o hablar con los pasajeros puede provocar un lapsus moment\u00e1neo que lleve a un veh\u00edculo a equivocarse de carril. La conducci\u00f3n distra\u00edda es una de las principales causas de accidentes de colisi\u00f3n en Savannah a lo largo de v\u00edas muy transitadas como Victory Drive, Abercorn Street y la autopista 80. <\/p>\n<h3 data-start=\"709\" data-end=\"739\">Conducir ebrio o drogado<\/h3>\n<p><img decoding=\"async\" class=\"alignnone wp-image-7473 size-full\" src=\"https:\/\/www.humbertoinjurylaw.com\/wp-content\/uploads\/2025\/09\/collision-accident-lawyer.jpg\" alt=\"Abogado de accidentes de colisi\u00f3n\" width=\"650\" height=\"433\" srcset=\"https:\/\/www.humbertoinjurylaw.com\/wp-content\/uploads\/2025\/09\/collision-accident-lawyer.jpg 650w, https:\/\/www.humbertoinjurylaw.com\/wp-content\/uploads\/2025\/09\/collision-accident-lawyer-300x200.jpg 300w\" sizes=\"(max-width: 650px) 100vw, 650px\" \/><\/p>\n<p data-start=\"741\" data-end=\"953\">La embriaguez ralentiza los tiempos de reacci\u00f3n y reduce el juicio. Es m\u00e1s probable que los conductores bajo los efectos del alcohol crucen la l\u00ednea central o conduzcan en sentido contrario, especialmente en corredores de alta velocidad como la US-80 o las salidas de la I-95. <\/p>\n<h3 data-start=\"955\" data-end=\"975\">Fatiga del conductor<\/h3>\n<p data-start=\"977\" data-end=\"1172\">Quedarse dormido al volante es un problema creciente en Savannah, sobre todo para los conductores comerciales y los trabajadores por turnos. La fatiga reduce la conciencia y aumenta el riesgo de colisi\u00f3n frontal. <\/p>\n<h3 data-start=\"1174\" data-end=\"1202\">Exceso de velocidad y furia al volante<\/h3>\n<p data-start=\"1204\" data-end=\"1389\">La velocidad excesiva o la conducci\u00f3n agresiva en las curvas o en condiciones meteorol\u00f3gicas adversas suelen provocar accidentes por colisi\u00f3n en la sabana. Ir a rebufo o adelantar de forma insegura puede provocar colisiones graves. <\/p>\n<p data-start=\"1391\" data-end=\"1631\">Nuestro equipo de abogados expertos en accidentes de colisi\u00f3n utiliza la reconstrucci\u00f3n de accidentes y el conocimiento del tr\u00e1fico local para determinar la responsabilidad y probar la negligencia. Un abogado experto en accidentes de tr\u00e1fico en Savannah puede ayudarle a recuperar una indemnizaci\u00f3n completa. <\/p>\n<h2>\u00bfCu\u00e1les son las lesiones m\u00e1s comunes en los accidentes frontales?<\/h2>\n<p>Las colisiones frontales producen fuerzas violentas que a menudo provocan lesiones catastr\u00f3ficas. Incluso con elementos de seguridad modernos como los airbags y las zonas deformables, el impacto puede provocar consecuencias a largo plazo: <\/p>\n<ul data-spread=\"false\">\n<li><strong>Lesiones cerebrales traum\u00e1ticas (TBI):<\/strong> Las conmociones cerebrales y los traumatismos cerebrales graves pueden afectar a la memoria, la cognici\u00f3n y las habilidades motoras.<\/li>\n<li><strong>Lesiones de la m\u00e9dula espinal:<\/strong> Pueden provocar una par\u00e1lisis total o parcial y requieren cuidados de por vida.<\/li>\n<li><strong>Lesiones ortop\u00e9dicas:<\/strong> Las fracturas de huesos en brazos, piernas, costillas o pelvis son frecuentes y pueden requerir una reparaci\u00f3n quir\u00fargica.<\/li>\n<li><strong>Da\u00f1os en los tejidos blandos:<\/strong> El latigazo cervical, la rotura de ligamentos y las lesiones musculares pueden provocar dolor cr\u00f3nico.<\/li>\n<li><strong>Hemorragia interna:<\/strong> Los da\u00f1os en los \u00f3rganos suelen pasar desapercibidos al principio, pero pueden ser mortales sin un tratamiento r\u00e1pido.<\/li>\n<li><strong>Trauma psicol\u00f3gico:<\/strong> La ansiedad, el TEPT y la depresi\u00f3n son comunes despu\u00e9s de un choque grave.<\/li>\n<\/ul>\n<p>En las Oficinas Legales de Humberto Izquierdo Jr., trabajamos con neur\u00f3logos, cirujanos ortop\u00e9dicos y profesionales de la salud mental para evaluar y documentar plenamente sus lesiones para obtener la m\u00e1xima compensaci\u00f3n.<\/p>\n<h2>\u00bfQu\u00e9 indemnizaci\u00f3n puedo reclamar tras una colisi\u00f3n frontal en Savannah?<\/h2>\n<p>Cada caso de colisi\u00f3n frontal es \u00fanico, pero las v\u00edctimas suelen tener derecho a importantes indemnizaciones por p\u00e9rdidas econ\u00f3micas y no econ\u00f3micas:<\/p>\n<h3>Da\u00f1os econ\u00f3micos<\/h3>\n<ul data-spread=\"false\">\n<li>Gastos de ambulancia y urgencias<\/li>\n<li>Hospitalizaci\u00f3n y cirug\u00edas<\/li>\n<li>Fisioterapia y equipamiento m\u00e9dico<\/li>\n<li>Medicamentos recetados<\/li>\n<li>P\u00e9rdida de salarios y reducci\u00f3n de la capacidad para obtener ingresos<\/li>\n<li>Transporte para las citas m\u00e9dicas<\/li>\n<\/ul>\n<h3>Da\u00f1os no econ\u00f3micos<\/h3>\n<ul data-spread=\"false\">\n<li>Dolor y Sufrimiento<\/li>\n<li>Angustia mental<\/li>\n<li>P\u00e9rdida del disfrute de la vida<\/li>\n<li>Desfiguraci\u00f3n o incapacidad permanente<\/li>\n<\/ul>\n<h3>Da\u00f1os punitivos<\/h3>\n<p>Si el conductor culpable estaba intoxicado o conduc\u00eda de forma temeraria, usted tambi\u00e9n puede optar a da\u00f1os punitivos, que est\u00e1n dise\u00f1ados para castigar y disuadir esa conducta.<\/p>\n<p>Calculamos sus da\u00f1os totales utilizando historiales m\u00e9dicos, historial laboral y evaluaciones periciales para asegurarnos de que las compa\u00f1\u00edas de seguros no le defraudan.<\/p>\n<h2>\u00bfC\u00f3mo probamos la culpabilidad en una colisi\u00f3n frontal en Savannah?<\/h2>\n<p>Probar la responsabilidad requiere una recopilaci\u00f3n estrat\u00e9gica de pruebas y un profundo conocimiento de las leyes de negligencia de Georgia. Adoptamos un enfoque proactivo y minucioso que incluye: <\/p>\n<ul data-spread=\"false\">\n<li><strong>Informes policiales:<\/strong> Obtenemos y analizamos los informes de colisiones de las fuerzas de seguridad locales.<\/li>\n<li><strong>Entrevistas a testigos:<\/strong> Los testigos presenciales independientes pueden respaldar su versi\u00f3n de los hechos.<\/li>\n<li><strong>Fotos de la escena del accidente y vigilancia:<\/strong> Las c\u00e1maras de salpicadero y las c\u00e1maras de seguridad cercanas pueden revelar detalles clave.<\/li>\n<li><strong>Toxicolog\u00eda y registros telef\u00f3nicos:<\/strong> Pruebe la DUI o el env\u00edo de mensajes de texto mientras conduce.<\/li>\n<li><strong>Reconstrucci\u00f3n pericial de accidentes:<\/strong> Nos asociamos con especialistas para simular c\u00f3mo se produjo el accidente y demostrar la culpa.<\/li>\n<\/ul>\n<p>Nuestro bufete construye casos herm\u00e9ticos dise\u00f1ados para resistir el escrutinio de los peritos de seguros y los abogados de la parte contraria.<\/p>\n<h2>\u00bfCu\u00e1nto tiempo tengo para presentar una demanda en Georgia?<\/h2>\n<p>En Georgia, el plazo de prescripci\u00f3n para las demandas por<a href=\"https:\/\/www.humbertoinjurylaw.com\/es\/savannah\/abogado-de-lesiones-personales-de-savannah\/\" target=\"_blank\" rel=\"noopener\"> lesiones personales<\/a> es de dos a\u00f1os a partir de la fecha del accidente. Sin embargo, esperar demasiado puede poner en peligro su caso. Las pruebas pueden degradarse, los recuerdos desvanecerse y los equipos de defensa de las aseguradoras volverse m\u00e1s agresivos. No se demore. Cuanto antes nos llame, mejor podremos proteger sus derechos y construir un caso convincente.    <\/p>\n<h2 data-start=\"241\" data-end=\"328\">Preguntas frecuentes adicionales &#8211; Abogados de colisi\u00f3n frontal en Savannah, GA<\/h2>\n<h3 data-start=\"330\" data-end=\"406\">\u00bfC\u00f3mo puede ayudarme un abogado de Savannah con mi reclamaci\u00f3n al seguro?<\/h3>\n<p data-start=\"408\" data-end=\"787\">Un abogado especializado en accidentes de tr\u00e1fico en Savannah puede encargarse de toda la comunicaci\u00f3n con los peritos de seguros, asegur\u00e1ndose de que sus derechos est\u00e9n protegidos y de que no acepte una oferta a la baja. Negocian directamente con las aseguradoras, re\u00fanen documentaci\u00f3n de apoyo y se aseguran de que sus gastos m\u00e9dicos, salarios perdidos y dolor y sufrimiento por un accidente de colisi\u00f3n se contabilicen en su totalidad. <\/p>\n<p data-start=\"408\" data-end=\"787\"><img decoding=\"async\" class=\"alignnone wp-image-7477 size-full\" src=\"https:\/\/www.humbertoinjurylaw.com\/wp-content\/uploads\/2025\/09\/savannah-collision-accident.jpg\" alt=\"Accidente de colisi\u00f3n en Savannah\" width=\"650\" height=\"433\" srcset=\"https:\/\/www.humbertoinjurylaw.com\/wp-content\/uploads\/2025\/09\/savannah-collision-accident.jpg 650w, https:\/\/www.humbertoinjurylaw.com\/wp-content\/uploads\/2025\/09\/savannah-collision-accident-300x200.jpg 300w\" sizes=\"(max-width: 650px) 100vw, 650px\" \/><\/p>\n<h3 data-start=\"789\" data-end=\"878\">\u00bfQu\u00e9 debo llevar a mi consulta inicial con un abogado de accidentes de tr\u00e1fico de Savannah?<\/h3>\n<p data-start=\"880\" data-end=\"1190\">Lleve toda la documentaci\u00f3n pertinente, incluido el informe policial, los historiales m\u00e9dicos, las fotos del lugar del accidente, la informaci\u00f3n de los testigos, los datos del seguro y cualquier correspondencia de las aseguradoras. Esto permitir\u00e1 a su abogado especializado en accidentes de colisi\u00f3n de Savannah evaluar su caso y proporcionarle una estrategia legal personalizada. <\/p>\n<h3 data-start=\"1192\" data-end=\"1285\">\u00bfMerece la pena contratar a un abogado local de Savannah especializado en lesiones personales en lugar de a un bufete estatal?<\/h3>\n<p data-start=\"1287\" data-end=\"1497\">S\u00ed. Un <a href=\"https:\/\/www.humbertoinjurylaw.com\/es\/savannah\/\" target=\"_blank\" rel=\"noopener\">abogado local de Savannah<\/a> ofrece conocimientos espec\u00edficos sobre los tribunales, los jueces y los patrones de tr\u00e1fico del condado de Chatham. La experiencia local a menudo conduce a resultados m\u00e1s s\u00f3lidos y a consultas m\u00e1s accesibles y en persona.  <\/p>\n<h3 data-start=\"1499\" data-end=\"1576\">\u00bfY si el conductor culpable huy\u00f3 del lugar del accidente en Savannah?<\/h3>\n<p data-start=\"1578\" data-end=\"1846\">Si se vio implicado en un choque frontal con fuga, su cobertura de motorista sin seguro puede cubrir sus da\u00f1os. Un abogado especializado en accidentes de colisi\u00f3n en Savannah identificar\u00e1 todas las v\u00edas de indemnizaci\u00f3n y colaborar\u00e1 con los investigadores para localizar al conductor que se dio a la fuga. <\/p>\n<h3 data-start=\"1848\" data-end=\"1927\">\u00bfCu\u00e1nto tiempo suele tardar en resolverse un caso de colisi\u00f3n frontal en Savannah?<\/h3>\n<p data-start=\"1929\" data-end=\"2181\">La mayor\u00eda de las demandas por accidentes de colisi\u00f3n se resuelven en 6-12 meses, pero los casos con lesiones graves o responsabilidad controvertida pueden llevar m\u00e1s tiempo. Su abogado especializado en accidentes de tr\u00e1fico buscar\u00e1 una resoluci\u00f3n oportuna al tiempo que se asegura de que la indemnizaci\u00f3n refleje la totalidad de sus p\u00e9rdidas. <\/p>\n<h3 data-start=\"2183\" data-end=\"2272\">\u00bfPuedo presentar una demanda si no fui al hospital inmediatamente despu\u00e9s del accidente?<\/h3>\n<p data-start=\"2274\" data-end=\"2463\">S\u00ed. Los s\u00edntomas retardados como el latigazo cervical o las lesiones internas son comunes. Un abogado de Savannah puede relacionar sus lesiones con la colisi\u00f3n frontal utilizando pruebas m\u00e9dicas y testimonios de expertos.  <\/p>\n<h3 data-start=\"2465\" data-end=\"2537\">\u00bfQu\u00e9 tribunales locales tramitan las demandas por colisi\u00f3n frontal en Savannah, GA?<\/h3>\n<p data-start=\"2539\" data-end=\"2720\">La mayor\u00eda de las demandas se presentan en el Tribunal Estatal del Condado de Chatham. Su abogado especializado en accidentes de colisi\u00f3n presentar\u00e1 los documentos, se encargar\u00e1 de las mociones previas al juicio y le representar\u00e1 en todas las vistas. <\/p>\n<h3 data-start=\"2722\" data-end=\"2785\">\u00bfC\u00f3mo puedo saber si la oferta de acuerdo que he recibido es justa?<\/h3>\n<p data-start=\"2787\" data-end=\"2995\">No acepte un acuerdo sin orientaci\u00f3n. Un <a href=\"https:\/\/www.humbertoinjurylaw.com\/es\/savannah\/abogado-de-accidentes-de-trafico-en-savannah\/\" target=\"_blank\" rel=\"noopener\">abogado de Savannah especializado en accidentes de tr\u00e1fico<\/a> puede comparar su oferta con veredictos y acuerdos locales recientes por lesiones similares, negociando una mejor indemnizaci\u00f3n si es necesario. <\/p>\n<h3 data-start=\"2997\" data-end=\"3084\">\u00bfQu\u00e9 papel desempe\u00f1a la reconstrucci\u00f3n de accidentes en un caso de colisi\u00f3n frontal en Savannah?<\/h3>\n<p data-start=\"3086\" data-end=\"3318\">Los expertos utilizan las marcas de derrape, los da\u00f1os del veh\u00edculo y el trazado de la carretera para recrear el choque. Esto es clave para demostrar la responsabilidad en los accidentes por colisi\u00f3n. Su abogado especializado en accidentes de colisi\u00f3n puede contratar a este tipo de expertos para reforzar su caso.  <\/p>\n<h3 data-start=\"3320\" data-end=\"3403\">\u00bfPuedo reclamar angustia emocional si no sufr\u00ed lesiones f\u00edsicas en un accidente de tr\u00e1fico?<\/h3>\n<p data-start=\"3405\" data-end=\"3632\">Incluso sin lesiones f\u00edsicas, puede tener derecho a una indemnizaci\u00f3n por da\u00f1os y perjuicios por trauma emocional, ansiedad o trastorno de estr\u00e9s postraum\u00e1tico, especialmente tras una colisi\u00f3n frontal grave. Un abogado puede evaluar sus reclamaciones por salud mental. <\/p>\n<h2>\u00bfPor qu\u00e9 elegir las Oficinas Legales de Humberto Izquierdo Jr., PC?<\/h2>\n<p>Entendemos que despu\u00e9s de un accidente de coche grave, usted necesita algo m\u00e1s que asesoramiento jur\u00eddico: necesita apoyo, compasi\u00f3n y resultados. Esto es lo que nos hace diferentes: <\/p>\n<ul data-spread=\"false\">\n<li><strong>Centrados en Savannah:<\/strong> Nuestros profundos lazos con el condado de Chatham y los vecindarios circundantes nos dan una ventaja en el manejo de reclamaciones locales por accidentes de colisi\u00f3n.<\/li>\n<li><strong>Disponibilidad 24\/7:<\/strong> Los accidentes no siguen un horario comercial, y nosotros tampoco.<\/li>\n<li><strong>Modelo de honorarios contingentes:<\/strong> Usted no paga nada a menos que recuperemos una indemnizaci\u00f3n.<\/li>\n<li><strong>Historial de \u00e9xitos:<\/strong> Hemos conseguido millones para las v\u00edctimas de accidentes en Georgia.<\/li>\n<li><strong>Comunicaci\u00f3n con el cliente en primer lugar:<\/strong> Le mantenemos informado en todo momento.<\/li>\n<\/ul>\n<p>Desde nuestra oficina, servimos con orgullo a Savannah, Pooler, Garden City, Thunderbolt, Tybee Island y las zonas circundantes.<\/p>\n<h2>Llame hoy mismo a un abogado especializado en colisiones frontales de Savannah<\/h2>\n<p>Si usted o un ser querido ha resultado herido en un choque frontal en Savannah, no espere. Perm\u00edtanos ayudarle a recuperar su tranquilidad y estabilidad financiera. <\/p>\n<p><img loading=\"lazy\" decoding=\"async\" class=\"alignnone wp-image-7475 size-full\" src=\"https:\/\/www.humbertoinjurylaw.com\/wp-content\/uploads\/2025\/09\/car-crash-attorney.jpg\" alt=\"Abogado de accidentes de tr\u00e1fico\" width=\"650\" height=\"434\" srcset=\"https:\/\/www.humbertoinjurylaw.com\/wp-content\/uploads\/2025\/09\/car-crash-attorney.jpg 650w, https:\/\/www.humbertoinjurylaw.com\/wp-content\/uploads\/2025\/09\/car-crash-attorney-300x200.jpg 300w\" sizes=\"(max-width: 650px) 100vw, 650px\" \/><\/p>\n<p><strong>Llame ahora:<\/strong> <a href=\"tel:+17708888901\"><i class=\"fa fa-phone-alt\"><\/i>(770) 888-8901<\/a> <a href=\"https:\/\/www.humbertoinjurylaw.com\/es\/contacto\/\" target=\"_blank\" rel=\"noopener\"><strong>Revisi\u00f3n gratuita de su caso | Sin honorarios por adelantado<\/strong><\/a><\/p>\n<p>En las Oficinas Legales de Humberto Izquierdo Jr., PC, luchamos por lo que m\u00e1s importa: su recuperaci\u00f3n, sus derechos y su futuro.<\/p>\n","protected":false},"excerpt":{"rendered":"<p>Abogado de accidentes por colisi\u00f3n frontal en Savannah, Georgia Si usted o un ser querido ha resultado herido en una colisi\u00f3n frontal en Savannah, Georgia, entiende lo devastadores que pueden ser estos accidentes. Las colisiones frontales se encuentran entre los tipos m\u00e1s graves de accidentes automovil\u00edsticos, a menudo resultando en tratamiento m\u00e9dico a largo plazo, [&hellip;]<\/p>\n","protected":false},"author":53,"featured_media":0,"parent":10474,"menu_order":0,"comment_status":"closed","ping_status":"closed","template":"","meta":{"_acf_changed":false,"anchor_text":"","footnotes":""},"class_list":["post-10480","page","type-page","status-publish","hentry"],"acf":[],"_links":{"self":[{"href":"https:\/\/www.humbertoinjurylaw.com\/es\/wp-json\/wp\/v2\/pages\/10480","targetHints":{"allow":["GET"]}}],"collection":[{"href":"https:\/\/www.humbertoinjurylaw.com\/es\/wp-json\/wp\/v2\/pages"}],"about":[{"href":"https:\/\/www.humbertoinjurylaw.com\/es\/wp-json\/wp\/v2\/types\/page"}],"author":[{"embeddable":true,"href":"https:\/\/www.humbertoinjurylaw.com\/es\/wp-json\/wp\/v2\/users\/53"}],"replies":[{"embeddable":true,"href":"https:\/\/www.humbertoinjurylaw.com\/es\/wp-json\/wp\/v2\/comments?post=10480"}],"version-history":[{"count":0,"href":"https:\/\/www.humbertoinjurylaw.com\/es\/wp-json\/wp\/v2\/pages\/10480\/revisions"}],"up":[{"embeddable":true,"href":"https:\/\/www.humbertoinjurylaw.com\/es\/wp-json\/wp\/v2\/pages\/10474"}],"wp:attachment":[{"href":"https:\/\/www.humbertoinjurylaw.com\/es\/wp-json\/wp\/v2\/media?parent=10480"}],"curies":[{"name":"wp","href":"https:\/\/api.w.org\/{rel}","templated":true}]}}