{"id":10486,"date":"2025-09-02T11:47:51","date_gmt":"2025-09-02T15:47:51","guid":{"rendered":"https:\/\/www.humbertoinjurylaw.com\/savannah\/abogado-de-accidentes-de-trafico-en-savannah\/abogado-de-accidentes-por-exceso-de-velocidad-en-savannah\/"},"modified":"2025-09-02T11:47:51","modified_gmt":"2025-09-02T15:47:51","slug":"abogado-de-accidentes-por-exceso-de-velocidad-en-savannah","status":"publish","type":"page","link":"https:\/\/www.humbertoinjurylaw.com\/es\/savannah\/abogado-de-accidentes-de-trafico-en-savannah\/abogado-de-accidentes-por-exceso-de-velocidad-en-savannah\/","title":{"rendered":"Abogado de accidentes por exceso de velocidad en Savannah"},"content":{"rendered":"<h2 data-start=\"264\" data-end=\"330\">Por qu\u00e9 los accidentes por exceso de velocidad son un grave problema en Savannah, GA<\/h2>\n<p data-start=\"332\" data-end=\"719\">El exceso de velocidad es una de las formas m\u00e1s peligrosas de conducci\u00f3n negligente, y en una ciudad en crecimiento como Savannah, Georgia, es uno de los principales causantes de graves <a href=\"https:\/\/www.humbertoinjurylaw.com\/es\/savannah\/abogado-de-accidentes-de-trafico-en-savannah\/\" target=\"_blank\" rel=\"noopener\">accidentes de tr\u00e1fico en Savannah<\/a>. Savannah es conocida por sus distritos hist\u00f3ricos, la vibrante zona de River Street y sus pintorescos barrios costeros, pero con el crecimiento viene m\u00e1s tr\u00e1fico y, por desgracia, m\u00e1s accidentes causados por exceso de velocidad. <\/p>\n<p data-start=\"721\" data-end=\"922\">Tanto si se desplaza por la I-95, como si viaja por el centro de la ciudad o se desplaza por las concurridas intersecciones cercanas a Victory Drive y Montgomery Crossroads, los conductores con exceso de velocidad ponen en peligro a los dem\u00e1s todos los d\u00edas.<\/p>\n<p data-start=\"924\" data-end=\"1290\">En <a href=\"\/\" target=\"_blank\" rel=\"noopener\">las Oficinas Legales de Humberto Izquierdo Jr., PC<\/a>, nuestros experimentados abogados de Savannah entienden lo devastador que pueden ser estos choques, especialmente cuando resultan en lesiones a largo plazo y trauma emocional. Nuestro objetivo es proteger sus derechos y ayudarle a obtener la justicia y la indemnizaci\u00f3n que se merece despu\u00e9s de un accidente automovil\u00edstico por exceso de velocidad. <\/p>\n<p data-start=\"924\" data-end=\"1290\"><img fetchpriority=\"high\" decoding=\"async\" class=\"alignnone wp-image-7322 size-full\" src=\"https:\/\/www.humbertoinjurylaw.com\/wp-content\/uploads\/2025\/09\/speeding-accident.jpg\" alt=\"Accidente por exceso de velocidad\" width=\"650\" height=\"410\" srcset=\"https:\/\/www.humbertoinjurylaw.com\/wp-content\/uploads\/2025\/09\/speeding-accident.jpg 650w, https:\/\/www.humbertoinjurylaw.com\/wp-content\/uploads\/2025\/09\/speeding-accident-300x189.jpg 300w\" sizes=\"(max-width: 650px) 100vw, 650px\" \/><\/p>\n<h2 data-start=\"207\" data-end=\"272\">\u00bfCu\u00e1les son las principales causas de los accidentes por exceso de velocidad en Savannah?<\/h2>\n<p data-start=\"274\" data-end=\"590\">Los accidentes por exceso de velocidad no ocurren porque s\u00ed: a menudo se deben a conductas evitables e imprudentes. Comprender estas causas fundamentales es esencial para prevenir futuros accidentes y probar la negligencia cuando ocurren. Algunas de las principales causas de los accidentes de tr\u00e1fico por exceso de velocidad en Savannah y el <a href=\"https:\/\/www.chathamcountyga.gov\/\" target=\"_blank\" rel=\"noopener\">condado de Chatham<\/a> son:  <\/p>\n<ul>\n<li data-start=\"592\" data-end=\"855\"><strong data-start=\"592\" data-end=\"624\">Comportamiento agresivo al volante:<\/strong> Muchos conductores conducen a rebufo, zigzaguean entre carriles o se enfurecen al volante durante las horas punta o cuando van con retraso. Estos comportamientos no s\u00f3lo son peligrosos, sino que a menudo van acompa\u00f1ados de una velocidad excesiva, lo que provoca graves accidentes de tr\u00e1fico en Savannah. <\/li>\n<li data-start=\"857\" data-end=\"1039\"><strong data-start=\"857\" data-end=\"880\">Conducci\u00f3n distra\u00edda:<\/strong> El exceso de velocidad coexiste a menudo con el env\u00edo de mensajes de texto o el uso del tel\u00e9fono al volante. Un conductor distra\u00eddo que viaja demasiado r\u00e1pido tiene poco tiempo para evitar un accidente por exceso de velocidad. <\/li>\n<li data-start=\"1041\" data-end=\"1219\"><strong data-start=\"1041\" data-end=\"1077\">Llegar tarde al trabajo o al colegio:<\/strong> Las agendas apretadas llevan a algunos conductores a sobrepasar los l\u00edmites de velocidad, especialmente a lo largo de Victory Drive, Montgomery Crossroads o la zona de la Isla de la Esperanza.<\/li>\n<li data-start=\"1221\" data-end=\"1428\"><strong data-start=\"1221\" data-end=\"1253\">Conducir bajo los efectos del alcohol:<\/strong> El alcohol y las drogas alteran el juicio, haciendo que los conductores sean m\u00e1s propensos a acelerar y menos propensos a responder adecuadamente a los peligros, lo que aumenta el riesgo de sufrir un accidente de tr\u00e1fico por exceso de velocidad.<\/li>\n<li data-start=\"1430\" data-end=\"1633\"><strong data-start=\"1430\" data-end=\"1469\">Falta de visibilidad de las fuerzas del orden:<\/strong> Cuando los conductores creen que no les van a pillar, pueden sentirse m\u00e1s inclinados a conducir con exceso de velocidad, sobre todo a altas horas de la noche o en barrios suburbanos como Midtown o Thunderbolt.<\/li>\n<\/ul>\n<p data-start=\"1635\" data-end=\"1884\">En las Oficinas Legales de Humberto Izquierdo Jr., nuestros experimentados abogados de Savannah toman en serio estos factores cuando investigan su caso y responsabilizan a los conductores negligentes por accidentes automovil\u00edsticos en Savannah.<\/p>\n<h2 data-start=\"207\" data-end=\"266\">\u00bfC\u00f3mo afectan los accidentes por exceso de velocidad a las v\u00edctimas en Savannah?<\/h2>\n<p data-start=\"268\" data-end=\"455\">Las v\u00edctimas de lesiones en accidentes por exceso de velocidad a menudo sufren m\u00e1s que heridas f\u00edsicas: sufren emocional, financiera y psicol\u00f3gicamente. Estos choques a alta velocidad suelen provocar: <\/p>\n<ul>\n<li data-start=\"457\" data-end=\"666\"><strong data-start=\"457\" data-end=\"483\">Lesiones catastr\u00f3ficas:<\/strong> Entre ellas se incluyen las lesiones cerebrales traum\u00e1ticas, los da\u00f1os en la m\u00e9dula espinal y las fracturas m\u00faltiples que pueden alterar su vida de forma permanente tras un accidente de tr\u00e1fico en Savannah o un accidente de tr\u00e1fico por exceso de velocidad.<\/li>\n<li data-start=\"668\" data-end=\"797\"><strong data-start=\"668\" data-end=\"698\">Hospitalizaciones prolongadas:<\/strong> Las v\u00edctimas suelen requerir cirug\u00eda de urgencia, semanas de hospitalizaci\u00f3n y rehabilitaci\u00f3n a largo plazo.<\/li>\n<li data-start=\"799\" data-end=\"937\"><strong data-start=\"799\" data-end=\"833\">P\u00e9rdida de ingresos y empleo:<\/strong> La recuperaci\u00f3n de lesiones graves puede imposibilitar la vuelta al trabajo durante semanas, meses o incluso a\u00f1os.<\/li>\n<li data-start=\"939\" data-end=\"1135\"><strong data-start=\"939\" data-end=\"970\">Consecuencias para la salud mental:<\/strong> Muchas v\u00edctimas sufren TEPT, ansiedad y depresi\u00f3n. Los efectos emocionales de un accidente traum\u00e1tico pueden durar mucho m\u00e1s all\u00e1 del periodo de curaci\u00f3n f\u00edsica. <\/li>\n<li data-start=\"1137\" data-end=\"1269\"><strong data-start=\"1137\" data-end=\"1160\">Impacto en las familias:<\/strong> Los seres queridos a menudo asumen funciones de cuidadores o sufren tensi\u00f3n emocional debido al estado de la parte lesionada.<\/li>\n<\/ul>\n<p data-start=\"1271\" data-end=\"1621\">Nuestro bufete colabora con hospitales locales como el Memorial Health University Medical Center y cl\u00ednicas terap\u00e9uticas de todo el condado de Chatham para documentar todo el alcance de sus lesiones m\u00e9dicas y emocionales. Nuestros experimentados abogados especializados en accidentes por exceso de velocidad est\u00e1n preparados para ayudar a las v\u00edctimas a obtener la justicia y la indemnizaci\u00f3n que merecen. <\/p>\n<h2>\u00bfQu\u00e9 pasos debo dar tras un accidente por exceso de velocidad en Savannah?<\/h2>\n<p>Saber qu\u00e9 hacer despu\u00e9s de un accidente puede ser decisivo en su caso. Aqu\u00ed tiene una lista clara paso a paso que debe seguir: <\/p>\n<ol start=\"1\" data-spread=\"false\">\n<li><strong>Llame inmediatamente al 911:<\/strong> Aseg\u00farese de que se tratan todas las lesiones y de que se presenta un informe policial en el lugar de los hechos.<\/li>\n<li><strong>Recoja pruebas:<\/strong> Tome fotos de ambos veh\u00edculos, de las condiciones de la carretera y de cualquier herida visible. Documente las marcas de derrape, la se\u00f1alizaci\u00f3n o los peligros de la carretera. <\/li>\n<li><strong>Hable con los testigos:<\/strong> Si alguien vio el accidente, consiga su nombre e informaci\u00f3n de contacto: pueden proporcionar declaraciones cruciales m\u00e1s adelante.<\/li>\n<li><strong>Busque atenci\u00f3n m\u00e9dica:<\/strong> Aunque se sienta bien, los problemas subyacentes como una hemorragia interna o una conmoci\u00f3n cerebral pueden no presentar s\u00edntomas inmediatamente.<\/li>\n<li><strong>Informe del accidente a su compa\u00f1\u00eda de seguros:<\/strong> Inf\u00f3rmeles con prontitud pero evite facilitar declaraciones grabadas hasta que consulte a un abogado.<\/li>\n<li><strong>P\u00f3ngase en contacto con un abogado local:<\/strong> Las Oficinas Legales de Humberto Izquierdo Jr., PC pueden comenzar a construir su caso inmediatamente, preservando la evidencia y protegiendo sus derechos legales.<\/li>\n<\/ol>\n<h2>\u00bfC\u00f3mo puede ayudarme un abogado de Savannah especializado en accidentes por exceso de velocidad?<\/h2>\n<p>Trabajar con un <a href=\"https:\/\/www.humbertoinjurylaw.com\/es\/savannah\/abogado-de-accidentes-de-trafico-en-savannah\/\" target=\"_blank\" rel=\"noopener\">abogado experto en accidentes de coche en Savannah<\/a> puede marcar una gran diferencia en su recuperaci\u00f3n. Nuestro equipo legal proporciona: <\/p>\n<ul data-spread=\"false\">\n<li><strong>Investigaci\u00f3n exhaustiva:<\/strong> Recopilamos y analizamos los datos del accidente, las grabaciones de las c\u00e1maras de seguridad, los v\u00eddeos de las dashcams y los registros de los tel\u00e9fonos m\u00f3viles.<\/li>\n<li><strong>Consulta de expertos:<\/strong> Los expertos en reconstrucci\u00f3n de accidentes ayudan a ilustrar la alta velocidad y c\u00f3mo \u00e9sta caus\u00f3 directamente la colisi\u00f3n.<\/li>\n<li><strong>Asociaciones m\u00e9dicas:<\/strong> Nos coordinamos con los profesionales m\u00e9dicos para documentar las necesidades asistenciales actuales y futuras.<\/li>\n<li><strong>Negociaci\u00f3n con el seguro:<\/strong> Sabemos c\u00f3mo contrarrestar las t\u00e1cticas del seguro que minimizan su reclamaci\u00f3n. Nuestros abogados luchan por una indemnizaci\u00f3n completa. <\/li>\n<li><strong>Preparaci\u00f3n para el juicio:<\/strong> Si el seguro no coopera, estamos totalmente preparados para llevar su caso ante un juez y un jurado del condado de Chatham.<\/li>\n<\/ul>\n<p><a href=\"https:\/\/www.humbertoinjurylaw.com\/wp-content\/uploads\/2025\/09\/speeding-crash-lawyer.jpg\"><img decoding=\"async\" class=\"alignnone wp-image-7320 size-full\" src=\"https:\/\/www.humbertoinjurylaw.com\/wp-content\/uploads\/2025\/09\/speeding-crash-lawyer.jpg\" alt=\"Abogado de accidentes por exceso de velocidad\" width=\"650\" height=\"433\" srcset=\"https:\/\/www.humbertoinjurylaw.com\/wp-content\/uploads\/2025\/09\/speeding-crash-lawyer.jpg 650w, https:\/\/www.humbertoinjurylaw.com\/wp-content\/uploads\/2025\/09\/speeding-crash-lawyer-300x200.jpg 300w\" sizes=\"(max-width: 650px) 100vw, 650px\" \/><\/a><\/p>\n<p>Nuestra experiencia con los tribunales locales y las compa\u00f1\u00edas de seguros le garantiza una atenci\u00f3n personalizada y un poderoso apoyo jur\u00eddico.<\/p>\n<h2>\u00bfQu\u00e9 indemnizaci\u00f3n se puede obtener tras un accidente por exceso de velocidad en Georgia?<\/h2>\n<p>Las v\u00edctimas de Savannah pueden tener derecho a m\u00faltiples formas de indemnizaci\u00f3n, dependiendo de la gravedad de sus lesiones y de c\u00f3mo el accidente haya afectado a su vida. Entre ellas se incluyen:<\/p>\n<ul data-spread=\"false\">\n<li><strong>Gastos m\u00e9dicos:<\/strong> Transporte de urgencia, intervenciones quir\u00fargicas, citas de seguimiento, fisioterapia, medicamentos y dispositivos m\u00e9dicos.<\/li>\n<li><strong>Salarios perdidos:<\/strong> Cubre la ausencia del trabajo e incluye la p\u00e9rdida del potencial de ingresos futuros debido a una discapacidad o lesi\u00f3n cr\u00f3nica.<\/li>\n<li><strong>Da\u00f1os al veh\u00edculo y a los bienes:<\/strong> Reembolso \u00edntegro de la reparaci\u00f3n o sustituci\u00f3n del veh\u00edculo y de los bienes personales perdidos en el accidente.<\/li>\n<li><strong>Dolor y sufrimiento:<\/strong> La angustia emocional, el dolor cr\u00f3nico, la p\u00e9rdida del disfrute de la vida y el trauma psicol\u00f3gico son elegibles.<\/li>\n<li><strong>Da\u00f1os punitivos:<\/strong> En casos de exceso de velocidad atroz o reincidencia, podemos solicitar da\u00f1os adicionales destinados a castigar al conductor culpable.<\/li>\n<\/ul>\n<p>Nuestra estrategia legal se centra en recuperar cada d\u00f3lar que le deben para que pueda rehacer su vida.<\/p>\n<h2>\u00bfC\u00f3mo probamos la responsabilidad en los accidentes por exceso de velocidad en Savannah?<\/h2>\n<p>Para ganar su reclamaci\u00f3n, debemos demostrar que la negligencia del otro conductor caus\u00f3 sus lesiones. Lo hacemos recopilando pruebas contundentes, como: <\/p>\n<ul data-spread=\"false\">\n<li>Informes oficiales de las fuerzas de seguridad locales<\/li>\n<li>Patrones de da\u00f1os en veh\u00edculos y restos en la calzada<\/li>\n<li>Relatos de testigos presenciales e im\u00e1genes de v\u00eddeo<\/li>\n<li>An\u00e1lisis de marcas de derrape<\/li>\n<li>Informes periciales de investigadores de accidentes<\/li>\n<\/ul>\n<p>Tambi\u00e9n trabajamos estrechamente con m\u00e9dicos y expertos econ\u00f3micos para demostrar c\u00f3mo sus lesiones afectan a su salud, empleo y funci\u00f3n diaria.<\/p>\n<h2 data-start=\"207\" data-end=\"304\">Preguntas frecuentes sobre la b\u00fasqueda de ayuda legal tras un accidente relacionado con el exceso de velocidad en el que usted no tuvo la culpa<\/h2>\n<h3 data-start=\"2279\" data-end=\"2355\">\u00bfC\u00f3mo puedo demostrar que el exceso de velocidad caus\u00f3 el accidente si yo no tuve la culpa?<\/h3>\n<p data-start=\"2357\" data-end=\"2741\">Probar un accidente por exceso de velocidad normalmente implica recopilar im\u00e1genes de c\u00e1maras de tr\u00e1fico, declaraciones de testigos, informes de accidentes y testimonios de expertos. Un abogado de Savannah puede ayudar a reunir y presentar estas pruebas para demostrar que el exceso de velocidad del otro conductor contribuy\u00f3 directamente al accidente de tr\u00e1fico. Las infracciones por exceso de velocidad y las leyes de tr\u00e1fico tambi\u00e9n pueden ser cruciales para establecer la culpa.  <\/p>\n<h3 data-start=\"2743\" data-end=\"2820\">\u00bfNecesito un abogado si no tuve la culpa en un accidente relacionado con el exceso de velocidad?<\/h3>\n<p data-start=\"2822\" data-end=\"3166\">Aunque no es obligatorio, contratar a un abogado especializado en accidentes por exceso de velocidad puede mejorar significativamente sus posibilidades de obtener una indemnizaci\u00f3n justa, especialmente si la compa\u00f1\u00eda de seguros del otro conductor ofrece un acuerdo bajo. Un abogado experimentado de Savannah puede ocuparse de su caso, desde la recogida de pruebas hasta la negociaci\u00f3n de un acuerdo o su representaci\u00f3n ante los tribunales. <\/p>\n<h3 data-start=\"3697\" data-end=\"3796\">\u00bfDe cu\u00e1nto tiempo dispongo para presentar una reclamaci\u00f3n tras un accidente relacionado con el exceso de velocidad en el que no tuve la culpa?<\/h3>\n<p data-start=\"3798\" data-end=\"4062\">El plazo de prescripci\u00f3n para presentar una demanda por lesiones personales tras un accidente de tr\u00e1fico en Savannah suele oscilar entre uno y tres a\u00f1os a partir de la fecha del accidente. Ponerse en contacto con un abogado de Savannah con prontitud garantiza el cumplimiento de los plazos y protege sus derechos legales. <\/p>\n<h3 data-start=\"4064\" data-end=\"4155\">\u00bfPuedo recuperar los da\u00f1os si el otro conductor circulaba con exceso de velocidad pero no admite la culpa?<\/h3>\n<p data-start=\"4157\" data-end=\"4477\">S\u00ed, incluso si el otro conductor no admite la culpa, usted puede recuperar los da\u00f1os si demuestra que su exceso de velocidad contribuy\u00f3 al accidente de coche por exceso de velocidad. Un abogado puede reunir pruebas como informes de tr\u00e1fico, declaraciones de testigos y an\u00e1lisis de expertos para establecer la culpa y ayudar a conseguir un acuerdo justo. <\/p>\n<h2>\u00bfPor qu\u00e9 elegir el bufete de Humberto Izquierdo Jr. en Savannah?<\/h2>\n<p>Nuestro bufete se basa en la integridad, el conocimiento local y una defensa implacable. Esto es lo que nos diferencia: <\/p>\n<ul data-spread=\"false\">\n<li><strong>Enfoque local:<\/strong> Conocemos el sistema judicial del condado de Chatham y trabajamos en estrecha colaboraci\u00f3n con investigadores radicados en Savannah.<\/li>\n<li><strong>Atenci\u00f3n personal:<\/strong> Tendr\u00e1 acceso directo a su abogado, no s\u00f3lo a los asistentes jur\u00eddicos.<\/li>\n<li><strong>Orientados a los resultados:<\/strong> Nuestros acuerdos y veredictos hablan por s\u00ed solos.<\/li>\n<li><strong>Filosof\u00eda centrada en el cliente:<\/strong> Nos preocupamos profundamente por su recuperaci\u00f3n y su futuro.<\/li>\n<\/ul>\n<h2>Act\u00fae hoy &#8211; Hable con un abogado de accidentes por exceso de velocidad en Savannah<\/h2>\n<p><img decoding=\"async\" class=\"alignnone wp-image-7318 size-full\" src=\"https:\/\/www.humbertoinjurylaw.com\/wp-content\/uploads\/2025\/09\/savannah-attorney.jpg\" alt=\"Abogado de Savannah\" width=\"650\" height=\"433\" srcset=\"https:\/\/www.humbertoinjurylaw.com\/wp-content\/uploads\/2025\/09\/savannah-attorney.jpg 650w, https:\/\/www.humbertoinjurylaw.com\/wp-content\/uploads\/2025\/09\/savannah-attorney-300x200.jpg 300w\" sizes=\"(max-width: 650px) 100vw, 650px\" \/><\/p>\n<p>Si usted o un ser querido ha sido lesionado debido a un conductor con exceso de velocidad en Savannah, usted no tiene que pasar por esto solo. Estamos aqu\u00ed para escuchar, ayudar y luchar por lo que es justo. <\/p>\n<p>Llame a las Oficinas Legales de Humberto Izquierdo Jr. hoy en <a href=\"tel:+17708888901\"><i class=\"fa fa-phone-alt\"><\/i>(770) 888-8901<\/a> o <a href=\"https:\/\/www.humbertoinjurylaw.com\/es\/contacto\/\" target=\"_blank\" rel=\"noopener\">complete nuestro formulario de consulta en l\u00ednea para una revisi\u00f3n gratuita y sin compromiso de su caso.<\/a><\/p>\n<p>La justicia est\u00e1 a una llamada de distancia.<\/p>\n<p>Las Oficinas Legales de Humberto Izquierdo Jr., PC &#8211; Defensores Legales de Confianza para V\u00edctimas de Accidentes por Exceso de Velocidad en Todo Savannah y el Condado de Chatham.<\/p>\n","protected":false},"excerpt":{"rendered":"<p>Por qu\u00e9 los accidentes por exceso de velocidad son un grave problema en Savannah, GA El exceso de velocidad es una de las formas m\u00e1s peligrosas de conducci\u00f3n negligente, y en una ciudad en crecimiento como Savannah, Georgia, es uno de los principales causantes de graves accidentes de tr\u00e1fico en Savannah. Savannah es conocida por [&hellip;]<\/p>\n","protected":false},"author":53,"featured_media":0,"parent":10474,"menu_order":0,"comment_status":"closed","ping_status":"closed","template":"","meta":{"_acf_changed":false,"anchor_text":"","footnotes":""},"class_list":["post-10486","page","type-page","status-publish","hentry"],"acf":[],"_links":{"self":[{"href":"https:\/\/www.humbertoinjurylaw.com\/es\/wp-json\/wp\/v2\/pages\/10486","targetHints":{"allow":["GET"]}}],"collection":[{"href":"https:\/\/www.humbertoinjurylaw.com\/es\/wp-json\/wp\/v2\/pages"}],"about":[{"href":"https:\/\/www.humbertoinjurylaw.com\/es\/wp-json\/wp\/v2\/types\/page"}],"author":[{"embeddable":true,"href":"https:\/\/www.humbertoinjurylaw.com\/es\/wp-json\/wp\/v2\/users\/53"}],"replies":[{"embeddable":true,"href":"https:\/\/www.humbertoinjurylaw.com\/es\/wp-json\/wp\/v2\/comments?post=10486"}],"version-history":[{"count":0,"href":"https:\/\/www.humbertoinjurylaw.com\/es\/wp-json\/wp\/v2\/pages\/10486\/revisions"}],"up":[{"embeddable":true,"href":"https:\/\/www.humbertoinjurylaw.com\/es\/wp-json\/wp\/v2\/pages\/10474"}],"wp:attachment":[{"href":"https:\/\/www.humbertoinjurylaw.com\/es\/wp-json\/wp\/v2\/media?parent=10486"}],"curies":[{"name":"wp","href":"https:\/\/api.w.org\/{rel}","templated":true}]}}