{"id":10488,"date":"2025-09-02T15:06:21","date_gmt":"2025-09-02T19:06:21","guid":{"rendered":"https:\/\/www.humbertoinjurylaw.com\/savannah\/abogado-de-accidentes-de-trafico-en-savannah\/abogado-de-accidentes-por-enviar-mensajes-de-texto-al-conducir-en-savannah\/"},"modified":"2025-09-02T15:06:21","modified_gmt":"2025-09-02T19:06:21","slug":"abogado-de-accidentes-por-enviar-mensajes-de-texto-al-conducir-en-savannah","status":"publish","type":"page","link":"https:\/\/www.humbertoinjurylaw.com\/es\/savannah\/abogado-de-accidentes-de-trafico-en-savannah\/abogado-de-accidentes-por-enviar-mensajes-de-texto-al-conducir-en-savannah\/","title":{"rendered":"Abogado de accidentes por enviar mensajes de texto al conducir en Savannah"},"content":{"rendered":"<h2 data-start=\"176\" data-end=\"240\">Abogado de accidente por enviar mensajes de texto mientras conduce en Savannah, Georgia<\/h2>\n<h3>Por qu\u00e9 enviar mensajes de texto mientras se conduce es especialmente peligroso en las carreteras de Savannah<\/h3>\n<p data-start=\"317\" data-end=\"678\">En Savannah, Georgia -donde confluyen calles hist\u00f3ricas, intersecciones muy transitadas y el tr\u00e1fico de la I-16-, enviar mensajes de texto mientras se conduce es un peligro cada vez mayor. Esta forma de conducci\u00f3n distra\u00edda es especialmente peligrosa porque combina distracciones visuales, manuales y cognitivas. Cuando alguien env\u00eda mensajes de texto al volante, sus ojos, sus manos y su atenci\u00f3n se desv\u00edan de la carretera.  <\/p>\n<p data-start=\"317\" data-end=\"678\"><img fetchpriority=\"high\" decoding=\"async\" class=\"alignnone wp-image-7358 size-full\" src=\"https:\/\/www.humbertoinjurylaw.com\/wp-content\/uploads\/2025\/09\/texting-while-driving.jpg\" alt=\"Enviar mensajes de texto mientras conduce\" width=\"650\" height=\"433\" srcset=\"https:\/\/www.humbertoinjurylaw.com\/wp-content\/uploads\/2025\/09\/texting-while-driving.jpg 650w, https:\/\/www.humbertoinjurylaw.com\/wp-content\/uploads\/2025\/09\/texting-while-driving-300x200.jpg 300w\" sizes=\"(max-width: 650px) 100vw, 650px\" \/><\/p>\n<p data-start=\"680\" data-end=\"1213\">Como sus abogados locales de Savannah de accidentes de mensajes de texto mientras se conduce, las Oficinas Legales de Humberto Izquierdo Jr., PC saben c\u00f3mo un solo momento de distracci\u00f3n puede resultar en consecuencias que alteran la vida. Ya sea que el accidente haya ocurrido en la calle Abercorn, cerca del distrito hist\u00f3rico de Savannah o a lo largo de las concurridas autopistas del condado de Chatham, estamos aqu\u00ed para proporcionarle una defensa especializada. <a href=\"https:\/\/www.humbertoinjurylaw.com\/es\/savannah\/abogado-de-accidentes-de-trafico-en-savannah\/\" target=\"_blank\" rel=\"noopener\">Nuestros experimentados abogados de accidentes de tr\u00e1fico en Savannah<\/a> luchan por obtener una indemnizaci\u00f3n completa por las lesiones, los salarios perdidos y el dolor y el sufrimiento causados por conductores negligentes que env\u00edan mensajes de texto mientras conducen. <\/p>\n<h2>\u00bfQu\u00e9 hace que enviar mensajes de texto mientras se conduce sea peor que otras distracciones?<\/h2>\n<p>Enviar mensajes de texto no s\u00f3lo es inseguro: es letal. Seg\u00fan la Administraci\u00f3n Nacional de Seguridad del Tr\u00e1fico en Carretera (NHTSA), al enviar o leer un mensaje de texto se apartan los ojos de la carretera durante 5 segundos. A 55 mph, eso es como conducir la longitud de un campo de f\u00fatbol con los ojos vendados.  <\/p>\n<p>A diferencia de sintonizar la radio o comer en el coche, los mensajes de texto se combinan:<\/p>\n<ul data-spread=\"false\">\n<li><strong>Distracci\u00f3n visual<\/strong>: Apartar la vista de la carretera.<\/li>\n<li><strong>Distracci\u00f3n manual<\/strong>: Manos fuera del volante.<\/li>\n<li><strong>Distracci\u00f3n cognitiva<\/strong>: La mente fuera de la conducci\u00f3n.<\/li>\n<\/ul>\n<p>En barrios de Savannah con mucho tr\u00e1fico o en zonas escolares, estas distracciones pueden provocar lesiones catastr\u00f3ficas o v\u00edctimas mortales. Nuestro equipo investiga los peque\u00f1os detalles de su accidente y trabaja para responsabilizar a los conductores negligentes. <\/p>\n<h2>La Ley de Manos Libres de Georgia y su papel en las demandas por choques con mensajes de texto<\/h2>\n<p>Desde la promulgaci\u00f3n de la Ley de Manos Libres de Georgia en 2018, los conductores tienen prohibido sostener un tel\u00e9fono o enviar mensajes de texto mientras conducen un veh\u00edculo. En Savannah, donde las fuerzas del orden <a href=\"https:\/\/www.chathamcountyga.gov\/\" target=\"_blank\" rel=\"noopener\">del condado de Chatham<\/a> han aumentado las patrullas, esta ley se aplica estrictamente. <\/p>\n<p>Si el conductor que caus\u00f3 su accidente infringi\u00f3 la Ley de Manos Libres, eso refuerza su caso de forma significativa. No se trata s\u00f3lo de probar la negligencia, se trata de probar una violaci\u00f3n legal. <\/p>\n<p>En Las Oficinas Legales de Humberto Izquierdo Jr., PC, utilizamos la ley a su favor, incorporando informes de la polic\u00eda local de Savannah, datos de tel\u00e9fonos celulares y declaraciones de testigos para construir un caso convincente de lesiones personales.<\/p>\n<h2>Qu\u00e9 hacer tras un accidente por enviar mensajes de texto mientras conduce en Savannah<\/h2>\n<p>Los accidentes ocurren r\u00e1pido, pero los pasos correctos despu\u00e9s pueden proteger su salud&#8230; y sus derechos.<\/p>\n<ol start=\"1\" data-spread=\"false\">\n<li>Llame al 911 y solicite un informe policial.<\/li>\n<li>Tome fotos de la escena, de los da\u00f1os del veh\u00edculo y de las lesiones.<\/li>\n<li>Reciba tratamiento m\u00e9dico, incluso si los s\u00edntomas tardan en aparecer.<\/li>\n<li><strong>Re\u00fana informaci\u00f3n sobre los testigos.<\/strong><\/li>\n<li><strong>P\u00f3ngase en contacto<\/strong> inmediatamente <strong>con un abogado especializado en accidentes por enviar mensajes de texto mientras conduce en Savannah<\/strong>.<\/li>\n<\/ol>\n<p>Nuestra oficina est\u00e1 preparada para responder r\u00e1pidamente, asegur\u00e1ndose de que se conservan las pruebas y de que su reclamaci\u00f3n se documenta exhaustivamente.<\/p>\n<h2>Lesiones graves causadas por accidentes en los que se env\u00eda mensajes de texto mientras se conduce<\/h2>\n<p>Los accidentes por mensajes de texto suelen provocar lesiones que cambian la vida. Algunas de las m\u00e1s comunes incluyen: <\/p>\n<ul data-spread=\"false\">\n<li><strong>Lesiones cerebrales traum\u00e1ticas (TBI)<\/strong><\/li>\n<li><strong>Da\u00f1os en la m\u00e9dula espinal y par\u00e1lisis<\/strong><\/li>\n<li><strong>Huesos rotos y da\u00f1os en los \u00f3rganos internos<\/strong><\/li>\n<li><strong>Latigazo cervical grave y lesiones de espalda<\/strong><\/li>\n<li><strong>Trauma emocional y TEPT<\/strong><\/li>\n<\/ul>\n<p>Nuestro <a href=\"https:\/\/www.humbertoinjurylaw.com\/es\/savannah\/abogado-de-lesiones-personales-de-savannah\/\" target=\"_blank\" rel=\"noopener\">equipo de lesiones personales de Savannah<\/a> trabaja en estrecha colaboraci\u00f3n con neur\u00f3logos, especialistas ortop\u00e9dicos y terapeutas para cuantificar el impacto a largo plazo de sus lesiones y recuperar la m\u00e1xima indemnizaci\u00f3n.<\/p>\n<h2 data-start=\"201\" data-end=\"278\">Enfoque local: Accidentes por mensajes de texto en zonas escolares e intersecciones de Savannah<\/h2>\n<p data-start=\"280\" data-end=\"584\">Enviar mensajes de texto mientras se conduce no s\u00f3lo ocurre en las autopistas. Las carreteras locales de Savannah -como Abercorn Street, Waters Avenue y los alrededores del instituto Savannah High School- son puntos calientes de incidentes de conducci\u00f3n distra\u00edda. Con el aumento del tr\u00e1fico y la afluencia de residentes en la zona, estas carreteras se han vuelto cada vez m\u00e1s peligrosas.  <\/p>\n<p data-start=\"586\" data-end=\"1022\">Si usted o su hijo han resultado heridos en una zona escolar o cerca de una intersecci\u00f3n local debido a un conductor que enviaba mensajes de texto, nuestro equipo de abogados expertos en accidentes de tr\u00e1fico en Savannah buscar\u00e1 agresivamente justicia para su familia. Nuestra experiencia como abogados especializados en accidentes de tr\u00e1fico y nuestro conocimiento de los patrones de tr\u00e1fico locales, las estad\u00edsticas de colisiones y las intersecciones de la ciudad refuerzan su reclamaci\u00f3n y le ayudan a asegurarse de que recibe la indemnizaci\u00f3n que se merece. <\/p>\n<h2>El papel de los registros de tel\u00e9fonos m\u00f3viles y de los peritos en su caso<\/h2>\n<p><img decoding=\"async\" class=\"alignnone wp-image-7360 size-full\" src=\"https:\/\/www.humbertoinjurylaw.com\/wp-content\/uploads\/2025\/09\/driving-accident-lawyer.jpg\" alt=\"Abogado de accidentes de tr\u00e1fico\" width=\"650\" height=\"433\" srcset=\"https:\/\/www.humbertoinjurylaw.com\/wp-content\/uploads\/2025\/09\/driving-accident-lawyer.jpg 650w, https:\/\/www.humbertoinjurylaw.com\/wp-content\/uploads\/2025\/09\/driving-accident-lawyer-300x200.jpg 300w\" sizes=\"(max-width: 650px) 100vw, 650px\" \/><\/p>\n<p>Demostrar que un conductor estaba enviando mensajes de texto en el momento de un accidente no siempre es sencillo. Por eso nosotros: <\/p>\n<ul data-spread=\"false\">\n<li>Cite los registros de tel\u00e9fonos m\u00f3viles para establecer los plazos de env\u00edo de mensajes de texto.<\/li>\n<li>Recurra a expertos en reconstrucci\u00f3n de accidentes que analicen las marcas de derrape, los \u00e1ngulos de impacto y el flujo del tr\u00e1fico.<\/li>\n<li>Utilice los datos de geolocalizaci\u00f3n para rastrear el uso y los movimientos del tel\u00e9fono.<\/li>\n<li>Traiga a expertos m\u00e9dicos para validar las reclamaciones por lesiones.<\/li>\n<\/ul>\n<p>Estas pruebas nos permiten pintar un cuadro completo de la negligencia del conductor y su impacto en su vida.<\/p>\n<h2>Indemnizaciones que puede recuperar tras un accidente por enviar mensajes de texto mientras conduce<\/h2>\n<p>Cada choque por enviar mensajes de texto mientras conduce es diferente, pero aqu\u00ed est\u00e1n los da\u00f1os comunes que perseguimos para los clientes en Savannah:<\/p>\n<ul data-spread=\"false\">\n<li><strong>Facturas m\u00e9dicas y gastos de cuidados futuros<\/strong><\/li>\n<li><strong>P\u00e9rdida de ingresos y disminuci\u00f3n del potencial de ingresos<\/strong><\/li>\n<li><strong>Dolor y Sufrimiento<\/strong><\/li>\n<li><strong>Angustia emocional y p\u00e9rdida de disfrute<\/strong><\/li>\n<li><strong>Da\u00f1os materiales<\/strong><\/li>\n<li>Da\u00f1os punitivos en casos de negligencia extrema<\/li>\n<\/ul>\n<p>Manejamos cada caso personalmente y perseguimos cada d\u00f3lar al que usted tiene derecho bajo la ley de Georgia.<\/p>\n<h2>Accidentes de veh\u00edculos comerciales en los que est\u00e1 implicada la conducci\u00f3n distra\u00edda<\/h2>\n<p>Si en su accidente se vio implicado un veh\u00edculo comercial -como un cami\u00f3n de reparto o un conductor de veh\u00edculos compartidos- las complejidades legales se multiplican. En Cumming, donde el tr\u00e1fico log\u00edstico ha aumentado debido al crecimiento suburbano, estos choques son cada vez m\u00e1s comunes. <\/p>\n<p>Nosotros investigamos:<\/p>\n<ul data-spread=\"false\">\n<li><strong>Pol\u00edticas de la empresa sobre el uso del tel\u00e9fono m\u00f3vil<\/strong><\/li>\n<li><strong>Formaci\u00f3n de conductores y expedientes disciplinarios<\/strong><\/li>\n<li><strong>Infracciones de la FMCSA<\/strong><\/li>\n<\/ul>\n<p>Esto nos ayuda a responsabilizar de sus lesiones tanto al conductor como a su empleador.<\/p>\n<h2>\u00bfQu\u00e9 hace diferente a nuestro equipo legal de Savannah?<\/h2>\n<p>En Las Oficinas Legales de Humberto Izquierdo Jr., no somos s\u00f3lo abogados-somos sus vecinos en el Condado de Chatham. Entendemos los sistemas judiciales locales, los procedimientos de aplicaci\u00f3n de la ley, y c\u00f3mo los accidentes de mensajes de texto se desarrollan en las carreteras de Savannah. <\/p>\n<ul data-spread=\"false\">\n<li><strong>Ventaja local<\/strong>: Profundo conocimiento de los tribunales y jueces del condado de Chatham.<\/li>\n<li><strong>Investigaciones Tech-Savvy<\/strong>: Utilizamos las herramientas m\u00e1s modernas para analizar los datos digitales y de tr\u00e1fico.<\/li>\n<li><strong>Comunicaci\u00f3n con el cliente en primer lugar<\/strong>: Nunca se preguntar\u00e1 por el estado de su caso.<\/li>\n<\/ul>\n<p>Nos tomamos cada caso como algo personal porque nuestra comunidad importa.<\/p>\n<h2>Plazos: \u00bfDe cu\u00e1nto tiempo dispone para presentar una demanda en Georgia?<\/h2>\n<p>Seg\u00fan la ley de Georgia, por lo general dispone de dos a\u00f1os para presentar una demanda por lesiones personales. Sin embargo, actuar con rapidez garantiza que las pruebas cruciales -como las grabaciones de CCTV y los registros telef\u00f3nicos- no desaparezcan. <\/p>\n<p>Si se encuentra en <a href=\"https:\/\/www.humbertoinjurylaw.com\/es\/savannah\/\" target=\"_blank\" rel=\"noopener\">Savannah<\/a> y ha sufrido un accidente relacionado con el env\u00edo de mensajes de texto, no se demore. Deje que nuestro equipo inicie su reclamaci\u00f3n de inmediato. <\/p>\n<h2 data-start=\"201\" data-end=\"292\">Preguntas frecuentes sobre los accidentes por enviar mensajes de texto mientras conduce en Savannah, Georgia<\/h2>\n<h3 data-start=\"294\" data-end=\"375\">\u00bfQu\u00e9 debo hacer si me atropella alguien que env\u00eda mensajes de texto mientras conduce en Savannah?<\/h3>\n<p data-start=\"377\" data-end=\"795\">Si usted fue atropellado por un conductor que estaba enviando mensajes de texto en Savannah, el primer paso es buscar atenci\u00f3n m\u00e9dica y ponerse en contacto con la polic\u00eda para presentar un informe oficial de accidente. A continuaci\u00f3n, p\u00f3ngase en contacto con un abogado local especializado en accidentes de tr\u00e1fico en Savannah que se ocupe de casos de mensajes de texto mientras conduce. Su abogado de accidentes de tr\u00e1fico en Savannah puede investigar el accidente, solicitar los registros telef\u00f3nicos del otro conductor y presentar una demanda de indemnizaci\u00f3n en su nombre.  <\/p>\n<p data-start=\"377\" data-end=\"795\"><img decoding=\"async\" class=\"alignnone wp-image-7362 size-full\" src=\"https:\/\/www.humbertoinjurylaw.com\/wp-content\/uploads\/2025\/09\/savannah-driving-accident-1.jpg\" alt=\"Accidente de tr\u00e1fico en Savannah\" width=\"650\" height=\"433\" srcset=\"https:\/\/www.humbertoinjurylaw.com\/wp-content\/uploads\/2025\/09\/savannah-driving-accident-1.jpg 650w, https:\/\/www.humbertoinjurylaw.com\/wp-content\/uploads\/2025\/09\/savannah-driving-accident-1-300x200.jpg 300w\" sizes=\"(max-width: 650px) 100vw, 650px\" \/><\/p>\n<h3 data-start=\"797\" data-end=\"865\">\u00bfC\u00f3mo puedo demostrar que el otro conductor estaba enviando mensajes de texto durante el accidente?<\/h3>\n<p data-start=\"867\" data-end=\"1248\">Demostrar que se env\u00edan mensajes de texto mientras se conduce a menudo implica obtener registros del tel\u00e9fono m\u00f3vil, revisar las grabaciones de tr\u00e1fico o de la c\u00e1mara del salpicadero y recopilar testimonios de testigos presenciales. Un abogado experto en accidentes de tr\u00e1fico en Savannah puede presentar una citaci\u00f3n para obtener los datos del tel\u00e9fono del conductor y trabajar con expertos en reconstrucci\u00f3n de accidentes para establecer que la conducci\u00f3n distra\u00edda fue la causa del accidente de tr\u00e1fico en Savannah. <\/p>\n<h3 data-start=\"1250\" data-end=\"1300\">\u00bfEs ilegal enviar mensajes de texto mientras se conduce en Georgia?<\/h3>\n<p data-start=\"1302\" data-end=\"1634\">S\u00ed, seg\u00fan la Ley de Manos Libres de Georgia, los conductores tienen prohibido sostener o utilizar un tel\u00e9fono m\u00f3vil mientras conducen un veh\u00edculo de motor. Si un conductor provoca un accidente de tr\u00e1fico en Savannah mientras env\u00eda mensajes de texto, se le considera negligente y puede ser considerado responsable legal y econ\u00f3micamente de las lesiones y da\u00f1os materiales causados por su distracci\u00f3n. <\/p>\n<h3 data-start=\"1636\" data-end=\"1713\">\u00bfPuedo demandar a alguien por enviar mensajes de texto mientras conduce si ha provocado mi accidente?<\/h3>\n<p data-start=\"1715\" data-end=\"2069\">S\u00ed. Si un conductor distra\u00eddo estaba enviando mensajes de texto y caus\u00f3 su accidente de tr\u00e1fico en Savannah, usted puede demandar por da\u00f1os y perjuicios, incluyendo gastos m\u00e9dicos, salarios perdidos, dolor y sufrimiento y angustia emocional. En algunos casos, si la conducta fue imprudente, su abogado especializado en mensajes de texto al volante puede tambi\u00e9n reclamar da\u00f1os punitivos para responsabilizar a\u00fan m\u00e1s al conductor.  <\/p>\n<h3 data-start=\"2071\" data-end=\"2145\">\u00bfQu\u00e9 tipo de lesiones son habituales en los accidentes por enviar mensajes de texto mientras se conduce?<\/h3>\n<p data-start=\"2147\" data-end=\"2459\">Los choques por enviar mensajes de texto mientras se conduce suelen provocar lesiones graves como latigazos cervicales, fracturas \u00f3seas, da\u00f1os en la m\u00e9dula espinal, lesiones cerebrales traum\u00e1ticas y da\u00f1os en los tejidos blandos. Incluso los choques de autom\u00f3viles Savannah a baja velocidad pueden causar da\u00f1os f\u00edsicos y emocionales a largo plazo debido al impacto repentino causado por un conductor distra\u00eddo. <\/p>\n<h3 data-start=\"2461\" data-end=\"2530\">\u00bfQui\u00e9n paga mis facturas m\u00e9dicas tras un accidente relacionado con el env\u00edo de mensajes de texto?<\/h3>\n<p data-start=\"2532\" data-end=\"2862\">Normalmente, la compa\u00f1\u00eda de seguros del conductor culpable es responsable de cubrir sus gastos m\u00e9dicos. Si est\u00e1n infraasegurados o niegan su responsabilidad, puede aplicarse su propia cobertura de motorista no asegurado (UM). Un abogado especializado en accidentes de tr\u00e1fico en Savannah puede ayudarle a presentar y negociar estas reclamaciones para garantizar que los gastos de su tratamiento queden totalmente cubiertos.  <\/p>\n<h3 data-start=\"2864\" data-end=\"2955\">\u00bfCu\u00e1nto tiempo tengo para presentar una demanda por un accidente por enviar mensajes de texto mientras se conduce en Georgia?<\/h3>\n<p data-start=\"2957\" data-end=\"3265\">Dispone de dos a\u00f1os a partir de la fecha del accidente de tr\u00e1fico en Savannah para presentar una demanda por lesiones personales en Georgia. Sin embargo, actuar con rapidez le da a su abogado especializado en mensajes de texto mientras conduce tiempo para preservar pruebas -como registros de texto y relatos de testigos- que de otro modo podr\u00edan perderse o resultar inaccesibles tras un retraso. <\/p>\n<h3 data-start=\"3267\" data-end=\"3329\">\u00bfA\u00fan puedo recuperar los da\u00f1os si tuve parte de la culpa?<\/h3>\n<p data-start=\"3331\" data-end=\"3654\">S\u00ed. Georgia utiliza una regla de culpa comparativa modificada. Mientras usted haya sido responsable en menos de un 50%, a\u00fan puede recuperar los da\u00f1os. Su indemnizaci\u00f3n se reducir\u00e1 en funci\u00f3n de su porcentaje de culpa. Un abogado experto en accidentes de coche en Savannah le ayudar\u00e1 a demostrar que la distracci\u00f3n del otro conductor fue la causa principal del accidente.    <\/p>\n<h3 data-start=\"3656\" data-end=\"3732\">\u00bfSe enfrentar\u00e1 el otro conductor a cargos penales por enviar mensajes de texto mientras conduce?<\/h3>\n<p data-start=\"3734\" data-end=\"4048\">Enviar mensajes de texto mientras conduce puede dar lugar a citaciones, multas e incluso cargos penales, especialmente si la distracci\u00f3n provoc\u00f3 lesiones graves o v\u00edctimas mortales. Aunque las sanciones penales se tramitan por separado de los casos civiles, una condena o citaci\u00f3n puede respaldar su demanda por lesiones personales al establecer una negligencia legal. <\/p>\n<h3 data-start=\"4050\" data-end=\"4112\">\u00bfCu\u00e1nto vale un caso de accidente por enviar mensajes de texto mientras se conduce?<\/h3>\n<p data-start=\"4114\" data-end=\"4454\">El valor de un caso de accidente por enviar mensajes de texto mientras conduce depende de la gravedad de sus lesiones, los costes m\u00e9dicos, el tiempo de baja laboral y el desgaste emocional que le haya causado el choque. Un abogado especializado en accidentes de tr\u00e1fico en Savannah puede evaluar todos los aspectos de su caso -incluidas las necesidades futuras de cuidados y los posibles da\u00f1os punitivos- para estimar una cantidad justa de acuerdo. <\/p>\n<h2>Llame hoy mismo a un abogado de Savannah especializado en mensajes de texto mientras conduce<\/h2>\n<p><img loading=\"lazy\" decoding=\"async\" class=\"alignnone wp-image-7364 size-full\" src=\"https:\/\/www.humbertoinjurylaw.com\/wp-content\/uploads\/2025\/09\/savannah-car-crash-lawyer.jpg\" alt=\"Abogado de accidente de coche en Savannah\" width=\"650\" height=\"366\" srcset=\"https:\/\/www.humbertoinjurylaw.com\/wp-content\/uploads\/2025\/09\/savannah-car-crash-lawyer.jpg 650w, https:\/\/www.humbertoinjurylaw.com\/wp-content\/uploads\/2025\/09\/savannah-car-crash-lawyer-300x169.jpg 300w\" sizes=\"(max-width: 650px) 100vw, 650px\" \/><\/p>\n<p>Usted no tiene que enfrentar este reto solo. Deje que el Bufete de Humberto Izquierdo Jr., PC le ayude a seguir adelante con confianza. Protegeremos sus derechos, lucharemos por su futuro y le ayudaremos a recuperar lo que se le debe.  <\/p>\n<p>Llame 24 horas al d\u00eda, 7 d\u00edas a la semana:  <a href=\"tel:+17708888901\"><i class=\"fa fa-phone-alt\"><\/i>(770) 888-8901<\/a><br \/>\nConsulta gratuita | Sin honorarios a menos que ganemos<\/p>\n<p>Su camino hacia la recuperaci\u00f3n comienza hoy.  <a href=\"https:\/\/www.humbertoinjurylaw.com\/es\/contacto\/\" target=\"_blank\" rel=\"noopener\">P\u00f3ngase en contacto con nosotros y deje que nuestros experimentados abogados de Savannah se encarguen del resto.<\/a><\/p>\n","protected":false},"excerpt":{"rendered":"<p>Abogado de accidente por enviar mensajes de texto mientras conduce en Savannah, Georgia Por qu\u00e9 enviar mensajes de texto mientras se conduce es especialmente peligroso en las carreteras de Savannah En Savannah, Georgia -donde confluyen calles hist\u00f3ricas, intersecciones muy transitadas y el tr\u00e1fico de la I-16-, enviar mensajes de texto mientras se conduce es un [&hellip;]<\/p>\n","protected":false},"author":53,"featured_media":0,"parent":10474,"menu_order":0,"comment_status":"closed","ping_status":"closed","template":"","meta":{"_acf_changed":false,"anchor_text":"","footnotes":""},"class_list":["post-10488","page","type-page","status-publish","hentry"],"acf":[],"_links":{"self":[{"href":"https:\/\/www.humbertoinjurylaw.com\/es\/wp-json\/wp\/v2\/pages\/10488","targetHints":{"allow":["GET"]}}],"collection":[{"href":"https:\/\/www.humbertoinjurylaw.com\/es\/wp-json\/wp\/v2\/pages"}],"about":[{"href":"https:\/\/www.humbertoinjurylaw.com\/es\/wp-json\/wp\/v2\/types\/page"}],"author":[{"embeddable":true,"href":"https:\/\/www.humbertoinjurylaw.com\/es\/wp-json\/wp\/v2\/users\/53"}],"replies":[{"embeddable":true,"href":"https:\/\/www.humbertoinjurylaw.com\/es\/wp-json\/wp\/v2\/comments?post=10488"}],"version-history":[{"count":0,"href":"https:\/\/www.humbertoinjurylaw.com\/es\/wp-json\/wp\/v2\/pages\/10488\/revisions"}],"up":[{"embeddable":true,"href":"https:\/\/www.humbertoinjurylaw.com\/es\/wp-json\/wp\/v2\/pages\/10474"}],"wp:attachment":[{"href":"https:\/\/www.humbertoinjurylaw.com\/es\/wp-json\/wp\/v2\/media?parent=10488"}],"curies":[{"name":"wp","href":"https:\/\/api.w.org\/{rel}","templated":true}]}}