{"id":10490,"date":"2025-09-04T13:26:35","date_gmt":"2025-09-04T17:26:35","guid":{"rendered":"https:\/\/www.humbertoinjurylaw.com\/savannah\/abogado-de-accidentes-de-trafico-en-savannah\/abogado-de-accidente-por-cambio-de-carril-imprudente-en-savannah\/"},"modified":"2025-09-04T13:26:35","modified_gmt":"2025-09-04T17:26:35","slug":"abogado-de-accidente-por-cambio-de-carril-imprudente-en-savannah","status":"publish","type":"page","link":"https:\/\/www.humbertoinjurylaw.com\/es\/savannah\/abogado-de-accidentes-de-trafico-en-savannah\/abogado-de-accidente-por-cambio-de-carril-imprudente-en-savannah\/","title":{"rendered":"Abogado de accidente por cambio de carril imprudente en Savannah"},"content":{"rendered":"<h2 data-start=\"91\" data-end=\"152\">Abogado de accidente por cambio inseguro de carril en Savannah, Georgia<\/h2>\n<p data-start=\"154\" data-end=\"552\">Si usted ha sido lesionado en un accidente de cambio de carril inseguro en Savannah, Georgia, usted no est\u00e1 solo &#8211; y usted no tiene que enfrentar las secuelas por s\u00ed mismo. En el bufete de abogados de Humberto Izquierdo Jr., PC, ayudamos a diario a v\u00edctimas de accidentes que han sufrido lesiones graves debido a que los conductores no cambian de carril de forma segura en carreteras concurridas de Savannah como Abercorn Street, Victory Drive u Ogeechee Road. <\/p>\n<p data-start=\"554\" data-end=\"876\">Los cambios de carril inseguros son una de las principales causas de <a href=\"https:\/\/www.humbertoinjurylaw.com\/es\/savannah\/abogado-de-accidentes-de-trafico-en-savannah\/\">accidentes de tr\u00e1fico en Savannah<\/a>. Ya sea que un conductor se desv\u00ede repentinamente, descuide la se\u00f1alizaci\u00f3n o se incorpore en un punto ciego, los resultados pueden ser catastr\u00f3ficos. Nuestros abogados especializados en accidentes de Savannah est\u00e1n aqu\u00ed para hacer justicia por usted y asegurarse de que reciba toda la indemnizaci\u00f3n que se merece.  <\/p>\n<p data-start=\"554\" data-end=\"876\"><img fetchpriority=\"high\" decoding=\"async\" class=\"alignnone wp-image-7517 size-full\" src=\"https:\/\/www.humbertoinjurylaw.com\/wp-content\/uploads\/2025\/09\/unsafe-lane-change.jpg\" alt=\"Cambio de carril inseguro\" width=\"650\" height=\"433\" srcset=\"https:\/\/www.humbertoinjurylaw.com\/wp-content\/uploads\/2025\/09\/unsafe-lane-change.jpg 650w, https:\/\/www.humbertoinjurylaw.com\/wp-content\/uploads\/2025\/09\/unsafe-lane-change-300x200.jpg 300w\" sizes=\"(max-width: 650px) 100vw, 650px\" \/><\/p>\n<h2 data-start=\"187\" data-end=\"245\">\u00bfQu\u00e9 se considera un cambio de carril inseguro en Georgia?<\/h2>\n<p data-start=\"247\" data-end=\"642\">Un cambio de carril inseguro se produce cuando un conductor no realiza una maniobra segura y legal al cambiar de carril. Esto incluye no se\u00f1alizar, no comprobar los \u00e1ngulos muertos o incorporarse en zonas en las que est\u00e1 prohibido cambiar de carril. La ley de Georgia exige a todos los conductores que mantengan una distancia de seguridad y utilicen las se\u00f1ales adecuadas antes de cambiar de carril. Violar estas leyes pone en peligro a todos los que circulan por la carretera.   <\/p>\n<p data-start=\"644\" data-end=\"1178\">En Savannah, donde la congesti\u00f3n del tr\u00e1fico es habitual alrededor de las salidas de Abercorn Street, Victory Drive y Ogeechee Road, el margen de error es escaso. Las carreteras locales soportan tr\u00e1fico de cercan\u00edas, camiones de reparto y veh\u00edculos de turistas, por lo que es esencial que todos los conductores act\u00faen con precauci\u00f3n. Nuestros abogados especializados en accidentes de Savannah investigan a fondo estos incidentes, utilizando el c\u00f3digo de Georgia y las normas de ingenier\u00eda de tr\u00e1fico para evaluar las infracciones y conseguir una indemnizaci\u00f3n completa por los accidentes de coche en Savannah causados por cambios de carril inseguros.  <\/p>\n<h2 data-start=\"174\" data-end=\"251\">\u00bfCu\u00e1les son las causas comunes de los accidentes por cambio inseguro de carril en Savannah?<\/h2>\n<p data-start=\"253\" data-end=\"476\">Los cambios de carril inseguros en Savannah suelen ser el resultado de la falta de atenci\u00f3n, la impaciencia o la imprudencia de un conductor. Nuestro equipo jur\u00eddico ha identificado varias causas frecuentes al tramitar reclamaciones de v\u00edctimas en todo el <a href=\"https:\/\/www.chathamcountyga.gov\/\" target=\"_blank\" rel=\"noopener\">condado de Chatham<\/a>: <\/p>\n<ul data-start=\"478\" data-end=\"1229\">\n<li data-start=\"478\" data-end=\"653\">\n<p data-start=\"480\" data-end=\"653\"><strong data-start=\"480\" data-end=\"502\">Conducci\u00f3n distra\u00edda<\/strong>: El uso de dispositivos m\u00f3viles es un factor importante. Enviar mensajes de texto, ajustar el GPS o consultar las redes sociales puede hacer que un conductor se desv\u00ede de carril sin darse cuenta. <\/p>\n<\/li>\n<li data-start=\"654\" data-end=\"829\">\n<p data-start=\"656\" data-end=\"829\"><strong data-start=\"656\" data-end=\"668\">Exceso de velocidad<\/strong>: Las altas velocidades reducen el tiempo de reacci\u00f3n y hacen m\u00e1s peligrosos los cambios de carril. Los conductores con exceso de velocidad tienen m\u00e1s probabilidades de cortar el paso a otros o colisionar durante maniobras bruscas. <\/p>\n<\/li>\n<li data-start=\"830\" data-end=\"1016\">\n<p data-start=\"832\" data-end=\"1016\"><strong data-start=\"832\" data-end=\"861\">Conducci\u00f3n bajo los efectos del alcohol o las drogas<\/strong>: El alcohol, los medicamentos recetados o las sustancias ilegales alteran el juicio, las habilidades motoras y el tiempo de reacci\u00f3n, aumentando el riesgo de accidentes de tr\u00e1fico.<\/p>\n<\/li>\n<li data-start=\"1017\" data-end=\"1126\">\n<p data-start=\"1019\" data-end=\"1126\"><strong data-start=\"1019\" data-end=\"1037\">Conducci\u00f3n somnolienta<\/strong>: La fatiga puede hacer que los conductores pierdan la concentraci\u00f3n o se desv\u00eden involuntariamente hacia los carriles adyacentes.<\/p>\n<\/li>\n<li data-start=\"1127\" data-end=\"1229\">\n<p data-start=\"1129\" data-end=\"1229\"><strong data-start=\"1129\" data-end=\"1151\">Conducci\u00f3n agresiva<\/strong>: Ir por detr\u00e1s o zigzaguear entre los coches aumenta la probabilidad de colisiones.<\/p>\n<\/li>\n<\/ul>\n<p data-start=\"1231\" data-end=\"1513\">Cada uno de estos comportamientos no s\u00f3lo es peligroso sino tambi\u00e9n ilegal cuando causa un accidente evitable. Nuestros abogados especializados en accidentes de Savannah recopilan pruebas para demostrar c\u00f3mo estas decisiones arriesgadas provocan lesiones y p\u00e9rdidas, y nuestros abogados especializados en accidentes de tr\u00e1fico luchan para conseguir una indemnizaci\u00f3n completa. <\/p>\n<h2>\u00bfQui\u00e9n tiene la culpa en un accidente por cambio imprudente de carril?<\/h2>\n<p>Determinar la culpa en un caso de cambio inseguro de carril en Savannah puede ser complejo, especialmente cuando hay varios conductores involucrados o el conductor culpable intenta disputar la responsabilidad. Georgia opera bajo una regla de culpa comparativa, lo que significa que las acciones de cada parte ser\u00e1n analizadas para asignar porcentajes de responsabilidad. <\/p>\n<h3>C\u00f3mo demostramos la culpabilidad:<\/h3>\n<ul data-spread=\"false\">\n<li><strong>Informes policiales:<\/strong> Estos documentos oficiales proporcionan informaci\u00f3n crucial sobre qui\u00e9n recibi\u00f3 las citaciones y qu\u00e9 observ\u00f3 el agente investigador.<\/li>\n<li><strong>Relatos de testigos presenciales:<\/strong> Los testimonios de pasajeros, otros automovilistas o transe\u00fantes pueden validar que el otro conductor no se\u00f1aliz\u00f3, consult\u00f3 un tel\u00e9fono o cambi\u00f3 de carril con demasiada agresividad.<\/li>\n<li><strong>C\u00e1mara de salpicadero o im\u00e1genes de seguridad:<\/strong> Las im\u00e1genes de su propia dash cam o de las c\u00e1maras de tr\u00e1fico cercanas a la intersecci\u00f3n pueden mostrar el cambio de carril inseguro en tiempo real.<\/li>\n<li><strong>Reconstrucci\u00f3n de accidentes:<\/strong> Trabajamos con ingenieros que analizan las marcas de los neum\u00e1ticos, la din\u00e1mica del choque y la posici\u00f3n del veh\u00edculo para contar la historia de lo ocurrido.<\/li>\n<li><strong>Pruebas digitales:<\/strong> Si se sospecha de conducci\u00f3n distra\u00edda, podemos citar los registros del tel\u00e9fono m\u00f3vil para determinar si los mensajes de texto o las llamadas contribuyeron al accidente.<\/li>\n<\/ul>\n<p>La culpabilidad en estos casos suele reducirse a la prueba, y sabemos exactamente qu\u00e9 buscar para defender su demanda y demostrar la negligencia de la otra parte.<\/p>\n<h2 data-start=\"119\" data-end=\"195\">\u00bfQu\u00e9 lesiones son comunes en las colisiones por cambio inseguro de carril en Savannah?<\/h2>\n<p data-start=\"197\" data-end=\"392\">Los accidentes por cambio inseguro de carril pueden provocar colisiones laterales, choques en T o vuelcos a gran velocidad. Las lesiones var\u00edan en funci\u00f3n de la velocidad del veh\u00edculo y del \u00e1ngulo de impacto. Las lesiones m\u00e1s comunes incluyen:  <\/p>\n<ul data-start=\"394\" data-end=\"1084\">\n<li data-start=\"394\" data-end=\"566\">\n<p data-start=\"396\" data-end=\"566\"><strong data-start=\"396\" data-end=\"430\">Lesiones cerebrales traum\u00e1ticas (LCT)<\/strong>: Se produce cuando un golpe repentino en la cabeza altera el funcionamiento normal del cerebro. Los s\u00edntomas pueden incluir dolores de cabeza, confusi\u00f3n o problemas de memoria. <\/p>\n<\/li>\n<li data-start=\"567\" data-end=\"676\">\n<p data-start=\"569\" data-end=\"676\"><strong data-start=\"569\" data-end=\"593\">Lesiones de la m\u00e9dula esp<\/strong>inal: Los da\u00f1os pueden causar una par\u00e1lisis parcial o total, que requiere una amplia rehabilitaci\u00f3n.<\/p>\n<\/li>\n<li data-start=\"677\" data-end=\"793\">\n<p data-start=\"679\" data-end=\"793\"><strong data-start=\"679\" data-end=\"691\">Latigazo cervical<\/strong>: Causado por un movimiento r\u00e1pido del cuello hacia delante y hacia atr\u00e1s, que provoca rigidez, dolores de cabeza y dolor a largo plazo.<\/p>\n<\/li>\n<li data-start=\"794\" data-end=\"934\">\n<p data-start=\"796\" data-end=\"934\"><strong data-start=\"796\" data-end=\"826\">Fracturas y huesos rotos<\/strong>: Los brazos, las piernas, las costillas y las caderas suelen fracturarse en los accidentes de tr\u00e1fico de Savannah que implican un impacto brusco.<\/p>\n<\/li>\n<li data-start=\"935\" data-end=\"1084\">\n<p data-start=\"937\" data-end=\"1084\"><strong data-start=\"937\" data-end=\"974\">Hemorragia interna o da\u00f1os en los \u00f3rganos<\/strong>: A menudo dif\u00edciles de detectar inmediatamente, estas lesiones pueden poner en peligro la vida sin una atenci\u00f3n m\u00e9dica r\u00e1pida.<\/p>\n<\/li>\n<\/ul>\n<p data-start=\"1086\" data-end=\"1359\">Nuestros abogados de accidentes de Savannah trabajan estrechamente con sus m\u00e9dicos y expertos m\u00e9dicos para documentar sus lesiones, mostrando c\u00f3mo afectan a su salud, estilo de vida y potencial de ingresos futuros. Nuestros abogados especializados en accidentes de tr\u00e1fico luchan para recuperar una indemnizaci\u00f3n completa por cada p\u00e9rdida. <\/p>\n<p data-start=\"1086\" data-end=\"1359\"><img decoding=\"async\" class=\"alignnone wp-image-7521 size-full\" src=\"https:\/\/www.humbertoinjurylaw.com\/wp-content\/uploads\/2025\/09\/car-crash-lawyer.jpg\" alt=\"Abogado de accidentes de tr\u00e1fico\" width=\"650\" height=\"433\" srcset=\"https:\/\/www.humbertoinjurylaw.com\/wp-content\/uploads\/2025\/09\/car-crash-lawyer.jpg 650w, https:\/\/www.humbertoinjurylaw.com\/wp-content\/uploads\/2025\/09\/car-crash-lawyer-300x200.jpg 300w\" sizes=\"(max-width: 650px) 100vw, 650px\" \/><\/p>\n<h2>\u00bfQu\u00e9 indemnizaci\u00f3n puede recuperar tras un accidente por cambio de carril en Savannah?<\/h2>\n<p>Nuestros <a href=\"https:\/\/www.humbertoinjurylaw.com\/es\/savannah\/abogado-de-accidentes-de-trafico-en-savannah\/\" target=\"_blank\" rel=\"noopener\">abogados de accidentes de coche en Savannah<\/a> persiguen cada d\u00f3lar disponible para cubrir: <\/p>\n<h3>Da\u00f1os econ\u00f3micos<\/h3>\n<ul data-spread=\"false\">\n<li><strong>Atenci\u00f3n m\u00e9dica de urgencia<\/strong>: Gastos de ambulancia, visitas a urgencias, hospitalizaci\u00f3n y cirug\u00eda<\/li>\n<li><strong>Rehabilitaci\u00f3n y terapia<\/strong>: Terapia f\u00edsica y ocupacional para una recuperaci\u00f3n a largo plazo<\/li>\n<li><strong>P\u00e9rdida de ingresos<\/strong>: Salarios perdidos por ausencia del trabajo<\/li>\n<li><strong>P\u00e9rdida de capacidad de ganancia<\/strong>: Si no puede volver a su trabajo anterior<\/li>\n<li><strong>Da\u00f1os materiales<\/strong>: Incluidas las reparaciones del coche, los gastos del coche de alquiler o la sustituci\u00f3n total del veh\u00edculo<\/li>\n<\/ul>\n<h3>Da\u00f1os no econ\u00f3micos<\/h3>\n<ul data-spread=\"false\">\n<li><strong>Dolor y sufrimiento<\/strong>: Indemnizaci\u00f3n por malestar f\u00edsico y trauma emocional<\/li>\n<li><strong>P\u00e9rdida de consorcio<\/strong>: Para las relaciones afectadas por sus lesiones<\/li>\n<li><strong>Reducci\u00f3n del disfrute de la vida<\/strong>: Si no puede retomar sus aficiones o actividades cotidianas<\/li>\n<\/ul>\n<h3>Da\u00f1os punitivos<\/h3>\n<p>En casos de negligencia grave, como la conducci\u00f3n bajo los efectos del alcohol o las carreras callejeras, podemos solicitar da\u00f1os punitivos para penalizar al conductor imprudente y evitar futuras conductas indebidas.<\/p>\n<h2>\u00bfC\u00f3mo tratar con las compa\u00f1\u00edas de seguros tras un accidente por cambio de carril?<\/h2>\n<p>Las compa\u00f1\u00edas de seguros no tienen sus mejores intereses en mente. Pueden ofrecerle liquidaciones r\u00e1pidas que no tienen en cuenta los cuidados m\u00e9dicos futuros o la p\u00e9rdida de ingresos potenciales. Nuestros abogados se aseguran de que su reclamaci\u00f3n se gestione de forma profesional y exhaustiva.  <\/p>\n<p>Nosotros:<\/p>\n<ul data-spread=\"false\">\n<li>Revise los t\u00e9rminos de todas las pol\u00edticas aplicables<\/li>\n<li>Presentar las reclamaciones de forma r\u00e1pida y completa<\/li>\n<li>Responder a las cartas de denegaci\u00f3n y a los pagos insuficientes<\/li>\n<li>Impugnar las decisiones del asegurador con pruebas<\/li>\n<li>Negocie el pago m\u00e1s alto posible<\/li>\n<\/ul>\n<p>Luchamos para que usted no tenga que hacerlo.<\/p>\n<h2>\u00bfQu\u00e9 debe hacer despu\u00e9s de un accidente por cambio imprudente de carril en Savannah ?<\/h2>\n<p>Dar los pasos adecuados tras un accidente puede afectar en gran medida a la solidez de su reclamaci\u00f3n:<\/p>\n<ol start=\"1\" data-spread=\"false\">\n<li><strong>Llame al 911:<\/strong> Presente siempre un informe policial y solicite ayuda de emergencia si es necesario.<\/li>\n<li><strong>Docum\u00e9ntelo todo:<\/strong> Tome fotograf\u00edas de su coche, del otro veh\u00edculo, de los escombros y de las se\u00f1ales de la calle.<\/li>\n<li><strong>Recopile informaci\u00f3n de contacto:<\/strong> Consiga los nombres, n\u00fameros de tel\u00e9fono y datos del seguro de todos los conductores implicados. Recabe tambi\u00e9n informaci\u00f3n de contacto de los testigos. <\/li>\n<li><strong>Busque atenci\u00f3n m\u00e9dica inmediata:<\/strong> Muchas lesiones no son visibles inmediatamente.<\/li>\n<li><strong>P\u00f3ngase en contacto con un abogado:<\/strong> Comun\u00edquese con Las Oficinas Legales de Humberto Izquierdo Jr., PC lo antes posible para comenzar a proteger sus derechos legales.<\/li>\n<\/ol>\n<h2>\u00bfPor qu\u00e9 elegir las Oficinas Legales de Humberto Izquierdo Jr., PC en Savannah, GA?<\/h2>\n<p>Con d\u00e9cadas de experiencia representando a v\u00edctimas de accidentes en Savannah y el condado de Chatham, entendemos los aspectos \u00fanicos de la <a href=\"https:\/\/www.humbertoinjurylaw.com\/es\/savannah\/abogado-de-lesiones-personales-de-savannah\/\" target=\"_blank\" rel=\"noopener\">ley de lesiones personales<\/a> de Georgia. Nuestra firma es conocida por: <\/p>\n<ul data-spread=\"false\">\n<li><strong>Servicio centrado en el cliente:<\/strong> Tratamos cada caso con cuidado y urgencia.<\/li>\n<li><strong>T\u00e1cticas agresivas de litigaci\u00f3n:<\/strong> Preparamos cada caso para el juicio, por lo que las compa\u00f1\u00edas de seguros nos toman en serio.<\/li>\n<li><strong>Conocimiento local:<\/strong> Conocemos los patrones de tr\u00e1fico de Savannah, los procedimientos judiciales y c\u00f3mo tratar con los peritos de seguros locales.<\/li>\n<li><strong>Sin honorarios por adelantado:<\/strong> S\u00f3lo cobramos cuando ganamos su caso.<\/li>\n<\/ul>\n<h2 data-start=\"139\" data-end=\"222\">Preguntas frecuentes sobre accidentes por cambio inseguro de carril en Savannah, GA<\/h2>\n<h3 data-start=\"224\" data-end=\"301\">\u00bfC\u00f3mo puedo demostrar que el otro conductor tuvo la culpa de un cambio de carril inseguro?<\/h3>\n<p data-start=\"303\" data-end=\"689\">Para demostrar la culpa en un accidente por cambio inseguro de carril, son fundamentales pruebas como los informes policiales, las grabaciones de las c\u00e1maras de salpicadero o de tr\u00e1fico, los relatos de testigos presenciales y el an\u00e1lisis de los da\u00f1os del veh\u00edculo. Nuestros abogados de accidentes de Savannah tambi\u00e9n revisan los registros de tel\u00e9fonos m\u00f3viles y el historial de comportamiento del conductor para establecer la negligencia. Utilizamos todas las pruebas disponibles para responsabilizar a los conductores imprudentes o desatentos.  <\/p>\n<h3 data-start=\"691\" data-end=\"778\">\u00bfPuedo seguir presentando una demanda si tuve parte de culpa en el accidente por cambio de carril?<\/h3>\n<p data-start=\"780\" data-end=\"1141\">S\u00ed, seg\u00fan la ley de negligencia comparativa de Georgia, a\u00fan puede recuperar los da\u00f1os siempre que tenga menos del 50% de culpa. Su indemnizaci\u00f3n se reducir\u00e1 en funci\u00f3n de su porcentaje de culpa. Por ejemplo, si se le considera responsable en un 20%, su indemnizaci\u00f3n se reducir\u00e1 en un 20%. Nuestros abogados de accidentes de coche en Savannah pueden ayudarle a evaluar la responsabilidad y maximizar su recuperaci\u00f3n.   <\/p>\n<h3 data-start=\"1143\" data-end=\"1223\">\u00bfDe cu\u00e1nto tiempo dispongo para presentar una demanda tras un accidente por cambio de carril en Georgia?<\/h3>\n<p data-start=\"1225\" data-end=\"1504\">La ley de prescripci\u00f3n de Georgia para <a href=\"https:\/\/www.humbertoinjurylaw.com\/savannah\/workers-compensation\/how-to-file\/\" target=\"_blank\" rel=\"noopener\">reclamaciones por da\u00f1os personales<\/a> es de dos a\u00f1os a partir de la fecha del accidente. Para da\u00f1os a la propiedad, es de cuatro a\u00f1os. Actuar con rapidez preserva las pruebas y fortalece su caso. Ponerse en contacto pronto con un abogado de accidentes de Savannah garantiza una tramitaci\u00f3n adecuada.   <\/p>\n<h3 data-start=\"1506\" data-end=\"1576\">\u00bfPor qu\u00e9 deber\u00eda contratar a un abogado especializado en accidentes por cambio de carril inseguro en Savannah?<\/h3>\n<p data-start=\"1578\" data-end=\"1879\">Contratar a un abogado local especializado en accidentes automovil\u00edsticos como el Bufete de Humberto Izquierdo Jr. le garantiza contar con alguien familiarizado con los tribunales de Savannah, los patrones de tr\u00e1fico y las leyes de responsabilidad civil de Georgia. Nosotros nos encargamos de todo, desde la investigaci\u00f3n de la culpa hasta la negociaci\u00f3n con las compa\u00f1\u00edas de seguros para que usted pueda concentrarse en sanar. <\/p>\n<h3 data-start=\"1881\" data-end=\"1939\"><img decoding=\"async\" class=\"alignnone wp-image-7519 size-full\" src=\"https:\/\/www.humbertoinjurylaw.com\/wp-content\/uploads\/2025\/09\/savannah-car-accident-1.jpg\" alt=\"Accidente de coche en Savannah\" width=\"650\" height=\"433\" srcset=\"https:\/\/www.humbertoinjurylaw.com\/wp-content\/uploads\/2025\/09\/savannah-car-accident-1.jpg 650w, https:\/\/www.humbertoinjurylaw.com\/wp-content\/uploads\/2025\/09\/savannah-car-accident-1-300x200.jpg 300w\" sizes=\"(max-width: 650px) 100vw, 650px\" \/><\/h3>\n<h3 data-start=\"1881\" data-end=\"1939\">\u00bfQu\u00e9 hace que un cambio de carril sea \u00abinseguro\u00bb seg\u00fan la ley de Georgia?<\/h3>\n<p data-start=\"1941\" data-end=\"2250\">Seg\u00fan el art\u00edculo 40-6-123 del C\u00f3digo de Georgia, un cambio de carril es inseguro si se hace sin se\u00f1alizar, sin comprobar los \u00e1ngulos muertos o cuando interfiere con el funcionamiento seguro de otros veh\u00edculos. Dar volantazos bruscos, incorporarse de forma agresiva o zigzaguear entre el tr\u00e1fico tambi\u00e9n infringe la ley y constituye una negligencia. <\/p>\n<h3 data-start=\"2252\" data-end=\"2300\">\u00bfSubir\u00e1 mi seguro si presento una reclamaci\u00f3n?<\/h3>\n<p data-start=\"2302\" data-end=\"2575\">Si usted no tiene la culpa del accidente, es posible que sus tarifas no aumenten. Sin embargo, las aseguradoras eval\u00faan las reclamaciones de forma diferente. Hablar con un abogado especializado en accidentes de tr\u00e1fico en Savannah antes de ponerse en contacto con su compa\u00f1\u00eda de seguros le ayudar\u00e1 a comprender sus derechos y a evitar subidas injustas de las primas.  <\/p>\n<h3 data-start=\"2577\" data-end=\"2640\">\u00bfY si el otro conductor no ten\u00eda seguro o huy\u00f3 del lugar del accidente?<\/h3>\n<p data-start=\"2642\" data-end=\"2907\">Si el conductor culpable no ten\u00eda seguro o abandon\u00f3 el lugar del accidente, a\u00fan puede recuperar una indemnizaci\u00f3n a trav\u00e9s de su propia cobertura de motorista sin seguro o con seguro insuficiente (UM\/UIM). Nuestros abogados de accidentes de Savannah pueden ayudarle a presentar una reclamaci\u00f3n a su aseguradora y luchar por un pago justo. <\/p>\n<h3 data-start=\"2909\" data-end=\"2988\">\u00bfPuedo demandar si fui un pasajero lesionado en un accidente por cambio inseguro de carril?<\/h3>\n<p data-start=\"2990\" data-end=\"3278\">S\u00ed. Los pasajeros heridos pueden presentar una demanda contra el conductor culpable, ya sea el conductor del otro veh\u00edculo o el conductor del coche en el que usted viajaba. Los pasajeros rara vez son considerados culpables y a menudo tienen s\u00f3lidas reclamaciones de indemnizaci\u00f3n con la ayuda de un abogado especializado en accidentes de tr\u00e1fico en Savannah.  <\/p>\n<h3 data-start=\"3280\" data-end=\"3341\">\u00bfCu\u00e1nto vale mi reclamaci\u00f3n por accidente de cambio de carril inseguro?<\/h3>\n<p data-start=\"3343\" data-end=\"3408\">Cada caso es \u00fanico, pero entre los factores que afectan al valor de la reclamaci\u00f3n se incluyen:<\/p>\n<ul data-start=\"3410\" data-end=\"3558\">\n<li data-start=\"3410\" data-end=\"3434\">\n<p data-start=\"3412\" data-end=\"3434\">Gravedad de las lesiones<\/p>\n<\/li>\n<li data-start=\"3435\" data-end=\"3468\">\n<p data-start=\"3437\" data-end=\"3468\">Duraci\u00f3n del tratamiento m\u00e9dico<\/p>\n<\/li>\n<li data-start=\"3469\" data-end=\"3496\">\n<p data-start=\"3471\" data-end=\"3496\">Impacto en el trabajo y en la vida<\/p>\n<\/li>\n<li data-start=\"3497\" data-end=\"3530\">\n<p data-start=\"3499\" data-end=\"3530\">Pruebas de negligencia del conductor<\/p>\n<\/li>\n<li data-start=\"3531\" data-end=\"3558\">\n<p data-start=\"3533\" data-end=\"3558\">L\u00edmites de la p\u00f3liza de seguros<\/p>\n<\/li>\n<\/ul>\n<p data-start=\"3560\" data-end=\"3649\">Le ofrecemos una evaluaci\u00f3n gratuita de su caso para estimar el valor de su reclamaci\u00f3n bas\u00e1ndonos en estos elementos.<\/p>\n<h3 data-start=\"3651\" data-end=\"3735\">\u00bfQu\u00e9 carreteras de Savannah tienen mayor riesgo de sufrir accidentes por cambio inseguro de carril?<\/h3>\n<p data-start=\"3737\" data-end=\"3801\">Algunas de las carreteras m\u00e1s propensas a los accidentes en Savannah, GA incluyen:<\/p>\n<ul data-start=\"3803\" data-end=\"3902\">\n<li data-start=\"3803\" data-end=\"3820\">\n<p data-start=\"3805\" data-end=\"3820\">Victory Drive<\/p>\n<\/li>\n<li data-start=\"3821\" data-end=\"3840\">\n<p data-start=\"3823\" data-end=\"3840\">Calle Abercorn<\/p>\n<\/li>\n<li data-start=\"3841\" data-end=\"3858\">\n<p data-start=\"3843\" data-end=\"3858\">Avenida Waters<\/p>\n<\/li>\n<li data-start=\"3859\" data-end=\"3876\">\n<p data-start=\"3861\" data-end=\"3876\">Carretera Skidaway<\/p>\n<\/li>\n<li data-start=\"3877\" data-end=\"3902\">\n<p data-start=\"3879\" data-end=\"3902\">Cruce de Montgomery<\/p>\n<\/li>\n<\/ul>\n<p data-start=\"3904\" data-end=\"4034\">Nuestros abogados de accidentes de Savannah conocen bien estos corredores y pueden investigar los choques con eficacia para maximizar su recuperaci\u00f3n.<\/p>\n<h2>Hable hoy mismo con un abogado de Savannah especializado en accidentes por cambio imprudente de carril<\/h2>\n<p>No permita que la mala decisi\u00f3n de otra persona en la carretera le cueste su salud, su sustento o su tranquilidad. Si usted ha sido lesionado en un accidente de cambio de carril, llame a Las Oficinas Legales de Humberto Izquierdo Jr., PC para apoyo legal compasivo y agresivo. <\/p>\n<p><img loading=\"lazy\" decoding=\"async\" class=\"alignnone wp-image-7523 size-full\" src=\"https:\/\/www.humbertoinjurylaw.com\/wp-content\/uploads\/2025\/09\/savannah-accident-attorney.jpg\" alt=\"Abogado de accidentes en Savannah\" width=\"650\" height=\"433\" srcset=\"https:\/\/www.humbertoinjurylaw.com\/wp-content\/uploads\/2025\/09\/savannah-accident-attorney.jpg 650w, https:\/\/www.humbertoinjurylaw.com\/wp-content\/uploads\/2025\/09\/savannah-accident-attorney-300x200.jpg 300w\" sizes=\"(max-width: 650px) 100vw, 650px\" \/><\/p>\n<p>Llame 24 horas al d\u00eda, 7 d\u00edas a la semana:  <a href=\"tel:+17708888901\"><i class=\"fa fa-phone-alt\"><\/i>(770) 888-8901<\/a><br \/>\n<a href=\"https:\/\/www.humbertoinjurylaw.com\/es\/contacto\/\" target=\"_blank\" rel=\"noopener\">Consulta gratuita | Sin honorarios a menos que ganemos<\/a><\/p>\n<p>Estamos listos para ayudarle a recuperarse y seguir adelante con fuerza y confianza.<\/p>\n","protected":false},"excerpt":{"rendered":"<p>Abogado de accidente por cambio inseguro de carril en Savannah, Georgia Si usted ha sido lesionado en un accidente de cambio de carril inseguro en Savannah, Georgia, usted no est\u00e1 solo &#8211; y usted no tiene que enfrentar las secuelas por s\u00ed mismo. En el bufete de abogados de Humberto Izquierdo Jr., PC, ayudamos a [&hellip;]<\/p>\n","protected":false},"author":53,"featured_media":0,"parent":10474,"menu_order":0,"comment_status":"closed","ping_status":"closed","template":"","meta":{"_acf_changed":false,"anchor_text":"","footnotes":""},"class_list":["post-10490","page","type-page","status-publish","hentry"],"acf":[],"_links":{"self":[{"href":"https:\/\/www.humbertoinjurylaw.com\/es\/wp-json\/wp\/v2\/pages\/10490","targetHints":{"allow":["GET"]}}],"collection":[{"href":"https:\/\/www.humbertoinjurylaw.com\/es\/wp-json\/wp\/v2\/pages"}],"about":[{"href":"https:\/\/www.humbertoinjurylaw.com\/es\/wp-json\/wp\/v2\/types\/page"}],"author":[{"embeddable":true,"href":"https:\/\/www.humbertoinjurylaw.com\/es\/wp-json\/wp\/v2\/users\/53"}],"replies":[{"embeddable":true,"href":"https:\/\/www.humbertoinjurylaw.com\/es\/wp-json\/wp\/v2\/comments?post=10490"}],"version-history":[{"count":0,"href":"https:\/\/www.humbertoinjurylaw.com\/es\/wp-json\/wp\/v2\/pages\/10490\/revisions"}],"up":[{"embeddable":true,"href":"https:\/\/www.humbertoinjurylaw.com\/es\/wp-json\/wp\/v2\/pages\/10474"}],"wp:attachment":[{"href":"https:\/\/www.humbertoinjurylaw.com\/es\/wp-json\/wp\/v2\/media?parent=10490"}],"curies":[{"name":"wp","href":"https:\/\/api.w.org\/{rel}","templated":true}]}}