{"id":10500,"date":"2025-04-03T11:11:51","date_gmt":"2025-04-03T15:11:51","guid":{"rendered":"https:\/\/www.humbertoinjurylaw.com\/savannah\/abogado-de-accidentes-de-coche-compartido-en-savannah\/"},"modified":"2025-04-03T11:11:51","modified_gmt":"2025-04-03T15:11:51","slug":"abogado-de-accidentes-de-coche-compartido-en-savannah","status":"publish","type":"page","link":"https:\/\/www.humbertoinjurylaw.com\/es\/savannah\/abogado-de-accidentes-de-coche-compartido-en-savannah\/","title":{"rendered":"Abogado de accidentes de coche compartido en Savannah"},"content":{"rendered":"<h2 data-pm-slice=\"1 1 []\">Abogado de accidentes de transporte compartido en Savannah | Protegiendo a las v\u00edctimas de accidentes de Uber y Lyft<\/h2>\n<p>Un accidente de Uber o Lyft en <a href=\"https:\/\/www.humbertoinjurylaw.com\/es\/savannah\/\" target=\"_blank\" rel=\"noopener noreferrer\">Savannah<\/a> puede dejar a las v\u00edctimas con lesiones graves, elevadas facturas m\u00e9dicas y preguntas sobre qui\u00e9n es el responsable. Un abogado especializado en accidentes de transporte compartido en Savannah puede explicarle sus derechos y luchar por la indemnizaci\u00f3n que merece. <\/p>\n<h3>El crecimiento del transporte compartido en Savannah<\/h3>\n<p>Los servicios de transporte compartido como Uber y Lyft son comunes en Savannah. Proporcionan transporte r\u00e1pido a viajeros, estudiantes y visitantes. Con m\u00e1s veh\u00edculos de transporte compartido en la carretera, han aumentado los accidentes en los que se ven implicados conductores y pasajeros de estos servicios.  <\/p>\n<h3>Por qu\u00e9 son complicados los accidentes de coche compartido<\/h3>\n<p>A diferencia de un accidente de coche normal, un accidente de coche compartido suele implicar a varias compa\u00f1\u00edas de seguros y p\u00f3lizas. La cobertura del seguro personal de un conductor puede no aplicarse si el conductor estaba conectado a la aplicaci\u00f3n. Uber y Lyft tienen p\u00f3lizas de seguro comerciales, pero puede que s\u00f3lo se apliquen en funci\u00f3n del estado del conductor en el momento del accidente.  <\/p>\n<h3>Proteger sus derechos tras un accidente<\/h3>\n<p>Si sufre lesiones como pasajero de un veh\u00edculo compartido, otro conductor o un conductor de un veh\u00edculo compartido, puede enfrentarse a dificultades para conseguir una indemnizaci\u00f3n. Los proveedores de seguros a menudo disputan las reclamaciones, dejando a las v\u00edctimas atrapadas entre la p\u00f3liza de seguro personal del conductor y la cobertura de responsabilidad de la compa\u00f1\u00eda de viajes compartidos. Hablar con un abogado con experiencia en accidentes de transporte compartido de Savannah en las Oficinas Legales de Humberto Izquierdo, Jr., PC puede ayudarle a entender sus opciones legales.  <\/p>\n<p data-start=\"2580\" data-end=\"3083\"><img fetchpriority=\"high\" decoding=\"async\" class=\"alignnone wp-image-3949 size-full\" src=\"https:\/\/www.humbertoinjurylaw.com\/wp-content\/uploads\/2025\/04\/savannah-lyft-accident-attorney-.jpg\" alt=\"abogado de accidentes de coche compartido en savannah\" width=\"650\" height=\"488\" srcset=\"https:\/\/www.humbertoinjurylaw.com\/wp-content\/uploads\/2025\/04\/savannah-lyft-accident-attorney-.jpg 650w, https:\/\/www.humbertoinjurylaw.com\/wp-content\/uploads\/2025\/04\/savannah-lyft-accident-attorney--300x225.jpg 300w\" sizes=\"(max-width: 650px) 100vw, 650px\" \/><\/p>\n<h2 data-pm-slice=\"1 1 []\">Comprender los accidentes de transporte compartido en Savannah<\/h2>\n<p>Los accidentes de veh\u00edculos compartidos en Savannah son cada vez m\u00e1s frecuentes a medida que m\u00e1s personas utilizan Uber y Lyft para sus desplazamientos diarios. Estos accidentes plantean preguntas sobre la responsabilidad, la cobertura del seguro y los derechos de los pasajeros. Un abogado con experiencia en accidentes de veh\u00edculos compartidos en Savannah puede explicarle c\u00f3mo se aplica la ley de Georgia y qu\u00e9 pasos deben seguir las v\u00edctimas despu\u00e9s de que se produzca un accidente en el que est\u00e9 implicado un veh\u00edculo compartido.  <\/p>\n<h3>Qu\u00e9 hace diferentes a los accidentes de transporte compartido<\/h3>\n<p>A diferencia de un accidente de coche normal, un accidente de coche compartido implica a m\u00faltiples partes. El conductor, la empresa de transporte compartido y la compa\u00f1\u00eda de seguros desempe\u00f1an todos un papel. Los conductores de Uber y Lyft utilizan sus propios veh\u00edculos, pero operan bajo servicios comerciales de viajes compartidos. Esto significa que pueden aplicarse tanto el seguro del veh\u00edculo personal como las p\u00f3lizas de seguro comerciales. Cuando se produce un accidente en el que est\u00e1 implicado un veh\u00edculo Uber o Lyft, a menudo se producen disputas entre varias compa\u00f1\u00edas de seguros por la cobertura.    <\/p>\n<h3>Common Types of Rideshare Accidents<\/h3>\n<p>Los accidentes de transporte en Savannah pueden implicar:<\/p>\n<ul>\n<li>Pasajeros heridos mientras viajaban en un veh\u00edculo Uber o Lyft<\/li>\n<li>Colisiones entre un conductor de coche compartido y otro coche<\/li>\n<li>Peatones o ciclistas atropellados por un conductor de Uber o Lyft<\/li>\n<li>Conductores de veh\u00edculos compartidos heridos al realizar una solicitud de viaje<\/li>\n<\/ul>\n<p>Cada tipo de accidente de viaje compartido plantea cuestiones sobre qu\u00e9 p\u00f3lizas de seguro se aplican y qu\u00e9 parte es el conductor culpable seg\u00fan la ley de Georgia.<\/p>\n<h3>Riesgos para pasajeros y conductores de veh\u00edculos compartidos<\/h3>\n<p>Los pasajeros de un veh\u00edculo de uso compartido se enfrentan a riesgos similares a los de cualquier accidente de coche, pero tambi\u00e9n pueden tener problemas con las reclamaciones al seguro. Los conductores de veh\u00edculos compartidos se enfrentan a retos a\u00f1adidos porque su p\u00f3liza de seguro personal puede no cubrir los accidentes que se produzcan mientras conducen para Uber o Lyft. La cobertura del seguro depende del estado del conductor en el momento del accidente, como si la aplicaci\u00f3n estaba apagada, encendida o si hab\u00eda una solicitud de viaje activa.  <\/p>\n<h3>El papel de la ley de Georgia<\/h3>\n<p>El sistema basado en la culpa de Georgia significa que el conductor culpable es responsable de los da\u00f1os. Seg\u00fan <a href=\"https:\/\/codes.findlaw.com\/ga\/title-51-torts\/ga-code-sect-51-1-6\/\" target=\"_blank\" rel=\"noopener noreferrer\">O.C.G.A. \u00a7 51-1-6<\/a>, los conductores tienen el deber de cuidar a los dem\u00e1s en la carretera. Si un conductor de transporte compartido provoca un accidente, pueden entrar en juego tanto la cobertura del seguro personal del conductor como las p\u00f3lizas de seguro comercial de Uber o Lyft. Las v\u00edctimas pueden necesitar un abogado con experiencia en Savannah para resolver los conflictos entre los proveedores de seguros y obtener una compensaci\u00f3n completa por las facturas m\u00e9dicas, los salarios perdidos y otros da\u00f1os.   <\/p>\n<h2>\u00bfQui\u00e9n puede ser considerado responsable en un accidente de transporte compartido en Savannah?<\/h2>\n<p>La responsabilidad en un accidente de transporte compartido depende de la situaci\u00f3n del conductor, de la cobertura de seguro de la empresa de transporte compartido y de las leyes de Georgia basadas en la culpa. Un abogado de Savannah especializado en accidentes de transporte compartido puede identificar qu\u00e9 parte es responsable y qu\u00e9 p\u00f3lizas de seguro se aplican. <\/p>\n<h3>El conductor de coche compartido<\/h3>\n<p>El conductor de Uber o Lyft puede ser directamente culpable si la conducci\u00f3n temeraria, la conducci\u00f3n distra\u00edda u otra negligencia causaron el accidente. La ley de Georgia responsabiliza al conductor culpable de los da\u00f1os. Si la aplicaci\u00f3n del conductor estaba apagada en el momento del accidente, s\u00f3lo se aplica la p\u00f3liza de seguro personal del conductor. Esto suele limitar la indemnizaci\u00f3n de los pasajeros, peatones u otros automovilistas heridos.   <\/p>\n<h3>La empresa de transporte compartido<\/h3>\n<p>Si el conductor estaba conectado a la aplicaci\u00f3n o llevaba un pasajero, las p\u00f3lizas de seguro comercial de la empresa de viajes compartidos pueden proporcionar cobertura. Uber y Lyft ofrecen una cobertura de responsabilidad civil de hasta un mill\u00f3n de d\u00f3lares cuando hay una solicitud de viaje activa o un pasajero en el veh\u00edculo. Cuando la aplicaci\u00f3n est\u00e1 activada pero no se acepta ning\u00fan viaje, puede aplicarse una cobertura de responsabilidad limitada. Estas p\u00f3lizas est\u00e1n pensadas para cubrir a los pasajeros, a otros conductores y a los conductores de veh\u00edculos compartidos que resulten heridos en un accidente en el que est\u00e9 implicado un veh\u00edculo compartido.   <\/p>\n<h3>Otros conductores en la carretera<\/h3>\n<p>No todos los accidentes de veh\u00edculos compartidos son causados por un conductor de Uber o Lyft. Si otro automovilista caus\u00f3 el accidente, la compa\u00f1\u00eda de seguros personal de ese conductor puede ser responsable. En algunos casos, tanto el conductor de rideshare como otro conductor comparten la culpa. Georgia sigue un sistema de negligencia comparativa modificada en virtud de <a href=\"https:\/\/codes.findlaw.com\/ga\/title-51-torts\/ga-code-sect-51-12-33\/\" target=\"_blank\" rel=\"noopener noreferrer\">O.C.G.A. \u00a7 51-12-33<\/a>, que permite a las v\u00edctimas recuperar los da\u00f1os si tienen menos del 50 por ciento de culpa.   <\/p>\n<h3>M\u00faltiples compa\u00f1\u00edas de seguros implicadas<\/h3>\n<p>Muchos accidentes de veh\u00edculos compartidos en Savannah implican disputas entre varios proveedores de seguros. La aseguradora personal del conductor puede negar la cobertura si el accidente se produce mientras conduce para Uber o Lyft. Al mismo tiempo, la aseguradora de la empresa de viajes compartidos puede argumentar que el conductor no estaba conectado o que estaba esperando una solicitud de viaje. Este solapamiento puede retrasar la indemnizaci\u00f3n de las v\u00edctimas y hace que sea importante que un abogado con experiencia en accidentes de transporte compartido revise el caso.   <\/p>\n<p data-start=\"5077\" data-end=\"5480\"><img decoding=\"async\" class=\"alignnone wp-image-3951 size-full\" src=\"https:\/\/www.humbertoinjurylaw.com\/wp-content\/uploads\/2025\/04\/savannah-uber-accident-attorney.jpg\" alt=\"abogado de accidentes de coche compartido en savannah\" width=\"650\" height=\"433\" srcset=\"https:\/\/www.humbertoinjurylaw.com\/wp-content\/uploads\/2025\/04\/savannah-uber-accident-attorney.jpg 650w, https:\/\/www.humbertoinjurylaw.com\/wp-content\/uploads\/2025\/04\/savannah-uber-accident-attorney-300x200.jpg 300w\" sizes=\"(max-width: 650px) 100vw, 650px\" \/><\/p>\n<h2>Leyes de Georgia sobre accidentes de transporte compartido<\/h2>\n<p>Los accidentes de transporte compartido en Savannah se rigen por la ley de Georgia, que establece normas sobre responsabilidad, cobertura de seguro y plazos para presentar reclamaciones. Un abogado con experiencia en accidentes de transporte compartido puede explicarle c\u00f3mo se aplican estas leyes a los accidentes de Uber y Lyft. <\/p>\n<h3>Sistema basado en fallos en Georgia<\/h3>\n<p>Georgia sigue un sistema basado en la culpa para los accidentes de tr\u00e1fico, incluidos los accidentes de coche compartido. El conductor culpable es responsable de los da\u00f1os. Las v\u00edctimas pueden presentar una demanda por da\u00f1os personales contra el conductor implicado, contra la p\u00f3liza de seguros de la empresa de transporte compartido o contra ambos.  <\/p>\n<h3>Regla de la negligencia comparativa<\/h3>\n<p>Georgia aplica una regla de negligencia comparativa modificada. Esto significa que una persona lesionada puede recuperar los da\u00f1os si tiene menos del 50 por ciento de culpa en el accidente. Si el conductor del veh\u00edculo compartido y otro conductor comparten la culpa, la indemnizaci\u00f3n se reduce en funci\u00f3n del porcentaje de culpa de la v\u00edctima.  <\/p>\n<h3>Requisitos de cobertura del seguro<\/h3>\n<p>Georgia requiere una cobertura m\u00ednima de responsabilidad civil para todos los conductores en virtud de <a href=\"https:\/\/codes.findlaw.com\/ga\/title-33-insurance\/ga-code-sect-33-7-11\/\" target=\"_blank\" rel=\"noopener noreferrer\">O.C.G.A. \u00a7 33-7-11<\/a>. En el caso de los conductores de veh\u00edculos compartidos, es posible que las p\u00f3lizas de seguro personales no cubran los accidentes que se produzcan mientras conducen para Uber o Lyft. Las empresas de viajes compartidos deben tener p\u00f3lizas de seguros comerciales que proporcionen niveles m\u00e1s altos de cobertura cuando la aplicaci\u00f3n est\u00e1 activada o hay un pasajero en el veh\u00edculo.  <\/p>\n<h3>Prescripci\u00f3n<\/h3>\n<p>El plazo para presentar una demanda por lesiones personales en Georgia es de dos a\u00f1os a partir de la fecha del accidente seg\u00fan <a href=\"https:\/\/codes.findlaw.com\/ga\/title-9-civil-practice\/ga-code-sect-9-3-33\/\" target=\"_blank\" rel=\"noopener noreferrer\">O.C.G.A. \u00a7 9-3-33<\/a>. Las v\u00edctimas de accidentes de Uber o Lyft en Savannah deben actuar dentro de este plazo para preservar sus derechos. No presentar la demanda dentro del plazo de prescripci\u00f3n puede impedir la recuperaci\u00f3n de la indemnizaci\u00f3n por facturas m\u00e9dicas, salarios perdidos y otros da\u00f1os.  <\/p>\n<h3 data-start=\"732\" data-end=\"787\"><img decoding=\"async\" class=\"alignnone wp-image-4433 size-full\" src=\"https:\/\/www.humbertoinjurylaw.com\/wp-content\/uploads\/2025\/04\/Humberto-Infographics-English_Savannah-Rideshare-Accident-Infographic.webp\" alt=\"Humberto Infographics Espa\u00f1ol_Sinfograf\u00eda sobre accidentes de tr\u00e1fico en Savannah\" width=\"676\" height=\"901\" srcset=\"https:\/\/www.humbertoinjurylaw.com\/wp-content\/uploads\/2025\/04\/Humberto-Infographics-English_Savannah-Rideshare-Accident-Infographic.webp 676w, https:\/\/www.humbertoinjurylaw.com\/wp-content\/uploads\/2025\/04\/Humberto-Infographics-English_Savannah-Rideshare-Accident-Infographic-225x300.webp 225w\" sizes=\"(max-width: 676px) 100vw, 676px\" \/><\/h3>\n<h2 data-pm-slice=\"1 1 []\">Indemnizaciones disponibles para las v\u00edctimas de accidentes de transporte compartido<\/h2>\n<p>Las v\u00edctimas de accidentes de transporte compartido en Savannah pueden obtener una compensaci\u00f3n econ\u00f3mica por los da\u00f1os sufridos. Un abogado especializado en accidentes de transporte compartido en Savannah puede solicitar una indemnizaci\u00f3n por da\u00f1os y perjuicios a trav\u00e9s de una reclamaci\u00f3n al seguro o una demanda por lesiones personales en virtud de la legislaci\u00f3n de Georgia. <\/p>\n<h3>Facturas y gastos m\u00e9dicos<\/h3>\n<p>El tratamiento m\u00e9dico suele ser el mayor coste tras un accidente de transporte compartido. Las v\u00edctimas pueden recuperar los da\u00f1os por cuidados de urgencia, estancias en el hospital, cirug\u00eda, medicaci\u00f3n y rehabilitaci\u00f3n. Los gastos m\u00e9dicos futuros tambi\u00e9n son recuperables si se requiere un tratamiento continuo.  <\/p>\n<h3>Salarios perdidos y p\u00e9rdida de capacidad de ganancia<\/h3>\n<p>Si un accidente impide a una v\u00edctima trabajar, puede disponerse de una indemnizaci\u00f3n por los salarios perdidos. En los casos graves en los que las lesiones afectan a la capacidad laboral a largo plazo, las v\u00edctimas pueden reclamar la p\u00e9rdida de la capacidad de ganancia. Estas indemnizaciones est\u00e1n dise\u00f1adas para cubrir tanto el impacto financiero pasado como el futuro causado por el accidente.  <\/p>\n<h3>Dolor y sufrimiento<\/h3>\n<p>Las v\u00edctimas de accidentes de Uber y Lyft pueden recuperar da\u00f1os por dolor f\u00edsico y angustia emocional. Esto incluye ansiedad, depresi\u00f3n y reducci\u00f3n de la calidad de vida. Aunque estos da\u00f1os son m\u00e1s dif\u00edciles de medir, la ley de Georgia permite a los jurados y tribunales asignar un valor basado en la gravedad de las lesiones.  <\/p>\n<h3>Da\u00f1os materiales<\/h3>\n<p>Si un accidente de veh\u00edculo compartido da\u00f1a un veh\u00edculo personal u otra propiedad, las v\u00edctimas pueden recuperar el coste de las reparaciones o la sustituci\u00f3n. Las reclamaciones por da\u00f1os a la propiedad suelen resolverse a trav\u00e9s de la cobertura del seguro del conductor culpable o de la p\u00f3liza comercial de la empresa de transporte compartido. <\/p>\n<h3>Indemnizaci\u00f3n por muerte por negligencia<\/h3>\n<p>Si un accidente de trayecto compartido provoca la p\u00e9rdida de la vida, los familiares supervivientes pueden presentar una demanda por homicidio culposo en virtud de la ley de Georgia. Los da\u00f1os pueden incluir gastos funerarios, p\u00e9rdida de apoyo financiero y p\u00e9rdida de compa\u00f1\u00eda. <\/p>\n<h2>C\u00f3mo ayudan nuestros abogados de accidentes de transporte compartido en Savannah<\/h2>\n<p>Un accidente de coche compartido puede dejar a las v\u00edctimas con facturas m\u00e9dicas, salarios perdidos y el estr\u00e9s de tratar con m\u00faltiples compa\u00f1\u00edas de seguros. Un abogado con experiencia en accidentes de transporte compartido en Savannah puede gestionar cada parte de la reclamaci\u00f3n y centrarse en conseguir una indemnizaci\u00f3n justa. <\/p>\n<ul>\n<li>Investigaci\u00f3n del accidente<\/li>\n<li>Tratamiento con las compa\u00f1\u00edas de seguros<\/li>\n<li>Construir una reclamaci\u00f3n legal s\u00f3lida<\/li>\n<li>Representar a los clientes ante los tribunales<\/li>\n<li>Apoyar a los clientes a trav\u00e9s de la recuperaci\u00f3n<\/li>\n<\/ul>\n<p data-start=\"5865\" data-end=\"6096\"><img loading=\"lazy\" decoding=\"async\" class=\"alignnone wp-image-3941 size-full\" src=\"https:\/\/www.humbertoinjurylaw.com\/wp-content\/uploads\/2025\/04\/savannah-rideshare-accident-attorney.jpg\" alt=\"savannah uber accidente abogado  \" width=\"650\" height=\"433\" srcset=\"https:\/\/www.humbertoinjurylaw.com\/wp-content\/uploads\/2025\/04\/savannah-rideshare-accident-attorney.jpg 650w, https:\/\/www.humbertoinjurylaw.com\/wp-content\/uploads\/2025\/04\/savannah-rideshare-accident-attorney-300x200.jpg 300w\" sizes=\"(max-width: 650px) 100vw, 650px\" \/><\/p>\n<h2 data-pm-slice=\"1 1 []\">\u00bfPor qu\u00e9 elegir el bufete de Humberto Izquierdo, Jr., PC?<\/h2>\n<p>Elegir al abogado adecuado para accidentes de Uber y Lyft en Savannah es fundamental para proteger sus derechos. Las Oficinas Legales de Humberto Izquierdo, Jr., PC ofrece una fuerte representaci\u00f3n legal para las v\u00edctimas de accidentes de Uber y Lyft en todo Georgia. <\/p>\n<h3>Conocimientos locales y experiencia jur\u00eddica en Georgia<\/h3>\n<p>Las Oficinas Legales de Humberto Izquierdo, Jr., PC entiende los patrones de tr\u00e1fico de Savannah, los tribunales locales, y las leyes de accidentes de viaje compartido de Georgia. Nuestros abogados de accidentes de viaje compartido aplican las leyes estatales para responsabilizar al conductor culpable y proteger los derechos de los pasajeros y conductores lesionados. <\/p>\n<h3>Resultados probados en reclamaciones por accidentes de coche compartido<\/h3>\n<p>Las Oficinas Legales de Humberto Izquierdo, Jr., PC tiene experiencia en el manejo de reclamaciones de accidentes de Uber, casos de accidentes de Lyft, y otras reclamaciones de accidentes de viajes compartidos. Sabemos c\u00f3mo tratar con m\u00faltiples compa\u00f1\u00edas de seguros y luchar por una indemnizaci\u00f3n que cubra las facturas m\u00e9dicas, los salarios perdidos y el dolor y el sufrimiento. <\/p>\n<h3>Consulta gratuita y sin honorarios por adelantado<\/h3>\n<p>Las Oficinas Legales de Humberto Izquierdo, Jr., PC ofrece una consulta gratuita a las v\u00edctimas de accidentes de Uber y Lyft en Savannah. Los clientes no pagan honorarios legales por adelantado, y s\u00f3lo cobramos si ganamos una indemnizaci\u00f3n. Esto garantiza el acceso a un abogado con experiencia en accidentes de transporte compartido en Savannah sin riesgo financiero.  <\/p>\n<h2 data-pm-slice=\"1 1 []\">Preguntas frecuentes sobre los accidentes de transporte en Savannah<\/h2>\n<p>Las v\u00edctimas de accidentes de Uber y Lyft a menudo tienen preguntas urgentes sobre la responsabilidad, la cobertura del seguro y sus derechos legales bajo la ley de Georgia.<\/p>\n<h3>\u00bfQu\u00e9 debo hacer si soy un pasajero herido en un accidente de Uber o Lyft en Savannah?<\/h3>\n<p>Si usted es un pasajero de un servicio de transporte compartido herido en un accidente de Uber o Lyft en Savannah, su primer paso debe ser buscar tratamiento m\u00e9dico. A continuaci\u00f3n, informe del accidente a las fuerzas de seguridad y a la empresa de transporte compartido a trav\u00e9s de la aplicaci\u00f3n. <\/p>\n<p>Tambi\u00e9n debe recopilar la informaci\u00f3n del conductor, los datos del seguro y los registros de solicitudes de viaje. Dado que pueden estar implicadas varias compa\u00f1\u00edas de seguros, lo mejor es ponerse en contacto con un abogado especializado en accidentes de transporte compartido de Savannah que pueda revisar la cobertura de responsabilidad civil y asegurarse de que su demanda por lesiones personales se presenta correctamente. <\/p>\n<h3>\u00bfQui\u00e9n paga las facturas m\u00e9dicas tras un accidente de coche compartido en Georgia?<\/h3>\n<p>Las facturas m\u00e9dicas despu\u00e9s de un accidente de transporte compartido en Georgia pueden ser pagadas por la cobertura de seguro personal del conductor culpable, las p\u00f3lizas de seguro comercial de la empresa de transporte compartido o su propia cobertura de motorista con seguro insuficiente. Si el conductor de Uber o Lyft transportaba a un pasajero o se dirig\u00eda a una recogida, puede disponer de una cobertura de responsabilidad civil de hasta un mill\u00f3n de d\u00f3lares. <\/p>\n<p>Si la aplicaci\u00f3n estaba desactivada, s\u00f3lo se aplica la p\u00f3liza de seguro personal del conductor. Un abogado experto en accidentes de Uber en Savannah puede identificar qu\u00e9 proveedor de seguros es responsable de cubrir sus gastos m\u00e9dicos. <\/p>\n<h3>\u00bfPuedo demandar a Uber o Lyft directamente despu\u00e9s de un accidente en Savannah?<\/h3>\n<p>La mayor\u00eda de los conductores de Uber y Lyft est\u00e1n clasificados como contratistas independientes seg\u00fan la ley de Georgia, lo que limita las demandas directas contra las empresas de viajes compartidos. Sin embargo, puede presentar una demanda contra las p\u00f3lizas de seguro comercial de la empresa de transporte compartido si el conductor estaba conectado a la aplicaci\u00f3n o ten\u00eda una solicitud de viaje activa. <\/p>\n<p>Un abogado especializado en accidentes de transporte compartido en Savannah puede explicarle si su caso re\u00fane los requisitos para una demanda o si la mejor opci\u00f3n es buscar una indemnizaci\u00f3n a trav\u00e9s de los proveedores de seguros.<\/p>\n<h3>\u00bfCu\u00e1nto tiempo tengo para presentar una demanda por accidente de coche compartido en Georgia?<\/h3>\n<p>El plazo de prescripci\u00f3n para presentar una demanda por lesiones personales despu\u00e9s de un accidente de transporte compartido en Georgia es de dos a\u00f1os a partir de la fecha del accidente. Esto se aplica a los pasajeros, conductores y peatones heridos en un accidente de Uber o Lyft. <\/p>\n<p>Esperar demasiado para presentar una reclamaci\u00f3n puede impedirle recuperar da\u00f1os como facturas m\u00e9dicas, salarios perdidos y dolor y sufrimiento. Ponerse en contacto con un abogado especializado en accidentes de Lyft en Savannah lo antes posible protege su derecho a una indemnizaci\u00f3n. <\/p>\n<h3>\u00bfQu\u00e9 pasa si tanto el conductor del coche compartido como otro motorista tuvieron la culpa de mi accidente?<\/h3>\n<p>Si tanto el conductor de Uber o Lyft como otro automovilista tuvieron la culpa, se aplica la ley de negligencia comparativa modificada de Georgia. Esto significa que usted puede recuperar los da\u00f1os siempre que tenga menos del 50 por ciento de culpa. <\/p>\n<p>La cobertura de responsabilidad civil puede provenir de m\u00faltiples compa\u00f1\u00edas de seguros, incluyendo la p\u00f3liza de seguro personal del conductor de transporte compartido, la cobertura de seguro comercial de la compa\u00f1\u00eda de transporte compartido y el proveedor de seguros del otro conductor. Un abogado especializado en accidentes de transporte compartido de Savannah puede clasificar estas p\u00f3lizas de seguro superpuestas y luchar para maximizar su indemnizaci\u00f3n. <\/p>\n<p data-start=\"6201\" data-end=\"6382\"><img loading=\"lazy\" decoding=\"async\" class=\"alignnone wp-image-2842 size-full\" src=\"https:\/\/www.humbertoinjurylaw.com\/wp-content\/uploads\/2025\/02\/practice-area.webp\" alt=\"abogados y procuradores de accidentes de savannah rideshare, lyft, uber  \" width=\"600\" height=\"425\" srcset=\"https:\/\/www.humbertoinjurylaw.com\/wp-content\/uploads\/2025\/02\/practice-area.webp 600w, https:\/\/www.humbertoinjurylaw.com\/wp-content\/uploads\/2025\/02\/practice-area-300x213.webp 300w\" sizes=\"(max-width: 600px) 100vw, 600px\" \/><\/p>\n<h2 data-pm-slice=\"1 1 []\">P\u00f3ngase en contacto hoy mismo con nuestros abogados especializados en accidentes de coche compartido en Savannah<\/h2>\n<p>Si usted fue lesionado en un accidente de Uber o Lyft, no debe enfrentarse solo a las compa\u00f1\u00edas de seguros. Nuestro equipo en Las Oficinas Legales de Humberto Izquierdo, Jr., PC est\u00e1 listo para proteger sus derechos y luchar por la compensaci\u00f3n que se merece. Nos encargamos de cada paso del proceso de reclamaci\u00f3n para que usted pueda centrarse en su recuperaci\u00f3n.  <\/p>\n<p>P\u00f3ngase <a href=\"https:\/\/www.humbertoinjurylaw.com\/es\/contacto\/\" target=\"_blank\" rel=\"noopener noreferrer\">en<\/a> contacto con nosotros en <a href=\"tel:+17708888901\"><i class=\"fa fa-phone-alt\"><\/i>(770) 888-8901<\/a> para consultar hoy mismo con uno de nuestros abogados especializados en accidentes de transporte compartido en Savannah.<\/p>\n","protected":false},"excerpt":{"rendered":"<p>Abogado de accidentes de transporte compartido en Savannah | Protegiendo a las v\u00edctimas de accidentes de Uber y Lyft Un accidente de Uber o Lyft en Savannah puede dejar a las v\u00edctimas con lesiones graves, elevadas facturas m\u00e9dicas y preguntas sobre qui\u00e9n es el responsable. Un abogado especializado en accidentes de transporte compartido en Savannah [&hellip;]<\/p>\n","protected":false},"author":38,"featured_media":0,"parent":10257,"menu_order":0,"comment_status":"closed","ping_status":"closed","template":"","meta":{"_acf_changed":false,"anchor_text":"","footnotes":""},"class_list":["post-10500","page","type-page","status-publish","hentry"],"acf":[],"_links":{"self":[{"href":"https:\/\/www.humbertoinjurylaw.com\/es\/wp-json\/wp\/v2\/pages\/10500","targetHints":{"allow":["GET"]}}],"collection":[{"href":"https:\/\/www.humbertoinjurylaw.com\/es\/wp-json\/wp\/v2\/pages"}],"about":[{"href":"https:\/\/www.humbertoinjurylaw.com\/es\/wp-json\/wp\/v2\/types\/page"}],"author":[{"embeddable":true,"href":"https:\/\/www.humbertoinjurylaw.com\/es\/wp-json\/wp\/v2\/users\/38"}],"replies":[{"embeddable":true,"href":"https:\/\/www.humbertoinjurylaw.com\/es\/wp-json\/wp\/v2\/comments?post=10500"}],"version-history":[{"count":0,"href":"https:\/\/www.humbertoinjurylaw.com\/es\/wp-json\/wp\/v2\/pages\/10500\/revisions"}],"up":[{"embeddable":true,"href":"https:\/\/www.humbertoinjurylaw.com\/es\/wp-json\/wp\/v2\/pages\/10257"}],"wp:attachment":[{"href":"https:\/\/www.humbertoinjurylaw.com\/es\/wp-json\/wp\/v2\/media?parent=10500"}],"curies":[{"name":"wp","href":"https:\/\/api.w.org\/{rel}","templated":true}]}}