{"id":3419,"date":"2025-02-14T11:11:14","date_gmt":"2025-02-14T16:11:14","guid":{"rendered":"https:\/\/www.humbertoinjurylaw.com\/armando-d-izquierdo\/"},"modified":"2025-02-14T11:11:14","modified_gmt":"2025-02-14T16:11:14","slug":"armando-d-izquierdo","status":"publish","type":"page","link":"https:\/\/www.humbertoinjurylaw.com\/es\/armando-d-izquierdo\/","title":{"rendered":"Armando D. Izquierdo"},"content":{"rendered":"<p>Armando D. Izquierdo se uni\u00f3 a las Oficinas Legales de Humberto Izquierdo, Jr., PC en 2015, y su pr\u00e1ctica se dedica principalmente a la defensa de los derechos de los trabajadores lesionados en Georgia. Se gradu\u00f3 con honores en la Facultad de Derecho de Charlotte en mayo de 2015. Fue miembro de la Latino-American Law Society y de la Access to Justice Journal, adem\u00e1s de colaborar como voluntario con la Immigration Clinic y el Crisis Assistance Ministry.<\/p>\n<p>Como nuevo abogado, Armando se dedica a avanzar en su conocimiento y experiencia ayudando diariamente a los trabajadores lesionados en el estado de Georgia. El Sr. Izquierdo es miembro del Colegio de Abogados del Estado de Georgia.<\/p>\n<h2>Fondo<\/h2>\n<p>El Sr. Izquierdo es originario de Ciudad de M\u00e9xico, pero creci\u00f3 principalmente en Alpharetta, Georgia. Su lengua materna es el espa\u00f1ol y el ingl\u00e9s.<\/p>\n<p>Tras graduarse en el Chattahoochee High School en 1997, asisti\u00f3 al Georgia <a href=\"https:\/\/www.gcsu.edu\/\" target=\"_blank\" rel=\"noopener\">College and State University (GC&amp;SU)<\/a> en Milledgeville, GA. En 2001 se traslad\u00f3 a la <a href=\"https:\/\/www.admissions.uga.edu\/experience\/athens\/\" target=\"_blank\" rel=\"noopener\">Universidad de Georgia en Athens<\/a>, donde permaneci\u00f3 ense\u00f1ando tenis en el Athens Country Club hasta que asisti\u00f3 a la facultad de Derecho en 2012.<\/p>\n<p>En su tiempo libre, le gusta jugar al tenis y al golf con la familia, amigos y colegas, as\u00ed como disfrutar de las franquicias deportivas de Atlanta.<\/p>\n<h2>\u00a1Llame hoy para consultar con Armando D. Izquierdo en Cumming, GA!<\/h2>\n<p>Aseg\u00farese de llamar a nuestra oficina legal para programar una consulta gratuita con Armando D. Izquierdo. Marque <a href=\"tel:+17708888901\"><i class=\"fa fa-phone-alt\"><\/i>(770) 888-8901<\/a> hoy mismo o rellene el formulario de nuestra <a href=\"https:\/\/www.humbertoinjurylaw.com\/contact\/\">p\u00e1gina de contacto<\/a>. \u00a1Nuestro dedicado equipo legal sirve Cumming y las \u00e1reas circundantes de Georgia!<\/p>\n","protected":false},"excerpt":{"rendered":"<p>Armando D. Izquierdo se uni\u00f3 a las Oficinas Legales de Humberto Izquierdo, Jr., PC en 2015, y su pr\u00e1ctica se dedica principalmente a la defensa de los derechos de los trabajadores lesionados en Georgia. Se gradu\u00f3 con honores en la Facultad de Derecho de Charlotte en mayo de 2015. Fue miembro de la Latino-American Law [&hellip;]<\/p>\n","protected":false},"author":22,"featured_media":3237,"parent":0,"menu_order":0,"comment_status":"closed","ping_status":"closed","template":"","meta":{"_acf_changed":false,"anchor_text":"","footnotes":""},"class_list":["post-3419","page","type-page","status-publish","has-post-thumbnail","hentry"],"acf":[],"_links":{"self":[{"href":"https:\/\/www.humbertoinjurylaw.com\/es\/wp-json\/wp\/v2\/pages\/3419","targetHints":{"allow":["GET"]}}],"collection":[{"href":"https:\/\/www.humbertoinjurylaw.com\/es\/wp-json\/wp\/v2\/pages"}],"about":[{"href":"https:\/\/www.humbertoinjurylaw.com\/es\/wp-json\/wp\/v2\/types\/page"}],"author":[{"embeddable":true,"href":"https:\/\/www.humbertoinjurylaw.com\/es\/wp-json\/wp\/v2\/users\/22"}],"replies":[{"embeddable":true,"href":"https:\/\/www.humbertoinjurylaw.com\/es\/wp-json\/wp\/v2\/comments?post=3419"}],"version-history":[{"count":0,"href":"https:\/\/www.humbertoinjurylaw.com\/es\/wp-json\/wp\/v2\/pages\/3419\/revisions"}],"wp:featuredmedia":[{"embeddable":true,"href":"https:\/\/www.humbertoinjurylaw.com\/es\/wp-json\/wp\/v2\/media\/3237"}],"wp:attachment":[{"href":"https:\/\/www.humbertoinjurylaw.com\/es\/wp-json\/wp\/v2\/media?parent=3419"}],"curies":[{"name":"wp","href":"https:\/\/api.w.org\/{rel}","templated":true}]}}