{"id":3423,"date":"2025-02-14T11:11:36","date_gmt":"2025-02-14T16:11:36","guid":{"rendered":"https:\/\/www.humbertoinjurylaw.com\/grant-tall\/"},"modified":"2025-12-17T16:23:55","modified_gmt":"2025-12-17T21:23:55","slug":"grant-tall","status":"publish","type":"page","link":"https:\/\/www.humbertoinjurylaw.com\/es\/grant-tall\/","title":{"rendered":"Grant Tall"},"content":{"rendered":"<p>Grant es originario de Roswell, Georgia. Estudi\u00f3 en <a href=\"https:\/\/www.uga.edu\/\" target=\"_blank\" rel=\"noopener\">la Universidad de Georgia<\/a>, donde se licenci\u00f3 con honores en Finanzas y Ciencias Pol\u00edticas. A continuaci\u00f3n, asisti\u00f3 a <a href=\"https:\/\/law.mercer.edu\/\" target=\"_blank\" rel=\"noopener\">la Facultad de Derecho Walter F. George de la Universidad Mercer<\/a> en Macon, Georgia. Tras su graduaci\u00f3n, ingres\u00f3 en la Orden de los Abogados y fue admitido en el Colegio de Abogados de Georgia en 2012.<\/p>\n<h2>Experiencia<\/h2>\n<p>Antes de representar a los lesionados, Grant trabaj\u00f3 para empresas de defensa de seguros, adquiriendo una valiosa experiencia jur\u00eddica y en juicios. Grant ha llevado casos en todos los aspectos del litigio, incluida la mediaci\u00f3n y el juicio de demandas por lesiones catastr\u00f3ficas. Ha sido nombrado Super Lawyer Rising Star cada a\u00f1o desde 2019. Grant tambi\u00e9n est\u00e1 calificado como \u00abExcelente\u00bb en Avvo, con m\u00faltiples rese\u00f1as de cinco estrellas de clientes satisfechos.<\/p>\n<h2>Contacta hoy con Grant Tall para una evaluaci\u00f3n gratuita de tu caso<\/h2>\n<p>Si has sufrido lesiones en un accidente, por un producto defectuoso o en un accidente laboral, llama hoy mismo a Grant Tall al <a href=\"tel:+17708888901\"><i class=\"fa fa-phone-alt\"><\/i>(770) 888-8901<\/a> o rellena un formulario en nuestra <a href=\"https:\/\/www.humbertoinjurylaw.com\/es\/contacto\/\">p\u00e1gina de contacto<\/a> para programar tu consulta gratuita.<\/p>\n","protected":false},"excerpt":{"rendered":"<p>Grant es originario de Roswell, Georgia. Estudi\u00f3 en la Universidad de Georgia, donde se licenci\u00f3 con honores en Finanzas y Ciencias Pol\u00edticas. A continuaci\u00f3n, asisti\u00f3 a la Facultad de Derecho Walter F. George de la Universidad Mercer en Macon, Georgia. Tras su graduaci\u00f3n, ingres\u00f3 en la Orden de los Abogados y fue admitido en el [&hellip;]<\/p>\n","protected":false},"author":22,"featured_media":3236,"parent":0,"menu_order":0,"comment_status":"closed","ping_status":"closed","template":"","meta":{"_acf_changed":false,"anchor_text":"","footnotes":""},"class_list":["post-3423","page","type-page","status-publish","has-post-thumbnail","hentry"],"acf":[],"_links":{"self":[{"href":"https:\/\/www.humbertoinjurylaw.com\/es\/wp-json\/wp\/v2\/pages\/3423","targetHints":{"allow":["GET"]}}],"collection":[{"href":"https:\/\/www.humbertoinjurylaw.com\/es\/wp-json\/wp\/v2\/pages"}],"about":[{"href":"https:\/\/www.humbertoinjurylaw.com\/es\/wp-json\/wp\/v2\/types\/page"}],"author":[{"embeddable":true,"href":"https:\/\/www.humbertoinjurylaw.com\/es\/wp-json\/wp\/v2\/users\/22"}],"replies":[{"embeddable":true,"href":"https:\/\/www.humbertoinjurylaw.com\/es\/wp-json\/wp\/v2\/comments?post=3423"}],"version-history":[{"count":1,"href":"https:\/\/www.humbertoinjurylaw.com\/es\/wp-json\/wp\/v2\/pages\/3423\/revisions"}],"predecessor-version":[{"id":8991,"href":"https:\/\/www.humbertoinjurylaw.com\/es\/wp-json\/wp\/v2\/pages\/3423\/revisions\/8991"}],"wp:featuredmedia":[{"embeddable":true,"href":"https:\/\/www.humbertoinjurylaw.com\/es\/wp-json\/wp\/v2\/media\/3236"}],"wp:attachment":[{"href":"https:\/\/www.humbertoinjurylaw.com\/es\/wp-json\/wp\/v2\/media?parent=3423"}],"curies":[{"name":"wp","href":"https:\/\/api.w.org\/{rel}","templated":true}]}}