{"id":3445,"date":"2025-02-17T11:20:14","date_gmt":"2025-02-17T16:20:14","guid":{"rendered":"https:\/\/www.humbertoinjurylaw.com\/alpharetta\/"},"modified":"2025-03-06T02:25:21","modified_gmt":"2025-03-06T07:25:21","slug":"alpharetta","status":"publish","type":"page","link":"https:\/\/www.humbertoinjurylaw.com\/es\/alpharetta\/","title":{"rendered":"Alpharetta"},"content":{"rendered":"<p>En las Oficinas Legales de Humberto Izquierdo, Jr., PC, estamos comprometidos a ayudar a las personas lesionadas en accidentes de trabajo y casos de lesiones personales obtener la compensaci\u00f3n m\u00e1xima que se merecen. Nuestro \u00e9xito se deriva de la prestaci\u00f3n de atenci\u00f3n personalizada a cada cliente, asegurando que reciban la orientaci\u00f3n y la defensa necesaria para su caso.<\/p>\n<p>La justicia debe ser accesible a todos, independientemente de las barreras ling\u00fc\u00edsticas. Es por eso que nuestro personal biling\u00fce de habla hispana se comunica directamente con los clientes, eliminando la necesidad de traductores de terceros.<\/p>\n<p>Si usted o un ser querido ha sufrido una lesi\u00f3n en el trabajo o debido a la negligencia de otra persona, usted puede estar enfrentando la incertidumbre, el dolor y la tensi\u00f3n financiera. Entendemos estos retos y estamos aqu\u00ed para apoyarle en cada paso del camino.<\/p>\n<p>M\u00e1s all\u00e1 de perseguir la justicia y una compensaci\u00f3n justa, empoderamos a nuestros clientes con el conocimiento necesario para tomar decisiones informadas sobre sus casos. Si bien proporcionamos asesoramiento jur\u00eddico especializado y recomendaciones, creemos que la decisi\u00f3n final es siempre suya.<\/p>\n<p>En las Oficinas Legales de Humberto Izquierdo, Jr., PC, estamos listos para estar a su lado, ofreciendo representaci\u00f3n legal compasiva y h\u00e1bil cuando m\u00e1s lo necesita.<\/p>\n","protected":false},"excerpt":{"rendered":"<p>En las Oficinas Legales de Humberto Izquierdo, Jr., PC, estamos comprometidos a ayudar a las personas lesionadas en accidentes de trabajo y casos de lesiones personales obtener la compensaci\u00f3n m\u00e1xima que se merecen. Nuestro \u00e9xito se deriva de la prestaci\u00f3n de atenci\u00f3n personalizada a cada cliente, asegurando que reciban la orientaci\u00f3n y la defensa necesaria [&hellip;]<\/p>\n","protected":false},"author":22,"featured_media":3346,"parent":0,"menu_order":0,"comment_status":"closed","ping_status":"closed","template":"","meta":{"_acf_changed":false,"anchor_text":"","footnotes":""},"class_list":["post-3445","page","type-page","status-publish","has-post-thumbnail","hentry"],"acf":[],"_links":{"self":[{"href":"https:\/\/www.humbertoinjurylaw.com\/es\/wp-json\/wp\/v2\/pages\/3445","targetHints":{"allow":["GET"]}}],"collection":[{"href":"https:\/\/www.humbertoinjurylaw.com\/es\/wp-json\/wp\/v2\/pages"}],"about":[{"href":"https:\/\/www.humbertoinjurylaw.com\/es\/wp-json\/wp\/v2\/types\/page"}],"author":[{"embeddable":true,"href":"https:\/\/www.humbertoinjurylaw.com\/es\/wp-json\/wp\/v2\/users\/22"}],"replies":[{"embeddable":true,"href":"https:\/\/www.humbertoinjurylaw.com\/es\/wp-json\/wp\/v2\/comments?post=3445"}],"version-history":[{"count":2,"href":"https:\/\/www.humbertoinjurylaw.com\/es\/wp-json\/wp\/v2\/pages\/3445\/revisions"}],"predecessor-version":[{"id":3447,"href":"https:\/\/www.humbertoinjurylaw.com\/es\/wp-json\/wp\/v2\/pages\/3445\/revisions\/3447"}],"wp:featuredmedia":[{"embeddable":true,"href":"https:\/\/www.humbertoinjurylaw.com\/es\/wp-json\/wp\/v2\/media\/3346"}],"wp:attachment":[{"href":"https:\/\/www.humbertoinjurylaw.com\/es\/wp-json\/wp\/v2\/media?parent=3445"}],"curies":[{"name":"wp","href":"https:\/\/api.w.org\/{rel}","templated":true}]}}