{"id":3450,"date":"2026-03-06T08:00:02","date_gmt":"2026-03-06T13:00:02","guid":{"rendered":"https:\/\/www.humbertoinjurylaw.com\/alpharetta\/alpharetta-abogado-de-accidente-de-coche\/"},"modified":"2026-03-11T09:23:20","modified_gmt":"2026-03-11T13:23:20","slug":"alpharetta-abogado-de-accidente-de-coche","status":"publish","type":"page","link":"https:\/\/www.humbertoinjurylaw.com\/es\/alpharetta\/alpharetta-abogado-de-accidente-de-coche\/","title":{"rendered":"Alpharetta Abogado de Accidente de Coche"},"content":{"rendered":"<h2>\u00bfPor qu\u00e9 elegir las Oficinas Legales de Humberto Izquierdo, Jr., PC como su abogado de accidente de coche Alpharetta?<\/h2>\n<p>La elecci\u00f3n de la representaci\u00f3n legal adecuada despu\u00e9s de un accidente de coche es crucial. Las Oficinas Legales de Humberto Izquierdo, Jr., PC se destacan por varias razones. Nuestra firma de abogados de lesiones personales se dedica a proporcionar un servicio excepcional y apoyo a cada cliente.<\/p>\n<p>Nos centramos en la atenci\u00f3n personalizada. Cada caso es \u00fanico, y lo tratamos como tal. Desde su primera consulta, nos tomamos el tiempo para escuchar su historia, entender sus necesidades, y elaborar una estrategia adaptada a su situaci\u00f3n. Este compromiso con el servicio individualizado fomenta la confianza y construye una fuerte relaci\u00f3n abogado-cliente.<\/p>\n<p>Nuestros resultados probados hablan vol\u00famenes. Nuestros abogados de lesiones personales Alpharetta han representado con \u00e9xito a numerosos clientes en Alpharetta y sus alrededores, ayud\u00e1ndoles a asegurar la m\u00e1xima compensaci\u00f3n por sus lesiones. Nuestro historial demuestra nuestra capacidad para navegar por las complejidades de la ley de lesiones personales con eficacia.<\/p>\n<p>La experiencia es importante. La experiencia de Humberto Izquierdo como abogado defensor de seguros le da una idea de c\u00f3mo operan las compa\u00f1\u00edas de seguros. Este conocimiento proporciona una ventaja significativa en la negociaci\u00f3n de los asentamientos para las demandas por lesiones personales. Conocemos las t\u00e1cticas que utilizan estas compa\u00f1\u00edas y c\u00f3mo contrarrestarlas.<\/p>\n<p>La integridad es el n\u00facleo de nuestra pr\u00e1ctica. Creemos en la comunicaci\u00f3n honesta y la transparencia durante todo el proceso legal. Usted siempre sabr\u00e1 el estado de su caso y qu\u00e9 esperar a continuaci\u00f3n.<\/p>\n<p>Por \u00faltimo, nuestra tenacidad nos distingue. Somos implacables en nuestra b\u00fasqueda de justicia para nuestros clientes. Si la negociaci\u00f3n con las compa\u00f1\u00edas de seguros o la preparaci\u00f3n para el juicio, luchamos incansablemente para asegurarse de que recibe la compensaci\u00f3n que se merece.<\/p>\n<p>Si usted ha estado involucrado en un accidente de coche en Alpharetta, la elecci\u00f3n de las Oficinas Legales de Humberto Izquierdo, Jr, PC significa elegir un aliado dedicado en su viaje de recuperaci\u00f3n. Perm\u00edtanos ayudarle a navegar por el panorama jur\u00eddico y abogar por sus derechos.<\/p>\n<p><img fetchpriority=\"high\" decoding=\"async\" class=\"alignnone size-full wp-image-2581\" src=\"https:\/\/www.humbertoinjurylaw.com\/wp-content\/uploads\/2025\/02\/car-accident-damage.webp\" alt=\"A car that has been totaled in a wreck. An Alpharetta car accident lawyer could help this driver!\" width=\"600\" height=\"400\" srcset=\"https:\/\/www.humbertoinjurylaw.com\/wp-content\/uploads\/2025\/02\/car-accident-damage.webp 600w, https:\/\/www.humbertoinjurylaw.com\/wp-content\/uploads\/2025\/02\/car-accident-damage-300x200.webp 300w\" sizes=\"(max-width: 600px) 100vw, 600px\" \/><\/p>\n<h2>C\u00f3mo entender las reclamaciones por accidentes de coche en Alpharetta<\/h2>\n<p>Los accidentes automovil\u00edsticos pueden ser abrumadores. La comprensi\u00f3n del proceso de reclamaciones puede ayudarle a navegar las secuelas y asegurar la compensaci\u00f3n que se merece. En Alpharetta, varios factores contribuyen a los accidentes de coche, y conocer estos puede ayudar en su caso.<\/p>\n<h3>Causas comunes de accidentes de coche en Alpharetta<\/h3>\n<p>En Alpharetta, varias causas comunes conducen a accidentes de coche. La conducci\u00f3n distra\u00edda, como enviar mensajes de texto mientras se conduce, es un factor importante. El exceso de velocidad y conducir bajo la influencia del alcohol tambi\u00e9n contribuyen a muchos incidentes. Las condiciones meteorol\u00f3gicas, como la lluvia o la niebla, pueden crear situaciones peligrosas. Entender estas causas puede ayudar a identificar a las partes responsables en su caso.<\/p>\n<h3>Probar la responsabilidad en casos de accidente de tr\u00e1fico<\/h3>\n<p>Para solicitar una indemnizaci\u00f3n, debe demostrar su responsabilidad. Esto implica demostrar que otro conductor actu\u00f3 negligentemente. Como tal, es importante contar con Alpharetta abogados de lesiones personales que pueden ayudar a<\/p>\n<p><strong>Los cuatro elementos de la negligencia<\/strong><\/p>\n<ul>\n<li><strong>Deber de diligencia<\/strong>: Todo conductor es responsable de conducir su veh\u00edculo de forma segura.<\/li>\n<li><strong>Incumplimiento del deber<\/strong>: Si un conductor incumple este deber, puede ser considerado negligente.<\/li>\n<li><strong>Causalidad<\/strong>: Debe demostrar que el incumplimiento caus\u00f3 directamente el accidente.<\/li>\n<li><strong>Da\u00f1os y perjuicios<\/strong>: Por \u00faltimo, debe demostrar que ha sufrido da\u00f1os y perjuicios como consecuencia del accidente.<\/li>\n<\/ul>\n<p>Cada elemento debe estar claramente establecido para construir una s\u00f3lida demanda por accidente de coche.<\/p>\n<h3>Leyes de culpa compartida en Georgia<\/h3>\n<p>Georgia sigue una regla de negligencia comparativa modificada. Esto significa que si usted es parcialmente culpable del accidente, su compensaci\u00f3n puede ser reducida por su porcentaje de culpa. Sin embargo, siempre y cuando usted es menos del 50% responsable, todav\u00eda puede recuperar los da\u00f1os. Comprender c\u00f3mo se aplican las leyes de culpa compartida a su situaci\u00f3n es crucial para evaluar su posible indemnizaci\u00f3n.<\/p>\n<p>En resumen, comprender los matices de las reclamaciones por accidentes de coche en Alpharetta es esencial. Al reconocer las causas comunes, probar la responsabilidad, y navegar por las leyes de culpa compartida, usted puede fortalecer su caso. Si usted se encuentra en esta situaci\u00f3n, consultar con un abogado con experiencia en accidentes de coche Alpharetta puede proporcionar la orientaci\u00f3n que necesita para llevar a cabo su reclamo con eficacia.<\/p>\n<h2>Pasos a seguir despu\u00e9s de un accidente de coche en Alpharetta<\/h2>\n<p>Experimentar un accidente de coche puede ser abrumador. Sin embargo, tomar las medidas adecuadas inmediatamente despu\u00e9s del incidente es crucial para su seguridad y para la construcci\u00f3n de una fuerte demanda por lesiones personales. Esto es lo que debe hacer:<\/p>\n<h3>Documentar la escena del accidente<\/h3>\n<p>Comience por recopilar informaci\u00f3n esencial en el lugar del accidente. Tome fotograf\u00edas claras de los veh\u00edculos implicados, la zona circundante y las lesiones visibles. Anote las condiciones meteorol\u00f3gicas y las circunstancias de la carretera. Esta documentaci\u00f3n puede servir como prueba vital m\u00e1s adelante.<\/p>\n<h3>Busque atenci\u00f3n m\u00e9dica inmediata<\/h3>\n<p>Su salud es la m\u00e1xima prioridad. Aunque se sienta bien, algunas lesiones por accidente de tr\u00e1fico pueden no ser evidentes de inmediato. Acuda al m\u00e9dico lo antes posible. Un tratamiento r\u00e1pido no s\u00f3lo salvaguarda su bienestar, sino que tambi\u00e9n establece un registro de sus lesiones relacionadas con el accidente. Esta documentaci\u00f3n es crucial para su demanda por lesiones personales.<\/p>\n<h3>Recopilaci\u00f3n de pruebas e informaci\u00f3n sobre testigos<\/h3>\n<p>Recopila los datos de contacto de los testigos que se encuentren en el lugar del accidente. Sus declaraciones pueden aportar nuevas perspectivas sobre el accidente. Recopila tambi\u00e9n informaci\u00f3n del otro conductor o conductores, incluidos los datos de su seguro y su n\u00famero de carn\u00e9 de conducir. Esta informaci\u00f3n ser\u00e1 muy valiosa a la hora de presentar una reclamaci\u00f3n por accidente de coche y negociar con las compa\u00f1\u00edas de seguros.<\/p>\n<p>Si sigue estos pasos, podr\u00e1 sentar unas bases s\u00f3lidas para su caso. Recuerde que actuar con rapidez y eficacia puede influir significativamente en el resultado de su demanda por lesiones personales.<\/p>\n<p><img decoding=\"async\" class=\"alignnone size-full wp-image-2582\" src=\"https:\/\/www.humbertoinjurylaw.com\/wp-content\/uploads\/2025\/02\/memphis-car-accident-discussion.webp\" alt=\"Two people discuss their next steps after a car accident.\" width=\"600\" height=\"400\" srcset=\"https:\/\/www.humbertoinjurylaw.com\/wp-content\/uploads\/2025\/02\/memphis-car-accident-discussion.webp 600w, https:\/\/www.humbertoinjurylaw.com\/wp-content\/uploads\/2025\/02\/memphis-car-accident-discussion-300x200.webp 300w\" sizes=\"(max-width: 600px) 100vw, 600px\" \/><\/p>\n<h2>Navegando el Proceso Legal con las Oficinas Legales de Humberto Izquierdo, Jr., PC<\/h2>\n<p>Cuando usted se encuentra involucrado en un accidente de coche en Alpharetta, navegar por el proceso legal puede ser abrumador. En las Oficinas Legales de Humberto Izquierdo, Jr., PC, nuestros abogados de lesiones personales tienen como objetivo simplificar este viaje para usted. Nuestro experimentado equipo legal est\u00e1 aqu\u00ed para guiarlo a trav\u00e9s de cada paso, asegurando que usted entienda qu\u00e9 esperar y c\u00f3mo proceder.<\/p>\n<h3>La presentaci\u00f3n de su demanda por accidente de coche<\/h3>\n<p>El primer paso para obtener una indemnizaci\u00f3n es presentar una reclamaci\u00f3n por accidente de tr\u00e1fico. Esto implica presentar la documentaci\u00f3n necesaria a su compa\u00f1\u00eda de seguros o a la aseguradora de la parte culpable. Le ayudaremos en la recopilaci\u00f3n de todas las pruebas necesarias, incluidos los informes policiales, registros m\u00e9dicos, y las fotograf\u00edas pertinentes de la escena del accidente. Nuestro objetivo es construir un caso s\u00f3lido que apoye su reclamaci\u00f3n por da\u00f1os y perjuicios.<\/p>\n<h3>Negociaci\u00f3n con las compa\u00f1\u00edas de seguros<\/h3>\n<p>Las compa\u00f1\u00edas de seguros a menudo tratan de minimizar los pagos de las reclamaciones por lesiones en accidentes de coche. Pueden ofrecer acuerdos bajos o impugnar la validez de su reclamo. Nuestra empresa est\u00e1 bien versado en el tratamiento de estas t\u00e1cticas. Vamos a negociar en su nombre para asegurar una compensaci\u00f3n justa que refleje el verdadero alcance de sus lesiones y p\u00e9rdidas. Nuestra experiencia como abogados de accidente de coche Alpharetta significa que sabemos c\u00f3mo contrarrestar las estrategias empleadas por los ajustadores de seguros.<\/p>\n<h3>Preparaci\u00f3n para el litigio si es necesario<\/h3>\n<p>Si las negociaciones no conducen a una resoluci\u00f3n satisfactoria, los abogados de accidentes automovil\u00edsticos est\u00e1n preparados para llevar su caso a los tribunales. El litigio puede ser complejo, pero nuestro equipo de abogados con experiencia en accidentes automovil\u00edsticos est\u00e1 listo para defender sus derechos. Vamos a desarrollar una estrategia integral para presentar su caso con eficacia. Desde la recopilaci\u00f3n de pruebas adicionales hasta la preparaci\u00f3n de testigos, nos aseguraremos de que est\u00e9 bien representado durante todo el proceso legal.<\/p>\n<p>Con las Oficinas Legales de Humberto Izquierdo, Jr., PC a su lado, usted puede sentirse seguro de que tiene un defensor dedicado luchando por sus derechos y la compensaci\u00f3n que se merece. Perm\u00edtanos manejar las complejidades legales mientras usted se concentra en su recuperaci\u00f3n.<\/p>\n<h2><img decoding=\"async\" class=\"alignnone wp-image-4343 size-full\" src=\"https:\/\/www.humbertoinjurylaw.com\/wp-content\/uploads\/2025\/04\/Humberto-Infographics-Spanish_Alpharetta-Car-Accident-Infographic.webp\" alt=\"Humberto Infographics Spanish Alpharetta Car Accident Infographic\" width=\"675\" height=\"900\" srcset=\"https:\/\/www.humbertoinjurylaw.com\/wp-content\/uploads\/2025\/04\/Humberto-Infographics-Spanish_Alpharetta-Car-Accident-Infographic.webp 675w, https:\/\/www.humbertoinjurylaw.com\/wp-content\/uploads\/2025\/04\/Humberto-Infographics-Spanish_Alpharetta-Car-Accident-Infographic-225x300.webp 225w\" sizes=\"(max-width: 675px) 100vw, 675px\" \/><\/h2>\n<h2>Tipos de indemnizaci\u00f3n disponibles para las v\u00edctimas de accidentes de tr\u00e1fico<\/h2>\n<p>Los accidentes de tr\u00e1fico pueden suponer una importante carga econ\u00f3mica y emocional. La comprensi\u00f3n de los tipos de compensaci\u00f3n disponibles puede ayudarle a navegar su proceso de recuperaci\u00f3n. Como su abogado de accidente de coche Alpharetta, nos aseguraremos de que usted es consciente de las diversas formas de compensaci\u00f3n que puede perseguir.<\/p>\n<h3>Recuperaci\u00f3n de gastos m\u00e9dicos y salarios perdidos<\/h3>\n<p>Uno de los principales tipos de compensaci\u00f3n disponibles despu\u00e9s de un accidente de coche es para las facturas m\u00e9dicas. Esto puede incluir los costes de las visitas al hospital, cirug\u00edas, medicaci\u00f3n y terapia f\u00edsica en curso. Adem\u00e1s, si sus lesiones le impiden trabajar, usted puede tener derecho a recuperar los salarios perdidos. Le ayudaremos a calcular estos gastos para asegurarnos de que recibe la ayuda econ\u00f3mica necesaria para su recuperaci\u00f3n.<\/p>\n<h3>Indemnizaci\u00f3n por dolor, sufrimiento y angustia emocional<\/h3>\n<p>Adem\u00e1s de los gastos tangibles, las v\u00edctimas pueden solicitar una indemnizaci\u00f3n por el dolor y el sufrimiento. Esto abarca el malestar f\u00edsico y la confusi\u00f3n emocional causados por el accidente y las lesiones posteriores. Factores como la gravedad de sus lesiones y el impacto en su vida diaria pueden influir en el valor de estas reclamaciones. Nuestro equipo es experto en presentar estos aspectos de forma eficaz para maximizar su indemnizaci\u00f3n.<\/p>\n<h3>Reclamaciones por muerte por negligencia en accidentes de tr\u00e1fico<\/h3>\n<p>Tr\u00e1gicamente, algunos accidentes de tr\u00e1fico se saldan con v\u00edctimas mortales. En tales casos, los familiares supervivientes pueden presentar una demanda por homicidio culposo. Estas reclamaciones pueden cubrir los gastos funerarios, la p\u00e9rdida de compa\u00f1\u00eda y la p\u00e9rdida de ingresos futuros. Nuestro experimentado equipo legal entiende la sensibilidad que rodea a estos casos y los manejar\u00e1 con el m\u00e1ximo cuidado y respeto.<\/p>\n<p>Navegar por las complejidades de las reclamaciones de accidentes de coche puede ser abrumador. Sin embargo, con la representaci\u00f3n legal adecuada, usted puede buscar con confianza la compensaci\u00f3n que se merece. En las Oficinas Legales de Humberto Izquierdo, Jr., PC, estamos comprometidos a abogar por sus derechos y asegurar que usted reciba la m\u00e1xima compensaci\u00f3n posible.<\/p>\n<p><img loading=\"lazy\" decoding=\"async\" class=\"alignnone size-full wp-image-2587\" src=\"https:\/\/www.humbertoinjurylaw.com\/wp-content\/uploads\/2025\/02\/calhoun-car-accident.webp\" alt=\"A front-end collision between two cars\" width=\"500\" height=\"286\" srcset=\"https:\/\/www.humbertoinjurylaw.com\/wp-content\/uploads\/2025\/02\/calhoun-car-accident.webp 500w, https:\/\/www.humbertoinjurylaw.com\/wp-content\/uploads\/2025\/02\/calhoun-car-accident-300x172.webp 300w\" sizes=\"(max-width: 500px) 100vw, 500px\" \/><\/p>\n<h2>Consulta gratuita con un abogado con experiencia en accidentes automovil\u00edsticos en Alpharetta<\/h2>\n<p>Si usted ha estado involucrado en un accidente de coche en Alpharetta, es crucial para entender sus derechos y opciones legales. Nuestro bufete de abogados de lesiones personales ofrece una consulta gratuita para discutir su caso. Esta reuni\u00f3n inicial le permite compartir los detalles de su accidente y lesiones mientras evaluamos la situaci\u00f3n. Recibir\u00e1 informaci\u00f3n valiosa sobre los posibles caminos a seguir para su demanda por lesiones personales.<\/p>\n<p>Nuestro compromiso con usted es directo: sin honorarios por adelantado. S\u00f3lo nos pagar\u00e1 si conseguimos indemnizarle. Esta estructura de honorarios de contingencia le permite buscar justicia sin la carga de la presi\u00f3n financiera inmediata. Creemos que todas las v\u00edctimas de accidentes merecen la oportunidad de obtener una indemnizaci\u00f3n sin tener que preocuparse por los costes legales por adelantado.<\/p>\n<p>No espere para buscar la ayuda que necesita. P\u00f3ngase en contacto con nosotros hoy mismo para programar la revisi\u00f3n gratuita de su caso. Nuestro experimentado equipo legal est\u00e1 listo para guiarle a trav\u00e9s de las complejidades de su reclamaci\u00f3n por accidente de coche, asegur\u00e1ndose de que entiende cada paso del proceso. Perm\u00edtanos ayudarle a luchar por la compensaci\u00f3n que se merece.<\/p>\n<h3>Nuestra Oficina y \u00c1reas de Servicio<\/h3>\n<p>En las Oficinas Legales de Humberto Izquierdo, Jr., PC, estamos orgullosos de servir a la comunidad de Alpharetta y las \u00e1reas circundantes del norte de Georgia. Nuestra oficina est\u00e1 estrat\u00e9gicamente ubicada en Cumming, GA para garantizar la accesibilidad de los clientes en toda la regi\u00f3n. Si usted reside en Alpharetta, Cumming, Sandy Springs, Buckhead, o Atlanta, nuestro equipo dedicado est\u00e1 listo para ayudarle con sus reclamaciones de accidentes de coche.<\/p>\n<h3>Sirviendo Alpharetta y las \u00e1reas circundantes del norte de Georgia<\/h3>\n<p>Nuestro bufete de abogados con experiencia en lesiones personales se centra en casos de lesiones personales, en particular las derivadas de accidentes automovil\u00edsticos. Entendemos los desaf\u00edos \u00fanicos que enfrentan las v\u00edctimas de accidentes en esta \u00e1rea. El ajetreo y el bullicio de las carreteras de Alpharetta puede conducir a incidentes desafortunados, y estamos aqu\u00ed para ayudarle a navegar las secuelas. Nuestro compromiso se extiende m\u00e1s all\u00e1 de Alpharetta, ya que tambi\u00e9n representamos a clientes en ciudades y condados cercanos, asegurando que cualquier persona que necesite apoyo legal pueda acceder a nuestros servicios.<\/p>\n<p>Con nuestra firma, usted puede esperar una atenci\u00f3n personalizada y un compromiso para lograr un acuerdo justo para su caso. P\u00f3ngase en contacto hoy para saber c\u00f3mo podemos ayudarle en su viaje hacia la recuperaci\u00f3n y la recuperaci\u00f3n de la indemnizaci\u00f3n.<\/p>\n","protected":false},"excerpt":{"rendered":"<p>\u00bfPor qu\u00e9 elegir las Oficinas Legales de Humberto Izquierdo, Jr., PC como su abogado de accidente de coche Alpharetta? La elecci\u00f3n de la representaci\u00f3n legal adecuada despu\u00e9s de un accidente de coche es crucial. Las Oficinas Legales de Humberto Izquierdo, Jr., PC se destacan por varias razones. Nuestra firma de abogados de lesiones personales se [&hellip;]<\/p>\n","protected":false},"author":38,"featured_media":0,"parent":3445,"menu_order":0,"comment_status":"closed","ping_status":"closed","template":"","meta":{"_acf_changed":false,"anchor_text":"","footnotes":""},"class_list":["post-3450","page","type-page","status-publish","hentry"],"acf":[],"_links":{"self":[{"href":"https:\/\/www.humbertoinjurylaw.com\/es\/wp-json\/wp\/v2\/pages\/3450","targetHints":{"allow":["GET"]}}],"collection":[{"href":"https:\/\/www.humbertoinjurylaw.com\/es\/wp-json\/wp\/v2\/pages"}],"about":[{"href":"https:\/\/www.humbertoinjurylaw.com\/es\/wp-json\/wp\/v2\/types\/page"}],"author":[{"embeddable":true,"href":"https:\/\/www.humbertoinjurylaw.com\/es\/wp-json\/wp\/v2\/users\/38"}],"replies":[{"embeddable":true,"href":"https:\/\/www.humbertoinjurylaw.com\/es\/wp-json\/wp\/v2\/comments?post=3450"}],"version-history":[{"count":4,"href":"https:\/\/www.humbertoinjurylaw.com\/es\/wp-json\/wp\/v2\/pages\/3450\/revisions"}],"predecessor-version":[{"id":4345,"href":"https:\/\/www.humbertoinjurylaw.com\/es\/wp-json\/wp\/v2\/pages\/3450\/revisions\/4345"}],"up":[{"embeddable":true,"href":"https:\/\/www.humbertoinjurylaw.com\/es\/wp-json\/wp\/v2\/pages\/3445"}],"wp:attachment":[{"href":"https:\/\/www.humbertoinjurylaw.com\/es\/wp-json\/wp\/v2\/media?parent=3450"}],"curies":[{"name":"wp","href":"https:\/\/api.w.org\/{rel}","templated":true}]}}