{"id":3453,"date":"2025-10-28T08:00:44","date_gmt":"2025-10-28T12:00:44","guid":{"rendered":"https:\/\/www.humbertoinjurylaw.com\/alpharetta\/alpharetta-abogado-de-lesiones-personales\/"},"modified":"2026-03-11T09:51:16","modified_gmt":"2026-03-11T13:51:16","slug":"alpharetta-abogado-de-lesiones-personales","status":"publish","type":"page","link":"https:\/\/www.humbertoinjurylaw.com\/es\/alpharetta\/alpharetta-abogado-de-lesiones-personales\/","title":{"rendered":"Alpharetta Abogado de Lesiones Personales"},"content":{"rendered":"<h2>\u00bfPor qu\u00e9 elegir las Oficinas Legales de Humberto Izquierdo, Jr., PC como su abogado de lesiones personales en Alpharetta?<\/h2>\n<p>La elecci\u00f3n del abogado de lesiones personales adecuado en Alpharetta puede hacer toda la diferencia en su caso. En las Oficinas Legales de Humberto Izquierdo, Jr., PC, entendemos los desaf\u00edos que enfrentan despu\u00e9s de un accidente. Nuestro compromiso con nuestros clientes es inquebrantable, y nos esforzamos por ofrecer una representaci\u00f3n legal excepcional.<\/p>\n<p>Humberto Izquierdo trae una riqueza de experiencia a la mesa. Con a\u00f1os de experiencia como abogado de defensa de seguros, tiene un profundo conocimiento de c\u00f3mo operan las compa\u00f1\u00edas de seguros. Esta perspectiva \u00fanica lo equipa para abogar eficazmente por sus derechos y maximizar su compensaci\u00f3n. Usted puede confiar en que \u00e9l sabe las t\u00e1cticas de las aseguradoras utilizan y c\u00f3mo contrarrestarlos.<\/p>\n<p><img fetchpriority=\"high\" decoding=\"async\" class=\"alignnone size-full wp-image-2631\" src=\"https:\/\/www.humbertoinjurylaw.com\/wp-content\/uploads\/2025\/02\/tucker-personal-injury-lawyer-maximum-compensation.webp\" alt=\"A woman in the car talks on her cell phone. Most personal injury cases, whether they're boating accidents or pedestrian accidents, require attention from experienced accident attorneys. \" width=\"500\" height=\"333\" srcset=\"https:\/\/www.humbertoinjurylaw.com\/wp-content\/uploads\/2025\/02\/tucker-personal-injury-lawyer-maximum-compensation.webp 500w, https:\/\/www.humbertoinjurylaw.com\/wp-content\/uploads\/2025\/02\/tucker-personal-injury-lawyer-maximum-compensation-300x200.webp 300w\" sizes=\"(max-width: 500px) 100vw, 500px\" \/><\/p>\n<h3>Lo que nos diferencia<\/h3>\n<p>Nos enorgullecemos de ofrecer una atenci\u00f3n personalizada. Cada cliente de demanda por lesiones personales recibe servicios legales a medida que abordan sus necesidades espec\u00edficas. Nos tomamos el tiempo para escuchar su historia, entender sus circunstancias y desarrollar una estrategia que se alinee con sus objetivos. Usted no es un caso m\u00e1s para nosotros; usted es una persona valiosa que merece respeto y apoyo.<\/p>\n<p>Adem\u00e1s, reconocemos la importancia de la transparencia en la relaci\u00f3n abogado-cliente. Usted recibir\u00e1 actualizaciones peri\u00f3dicas sobre su caso, asegur\u00e1ndose de que est\u00e1 informado en cada etapa del proceso. Nuestro enfoque en la comunicaci\u00f3n clara ayuda a aliviar el estr\u00e9s que a menudo acompa\u00f1a a las demandas por lesiones.<\/p>\n<p>Cuando usted elige las Oficinas Legales de Humberto Izquierdo, Jr., PC, como su abogado de lesiones personales en Alpharetta, usted est\u00e1 seleccionando un profesional dedicado con un historial probado. Estamos aqu\u00ed para luchar por usted, navegar por las complejidades de la ley de lesiones personales, y ayudarle a buscar la justicia que se merece.<\/p>\n<h2><img decoding=\"async\" class=\"alignnone size-full wp-image-4349\" src=\"https:\/\/www.humbertoinjurylaw.com\/wp-content\/uploads\/2025\/04\/Humberto-Infographics-Spanish_Alpharetta-Personal-Injury-Infographic.webp\" alt=\"Humberto Infographics Spanish_Alpharetta Personal Injury Infographic\" width=\"675\" height=\"900\" srcset=\"https:\/\/www.humbertoinjurylaw.com\/wp-content\/uploads\/2025\/04\/Humberto-Infographics-Spanish_Alpharetta-Personal-Injury-Infographic.webp 675w, https:\/\/www.humbertoinjurylaw.com\/wp-content\/uploads\/2025\/04\/Humberto-Infographics-Spanish_Alpharetta-Personal-Injury-Infographic-225x300.webp 225w\" sizes=\"(max-width: 675px) 100vw, 675px\" \/><\/h2>\n<h2>Tipos de casos de lesiones personales que manejamos<\/h2>\n<p>En las Oficinas Legales de Humberto Izquierdo, Jr., PC, estamos comprometidos a representar a clientes en una amplia gama de casos de lesiones personales. Nuestra experiencia abarca diversas situaciones en las que las personas han sufrido debido a la negligencia de otros. Estos son los principales tipos de casos que manejamos:<\/p>\n<h3>Accidentes de Auto<\/h3>\n<ul>\n<li><strong>Accidentes de coche<\/strong>: Los accidentes de coche pueden causar lesiones graves y cargas financieras significativas. Trabajamos diligentemente para ayudar a las v\u00edctimas de accidentes de recuperar la compensaci\u00f3n por gastos m\u00e9dicos, salarios perdidos, y el dolor y el sufrimiento.<\/li>\n<li><strong>Accidentes de Motocicleta<\/strong>: Los accidentes de motocicleta a menudo resultan en lesiones graves debido a la falta de protecci\u00f3n para los conductores. Nuestra firma entiende los desaf\u00edos \u00fanicos que estos casos presentan, y estamos dedicados a abogar por los derechos de los motociclistas lesionados.<\/li>\n<li><strong>Accidentes de Camiones<\/strong>: Los accidentes que involucran camiones pueden ser particularmente complejos. Estos casos a menudo involucran a m\u00faltiples partes, incluidas las empresas de transporte por carretera y las aseguradoras. Tenemos la experiencia legal para navegar estos desaf\u00edos y perseguir la compensaci\u00f3n que usted merece.<\/li>\n<\/ul>\n<h3>Accidentes laborales e indemnizaci\u00f3n de los trabajadores<\/h3>\n<p>Las lesiones sufridas en el trabajo pueden alterar su vida y sus finanzas. Ayudamos a nuestros clientes a navegar por el sistema de compensaci\u00f3n laboral, asegur\u00e1ndonos de que reciben las prestaciones a las que tienen derecho en concepto de atenci\u00f3n m\u00e9dica y salarios perdidos.<\/p>\n<h3>Responsabilidad civil<\/h3>\n<ul>\n<li><strong>Accidentes por resbalones y ca\u00eddas<\/strong>: Los due\u00f1os de propiedades tienen el deber de mantener ambientes seguros. Si usted ha sido lesionado debido a condiciones inseguras, podemos ayudarle a que las partes responsables rindan cuentas.<\/li>\n<li><strong>Condiciones inseguras de la propiedad<\/strong>: Las lesiones causadas por condiciones peligrosas en la propiedad de otra persona pueden dar lugar a reclamaciones importantes. Investigamos estos casos a fondo para asegurar que las v\u00edctimas reciban una compensaci\u00f3n justa.<\/li>\n<\/ul>\n<h3>Lesiones catastr\u00f3ficas<\/h3>\n<ul>\n<li><strong>Lesiones cerebrales<\/strong>: Las lesiones cerebrales pueden tener consecuencias para toda la vida. Comprendemos la complejidad de estos casos y trabajamos para garantizar la m\u00e1xima indemnizaci\u00f3n por tratamiento m\u00e9dico y rehabilitaci\u00f3n.<\/li>\n<li><strong>Lesiones de la m\u00e9dula espinal<\/strong>: Las lesiones de la m\u00e9dula espinal a menudo resultan en discapacidades permanentes. Nuestro equipo se compromete a ayudar a las v\u00edctimas a recuperar los da\u00f1os por sus lesiones, incluyendo la atenci\u00f3n m\u00e9dica continua y el apoyo.<\/li>\n<\/ul>\n<h3>Casos de homicidio culposo<\/h3>\n<p>Perder a un ser querido debido a la negligencia de otra persona es devastador. Proporcionamos representaci\u00f3n compasiva a las familias que presentan demandas por homicidio culposo, ayud\u00e1ndoles a buscar justicia y compensaci\u00f3n por su p\u00e9rdida.<\/p>\n<p>En las Oficinas Legales de Humberto Izquierdo, Jr., PC, estamos dedicados a luchar por los derechos de las v\u00edctimas de lesiones personales en Alpharetta y sus alrededores. Si usted o un ser querido ha sido lesionado, p\u00f3ngase en contacto con nosotros para una consulta gratuita para discutir sus opciones legales.<\/p>\n<p><img decoding=\"async\" class=\"alignnone size-full wp-image-2635\" src=\"https:\/\/www.humbertoinjurylaw.com\/wp-content\/uploads\/2025\/02\/rideshare-accident-aftermath.webp\" alt=\"A woman calls someone while standing outside her car. An Alpharetta personal injury lawyer can help you navigate the complexities of the legal system in Georgia. \" width=\"600\" height=\"400\" srcset=\"https:\/\/www.humbertoinjurylaw.com\/wp-content\/uploads\/2025\/02\/rideshare-accident-aftermath.webp 600w, https:\/\/www.humbertoinjurylaw.com\/wp-content\/uploads\/2025\/02\/rideshare-accident-aftermath-300x200.webp 300w\" sizes=\"(max-width: 600px) 100vw, 600px\" \/><\/p>\n<h2>Navegar por el proceso de reclamaci\u00f3n por lesiones personales<\/h2>\n<p>Comprender el proceso de reclamaci\u00f3n por lesiones personales puede resultar abrumador. Sin embargo, con la orientaci\u00f3n adecuada, se convierte en manejable. En las Oficinas Legales de Humberto Izquierdo, Jr., PC, estamos dedicados a ayudarle en cada paso del camino. As\u00ed es como navegamos el proceso para usted:<\/p>\n<h3>Consulta Inicial y Evaluaci\u00f3n del Caso<\/h3>\n<p>Su viaje comienza con una consulta gratuita. Durante esta reuni\u00f3n, evaluamos los detalles de su caso. Escuchamos su historia, evaluamos los detalles y determinamos si tiene una demanda v\u00e1lida por lesiones. Esta conversaci\u00f3n inicial sienta las bases de nuestra colaboraci\u00f3n.<\/p>\n<h3>Recopilaci\u00f3n de pruebas y construcci\u00f3n de su caso<\/h3>\n<p>Una vez que decidimos seguir adelante, nuestro equipo se centra en la recopilaci\u00f3n de pruebas cruciales. Esto incluye la recopilaci\u00f3n de registros m\u00e9dicos, informes de accidentes y declaraciones de testigos.<\/p>\n<p>Meticulosamente recopilamos toda la informaci\u00f3n para apoyar su reclamo. Nuestro objetivo es construir un caso s\u00f3lido que demuestre eficazmente el alcance de sus lesiones y la negligencia de la parte culpable.<\/p>\n<h3>Tratar con las compa\u00f1\u00edas de seguros<\/h3>\n<p>Las compa\u00f1\u00edas de seguros a menudo emplean t\u00e1cticas para minimizar los pagos. Nos quitamos la carga de sus hombros mediante el manejo de todas las comunicaciones con estas empresas. Nuestros experimentados abogados de lesiones personales saben c\u00f3mo navegar por las complejidades de las reclamaciones de seguros.<\/p>\n<p>Trabajamos diligentemente para asegurar que sus derechos sean protegidos y que usted reciba la compensaci\u00f3n que se merece.<\/p>\n<h3>Negociaci\u00f3n y acuerdo<\/h3>\n<p>Una vez que hemos establecido un caso s\u00f3lido, entramos en la fase de negociaci\u00f3n. Presentaremos su reclamaci\u00f3n a la compa\u00f1\u00eda de seguros y abogaremos por un acuerdo justo. Nuestro equipo legal es experto en negociar con los ajustadores de seguros.<\/p>\n<p>Nuestro objetivo es asegurar la m\u00e1xima compensaci\u00f3n por sus gastos m\u00e9dicos, salarios perdidos, y el dolor y el sufrimiento.<\/p>\n<h3>Litigios y juicios<\/h3>\n<p>Si no se puede llegar a un acuerdo justo, estamos preparados para llevar su caso a los tribunales. Nuestra firma tiene un historial probado de \u00e9xito en litigios. Lo representaremos vigorosamente frente a un juez y un jurado, luchando por sus derechos y buscando justicia en su nombre.<\/p>\n<p>Navegar por el proceso de reclamo de lesiones personales es un reto, pero con las Oficinas Legales de Humberto Izquierdo, Jr., PC, a su lado, usted puede sentirse seguro sabiendo que tiene un equipo dedicado trabajando incansablemente para recuperar la compensaci\u00f3n que necesita para seguir adelante.<\/p>\n<h2>Qu\u00e9 esperar cuando se trabaja con nosotros<\/h2>\n<p>Cuando usted elige las Oficinas Legales de Humberto Izquierdo, Jr., PC, como su abogado de lesiones personales Alpharetta, usted puede esperar un enfoque dedicado y centrado en su caso. Damos prioridad a sus necesidades y trabajar sin descanso para lograr el mejor resultado posible para usted. Esto es lo que puede esperar durante nuestra asociaci\u00f3n:<\/p>\n<h3>Comunicaci\u00f3n transparente y actualizaciones<\/h3>\n<p>Desde el momento en que se pone en contacto con nosotros, hacemos hincapi\u00e9 en una comunicaci\u00f3n clara. Usted recibir\u00e1 actualizaciones peri\u00f3dicas sobre el progreso de su caso. Entendemos que este proceso puede ser abrumador, y estamos comprometidos a mantenerlo informado en cada paso del camino. Si se trata de nuevos desarrollos en su caso o cambios en la estrategia, usted siempre estar\u00e1 en el bucle.<\/p>\n<h3>Sin costes por adelantado &#8211; Honorarios condicionales<\/h3>\n<p>Trabajamos con honorarios condicionales, lo que significa que usted no pagar\u00e1 honorarios legales a menos que obtengamos una indemnizaci\u00f3n para usted. Este enfoque le permite buscar justicia sin la carga de los costes iniciales. Usted puede concentrarse en su recuperaci\u00f3n mientras nosotros manejamos los aspectos legales de su caso.<\/p>\n<h3>Probada trayectoria de \u00e9xito<\/h3>\n<p>Nuestra firma tiene un historial de lograr resultados favorables para nuestros clientes. Con a\u00f1os de experiencia en la ley de lesiones personales, Humberto y su equipo han navegado con \u00e9xito numerosos casos, desde accidentes automovil\u00edsticos hasta lesiones catastr\u00f3ficas.<\/p>\n<p>Hemos construido una reputaci\u00f3n de tenacidad y compromiso, que se traduce en resultados exitosos para aquellos que representamos.<\/p>\n<p>Al elegir las Oficinas Legales de Humberto Izquierdo, Jr., PC, usted no s\u00f3lo est\u00e1 contratando a un abogado, usted est\u00e1 ganando un defensor dedicado que trabajar\u00e1 incansablemente en su nombre. Su caso es importante para nosotros, y estamos aqu\u00ed para ayudarle a buscar la compensaci\u00f3n que se merece.<\/p>\n<h2>Preguntas frecuentes sobre reclamaciones por da\u00f1os personales<\/h2>\n<h3>\u00bfTengo una reclamaci\u00f3n v\u00e1lida por da\u00f1os personales?<\/h3>\n<p>Determinar si tiene una demanda v\u00e1lida por lesiones personales depende de varios factores. Generalmente, si usted ha sufrido lesiones debido a la negligencia de otra persona, usted puede tener argumentos para una demanda. Los casos m\u00e1s comunes incluyen accidentes de coche, resbalones y ca\u00eddas, y lesiones en el lugar de trabajo.<\/p>\n<p>Para presentar una demanda, debe demostrar que la parte culpable actu\u00f3 con negligencia o incumpli\u00f3 su deber de diligencia. Esto suele implicar la recopilaci\u00f3n de pruebas, como historiales m\u00e9dicos, informes policiales y declaraciones de testigos. Si no est\u00e1 seguro de la validez de su caso, la consulta con un abogado con experiencia en lesiones personales Alpharetta puede proporcionar claridad y orientaci\u00f3n.<\/p>\n<h3>\u00bfCu\u00e1nta indemnizaci\u00f3n puedo recibir?<\/h3>\n<p>La cantidad de compensaci\u00f3n que puede recuperar var\u00eda ampliamente en funci\u00f3n de las caracter\u00edsticas espec\u00edficas de su caso. Entre los factores que influyen se incluyen la gravedad de sus lesiones, los gastos m\u00e9dicos, los salarios perdidos y el impacto en su calidad de vida. En los casos de lesiones personales, la compensaci\u00f3n econ\u00f3mica puede cubrir las facturas m\u00e9dicas pasadas y futuras, la p\u00e9rdida de ingresos, el dolor y el sufrimiento, y otros da\u00f1os relacionados.<\/p>\n<p>Un abogado con experiencia en lesiones personales puede ayudarle a evaluar su posible indemnizaci\u00f3n mediante la evaluaci\u00f3n de los detalles de su caso y la negociaci\u00f3n con las compa\u00f1\u00edas de seguros en su nombre.<\/p>\n<h3>\u00bfQu\u00e9 debo hacer despu\u00e9s de una lesi\u00f3n?<\/h3>\n<p>Despu\u00e9s de sufrir una lesi\u00f3n, es crucial tomar medidas espec\u00edficas para proteger sus derechos y fortalecer su demanda por lesiones personales. En primer lugar, busque atenci\u00f3n de profesionales m\u00e9dicos para sus lesiones, aunque parezcan leves. Documente sus lesiones y su tratamiento llevando un registro detallado de las visitas m\u00e9dicas, las facturas y los gastos relacionados.<\/p>\n<p>A continuaci\u00f3n, re\u00fana pruebas relacionadas con el incidente, incluidas fotograf\u00edas, informaci\u00f3n sobre testigos y cualquier documentaci\u00f3n pertinente. Por \u00faltimo, consulte a un abogado experto en lesiones personales lo antes posible. Ellos pueden guiarle a trav\u00e9s del proceso legal, ayudarle a entender sus opciones y defender sus intereses.<\/p>\n<p><img loading=\"lazy\" decoding=\"async\" class=\"alignnone size-full wp-image-2636\" src=\"https:\/\/www.humbertoinjurylaw.com\/wp-content\/uploads\/2025\/02\/motor-vehicle-accident-lawyer.webp\" alt=\"A car accident concept image with two toy cars and a lawyer holding a gavel. For the most part, proving negligence and filing claims on behalf of the injured party is the main job of an accident attorney. Whether you're trying to prove that someone is legally responsible for their distracted driving or for causing property damage to your vehicle, you need a personal injury attorney on your side.\" width=\"600\" height=\"375\" srcset=\"https:\/\/www.humbertoinjurylaw.com\/wp-content\/uploads\/2025\/02\/motor-vehicle-accident-lawyer.webp 600w, https:\/\/www.humbertoinjurylaw.com\/wp-content\/uploads\/2025\/02\/motor-vehicle-accident-lawyer-300x188.webp 300w\" sizes=\"(max-width: 600px) 100vw, 600px\" \/><\/p>\n<h2>Cont\u00e1ctenos para una consulta inicial gratuita<\/h2>\n<p>En Humberto Law Firm, nuestros abogados experimentados entienden que dar el primer paso hacia la acci\u00f3n legal puede sentirse abrumador. Es por eso que ofrecemos una consulta gratuita para discutir su caso de lesiones personales. Si usted ha estado involucrado en un accidente de coche, se enfrent\u00f3 a una lesi\u00f3n en el lugar de trabajo, o est\u00e1n lidiando con las secuelas de una muerte injusta, nuestros abogados con experiencia en lesiones personales est\u00e1n aqu\u00ed para ayudar.<\/p>\n<p>Durante su consulta inicial, usted tendr\u00e1 la oportunidad de compartir los detalles de su situaci\u00f3n. Le escucharemos atentamente y evaluaremos los detalles de su caso. Esta es su oportunidad de hacer preguntas y obtener claridad sobre sus opciones legales.<\/p>\n<p>Nuestro objetivo es proporcionarle la informaci\u00f3n que necesita para tomar decisiones informadas en el futuro.<\/p>\n<p>Usted no tiene que preocuparse acerca de los honorarios por adelantado. Nuestra firma opera en base a honorarios de contingencia, lo que significa que usted s\u00f3lo paga si recuperamos con \u00e9xito la compensaci\u00f3n en su nombre. Esto le permite centrarse en su recuperaci\u00f3n sin el estr\u00e9s a\u00f1adido de los costes legales.<\/p>\n<p>Si usted est\u00e1 listo para explorar sus opciones legales y buscar justicia, p\u00f3ngase en contacto con nosotros hoy a trav\u00e9s del tel\u00e9fono o nuestro formulario de contacto en l\u00ednea. Estamos orgullosos de servir a Alpharetta y sus alrededores. Programe su evaluaci\u00f3n gratuita del caso ahora y perm\u00edtanos ayudarle a navegar por las complejidades de su demanda por lesiones personales.<\/p>\n","protected":false},"excerpt":{"rendered":"<p>\u00bfPor qu\u00e9 elegir las Oficinas Legales de Humberto Izquierdo, Jr., PC como su abogado de lesiones personales en Alpharetta? La elecci\u00f3n del abogado de lesiones personales adecuado en Alpharetta puede hacer toda la diferencia en su caso. En las Oficinas Legales de Humberto Izquierdo, Jr., PC, entendemos los desaf\u00edos que enfrentan despu\u00e9s de un accidente. [&hellip;]<\/p>\n","protected":false},"author":38,"featured_media":0,"parent":3445,"menu_order":0,"comment_status":"closed","ping_status":"closed","template":"","meta":{"_acf_changed":false,"anchor_text":"","footnotes":""},"class_list":["post-3453","page","type-page","status-publish","hentry"],"acf":[],"_links":{"self":[{"href":"https:\/\/www.humbertoinjurylaw.com\/es\/wp-json\/wp\/v2\/pages\/3453","targetHints":{"allow":["GET"]}}],"collection":[{"href":"https:\/\/www.humbertoinjurylaw.com\/es\/wp-json\/wp\/v2\/pages"}],"about":[{"href":"https:\/\/www.humbertoinjurylaw.com\/es\/wp-json\/wp\/v2\/types\/page"}],"author":[{"embeddable":true,"href":"https:\/\/www.humbertoinjurylaw.com\/es\/wp-json\/wp\/v2\/users\/38"}],"replies":[{"embeddable":true,"href":"https:\/\/www.humbertoinjurylaw.com\/es\/wp-json\/wp\/v2\/comments?post=3453"}],"version-history":[{"count":3,"href":"https:\/\/www.humbertoinjurylaw.com\/es\/wp-json\/wp\/v2\/pages\/3453\/revisions"}],"predecessor-version":[{"id":4351,"href":"https:\/\/www.humbertoinjurylaw.com\/es\/wp-json\/wp\/v2\/pages\/3453\/revisions\/4351"}],"up":[{"embeddable":true,"href":"https:\/\/www.humbertoinjurylaw.com\/es\/wp-json\/wp\/v2\/pages\/3445"}],"wp:attachment":[{"href":"https:\/\/www.humbertoinjurylaw.com\/es\/wp-json\/wp\/v2\/media?parent=3453"}],"curies":[{"name":"wp","href":"https:\/\/api.w.org\/{rel}","templated":true}]}}