{"id":3465,"date":"2025-02-17T11:19:57","date_gmt":"2025-02-17T16:19:57","guid":{"rendered":"https:\/\/www.humbertoinjurylaw.com\/buford\/"},"modified":"2025-03-06T05:09:19","modified_gmt":"2025-03-06T10:09:19","slug":"buford","status":"publish","type":"page","link":"https:\/\/www.humbertoinjurylaw.com\/es\/buford\/","title":{"rendered":"Buford"},"content":{"rendered":"<p>En las Oficinas Legales de Humberto Izquierdo, Jr., PC, estamos dedicados a estar a su lado, proporcionando representaci\u00f3n legal compasiva y h\u00e1bil cuando m\u00e1s lo necesita. Si usted o un ser querido ha sido lesionado en un accidente de trabajo o debido a la negligencia de otra persona, usted puede estar enfrentando la incertidumbre, el dolor y la tensi\u00f3n financiera. Entendemos estos desaf\u00edos y estamos aqu\u00ed para guiarle a trav\u00e9s de cada paso del proceso legal.<\/p>\n<p>Nuestro bufete se compromete a ayudar a las personas lesionadas a obtener la compensaci\u00f3n m\u00e1xima que merecen. Logramos esto dando a cada cliente una atenci\u00f3n personalizada, asegurando que reciban la defensa dedicada y el apoyo que su caso requiere. M\u00e1s all\u00e1 de la b\u00fasqueda de la justicia y la compensaci\u00f3n justa, capacitamos a nuestros clientes con el conocimiento que necesitan para tomar decisiones informadas sobre sus casos. Aunque proporcionamos asesoramiento jur\u00eddico y recomendaciones de expertos, creemos que la decisi\u00f3n final es siempre suya.<\/p>\n<p>La justicia debe ser accesible a todos, independientemente de las barreras ling\u00fc\u00edsticas. Es por eso que nuestro personal biling\u00fce de habla hispana se comunica directamente con los clientes, eliminando la necesidad de traductores de terceros. Esta comunicaci\u00f3n directa asegura que cada cliente entienda plenamente sus derechos y opciones legales.<\/p>\n<p>En las Oficinas Legales de Humberto Izquierdo, Jr., PC, estamos aqu\u00ed para ayudarle a navegar este momento dif\u00edcil y luchar por la compensaci\u00f3n y la justicia que se merece.<\/p>\n","protected":false},"excerpt":{"rendered":"<p>En las Oficinas Legales de Humberto Izquierdo, Jr., PC, estamos dedicados a estar a su lado, proporcionando representaci\u00f3n legal compasiva y h\u00e1bil cuando m\u00e1s lo necesita. Si usted o un ser querido ha sido lesionado en un accidente de trabajo o debido a la negligencia de otra persona, usted puede estar enfrentando la incertidumbre, el [&hellip;]<\/p>\n","protected":false},"author":22,"featured_media":3347,"parent":0,"menu_order":0,"comment_status":"closed","ping_status":"closed","template":"","meta":{"_acf_changed":false,"anchor_text":"","footnotes":""},"class_list":["post-3465","page","type-page","status-publish","has-post-thumbnail","hentry"],"acf":[],"_links":{"self":[{"href":"https:\/\/www.humbertoinjurylaw.com\/es\/wp-json\/wp\/v2\/pages\/3465","targetHints":{"allow":["GET"]}}],"collection":[{"href":"https:\/\/www.humbertoinjurylaw.com\/es\/wp-json\/wp\/v2\/pages"}],"about":[{"href":"https:\/\/www.humbertoinjurylaw.com\/es\/wp-json\/wp\/v2\/types\/page"}],"author":[{"embeddable":true,"href":"https:\/\/www.humbertoinjurylaw.com\/es\/wp-json\/wp\/v2\/users\/22"}],"replies":[{"embeddable":true,"href":"https:\/\/www.humbertoinjurylaw.com\/es\/wp-json\/wp\/v2\/comments?post=3465"}],"version-history":[{"count":2,"href":"https:\/\/www.humbertoinjurylaw.com\/es\/wp-json\/wp\/v2\/pages\/3465\/revisions"}],"predecessor-version":[{"id":3468,"href":"https:\/\/www.humbertoinjurylaw.com\/es\/wp-json\/wp\/v2\/pages\/3465\/revisions\/3468"}],"wp:featuredmedia":[{"embeddable":true,"href":"https:\/\/www.humbertoinjurylaw.com\/es\/wp-json\/wp\/v2\/media\/3347"}],"wp:attachment":[{"href":"https:\/\/www.humbertoinjurylaw.com\/es\/wp-json\/wp\/v2\/media?parent=3465"}],"curies":[{"name":"wp","href":"https:\/\/api.w.org\/{rel}","templated":true}]}}