{"id":3490,"date":"2025-02-17T11:19:39","date_gmt":"2025-02-17T16:19:39","guid":{"rendered":"https:\/\/www.humbertoinjurylaw.com\/cumming\/"},"modified":"2025-03-07T06:42:18","modified_gmt":"2025-03-07T11:42:18","slug":"cumming","status":"publish","type":"page","link":"https:\/\/www.humbertoinjurylaw.com\/es\/cumming\/","title":{"rendered":"Cumming"},"content":{"rendered":"<p>En las Oficinas Legales de Humberto Izquierdo, Jr., PC, estamos dedicados a ayudar a las personas que han sido heridos en accidentes de trabajo y otros casos de lesiones personales asegurar la compensaci\u00f3n m\u00e1xima que se merecen. Nuestro \u00e9xito se basa en la prestaci\u00f3n de atenci\u00f3n personalizada a cada cliente, asegurando que reciban la orientaci\u00f3n y la defensa que necesitan.<\/p>\n<p>El idioma nunca debe ser una barrera para la justicia. Es por eso que nuestro personal biling\u00fce de habla hispana est\u00e1 disponible para comunicarse directamente con los clientes, eliminando la necesidad de un traductor de terceros. Si usted o un ser querido ha sufrido una lesi\u00f3n en el trabajo o debido a la negligencia de otra persona, usted puede estar enfrentando la incertidumbre, el dolor y la confusi\u00f3n sobre el futuro. Entendemos el peaje emocional y financiero que los accidentes pueden tomar, y nuestros abogados experimentados est\u00e1n aqu\u00ed para apoyarle en cada paso del camino.<\/p>\n<p>M\u00e1s all\u00e1 de la lucha por la justicia y la compensaci\u00f3n m\u00e1xima, estamos comprometidos a capacitar a nuestros clientes con la informaci\u00f3n que necesitan para tomar decisiones informadas sobre sus casos. Mientras que proporcionamos asesoramiento jur\u00eddico especializado y recomendaciones, creemos que su caso es en \u00faltima instancia su decisi\u00f3n.<\/p>\n<p>Situado en Cumming, Georgia, las Oficinas Legales de Humberto Izquierdo, Jr., PC, est\u00e1n listos para estar a su lado, ofreciendo representaci\u00f3n legal compasiva y h\u00e1bil cuando m\u00e1s lo necesita.<\/p>\n","protected":false},"excerpt":{"rendered":"<p>En las Oficinas Legales de Humberto Izquierdo, Jr., PC, estamos dedicados a ayudar a las personas que han sido heridos en accidentes de trabajo y otros casos de lesiones personales asegurar la compensaci\u00f3n m\u00e1xima que se merecen. Nuestro \u00e9xito se basa en la prestaci\u00f3n de atenci\u00f3n personalizada a cada cliente, asegurando que reciban la orientaci\u00f3n [&hellip;]<\/p>\n","protected":false},"author":22,"featured_media":3248,"parent":0,"menu_order":0,"comment_status":"closed","ping_status":"closed","template":"","meta":{"_acf_changed":false,"anchor_text":"","footnotes":""},"class_list":["post-3490","page","type-page","status-publish","has-post-thumbnail","hentry"],"acf":[],"_links":{"self":[{"href":"https:\/\/www.humbertoinjurylaw.com\/es\/wp-json\/wp\/v2\/pages\/3490","targetHints":{"allow":["GET"]}}],"collection":[{"href":"https:\/\/www.humbertoinjurylaw.com\/es\/wp-json\/wp\/v2\/pages"}],"about":[{"href":"https:\/\/www.humbertoinjurylaw.com\/es\/wp-json\/wp\/v2\/types\/page"}],"author":[{"embeddable":true,"href":"https:\/\/www.humbertoinjurylaw.com\/es\/wp-json\/wp\/v2\/users\/22"}],"replies":[{"embeddable":true,"href":"https:\/\/www.humbertoinjurylaw.com\/es\/wp-json\/wp\/v2\/comments?post=3490"}],"version-history":[{"count":2,"href":"https:\/\/www.humbertoinjurylaw.com\/es\/wp-json\/wp\/v2\/pages\/3490\/revisions"}],"predecessor-version":[{"id":3492,"href":"https:\/\/www.humbertoinjurylaw.com\/es\/wp-json\/wp\/v2\/pages\/3490\/revisions\/3492"}],"wp:featuredmedia":[{"embeddable":true,"href":"https:\/\/www.humbertoinjurylaw.com\/es\/wp-json\/wp\/v2\/media\/3248"}],"wp:attachment":[{"href":"https:\/\/www.humbertoinjurylaw.com\/es\/wp-json\/wp\/v2\/media?parent=3490"}],"curies":[{"name":"wp","href":"https:\/\/api.w.org\/{rel}","templated":true}]}}