{"id":3501,"date":"2025-03-07T10:20:42","date_gmt":"2025-03-07T15:20:42","guid":{"rendered":"https:\/\/www.humbertoinjurylaw.com\/sobre-nosotros\/participacion-comunitaria-el-bufete-de-humberto-izquierdo-jr-pc\/"},"modified":"2025-03-08T01:28:53","modified_gmt":"2025-03-08T06:28:53","slug":"participacion-comunitaria-el-bufete-de-humberto-izquierdo-jr-pc","status":"publish","type":"page","link":"https:\/\/www.humbertoinjurylaw.com\/es\/sobre-nosotros\/participacion-comunitaria-el-bufete-de-humberto-izquierdo-jr-pc\/","title":{"rendered":"Participaci\u00f3n Comunitaria | El bufete de Humberto Izquierdo, Jr., PC"},"content":{"rendered":"<p>En las Oficinas Legales de Humberto Izquierdo, Jr., PC, nuestra misi\u00f3n se extiende m\u00e1s all\u00e1 de la sala del tribunal. Mientras estamos dedicados a luchar por los derechos de los trabajadores lesionados y las v\u00edctimas de lesiones personales, tambi\u00e9n nos sentimos muy orgullosos de apoyar a la comunidad que servimos, al igual que otras empresas que participan en iniciativas locales. Nuestra firma cree que la participaci\u00f3n significativa de la comunidad no s\u00f3lo fortalece los barrios en los que vivimos y trabajamos, sino que tambi\u00e9n construye confianza y relaciones duraderas.<\/p>\n<p>A trav\u00e9s del voluntariado, donaciones caritativas, roles de liderazgo e iniciativas educativas, nuestra firma se esfuerza por tener un impacto tangible. Creemos en el uso de nuestra experiencia legal y recursos para apoyar a las escuelas locales, organizaciones de caridad y programas sin fines de lucro que mejoran el bienestar de los residentes de Georgia.<\/p>\n<h2>Nuestro compromiso de apoyo a la comunidad<\/h2>\n<p>El fundador de nuestra firma, Humberto Izquierdo, Jr., siempre ha cre\u00eddo en el poder del servicio. Nuestro compromiso de proporcionar servicios pro bono como parte de nuestra participaci\u00f3n en la comunidad es un testimonio de esa creencia. Esa creencia se refleja en la participaci\u00f3n activa de nuestra firma en programas que elevan, educan y empoderan a las personas necesitadas. Ya sea recaudando fondos para causas importantes, formando parte de juntas directivas de organizaciones sin \u00e1nimo de lucro o tutelando a estudiantes de Derecho, nuestro equipo busca continuamente formas de marcar la diferencia.<\/p>\n<h3>Defensa de los supervivientes de lesiones cerebrales<\/h3>\n<p>Una de las causas m\u00e1s cercanas a nuestros corazones es la conciencia de lesiones cerebrales y la recuperaci\u00f3n. El abogado Humberto Izquierdo se enorgullece de formar parte de la Junta Directiva de Side by Side Brain Injury Clubhouse, una organizaci\u00f3n sin fines de lucro dedicada a ayudar a las personas que han sufrido lesiones cerebrales traum\u00e1ticas a recuperar su independencia.<\/p>\n<p>Las lesiones cerebrales pueden tener consecuencias que alteran la vida, afectando la capacidad de una persona para trabajar, comunicarse y realizar las tareas diarias. El Side by Side Brain Injury Clubhouse ofrece programas de rehabilitaci\u00f3n, talleres de desarrollo de habilidades y redes de apoyo entre iguales que fomentan un sentimiento de comunidad y pertenencia. Al formar parte de la junta directiva, nuestro bufete desempe\u00f1a un papel esencial para garantizar que estos servicios cr\u00edticos sigan estando a disposici\u00f3n de quienes los necesitan.<\/p>\n<h3>Liderazgo en la comunidad jur\u00eddica<\/h3>\n<p>Un fuerte liderazgo en el \u00e1mbito jur\u00eddico es crucial para abogar por pol\u00edticas justas y equitativas que beneficien a los trabajadores y a las v\u00edctimas de lesiones personales. Nuestro bufete est\u00e1 profundamente involucrado en dar forma al futuro de la ley de compensaci\u00f3n de trabajadores a trav\u00e9s de varias posiciones de liderazgo:<\/p>\n<ul>\n<li>Junta Directiva: Secci\u00f3n de Compensaci\u00f3n de Trabajadores de la Asociaci\u00f3n de Abogados de Atlanta &#8211; Garantizar que los profesionales del derecho de Georgia est\u00e1n equipados con los \u00faltimos conocimientos y recursos para abogar por los trabajadores lesionados.<\/li>\n<li>State Board of Workers&#8217; Compensation Chairman&#8217;s Advisory Council Education Committee &#8211; Apoyando la educaci\u00f3n de abogados, profesionales del derecho y miembros de la comunidad sobre las leyes de compensaci\u00f3n de trabajadores.<\/li>\n<li>State Board of Workers&#8217; Compensation Chairman&#8217;s Advisory Council Rules Committee (Comit\u00e9 de Reglas del Consejo Asesor del Presidente de la Junta Estatal de Compensaci\u00f3n Legal por Accidentes de Trabajo) &#8211; Influir en el desarrollo y la modificaci\u00f3n de las reglamentaciones de compensaci\u00f3n legal por accidentes de trabajo para proteger los derechos de los empleados.<\/li>\n<li>Presidente: Georgia Workers&#8217; Compensation Claimant&#8217;s Lawyers of the Georgia Trial Lawyers Association &#8211; Liderando la lucha por pol\u00edticas justas que impidan que las compa\u00f1\u00edas de seguros se aprovechen de los trabajadores lesionados.<\/li>\n<\/ul>\n<p>A trav\u00e9s de estas funciones de liderazgo, abogamos por los trabajadores lesionados, estudiantes de derecho y profesionales del derecho que se dedican a defender la justicia.<\/p>\n<h3>Apoyo a la atenci\u00f3n sanitaria infantil y sensibilizaci\u00f3n<\/h3>\n<p>La salud y el bienestar de los ni\u00f1os son una prioridad para nuestra empresa. Por eso nos sentimos honrados de formar parte del C\u00edrculo de Amigos de Children&#8217;s Healthcare of Atlanta, una organizaci\u00f3n dedicada a proporcionar atenci\u00f3n m\u00e9dica, financiaci\u00f3n para la investigaci\u00f3n y tratamientos especializados para los ni\u00f1os que lo necesitan.<\/p>\n<p>La atenci\u00f3n m\u00e9dica es un tema cr\u00edtico, especialmente para las familias que luchan con los gastos m\u00e9dicos despu\u00e9s de un accidente o una enfermedad. Al participar en actividades de recaudaci\u00f3n de fondos, campa\u00f1as de donaci\u00f3n y programas de divulgaci\u00f3n comunitaria, ayudamos a garantizar que los ni\u00f1os de nuestra comunidad tengan acceso a tratamientos que salvan vidas y a servicios m\u00e9dicos de calidad.<\/p>\n<h3>Tutor\u00eda de la pr\u00f3xima generaci\u00f3n de estudiantes de Derecho<\/h3>\n<p>El \u00e1mbito jur\u00eddico se nutre de la educaci\u00f3n, la tutor\u00eda y el desarrollo profesional. Como parte de nuestro compromiso con el futuro del Derecho, apoyamos activamente a los estudiantes de Derecho y a los aspirantes a abogados:<\/p>\n<ul>\n<li>Colaborando con facultades de derecho y universidades para formar a los estudiantes en materia de indemnizaci\u00f3n por accidentes de trabajo y lesiones personales.<\/li>\n<li>Ofreciendo oportunidades de pr\u00e1cticas y tutor\u00eda a j\u00f3venes profesionales del derecho interesados en defender a los trabajadores lesionados.<\/li>\n<\/ul>\n<p>Al equipar a la pr\u00f3xima generaci\u00f3n con conocimientos pr\u00e1cticos y experiencia pr\u00e1ctica, ayudamos a formar abogados \u00e9ticos y compasivos que continuar\u00e1n la lucha por la justicia.<\/p>\n<p><img fetchpriority=\"high\" decoding=\"async\" class=\"alignnone wp-image-3495 size-full\" src=\"https:\/\/www.humbertoinjurylaw.com\/wp-content\/uploads\/2025\/03\/Community-involvement-make-the-difference.jpg\" alt=\"community involvement, make the difference in your community, Law Offices of Humberto Izquierdo, Jr., PC community involvement.\" width=\"500\" height=\"300\" srcset=\"https:\/\/www.humbertoinjurylaw.com\/wp-content\/uploads\/2025\/03\/Community-involvement-make-the-difference.jpg 500w, https:\/\/www.humbertoinjurylaw.com\/wp-content\/uploads\/2025\/03\/Community-involvement-make-the-difference-300x180.jpg 300w\" sizes=\"(max-width: 500px) 100vw, 500px\" \/><\/p>\n<h2>Servir a la comunidad en tiempos de crisis<\/h2>\n<p>La verdadera implicaci\u00f3n en la comunidad significa intervenir cuando la gente m\u00e1s ayuda necesita. Nuestro bufete colabora con los gobiernos locales para atender las necesidades de la comunidad durante las crisis. Nuestro bufete se dedica a apoyar a los residentes locales, a las peque\u00f1as empresas y a las organizaciones sin \u00e1nimo de lucro en tiempos dif\u00edciles, como desastres naturales, dificultades econ\u00f3micas y crisis sanitarias.<\/p>\n<p>Tras huracanes, inundaciones y otros desastres naturales, trabajamos con organizaciones ben\u00e9ficas para proporcionar ayuda, ofrecer orientaci\u00f3n jur\u00eddica y ayudar a los afectados por da\u00f1os materiales y p\u00e9rdida de empleo. Mediante el ofrecimiento voluntario de tiempo y recursos, nos esforzamos por ser un pilar de apoyo para las personas que reconstruyen sus vidas.<\/p>\n<h2>Comprometidos con el impacto comunitario: Asociaciones que marcan la diferencia<\/h2>\n<p>En las Oficinas Legales de Humberto Izquierdo, Jr., PC, creemos que la verdadera participaci\u00f3n de la comunidad va m\u00e1s all\u00e1 de la defensa legal, sino que requiere la participaci\u00f3n activa en iniciativas que elevan y apoyan a los necesitados. Nuestra empresa se enorgullece de asociarse con organizaciones que comparten nuestro compromiso de hacer un impacto significativo en las vidas de individuos y familias en todo Georgia.<\/p>\n<p>Una de nuestras asociaciones m\u00e1s significativas es con Children&#8217;s Healthcare of Atlanta, una organizaci\u00f3n dedicada a proporcionar atenci\u00f3n pedi\u00e1trica de alta calidad, promover la investigaci\u00f3n m\u00e9dica y apoyar a las familias que se enfrentan a graves problemas de salud. A trav\u00e9s de esta colaboraci\u00f3n, ayudamos a concienciar y contribuimos a iniciativas que garantizan que los ni\u00f1os reciban la atenci\u00f3n m\u00e9dica que necesitan, independientemente de las barreras econ\u00f3micas.<\/p>\n<p>Adem\u00e1s de apoyar iniciativas sanitarias, trabajamos con organizaciones locales sin \u00e1nimo de lucro, organizaciones comunitarias y organismos gubernamentales para proporcionar recursos y asistencia a los afectados por desastres naturales, dificultades econ\u00f3micas y retos vitales inesperados. Nuestro bufete reconoce la importancia de apoyar a nuestra comunidad, ya sea ayudando a las familias a reconstruir sus hogares tras una crisis o respaldando programas que fomenten el desarrollo y el bienestar a largo plazo.<\/p>\n<p>Nuestras asociaciones comunitarias reflejan la inquebrantable dedicaci\u00f3n de nuestro bufete al servicio, la justicia y el apoyo a los necesitados. Al trabajar con organizaciones que marcan la diferencia, nos esforzamos por ayudar a crear un futuro m\u00e1s fuerte y resistente para las comunidades a las que servimos.<\/p>\n<h2>Por qu\u00e9 es importante el compromiso con la comunidad<\/h2>\n<p>En Humberto Izquierdo, Jr., PC, entendemos que ser un bufete de abogados es algo m\u00e1s que servicios legales, se trata de construir relaciones, fomentar la confianza y mejorar vidas. Nuestro compromiso con la participaci\u00f3n de la comunidad fortalece nuestra capacidad para servir a nuestros clientes, ya que nos permite permanecer profundamente conectados a los retos y necesidades de las personas que representamos.<\/p>\n<p>A trav\u00e9s de nuestros continuos esfuerzos comunitarios, nosotros:<\/p>\n<ul>\n<li>Apoyar a organizaciones ben\u00e9ficas que marcan la diferencia<\/li>\n<li>Ayudar a formar y orientar a estudiantes de Derecho y futuros abogados<\/li>\n<li>Abogar por leyes y pol\u00edticas justas de indemnizaci\u00f3n por accidentes laborales<\/li>\n<li>Concienciar y recaudar fondos para necesidades sanitarias cr\u00edticas<\/li>\n<li>Proporcionar asistencia en tiempos de crisis<\/li>\n<\/ul>\n<p>Creemos que los abogados tienen un deber no s\u00f3lo con sus clientes, sino tambi\u00e9n con sus comunidades. Ya sea a trav\u00e9s del voluntariado, la tutor\u00eda o las donaciones, nos sentimos muy orgullosos de participar activamente en la mejora de nuestra ciudad, nuestro estado y nuestra profesi\u00f3n.<\/p>\n<h2>Un compromiso que se extiende m\u00e1s all\u00e1 de la sala del tribunal<\/h2>\n<p>En Humberto Izquierdo, Jr., PC, no s\u00f3lo somos abogados, somos defensores, mentores y miembros dedicados de la comunidad. Nuestro trabajo dentro de la corte ayuda a nuestros clientes a asegurar justicia y compensaci\u00f3n, pero nuestro trabajo fuera de la corte es lo que verdaderamente define los valores de nuestra firma.<\/p>\n<p>Nuestra promesa de servir, apoyar y retribuir es inquebrantable. A medida que continuamos nuestra lucha por los trabajadores lesionados y las v\u00edctimas de accidentes, tambi\u00e9n nos mantenemos firmes en nuestra misi\u00f3n de elevar la comunidad que nos rodea.<\/p>\n<p>Si desea obtener m\u00e1s informaci\u00f3n sobre nuestros esfuerzos de participaci\u00f3n comunitaria o necesita asistencia legal, p\u00f3ngase en contacto con nosotros hoy mismo. Estamos aqu\u00ed para ayudar, tanto como defensores legales y como partidarios dedicados de la comunidad que servimos con orgullo.<\/p>\n<h3>Nuestro compromiso permanente con la comunidad<\/h3>\n<p>La participaci\u00f3n en la comunidad es una parte esencial de la misi\u00f3n y los valores de nuestro bufete. Creemos que apoyando a nuestros socios comunitarios, ofreciendo voluntariamente nuestro tiempo y servicios, podemos tener un impacto positivo en las vidas de aquellos a quienes servimos. Animamos a los miembros de la comunidad a que participen y se unan a nosotros en nuestros esfuerzos por crear un futuro mejor para todos.<\/p>\n<p>Nuestro bufete de abogados est\u00e1 comprometido con posiciones de liderazgo en la comunidad, y creemos que trabajando juntos, podemos crear un impacto positivo en nuestra comunidad. Apoyamos a las escuelas locales, centros comunitarios y organizaciones sin \u00e1nimo de lucro, y proporcionamos recursos y apoyo a los miembros de la comunidad afectados por desastres naturales.<\/p>\n<p>Creemos que la participaci\u00f3n de la comunidad es esencial para crear un futuro mejor para todos. Le invitamos a unirse a nosotros en nuestros esfuerzos por marcar la diferencia en las vidas de aquellos a quienes servimos. Juntos, podemos crear un impacto positivo en nuestra comunidad y marcar la diferencia en las vidas de los necesitados <a href=\"tel:+17708888901\"><i class=\"fa fa-phone-alt\"><\/i>(770) 888-8901<\/a>.<\/p>\n","protected":false},"excerpt":{"rendered":"<p>En las Oficinas Legales de Humberto Izquierdo, Jr., PC, nuestra misi\u00f3n se extiende m\u00e1s all\u00e1 de la sala del tribunal. Mientras estamos dedicados a luchar por los derechos de los trabajadores lesionados y las v\u00edctimas de lesiones personales, tambi\u00e9n nos sentimos muy orgullosos de apoyar a la comunidad que servimos, al igual que otras empresas [&hellip;]<\/p>\n","protected":false},"author":46,"featured_media":3498,"parent":3403,"menu_order":0,"comment_status":"closed","ping_status":"closed","template":"","meta":{"_acf_changed":false,"anchor_text":"","footnotes":""},"class_list":["post-3501","page","type-page","status-publish","has-post-thumbnail","hentry"],"acf":[],"_links":{"self":[{"href":"https:\/\/www.humbertoinjurylaw.com\/es\/wp-json\/wp\/v2\/pages\/3501","targetHints":{"allow":["GET"]}}],"collection":[{"href":"https:\/\/www.humbertoinjurylaw.com\/es\/wp-json\/wp\/v2\/pages"}],"about":[{"href":"https:\/\/www.humbertoinjurylaw.com\/es\/wp-json\/wp\/v2\/types\/page"}],"author":[{"embeddable":true,"href":"https:\/\/www.humbertoinjurylaw.com\/es\/wp-json\/wp\/v2\/users\/46"}],"replies":[{"embeddable":true,"href":"https:\/\/www.humbertoinjurylaw.com\/es\/wp-json\/wp\/v2\/comments?post=3501"}],"version-history":[{"count":2,"href":"https:\/\/www.humbertoinjurylaw.com\/es\/wp-json\/wp\/v2\/pages\/3501\/revisions"}],"predecessor-version":[{"id":3503,"href":"https:\/\/www.humbertoinjurylaw.com\/es\/wp-json\/wp\/v2\/pages\/3501\/revisions\/3503"}],"up":[{"embeddable":true,"href":"https:\/\/www.humbertoinjurylaw.com\/es\/wp-json\/wp\/v2\/pages\/3403"}],"wp:featuredmedia":[{"embeddable":true,"href":"https:\/\/www.humbertoinjurylaw.com\/es\/wp-json\/wp\/v2\/media\/3498"}],"wp:attachment":[{"href":"https:\/\/www.humbertoinjurylaw.com\/es\/wp-json\/wp\/v2\/media?parent=3501"}],"curies":[{"name":"wp","href":"https:\/\/api.w.org\/{rel}","templated":true}]}}