{"id":3507,"date":"2025-10-22T08:00:52","date_gmt":"2025-10-22T12:00:52","guid":{"rendered":"https:\/\/www.humbertoinjurylaw.com\/cumming\/abogados-de-lesiones-de-espalda-y-cuello-en-cumming\/"},"modified":"2026-03-11T11:18:53","modified_gmt":"2026-03-11T15:18:53","slug":"abogados-de-lesiones-de-espalda-y-cuello-en-cumming","status":"publish","type":"page","link":"https:\/\/www.humbertoinjurylaw.com\/es\/cumming\/abogados-de-lesiones-de-espalda-y-cuello-en-cumming\/","title":{"rendered":"Abogados de lesiones de espalda y cuello en Cumming"},"content":{"rendered":"<h2>\u00bfSufri\u00f3 una Lesi\u00f3n de Espalda o Cuello en Georgia? Consulta Gratuita con Nuestros Abogados Hoy<\/h2>\n<p>Los abogados con experiencia en lesiones personales en las Oficinas Legales de Humberto Izquierdo, Jr., PC ver muchas v\u00edctimas de lesiones catastr\u00f3ficas de espalda y cuello. Estas lesiones, si es causada por un accidente de trabajo o colisi\u00f3n de veh\u00edculos de motor, puede resultar en dolor extremo e incluso incapacidad permanente.<\/p>\n<p>Si usted sufri\u00f3 una lesi\u00f3n en la espalda o el cuello debido a las acciones negligentes de otra persona, p\u00f3ngase en contacto con nosotros hoy en l\u00ednea o en <a href=\"tel:+17708888901\"><i class=\"fa fa-phone-alt\"><\/i>(770) 888-8901<\/a> para programar una consulta gratuita. Nuestros abogados tienen el conocimiento, la habilidad y la tenacidad que necesita para construir un caso s\u00f3lido. Damos la bienvenida a clientes de Cumming, Atlanta y Marietta, Georgia.<\/p>\n<h2>Tipos de lesiones de espalda y cuello<\/h2>\n<p>El cuello y la espalda son dos de las partes m\u00e1s cruciales y vulnerables del cuerpo, ya que est\u00e1n formadas por un complejo sistema de nervios, m\u00fasculos, tejidos blandos, cart\u00edlagos y v\u00e9rtebras. Dependiendo de la gravedad del da\u00f1o, estas lesiones pueden causar dolor, par\u00e1lisis e incluso la muerte.<\/p>\n<p>Algunas de las lesiones de espalda y cuello m\u00e1s comunes son:<\/p>\n<ul>\n<li>Latigazo cervical<\/li>\n<li>Fracturas por compresi\u00f3n<\/li>\n<li>Pinzamiento de nervios<\/li>\n<li>V\u00e9rtebras rotas<\/li>\n<li>Lesi\u00f3n de la m\u00e9dula espinal<\/li>\n<li>Da\u00f1os en la tr\u00e1quea o la laringe<\/li>\n<li>Deslizamiento, rotura o hernia discal<\/li>\n<li>Esguinces y distensiones cervicales<\/li>\n<\/ul>\n<p>Las lesiones de espalda y cuello suelen requerir medicaci\u00f3n, terapia continua y posible cirug\u00eda. El intenso dolor a menudo asociado con estas lesiones es probable que le impida trabajar y ganar su salario que su familia necesita.<\/p>\n<p>Nuestros abogados entienden lo dif\u00edcil que es este momento, y estamos comprometidos a ayudarle a obtener la justicia y la compensaci\u00f3n que se merece.<\/p>\n<p><img fetchpriority=\"high\" decoding=\"async\" class=\"alignnone wp-image-2714 size-full\" src=\"https:\/\/www.humbertoinjurylaw.com\/wp-content\/uploads\/2025\/02\/neck-pain-copy.webp\" alt=\"Back and Neck Injury Lawyers in Cumming Georgia Fighting for Your Recovery\" width=\"500\" height=\"334\" srcset=\"https:\/\/www.humbertoinjurylaw.com\/wp-content\/uploads\/2025\/02\/neck-pain-copy.webp 500w, https:\/\/www.humbertoinjurylaw.com\/wp-content\/uploads\/2025\/02\/neck-pain-copy-300x200.webp 300w\" sizes=\"(max-width: 500px) 100vw, 500px\" \/><\/p>\n<h2>Lesiones por latigazo cervical<\/h2>\n<p>El latigazo cervical se produce cuando el cuerpo sufre una sacudida brusca hacia delante y hacia atr\u00e1s de gran intensidad. Esta fuerza extrema hiperextiende los huesos de la parte inferior del cuello e hiperflexiona los huesos de la parte superior, da\u00f1ando los m\u00fasculos y tendones tendinosos.<\/p>\n<p>Una lesi\u00f3n por latigazo cervical no requiere mucha fuerza; incluso las colisiones a baja velocidad pueden provocar lesiones cervicales graves. Muchas veces, las personas pueden sufrir un latigazo cervical en accidentes que causaron poco o ning\u00fan da\u00f1o a los veh\u00edculos implicados.<\/p>\n<p>Los s\u00edntomas del latigazo cervical van desde molestias agravantes hasta discapacidades f\u00edsicas graves. Los s\u00edntomas comunes del latigazo cervical incluyen:<\/p>\n<ul>\n<li>Dolor de cuello<\/li>\n<li>Dolor de espalda<\/li>\n<li>Dolor de mand\u00edbula<\/li>\n<li>Dolores de cabeza<\/li>\n<li>Mareos<\/li>\n<li>Dolor de hombros y brazos<\/li>\n<li>Fatiga<\/li>\n<li>Problemas de visi\u00f3n<\/li>\n<li>Zumbidos en los o\u00eddos<\/li>\n<\/ul>\n<p>Los s\u00edntomas mencionados pueden mermar su calidad de vida y afectar significativamente a su capacidad para realizar actividades habituales. Esta repentina combinaci\u00f3n de dolor y sufrimiento suele provocar problemas psicol\u00f3gicos como depresi\u00f3n, ansiedad, ira e incluso trastorno de estr\u00e9s postraum\u00e1tico (TEPT).<\/p>\n<h2>Causas de las lesiones de espalda y cuello<\/h2>\n<p>Las lesiones graves de espalda y cuello suelen estar causadas por accidentes de tr\u00e1fico. Sin embargo, tambi\u00e9n pueden ser causadas por cosas como condiciones de propiedad inseguras y productos defectuosos. A veces, el tratamiento deficiente en un hogar de ancianos, consultorio m\u00e9dico u hospital puede resultar en estas lesiones.<\/p>\n<p>Adem\u00e1s, es frecuente que los accidentes laborales, como los que se producen en las obras de construcci\u00f3n, lesionen la espalda y el cuello. Los empleados pueden caerse desde alturas o ser golpeados por maquinaria. Realizar la misma tarea f\u00edsicamente exigente una y otra vez tambi\u00e9n puede provocar lesiones por uso excesivo.<\/p>\n<p><img decoding=\"async\" class=\"alignnone wp-image-2715 size-full\" src=\"https:\/\/www.humbertoinjurylaw.com\/wp-content\/uploads\/2025\/02\/neck-injury2-copy.webp\" alt=\"Common causes of back and neck injuries including car accidents and falls in Cumming Georgia\" width=\"500\" height=\"334\" srcset=\"https:\/\/www.humbertoinjurylaw.com\/wp-content\/uploads\/2025\/02\/neck-injury2-copy.webp 500w, https:\/\/www.humbertoinjurylaw.com\/wp-content\/uploads\/2025\/02\/neck-injury2-copy-300x200.webp 300w\" sizes=\"(max-width: 500px) 100vw, 500px\" \/><\/p>\n<h2>Indemnizaciones medias por lesiones de cuello y espalda<\/h2>\n<p>Los acuerdos de cinco cifras por lesiones de cuello y espalda son comunes. Recuperamos 150.000 d\u00f3lares en nombre de un cliente que sufri\u00f3 una lesi\u00f3n en el cuello y 95.000 d\u00f3lares en nombre de otro que sufri\u00f3 una distensi\u00f3n lumbar.<\/p>\n<p>Los detalles de su caso espec\u00edfico influir\u00e1n en el tipo de acuerdo que usted puede esperar. Entre los factores a tener en cuenta se incluyen la gravedad de su lesi\u00f3n y el coste de su tratamiento m\u00e9dico. Tambi\u00e9n importa si ha perdido salarios, prestaciones o su capacidad de ganancia anterior.<\/p>\n<h2>C\u00f3mo tratar con las compa\u00f1\u00edas de seguros en casos de lesiones de espalda y cuello<\/h2>\n<p>Las compa\u00f1\u00edas de seguros existen para obtener beneficios. Desconf\u00ede de la primera oferta de acuerdo que le hagan. Lo m\u00e1s probable es que no sea suficiente para cubrir los gastos a largo plazo relacionados con su lesi\u00f3n de espalda o cuello. Seg\u00fan la <a href=\"https:\/\/oci.georgia.gov\/contacts\/consumer-services-division-1\" target=\"_blank\" rel=\"noopener\">Divisi\u00f3n de Servicios al Consumidor de la Oficina del Comisionado de Seguros de Georgia<\/a>, los aseguradores est\u00e1n obligados a garantizar tratos justos y equitativos con los asegurados.<\/p>\n<p>Nuestros abogados conocen los trucos y t\u00e1cticas que utilizan los ajustadores. Podemos ayudarle a lidiar con ellos. Lucharemos incansablemente contra las grandes y poderosas compa\u00f1\u00edas de seguros mientras defendemos sus derechos.<\/p>\n<p>Tenga en cuenta estos consejos:<\/p>\n<ul>\n<li>Resista cualquier presi\u00f3n para resolver su reclamaci\u00f3n inmediatamente<\/li>\n<li>Mantenga la calma y la cortes\u00eda al hablar con los peritos de seguros<\/li>\n<li>Tome notas de lo tratado en cada llamada telef\u00f3nica.<\/li>\n<li>P\u00f3ngase en contacto con un abogado que pueda negociar en su nombre.<\/li>\n<\/ul>\n<h3>\u00bfQu\u00e9 tan dif\u00edciles son de probar los casos de lesiones de espalda y cuello?<\/h3>\n<p>Los casos de lesiones de espalda y cuello pueden volverse complejos r\u00e1pidamente. Probarlos a menudo requiere pruebas como registros de tratamientos m\u00e9dicos, declaraciones de testigos y testimonios m\u00e9dicos de expertos. Y probar que ocurrieron debido a la negligencia de otra persona o parte es otro asunto completamente diferente.<\/p>\n<p>Afortunadamente, nuestros abogados de accidentes Cumming saben c\u00f3mo construir una fuerte demanda por lesiones de espalda y cuello. Perm\u00edtanos luchar por sus derechos y perseguir la compensaci\u00f3n completa y justa que se merece. Llame hoy al <a href=\"tel:+17708888901\"><i class=\"fa fa-phone-alt\"><\/i>(770) 888-8901<\/a>.<\/p>\n<h2>El riesgo de que aumenten los gastos m\u00e9dicos en los casos de lesiones de espalda y cuello<\/h2>\n<p>Los gastos m\u00e9dicos pueden acumularse r\u00e1pidamente en los casos de lesiones de espalda y cuello. Las v\u00edctimas a menudo requieren atenci\u00f3n inmediata, incluyendo estudios de diagn\u00f3stico, cirug\u00eda, aparatos ortop\u00e9dicos y medicamentos recetados.<\/p>\n<p>En muchos casos tambi\u00e9n es necesaria una atenci\u00f3n m\u00e9dica continuada. Algunos ejemplos de atenci\u00f3n continuada son la fisioterapia, las modificaciones en el hogar y los dispositivos y equipos de asistencia.<\/p>\n<p>A estos gastos hay que a\u00f1adir el hecho de que muchas v\u00edctimas de lesiones de espalda y cuello no pueden volver a trabajar. Su futuro financiero puede quedar patas arriba, y el panorama puede parecer sombr\u00edo. Si se lesion\u00f3, trabaje con un abogado que pueda ayudarle a conseguir el dinero que se merece.<\/p>\n<p><img decoding=\"async\" class=\"alignnone wp-image-2716 size-full\" src=\"https:\/\/www.humbertoinjurylaw.com\/wp-content\/uploads\/2025\/02\/back-pain-copy.webp\" alt=\"Long term effects of a back and neck injury affecting daily life and mobility in Cumming Georgia\" width=\"500\" height=\"334\" srcset=\"https:\/\/www.humbertoinjurylaw.com\/wp-content\/uploads\/2025\/02\/back-pain-copy.webp 500w, https:\/\/www.humbertoinjurylaw.com\/wp-content\/uploads\/2025\/02\/back-pain-copy-300x200.webp 300w\" sizes=\"(max-width: 500px) 100vw, 500px\" \/><\/p>\n<h2>Repercusiones a largo plazo de las lesiones de espalda y cuello en la salud<\/h2>\n<p>Las lesiones de espalda y cuello que se producen en el trabajo o en un accidente rara vez son leves. Pueden dar lugar a una amplia gama de problemas f\u00edsicos continuos como:<\/p>\n<ul>\n<li>Dolor cr\u00f3nico<\/li>\n<li>Debilidad y rigidez muscular<\/li>\n<li>P\u00e9rdida de equilibrio<\/li>\n<li>Movilidad reducida<\/li>\n<li>Fatiga<\/li>\n<li>Incapacidad permanente<\/li>\n<\/ul>\n<p>Estas lesiones tambi\u00e9n pueden afectar a su bienestar emocional. Dado que pueden reducir su calidad de vida e impedirle disfrutar de actividades en las que antes participaba, es posible que se sienta angustiado. No es infrecuente que las v\u00edctimas de lesiones de espalda y cuello luchen contra el sufrimiento mental.<\/p>\n<h2>Programe una consulta gratuita con un abogado de lesiones de cuello y espalda en Cumming<\/h2>\n<p>Los casos de lesiones de espalda y cuello son desafiantes, y requieren asesoramiento legal cuando se trata de probar los da\u00f1os. Estos casos complejos se basan en el testimonio de expertos m\u00e9dicos, investigadores y testigos, as\u00ed como el examen minucioso de las pruebas de la escena del accidente y los registros m\u00e9dicos.<\/p>\n<p>Si usted ha sufrido una lesi\u00f3n en el cuello en el \u00e1rea de Atlanta o Marietta de Georgia, por favor llame a <a href=\"https:\/\/www.humbertoinjurylaw.com\/es\/\">las Oficinas Legales de Humberto Izquierdo, Jr., PC<\/a> hoy en <a href=\"tel:+17708888901\"><i class=\"fa fa-phone-alt\"><\/i>(770) 888-8901<\/a> para <a href=\"https:\/\/www.humbertoinjurylaw.com\/es\/contacto\/\">programar una consulta gratuita con un abogado con experiencia<\/a>. Trabajamos con honorarios condicionales, lo que significa que no nos debe nada a menos que su caso tenga \u00e9xito.<\/p>\n<p>&nbsp;<\/p>\n","protected":false},"excerpt":{"rendered":"<p>\u00bfSufri\u00f3 una Lesi\u00f3n de Espalda o Cuello en Georgia? Consulta Gratuita con Nuestros Abogados Hoy Los abogados con experiencia en lesiones personales en las Oficinas Legales de Humberto Izquierdo, Jr., PC ver muchas v\u00edctimas de lesiones catastr\u00f3ficas de espalda y cuello. Estas lesiones, si es causada por un accidente de trabajo o colisi\u00f3n de veh\u00edculos [&hellip;]<\/p>\n","protected":false},"author":22,"featured_media":0,"parent":3490,"menu_order":0,"comment_status":"closed","ping_status":"closed","template":"","meta":{"_acf_changed":false,"anchor_text":"","footnotes":""},"class_list":["post-3507","page","type-page","status-publish","hentry"],"acf":[],"_links":{"self":[{"href":"https:\/\/www.humbertoinjurylaw.com\/es\/wp-json\/wp\/v2\/pages\/3507","targetHints":{"allow":["GET"]}}],"collection":[{"href":"https:\/\/www.humbertoinjurylaw.com\/es\/wp-json\/wp\/v2\/pages"}],"about":[{"href":"https:\/\/www.humbertoinjurylaw.com\/es\/wp-json\/wp\/v2\/types\/page"}],"author":[{"embeddable":true,"href":"https:\/\/www.humbertoinjurylaw.com\/es\/wp-json\/wp\/v2\/users\/22"}],"replies":[{"embeddable":true,"href":"https:\/\/www.humbertoinjurylaw.com\/es\/wp-json\/wp\/v2\/comments?post=3507"}],"version-history":[{"count":5,"href":"https:\/\/www.humbertoinjurylaw.com\/es\/wp-json\/wp\/v2\/pages\/3507\/revisions"}],"predecessor-version":[{"id":10776,"href":"https:\/\/www.humbertoinjurylaw.com\/es\/wp-json\/wp\/v2\/pages\/3507\/revisions\/10776"}],"up":[{"embeddable":true,"href":"https:\/\/www.humbertoinjurylaw.com\/es\/wp-json\/wp\/v2\/pages\/3490"}],"wp:attachment":[{"href":"https:\/\/www.humbertoinjurylaw.com\/es\/wp-json\/wp\/v2\/media?parent=3507"}],"curies":[{"name":"wp","href":"https:\/\/api.w.org\/{rel}","templated":true}]}}