{"id":3510,"date":"2025-02-18T16:25:44","date_gmt":"2025-02-18T21:25:44","guid":{"rendered":"https:\/\/www.humbertoinjurylaw.com\/cumming\/cumming-abogados-de-accidentes-de-navegacion\/"},"modified":"2026-03-11T10:40:00","modified_gmt":"2026-03-11T14:40:00","slug":"cumming-abogados-de-accidentes-de-navegacion","status":"publish","type":"page","link":"https:\/\/www.humbertoinjurylaw.com\/es\/cumming\/cumming-abogados-de-accidentes-de-navegacion\/","title":{"rendered":"Cumming Abogados de accidentes de navegaci\u00f3n"},"content":{"rendered":"<h2>\u00bfAccidente de Barco en Georgia? Obtenga la Compensaci\u00f3n que Merece \u2014 Consulta Gratis 24\/7<\/h2>\n<p>La navegaci\u00f3n es una actividad recreativa muy popular en Georgia. Nuestros navegantes tienen acceso a m\u00e1s de 400.000 acres de lagos y embalses y tambi\u00e9n pueden optar por navegar frente a la costa. Pero la seguridad es una gran preocupaci\u00f3n siempre que se trata del uso p\u00fablico de una gran masa de agua.<\/p>\n<p>Los accidentes de navegaci\u00f3n son demasiado frecuentes en nuestro estado. Estos accidentes automovil\u00edsticos pueden tener consecuencias significativas y, a menudo resultan en lesiones graves o la muerte.<\/p>\n<p>En las Oficinas Legales de Humberto Izquierdo, Jr., PC, navegamos casos complejos de navegaci\u00f3n para perseguir la compensaci\u00f3n que se merece por sus lesiones y da\u00f1os a la propiedad. Ll\u00e1menos al [tel\u00e9fono] hoy para discutir su reclamo de accidente de barco de forma gratuita. Nuestro personal biling\u00fce sirve Atlanta, Marietta, Cumming, y \u00e1reas cercanas de Georgia.<\/p>\n<h2>\u00bfCu\u00e1les son las causas comunes de los accidentes de navegaci\u00f3n?<\/h2>\n<p>Numerosas circunstancias pueden conducir a un accidente de navegaci\u00f3n, muchas de las cuales son similares a las causas de los accidentes automovil\u00edsticos, tales como:<\/p>\n<ul>\n<li>Conducci\u00f3n imprudente o temeraria<\/li>\n<li>Conducci\u00f3n agresiva<\/li>\n<li>Velocidad excesiva<\/li>\n<li>Inexperiencia de los operadores<\/li>\n<li>Violaci\u00f3n de las normas de navegaci\u00f3n<\/li>\n<li>Conducci\u00f3n bajo los efectos del alcohol<\/li>\n<li>No mantener la vigilancia<\/li>\n<li>Malas condiciones meteorol\u00f3gicas<\/li>\n<li>Negligencia<\/li>\n<\/ul>\n<p>Es importante tomar precauciones como operador o pasajero de una embarcaci\u00f3n para minimizar el riesgo de accidente o lesi\u00f3n. Sin embargo, incluso los navegantes m\u00e1s precavidos no est\u00e1n a salvo de las acciones descuidadas de otra persona.<\/p>\n<p><img fetchpriority=\"high\" decoding=\"async\" class=\"alignnone wp-image-2675 size-full\" src=\"https:\/\/www.humbertoinjurylaw.com\/wp-content\/uploads\/2025\/02\/boating-accident1-copy.webp\" alt=\"Boating accident on a Georgia lake near Cumming handled by Humberto Injury Law attorneys\" width=\"500\" height=\"334\" srcset=\"https:\/\/www.humbertoinjurylaw.com\/wp-content\/uploads\/2025\/02\/boating-accident1-copy.webp 500w, https:\/\/www.humbertoinjurylaw.com\/wp-content\/uploads\/2025\/02\/boating-accident1-copy-300x200.webp 300w\" sizes=\"(max-width: 500px) 100vw, 500px\" \/><\/p>\n<h2>Consecuencias de los accidentes mar\u00edtimos<\/h2>\n<p>Los accidentes de barco a menudo alteran la vida. Dado que implican grandes objetos m\u00f3viles en el agua, estos accidentes pueden tener consecuencias tales como:<\/p>\n<ul>\n<li>Lesiones por h\u00e9lice, incluyendo laceraciones, desfiguraci\u00f3n o desmembramiento.<\/li>\n<li>Lesiones por atropello, incluyendo lesiones cerebrales traum\u00e1ticas, lesiones espinales y muerte por negligencia.<\/li>\n<li>Lesiones por colisi\u00f3n, incluido el latigazo cervical<\/li>\n<li>Ahogamiento<\/li>\n<\/ul>\n<p>Los accidentes de navegaci\u00f3n tambi\u00e9n suelen provocar da\u00f1os materiales en las costosas embarcaciones. Es importante trabajar con un abogado para buscar justicia y compensaci\u00f3n despu\u00e9s de un accidente de navegaci\u00f3n.<\/p>\n<p><img decoding=\"async\" class=\"alignnone wp-image-4391 size-full\" src=\"https:\/\/www.humbertoinjurylaw.com\/wp-content\/uploads\/2025\/04\/Humberto-Infographics-Spanish_Cumming-Boating-Accident-Infographic.webp\" alt=\"Humberto Infographics Spanish_Cumming Boating Accident Infographic\" width=\"675\" height=\"900\" srcset=\"https:\/\/www.humbertoinjurylaw.com\/wp-content\/uploads\/2025\/04\/Humberto-Infographics-Spanish_Cumming-Boating-Accident-Infographic.webp 675w, https:\/\/www.humbertoinjurylaw.com\/wp-content\/uploads\/2025\/04\/Humberto-Infographics-Spanish_Cumming-Boating-Accident-Infographic-225x300.webp 225w\" sizes=\"(max-width: 675px) 100vw, 675px\" \/><\/p>\n<h2>Responsabilidad por accidente mar\u00edtimo<\/h2>\n<p>Usted debe probar que la negligencia de otra persona caus\u00f3 su lesi\u00f3n de accidente de navegaci\u00f3n con el fin de recuperar los da\u00f1os de esa persona. Tenga en cuenta que las reclamaciones por negligencia pueden funcionar de manera diferente dependiendo del tipo de accidente de navegaci\u00f3n. Nuestros abogados saben c\u00f3mo manejar las colisiones con otros barcos, accidentes de estela y olas, y las colisiones con un objeto sumergido o la tierra.<\/p>\n<p>En general, es posible demandar a las siguientes partes por negligencia seg\u00fan el <a href=\"https:\/\/law.justia.com\/codes\/georgia\/2022\/title-52\/chapter-7\/article-1\/section-52-7-14\/\" target=\"_blank\" rel=\"noopener\">C\u00f3digo de Georgia \u00a7 52-7-14<\/a>:<\/p>\n<ul>\n<li>El propietario de la embarcaci\u00f3n<\/li>\n<li>La empresa de alquiler<\/li>\n<li>Otros pasajeros<\/li>\n<li>Entidades responsables del mantenimiento de la v\u00eda navegable<\/li>\n<li>La empresa fabricante en caso de embarcaci\u00f3n defectuosa<\/li>\n<\/ul>\n<h2>\u00bfQu\u00e9 da\u00f1os y perjuicios se pueden reclamar en una demanda por lesiones en un barco?<\/h2>\n<p>Usted tiene derecho a una indemnizaci\u00f3n si ha sufrido lesiones en un accidente de navegaci\u00f3n causado por negligencia. Sus da\u00f1os pueden cubrir el valor de su:<\/p>\n<ul>\n<li>Facturas m\u00e9dicas<\/li>\n<li>Salarios perdidos<\/li>\n<li>P\u00e9rdida de capacidad de ganancia<\/li>\n<li>Da\u00f1os materiales<\/li>\n<li>Dolor y sufrimiento<\/li>\n<\/ul>\n<p>La cobertura del seguro tambi\u00e9n puede desempe\u00f1ar un papel en su caso. Nuestros abogados de accidentes se ver\u00e1 en el seguro del navegante de la otra parte, el seguro del propietario, y los activos para determinar c\u00f3mo van a pagar sus da\u00f1os.<\/p>\n<p><a href=\"https:\/\/www.humbertoinjurylaw.com\/wp-content\/uploads\/2025\/02\/boating-accident2-copy.webp\"><img decoding=\"async\" class=\"alignnone wp-image-2676 size-full\" src=\"https:\/\/www.humbertoinjurylaw.com\/wp-content\/uploads\/2025\/02\/boating-accident2-copy.webp\" alt=\"Our lawyers can build your case after a boating accident\" width=\"500\" height=\"335\" srcset=\"https:\/\/www.humbertoinjurylaw.com\/wp-content\/uploads\/2025\/02\/boating-accident2-copy.webp 500w, https:\/\/www.humbertoinjurylaw.com\/wp-content\/uploads\/2025\/02\/boating-accident2-copy-300x201.webp 300w\" sizes=\"(max-width: 500px) 100vw, 500px\" \/><\/a><\/p>\n<h2>La construcci\u00f3n de su caso de accidente de navegaci\u00f3n<\/h2>\n<p>Los accidentes de barco tienden a implicar algunas leyes y principios especiales. Estos accidentes a menudo se rigen por la ley mar\u00edtima federal, aunque pueden caer dentro de la jurisdicci\u00f3n del estado. Nuestros abogados pueden determinar d\u00f3nde debe presentar su demanda.<\/p>\n<p>Tambi\u00e9n puede esperar que nuestros abogados de accidentes de navegaci\u00f3n:<\/p>\n<ul>\n<li><strong>Documentaci\u00f3n<\/strong>: Vamos a reunir los registros relacionados con su reclamo para evaluar el alcance de sus lesiones y da\u00f1os a la propiedad. Esto nos permite construir un caso fuerte para la compensaci\u00f3n.<\/li>\n<li><strong>Investigar<\/strong>: Vamos a investigar las circunstancias que rodearon su accidente. Reuniremos las pruebas necesarias para apoyar su caso.<\/li>\n<li><strong>Negociar<\/strong>: Negociaremos con la defensa para buscar la compensaci\u00f3n que usted se merece. Si no llegamos a un acuerdo satisfactorio durante las negociaciones, estamos preparados para ir a juicio.<\/li>\n<\/ul>\n<h2>Accidentes de Navegaci\u00f3n en el Lago Lanier<\/h2>\n<p>Lake Lanier es uno de los destinos m\u00e1s populares para la navegaci\u00f3n en el sureste y ve varios millones de visitantes al a\u00f1o. Desafortunadamente, tambi\u00e9n es un lugar com\u00fan de accidentes de navegaci\u00f3n. 57 muertes de navegaci\u00f3n ocurrieron en Lanier de 1999 a 2018, seg\u00fan la Divisi\u00f3n de Aplicaci\u00f3n de la Ley del Departamento de Recursos Naturales de Georgia.<\/p>\n<p>Nuestros abogados manejan accidentes en el lago Lanier y otros lagos visitados con frecuencia como Allatoona, Oconee y Sinclair. P\u00f3ngase en contacto con nosotros si usted o un ser querido se ha lesionado navegando en uno de estos lagos de Georgia u otra v\u00eda fluvial.<\/p>\n<h2>Contacte gratis a nuestros abogados de accidentes de bote en Cumming<\/h2>\n<p>Nuestros abogados de accidentes de navegaci\u00f3n proteger\u00e1n sus derechos y luchar\u00e1n por un resultado exitoso en su caso. <a href=\"https:\/\/www.humbertoinjurylaw.com\/es\/contacto\/\">Ll\u00e1menos hoy al <a href=\"tel:+17708888901\"><i class=\"fa fa-phone-alt\"><\/i>(770) 888-8901<\/a> para programar su consulta inicial gratuita.<\/a> Vamos a explicar los m\u00e9ritos de su reclamo y discutir los posibles pasos a seguir. <a href=\"https:\/\/www.humbertoinjurylaw.com\/es\/\">Las Oficinas Legales de Humberto Izquierdo, Jr., PC<\/a> sirve Atlanta, Marietta, Cumming, y las \u00e1reas cercanas de Georgia.<\/p>\n","protected":false},"excerpt":{"rendered":"<p>\u00bfAccidente de Barco en Georgia? Obtenga la Compensaci\u00f3n que Merece \u2014 Consulta Gratis 24\/7 La navegaci\u00f3n es una actividad recreativa muy popular en Georgia. Nuestros navegantes tienen acceso a m\u00e1s de 400.000 acres de lagos y embalses y tambi\u00e9n pueden optar por navegar frente a la costa. Pero la seguridad es una gran preocupaci\u00f3n siempre [&hellip;]<\/p>\n","protected":false},"author":22,"featured_media":0,"parent":3490,"menu_order":0,"comment_status":"closed","ping_status":"closed","template":"","meta":{"_acf_changed":false,"anchor_text":"","footnotes":""},"class_list":["post-3510","page","type-page","status-publish","hentry"],"acf":[],"_links":{"self":[{"href":"https:\/\/www.humbertoinjurylaw.com\/es\/wp-json\/wp\/v2\/pages\/3510","targetHints":{"allow":["GET"]}}],"collection":[{"href":"https:\/\/www.humbertoinjurylaw.com\/es\/wp-json\/wp\/v2\/pages"}],"about":[{"href":"https:\/\/www.humbertoinjurylaw.com\/es\/wp-json\/wp\/v2\/types\/page"}],"author":[{"embeddable":true,"href":"https:\/\/www.humbertoinjurylaw.com\/es\/wp-json\/wp\/v2\/users\/22"}],"replies":[{"embeddable":true,"href":"https:\/\/www.humbertoinjurylaw.com\/es\/wp-json\/wp\/v2\/comments?post=3510"}],"version-history":[{"count":7,"href":"https:\/\/www.humbertoinjurylaw.com\/es\/wp-json\/wp\/v2\/pages\/3510\/revisions"}],"predecessor-version":[{"id":10763,"href":"https:\/\/www.humbertoinjurylaw.com\/es\/wp-json\/wp\/v2\/pages\/3510\/revisions\/10763"}],"up":[{"embeddable":true,"href":"https:\/\/www.humbertoinjurylaw.com\/es\/wp-json\/wp\/v2\/pages\/3490"}],"wp:attachment":[{"href":"https:\/\/www.humbertoinjurylaw.com\/es\/wp-json\/wp\/v2\/media?parent=3510"}],"curies":[{"name":"wp","href":"https:\/\/api.w.org\/{rel}","templated":true}]}}