{"id":3516,"date":"2025-02-19T08:43:44","date_gmt":"2025-02-19T13:43:44","guid":{"rendered":"https:\/\/www.humbertoinjurylaw.com\/cumming\/cumming-abogados-de-lesiones-catastroficas\/"},"modified":"2026-03-11T10:52:18","modified_gmt":"2026-03-11T14:52:18","slug":"cumming-abogados-de-lesiones-catastroficas","status":"publish","type":"page","link":"https:\/\/www.humbertoinjurylaw.com\/es\/cumming\/cumming-abogados-de-lesiones-catastroficas\/","title":{"rendered":"Cumming Abogados de lesiones catastr\u00f3ficas"},"content":{"rendered":"<h2>\u00bfSufri\u00f3 Lesiones Graves en Georgia? Luche por su Futuro \u2014 Consulta Gratuita 24\/7<\/h2>\n<p>Si ha sufrido lesiones en un accidente, las lesiones leves tambi\u00e9n pueden afectar gravemente a su salud f\u00edsica, su bienestar mental y su seguridad financiera. En los casos de lesiones graves y catastr\u00f3ficas, su vida y la de sus seres queridos pueden cambiar irrevocablemente para siempre.<\/p>\n<p>Las lesiones graves requieren representaci\u00f3n legal. Si usted ha sufrido una lesi\u00f3n grave o incapacitante en el Estado de Georgia, llame a la firma de abogados de Humberto Izquierdo, Jr., PC hoy al [tel\u00e9fono] para una consulta gratuita con un abogado con experiencia en lesiones personales.<\/p>\n<h2>\u00bfQu\u00e9 es una lesi\u00f3n catastr\u00f3fica?<\/h2>\n<p>Las reclamaciones por lesiones personales se presentan por varias razones. Que pueden incluir lesiones personales y da\u00f1os a la propiedad. Por otro lado, las lesiones graves y catastr\u00f3ficas implican lesiones tan serias que las consecuencias y secuelas cambiar\u00e1n significativamente el curso de la vida de la v\u00edctima para siempre.<\/p>\n<p>Una lesi\u00f3n grave puede requerir m\u00faltiples cirug\u00edas, tratamiento y rehabilitaci\u00f3n extensa, incluyendo cuidados permanentes en casa. Las lesiones graves y catastr\u00f3ficas pueden incluir:<\/p>\n<ul>\n<li>Lesiones cerebrales<\/li>\n<li>Lesiones medulares<\/li>\n<li>Lesiones de espalda y cuello<\/li>\n<\/ul>\n<p><img fetchpriority=\"high\" decoding=\"async\" class=\"alignnone wp-image-2698 size-full\" src=\"https:\/\/www.humbertoinjurylaw.com\/wp-content\/uploads\/2025\/02\/catastrophic-injury1-copy.webp\" alt=\"Serious vehicle accident in Cumming Georgia that resulted in catastrophic injuries to victims\" width=\"500\" height=\"334\" srcset=\"https:\/\/www.humbertoinjurylaw.com\/wp-content\/uploads\/2025\/02\/catastrophic-injury1-copy.webp 500w, https:\/\/www.humbertoinjurylaw.com\/wp-content\/uploads\/2025\/02\/catastrophic-injury1-copy-300x200.webp 300w\" sizes=\"(max-width: 500px) 100vw, 500px\" \/><\/p>\n<h2>\u00bfPuede una lesi\u00f3n grave poner en peligro la vida?<\/h2>\n<p>Una lesi\u00f3n catastr\u00f3fica puede poner en peligro la vida. Tr\u00e1gicamente, algunas de las demandas por lesiones personales que tramitamos acaban en muerte. Un trauma f\u00edsico catastr\u00f3fico podr\u00eda causar una herida fatal en la cabeza, una hemorragia interna, una lesi\u00f3n org\u00e1nica, una enfermedad terminal, una p\u00e9rdida de sangre fatal, o conducir a la muerte de cualquier otra forma aparentemente infinita. Si su ser querido muri\u00f3 como resultado de la negligencia de otra persona, entonces usted puede tener un caso de homicidio culposo para buscar compensaci\u00f3n y justicia.<\/p>\n<h2>\u00bfCu\u00e1l es el estatuto de limitaciones para un caso de lesiones graves en Georgia?<\/h2>\n<p>La mayor\u00eda de las lesiones personales caen dentro del estatuto de limitaciones que permite un cierto n\u00famero de a\u00f1os a partir de la fecha de la lesi\u00f3n, durante el cual usted puede presentar una demanda. Aunque se trata de un n\u00famero determinado de a\u00f1os, queremos hablar con usted acerca de su reclamo antes de darle ese n\u00famero. Su caso podr\u00eda entrar en otra categor\u00eda o tener circunstancias atenuantes que le proporcionen m\u00e1s o menos tiempo para presentar la demanda. Puede ponerse en contacto con nosotros ahora para asegurarse de que dispone de tiempo suficiente para presentar su reclamaci\u00f3n.<\/p>\n<h2>\u00bfQu\u00e9 tipo de compensaci\u00f3n debo esperar en un caso de lesi\u00f3n catastr\u00f3fica?<\/h2>\n<p>Nunca se puede garantizar una indemnizaci\u00f3n en un caso de lesiones personales, por lo que no debe esperarla necesariamente, pero s\u00ed debe esperar que nuestros abogados trabajen incansablemente hasta que hayamos obtenido los mejores resultados posibles en su nombre.<\/p>\n<p>En un caso en el que la compensaci\u00f3n monetaria se recupera con \u00e9xito, puede ser por los siguientes da\u00f1os:<\/p>\n<ul>\n<li>Facturas m\u00e9dicas actuales y futuras<\/li>\n<li>P\u00e9rdida actual y futura de salarios<\/li>\n<li>Disminuci\u00f3n de la capacidad de ganancia<\/li>\n<li>P\u00e9rdida del disfrute de la vida<\/li>\n<li>Dolor y sufrimiento<\/li>\n<\/ul>\n<p>Hable con nuestros abogados sobre el c\u00e1lculo de los da\u00f1os potenciales en su caso.<\/p>\n<h2>\u00bfCu\u00e1les son las categor\u00edas de lesiones?<\/h2>\n<p>Cuando se trata de demandas por lesiones personales, nuestros abogados quieren conocer todas y cada una de las formas en que usted ha sido impactado. El alcance total de las lesiones que sufri\u00f3 puede afectar de muchas maneras, incluyendo:<\/p>\n<ul>\n<li>F\u00edsicamente<\/li>\n<li>Emocionalmente<\/li>\n<li>Mentalmente<\/li>\n<li>Financieramente<\/li>\n<li>De otras maneras<\/li>\n<\/ul>\n<p>Cuando evaluamos su reclamaci\u00f3n, no tratamos necesariamente de aislar las lesiones f\u00edsicas en una categor\u00eda determinada. Es cierto que los casos de lesiones personales generalmente se refieren a lesiones f\u00edsicas graves, pero puede haber muchos aspectos en la forma en que su vida se ha visto alterada.<\/p>\n<p><img decoding=\"async\" class=\"alignnone wp-image-2699 size-full\" src=\"https:\/\/www.humbertoinjurylaw.com\/wp-content\/uploads\/2025\/02\/catastrophic-injury2-copy.webp\" alt=\"Injured man being assisted by paramedics after a catastrophic accident in Cumming Georgia\" width=\"500\" height=\"334\" srcset=\"https:\/\/www.humbertoinjurylaw.com\/wp-content\/uploads\/2025\/02\/catastrophic-injury2-copy.webp 500w, https:\/\/www.humbertoinjurylaw.com\/wp-content\/uploads\/2025\/02\/catastrophic-injury2-copy-300x200.webp 300w\" sizes=\"(max-width: 500px) 100vw, 500px\" \/><\/p>\n<h2>\u00bfQu\u00e9 se consideran lesiones que cambian la vida?<\/h2>\n<p>Cualquier tipo de lesi\u00f3n f\u00edsica puede alterar el curso de la vida de una persona. Normalmente estas lesiones afectan al f\u00edsico y a la capacidad f\u00edsica de una persona, o a la forma en que funciona su cerebro, o a la forma en que procesa las emociones y a su salud mental. Muy a menudo, las lesiones catastr\u00f3ficas en las demandas por lesiones personales afectan a todos estos aspectos de su vida.<\/p>\n<p>Hemos visto c\u00f3mo pueden alterar la vida las siguientes lesiones:<\/p>\n<ul>\n<li>Lesiones cerebrales o de la columna vertebral<\/li>\n<li>P\u00e9rdida de un miembro o ap\u00e9ndice<\/li>\n<li>Enfermedad cr\u00f3nica<\/li>\n<li>Desfiguraci\u00f3n y cicatrices<\/li>\n<li>Quemaduras graves<\/li>\n<\/ul>\n<p>Una lesi\u00f3n que le cambia la vida puede suponer la p\u00e9rdida de algunas funciones corporales o alterar para siempre su salud mental. Puede que padezca estr\u00e9s postraum\u00e1tico o que tenga que utilizar equipos de adaptaci\u00f3n, como una silla de ruedas, el resto de su vida. Puede que sea incapaz de desempe\u00f1ar el trabajo que ten\u00eda antes.<\/p>\n<p>Por supuesto, hay muchas otras formas en que una lesi\u00f3n puede afectar al curso de su vida. Nuestro trabajo como abogados es conocer el impacto que ha tenido el trauma para poder conseguir cada d\u00f3lar que necesite y merezca con el fin de reconstruir su vida y seguir adelante.<\/p>\n<h2>Lesiones mortales<\/h2>\n<p>Despu\u00e9s de que un ser querido sufre lesiones mortales debido a la imprudencia o descuido de alguien, todos quedan desconcertados. Adem\u00e1s del trauma emocional extremo causado por esta p\u00e9rdida repentina, la familia se queda con una serie de preguntas legales complejas y acciones financieras inesperadas.<\/p>\n<p>En esta dif\u00edcil circunstancia, es importante reunirse con nuestros abogados para discutir la posibilidad de una demanda por homicidio culposo. Estas complicadas demandas pueden ayudarle a obtener una indemnizaci\u00f3n por los gastos de entierro y funeral, p\u00e9rdida de ingresos, facturas m\u00e9dicas y otros da\u00f1os asociados a su tr\u00e1gica p\u00e9rdida.<\/p>\n<h2>\u00bfC\u00f3mo demuestro la negligencia en las demandas por lesiones personales?<\/h2>\n<p>En los casos que involucran a la v\u00edctima de una lesi\u00f3n fatal o catastr\u00f3fica, nuestros abogados se centran en determinar la causa de las lesiones y responsabilizar a todas las partes por cualquier negligencia. Para probar negligencia en casos de lesiones personales, usted debe establecer los siguientes cuatro elementos seg\u00fan el <a href=\"https:\/\/law.justia.com\/codes\/georgia\/title-51\/chapter-12\/section-51-12-33\/\" target=\"_blank\" rel=\"noopener\">C\u00f3digo Oficial de Georgia Anotado (O.C.G.A.) \u00a7 51-12-33<\/a>:<\/p>\n<ul>\n<li><strong>Da\u00f1os<\/strong>: Usted debe incurrir en da\u00f1os reales como resultado de su lesi\u00f3n, tales como gastos m\u00e9dicos, salarios perdidos o da\u00f1os a la propiedad.<\/li>\n<li><strong>Causalidad<\/strong>: Debe demostrar que la negligencia de alguien caus\u00f3 directamente el da\u00f1o que intenta recuperar.<\/li>\n<li><strong>Deber<\/strong>: Debe demostrar que la parte negligente no cumpli\u00f3 con la seguridad. Por ejemplo, si estaba en la propiedad de alguien, esa parte tiene el deber de garantizar que no sufrir\u00e1 da\u00f1os en las instalaciones.<\/li>\n<li><strong>Incumplimiento del deber<\/strong>: debe demostrar que la parte negligente no cumpli\u00f3 con su deber. Si no hubiera incumplido su deber, no se habr\u00edan producido las lesiones.<\/li>\n<\/ul>\n<p><img decoding=\"async\" class=\"alignnone wp-image-2697 size-full\" src=\"https:\/\/www.humbertoinjurylaw.com\/wp-content\/uploads\/2025\/02\/catastrophic-injury3-copy.webp\" alt=\"Catastrophic injury lawyers at Humberto Injury Law in Cumming Georgia consulting with a client\" width=\"500\" height=\"334\" srcset=\"https:\/\/www.humbertoinjurylaw.com\/wp-content\/uploads\/2025\/02\/catastrophic-injury3-copy.webp 500w, https:\/\/www.humbertoinjurylaw.com\/wp-content\/uploads\/2025\/02\/catastrophic-injury3-copy-300x200.webp 300w\" sizes=\"(max-width: 500px) 100vw, 500px\" \/><\/p>\n<h2>\u00bfC\u00f3mo puedo preparar mi caso de lesiones catastr\u00f3ficas ante un tribunal?<\/h2>\n<p>No todos los casos de lesiones personales van a juicio, ni ante un juez, ni ante un jurado. En su lugar, una reclamaci\u00f3n puede ser resuelta en las negociaciones fuera de la sala del tribunal. En cualquier situaci\u00f3n, nuestros abogados se asegurar\u00e1n de que usted est\u00e9 completamente preparado para cualquier reuni\u00f3n a la que deba asistir. Prepararse puede incluir:<\/p>\n<ul>\n<li>Reunir ciertos documentos<\/li>\n<li>Imprimir correos electr\u00f3nicos o textos<\/li>\n<li>Reunir cualquier diario o entradas de diario que mantuvo durante un cierto per\u00edodo de tiempo<\/li>\n<li>Proporcionar informaci\u00f3n de testigos<\/li>\n<li>Facilitar historiales m\u00e9dicos y documentos sanitarios<\/li>\n<li>Pruebas de atenci\u00f3n m\u00e9dica<\/li>\n<li>Facturas y estados financieros<\/li>\n<\/ul>\n<p>Usted puede confiar en nosotros para mantenerlo listo en cada paso del camino. Nuestros abogados est\u00e1n siempre aqu\u00ed para proporcionar orientaci\u00f3n y apoyo a lo largo de la duraci\u00f3n de su caso y m\u00e1s all\u00e1.<\/p>\n<h2>Consulte a Nuestros Abogados de Lesiones Catastr\u00f3ficas en Cumming, GA<\/h2>\n<p>Si usted vive en el estado de Georgia, <a href=\"https:\/\/www.humbertoinjurylaw.com\/es\/\">el bufete de abogados de Humberto Izquierdo, Jr., PC<\/a>, est\u00e1 convenientemente ubicado cerca de usted. Para programar una consulta gratuita y sin compromiso con un abogado experimentado, preparado e individualizado en lesiones personales, ll\u00e1menos hoy al <a href=\"tel:+17708888901\"><i class=\"fa fa-phone-alt\"><\/i>(770) 888-8901<\/a>. Tambi\u00e9n puede rellenar el formulario en nuestra <a href=\"https:\/\/www.humbertoinjurylaw.com\/es\/contacto\/\">p\u00e1gina de contacto<\/a>, y nuestro personal le ayudar\u00e1 con la creaci\u00f3n de su cita. Nuestros abogados operan bajo un honorario de contingencia, lo que significa que usted no nos debe nada a menos que obtengamos un resultado favorable para su caso.<\/p>\n","protected":false},"excerpt":{"rendered":"<p>\u00bfSufri\u00f3 Lesiones Graves en Georgia? Luche por su Futuro \u2014 Consulta Gratuita 24\/7 Si ha sufrido lesiones en un accidente, las lesiones leves tambi\u00e9n pueden afectar gravemente a su salud f\u00edsica, su bienestar mental y su seguridad financiera. En los casos de lesiones graves y catastr\u00f3ficas, su vida y la de sus seres queridos pueden [&hellip;]<\/p>\n","protected":false},"author":22,"featured_media":0,"parent":3490,"menu_order":0,"comment_status":"closed","ping_status":"closed","template":"","meta":{"_acf_changed":false,"anchor_text":"","footnotes":""},"class_list":["post-3516","page","type-page","status-publish","hentry"],"acf":[],"_links":{"self":[{"href":"https:\/\/www.humbertoinjurylaw.com\/es\/wp-json\/wp\/v2\/pages\/3516","targetHints":{"allow":["GET"]}}],"collection":[{"href":"https:\/\/www.humbertoinjurylaw.com\/es\/wp-json\/wp\/v2\/pages"}],"about":[{"href":"https:\/\/www.humbertoinjurylaw.com\/es\/wp-json\/wp\/v2\/types\/page"}],"author":[{"embeddable":true,"href":"https:\/\/www.humbertoinjurylaw.com\/es\/wp-json\/wp\/v2\/users\/22"}],"replies":[{"embeddable":true,"href":"https:\/\/www.humbertoinjurylaw.com\/es\/wp-json\/wp\/v2\/comments?post=3516"}],"version-history":[{"count":5,"href":"https:\/\/www.humbertoinjurylaw.com\/es\/wp-json\/wp\/v2\/pages\/3516\/revisions"}],"predecessor-version":[{"id":10769,"href":"https:\/\/www.humbertoinjurylaw.com\/es\/wp-json\/wp\/v2\/pages\/3516\/revisions\/10769"}],"up":[{"embeddable":true,"href":"https:\/\/www.humbertoinjurylaw.com\/es\/wp-json\/wp\/v2\/pages\/3490"}],"wp:attachment":[{"href":"https:\/\/www.humbertoinjurylaw.com\/es\/wp-json\/wp\/v2\/media?parent=3516"}],"curies":[{"name":"wp","href":"https:\/\/api.w.org\/{rel}","templated":true}]}}