{"id":3519,"date":"2025-02-19T11:23:55","date_gmt":"2025-02-19T16:23:55","guid":{"rendered":"https:\/\/www.humbertoinjurylaw.com\/cumming\/cumming-abogado-de-negligencia-medica\/"},"modified":"2026-03-11T11:38:09","modified_gmt":"2026-03-11T15:38:09","slug":"cumming-abogado-de-negligencia-medica","status":"publish","type":"page","link":"https:\/\/www.humbertoinjurylaw.com\/es\/cumming\/cumming-abogado-de-negligencia-medica\/","title":{"rendered":"Cumming Abogado de Negligencia M\u00e9dica"},"content":{"rendered":"<h2>\u00bfSufri\u00f3 Negligencia M\u00e9dica en Georgia? Consulta Gratuita \u2014 Sin Honorarios Hasta Ganar<\/h2>\n<p>Cada d\u00eda, los m\u00e9dicos y otros profesionales de la salud se encuentran en situaciones de vida o muerte. Al tratar a enfermos y heridos, se espera que estos profesionales de la medicina mantengan un nivel de atenci\u00f3n. Cuando no cumplen con este est\u00e1ndar de atenci\u00f3n, las consecuencias pueden ser devastadoras para los pacientes y sus familias.<\/p>\n<p>Si usted vive en Cumming, Atlanta o Marietta, Georgia, y est\u00e1 buscando un abogado con experiencia en lesiones personales, por favor llame a las Oficinas Legales de Humberto Izquierdo, Jr., PC hoy en [tel\u00e9fono] para discutir su caso de forma gratuita. Trabajamos sobre una base de honorarios de contingencia, lo que significa que no nos debe nada a menos que lleguemos a un resultado exitoso en su caso.<\/p>\n<h2>\u00bfQu\u00e9 es la negligencia m\u00e9dica?<\/h2>\n<p>La negligencia m\u00e9dica es el \u00e1rea del derecho que regula los casos en los que su m\u00e9dico u otro profesional de la medicina no le proporcion\u00f3 la atenci\u00f3n est\u00e1ndar que un profesional con experiencia similar le habr\u00eda proporcionado, y esa falta de atenci\u00f3n fue directamente responsable de perjudicarle.<\/p>\n<p>El nivel de atenci\u00f3n que deben prestar los profesionales de la medicina es la suma de los conocimientos m\u00e9dicos acumulados a lo largo de siglos de estudios y descubrimientos cient\u00edficos. Estos conocimientos se utilizan para diagnosticar y tratar eficazmente a los pacientes. Es esencialmente una especie de libro de jugadas que describe las mejores pr\u00e1cticas para el tratamiento del paciente.<\/p>\n<p>En caso de que el m\u00e9dico no sepa cu\u00e1l es el tratamiento adecuado, debe solicitar la opini\u00f3n profesional de un especialista o buscar una respuesta en la documentaci\u00f3n establecida.<\/p>\n<p><img fetchpriority=\"high\" decoding=\"async\" class=\"alignnone wp-image-2782 size-full\" src=\"https:\/\/www.humbertoinjurylaw.com\/wp-content\/uploads\/2025\/02\/med-mal1.jpg\" alt=\"Examples of medical malpractice including misdiagnosis and surgical errors affecting patients in Georgia\" width=\"500\" height=\"334\" srcset=\"https:\/\/www.humbertoinjurylaw.com\/wp-content\/uploads\/2025\/02\/med-mal1.jpg 500w, https:\/\/www.humbertoinjurylaw.com\/wp-content\/uploads\/2025\/02\/med-mal1-300x200.jpg 300w\" sizes=\"(max-width: 500px) 100vw, 500px\" \/><\/p>\n<h2>\u00bfCu\u00e1les son algunos ejemplos de negligencia m\u00e9dica?<\/h2>\n<p>La primera regla de un m\u00e9dico es \u00abno hacer da\u00f1o\u00bb. Por desgracia, a veces se cometen errores, ya sea por falta de atenci\u00f3n o por negligencia. Todos los proveedores de asistencia sanitaria, incluidos m\u00e9dicos, enfermeros, dentistas, quiropr\u00e1cticos, profesionales de residencias de ancianos y trabajadores hospitalarios, est\u00e1n obligados a actuar de acuerdo con las normas de asistencia vigentes.<\/p>\n<p>Nuestros abogados especializados en negligencias m\u00e9dicas pueden ayudarle a reclamar una indemnizaci\u00f3n por lesiones o muerte que se produzcan por negligencias tales como:<\/p>\n<ul>\n<li>Errores quir\u00fargicos<\/li>\n<li>Diagn\u00f3stico err\u00f3neo<\/li>\n<li>Fallo en el diagn\u00f3stico<\/li>\n<li>Retraso en el diagn\u00f3stico<\/li>\n<li>Errores en la sala de emergencias<\/li>\n<li>Errores de medicaci\u00f3n<\/li>\n<li>Lesiones farmac\u00e9uticas<\/li>\n<li>Lesiones en el parto<\/li>\n<li>Errores de anestesia<\/li>\n<li>Negligencia en residencias de ancianos<\/li>\n<li>Negligencia hospitalaria<\/li>\n<li>Negligencia enfermera<\/li>\n<li>Negligencia m\u00e9dica<\/li>\n<li>Negligencia de un especialista<\/li>\n<\/ul>\n<h2>\u00bfQu\u00e9 tan com\u00fan es la negligencia m\u00e9dica en Georgia?<\/h2>\n<p>La negligencia m\u00e9dica no es inaudita en Georgia. Hubo 15.556 informes de acciones adversas y 9.838 informes de pagos m\u00e9dicos en el estado entre 1990 y 2021, seg\u00fan los datos del NPDB.<\/p>\n<p>Tenga en cuenta que la gran mayor\u00eda de los errores m\u00e9dicos no se denuncian a pesar de los requisitos legales de notificaci\u00f3n. Esos errores m\u00e9dicos incluyen accidentes, errores y otros eventos adversos.<\/p>\n<h2>\u00bfQu\u00e9 se debe probar para ganar un caso de negligencia m\u00e9dica?<\/h2>\n<p>Existen algunos requisitos b\u00e1sicos para ganar un caso de negligencia m\u00e9dica. En primer lugar, debe poder demostrar que existi\u00f3 una relaci\u00f3n m\u00e9dico-paciente. Esta relaci\u00f3n suele ser bastante sencilla de demostrar.<\/p>\n<p>A continuaci\u00f3n, debe poder demostrar que el m\u00e9dico fue negligente en su diagn\u00f3stico o tratamiento. El m\u00e9dico debe haberse desviado de las normas adecuadas de atenci\u00f3n m\u00e9dica. En la mayor\u00eda de los estados, necesita presentar un perito m\u00e9dico que tenga autoridad para discutir este punto.<\/p>\n<p>Despu\u00e9s, es necesario demostrar que la negligencia del m\u00e9dico caus\u00f3 su lesi\u00f3n. Por \u00faltimo, tendr\u00e1 que demostrar que ha sufrido da\u00f1os. Algunos de los da\u00f1os por los que puede demandar incluyen dolor f\u00edsico, angustia mental, facturas m\u00e9dicas, bajas laborales y p\u00e9rdida de capacidad de ganancia.<\/p>\n<h2>\u00bfCu\u00e1les son los tipos m\u00e1s comunes de casos de negligencia m\u00e9dica?<\/h2>\n<p>Hay muchas situaciones diferentes que pueden dar lugar a una demanda por negligencia m\u00e9dica. Seg\u00fan el <a href=\"https:\/\/law.justia.com\/codes\/georgia\/2020\/title-51\/chapter-1\/section-51-1-27\/\" target=\"_blank\" rel=\"noopener noreferrer\">C\u00f3digo de Georgia \u00a7 51-1-27<\/a>, todo profesional m\u00e9dico est\u00e1 obligado a ejercer un grado razonable de cuidado y habilidad, y cualquier lesi\u00f3n resultante de la falta de dicho cuidado constituye un agravio por el cual se puede obtener compensaci\u00f3n. Sin embargo, los tipos m\u00e1s comunes de negligencia m\u00e9dica tienden a caer en unas pocas categor\u00edas, tales como:<\/p>\n<ul>\n<li>Fallo en el diagn\u00f3stico<\/li>\n<li>Tratamiento inadecuado<\/li>\n<li>No advertir al paciente de los riesgos conocidos<\/li>\n<\/ul>\n<h2>\u00bfQu\u00e9 tan pronto despu\u00e9s de mi lesi\u00f3n debo ponerme en contacto con un abogado?<\/h2>\n<p>P\u00f3ngase siempre en contacto con un abogado tan pronto como sospeche que se ha producido una negligencia m\u00e9dica. Debe presentar su demanda r\u00e1pidamente para proteger sus derechos legales. De lo contrario, corre el riesgo de que el tribunal la desestime.<\/p>\n<p>En esta p\u00e1gina le ofrecemos informaci\u00f3n sobre los plazos para demandar por negligencia m\u00e9dica en Georgia. Sin embargo, con gusto discutiremos el plazo exacto de su demanda durante una consulta legal gratuita.<\/p>\n<p><img decoding=\"async\" class=\"alignnone wp-image-2781 size-full\" src=\"https:\/\/www.humbertoinjurylaw.com\/wp-content\/uploads\/2025\/02\/med-mal2-copy.webp\" alt=\"Medical professionals reviewing a patient case error in a Georgia hospital operating room \" width=\"500\" height=\"334\" srcset=\"https:\/\/www.humbertoinjurylaw.com\/wp-content\/uploads\/2025\/02\/med-mal2-copy.webp 500w, https:\/\/www.humbertoinjurylaw.com\/wp-content\/uploads\/2025\/02\/med-mal2-copy-300x200.webp 300w\" sizes=\"(max-width: 500px) 100vw, 500px\" \/><\/p>\n<h2>\u00bfC\u00f3mo pueden las Oficinas Legales de Humberto Izquierdo, Jr., PC ayudarle en su caso de negligencia m\u00e9dica?<\/h2>\n<p>Ponerse en contacto con un abogado con experiencia en negligencia m\u00e9dica puede hacer toda la diferencia en su caso. Nuestros abogados saben lo que se necesita para construir una fuerte demanda legal. Generalmente, podemos ayudar con:<\/p>\n<ul>\n<li>Reunir pruebas<\/li>\n<li>Cumplir los plazos<\/li>\n<li>Calcular sus da\u00f1os<\/li>\n<li>Encontrar testigos m\u00e9dicos expertos<\/li>\n<li>Negociar con las compa\u00f1\u00edas de seguros<\/li>\n<li>Marcar una mala oferta de acuerdo<\/li>\n<li>Preparaci\u00f3n de su caso para el tribunal<\/li>\n<\/ul>\n<p>Le invitamos a leer los testimonios de nuestros clientes y a ver los resultados de nuestros casos. Ellos hablan de nuestra experiencia, profesionalismo y dedicaci\u00f3n. Nos apasiona ayudar a los miembros lesionados de nuestra comunidad.<\/p>\n<h2>\u00bfCu\u00e1l es la diferencia entre negligencia y mala praxis?<\/h2>\n<p>Los t\u00e9rminos negligencia m\u00e9dica y mala praxis m\u00e9dica a menudo se malinterpretan y se utilizan indistintamente. Aunque la negligencia m\u00e9dica es un aspecto de la mala praxis, es s\u00f3lo uno de los componentes de una demanda por negligencia m\u00e9dica. A menos que pueda demostrar que caus\u00f3 directamente sus lesiones, la negligencia no es motivo para una demanda por negligencia m\u00e9dica.<\/p>\n<h2>\u00bfCu\u00e1nto tiempo tengo para demandar por negligencia m\u00e9dica en Georgia?<\/h2>\n<p>Si desea presentar una demanda por negligencia m\u00e9dica en el estado de Georgia, necesita conocer el estatuto de limitaciones. Esa es la fecha l\u00edmite para iniciar su caso. Si se le pasa la fecha l\u00edmite, su caso ser\u00e1 desestimado, no importa lo mal que se haya lastimado o lo escandalosa que haya sido la conducta de su proveedor de salud.<\/p>\n<p>El estatuto est\u00e1ndar de limitaciones para una demanda por negligencia m\u00e9dica en Georgia es de dos a\u00f1os despu\u00e9s de la fecha de la lesi\u00f3n o muerte. Existen algunas excepciones que ampl\u00edan este plazo.<\/p>\n<p>A veces, el da\u00f1o a un paciente no es inmediatamente obvio, y puede manifestarse a\u00f1os despu\u00e9s de ocurrido el tratamiento. Si se encuentra en una situaci\u00f3n as\u00ed, no tiene m\u00e1s de cinco a\u00f1os despu\u00e9s de la fecha en que se produjo la negligencia m\u00e9dica para presentar su demanda.<\/p>\n<p>El \u00fanico otro caso especial se aplica a un objeto extra\u00f1o dejado en el cuerpo del paciente. Se puede presentar una demanda por negligencia m\u00e9dica en el plazo de un a\u00f1o desde que se descubri\u00f3 el objeto.<\/p>\n<p><img decoding=\"async\" class=\"alignnone wp-image-2780 size-full\" src=\"https:\/\/www.humbertoinjurylaw.com\/wp-content\/uploads\/2025\/02\/med-mal4.jpg\" alt=\"Can I file suit for medical malpractice?\" width=\"500\" height=\"334\" srcset=\"https:\/\/www.humbertoinjurylaw.com\/wp-content\/uploads\/2025\/02\/med-mal4.jpg 500w, https:\/\/www.humbertoinjurylaw.com\/wp-content\/uploads\/2025\/02\/med-mal4-300x200.jpg 300w\" sizes=\"(max-width: 500px) 100vw, 500px\" \/><\/p>\n<h2>\u00bfPuedo presentar una demanda por negligencia contra un hospital?<\/h2>\n<p>Puede presentar una demanda por negligencia m\u00e9dica contra un hospital. El propio centro puede ser considerado responsable de su atenci\u00f3n deficiente si el m\u00e9dico que le trat\u00f3 es un empleado del mismo o si su falta de capacidad deber\u00eda haber sido evidente para el hospital.<\/p>\n<p>Tambi\u00e9n puede demandar al m\u00e9dico o enfermero responsable del error m\u00e9dico. Los servicios de ambulancia tambi\u00e9n pueden ser considerados responsables en determinadas circunstancias.<\/p>\n<p>Es importante implicar en la demanda a todas las partes potencialmente responsables. Es posible que no pueda volver atr\u00e1s y a\u00f1adir una parte m\u00e1s adelante. Nuestros abogados determinar\u00e1n a qui\u00e9n debe demandar en funci\u00f3n de los detalles de su caso.<\/p>\n<h2>\u00bfC\u00f3mo se determina la indemnizaci\u00f3n por negligencia m\u00e9dica?<\/h2>\n<p>La cuant\u00eda de la indemnizaci\u00f3n a la que usted y su familia podr\u00edan tener derecho depende de una serie de factores. Dependiendo de los detalles de su caso de negligencia m\u00e9dica, usted podr\u00eda ser elegible para cobrar da\u00f1os y perjuicios por:<\/p>\n<ul>\n<li>Gastos m\u00e9dicos, rehabilitaci\u00f3n y cuidados a largo plazo<\/li>\n<li>P\u00e9rdida de salario y disminuci\u00f3n de la capacidad de ganancia<\/li>\n<li>Incapacidad f\u00edsica<\/li>\n<li>Desfiguraci\u00f3n<\/li>\n<li>Dolor y sufrimiento<\/li>\n<\/ul>\n<p>En el tr\u00e1gico caso de que una negligencia haya provocado la p\u00e9rdida de un ser querido, usted puede tener derecho a una indemnizaci\u00f3n por los gastos del final de la vida y otros da\u00f1os y perjuicios en una demanda por homicidio culposo.<\/p>\n<h2>\u00bfCu\u00e1nto tiempo estar\u00e9 en los tribunales por negligencia m\u00e9dica?<\/h2>\n<p>La mayor\u00eda de los casos de negligencia m\u00e9dica terminan en un acuerdo negociado. Si su caso es uno de los pocos que van a juicio, puede estar en el tribunal entre una y seis semanas.<\/p>\n<p>La duraci\u00f3n del juicio depende de la complejidad de la situaci\u00f3n. Nuestros abogados necesitar\u00e1n tiempo para presentar pruebas, llamar a testigos m\u00e9dicos expertos y luchar por la justicia y la compensaci\u00f3n que usted merece.<\/p>\n<p><img loading=\"lazy\" decoding=\"async\" class=\"alignnone wp-image-2779 size-full\" src=\"https:\/\/www.humbertoinjurylaw.com\/wp-content\/uploads\/2025\/02\/med-mal3-copy.webp\" alt=\"How to prepare for medical malpractice litigation\" width=\"500\" height=\"334\" srcset=\"https:\/\/www.humbertoinjurylaw.com\/wp-content\/uploads\/2025\/02\/med-mal3-copy.webp 500w, https:\/\/www.humbertoinjurylaw.com\/wp-content\/uploads\/2025\/02\/med-mal3-copy-300x200.webp 300w\" sizes=\"(max-width: 500px) 100vw, 500px\" \/><\/p>\n<h2>\u00bfC\u00f3mo puedo prepararme para un litigio?<\/h2>\n<p>Prepararse para un litigio no tiene por qu\u00e9 ser intimidante. Nuestros abogados de negligencia m\u00e9dica le ayudar\u00e1n a prepararse para resolver su disputa en un tribunal de justicia. Simplemente siga nuestras recomendaciones y peticiones para tener la mejor oportunidad de ganar su caso.<\/p>\n<p>Lo que m\u00e1s angustia a la mayor\u00eda de la gente es ser llamado como testigo durante el juicio. Puede ser mucho m\u00e1s f\u00e1cil hablar delante de un grupo de extra\u00f1os si practica lo que quiere decir. Prepararse para cualquier pregunta dif\u00edcil que pueda surgir tambi\u00e9n har\u00e1 que la experiencia sea mucho menos angustiosa.<\/p>\n<p>Tambi\u00e9n es importante<\/p>\n<ul>\n<li>Ser consciente de tu lenguaje corporal<\/li>\n<li>Llevar colores neutros<\/li>\n<li>Mantener las joyas al m\u00ednimo<\/li>\n<\/ul>\n<h2>Programe hoy mismo su consulta gratuita por negligencia m\u00e9dica<\/h2>\n<p>Si usted o un miembro de su familia ha sido lesionado debido a negligencia m\u00e9dica, por favor programe su <a href=\"https:\/\/www.humbertoinjurylaw.com\/es\/contacto\/\">consulta gratuita hoy completando el formulario en esta p\u00e1gina<\/a> o llamando al <a href=\"tel:+17708888901\"><i class=\"fa fa-phone-alt\"><\/i>(770) 888-8901<\/a>. Nuestros experimentados <a href=\"https:\/\/www.humbertoinjurylaw.com\/es\/\">abogados de negligencia m\u00e9dica<\/a> ayudan a las v\u00edctimas de lesiones de Cumming, Atlanta, Marietta y las comunidades circundantes de Georgia.<\/p>\n","protected":false},"excerpt":{"rendered":"<p>\u00bfSufri\u00f3 Negligencia M\u00e9dica en Georgia? Consulta Gratuita \u2014 Sin Honorarios Hasta Ganar Cada d\u00eda, los m\u00e9dicos y otros profesionales de la salud se encuentran en situaciones de vida o muerte. Al tratar a enfermos y heridos, se espera que estos profesionales de la medicina mantengan un nivel de atenci\u00f3n. Cuando no cumplen con este est\u00e1ndar [&hellip;]<\/p>\n","protected":false},"author":22,"featured_media":0,"parent":3490,"menu_order":0,"comment_status":"closed","ping_status":"closed","template":"","meta":{"_acf_changed":false,"anchor_text":"","footnotes":""},"class_list":["post-3519","page","type-page","status-publish","hentry"],"acf":[],"_links":{"self":[{"href":"https:\/\/www.humbertoinjurylaw.com\/es\/wp-json\/wp\/v2\/pages\/3519","targetHints":{"allow":["GET"]}}],"collection":[{"href":"https:\/\/www.humbertoinjurylaw.com\/es\/wp-json\/wp\/v2\/pages"}],"about":[{"href":"https:\/\/www.humbertoinjurylaw.com\/es\/wp-json\/wp\/v2\/types\/page"}],"author":[{"embeddable":true,"href":"https:\/\/www.humbertoinjurylaw.com\/es\/wp-json\/wp\/v2\/users\/22"}],"replies":[{"embeddable":true,"href":"https:\/\/www.humbertoinjurylaw.com\/es\/wp-json\/wp\/v2\/comments?post=3519"}],"version-history":[{"count":5,"href":"https:\/\/www.humbertoinjurylaw.com\/es\/wp-json\/wp\/v2\/pages\/3519\/revisions"}],"predecessor-version":[{"id":10785,"href":"https:\/\/www.humbertoinjurylaw.com\/es\/wp-json\/wp\/v2\/pages\/3519\/revisions\/10785"}],"up":[{"embeddable":true,"href":"https:\/\/www.humbertoinjurylaw.com\/es\/wp-json\/wp\/v2\/pages\/3490"}],"wp:attachment":[{"href":"https:\/\/www.humbertoinjurylaw.com\/es\/wp-json\/wp\/v2\/media?parent=3519"}],"curies":[{"name":"wp","href":"https:\/\/api.w.org\/{rel}","templated":true}]}}