{"id":3525,"date":"2025-02-19T13:38:37","date_gmt":"2025-02-19T18:38:37","guid":{"rendered":"https:\/\/www.humbertoinjurylaw.com\/cumming\/cumming-abogados-de-abuso-de-hogar-de-ancianos\/"},"modified":"2026-03-11T11:47:26","modified_gmt":"2026-03-11T15:47:26","slug":"cumming-abogados-de-abuso-de-hogar-de-ancianos","status":"publish","type":"page","link":"https:\/\/www.humbertoinjurylaw.com\/es\/cumming\/cumming-abogados-de-abuso-de-hogar-de-ancianos\/","title":{"rendered":"Cumming Abogados de Abuso de Hogar de Ancianos"},"content":{"rendered":"<h2>\u00bfSu Ser Querido Sufri\u00f3 Abuso o Negligencia en un Hogar de Ancianos en Georgia? Consulta Gratuita<\/h2>\n<p>Cuando nuestros seres queridos ingresan en una residencia de ancianos, a menudo se encuentran en su estado m\u00e1s vulnerable y requieren cuidados compasivos y atentos. Por desgracia, con demasiada frecuencia, muchos hogares de ancianos no proporcionan un nivel adecuado de atenci\u00f3n, causando dolor y sufrimiento a los que dependen de ellos.<\/p>\n<p>Nuestros experimentados abogados de lesiones personales est\u00e1n comprometidos con la b\u00fasqueda de justicia para los ancianos v\u00edctimas de negligencia y abuso. Si alguien que usted ama ha sufrido a manos de un cuidador de confianza, por favor p\u00f3ngase en contacto con las Oficinas Legales de Humberto Izquierdo, Jr., PC hoy en l\u00ednea o al <a href=\"tel:+17708888901\"><i class=\"fa fa-phone-alt\"><\/i>(770) 888-8901<\/a> para programar una consulta gratuita.<\/p>\n<p>Nuestro personal totalmente biling\u00fce de habla hispana ayuda a los clientes de Cumming, Atlanta y Marietta, Georgia.<\/p>\n<h2>\u00bfEs frecuente el maltrato en residencias de ancianos?<\/h2>\n<p>El maltrato en residencias de ancianos es un problema muy extendido. Se desconoce el alcance exacto del problema porque muchos casos de maltrato y negligencia pasan desapercibidos y no se denuncian cada a\u00f1o.<\/p>\n<p>El National Center on Elder Abuse (NCEA) identific\u00f3 una revisi\u00f3n sistem\u00e1tica que recog\u00eda autoinformes de maltrato por parte de los residentes. Esa revisi\u00f3n dio como resultado que la prevalencia estimada de los diferentes tipos de maltrato era la siguiente: maltrato psicol\u00f3gico (33,4%), f\u00edsico (14,1%), econ\u00f3mico (13,8%), negligencia (11,6%) y abuso sexual (1,9%). Una vez m\u00e1s, s\u00f3lo se denuncia una parte de los abusos.<\/p>\n<h2>Cu\u00e1ndo se puede responsabilizar a una residencia de ancianos de malos tratos<\/h2>\n<p>Hay varias situaciones en las que una residencia de ancianos puede ser considerada responsable de malos tratos. No s\u00f3lo eso, sino que tambi\u00e9n pueden ser declarados responsables de negligencia y abandono. He aqu\u00ed algunos comportamientos diferentes que pueden perjudicar a los residentes y dar lugar a una demanda civil contra un hogar de ancianos:<\/p>\n<ul>\n<li>Contrataci\u00f3n, formaci\u00f3n y supervisi\u00f3n negligente de los empleados<\/li>\n<li>Supervisi\u00f3n negligente de los residentes<\/li>\n<li>No mantener pol\u00edticas adecuadas de salud y seguridad<\/li>\n<li>Abandono de un residente No mantener el entorno seguro y libre de riesgos de accidente.<\/li>\n<\/ul>\n<p><img fetchpriority=\"high\" decoding=\"async\" class=\"alignnone wp-image-2793 size-full\" src=\"https:\/\/www.humbertoinjurylaw.com\/wp-content\/uploads\/2025\/02\/nursing-home-abuse-copy.webp\" alt=\"Nursing home abuse and neglect lawyers at Humberto Injury Law in Cumming Georgia advocating for elderly victims \" width=\"500\" height=\"334\" srcset=\"https:\/\/www.humbertoinjurylaw.com\/wp-content\/uploads\/2025\/02\/nursing-home-abuse-copy.webp 500w, https:\/\/www.humbertoinjurylaw.com\/wp-content\/uploads\/2025\/02\/nursing-home-abuse-copy-300x200.webp 300w\" sizes=\"(max-width: 500px) 100vw, 500px\" \/><\/p>\n<h2>\u00bfQu\u00e9 se considera negligencia en una residencia de ancianos?<\/h2>\n<p>La violencia f\u00edsica directa no siempre es necesaria para causar da\u00f1os f\u00edsicos graves. La negligencia puede hacer que la salud de un residente decaiga r\u00e1pidamente, a menudo provocando da\u00f1os permanentes o posiblemente la muerte. Incluso la falta de supervisi\u00f3n b\u00e1sica puede provocar un accidente mortal.<\/p>\n<p>La negligencia incluye, pero no se limita a, no proporcionar:<\/p>\n<ul>\n<li>Medicamentos<\/li>\n<li>Cuidados m\u00e9dicos<\/li>\n<li>Ropa de cama y de vestir limpia<\/li>\n<li>Ayuda para ir al ba\u00f1o<\/li>\n<li>Higiene<\/li>\n<li>Supervisi\u00f3n<\/li>\n<li>Hidrataci\u00f3n adecuada<\/li>\n<li>Alimentaci\u00f3n adecuada<\/li>\n<li>Protecci\u00f3n frente a riesgos de seguridad<\/li>\n<\/ul>\n<p>Por miedo o incapacidad, los residentes de residencias de ancianos rara vez denuncian la negligencia. Algunas v\u00edctimas ni siquiera reconocen su propio maltrato. A menudo depende de los seres queridos darse cuenta de los signos de negligencia y ponerse en contacto con un abogado cualificado.<\/p>\n<h2>\u00bfQu\u00e9 se considera maltrato en una residencia de ancianos?<\/h2>\n<p>La negligencia no es el \u00fanico tipo de maltrato que puede sufrir su ser querido durante su estancia en una residencia de ancianos. Mientras que algunas lesiones son causadas por incompetencia, mala atenci\u00f3n u otras causas no intencionadas, otros casos implican abuso directo e intencionado.<\/p>\n<p>El maltrato puede manifestarse de muchas formas, algunas de las m\u00e1s comunes incluyen:<\/p>\n<ul>\n<li>Maltrato mental o emocional<\/li>\n<li>Maltrato f\u00edsico<\/li>\n<li>Abuso sexual<\/li>\n<\/ul>\n<p>Aunque el maltrato directo puede ser causado por un \u00fanico cuidador que act\u00faa solo, a menudo se ve facilitado por la falta de supervisi\u00f3n adecuada o de pr\u00e1cticas de selecci\u00f3n del empleo.<\/p>\n<h2>\u00bfCu\u00e1l es el plazo de prescripci\u00f3n para presentar un caso de abuso en un hogar de ancianos?<\/h2>\n<p>La fecha l\u00edmite para presentar un caso de abuso en un hogar de ancianos var\u00eda seg\u00fan el estado. En Georgia, las demandas por abuso en asilos de ancianos deben ser presentadas antes de que expire el plazo de prescripci\u00f3n de dos a\u00f1os. Despu\u00e9s de eso, es poco probable que su demanda legal sea v\u00e1lida.<\/p>\n<p>Debe tener cuidado de no dejar pasar el plazo. En el tr\u00e1gico caso de que un residente de un hogar de ancianos fallezca debido a lesiones o negligencia antes de tener la oportunidad de presentar su demanda, puede convertirse en un caso de homicidio culposo.<\/p>\n<p>Los casos de homicidio culposo generalmente tienen un plazo de prescripci\u00f3n de dos a\u00f1os, aunque se aplican algunas excepciones.<\/p>\n<p><img decoding=\"async\" class=\"alignnone wp-image-2792 size-full\" src=\"https:\/\/www.humbertoinjurylaw.com\/wp-content\/uploads\/2025\/02\/nursing-home-abuse2-copy.webp\" alt=\"Common signs of elder abuse and neglect in a Georgia nursing home recognized by Humberto Injury Law\" width=\"500\" height=\"334\" srcset=\"https:\/\/www.humbertoinjurylaw.com\/wp-content\/uploads\/2025\/02\/nursing-home-abuse2-copy.webp 500w, https:\/\/www.humbertoinjurylaw.com\/wp-content\/uploads\/2025\/02\/nursing-home-abuse2-copy-300x200.webp 300w\" sizes=\"(max-width: 500px) 100vw, 500px\" \/><\/p>\n<h2>Signos comunes de maltrato o abandono de ancianos<\/h2>\n<p>Muchas v\u00edctimas de abuso y negligencia no pueden hablar por s\u00ed mismas. Por eso es importante que conozca los signos de maltrato y que denuncie la negligencia o el abuso en residencias de ancianos a un abogado con experiencia lo antes posible.<\/p>\n<p>Algunos signos comunes de abuso y negligencia incluyen:<\/p>\n<ul>\n<li>Depresi\u00f3n inusual o falta de inter\u00e9s en las actividades<\/li>\n<li>Retraimiento emocional repentino o agitaci\u00f3n<\/li>\n<li>Resbalones y ca\u00eddas, especialmente cuando se convierten en algo m\u00e1s que un incidente aislado<\/li>\n<li>Aparici\u00f3n de escaras<\/li>\n<li>Moratones y otras lesiones inexplicables<\/li>\n<li>P\u00e9rdida r\u00e1pida de peso<\/li>\n<li>Cuidadores incapaces de dar explicaciones adecuadas sobre el estado del paciente<\/li>\n<li>El personal sustituye la supervisi\u00f3n por medicamentos fuertes o sedantes<\/li>\n<\/ul>\n<h2>\u00bfCu\u00e1l es el acuerdo medio por negligencia en residencias de ancianos?<\/h2>\n<p>La mayor\u00eda de los casos de negligencia en hogares de ancianos se resuelven antes del juicio. La cantidad de dinero por la que se llega a un acuerdo depende de las caracter\u00edsticas espec\u00edficas de cada caso.<\/p>\n<p>No es raro que las v\u00edctimas de negligencia en residencias de ancianos y sus familias recuperen cinco o seis cifras por da\u00f1os y perjuicios. De hecho, un estudio de Health Affairs revel\u00f3 que la indemnizaci\u00f3n media entre las reclamaciones pagadas era de 406.000 d\u00f3lares. Las indemnizaciones por homicidio culposo en residencias de ancianos pueden ser mucho m\u00e1s elevadas debido a su gravedad.<\/p>\n<p>Tenga en cuenta que hay muchos factores que intervienen en el c\u00e1lculo de las indemnizaciones por abuso y negligencia en residencias de ancianos. No hay dos casos exactamente iguales. Usted puede aprender sobre el valor potencial de su caso durante una consulta con nuestros abogados con experiencia en Cumming.<\/p>\n<h2>\u00bfQu\u00e9 medidas inmediatas debe tomar si sospecha que su ser querido es v\u00edctima de negligencia o maltrato en un hogar de ancianos?<\/h2>\n<p>Hay varias cosas que debe hacer de inmediato si sospecha de malos tratos en una residencia de ancianos. Lo m\u00e1s importante es que se asegure de que su ser querido no corre un peligro inminente. Si sospecha que su vida corre peligro, proteja a su ser querido llamando a la polic\u00eda.<\/p>\n<p>Si no est\u00e1n en peligro urgente, hay otros m\u00e9todos que puede utilizar para denunciar los malos tratos. Nuestros abogados pueden ayudarle a ponerse en contacto con los recursos y organismos adecuados para su situaci\u00f3n. Algunos ejemplos son el defensor del pueblo de cuidados a largo plazo de nuestro estado o los servicios de protecci\u00f3n de adultos. No dude en programar una consulta gratuita en las Oficinas Legales de Humberto Izquierdo, Jr., PC.<\/p>\n<p><img decoding=\"async\" class=\"alignnone wp-image-2791 size-full\" src=\"https:\/\/www.humbertoinjurylaw.com\/wp-content\/uploads\/2025\/02\/nursing-home-abuse3-copy.webp\" alt=\"Attorney at Humberto Injury Law reviewing evidence to prove nursing home neglect in Georgia \" width=\"500\" height=\"334\" srcset=\"https:\/\/www.humbertoinjurylaw.com\/wp-content\/uploads\/2025\/02\/nursing-home-abuse3-copy.webp 500w, https:\/\/www.humbertoinjurylaw.com\/wp-content\/uploads\/2025\/02\/nursing-home-abuse3-copy-300x200.webp 300w\" sizes=\"(max-width: 500px) 100vw, 500px\" \/><\/p>\n<h2>C\u00f3mo probar la negligencia en residencias de ancianos con su abogado<\/h2>\n<p>Si va a demandar a una residencia de ancianos por negligencia, tendr\u00e1 que demostrar varios elementos. Estos elementos incluyen que el propietario o los empleados de la residencia incumplieron la obligaci\u00f3n de cuidar a su ser querido, que su ser querido sufri\u00f3 da\u00f1os debido a este incumplimiento y que la conducta del propietario o de los empleados de la residencia caus\u00f3 el da\u00f1o.<\/p>\n<p>Puede facilitar este proceso reuniendo pruebas que respalden su reclamaci\u00f3n. Las pruebas pueden incluir fotos de las lesiones de su ser querido, declaraciones del personal de la residencia o de otros residentes, declaraciones de los proveedores m\u00e9dicos de la v\u00edctima o documentaci\u00f3n de las finanzas de la v\u00edctima (en caso de explotaci\u00f3n financiera).<\/p>\n<p>Mientras tanto, nuestros abogados tambi\u00e9n trabajar\u00e1n para probar su reclamaci\u00f3n de negligencia en residencias de ancianos. Esto puede incluir encontrar a alguien que ofrezca testimonio m\u00e9dico experto, demostrando que se produjo un incumplimiento de contrato, y demostrando que el hogar de ancianos no cumpl\u00eda con las <a href=\"https:\/\/rules.sos.ga.gov\/gac\/111-8-50\" target=\"_blank\" rel=\"noopener noreferrer\">normas m\u00ednimas de atenci\u00f3n establecidas por la Carta de Derechos de los Residentes de Georgia<\/a>.<\/p>\n<p>Estamos familiarizados con todos los estatutos y reglamentos en Georgia que pueden ser relevantes para su caso.<\/p>\n<h2>Testimonios de Clientes<\/h2>\n<blockquote><p>\u00abCiertamente dir\u00e9 que estos Abogados son profesionales de pura cepa, su seriedad es de primera. Ellos me han representado dos veces y fue una doble victoria para m\u00ed. Su experiencia e integridad no est\u00e1n en duda. Fue una experiencia maravillosa con ellos\u00bb.<\/p><\/blockquote>\n<h2>\u00bfCu\u00e1nto dura un caso de negligencia en un hogar de ancianos?<\/h2>\n<p>Los acuerdos por negligencia en hogares de ancianos a menudo se pueden alcanzar en unos pocos meses. Sin embargo, no siempre sucede tan r\u00e1pido. Hay varios factores que pueden retrasar el proceso de negociaci\u00f3n de un acuerdo en un caso de negligencia en un hogar de ancianos.<\/p>\n<p>Si no se puede llegar a un acuerdo justo y razonable, puede que lo mejor para usted sea llevar el caso a juicio. Pueden pasar varios a\u00f1os antes de que una demanda contra una residencia de ancianos llegue a veredicto. Con esto en mente, la justicia y la compensaci\u00f3n obtenida en un resultado exitoso a menudo valen la pena la espera.<\/p>\n<h2>\u00bfSometer\u00e9 a mi ser querido a m\u00e1s abusos o negligencias si me quejo?<\/h2>\n<p>Esta es una preocupaci\u00f3n com\u00fan entre las personas que han encontrado pruebas de que su familiar est\u00e1 siendo maltratado mientras reside en una residencia de ancianos. Afortunadamente, todos los estados cuentan con un sistema para denunciar los casos de maltrato, negligencia y explotaci\u00f3n de ancianos.<\/p>\n<p>En virtud de este sistema, los servicios de protecci\u00f3n de adultos pueden intervenir y trabajar para evitar que los problemas se repitan. Nuestros abogados pueden proporcionarle m\u00e1s detalles sobre c\u00f3mo funciona este proceso.<\/p>\n<p>Si cree que su ser querido est\u00e1 en peligro inminente, debe sacarlo del centro lo antes posible. P\u00f3ngase en contacto con las autoridades locales o con los servicios de protecci\u00f3n de adultos para obtener ayuda.<\/p>\n<p>\u00bfEl maltrato en residencias de ancianos se ocupa del maltrato y la negligencia en residencias asistidas?<\/p>\n<p>El maltrato y abandono de ancianos en residencias asistidas es un problema muy extendido. Sin embargo, las normas estatales para denunciar e investigar el maltrato de ancianos en residencias asistidas suelen ser m\u00e1s d\u00e9biles que las normas federales que existen para las residencias de ancianos.<\/p>\n<p>Si sospecha que su ser querido est\u00e1 siendo maltratado durante su estancia en un centro de vida asistida, es importante denunciarlo, tomar medidas para garantizar su seguridad y ponerse en contacto con nuestros abogados para conocer sus posibles recursos legales.<\/p>\n<p>Es posible que pueda obtener una indemnizaci\u00f3n y ayudar a proteger a otros residentes del centro de futuros da\u00f1os.<\/p>\n<p><img loading=\"lazy\" decoding=\"async\" class=\"alignnone wp-image-2790 size-full\" src=\"https:\/\/www.humbertoinjurylaw.com\/wp-content\/uploads\/2025\/02\/nursing-home-abuse4-copy.webp\" alt=\"Elderly client consulting with nursing home abuse attorneys at Humberto Injury Law in Cumming Georgia\" width=\"500\" height=\"334\" srcset=\"https:\/\/www.humbertoinjurylaw.com\/wp-content\/uploads\/2025\/02\/nursing-home-abuse4-copy.webp 500w, https:\/\/www.humbertoinjurylaw.com\/wp-content\/uploads\/2025\/02\/nursing-home-abuse4-copy-300x200.webp 300w\" sizes=\"(max-width: 500px) 100vw, 500px\" \/><\/p>\n<h2>Cu\u00e1ndo contactar a un abogado si sospecha de abuso en un hogar de ancianos<\/h2>\n<p>Probar el abuso en un hogar de ancianos puede ser muy sensible al tiempo. Por esa raz\u00f3n, usted debe ponerse en contacto con un abogado tan pronto como usted sospecha que su ser querido ha sufrido abusos en un hogar de ancianos.<\/p>\n<p>Nuestros experimentados abogados saben c\u00f3mo recopilar pruebas, como fotograf\u00edas y testimonios de testigos. Tambi\u00e9n estamos familiarizados con los derechos de su ser querido como residente de un hogar de ancianos. Nuestros abogados trabajar\u00e1n para asegurar que esos derechos sean protegidos mientras buscan compensaci\u00f3n por sus da\u00f1os.<\/p>\n<h2>Programe su consulta gratuita sobre abuso o negligencia en hogares de ancianos<\/h2>\n<p>Los casos de abuso de ancianos son incre\u00edblemente personales y emocionalmente dif\u00edciles. Usted necesita un abogado calificado que pueda brindarle compasi\u00f3n y diligencia. Cuando se comunique con <a href=\"https:\/\/www.humbertoinjurylaw.com\/es\/\">las Oficinas Legales de Humberto Izquierdo, Jr., PC<\/a>, usted recibir\u00e1 la atenci\u00f3n personalizada que su caso merece.<\/p>\n<p>Nuestros abogados trabajan en una estructura de honorarios basada en la contingencia, lo que significa que a menos que su caso tenga \u00e9xito, usted no nos debe nada.<\/p>\n<p>Si usted o un ser querido ha sido lesionado mientras estaba bajo el cuidado de un hogar de ancianos en Cumming, Atlanta o Marietta, Georgia, por favor <a href=\"https:\/\/www.humbertoinjurylaw.com\/es\/contacto\/\">p\u00f3ngase en contacto con nosotros hoy en l\u00ednea<\/a> o al <a href=\"tel:+17708888901\"><i class=\"fa fa-phone-alt\"><\/i>(770) 888-8901<\/a> para discutir su caso de forma gratuita. Todo nuestro personal biling\u00fce de habla hispana est\u00e1 listo para ayudarle.<\/p>\n","protected":false},"excerpt":{"rendered":"<p>\u00bfSu Ser Querido Sufri\u00f3 Abuso o Negligencia en un Hogar de Ancianos en Georgia? Consulta Gratuita Cuando nuestros seres queridos ingresan en una residencia de ancianos, a menudo se encuentran en su estado m\u00e1s vulnerable y requieren cuidados compasivos y atentos. Por desgracia, con demasiada frecuencia, muchos hogares de ancianos no proporcionan un nivel adecuado [&hellip;]<\/p>\n","protected":false},"author":22,"featured_media":0,"parent":3490,"menu_order":0,"comment_status":"closed","ping_status":"closed","template":"","meta":{"_acf_changed":false,"anchor_text":"","footnotes":""},"class_list":["post-3525","page","type-page","status-publish","hentry"],"acf":[],"_links":{"self":[{"href":"https:\/\/www.humbertoinjurylaw.com\/es\/wp-json\/wp\/v2\/pages\/3525","targetHints":{"allow":["GET"]}}],"collection":[{"href":"https:\/\/www.humbertoinjurylaw.com\/es\/wp-json\/wp\/v2\/pages"}],"about":[{"href":"https:\/\/www.humbertoinjurylaw.com\/es\/wp-json\/wp\/v2\/types\/page"}],"author":[{"embeddable":true,"href":"https:\/\/www.humbertoinjurylaw.com\/es\/wp-json\/wp\/v2\/users\/22"}],"replies":[{"embeddable":true,"href":"https:\/\/www.humbertoinjurylaw.com\/es\/wp-json\/wp\/v2\/comments?post=3525"}],"version-history":[{"count":7,"href":"https:\/\/www.humbertoinjurylaw.com\/es\/wp-json\/wp\/v2\/pages\/3525\/revisions"}],"predecessor-version":[{"id":10790,"href":"https:\/\/www.humbertoinjurylaw.com\/es\/wp-json\/wp\/v2\/pages\/3525\/revisions\/10790"}],"up":[{"embeddable":true,"href":"https:\/\/www.humbertoinjurylaw.com\/es\/wp-json\/wp\/v2\/pages\/3490"}],"wp:attachment":[{"href":"https:\/\/www.humbertoinjurylaw.com\/es\/wp-json\/wp\/v2\/media?parent=3525"}],"curies":[{"name":"wp","href":"https:\/\/api.w.org\/{rel}","templated":true}]}}