{"id":3532,"date":"2025-02-19T10:09:34","date_gmt":"2025-02-19T15:09:34","guid":{"rendered":"https:\/\/www.humbertoinjurylaw.com\/cumming\/abogados-de-lesiones-medulares-en-cumming\/"},"modified":"2026-03-11T11:26:20","modified_gmt":"2026-03-11T15:26:20","slug":"abogados-de-lesiones-medulares-en-cumming","status":"publish","type":"page","link":"https:\/\/www.humbertoinjurylaw.com\/es\/cumming\/abogados-de-lesiones-medulares-en-cumming\/","title":{"rendered":"Abogados de lesiones medulares en Cumming"},"content":{"rendered":"<h2>\u00bfSufri\u00f3 una Lesi\u00f3n de M\u00e9dula Espinal en Georgia? Consulta Gratuita \u2014 Sin Honorarios Hasta Ganar<\/h2>\n<p>La m\u00e9dula espinal controla funciones corporales cr\u00edticas, como el movimiento y la movilidad. El da\u00f1o a la columna vertebral puede causar una lesi\u00f3n catastr\u00f3fica, dejando devastadora, incluso de por vida dificultades para la v\u00edctima y los que dependen de su capacidad para ganarse la vida.<\/p>\n<p>Si usted o un ser querido ha sufrido una lesi\u00f3n de la m\u00e9dula espinal en un accidente causado por las acciones descuidadas o imprudentes de otra persona, por favor p\u00f3ngase en contacto con las Oficinas Legales de Humberto Izquierdo, Jr., PC hoy llamando al [tel\u00e9fono] o completando el formulario en esta p\u00e1gina para programar una consulta gratuita. Nuestros experimentados abogados trabajan en base a honorarios de contingencia, lo que significa que usted nunca tendr\u00e1 que pagarnos a menos que ganemos su caso.<\/p>\n<h2>\u00bfQu\u00e9 es una lesi\u00f3n medular?<\/h2>\n<p>La m\u00e9dula espinal est\u00e1 formada por una intrincada red de tejido nervioso que act\u00faa como principal v\u00eda neuronal para las se\u00f1ales hacia y desde el cerebro. Es responsable de enviar informaci\u00f3n sensorial al cerebro, transmitir instrucciones motoras del cerebro a los m\u00fasculos y desencadenar varios reflejos involuntarios.<\/p>\n<p>Una lesi\u00f3n medular (LME) implica da\u00f1os en cualquier parte de la m\u00e9dula espinal. La naturaleza de la lesi\u00f3n asociada depende de la localizaci\u00f3n espec\u00edfica de la lesi\u00f3n y se clasifica seg\u00fan su gravedad.<\/p>\n<p>Las lesiones medulares se clasifican en completas o incompletas:<\/p>\n<ul>\n<li><strong>LME completa<\/strong>: lesi\u00f3n en la que la v\u00edctima pierde la capacidad de moverse voluntariamente y no tiene sensibilidad en las zonas afectadas. Puede incluir todas las zonas por debajo de la zona da\u00f1ada o un lado del cuerpo.<\/li>\n<li><strong>LME incompleta<\/strong>: lesi\u00f3n en la que la v\u00edctima experimenta una disminuci\u00f3n de la capacidad de sentir y moverse, pero no sufre una p\u00e9rdida completa de sensibilidad y movilidad.<\/li>\n<\/ul>\n<p>Estas lesiones tambi\u00e9n pueden clasificarse en funci\u00f3n de la par\u00e1lisis espec\u00edfica que las acompa\u00f1a. La tetraplejia afecta a todas las partes del cuerpo por debajo del cuello, mientras que la paraplejia afecta a la parte inferior del cuerpo, incluido el tronco. Estos tipos de lesiones requieren a\u00f1os de terapia y rehabilitaci\u00f3n.<\/p>\n<p><img fetchpriority=\"high\" decoding=\"async\" class=\"alignnone wp-image-2745 size-full\" src=\"https:\/\/www.humbertoinjurylaw.com\/wp-content\/uploads\/2025\/02\/spinal-cord2-copy.webp\" alt=\"Common causes of spinal cord injuries including car accidents and workplace incidents in Georgia\" width=\"500\" height=\"334\" srcset=\"https:\/\/www.humbertoinjurylaw.com\/wp-content\/uploads\/2025\/02\/spinal-cord2-copy.webp 500w, https:\/\/www.humbertoinjurylaw.com\/wp-content\/uploads\/2025\/02\/spinal-cord2-copy-300x200.webp 300w\" sizes=\"(max-width: 500px) 100vw, 500px\" \/><\/p>\n<h2>\u00bfCu\u00e1les son las causas de las lesiones medulares?<\/h2>\n<p>La m\u00e9dula espinal puede lesionarse de varias formas, pero las causas m\u00e1s comunes son las siguientes:<\/p>\n<ul>\n<li>Accidentes de coche<\/li>\n<li>Accidentes de moto<\/li>\n<li>Accidentes de cami\u00f3n<\/li>\n<li>Accidentes por resbalones y ca\u00eddas<\/li>\n<li>Accidentes laborales<\/li>\n<\/ul>\n<h2>\u00bfCu\u00e1les son los s\u00edntomas inmediatos de una lesi\u00f3n medular?<\/h2>\n<p>Aunque muchas lesiones medulares producen s\u00edntomas inmediatos, puede haber un retraso entre la lesi\u00f3n y la p\u00e9rdida de funci\u00f3n. Por ello, es muy importante buscar atenci\u00f3n m\u00e9dica inmediatamente despu\u00e9s de un accidente en el que se haya podido lesionar la columna vertebral. Seg\u00fan la <a href=\"https:\/\/www.mayoclinic.org\/es\/diseases-conditions\/spinal-cord-injury\/symptoms-causes\/syc-20377890\" target=\"_blank\" rel=\"noopener noreferrer\">Mayo Clinic<\/a>, las lesiones de la columna vertebral pueden tratarse con tracci\u00f3n si se detectan antes de que aparezcan los s\u00edntomas.<\/p>\n<p>Algunos s\u00edntomas de una lesi\u00f3n medular que pueden indicar una urgencia inmediatamente despu\u00e9s de un accidente incluyen:<\/p>\n<ul>\n<li>Dificultades respiratorias<\/li>\n<li>Dificultades para caminar, mantenerse de pie o mantener el equilibrio<\/li>\n<li>Presi\u00f3n en la cabeza, el cuello o la espalda<\/li>\n<li>Dolor de espalda importante<\/li>\n<li>Entumecimiento o p\u00e9rdida de sensibilidad en dedos de manos, pies o manos.<\/li>\n<li>Par\u00e1lisis<\/li>\n<\/ul>\n<h2>Efectos a largo plazo de las lesiones medulares<\/h2>\n<p>Aunque la m\u00e9dula espinal est\u00e1 protegida por las v\u00e9rtebras de la columna vertebral, una fuerza violenta puede impactar contra ella y lesionar la m\u00e9dula espinal. Esto puede da\u00f1ar o seccionar nervios cr\u00edticos y afectar a su sistema nervioso central y a sus capacidades f\u00edsicas.<\/p>\n<p>Por lo general, la mayor p\u00e9rdida de funciones est\u00e1 relacionada con la altura a la que se produce la lesi\u00f3n en la columna vertebral. Dependiendo de factores como la localizaci\u00f3n de la lesi\u00f3n y la gravedad del da\u00f1o, las lesiones medulares pueden provocar:<\/p>\n<ul>\n<li>Par\u00e1lisis<\/li>\n<li>Tetraplejia<\/li>\n<li>Paraplej\u00eda<\/li>\n<li>P\u00e9rdida del control de la vejiga y\/o los intestinos<\/li>\n<li>Problemas respiratorios<\/li>\n<li>P\u00e9rdida parcial o total de la funci\u00f3n de las extremidades<\/li>\n<li>Disfunci\u00f3n sexual<\/li>\n<li>\u00dalceras por presi\u00f3n<\/li>\n<li>Infecciones<\/li>\n<li>Espasmos musculares<\/li>\n<li>Entumecimiento<\/li>\n<\/ul>\n<p><a href=\"https:\/\/www.humbertoinjurylaw.com\/wp-content\/uploads\/2025\/02\/SCI-costs-copy.webp\"><img decoding=\"async\" class=\"alignnone size-full wp-image-2750\" src=\"https:\/\/www.humbertoinjurylaw.com\/wp-content\/uploads\/2025\/02\/SCI-costs-copy.webp\" alt=\"Spinal Cord Injury Costs\" width=\"750\" height=\"1930\" srcset=\"https:\/\/www.humbertoinjurylaw.com\/wp-content\/uploads\/2025\/02\/SCI-costs-copy.webp 750w, https:\/\/www.humbertoinjurylaw.com\/wp-content\/uploads\/2025\/02\/SCI-costs-copy-117x300.webp 117w, https:\/\/www.humbertoinjurylaw.com\/wp-content\/uploads\/2025\/02\/SCI-costs-copy-398x1024.webp 398w, https:\/\/www.humbertoinjurylaw.com\/wp-content\/uploads\/2025\/02\/SCI-costs-copy-597x1536.webp 597w\" sizes=\"(max-width: 750px) 100vw, 750px\" \/><\/a><\/p>\n<h2>Indemnizaci\u00f3n por lesiones medulares<\/h2>\n<p>Una lesi\u00f3n medular puede cambiar su vida para siempre. Muchas de estas tr\u00e1gicas lesiones son permanentes y requieren toda una vida de costosos cuidados m\u00e9dicos y p\u00e9rdida total de ingresos. Si usted o un ser querido ha sufrido una lesi\u00f3n medular debido a las acciones negligentes de alguien, podr\u00eda tener derecho a una indemnizaci\u00f3n por:<\/p>\n<ul>\n<li>Facturas m\u00e9dicas actuales y futuras<\/li>\n<li>P\u00e9rdida de ingresos actual y futura<\/li>\n<li>Dolor y sufrimiento<\/li>\n<li>Cuidados a largo plazo<\/li>\n<\/ul>\n<h2>\u00bfCu\u00e1nto vale una demanda por lesi\u00f3n medular?<\/h2>\n<p>El valor de cualquier demanda por lesiones personales depende en gran medida de la gravedad de la lesi\u00f3n. Cuando se trata de demandas por lesiones de la m\u00e9dula espinal, no es raro recuperar una suma de siete cifras con la ayuda de un abogado experto. Esto se debe a que estas lesiones suelen ser incre\u00edblemente graves y pueden provocar una discapacidad de por vida. Calcular el valor de su demanda por lesi\u00f3n medular debe ser un proceso meticuloso. Deber\u00e1 tener en cuenta todos los costes pasados, presentes y futuros asociados a sus lesiones. Trabaje con nuestros abogados para asegurarse de recibir la indemnizaci\u00f3n que necesita.<\/p>\n<h2>\u00bfCu\u00e1nto tiempo despu\u00e9s de una lesi\u00f3n medular puedo presentar una demanda?<\/h2>\n<p>Si sufri\u00f3 una lesi\u00f3n medular debido a la negligencia de otra persona, es fundamental que presente su demanda dentro del plazo de prescripci\u00f3n. Este t\u00e9rmino se refiere al plazo en el que se le permite emprender acciones legales contra la parte culpable. En Georgia, el estatuto de limitaciones en la mayor\u00eda de las demandas por lesiones personales es de dos a\u00f1os. Ese es el tiempo que tiene antes de perder su derecho a pedir a un tribunal que le conceda una indemnizaci\u00f3n. Hable con nuestros abogados de inmediato para saber si todav\u00eda hay tiempo para presentar su demanda por lesiones en la espalda.<\/p>\n<h2>\u00bfQu\u00e9 pasa si yo tambi\u00e9n tuve la culpa del accidente que caus\u00f3 mi lesi\u00f3n medular?<\/h2>\n<p>Georgia sigue la regla de negligencia comparativa modificada en casos de lesiones personales. Esto significa que usted puede recibir una indemnizaci\u00f3n aunque tambi\u00e9n haya sido culpable del accidente que le caus\u00f3 la lesi\u00f3n. Sin embargo, la trampa es que usted debe haber sido menos del 50% responsable. Su indemnizaci\u00f3n tambi\u00e9n se reducir\u00e1 en proporci\u00f3n a su culpa.<\/p>\n<h2>\u00bfEs importante investigar r\u00e1pidamente un accidente que provoca una lesi\u00f3n medular?<\/h2>\n<p>Pocas cosas son m\u00e1s cruciales que llevar a cabo una investigaci\u00f3n r\u00e1pida del accidente que le caus\u00f3 la lesi\u00f3n medular. Hacerlo es una de las mejores formas de proteger su derecho a una indemnizaci\u00f3n y de hacer que las partes responsables rindan cuentas. Esperar nunca es una buena idea porque pueden perderse pruebas clave. Nuestros abogados suelen trabajar con una red de profesionales para investigar los accidentes y fundamentar las reclamaciones de nuestros clientes. P\u00f3ngase en contacto con nosotros de inmediato para que podamos investigar su accidente con lesi\u00f3n medular.<\/p>\n<p><img decoding=\"async\" class=\"alignnone wp-image-2746 size-full\" src=\"https:\/\/www.humbertoinjurylaw.com\/wp-content\/uploads\/2025\/02\/spinal-cord1-copy.webp\" alt=\"Spinal cord injury lawyer at Humberto Injury Law in Cumming Georgia meeting with an injured client\" width=\"500\" height=\"334\" srcset=\"https:\/\/www.humbertoinjurylaw.com\/wp-content\/uploads\/2025\/02\/spinal-cord1-copy.webp 500w, https:\/\/www.humbertoinjurylaw.com\/wp-content\/uploads\/2025\/02\/spinal-cord1-copy-300x200.webp 300w\" sizes=\"(max-width: 500px) 100vw, 500px\" \/><\/p>\n<h2>\u00bfC\u00f3mo funciona el proceso de una demanda por lesi\u00f3n medular?<\/h2>\n<p>La mayor\u00eda de las demandas por lesiones medulares se resuelven sin llegar a juicio. Nuestros abogados trabajar\u00e1n para llegar a un acuerdo satisfactorio con el demandado o la compa\u00f1\u00eda de seguros. Si las conversaciones para llegar a un acuerdo fracasan, contamos con la experiencia necesaria para presentar una demanda por lesi\u00f3n medular en su nombre. Las demandas generalmente siguen un calendario est\u00e1ndar que incluye:<\/p>\n<ul>\n<li>Entrega de la citaci\u00f3n y la demanda<\/li>\n<li>Esperar a que el demandado responda a la demanda<\/li>\n<li>Intercambio de informaci\u00f3n durante un proceso llamado descubrimiento<\/li>\n<li>Llevar el caso a juicio para llegar a una sentencia<\/li>\n<\/ul>\n<p>Si usted gana, usted puede proceder a cobrar la sentencia de dinero que se le concedi\u00f3. Nuestros abogados de Atlanta pueden proporcionar m\u00e1s informaci\u00f3n sobre lo que puede esperar de su demanda por lesi\u00f3n de la m\u00e9dula espinal.<\/p>\n<p><img loading=\"lazy\" decoding=\"async\" class=\"alignnone wp-image-2744 size-full\" src=\"https:\/\/www.humbertoinjurylaw.com\/wp-content\/uploads\/2025\/02\/spinal-cord3-copy.webp\" alt=\"Person suffering from a spinal cord injury consulting with Humberto Injury Law attorneys in Georgia\" width=\"500\" height=\"334\" srcset=\"https:\/\/www.humbertoinjurylaw.com\/wp-content\/uploads\/2025\/02\/spinal-cord3-copy.webp 500w, https:\/\/www.humbertoinjurylaw.com\/wp-content\/uploads\/2025\/02\/spinal-cord3-copy-300x200.webp 300w\" sizes=\"(max-width: 500px) 100vw, 500px\" \/><\/p>\n<h2>Testimonios de Clientes:<\/h2>\n<blockquote><p>\u00abCiertamente dir\u00e9 que estos Abogados son profesionales minuciosos, su seriedad es de primera. Ellos me han representado dos veces y fue una doble victoria para m\u00ed. Su experiencia e integridad no est\u00e1n en duda. Fue una experiencia maravillosa con ellos\u00bb. &#8211; E.S.<\/p>\n<p>\u00a1\u00a1\u00a1\u00bbEl abogado Humberto Izquierdo fue m\u00e1s all\u00e1 de mis expectativas!!! \u00a1\u00c9l realmente da el 110% para sus clientes! Estoy muy agradecida por sus servicios y gestos amables. Respondi\u00f3 a todas las preguntas, mensajes de texto y llamadas telef\u00f3nicas de manera oportuna. Aprecio todo lo que hizo por mi hijo y por mi\u00bb. &#8211; E.C.<\/p>\n<p>\u00ab\u00a1Incre\u00edble bufete de abogados! Muy servicial, y le guiar\u00e1 a trav\u00e9s de todo el proceso de su caso. Si tuviera que elegir entre un bufete de abogados de nuevo sin duda ser\u00eda Humberto Izquierdo \u00ab. &#8211; T.J.<\/p><\/blockquote>\n<h2>Programe hoy mismo su consulta legal gratuita<\/h2>\n<p>Si usted est\u00e1 sufriendo las consecuencias de una lesi\u00f3n de la m\u00e9dula espinal, es esencial para obtener asesoramiento jur\u00eddico profesional inmediata de un abogado con experiencia. Para comenzar a construir su caso de inmediato, por favor llame a <a href=\"https:\/\/www.humbertoinjurylaw.com\/es\/\">las Oficinas Legales de Humberto Izquierdo, Jr., PC<\/a> en <a href=\"tel:+17708888901\"><i class=\"fa fa-phone-alt\"><\/i>(770) 888-8901<\/a>. Estamos orgullosos de <a href=\"https:\/\/www.humbertoinjurylaw.com\/es\/contacto\/\">ayudar a las v\u00edctimas de lesiones de Cumming, Atlanta y Marietta, Georgia<\/a>.<\/p>\n","protected":false},"excerpt":{"rendered":"<p>\u00bfSufri\u00f3 una Lesi\u00f3n de M\u00e9dula Espinal en Georgia? Consulta Gratuita \u2014 Sin Honorarios Hasta Ganar La m\u00e9dula espinal controla funciones corporales cr\u00edticas, como el movimiento y la movilidad. El da\u00f1o a la columna vertebral puede causar una lesi\u00f3n catastr\u00f3fica, dejando devastadora, incluso de por vida dificultades para la v\u00edctima y los que dependen de su [&hellip;]<\/p>\n","protected":false},"author":22,"featured_media":0,"parent":3490,"menu_order":0,"comment_status":"closed","ping_status":"closed","template":"","meta":{"_acf_changed":false,"anchor_text":"","footnotes":""},"class_list":["post-3532","page","type-page","status-publish","hentry"],"acf":[],"_links":{"self":[{"href":"https:\/\/www.humbertoinjurylaw.com\/es\/wp-json\/wp\/v2\/pages\/3532","targetHints":{"allow":["GET"]}}],"collection":[{"href":"https:\/\/www.humbertoinjurylaw.com\/es\/wp-json\/wp\/v2\/pages"}],"about":[{"href":"https:\/\/www.humbertoinjurylaw.com\/es\/wp-json\/wp\/v2\/types\/page"}],"author":[{"embeddable":true,"href":"https:\/\/www.humbertoinjurylaw.com\/es\/wp-json\/wp\/v2\/users\/22"}],"replies":[{"embeddable":true,"href":"https:\/\/www.humbertoinjurylaw.com\/es\/wp-json\/wp\/v2\/comments?post=3532"}],"version-history":[{"count":5,"href":"https:\/\/www.humbertoinjurylaw.com\/es\/wp-json\/wp\/v2\/pages\/3532\/revisions"}],"predecessor-version":[{"id":10780,"href":"https:\/\/www.humbertoinjurylaw.com\/es\/wp-json\/wp\/v2\/pages\/3532\/revisions\/10780"}],"up":[{"embeddable":true,"href":"https:\/\/www.humbertoinjurylaw.com\/es\/wp-json\/wp\/v2\/pages\/3490"}],"wp:attachment":[{"href":"https:\/\/www.humbertoinjurylaw.com\/es\/wp-json\/wp\/v2\/media?parent=3532"}],"curies":[{"name":"wp","href":"https:\/\/api.w.org\/{rel}","templated":true}]}}