{"id":3535,"date":"2025-02-19T09:19:05","date_gmt":"2025-02-19T14:19:05","guid":{"rendered":"https:\/\/www.humbertoinjurylaw.com\/cumming\/cumming-abogados-de-lesiones-cerebrales-traumaticas\/"},"modified":"2026-03-11T11:32:24","modified_gmt":"2026-03-11T15:32:24","slug":"cumming-abogados-de-lesiones-cerebrales-traumaticas","status":"publish","type":"page","link":"https:\/\/www.humbertoinjurylaw.com\/es\/cumming\/cumming-abogados-de-lesiones-cerebrales-traumaticas\/","title":{"rendered":"Cumming Abogados de lesiones cerebrales traum\u00e1ticas"},"content":{"rendered":"<h2>\u00bfSufri\u00f3 una Lesi\u00f3n Cerebral Traum\u00e1tica en Georgia? Consulta Gratuita \u2014 Sin Honorarios Hasta Ganar<\/h2>\n<p>Una lesi\u00f3n cerebral traum\u00e1tica tiene efectos adversos inmediatos y, en ciertos casos, permanentes en las funciones cognitivas, f\u00edsicas y psicosociales. En casos graves, las v\u00edctimas pueden experimentar un estado de consciencia disminuido o vegetativo. Estas lesiones catastr\u00f3ficas tambi\u00e9n pueden amenazar el bienestar de su familia, ya que las facturas m\u00e9dicas se acumulan y usted no puede ganarse la vida.<\/p>\n<p>Si usted necesita un abogado con experiencia en lesiones cerebrales en las \u00e1reas de Cumming, Atlanta o Marietta de Georgia, por favor p\u00f3ngase en contacto con las Oficinas Legales de Humberto Izquierdo, Jr., PC hoy en l\u00ednea o al <a href=\"tel:+17708888901\"><i class=\"fa fa-phone-alt\"><\/i>(770) 888-8901<\/a> para programar una consulta gratuita y sin compromiso. Trabajamos en base a honorarios de contingencia, lo que significa que a menos que ganemos su caso, usted no nos debe nada.<\/p>\n<h2>\u00bfQu\u00e9 es una lesi\u00f3n cerebral traum\u00e1tica?<\/h2>\n<p>Por traumatismo craneoencef\u00e1lico (TCE) se entiende cualquier lesi\u00f3n en la cabeza que cause da\u00f1os en el cerebro. Los traumatismos cerebrales pueden incluir conmociones cerebrales graves y da\u00f1os cerebrales permanentes. Las lesiones cerebrales traum\u00e1ticas no siempre provocan una p\u00e9rdida de conciencia; de hecho, a menudo pasan desapercibidas durante meses.<\/p>\n<p>Si ha sufrido un accidente que puede haberle lesionado el cerebro, es fundamental que busque atenci\u00f3n m\u00e9dica inmediatamente. Muchas veces, las v\u00edctimas se lesionan la cabeza y simplemente se alejan pensando que est\u00e1n bien, s\u00f3lo para sufrir consecuencias graves y a veces fatales en el futuro.<\/p>\n<p>En algunos casos, una persona puede sufrir lo que se conoce como politraumatismo. Esto ocurre cuando alguien sufre m\u00faltiples lesiones en diferentes partes del cuerpo al mismo tiempo. Se da\u00f1an distintos sistemas y \u00f3rganos corporales, como lesiones internas en el t\u00f3rax o el abdomen, fracturas y traumatismos craneoencef\u00e1licos. La lesi\u00f3n es cada vez m\u00e1s grave a medida que m\u00e1s sistemas corporales sufren el traumatismo.<\/p>\n<p><img fetchpriority=\"high\" decoding=\"async\" class=\"alignnone wp-image-2706 size-full\" src=\"https:\/\/www.humbertoinjurylaw.com\/wp-content\/uploads\/2025\/02\/traumatic-brain-injury-tbi.webp\" alt=\"Patient recovering from a traumatic brain injury in Georgia with legal support from Humberto Injury Law \" width=\"500\" height=\"500\" srcset=\"https:\/\/www.humbertoinjurylaw.com\/wp-content\/uploads\/2025\/02\/traumatic-brain-injury-tbi.webp 500w, https:\/\/www.humbertoinjurylaw.com\/wp-content\/uploads\/2025\/02\/traumatic-brain-injury-tbi-300x300.webp 300w, https:\/\/www.humbertoinjurylaw.com\/wp-content\/uploads\/2025\/02\/traumatic-brain-injury-tbi-150x150.webp 150w\" sizes=\"(max-width: 500px) 100vw, 500px\" \/><\/p>\n<h2>Causas de las lesiones cerebrales traum\u00e1ticas<\/h2>\n<p>Una lesi\u00f3n cerebral puede producirse en cualquier momento que se golpee la cabeza. Hay una serie de accidentes que pueden resultar en una lesi\u00f3n cerebral, incluyendo:<\/p>\n<ul>\n<li>Accidentes por resbalones y ca\u00eddas<\/li>\n<li>Accidentes de coche<\/li>\n<li>Accidentes de cami\u00f3n<\/li>\n<li>Accidentes de motocicleta<\/li>\n<li>Accidentes laborales<\/li>\n<\/ul>\n<p><a href=\"https:\/\/www.humbertoinjurylaw.com\/wp-content\/uploads\/2025\/02\/traumatic-brain-injury-copy.webp\"><img decoding=\"async\" class=\"alignnone size-full wp-image-2705\" src=\"https:\/\/www.humbertoinjurylaw.com\/wp-content\/uploads\/2025\/02\/traumatic-brain-injury-copy.webp\" alt=\"Traumatic Brain Injury is one of the most devastating injuries a person can sustain\" width=\"800\" height=\"2000\" srcset=\"https:\/\/www.humbertoinjurylaw.com\/wp-content\/uploads\/2025\/02\/traumatic-brain-injury-copy.webp 800w, https:\/\/www.humbertoinjurylaw.com\/wp-content\/uploads\/2025\/02\/traumatic-brain-injury-copy-120x300.webp 120w, https:\/\/www.humbertoinjurylaw.com\/wp-content\/uploads\/2025\/02\/traumatic-brain-injury-copy-410x1024.webp 410w, https:\/\/www.humbertoinjurylaw.com\/wp-content\/uploads\/2025\/02\/traumatic-brain-injury-copy-768x1920.webp 768w, https:\/\/www.humbertoinjurylaw.com\/wp-content\/uploads\/2025\/02\/traumatic-brain-injury-copy-614x1536.webp 614w\" sizes=\"(max-width: 800px) 100vw, 800px\" \/><\/a><\/p>\n<h2>S\u00edntomas y clasificaciones de los traumatismos craneoencef\u00e1licos graves<\/h2>\n<p>Un traumatismo craneoencef\u00e1lico grave puede ser especialmente peligroso porque sus s\u00edntomas pueden ser escasos y tardar meses en manifestarse plenamente. En t\u00e9rminos generales, los traumatismos craneoencef\u00e1licos se clasifican en dos grandes categor\u00edas:<\/p>\n<ul>\n<li><strong>Traumatismos craneoencef\u00e1licos abiertos<\/strong>: Este tipo de lesi\u00f3n se refiere a las fracturas de cr\u00e1neo. Este tipo de lesiones cerebrales son f\u00e1ciles de identificar y sus consecuencias suelen ser muy graves e incluso mortales.<\/li>\n<li><strong>Lesiones craneales cerradas<\/strong>: Este tipo de lesiones se producen cuando el cerebro choca violentamente contra el interior del cr\u00e1neo. Este tipo de lesi\u00f3n puede producirse incluso si el cr\u00e1neo no choca contra un objeto, como en un accidente con latigazo cervical.<\/li>\n<\/ul>\n<p>Los s\u00edntomas de los traumatismos craneoencef\u00e1licos cerrados pueden aparecer meses despu\u00e9s del incidente, por lo que son muy dif\u00edciles de diagnosticar. Este tipo de lesiones suelen identificarse por s\u00edntomas eventuales como:<\/p>\n<ul>\n<li>Cambios en el habla<\/li>\n<li>Poca motricidad<\/li>\n<li>Falta de equilibrio<\/li>\n<li>Dificultades en el control de esf\u00ednteres<\/li>\n<li>Dificultades de atenci\u00f3n<\/li>\n<li>P\u00e9rdida de audici\u00f3n<\/li>\n<li>Comportamiento agresivo<\/li>\n<li>Depresi\u00f3n<\/li>\n<li>Coma<\/li>\n<li>P\u00e9rdida del gusto<\/li>\n<li>P\u00e9rdida de memoria<\/li>\n<li>P\u00e9rdida de visi\u00f3n<\/li>\n<\/ul>\n<h2>\u00bfQu\u00e9 opciones de tratamiento hay para el da\u00f1o cerebral traum\u00e1tico?<\/h2>\n<p>Las tres fases del tratamiento del traumatismo craneoencef\u00e1lico son: aguda, subaguda y cr\u00f3nica o a largo plazo. A continuaci\u00f3n se detallan los tratamientos correspondientes a cada etapa.<\/p>\n<p>El tratamiento agudo se produce inmediatamente despu\u00e9s de un accidente. La v\u00edctima es trasladada al hospital, donde un m\u00e9dico puede<\/p>\n<ul>\n<li>Despejar las v\u00edas respiratorias<\/li>\n<li>Identificar y extraer co\u00e1gulos de sangre<\/li>\n<li>Medicar para evitar m\u00e1s lesiones<\/li>\n<li>Aliviar la presi\u00f3n intracraneal<\/li>\n<li>Reparar las lesiones del cr\u00e1neo<\/li>\n<li>Poner a la v\u00edctima en soporte vital si es necesario<\/li>\n<li>Trasladar al paciente a un centro de tratamiento subagudo una vez estabilizado<\/li>\n<\/ul>\n<p>El tratamiento subagudo incluye<\/p>\n<ul>\n<li>Evaluaci\u00f3n exhaustiva<\/li>\n<li>Dise\u00f1o de un plan de recuperaci\u00f3n<\/li>\n<li>Inicio de fisioterapia, logopedia y\/o terapia conductual<\/li>\n<\/ul>\n<p>El tratamiento cr\u00f3nico o a largo plazo es la etapa final para las v\u00edctimas de Da\u00f1o Cerebral Traum\u00e1tico. Algunas personas con TCE leve o moderado pueden saltarse las dos primeras etapas y comenzar aqu\u00ed. El tratamiento cr\u00f3nico incluye<\/p>\n<ul>\n<li>Fisioterapia, logopedia y\/o terapia conductual<\/li>\n<li>Medicaci\u00f3n<\/li>\n<li>Terapia y asesoramiento<\/li>\n<li>Formaci\u00f3n y uso de dispositivos de ayuda<\/li>\n<\/ul>\n<p><img decoding=\"async\" class=\"alignnone wp-image-2707 size-full\" src=\"https:\/\/www.humbertoinjurylaw.com\/wp-content\/uploads\/2025\/02\/tbi-copy.webp\" alt=\"Traumatic brain injury victim in Georgia receiving care supported by Humberto Injury Law attorneys\" width=\"500\" height=\"334\" srcset=\"https:\/\/www.humbertoinjurylaw.com\/wp-content\/uploads\/2025\/02\/tbi-copy.webp 500w, https:\/\/www.humbertoinjurylaw.com\/wp-content\/uploads\/2025\/02\/tbi-copy-300x200.webp 300w\" sizes=\"(max-width: 500px) 100vw, 500px\" \/><\/p>\n<h2>Grupos de apoyo para lesiones cerebrales traum\u00e1ticas<\/h2>\n<p>Los retos que plantean las lesiones cerebrales pueden resultar a veces abrumadores. La posibilidad de interactuar con otras personas que se enfrentan a experiencias similares puede ser una fuente de curaci\u00f3n emocional y esperanza. Los grupos de apoyo para lesiones cerebrales proporcionan entornos seguros, confidenciales y libres de prejuicios en los que puede expresar sus sentimientos libremente y obtener informaci\u00f3n importante y apoyo emocional de otras personas.<\/p>\n<p>La Brain Injury Association of Georgia ofrece una lista completa de casi veinte grupos de apoyo para lesiones cerebrales en todo el estado, como:<\/p>\n<p><strong>Emory Support Group<\/strong><br \/>\nCentro de Medicina de Rehabilitaci\u00f3n<br \/>\n1441 Clifton Road<br \/>\nRoom 101<br \/>\nAtlanta, GA 30030<br \/>\n(404) 409-9339<br \/>\nReuniones todos los segundos martes a las 18.30 horas.<\/p>\n<p><strong>Shepherd Center Support Group<\/strong><br \/>\nResidencia Woodruff<br \/>\n2020 Peachtree Road NW<br \/>\nAtlanta, GA 30309<br \/>\n(770) 330-8416<br \/>\nReuniones todos los domingos a las 15.00 horas.<\/p>\n<p><a href=\"https:\/\/www.facebook.com\/unlimitedpossibilitiessupportgroup\" target=\"_blank\" rel=\"noopener\"><strong>Grupo de apoyo Posibilidades ilimitadas para todas las lesiones cerebrales (TBI\/ABI)<\/strong><\/a><br \/>\nKennestone Hospital &#8211; Centro de rehabilitaci\u00f3n ambulatoria<br \/>\n100 Lacy St.<br \/>\nMarietta, GA 30060<br \/>\n(678) 677-2589<br \/>\nReuniones todos los primeros martes a las 19.00 horas.<\/p>\n<h2>Su demanda por lesi\u00f3n cerebral<\/h2>\n<p>Incluso con tratamiento, una lesi\u00f3n cerebral traum\u00e1tica puede conllevar toda una vida de lucha emocional y f\u00edsica. Es posible que necesite visitas m\u00e9dicas continuas, terapia, medicaci\u00f3n y dispositivos de asistencia.<\/p>\n<p>Nuestros experimentados abogados comprenden las consecuencias inmediatas y a largo plazo de sus lesiones y llevar\u00e1n a cabo una investigaci\u00f3n exhaustiva de los detalles de su caso para garantizar que reciba una indemnizaci\u00f3n completa y justa de la parte responsable. Dependiendo de los detalles de su caso, usted podr\u00eda ser elegible para da\u00f1os tales como:<\/p>\n<ul>\n<li>P\u00e9rdida de ingresos<\/li>\n<li>Dolor y sufrimiento<\/li>\n<li>Incapacidad permanente<\/li>\n<li>Cuidados m\u00e9dicos continuados<\/li>\n<li>Gastos de rehabilitaci\u00f3n<\/li>\n<li>Dispositivos de asistencia<\/li>\n<li>Modificaciones en el hogar<\/li>\n<\/ul>\n<h2>P\u00f3ngase en contacto con las Oficinas Legales de Humberto Izquierdo Hoy<\/h2>\n<p>Una lesi\u00f3n grave en la cabeza no puede permitirse el lujo de ser pospuesta o retrasada. Si usted ha estado involucrado en un accidente que podr\u00eda resultar en una lesi\u00f3n cerebral traum\u00e1tica, es esencial ponerse en contacto con <a href=\"https:\/\/www.humbertoinjurylaw.com\/es\/\">nuestro abogado con experiencia<\/a> de inmediato en <a href=\"tel:+17708888901\"><i class=\"fa fa-phone-alt\"><\/i>(770) 888-8901<\/a>. Tambi\u00e9n puede rellenar el formulario de solicitud de cita en nuestra <a href=\"https:\/\/www.humbertoinjurylaw.com\/es\/contacto\/\">p\u00e1gina de contacto<\/a>, y nuestro personal le ayudar\u00e1 a concertar su cita. Nuestros abogados biling\u00fces de habla hispana dan la bienvenida a clientes de Cumming, Atlanta y Marietta, Georgia.<\/p>\n","protected":false},"excerpt":{"rendered":"<p>\u00bfSufri\u00f3 una Lesi\u00f3n Cerebral Traum\u00e1tica en Georgia? Consulta Gratuita \u2014 Sin Honorarios Hasta Ganar Una lesi\u00f3n cerebral traum\u00e1tica tiene efectos adversos inmediatos y, en ciertos casos, permanentes en las funciones cognitivas, f\u00edsicas y psicosociales. En casos graves, las v\u00edctimas pueden experimentar un estado de consciencia disminuido o vegetativo. Estas lesiones catastr\u00f3ficas tambi\u00e9n pueden amenazar el [&hellip;]<\/p>\n","protected":false},"author":22,"featured_media":0,"parent":3490,"menu_order":0,"comment_status":"closed","ping_status":"closed","template":"","meta":{"_acf_changed":false,"anchor_text":"","footnotes":""},"class_list":["post-3535","page","type-page","status-publish","hentry"],"acf":[],"_links":{"self":[{"href":"https:\/\/www.humbertoinjurylaw.com\/es\/wp-json\/wp\/v2\/pages\/3535","targetHints":{"allow":["GET"]}}],"collection":[{"href":"https:\/\/www.humbertoinjurylaw.com\/es\/wp-json\/wp\/v2\/pages"}],"about":[{"href":"https:\/\/www.humbertoinjurylaw.com\/es\/wp-json\/wp\/v2\/types\/page"}],"author":[{"embeddable":true,"href":"https:\/\/www.humbertoinjurylaw.com\/es\/wp-json\/wp\/v2\/users\/22"}],"replies":[{"embeddable":true,"href":"https:\/\/www.humbertoinjurylaw.com\/es\/wp-json\/wp\/v2\/comments?post=3535"}],"version-history":[{"count":4,"href":"https:\/\/www.humbertoinjurylaw.com\/es\/wp-json\/wp\/v2\/pages\/3535\/revisions"}],"predecessor-version":[{"id":10782,"href":"https:\/\/www.humbertoinjurylaw.com\/es\/wp-json\/wp\/v2\/pages\/3535\/revisions\/10782"}],"up":[{"embeddable":true,"href":"https:\/\/www.humbertoinjurylaw.com\/es\/wp-json\/wp\/v2\/pages\/3490"}],"wp:attachment":[{"href":"https:\/\/www.humbertoinjurylaw.com\/es\/wp-json\/wp\/v2\/media?parent=3535"}],"curies":[{"name":"wp","href":"https:\/\/api.w.org\/{rel}","templated":true}]}}