{"id":3547,"date":"2025-02-19T14:16:53","date_gmt":"2025-02-19T19:16:53","guid":{"rendered":"https:\/\/www.humbertoinjurylaw.com\/cumming\/cumming-abogados-de-muerte-injusta\/"},"modified":"2026-03-11T11:55:19","modified_gmt":"2026-03-11T15:55:19","slug":"cumming-abogados-de-muerte-injusta","status":"publish","type":"page","link":"https:\/\/www.humbertoinjurylaw.com\/es\/cumming\/cumming-abogados-de-muerte-injusta\/","title":{"rendered":"Cumming Abogados de muerte injusta"},"content":{"rendered":"<h2>\u00bfPerdi\u00f3 a un Ser Querido por Negligencia en Georgia? Consulta Gratuita \u2014 Sin Honorarios Hasta Ganar<\/h2>\n<p>Cuando sufre la p\u00e9rdida de un familiar debido a la negligencia de otra persona, puede experimentar frustraci\u00f3n, ira y un dolor abrumador. Usted y su familia merecen una indemnizaci\u00f3n por su incre\u00edble p\u00e9rdida. Tambi\u00e9n merecen tiempo para llorar.<\/p>\n<p>Los experimentados abogados de lesiones personales en las Oficinas Legales de Humberto Izquierdo, Jr., PC luchar\u00e1n agresivamente para proteger sus derechos mientras usted llora su p\u00e9rdida.<\/p>\n<p>Si usted vive en el Cumming, Atlanta o Marietta \u00e1reas de Georgia y han perdido a un ser querido debido a la negligencia de otro, por favor ll\u00e1menos hoy al [tel\u00e9fono] para discutir su caso de forma gratuita. Trabajamos en base a honorarios de contingencia, lo que significa que usted no nos pagar\u00e1 nada a menos que obtengamos un resultado exitoso en su caso.<\/p>\n<p><img fetchpriority=\"high\" decoding=\"async\" class=\"alignnone wp-image-2806 size-full\" src=\"https:\/\/www.humbertoinjurylaw.com\/wp-content\/uploads\/2025\/02\/wrongful-death1-copy.webp\" alt=\"Wrongful Death attornys\" width=\"500\" height=\"334\" srcset=\"https:\/\/www.humbertoinjurylaw.com\/wp-content\/uploads\/2025\/02\/wrongful-death1-copy.webp 500w, https:\/\/www.humbertoinjurylaw.com\/wp-content\/uploads\/2025\/02\/wrongful-death1-copy-300x200.webp 300w\" sizes=\"(max-width: 500px) 100vw, 500px\" \/><\/p>\n<h2>\u00bfQu\u00e9 es la muerte por negligencia?<\/h2>\n<p>Las demandas por homicidio culposo se producen cuando una persona pierde la vida por la negligencia de otra. Un caso de homicidio culposo puede ser perseguido incluso despu\u00e9s de un caso criminal ha sido juzgado y posiblemente fracasado.<\/p>\n<p>Durante estos casos emocionalmente cargados, nuestros abogados investigar\u00e1n cada factor asociado a su reclamaci\u00f3n y reunir\u00e1n las pruebas cruciales necesarias para construir su caso m\u00e1s s\u00f3lido. Tomaremos medidas contra la persona u organizaci\u00f3n responsable y nos encargaremos de todos los aspectos de su caso para que usted y su familia puedan centrarse en recuperarse de su p\u00e9rdida.<\/p>\n<p>Deben existir los siguientes criterios para presentar una demanda por homicidio culposo:<\/p>\n<ul>\n<li>La muerte de una persona (el fallecido)<\/li>\n<li>La muerte fue causada por la negligencia de alguien<\/li>\n<li>La supervivencia de familiares que, como consecuencia del fallecimiento, sufren da\u00f1os monetarios<\/li>\n<li>El nombramiento de un representante personal para el patrimonio del fallecido<\/li>\n<\/ul>\n<p>En Georgia, s\u00f3lo las siguientes partes pueden solicitar una indemnizaci\u00f3n por \u00abel valor total de la vida\u00bb de un ser querido fallecido:<\/p>\n<ul>\n<li>C\u00f3nyuge superviviente<\/li>\n<li>Hijo superviviente (si no hay c\u00f3nyuge)<\/li>\n<li>Padres supervivientes (si no hay c\u00f3nyuge ni hijos)<\/li>\n<li>Administrador de la herencia del fallecido (si no hay c\u00f3nyuge, hijos o padres)<\/li>\n<\/ul>\n<p><a href=\"https:\/\/www.humbertoinjurylaw.com\/wp-content\/uploads\/2025\/02\/5-types-of-wrongful-death-compensation-infographic-copy.webp\"><img decoding=\"async\" class=\"alignnone size-full wp-image-2804\" src=\"https:\/\/www.humbertoinjurylaw.com\/wp-content\/uploads\/2025\/02\/5-types-of-wrongful-death-compensation-infographic-copy.webp\" alt=\"5 types of wrongful death compensation\" width=\"750\" height=\"1784\" srcset=\"https:\/\/www.humbertoinjurylaw.com\/wp-content\/uploads\/2025\/02\/5-types-of-wrongful-death-compensation-infographic-copy.webp 750w, https:\/\/www.humbertoinjurylaw.com\/wp-content\/uploads\/2025\/02\/5-types-of-wrongful-death-compensation-infographic-copy-126x300.webp 126w, https:\/\/www.humbertoinjurylaw.com\/wp-content\/uploads\/2025\/02\/5-types-of-wrongful-death-compensation-infographic-copy-430x1024.webp 430w, https:\/\/www.humbertoinjurylaw.com\/wp-content\/uploads\/2025\/02\/5-types-of-wrongful-death-compensation-infographic-copy-646x1536.webp 646w\" sizes=\"(max-width: 750px) 100vw, 750px\" \/><\/a><\/p>\n<h2>\u00bfCu\u00e1nto se puede reclamar en casos de homicidio culposo?<\/h2>\n<p>Cuando se tambalea por la muerte de un ser querido, sopesar y negociar acuerdos por homicidio culposo puede parecer lo \u00faltimo para lo que tiene energ\u00eda. Nuestros abogados comprenden la avalancha de emociones y obligaciones que est\u00e1 soportando y le guiar\u00e1n a trav\u00e9s del proceso legal con compasi\u00f3n y dignidad.<\/p>\n<p>Adem\u00e1s de su sentida p\u00e9rdida, usted y su familia pueden enfrentarse a una serie de nuevas luchas financieras. La p\u00e9rdida de un ser querido puede dejar a su familia sin los ingresos y beneficios que necesita. Seg\u00fan el <a href=\"https:\/\/law.justia.com\/codes\/georgia\/title-51\/chapter-4\/\" target=\"_blank\" rel=\"noopener noreferrer\">C\u00f3digo de Georgia T\u00edtulo 51, Cap\u00edtulo 4 \u2014 Muerte por Negligencia<\/a>, los familiares sobrevivientes tienen derecho a reclamar el valor total de la vida del fallecido como compensaci\u00f3n.<\/p>\n<p>Nuestros abogados en las Oficinas Legales de Humberto Izquierdo, Jr., PC investigar\u00e1 a fondo los detalles de su caso y luchar para ayudarle a obtener una indemnizaci\u00f3n por:<\/p>\n<ul>\n<li>P\u00e9rdida de ingresos futuros<\/li>\n<li>P\u00e9rdida de perspectivas de herencia<\/li>\n<li>P\u00e9rdida de amor y compa\u00f1\u00eda<\/li>\n<li>P\u00e9rdida de orientaci\u00f3n<\/li>\n<li>Pasado gastos m\u00e9dicos<\/li>\n<li>Gastos funerarios y de entierro<\/li>\n<li>Dolor y sufrimiento emocional<\/li>\n<\/ul>\n<h2>\u00bfPodr\u00e9 presentar una demanda por homicidio culposo si el fallecido era parcialmente responsable del accidente?<\/h2>\n<p>Su capacidad para recuperar la compensaci\u00f3n en nombre de su ser querido fallecido puede variar en funci\u00f3n de sus acciones y las leyes de negligencia en el estado donde usted est\u00e1 presentando la reclamaci\u00f3n. Georgia reconoce la idea de negligencia contributiva.<\/p>\n<p>Eso significa que la negligencia por parte del demandante, o en estos casos, el individuo fallecido, no impide autom\u00e1ticamente la recuperaci\u00f3n.<\/p>\n<p>Dicho esto, su culpa debe ser inferior al 50%. Los da\u00f1os se reducir\u00e1n en proporci\u00f3n a su culpa. Nuestros abogados pueden proporcionar m\u00e1s informaci\u00f3n sobre las leyes de negligencia en Georgia.<\/p>\n<h2>\u00bfQui\u00e9n Puede Recuperar Compensaci\u00f3n por la Muerte Injusta de Otra Persona?<\/h2>\n<p>Las leyes estatales determinan qui\u00e9n puede presentar una demanda por homicidio culposo e intentar recuperar los da\u00f1os. En Georgia, la primera persona que tiene derecho a presentar una demanda es el c\u00f3nyuge superviviente del fallecido. Si no hay c\u00f3nyuge sobreviviente, entonces la capacidad de presentar una demanda recae en el hijo o hijos sobrevivientes del difunto.<\/p>\n<p>A falta de c\u00f3nyuge o hijos supervivientes, el derecho corresponde al progenitor o progenitores fallecidos. Por \u00faltimo, si no hay c\u00f3nyuge, hijos o padres supervivientes, corresponde al albacea de la herencia del fallecido. En ese caso, los da\u00f1os y perjuicios quedar\u00e1n en poder de la sucesi\u00f3n a favor de los parientes m\u00e1s pr\u00f3ximos.<\/p>\n<p><img decoding=\"async\" class=\"alignnone wp-image-2808 size-full\" src=\"https:\/\/www.humbertoinjurylaw.com\/wp-content\/uploads\/2025\/02\/wrongful-death2-copy.webp\" alt=\"What types of evidence can be collected in a wrong death case?\" width=\"500\" height=\"334\" srcset=\"https:\/\/www.humbertoinjurylaw.com\/wp-content\/uploads\/2025\/02\/wrongful-death2-copy.webp 500w, https:\/\/www.humbertoinjurylaw.com\/wp-content\/uploads\/2025\/02\/wrongful-death2-copy-300x200.webp 300w\" sizes=\"(max-width: 500px) 100vw, 500px\" \/><\/p>\n<h2>\u00bfQu\u00e9 tipo de pruebas se pueden obtener en un caso de homicidio culposo?<\/h2>\n<p>Muchas pruebas diferentes pueden tener valor en un caso de homicidio culposo dependiendo de la situaci\u00f3n. Si alguien muere debido a un producto defectuoso, entonces el producto en s\u00ed puede ser utilizado como prueba.<\/p>\n<p>Si la muerte se produjo debido a un accidente de coche, entonces las declaraciones de testigos, informes policiales, im\u00e1genes de c\u00e1maras de tr\u00e1fico, fotograf\u00edas de la escena, y otras piezas de evidencia pueden existir.<\/p>\n<p>Nuestros abogados de homicidio culposo saben c\u00f3mo investigar estos casos y obtener los documentos y testimonios que puedan ser necesarios para obtener un veredicto o sentencia exitosa. Ll\u00e1menos hoy mismo.<\/p>\n<h2>\u00bfCu\u00e1nto durar\u00e1 un caso de homicidio culposo?<\/h2>\n<p>Algunos casos de homicidio culposo pueden resolverse en cuesti\u00f3n de meses. Otros tardan a\u00f1os en resolverse. La cantidad de tiempo necesaria para llegar a un acuerdo o sentencia depende de las circunstancias espec\u00edficas. Nuestros abogados entienden que esta incertidumbre puede ser abrumadora.<\/p>\n<p>Es por eso que tenemos mucho cuidado para comunicar el progreso de su caso en cada paso del camino.<\/p>\n<h2>\u00bfQu\u00e9 debo llevar para reunirme con un abogado de muerte por negligencia?<\/h2>\n<p>Nuestros abogados de homicidio culposo ofrecen evaluaciones gratuitas de casos. Le aconsejaremos sobre lo que debe traer a su primera reuni\u00f3n para que pueda sacar el m\u00e1ximo provecho de ella. En general, puede ser \u00fatil proporcionar:<\/p>\n<ul>\n<li>Una copia del accidente o informe policial<\/li>\n<li>Fotograf\u00edas del lugar del accidente o grabaciones de vigilancia<\/li>\n<li>El historial m\u00e9dico del fallecido y\/o el informe del forense<\/li>\n<li>Registros de p\u00e9rdidas econ\u00f3micas, como gastos funerarios y lucro cesante<\/li>\n<\/ul>\n<h2>Testimonios de clientes<\/h2>\n<blockquote><p>\u00abConocen las leyes y saben c\u00f3mo ayudarte a conseguir la ayuda que necesitas. Me han ayudado tremendamente\u00bb-Anna Marie Gast<\/p><\/blockquote>\n<h2>Ejemplos de casos de homicidio culposo<\/h2>\n<p>Las acciones negligentes de un individuo, empresa o corporaci\u00f3n pueden ser motivo de una demanda por homicidio culposo. Ejemplos comunes de casos de homicidio culposo<\/p>\n<ul>\n<li>Negligencia m\u00e9dica<\/li>\n<li>Accidentes laborales<\/li>\n<li>Productos defectuosos<\/li>\n<li>Locales peligrosos<\/li>\n<li>Accidentes de tr\u00e1fico<\/li>\n<li>Accidentes de cami\u00f3n<\/li>\n<\/ul>\n<p><img loading=\"lazy\" decoding=\"async\" class=\"alignnone wp-image-2807 size-full\" src=\"https:\/\/www.humbertoinjurylaw.com\/wp-content\/uploads\/2025\/02\/wrongful-death3-copy.webp\" alt=\"Statute of limitations for a wrongful death claim\" width=\"500\" height=\"334\" srcset=\"https:\/\/www.humbertoinjurylaw.com\/wp-content\/uploads\/2025\/02\/wrongful-death3-copy.webp 500w, https:\/\/www.humbertoinjurylaw.com\/wp-content\/uploads\/2025\/02\/wrongful-death3-copy-300x200.webp 300w\" sizes=\"(max-width: 500px) 100vw, 500px\" \/><\/p>\n<h2>\u00bfCu\u00e1l es el estatuto de limitaciones de muerte por negligencia en Georgia?<\/h2>\n<p>Cada estado tiene sus propias estipulaciones de homicidio culposo. En Georgia, el estatuto de limitaciones (la cantidad de tiempo que la familia sobreviviente tiene para presentar una demanda) para una demanda por muerte injusta es de dos a\u00f1os a partir de la fecha de la muerte del difunto.<\/p>\n<p>En algunos casos, como un accidente de autom\u00f3vil, el plazo de prescripci\u00f3n puede \u00absuspenderse\u00bb a la espera del resultado de un caso penal. Este plazo no puede exceder de seis a\u00f1os.<\/p>\n<p>Debido a la naturaleza estricta del estatuto de limitaciones, es crucial reunirse con nuestros abogados de muerte por negligencia tan pronto como sea posible. Le explicaremos todos los plazos pertinentes a su caso y nos aseguraremos de que su caso se maneje adecuadamente.<\/p>\n<h2>P\u00f3ngase en contacto con las Oficinas Legales de Humberto Izquierdo Hoy<\/h2>\n<p>Discutir su caso de forma gratuita con <a href=\"https:\/\/www.humbertoinjurylaw.com\/es\/\">nuestros abogados de muerte por negligencia con experiencia<\/a> llamando al <a href=\"tel:+17708888901\"><i class=\"fa fa-phone-alt\"><\/i>(770) 888-8901<\/a> hoy. <a href=\"https:\/\/www.humbertoinjurylaw.com\/es\/contacto\/\">Ayudamos a las familias de Cumming, Atlanta, Marietta y las comunidades circundantes de Georgia.<\/a><\/p>\n","protected":false},"excerpt":{"rendered":"<p>\u00bfPerdi\u00f3 a un Ser Querido por Negligencia en Georgia? Consulta Gratuita \u2014 Sin Honorarios Hasta Ganar Cuando sufre la p\u00e9rdida de un familiar debido a la negligencia de otra persona, puede experimentar frustraci\u00f3n, ira y un dolor abrumador. Usted y su familia merecen una indemnizaci\u00f3n por su incre\u00edble p\u00e9rdida. Tambi\u00e9n merecen tiempo para llorar. Los [&hellip;]<\/p>\n","protected":false},"author":22,"featured_media":0,"parent":3490,"menu_order":0,"comment_status":"closed","ping_status":"closed","template":"","meta":{"_acf_changed":false,"anchor_text":"","footnotes":""},"class_list":["post-3547","page","type-page","status-publish","hentry"],"acf":[],"_links":{"self":[{"href":"https:\/\/www.humbertoinjurylaw.com\/es\/wp-json\/wp\/v2\/pages\/3547","targetHints":{"allow":["GET"]}}],"collection":[{"href":"https:\/\/www.humbertoinjurylaw.com\/es\/wp-json\/wp\/v2\/pages"}],"about":[{"href":"https:\/\/www.humbertoinjurylaw.com\/es\/wp-json\/wp\/v2\/types\/page"}],"author":[{"embeddable":true,"href":"https:\/\/www.humbertoinjurylaw.com\/es\/wp-json\/wp\/v2\/users\/22"}],"replies":[{"embeddable":true,"href":"https:\/\/www.humbertoinjurylaw.com\/es\/wp-json\/wp\/v2\/comments?post=3547"}],"version-history":[{"count":4,"href":"https:\/\/www.humbertoinjurylaw.com\/es\/wp-json\/wp\/v2\/pages\/3547\/revisions"}],"predecessor-version":[{"id":10792,"href":"https:\/\/www.humbertoinjurylaw.com\/es\/wp-json\/wp\/v2\/pages\/3547\/revisions\/10792"}],"up":[{"embeddable":true,"href":"https:\/\/www.humbertoinjurylaw.com\/es\/wp-json\/wp\/v2\/pages\/3490"}],"wp:attachment":[{"href":"https:\/\/www.humbertoinjurylaw.com\/es\/wp-json\/wp\/v2\/media?parent=3547"}],"curies":[{"name":"wp","href":"https:\/\/api.w.org\/{rel}","templated":true}]}}