{"id":3554,"date":"2025-02-14T11:58:50","date_gmt":"2025-02-14T16:58:50","guid":{"rendered":"https:\/\/www.humbertoinjurylaw.com\/areas-de-practica\/"},"modified":"2025-03-10T07:07:44","modified_gmt":"2025-03-10T12:07:44","slug":"areas-de-practica","status":"publish","type":"page","link":"https:\/\/www.humbertoinjurylaw.com\/es\/areas-de-practica\/","title":{"rendered":"\u00c1reas de pr\u00e1ctica"},"content":{"rendered":"\t\t<div data-elementor-type=\"wp-page\" data-elementor-id=\"3554\" class=\"elementor elementor-3554 elementor-2344\" data-elementor-post-type=\"page\">\n\t\t\t\t\t\t<section class=\"elementor-section elementor-top-section elementor-element elementor-element-ef331a elementor-section-height-min-height elementor-section-boxed elementor-section-height-default elementor-section-items-middle\" data-id=\"ef331a\" data-element_type=\"section\" data-e-type=\"section\" data-settings=\"{&quot;background_background&quot;:&quot;gradient&quot;}\">\n\t\t\t\t\t\t<div class=\"elementor-container elementor-column-gap-default\">\n\t\t\t\t\t<div class=\"elementor-column elementor-col-100 elementor-top-column elementor-element elementor-element-228fe98f\" data-id=\"228fe98f\" data-element_type=\"column\" data-e-type=\"column\">\n\t\t\t<div class=\"elementor-widget-wrap elementor-element-populated\">\n\t\t\t\t\t\t<div class=\"elementor-element elementor-element-769f25df elementor-widget elementor-widget-shortcode\" data-id=\"769f25df\" data-element_type=\"widget\" data-e-type=\"widget\" data-widget_type=\"shortcode.default\">\n\t\t\t\t\t\t\t<div class=\"elementor-shortcode\"><h1 class=\"elementor-post__title\">\u00c1reas de pr\u00e1ctica<\/h1><\/div>\n\t\t\t\t\t\t<\/div>\n\t\t\t\t\t<\/div>\n\t\t<\/div>\n\t\t\t\t\t<\/div>\n\t\t<\/section>\n\t\t\t\t<section class=\"elementor-section elementor-top-section elementor-element elementor-element-4758f8c4 elementor-section-boxed elementor-section-height-default elementor-section-height-default\" data-id=\"4758f8c4\" data-element_type=\"section\" data-e-type=\"section\" data-settings=\"{&quot;background_background&quot;:&quot;classic&quot;}\">\n\t\t\t\t\t\t<div class=\"elementor-container elementor-column-gap-default\">\n\t\t\t\t\t<div class=\"elementor-column elementor-col-100 elementor-top-column elementor-element elementor-element-3f5d3b80\" data-id=\"3f5d3b80\" data-element_type=\"column\" data-e-type=\"column\">\n\t\t\t<div class=\"elementor-widget-wrap elementor-element-populated\">\n\t\t\t\t\t\t<div class=\"elementor-element elementor-element-5ceb49b7 elementor-widget elementor-widget-shortcode\" data-id=\"5ceb49b7\" data-element_type=\"widget\" data-e-type=\"widget\" data-widget_type=\"shortcode.default\">\n\t\t\t\t\t\t\t<div class=\"elementor-shortcode\"><nav aria-label=\"breadcrumbs\" class=\"rank-math-breadcrumb\"><p><span class=\"last\">Home<\/span><\/p><\/nav><\/div>\n\t\t\t\t\t\t<\/div>\n\t\t\t\t\t<\/div>\n\t\t<\/div>\n\t\t\t\t\t<\/div>\n\t\t<\/section>\n\t\t<div class=\"elementor-element elementor-element-6499cc4 e-flex e-con-boxed e-con e-parent\" data-id=\"6499cc4\" data-element_type=\"container\" data-e-type=\"container\">\n\t\t\t\t\t<div class=\"e-con-inner\">\n\t\t<div class=\"elementor-element elementor-element-04f710d e-con-full e-flex e-con e-child\" data-id=\"04f710d\" data-element_type=\"container\" data-e-type=\"container\">\n\t\t\t\t<div class=\"elementor-element elementor-element-49c65f3 elementor-widget elementor-widget-text-editor\" data-id=\"49c65f3\" data-element_type=\"widget\" data-e-type=\"widget\" data-widget_type=\"text-editor.default\">\n\t\t\t\t\t\t\t\t\t<p>Las Oficinas Legales de Humberto Izquierdo, Jr., PC representan a personas gravemente heridas en casos de compensaci\u00f3n al trabajador, lesiones personales y muerte injusta. Desde su apertura en 2005, hemos establecido un s\u00f3lido historial de \u00e9xito, ayudando a muchos clientes a obtener la justicia y la compensaci\u00f3n que merecen. <\/p><p>Ya sea en un tribunal o en una mesa de negociaci\u00f3n, nuestros abogados de lesiones personales tienen la habilidad, experiencia y dedicaci\u00f3n para proporcionar la representaci\u00f3n legal que necesita.<\/p><p>Si usted est\u00e1 buscando un abogado con experiencia en lesiones personales en Cumming y \u00e1reas cercanas de Georgia, por favor p\u00f3ngase en contacto con las Oficinas Legales de Humberto Izquierdo, Jr., PC hoy completando el formulario en esta p\u00e1gina o llamando <a href=\"tel:+17708888901\"><i class=\"fa fa-phone-alt\"><\/i>(770) 888-8901<\/a> para programar una consulta gratuita.<\/p><p>Trabajamos en base a honorarios de contingencia, lo que significa que no nos debe nada a menos que lleguemos a un resultado exitoso en su caso.<\/p>\t\t\t\t\t\t\t\t<\/div>\n\t\t\t\t<\/div>\n\t\t<div class=\"elementor-element elementor-element-6267be0 e-con-full e-flex e-con e-child\" data-id=\"6267be0\" data-element_type=\"container\" data-e-type=\"container\">\n\t\t\t\t<div class=\"elementor-element elementor-element-04b9873 elementor-widget elementor-widget-image\" data-id=\"04b9873\" data-element_type=\"widget\" data-e-type=\"widget\" data-widget_type=\"image.default\">\n\t\t\t\t\t\t\t\t\t\t\t\t\t\t\t<img fetchpriority=\"high\" decoding=\"async\" width=\"600\" height=\"425\" src=\"https:\/\/www.humbertoinjurylaw.com\/wp-content\/uploads\/2025\/02\/practice-area.webp\" class=\"attachment-large size-large wp-image-3339\" alt=\"savannah rideshare, lyft, uber accident lawyers and attorneys\" srcset=\"https:\/\/www.humbertoinjurylaw.com\/wp-content\/uploads\/2025\/02\/practice-area.webp 600w, https:\/\/www.humbertoinjurylaw.com\/wp-content\/uploads\/2025\/02\/practice-area-300x213.webp 300w\" sizes=\"(max-width: 600px) 100vw, 600px\" \/>\t\t\t\t\t\t\t\t\t\t\t\t\t\t\t<\/div>\n\t\t\t\t<\/div>\n\t\t\t\t\t<\/div>\n\t\t\t\t<\/div>\n\t\t<div class=\"elementor-element elementor-element-14b30b6 e-flex e-con-boxed e-con e-parent\" data-id=\"14b30b6\" data-element_type=\"container\" data-e-type=\"container\" data-settings=\"{&quot;background_background&quot;:&quot;classic&quot;,&quot;shape_divider_top&quot;:&quot;triangle&quot;,&quot;shape_divider_bottom&quot;:&quot;triangle&quot;,&quot;shape_divider_bottom_negative&quot;:&quot;yes&quot;}\">\n\t\t\t\t\t<div class=\"e-con-inner\">\n\t\t\t\t<div class=\"elementor-shape elementor-shape-top\" aria-hidden=\"true\" data-negative=\"false\">\n\t\t\t<svg xmlns=\"http:\/\/www.w3.org\/2000\/svg\" viewBox=\"0 0 1000 100\" preserveAspectRatio=\"none\">\n\t<path class=\"elementor-shape-fill\" d=\"M500,98.9L0,6.1V0h1000v6.1L500,98.9z\"\/>\n<\/svg>\t\t<\/div>\n\t\t\t\t<div class=\"elementor-shape elementor-shape-bottom\" aria-hidden=\"true\" data-negative=\"true\">\n\t\t\t<svg xmlns=\"http:\/\/www.w3.org\/2000\/svg\" viewBox=\"0 0 1000 100\" preserveAspectRatio=\"none\">\n\t<path class=\"elementor-shape-fill\" d=\"M500.2,94.7L0,0v100h1000V0L500.2,94.7z\"\/>\n<\/svg>\t\t<\/div>\n\t\t\t\t<div class=\"elementor-element elementor-element-acc9cb8 elementor-widget elementor-widget-heading\" data-id=\"acc9cb8\" data-element_type=\"widget\" data-e-type=\"widget\" data-widget_type=\"heading.default\">\n\t\t\t\t\t<h2 class=\"elementor-heading-title elementor-size-default\">Nuestras \u00e1reas de pr\u00e1ctica y los casos que llevamos<\/h2>\t\t\t\t<\/div>\n\t\t\t\t<div class=\"elementor-element elementor-element-d81374a elementor-widget elementor-widget-heading\" data-id=\"d81374a\" data-element_type=\"widget\" data-e-type=\"widget\" data-widget_type=\"heading.default\">\n\t\t\t\t\t<h3 class=\"elementor-heading-title elementor-size-default\">Las Oficinas Legales de Humberto Izquierdo, Jr., PC maneja una amplia gama de casos de lesiones personales<\/h3>\t\t\t\t<\/div>\n\t\t\t\t<div class=\"elementor-element elementor-element-44f9c63 elementor-widget elementor-widget-text-editor\" data-id=\"44f9c63\" data-element_type=\"widget\" data-e-type=\"widget\" data-widget_type=\"text-editor.default\">\n\t\t\t\t\t\t\t\t\t<p>Como ex abogado defensor de seguros, el abogado Humberto Izquierdo est\u00e1 familiarizado con las formas en que las aseguradoras tratan de negar, retrasar y devaluar su reclamo. Esta experiencia de primera mano se puede utilizar para protegerlo de las t\u00e1cticas comunes de las compa\u00f1\u00edas de seguros y ayudarle a obtener la compensaci\u00f3n completa y justa que realmente se merece. <\/p>\t\t\t\t\t\t\t\t<\/div>\n\t\t<div class=\"elementor-element elementor-element-d3d40d1 e-grid e-con-full e-con e-child\" data-id=\"d3d40d1\" data-element_type=\"container\" data-e-type=\"container\">\n\t\t<div class=\"elementor-element elementor-element-94ff0aa e-con-full e-flex e-con e-child\" data-id=\"94ff0aa\" data-element_type=\"container\" data-e-type=\"container\" data-settings=\"{&quot;background_background&quot;:&quot;classic&quot;}\">\n\t\t\t\t<div class=\"elementor-element elementor-element-feb6525 elementor-widget elementor-widget-heading\" data-id=\"feb6525\" data-element_type=\"widget\" data-e-type=\"widget\" data-widget_type=\"heading.default\">\n\t\t\t\t\t<div class=\"elementor-heading-title elementor-size-default\"><a href=\"https:\/\/www.humbertoinjurylaw.com\/cumming\/workers-compensation\/\">Indemnizaci\u00f3n por accidente laboral<\/a><\/div>\t\t\t\t<\/div>\n\t\t\t\t<\/div>\n\t\t<div class=\"elementor-element elementor-element-5877f8b e-con-full e-flex e-con e-child\" data-id=\"5877f8b\" data-element_type=\"container\" data-e-type=\"container\" data-settings=\"{&quot;background_background&quot;:&quot;classic&quot;}\">\n\t\t\t\t<div class=\"elementor-element elementor-element-48b5128 elementor-widget elementor-widget-heading\" data-id=\"48b5128\" data-element_type=\"widget\" data-e-type=\"widget\" data-widget_type=\"heading.default\">\n\t\t\t\t\t<div class=\"elementor-heading-title elementor-size-default\"><a href=\"https:\/\/www.humbertoinjurylaw.com\/cumming\/car-accident-lawyer\/\">Accidentes de tr\u00e1fico<\/a><\/div>\t\t\t\t<\/div>\n\t\t\t\t<\/div>\n\t\t<div class=\"elementor-element elementor-element-4fae8f1 e-con-full e-flex e-con e-child\" data-id=\"4fae8f1\" data-element_type=\"container\" data-e-type=\"container\" data-settings=\"{&quot;background_background&quot;:&quot;classic&quot;}\">\n\t\t\t\t<div class=\"elementor-element elementor-element-c8af077 elementor-widget elementor-widget-heading\" data-id=\"c8af077\" data-element_type=\"widget\" data-e-type=\"widget\" data-widget_type=\"heading.default\">\n\t\t\t\t\t<div class=\"elementor-heading-title elementor-size-default\"><a href=\"https:\/\/www.humbertoinjurylaw.com\/cumming\/truck-accident-lawyer\/\">Accidentes de cami\u00f3n<\/a><\/div>\t\t\t\t<\/div>\n\t\t\t\t<\/div>\n\t\t<div class=\"elementor-element elementor-element-e088105 e-con-full e-flex e-con e-child\" data-id=\"e088105\" data-element_type=\"container\" data-e-type=\"container\" data-settings=\"{&quot;background_background&quot;:&quot;classic&quot;}\">\n\t\t\t\t<div class=\"elementor-element elementor-element-b90b9cb elementor-widget elementor-widget-heading\" data-id=\"b90b9cb\" data-element_type=\"widget\" data-e-type=\"widget\" data-widget_type=\"heading.default\">\n\t\t\t\t\t<div class=\"elementor-heading-title elementor-size-default\"><a href=\"https:\/\/www.humbertoinjurylaw.com\/cumming\/motorcycle-accident-lawyer\/\">Motorcycle Accidents<\/a><\/div>\t\t\t\t<\/div>\n\t\t\t\t<\/div>\n\t\t<div class=\"elementor-element elementor-element-6c0d085 e-con-full e-flex e-con e-child\" data-id=\"6c0d085\" data-element_type=\"container\" data-e-type=\"container\" data-settings=\"{&quot;background_background&quot;:&quot;classic&quot;}\">\n\t\t\t\t<div class=\"elementor-element elementor-element-dceb2a4 elementor-widget elementor-widget-heading\" data-id=\"dceb2a4\" data-element_type=\"widget\" data-e-type=\"widget\" data-widget_type=\"heading.default\">\n\t\t\t\t\t<div class=\"elementor-heading-title elementor-size-default\"><a href=\"https:\/\/www.humbertoinjurylaw.com\/cumming\/traumatic-brain-injury-lawyers\/\">Lesiones cerebrales traum\u00e1ticas<\/a><\/div>\t\t\t\t<\/div>\n\t\t\t\t<\/div>\n\t\t<div class=\"elementor-element elementor-element-9ff8a96 e-con-full e-flex e-con e-child\" data-id=\"9ff8a96\" data-element_type=\"container\" data-e-type=\"container\" data-settings=\"{&quot;background_background&quot;:&quot;classic&quot;}\">\n\t\t\t\t<div class=\"elementor-element elementor-element-2ec30e1 elementor-widget elementor-widget-heading\" data-id=\"2ec30e1\" data-element_type=\"widget\" data-e-type=\"widget\" data-widget_type=\"heading.default\">\n\t\t\t\t\t<div class=\"elementor-heading-title elementor-size-default\"><a href=\"https:\/\/www.humbertoinjurylaw.com\/cumming\/spinal-cord-injury-attorneys\/\">Spinal Cord Injuries<\/a><\/div>\t\t\t\t<\/div>\n\t\t\t\t<\/div>\n\t\t<div class=\"elementor-element elementor-element-71ef8ff e-con-full e-flex e-con e-child\" data-id=\"71ef8ff\" data-element_type=\"container\" data-e-type=\"container\" data-settings=\"{&quot;background_background&quot;:&quot;classic&quot;}\">\n\t\t\t\t<div class=\"elementor-element elementor-element-9385020 elementor-widget elementor-widget-heading\" data-id=\"9385020\" data-element_type=\"widget\" data-e-type=\"widget\" data-widget_type=\"heading.default\">\n\t\t\t\t\t<div class=\"elementor-heading-title elementor-size-default\"><a href=\"https:\/\/www.humbertoinjurylaw.com\/cumming\/back-and-neck-injury-attorneys\/\">Lesiones de espalda y cuello<\/a><\/div>\t\t\t\t<\/div>\n\t\t\t\t<\/div>\n\t\t<div class=\"elementor-element elementor-element-4ce0677 e-con-full e-flex e-con e-child\" data-id=\"4ce0677\" data-element_type=\"container\" data-e-type=\"container\" data-settings=\"{&quot;background_background&quot;:&quot;classic&quot;}\">\n\t\t\t\t<div class=\"elementor-element elementor-element-b374de0 elementor-widget elementor-widget-heading\" data-id=\"b374de0\" data-element_type=\"widget\" data-e-type=\"widget\" data-widget_type=\"heading.default\">\n\t\t\t\t\t<div class=\"elementor-heading-title elementor-size-default\"><a href=\"https:\/\/www.humbertoinjurylaw.com\/cumming\/wrongful-death-lawyers\/\">Muerte por negligencia<\/a><\/div>\t\t\t\t<\/div>\n\t\t\t\t<\/div>\n\t\t<div class=\"elementor-element elementor-element-34b99e4 e-con-full e-flex e-con e-child\" data-id=\"34b99e4\" data-element_type=\"container\" data-e-type=\"container\" data-settings=\"{&quot;background_background&quot;:&quot;classic&quot;}\">\n\t\t\t\t<div class=\"elementor-element elementor-element-1bcba8f elementor-widget elementor-widget-heading\" data-id=\"1bcba8f\" data-element_type=\"widget\" data-e-type=\"widget\" data-widget_type=\"heading.default\">\n\t\t\t\t\t<div class=\"elementor-heading-title elementor-size-default\"><a href=\"https:\/\/www.humbertoinjurylaw.com\/cumming\/catastrophic-injury-lawyers\/\">Catastrophic Injuries<\/a><\/div>\t\t\t\t<\/div>\n\t\t\t\t<\/div>\n\t\t<div class=\"elementor-element elementor-element-6a2e59a e-con-full e-flex e-con e-child\" data-id=\"6a2e59a\" data-element_type=\"container\" data-e-type=\"container\" data-settings=\"{&quot;background_background&quot;:&quot;classic&quot;}\">\n\t\t\t\t<div class=\"elementor-element elementor-element-e8a5b06 elementor-widget elementor-widget-heading\" data-id=\"e8a5b06\" data-element_type=\"widget\" data-e-type=\"widget\" data-widget_type=\"heading.default\">\n\t\t\t\t\t<div class=\"elementor-heading-title elementor-size-default\"><a href=\"https:\/\/www.humbertoinjurylaw.com\/cumming\/product-liability-attorneys\/\">Product Liability<\/a><\/div>\t\t\t\t<\/div>\n\t\t\t\t<\/div>\n\t\t<div class=\"elementor-element elementor-element-e3e6872 e-con-full e-flex e-con e-child\" data-id=\"e3e6872\" data-element_type=\"container\" data-e-type=\"container\" data-settings=\"{&quot;background_background&quot;:&quot;classic&quot;}\">\n\t\t\t\t<div class=\"elementor-element elementor-element-a61ed48 elementor-widget elementor-widget-heading\" data-id=\"a61ed48\" data-element_type=\"widget\" data-e-type=\"widget\" data-widget_type=\"heading.default\">\n\t\t\t\t\t<div class=\"elementor-heading-title elementor-size-default\"><a href=\"https:\/\/www.humbertoinjurylaw.com\/cumming\/nursing-home-abuse-attorneys\/\">Nursing Home Abuse<\/a><\/div>\t\t\t\t<\/div>\n\t\t\t\t<\/div>\n\t\t<div class=\"elementor-element elementor-element-0c3d322 e-con-full e-flex e-con e-child\" data-id=\"0c3d322\" data-element_type=\"container\" data-e-type=\"container\" data-settings=\"{&quot;background_background&quot;:&quot;classic&quot;}\">\n\t\t\t\t<div class=\"elementor-element elementor-element-67b70ba elementor-widget elementor-widget-heading\" data-id=\"67b70ba\" data-element_type=\"widget\" data-e-type=\"widget\" data-widget_type=\"heading.default\">\n\t\t\t\t\t<div class=\"elementor-heading-title elementor-size-default\"><a href=\"https:\/\/www.humbertoinjurylaw.com\/cumming\/medical-malpractice-lawyer\/\">Negligencias m\u00e9dicas<\/a><\/div>\t\t\t\t<\/div>\n\t\t\t\t<\/div>\n\t\t\t\t<\/div>\n\t\t\t\t\t<\/div>\n\t\t\t\t<\/div>\n\t\t<div class=\"elementor-element elementor-element-ad5a8a6 e-flex e-con-boxed e-con e-parent\" data-id=\"ad5a8a6\" data-element_type=\"container\" data-e-type=\"container\">\n\t\t\t\t\t<div class=\"e-con-inner\">\n\t\t<div class=\"elementor-element elementor-element-f1ae912 e-con-full e-flex e-con e-child\" data-id=\"f1ae912\" data-element_type=\"container\" data-e-type=\"container\" data-settings=\"{&quot;background_background&quot;:&quot;classic&quot;}\">\n\t\t\t\t<\/div>\n\t\t<div class=\"elementor-element elementor-element-f8045b4 e-con-full e-flex e-con e-child\" data-id=\"f8045b4\" data-element_type=\"container\" data-e-type=\"container\">\n\t\t\t\t<div class=\"elementor-element elementor-element-15ecb68 elementor-widget elementor-widget-heading\" data-id=\"15ecb68\" data-element_type=\"widget\" data-e-type=\"widget\" data-widget_type=\"heading.default\">\n\t\t\t\t\t<h2 class=\"elementor-heading-title elementor-size-default\">C\u00f3mo podemos ayudarle<\/h2>\t\t\t\t<\/div>\n\t\t\t\t<div class=\"elementor-element elementor-element-2cd3352 elementor-widget elementor-widget-text-editor\" data-id=\"2cd3352\" data-element_type=\"widget\" data-e-type=\"widget\" data-widget_type=\"text-editor.default\">\n\t\t\t\t\t\t\t\t\t<p>El proceso de presentaci\u00f3n y seguimiento de una demanda por lesiones personales puede ser complejo y dif\u00edcil. Muchas veces, la parte que usted est\u00e1 demandando es una compa\u00f1\u00eda de seguros con un equipo de abogados preparados para defender a su cliente de todos los cargos. Entendemos la forma de trabajar de las compa\u00f1\u00edas de seguros y no nos dejamos intimidar por ellas.  <\/p><p>Cuando usted trabaja con las Oficinas <a href=\"https:\/\/www.humbertoinjurylaw.com\/es\/sobre-nosotros\/\">Legales de Humberto Izquierdo, Jr., PC<\/a>, usted puede estar seguro de que est\u00e1 recibiendo la habilidad, el conocimiento y la atenci\u00f3n personalizada que su caso necesita para el \u00e9xito.<\/p><p>Nuestros abogados pueden:<\/p><ul><li>Determinar la solidez de su caso y el valor de su reclamaci\u00f3n<\/li><li>Responder a cualquier pregunta que pueda tener sobre la ley de lesiones personales<\/li><li>Llevar su reclamaci\u00f3n ante los tribunales, si es necesario<\/li><li>Reunir testimonios y pruebas para construir su mejor caso<\/li><li>Intentar negociar un acuerdo favorable en su nombre.<\/li><li>Representarle en todos los procedimientos judiciales y prejudiciales<\/li><\/ul>\t\t\t\t\t\t\t\t<\/div>\n\t\t\t\t<div class=\"elementor-element elementor-element-0bb5bde elementor-widget elementor-widget-heading\" data-id=\"0bb5bde\" data-element_type=\"widget\" data-e-type=\"widget\" data-widget_type=\"heading.default\">\n\t\t\t\t\t<h2 class=\"elementor-heading-title elementor-size-default\">Programe la revisi\u00f3n gratuita de su caso<\/h2>\t\t\t\t<\/div>\n\t\t\t\t<div class=\"elementor-element elementor-element-b6901a2 elementor-widget elementor-widget-text-editor\" data-id=\"b6901a2\" data-element_type=\"widget\" data-e-type=\"widget\" data-widget_type=\"text-editor.default\">\n\t\t\t\t\t\t\t\t\t<p>Por favor, p\u00f3ngase en <a href=\"https:\/\/www.humbertoinjurylaw.com\/es\/contacto\/\">contacto<\/a> con las Oficinas Legales de Humberto Izquierdo, Jr., PC hoy en l\u00ednea o en <a href=\"tel:+17708888901\"><i class=\"fa fa-phone-alt\"><\/i>(770) 888-8901<\/a> para comenzar a construir su caso con un abogado calificado de lesiones personales. Ofrecemos asistencia compasiva y asesoramiento jur\u00eddico excepcional a los clientes a lo largo de Cumming y \u00e1reas cercanas de Georgia. <\/p>\t\t\t\t\t\t\t\t<\/div>\n\t\t\t\t<\/div>\n\t\t\t\t\t<\/div>\n\t\t\t\t<\/div>\n\t\t\t\t<\/div>\n\t\t","protected":false},"excerpt":{"rendered":"<p>Las Oficinas Legales de Humberto Izquierdo, Jr., PC representan a personas gravemente heridas en casos de compensaci\u00f3n al trabajador, lesiones personales y muerte injusta. Desde su apertura en 2005, hemos establecido un s\u00f3lido historial de \u00e9xito, ayudando a muchos clientes a obtener la justicia y la compensaci\u00f3n que merecen. Ya sea en un tribunal o [&hellip;]<\/p>\n","protected":false},"author":22,"featured_media":0,"parent":0,"menu_order":0,"comment_status":"closed","ping_status":"closed","template":"elementor_header_footer","meta":{"_acf_changed":false,"anchor_text":"","footnotes":""},"class_list":["post-3554","page","type-page","status-publish","hentry"],"acf":[],"_links":{"self":[{"href":"https:\/\/www.humbertoinjurylaw.com\/es\/wp-json\/wp\/v2\/pages\/3554","targetHints":{"allow":["GET"]}}],"collection":[{"href":"https:\/\/www.humbertoinjurylaw.com\/es\/wp-json\/wp\/v2\/pages"}],"about":[{"href":"https:\/\/www.humbertoinjurylaw.com\/es\/wp-json\/wp\/v2\/types\/page"}],"author":[{"embeddable":true,"href":"https:\/\/www.humbertoinjurylaw.com\/es\/wp-json\/wp\/v2\/users\/22"}],"replies":[{"embeddable":true,"href":"https:\/\/www.humbertoinjurylaw.com\/es\/wp-json\/wp\/v2\/comments?post=3554"}],"version-history":[{"count":1,"href":"https:\/\/www.humbertoinjurylaw.com\/es\/wp-json\/wp\/v2\/pages\/3554\/revisions"}],"predecessor-version":[{"id":3555,"href":"https:\/\/www.humbertoinjurylaw.com\/es\/wp-json\/wp\/v2\/pages\/3554\/revisions\/3555"}],"wp:attachment":[{"href":"https:\/\/www.humbertoinjurylaw.com\/es\/wp-json\/wp\/v2\/media?parent=3554"}],"curies":[{"name":"wp","href":"https:\/\/api.w.org\/{rel}","templated":true}]}}